{"id":12204,"date":"2024-06-17T07:34:42","date_gmt":"2024-06-17T07:34:42","guid":{"rendered":"https:\/\/www.elementvape.de\/?post_type=product&#038;p=12204"},"modified":"2024-09-12T10:36:07","modified_gmt":"2024-09-12T10:36:07","slug":"voopoo-vmate-e-pod-kit","status":"publish","type":"product","link":"https:\/\/www.elementvape.de\/fr\/produkt\/voopoo-vmate-e-pod-kit\/","title":{"rendered":"Kit VOOPOO VMATE E POD"},"content":{"rendered":"<h2>Description du produit : Kit VOOPOO VMATE E POD<\/h2>\n<h4>Aper\u00e7u<\/h4>\n<p>Sp\u00e9cialiste de la vente en gros pour l'approvisionnement en vapeur dans le monde entier, sp\u00e9cialis\u00e9 dans l'offre \u00e0 ses clients du meilleur accessoire de vapeur VOOPOO, y compris les cigarettes \u00e9lectroniques et accessoires. Devenez membre et achetez des produits VOOPOO VMATE E POD aux meilleurs prix de gros.<\/p>\n<p>Le kit VOOPOO VMATE E POD est une petite cigarette \u00e9lectronique \u00e0 pod exquise, combinant un cuir color\u00e9 pur et \u00e9l\u00e9gant avec un bo\u00eetier en m\u00e9tal noble et luxueux. Cet appareil POD avanc\u00e9 garantit une exp\u00e9rience de vapeur fra\u00eeche et hygi\u00e9nique gr\u00e2ce \u00e0 la technologie unique 5A Freshness-Seal et \u00e0 la technologie am\u00e9lior\u00e9e de go\u00fbt de vaporisation. Avec une batterie puissante de 1200mAh, il promet des temps de vapeur prolong\u00e9s et r\u00e9pond aux besoins des utilisateurs qui valorisent \u00e0 la fois l'esth\u00e9tique et la performance.<\/p>\n<h4>Fonctions<\/h4>\n<ul>\n<li><strong>Technologie 5A Freshness-Seal<\/strong>: Assure un go\u00fbt constamment frais et une exp\u00e9rience de vapeur hygi\u00e9nique.<\/li>\n<li><strong>R\u00e9glage de la pression de bouff\u00e9e<\/strong>: Ajuste la pression de la bouff\u00e9e pour une exp\u00e9rience de vapeur optimis\u00e9e.<\/li>\n<li><strong>Batterie int\u00e9gr\u00e9e de 1200mAh<\/strong>: Grande capacit\u00e9 pour des temps de vapeur prolong\u00e9s.<\/li>\n<li><strong>Ajustement du flux d'air<\/strong>: Flux d'air r\u00e9glable individuellement pour une utilisation personnalis\u00e9e.<\/li>\n<li><strong>Entr\u00e9es d'air avec deux trous<\/strong>: Am\u00e9liore le flux d'air et le go\u00fbt.<\/li>\n<li><strong>Multicouche, anti-fuite<\/strong>: Emp\u00eache les fuites et garantit une exp\u00e9rience de vapeur propre.<\/li>\n<\/ul>\n<h4>Sp\u00e9cifications<\/h4>\n<ul>\n<li><strong>Nom du produit<\/strong>: VMATE E<\/li>\n<li><strong>Taille<\/strong>: 99,5 x 30,5 x 17 mm<\/li>\n<li><strong>Plage de puissance<\/strong>: 5 \u2013 20 W<\/li>\n<li><strong>Capacit\u00e9<\/strong>:\n<ul>\n<li>Standard : 3 ml<\/li>\n<li>FR : 3 ml<\/li>\n<li>DPT : 2 ml<\/li>\n<\/ul>\n<\/li>\n<li><strong>Plage de r\u00e9sistance<\/strong>: 0,3 \u2013 3,0 \u03a9<\/li>\n<li><strong>Tension de sortie<\/strong>: 3,2 \u2013 4,2 V<\/li>\n<li><strong>Batterie<\/strong>: 1200 mAh<\/li>\n<li><strong>Pods standard<\/strong>: Cartouche VMATE V2 0,7 \u03a9 \/ Cartouche VMATE V2 1,2 \u03a9<\/li>\n<li><strong>Pods compatibles<\/strong>: Pod de remplacement V.Thru \/ Cartouche VMATE V2<\/li>\n<\/ul>\n<h4>Contenu de l'emballage<\/h4>\n<ul>\n<li>1 x appareil VMATE E<\/li>\n<li>1 x cartouche VMATE V2 0,7 \u03a9 (3 ml)<\/li>\n<li>1 x cartouche VMATE V2 1,2 \u03a9 (3 ml)<\/li>\n<li>1 x C\u00e2ble Type-C<\/li>\n<li>1 x Manuel d'utilisation<\/li>\n<\/ul>\n<p>Devenez membre et d\u00e9couvrez les fonctionnalit\u00e9s avanc\u00e9es et le design exquis du VMATE E, un appareil POD qui promet un go\u00fbt pur et une exp\u00e9rience de vapotage luxueuse. Achetez d\u00e8s aujourd'hui le kit VOOPOO VMATE E POD aux meilleurs prix en gros !<\/p>","protected":false},"excerpt":{"rendered":"<p>Produktbeschreibung: VOOPOO VMATE E POD Kit \u00dcberblick Gro\u00dfhandelsspezialist f\u00fcr Dampfversorgung weltweit, der sich darauf spezialisiert hat, seinen Kunden das beste VOOPOO-Dampfzubeh\u00f6r, einschlie\u00dflich elektronischer Zigaretten und Zubeh\u00f6r, anzubieten. Werden Sie Mitglied und kaufen Sie VOOPOO VMATE E POD Kit-Produkte zu den besten Gro\u00dfhandelspreisen. Das VOOPOO VMATE E POD Kit ist eine kleine, exquisite Pod-E-Zigarette, die reines, [&hellip;]<\/p>","protected":false},"featured_media":12205,"template":"","meta":{"inline_featured_image":false},"product_cat":[754,745,742,748,744,755,738,751,76,79],"product_tag":[],"tiered_pricing_type":"fixed","tiered_pricing_fixed_rules":[],"tiered_pricing_percentage_rules":[],"tiered_pricing_minimum":1,"_administrator_tiered_pricing_type":"fixed","_administrator_tiered_pricing_fixed_rules":[],"_editor_tiered_pricing_type":"fixed","_editor_tiered_pricing_fixed_rules":[],"_author_tiered_pricing_type":"fixed","_author_tiered_pricing_fixed_rules":[],"_contributor_tiered_pricing_type":"fixed","_contributor_tiered_pricing_fixed_rules":[],"_subscriber_tiered_pricing_type":"fixed","_subscriber_tiered_pricing_fixed_rules":[],"_customer_tiered_pricing_type":"fixed","_customer_tiered_pricing_fixed_rules":[],"_shop_manager_tiered_pricing_type":"fixed","_shop_manager_tiered_pricing_fixed_rules":[],"_wpseo_manager_tiered_pricing_type":"fixed","_wpseo_manager_tiered_pricing_fixed_rules":[],"_wpseo_editor_tiered_pricing_type":"fixed","_wpseo_editor_tiered_pricing_fixed_rules":[],"_wholesale_customer_tiered_pricing_type":"fixed","_wholesale_customer_tiered_pricing_fixed_rules":[],"_marketer_tiered_pricing_type":"fixed","_marketer_tiered_pricing_fixed_rules":[],"_sales_manager_tiered_pricing_type":"fixed","_sales_manager_tiered_pricing_fixed_rules":[],"_sales_rep_tiered_pricing_type":"fixed","_sales_rep_tiered_pricing_fixed_rules":[],"yoast_head":"<!-- This site is optimized with the Yoast SEO plugin v23.3 - https:\/\/yoast.com\/wordpress\/plugins\/seo\/ -->\n<title>VOOPOO VMATE E POD Kit | ElementVape.de<\/title>\n<meta name=\"description\" content=\"Wir bieten VOOPOO VMATE E POD Kit , Elementvape.de akzeptieren Gro\u00df-und Einzelhandel Bestellungen.\" \/>\n<meta name=\"robots\" content=\"index, follow, max-snippet:-1, max-image-preview:large, max-video-preview:-1\" \/>\n<link rel=\"canonical\" href=\"https:\/\/www.elementvape.de\/fr\/produkt\/voopoo-vmate-e-pod-kit\/\" \/>\n<meta property=\"og:locale\" content=\"fr_FR\" \/>\n<meta property=\"og:type\" content=\"article\" \/>\n<meta property=\"og:title\" content=\"VOOPOO VMATE E POD Kit | ElementVape.de\" \/>\n<meta property=\"og:description\" content=\"Wir bieten VOOPOO VMATE E POD Kit , Elementvape.de akzeptieren Gro\u00df-und Einzelhandel Bestellungen.\" \/>\n<meta property=\"og:url\" content=\"https:\/\/www.elementvape.de\/fr\/produkt\/voopoo-vmate-e-pod-kit\/\" \/>\n<meta property=\"og:site_name\" content=\"ElementVape.de\" \/>\n<meta property=\"article:modified_time\" content=\"2024-09-12T10:36:07+00:00\" \/>\n<meta property=\"og:image\" content=\"https:\/\/www.elementvape.de\/wp-content\/uploads\/2024\/06\/VOOPOO-VMATE-E-POD-Kit-2.webp\" \/>\n\t<meta property=\"og:image:width\" content=\"800\" \/>\n\t<meta property=\"og:image:height\" content=\"800\" \/>\n\t<meta property=\"og:image:type\" content=\"image\/webp\" \/>\n<meta name=\"twitter:card\" content=\"summary_large_image\" \/>\n<meta name=\"twitter:label1\" content=\"Est. reading time\" \/>\n\t<meta name=\"twitter:data1\" content=\"2 minutes\" \/>\n<script type=\"application\/ld+json\" class=\"yoast-schema-graph\">{\"@context\":\"https:\/\/schema.org\",\"@graph\":[{\"@type\":\"WebPage\",\"@id\":\"https:\/\/www.elementvape.de\/nl\/produkt\/voopoo-vmate-e-pod-kit\/\",\"url\":\"https:\/\/www.elementvape.de\/nl\/produkt\/voopoo-vmate-e-pod-kit\/\",\"name\":\"VOOPOO VMATE E POD Kit | ElementVape.de\",\"isPartOf\":{\"@id\":\"https:\/\/www.elementvape.de\/#website\"},\"primaryImageOfPage\":{\"@id\":\"https:\/\/www.elementvape.de\/nl\/produkt\/voopoo-vmate-e-pod-kit\/#primaryimage\"},\"image\":{\"@id\":\"https:\/\/www.elementvape.de\/nl\/produkt\/voopoo-vmate-e-pod-kit\/#primaryimage\"},\"thumbnailUrl\":\"https:\/\/www.elementvape.de\/wp-content\/uploads\/2024\/06\/VOOPOO-VMATE-E-POD-Kit-2.webp\",\"datePublished\":\"2024-06-17T07:34:42+00:00\",\"dateModified\":\"2024-09-12T10:36:07+00:00\",\"description\":\"Wir bieten VOOPOO VMATE E POD Kit , Elementvape.de akzeptieren Gro\u00df-und Einzelhandel Bestellungen.\",\"breadcrumb\":{\"@id\":\"https:\/\/www.elementvape.de\/nl\/produkt\/voopoo-vmate-e-pod-kit\/#breadcrumb\"},\"inLanguage\":\"fr-FR\",\"potentialAction\":[{\"@type\":\"ReadAction\",\"target\":[\"https:\/\/www.elementvape.de\/nl\/produkt\/voopoo-vmate-e-pod-kit\/\"]}]},{\"@type\":\"ImageObject\",\"inLanguage\":\"fr-FR\",\"@id\":\"https:\/\/www.elementvape.de\/nl\/produkt\/voopoo-vmate-e-pod-kit\/#primaryimage\",\"url\":\"https:\/\/www.elementvape.de\/wp-content\/uploads\/2024\/06\/VOOPOO-VMATE-E-POD-Kit-2.webp\",\"contentUrl\":\"https:\/\/www.elementvape.de\/wp-content\/uploads\/2024\/06\/VOOPOO-VMATE-E-POD-Kit-2.webp\",\"width\":800,\"height\":800,\"caption\":\"VOOPOO-VMATE-E-POD-Kit-2\"},{\"@type\":\"BreadcrumbList\",\"@id\":\"https:\/\/www.elementvape.de\/nl\/produkt\/voopoo-vmate-e-pod-kit\/#breadcrumb\",\"itemListElement\":[{\"@type\":\"ListItem\",\"position\":1,\"name\":\"Home\",\"item\":\"https:\/\/www.elementvape.de\/\"},{\"@type\":\"ListItem\",\"position\":2,\"name\":\"Shop\",\"item\":\"https:\/\/www.elementvape.de\/shop\/\"},{\"@type\":\"ListItem\",\"position\":3,\"name\":\"VOOPOO VMATE E POD Kit\"}]},{\"@type\":\"WebSite\",\"@id\":\"https:\/\/www.elementvape.de\/#website\",\"url\":\"https:\/\/www.elementvape.de\/\",\"name\":\"ElementVape.de\",\"description\":\"\",\"publisher\":{\"@id\":\"https:\/\/www.elementvape.de\/#organization\"},\"potentialAction\":[{\"@type\":\"SearchAction\",\"target\":{\"@type\":\"EntryPoint\",\"urlTemplate\":\"https:\/\/www.elementvape.de\/?s={search_term_string}\"},\"query-input\":\"required name=search_term_string\"}],\"inLanguage\":\"fr-FR\"},{\"@type\":\"Organization\",\"@id\":\"https:\/\/www.elementvape.de\/#organization\",\"name\":\"ElementVape.DE\",\"url\":\"https:\/\/www.elementvape.de\/\",\"logo\":{\"@type\":\"ImageObject\",\"inLanguage\":\"fr-FR\",\"@id\":\"https:\/\/www.elementvape.de\/#\/schema\/logo\/image\/\",\"url\":\"https:\/\/www.elementvape.de\/wp-content\/uploads\/2024\/09\/cropped-1elementvape-3.png\",\"contentUrl\":\"https:\/\/www.elementvape.de\/wp-content\/uploads\/2024\/09\/cropped-1elementvape-3.png\",\"width\":285,\"height\":228,\"caption\":\"ElementVape.DE\"},\"image\":{\"@id\":\"https:\/\/www.elementvape.de\/#\/schema\/logo\/image\/\"}}]}<\/script>\n<!-- \/ Yoast SEO plugin. -->","yoast_head_json":{"title":"VOOPOO VMATE E POD Kit | ElementVape.de","description":"Wir bieten VOOPOO VMATE E POD Kit , Elementvape.de akzeptieren Gro\u00df-und Einzelhandel Bestellungen.","robots":{"index":"index","follow":"follow","max-snippet":"max-snippet:-1","max-image-preview":"max-image-preview:large","max-video-preview":"max-video-preview:-1"},"canonical":"https:\/\/www.elementvape.de\/fr\/produkt\/voopoo-vmate-e-pod-kit\/","og_locale":"fr_FR","og_type":"article","og_title":"VOOPOO VMATE E POD Kit | ElementVape.de","og_description":"Wir bieten VOOPOO VMATE E POD Kit , Elementvape.de akzeptieren Gro\u00df-und Einzelhandel Bestellungen.","og_url":"https:\/\/www.elementvape.de\/fr\/produkt\/voopoo-vmate-e-pod-kit\/","og_site_name":"ElementVape.de","article_modified_time":"2024-09-12T10:36:07+00:00","og_image":[{"width":800,"height":800,"url":"https:\/\/www.elementvape.de\/wp-content\/uploads\/2024\/06\/VOOPOO-VMATE-E-POD-Kit-2.webp","type":"image\/webp"}],"twitter_card":"summary_large_image","twitter_misc":{"Est. reading time":"2 minutes"},"schema":{"@context":"https:\/\/schema.org","@graph":[{"@type":"WebPage","@id":"https:\/\/www.elementvape.de\/nl\/produkt\/voopoo-vmate-e-pod-kit\/","url":"https:\/\/www.elementvape.de\/nl\/produkt\/voopoo-vmate-e-pod-kit\/","name":"VOOPOO VMATE E POD Kit | ElementVape.de","isPartOf":{"@id":"https:\/\/www.elementvape.de\/#website"},"primaryImageOfPage":{"@id":"https:\/\/www.elementvape.de\/nl\/produkt\/voopoo-vmate-e-pod-kit\/#primaryimage"},"image":{"@id":"https:\/\/www.elementvape.de\/nl\/produkt\/voopoo-vmate-e-pod-kit\/#primaryimage"},"thumbnailUrl":"https:\/\/www.elementvape.de\/wp-content\/uploads\/2024\/06\/VOOPOO-VMATE-E-POD-Kit-2.webp","datePublished":"2024-06-17T07:34:42+00:00","dateModified":"2024-09-12T10:36:07+00:00","description":"Wir bieten VOOPOO VMATE E POD Kit , Elementvape.de akzeptieren Gro\u00df-und Einzelhandel Bestellungen.","breadcrumb":{"@id":"https:\/\/www.elementvape.de\/nl\/produkt\/voopoo-vmate-e-pod-kit\/#breadcrumb"},"inLanguage":"fr-FR","potentialAction":[{"@type":"ReadAction","target":["https:\/\/www.elementvape.de\/nl\/produkt\/voopoo-vmate-e-pod-kit\/"]}]},{"@type":"ImageObject","inLanguage":"fr-FR","@id":"https:\/\/www.elementvape.de\/nl\/produkt\/voopoo-vmate-e-pod-kit\/#primaryimage","url":"https:\/\/www.elementvape.de\/wp-content\/uploads\/2024\/06\/VOOPOO-VMATE-E-POD-Kit-2.webp","contentUrl":"https:\/\/www.elementvape.de\/wp-content\/uploads\/2024\/06\/VOOPOO-VMATE-E-POD-Kit-2.webp","width":800,"height":800,"caption":"VOOPOO-VMATE-E-POD-Kit-2"},{"@type":"BreadcrumbList","@id":"https:\/\/www.elementvape.de\/nl\/produkt\/voopoo-vmate-e-pod-kit\/#breadcrumb","itemListElement":[{"@type":"ListItem","position":1,"name":"Home","item":"https:\/\/www.elementvape.de\/"},{"@type":"ListItem","position":2,"name":"Shop","item":"https:\/\/www.elementvape.de\/shop\/"},{"@type":"ListItem","position":3,"name":"VOOPOO VMATE E POD Kit"}]},{"@type":"WebSite","@id":"https:\/\/www.elementvape.de\/#website","url":"https:\/\/www.elementvape.de\/","name":"ElementVape.de","description":"","publisher":{"@id":"https:\/\/www.elementvape.de\/#organization"},"potentialAction":[{"@type":"SearchAction","target":{"@type":"EntryPoint","urlTemplate":"https:\/\/www.elementvape.de\/?s={search_term_string}"},"query-input":"required name=search_term_string"}],"inLanguage":"fr-FR"},{"@type":"Organization","@id":"https:\/\/www.elementvape.de\/#organization","name":"ElementVape.DE","url":"https:\/\/www.elementvape.de\/","logo":{"@type":"ImageObject","inLanguage":"fr-FR","@id":"https:\/\/www.elementvape.de\/#\/schema\/logo\/image\/","url":"https:\/\/www.elementvape.de\/wp-content\/uploads\/2024\/09\/cropped-1elementvape-3.png","contentUrl":"https:\/\/www.elementvape.de\/wp-content\/uploads\/2024\/09\/cropped-1elementvape-3.png","width":285,"height":228,"caption":"ElementVape.DE"},"image":{"@id":"https:\/\/www.elementvape.de\/#\/schema\/logo\/image\/"}}]}},"_links":{"self":[{"href":"https:\/\/www.elementvape.de\/fr\/wp-json\/wp\/v2\/product\/12204"}],"collection":[{"href":"https:\/\/www.elementvape.de\/fr\/wp-json\/wp\/v2\/product"}],"about":[{"href":"https:\/\/www.elementvape.de\/fr\/wp-json\/wp\/v2\/types\/product"}],"wp:featuredmedia":[{"embeddable":true,"href":"https:\/\/www.elementvape.de\/fr\/wp-json\/wp\/v2\/media\/12205"}],"wp:attachment":[{"href":"https:\/\/www.elementvape.de\/fr\/wp-json\/wp\/v2\/media?parent=12204"}],"wp:term":[{"taxonomy":"product_cat","embeddable":true,"href":"https:\/\/www.elementvape.de\/fr\/wp-json\/wp\/v2\/product_cat?post=12204"},{"taxonomy":"product_tag","embeddable":true,"href":"https:\/\/www.elementvape.de\/fr\/wp-json\/wp\/v2\/product_tag?post=12204"}],"curies":[{"name":"wp","href":"https:\/\/api.w.org\/{rel}","templated":true}]}}