{"id":11924,"date":"2024-06-07T09:54:38","date_gmt":"2024-06-07T09:54:38","guid":{"rendered":"https:\/\/www.elementvape.de\/?post_type=product&#038;p=11924"},"modified":"2024-09-12T10:36:16","modified_gmt":"2024-09-12T10:36:16","slug":"randm-tornado-8000-kaufen-einweg-e-zigaretten-8000-zuege","status":"publish","type":"product","link":"https:\/\/www.elementvape.de\/fr\/produkt\/randm-tornado-8000-kaufen-einweg-e-zigaretten-8000-zuege\/","title":{"rendered":"Achetez le RandM Tornado 8000, cigarette \u00e9lectronique jetable, 8000 bouff\u00e9es"},"content":{"rendered":"<h2>Caract\u00e9ristiques du Tornado R&amp;M 8000 :<\/h2>\n<ul>\n<li><strong>Teneur en nicotine<\/strong>: Disponible en 0%, 2%, 3% et 5% de sel de nicotine.<\/li>\n<li><strong>Capacit\u00e9 de e-liquide<\/strong>: 16 ml.<\/li>\n<li><strong>Contr\u00f4le du flux d'air<\/strong>: Permet d'ajuster le flux d'air selon les pr\u00e9f\u00e9rences personnelles.<\/li>\n<li><strong>Batterie \u00e0 coils en mesh<\/strong>: Assure une production de vapeur r\u00e9guli\u00e8re et intense.<\/li>\n<li><strong>Batterie rechargeable<\/strong>: Batterie int\u00e9gr\u00e9e de 850 mAh avec connecteur Type-C en bas de l'appareil.<\/li>\n<li><strong>Bouff\u00e9es<\/strong>: Offre jusqu'\u00e0 8000 bouff\u00e9es par appareil.<\/li>\n<li><strong>Emballage<\/strong>: 10 pi\u00e8ces en vitrine, 240 pi\u00e8ces dans un carton.<\/li>\n<\/ul>\n<h2>Saveurs disponibles :<\/h2>\n<ol>\n<li>Glace luxuriante<\/li>\n<li>Raisin Bleu Glac\u00e9<\/li>\n<li>Fraise Past\u00e8que<\/li>\n<li>Limonade \u00e0 la fraise<\/li>\n<li>Pomme acide<\/li>\n<li>Poires de coton<\/li>\n<li>Bonbons Skittles<\/li>\n<li>G\u00e9latine g\u00e9lifi\u00e9e<\/li>\n<li>Orange de raisin<\/li>\n<li>Glace \u00e0 la melon miel<\/li>\n<li>Glace \u00e0 la melon<\/li>\n<li>Melon \u00e0 la pomme rouge<\/li>\n<li>Glace \u00e0 la grenade<\/li>\n<li>Glace \u00e0 la banane<\/li>\n<li>Glace aux myrtilles<\/li>\n<li>Menthe fra\u00eeche<\/li>\n<li>Fraise-Kiwi<\/li>\n<li>P\u00eache-Mangue<\/li>\n<li>Pina Colada<\/li>\n<li>Cerise Litchi<\/li>\n<li>Gomme \u00e0 m\u00e2cher aux myrtilles<\/li>\n<li>Past\u00e8que<\/li>\n<li>Myrrhille acidul\u00e9e \u00e0 la myrtille<\/li>\n<li>Glace au raisin<\/li>\n<li>Myrtille \u00e0 la grenade<\/li>\n<li>M. Bleu<\/li>\n<li>Myrrhille \u00e0 la framboise<\/li>\n<li>Glace \u00e0 la fraise<\/li>\n<li>Glace cerise-cola<\/li>\n<li>Red Bull<\/li>\n<li>Limonade rose<\/li>\n<\/ol>\n<h3>D\u00e9tails du produit :<\/h3>\n<ul>\n<li><strong>Contenu de l'emballage<\/strong>: 1 x RandM Tornado 8000 Vape jetable, offre 8000 bouff\u00e9es.<\/li>\n<\/ul>\n<p>Cet appareil offre une vari\u00e9t\u00e9 de saveurs et de fonctionnalit\u00e9s pour r\u00e9pondre aux besoins de diff\u00e9rents vapoteurs. La fonction rechargeable et la large gamme de concentrations de nicotine et de saveurs font du RandM Tornado 8000 une option flexible et conviviale pour les vapoteurs.<\/p>","protected":false},"excerpt":{"rendered":"<p>Merkmale des RandM Tornado 8000: Nikotingehalt: Verf\u00fcgbar in 0%, 2%, 3% und 5% Nikotinsalz. E-Liquid Kapazit\u00e4t: 16 ml. Luftstromkontrolle: Erm\u00f6glicht die Anpassung des Luftstroms nach den pers\u00f6nlichen Vorlieben. Mesh-Spulenbatterie: Sorgt f\u00fcr gleichm\u00e4\u00dfige und intensive Dampfproduktion. Wiederaufladbarer Akku: Eingebauter 850-mAh-Akku mit Typ-C-Anschluss an der Unterseite des Ger\u00e4ts. Z\u00fcge: Bietet bis zu 8000 Z\u00fcge pro Ger\u00e4t. Verpackung: [&hellip;]<\/p>","protected":false},"featured_media":11925,"template":"","meta":{"inline_featured_image":false},"product_cat":[78,754,745,742,748,744,755,738,751],"product_tag":[683],"tiered_pricing_type":"fixed","tiered_pricing_fixed_rules":[],"tiered_pricing_percentage_rules":[],"tiered_pricing_minimum":1,"_administrator_tiered_pricing_type":"fixed","_administrator_tiered_pricing_fixed_rules":[],"_editor_tiered_pricing_type":"fixed","_editor_tiered_pricing_fixed_rules":[],"_author_tiered_pricing_type":"fixed","_author_tiered_pricing_fixed_rules":[],"_contributor_tiered_pricing_type":"fixed","_contributor_tiered_pricing_fixed_rules":[],"_subscriber_tiered_pricing_type":"fixed","_subscriber_tiered_pricing_fixed_rules":[],"_customer_tiered_pricing_type":"fixed","_customer_tiered_pricing_fixed_rules":[],"_shop_manager_tiered_pricing_type":"fixed","_shop_manager_tiered_pricing_fixed_rules":[],"_wpseo_manager_tiered_pricing_type":"fixed","_wpseo_manager_tiered_pricing_fixed_rules":[],"_wpseo_editor_tiered_pricing_type":"fixed","_wpseo_editor_tiered_pricing_fixed_rules":[],"_wholesale_customer_tiered_pricing_type":"fixed","_wholesale_customer_tiered_pricing_fixed_rules":[],"_marketer_tiered_pricing_type":"fixed","_marketer_tiered_pricing_fixed_rules":[],"_sales_manager_tiered_pricing_type":"fixed","_sales_manager_tiered_pricing_fixed_rules":[],"_sales_rep_tiered_pricing_type":"fixed","_sales_rep_tiered_pricing_fixed_rules":[],"yoast_head":"<!-- This site is optimized with the Yoast SEO plugin v23.3 - https:\/\/yoast.com\/wordpress\/plugins\/seo\/ -->\n<title>RandM Tornado 8000 Kaufen Einweg-E-Zigaretten 8000 Z\u00fcge | ElementVape.de<\/title>\n<meta name=\"description\" content=\"Wir bieten RandM Tornado 8000 Kaufen Einweg-E-Zigaretten 8000 Z\u00fcge , Elementvape.de akzeptieren Gro\u00df-und Einzelhandel Bestellungen.\" \/>\n<meta name=\"robots\" content=\"index, follow, max-snippet:-1, max-image-preview:large, max-video-preview:-1\" \/>\n<link rel=\"canonical\" href=\"https:\/\/www.elementvape.de\/fr\/produkt\/randm-tornado-8000-kaufen-einweg-e-zigaretten-8000-zuege\/\" \/>\n<meta property=\"og:locale\" content=\"fr_FR\" \/>\n<meta property=\"og:type\" content=\"article\" \/>\n<meta property=\"og:title\" content=\"RandM Tornado 8000 Kaufen Einweg-E-Zigaretten 8000 Z\u00fcge | ElementVape.de\" \/>\n<meta property=\"og:description\" content=\"Wir bieten RandM Tornado 8000 Kaufen Einweg-E-Zigaretten 8000 Z\u00fcge , Elementvape.de akzeptieren Gro\u00df-und Einzelhandel Bestellungen.\" \/>\n<meta property=\"og:url\" content=\"https:\/\/www.elementvape.de\/fr\/produkt\/randm-tornado-8000-kaufen-einweg-e-zigaretten-8000-zuege\/\" \/>\n<meta property=\"og:site_name\" content=\"ElementVape.de\" \/>\n<meta property=\"article:modified_time\" content=\"2024-09-12T10:36:16+00:00\" \/>\n<meta property=\"og:image\" content=\"https:\/\/www.elementvape.de\/wp-content\/uploads\/2024\/06\/RANDMTORNADO8000AIRFLOWCONTROLDISPOSABLEVAPE_2.webp\" \/>\n\t<meta property=\"og:image:width\" content=\"800\" \/>\n\t<meta property=\"og:image:height\" content=\"800\" \/>\n\t<meta property=\"og:image:type\" content=\"image\/webp\" \/>\n<meta name=\"twitter:card\" content=\"summary_large_image\" \/>\n<meta name=\"twitter:label1\" content=\"Est. reading time\" \/>\n\t<meta name=\"twitter:data1\" content=\"2 minutes\" \/>\n<script type=\"application\/ld+json\" class=\"yoast-schema-graph\">{\"@context\":\"https:\/\/schema.org\",\"@graph\":[{\"@type\":\"WebPage\",\"@id\":\"https:\/\/www.elementvape.de\/da\/produkt\/randm-tornado-8000-kaufen-einweg-e-zigaretten-8000-zuege\/\",\"url\":\"https:\/\/www.elementvape.de\/da\/produkt\/randm-tornado-8000-kaufen-einweg-e-zigaretten-8000-zuege\/\",\"name\":\"RandM Tornado 8000 Kaufen Einweg-E-Zigaretten 8000 Z\u00fcge | ElementVape.de\",\"isPartOf\":{\"@id\":\"https:\/\/www.elementvape.de\/#website\"},\"primaryImageOfPage\":{\"@id\":\"https:\/\/www.elementvape.de\/da\/produkt\/randm-tornado-8000-kaufen-einweg-e-zigaretten-8000-zuege\/#primaryimage\"},\"image\":{\"@id\":\"https:\/\/www.elementvape.de\/da\/produkt\/randm-tornado-8000-kaufen-einweg-e-zigaretten-8000-zuege\/#primaryimage\"},\"thumbnailUrl\":\"https:\/\/www.elementvape.de\/wp-content\/uploads\/2024\/06\/RANDMTORNADO8000AIRFLOWCONTROLDISPOSABLEVAPE_2.webp\",\"datePublished\":\"2024-06-07T09:54:38+00:00\",\"dateModified\":\"2024-09-12T10:36:16+00:00\",\"description\":\"Wir bieten RandM Tornado 8000 Kaufen Einweg-E-Zigaretten 8000 Z\u00fcge , Elementvape.de akzeptieren Gro\u00df-und Einzelhandel Bestellungen.\",\"breadcrumb\":{\"@id\":\"https:\/\/www.elementvape.de\/da\/produkt\/randm-tornado-8000-kaufen-einweg-e-zigaretten-8000-zuege\/#breadcrumb\"},\"inLanguage\":\"fr-FR\",\"potentialAction\":[{\"@type\":\"ReadAction\",\"target\":[\"https:\/\/www.elementvape.de\/da\/produkt\/randm-tornado-8000-kaufen-einweg-e-zigaretten-8000-zuege\/\"]}]},{\"@type\":\"ImageObject\",\"inLanguage\":\"fr-FR\",\"@id\":\"https:\/\/www.elementvape.de\/da\/produkt\/randm-tornado-8000-kaufen-einweg-e-zigaretten-8000-zuege\/#primaryimage\",\"url\":\"https:\/\/www.elementvape.de\/wp-content\/uploads\/2024\/06\/RANDMTORNADO8000AIRFLOWCONTROLDISPOSABLEVAPE_2.webp\",\"contentUrl\":\"https:\/\/www.elementvape.de\/wp-content\/uploads\/2024\/06\/RANDMTORNADO8000AIRFLOWCONTROLDISPOSABLEVAPE_2.webp\",\"width\":800,\"height\":800,\"caption\":\"RANDMTORNADO8000AIRFLOWCONTROLDISPOSABLEVAPE_2\"},{\"@type\":\"BreadcrumbList\",\"@id\":\"https:\/\/www.elementvape.de\/da\/produkt\/randm-tornado-8000-kaufen-einweg-e-zigaretten-8000-zuege\/#breadcrumb\",\"itemListElement\":[{\"@type\":\"ListItem\",\"position\":1,\"name\":\"Home\",\"item\":\"https:\/\/www.elementvape.de\/\"},{\"@type\":\"ListItem\",\"position\":2,\"name\":\"Shop\",\"item\":\"https:\/\/www.elementvape.de\/shop\/\"},{\"@type\":\"ListItem\",\"position\":3,\"name\":\"RandM Tornado 8000 Kaufen Einweg-E-Zigaretten 8000 Z\u00fcge\"}]},{\"@type\":\"WebSite\",\"@id\":\"https:\/\/www.elementvape.de\/#website\",\"url\":\"https:\/\/www.elementvape.de\/\",\"name\":\"ElementVape.de\",\"description\":\"\",\"publisher\":{\"@id\":\"https:\/\/www.elementvape.de\/#organization\"},\"potentialAction\":[{\"@type\":\"SearchAction\",\"target\":{\"@type\":\"EntryPoint\",\"urlTemplate\":\"https:\/\/www.elementvape.de\/?s={search_term_string}\"},\"query-input\":\"required name=search_term_string\"}],\"inLanguage\":\"fr-FR\"},{\"@type\":\"Organization\",\"@id\":\"https:\/\/www.elementvape.de\/#organization\",\"name\":\"ElementVape.DE\",\"url\":\"https:\/\/www.elementvape.de\/\",\"logo\":{\"@type\":\"ImageObject\",\"inLanguage\":\"fr-FR\",\"@id\":\"https:\/\/www.elementvape.de\/#\/schema\/logo\/image\/\",\"url\":\"https:\/\/www.elementvape.de\/wp-content\/uploads\/2024\/09\/cropped-1elementvape-3.png\",\"contentUrl\":\"https:\/\/www.elementvape.de\/wp-content\/uploads\/2024\/09\/cropped-1elementvape-3.png\",\"width\":285,\"height\":228,\"caption\":\"ElementVape.DE\"},\"image\":{\"@id\":\"https:\/\/www.elementvape.de\/#\/schema\/logo\/image\/\"}}]}<\/script>\n<!-- \/ Yoast SEO plugin. -->","yoast_head_json":{"title":"RandM Tornado 8000 Kaufen Einweg-E-Zigaretten 8000 Z\u00fcge | ElementVape.de","description":"Wir bieten RandM Tornado 8000 Kaufen Einweg-E-Zigaretten 8000 Z\u00fcge , Elementvape.de akzeptieren Gro\u00df-und Einzelhandel Bestellungen.","robots":{"index":"index","follow":"follow","max-snippet":"max-snippet:-1","max-image-preview":"max-image-preview:large","max-video-preview":"max-video-preview:-1"},"canonical":"https:\/\/www.elementvape.de\/fr\/produkt\/randm-tornado-8000-kaufen-einweg-e-zigaretten-8000-zuege\/","og_locale":"fr_FR","og_type":"article","og_title":"RandM Tornado 8000 Kaufen Einweg-E-Zigaretten 8000 Z\u00fcge | ElementVape.de","og_description":"Wir bieten RandM Tornado 8000 Kaufen Einweg-E-Zigaretten 8000 Z\u00fcge , Elementvape.de akzeptieren Gro\u00df-und Einzelhandel Bestellungen.","og_url":"https:\/\/www.elementvape.de\/fr\/produkt\/randm-tornado-8000-kaufen-einweg-e-zigaretten-8000-zuege\/","og_site_name":"ElementVape.de","article_modified_time":"2024-09-12T10:36:16+00:00","og_image":[{"width":800,"height":800,"url":"https:\/\/www.elementvape.de\/wp-content\/uploads\/2024\/06\/RANDMTORNADO8000AIRFLOWCONTROLDISPOSABLEVAPE_2.webp","type":"image\/webp"}],"twitter_card":"summary_large_image","twitter_misc":{"Est. reading time":"2 minutes"},"schema":{"@context":"https:\/\/schema.org","@graph":[{"@type":"WebPage","@id":"https:\/\/www.elementvape.de\/da\/produkt\/randm-tornado-8000-kaufen-einweg-e-zigaretten-8000-zuege\/","url":"https:\/\/www.elementvape.de\/da\/produkt\/randm-tornado-8000-kaufen-einweg-e-zigaretten-8000-zuege\/","name":"RandM Tornado 8000 Kaufen Einweg-E-Zigaretten 8000 Z\u00fcge | ElementVape.de","isPartOf":{"@id":"https:\/\/www.elementvape.de\/#website"},"primaryImageOfPage":{"@id":"https:\/\/www.elementvape.de\/da\/produkt\/randm-tornado-8000-kaufen-einweg-e-zigaretten-8000-zuege\/#primaryimage"},"image":{"@id":"https:\/\/www.elementvape.de\/da\/produkt\/randm-tornado-8000-kaufen-einweg-e-zigaretten-8000-zuege\/#primaryimage"},"thumbnailUrl":"https:\/\/www.elementvape.de\/wp-content\/uploads\/2024\/06\/RANDMTORNADO8000AIRFLOWCONTROLDISPOSABLEVAPE_2.webp","datePublished":"2024-06-07T09:54:38+00:00","dateModified":"2024-09-12T10:36:16+00:00","description":"Wir bieten RandM Tornado 8000 Kaufen Einweg-E-Zigaretten 8000 Z\u00fcge , Elementvape.de akzeptieren Gro\u00df-und Einzelhandel Bestellungen.","breadcrumb":{"@id":"https:\/\/www.elementvape.de\/da\/produkt\/randm-tornado-8000-kaufen-einweg-e-zigaretten-8000-zuege\/#breadcrumb"},"inLanguage":"fr-FR","potentialAction":[{"@type":"ReadAction","target":["https:\/\/www.elementvape.de\/da\/produkt\/randm-tornado-8000-kaufen-einweg-e-zigaretten-8000-zuege\/"]}]},{"@type":"ImageObject","inLanguage":"fr-FR","@id":"https:\/\/www.elementvape.de\/da\/produkt\/randm-tornado-8000-kaufen-einweg-e-zigaretten-8000-zuege\/#primaryimage","url":"https:\/\/www.elementvape.de\/wp-content\/uploads\/2024\/06\/RANDMTORNADO8000AIRFLOWCONTROLDISPOSABLEVAPE_2.webp","contentUrl":"https:\/\/www.elementvape.de\/wp-content\/uploads\/2024\/06\/RANDMTORNADO8000AIRFLOWCONTROLDISPOSABLEVAPE_2.webp","width":800,"height":800,"caption":"RANDMTORNADO8000AIRFLOWCONTROLDISPOSABLEVAPE_2"},{"@type":"BreadcrumbList","@id":"https:\/\/www.elementvape.de\/da\/produkt\/randm-tornado-8000-kaufen-einweg-e-zigaretten-8000-zuege\/#breadcrumb","itemListElement":[{"@type":"ListItem","position":1,"name":"Home","item":"https:\/\/www.elementvape.de\/"},{"@type":"ListItem","position":2,"name":"Shop","item":"https:\/\/www.elementvape.de\/shop\/"},{"@type":"ListItem","position":3,"name":"RandM Tornado 8000 Kaufen Einweg-E-Zigaretten 8000 Z\u00fcge"}]},{"@type":"WebSite","@id":"https:\/\/www.elementvape.de\/#website","url":"https:\/\/www.elementvape.de\/","name":"ElementVape.de","description":"","publisher":{"@id":"https:\/\/www.elementvape.de\/#organization"},"potentialAction":[{"@type":"SearchAction","target":{"@type":"EntryPoint","urlTemplate":"https:\/\/www.elementvape.de\/?s={search_term_string}"},"query-input":"required name=search_term_string"}],"inLanguage":"fr-FR"},{"@type":"Organization","@id":"https:\/\/www.elementvape.de\/#organization","name":"ElementVape.DE","url":"https:\/\/www.elementvape.de\/","logo":{"@type":"ImageObject","inLanguage":"fr-FR","@id":"https:\/\/www.elementvape.de\/#\/schema\/logo\/image\/","url":"https:\/\/www.elementvape.de\/wp-content\/uploads\/2024\/09\/cropped-1elementvape-3.png","contentUrl":"https:\/\/www.elementvape.de\/wp-content\/uploads\/2024\/09\/cropped-1elementvape-3.png","width":285,"height":228,"caption":"ElementVape.DE"},"image":{"@id":"https:\/\/www.elementvape.de\/#\/schema\/logo\/image\/"}}]}},"_links":{"self":[{"href":"https:\/\/www.elementvape.de\/fr\/wp-json\/wp\/v2\/product\/11924"}],"collection":[{"href":"https:\/\/www.elementvape.de\/fr\/wp-json\/wp\/v2\/product"}],"about":[{"href":"https:\/\/www.elementvape.de\/fr\/wp-json\/wp\/v2\/types\/product"}],"wp:featuredmedia":[{"embeddable":true,"href":"https:\/\/www.elementvape.de\/fr\/wp-json\/wp\/v2\/media\/11925"}],"wp:attachment":[{"href":"https:\/\/www.elementvape.de\/fr\/wp-json\/wp\/v2\/media?parent=11924"}],"wp:term":[{"taxonomy":"product_cat","embeddable":true,"href":"https:\/\/www.elementvape.de\/fr\/wp-json\/wp\/v2\/product_cat?post=11924"},{"taxonomy":"product_tag","embeddable":true,"href":"https:\/\/www.elementvape.de\/fr\/wp-json\/wp\/v2\/product_tag?post=11924"}],"curies":[{"name":"wp","href":"https:\/\/api.w.org\/{rel}","templated":true}]}}