{"id":11816,"date":"2024-06-07T08:35:24","date_gmt":"2024-06-07T08:35:24","guid":{"rendered":"https:\/\/www.elementvape.de\/?post_type=product&#038;p=11816"},"modified":"2024-09-12T10:36:21","modified_gmt":"2024-09-12T10:36:21","slug":"randm-max-einweg-e-zigarette-1700-zuege-kaufen","status":"publish","type":"product","link":"https:\/\/www.elementvape.de\/fr\/produkt\/randm-max-einweg-e-zigarette-1700-zuege-kaufen\/","title":{"rendered":"RandM Max+ cigarette \u00e9lectronique jetable 1700 bouff\u00e9es \u00e0 acheter"},"content":{"rendered":"<h2><strong>RandM Max+ <\/strong>Description du produit<\/h2>\n<p><strong>RandM Max+<\/strong> est un dispositif de vapotage jetable avec un design populaire de Rick and Morty. Il contient 6 ml de e-liquide avec 0\/2\/3\/5 % de nicotine et permet jusqu'\u00e0 1700 bouff\u00e9es.<\/p>\n<h4>Caract\u00e9ristiques du vapoteur jetable RandM Max+:<\/h4>\n<ul>\n<li><strong>Options de nicotine<\/strong>: 0 %, 2 %, 3 % et 5 % de sel de nicotine.<\/li>\n<li><strong>Capacit\u00e9<\/strong>: 6 ml de e-liquide.<\/li>\n<li><strong>Bouff\u00e9es<\/strong>: Jusqu'\u00e0 1700 bouff\u00e9es par appareil.<\/li>\n<li><strong>R\u00e9glage du flux d'air<\/strong>: Flux d'air r\u00e9glable.<\/li>\n<li><strong>Activation<\/strong>: M\u00e9canisme d'activation par tirage.<\/li>\n<li><strong>Saveurs<\/strong>: 16 saveurs disponibles.<\/li>\n<li><strong>Type d'appareil<\/strong>: Dispositif jetable (non rechargeable et non refillable).<\/li>\n<li><strong>Emballage<\/strong>: 10 pi\u00e8ces dans une bo\u00eete d'exposition, 300 pi\u00e8ces dans un carton.<\/li>\n<\/ul>\n<h4>Saveurs disponibles :<\/h4>\n<ol>\n<li>Glace \u00e0 la banane<\/li>\n<li>Glace luxuriante<\/li>\n<li>Menthe fra\u00eeche<\/li>\n<li>Raisin Glac\u00e9<\/li>\n<li>Cola Glace<\/li>\n<li>Baies m\u00e9lang\u00e9es<\/li>\n<li>Fraise Past\u00e8que<\/li>\n<li>Mamba<\/li>\n<li>Limonade rose<\/li>\n<li>Givr\u00e9 \u00e0 la Myrtille<\/li>\n<li>P\u00eache Glac\u00e9e<\/li>\n<li>Goyave Glac\u00e9e<\/li>\n<li>Kiwi Baie<\/li>\n<li>Fraise Banane<\/li>\n<li>Melon Glace<\/li>\n<li>Pina Colada<\/li>\n<\/ol>\n<h4>D\u00e9tails du produit :<\/h4>\n<ul>\n<li><strong>Unit\u00e9<\/strong>: 1 x vapoteur jetable RandM Max+ avec 1700 bouff\u00e9es<\/li>\n<\/ul>\n<p><strong>elementvape<\/strong> est l'un des plus grands grossistes de cigarettes \u00e9lectroniques au monde. Achetez en gros le vapoteur RandM Max+ en ligne chez elementvape.<\/p>","protected":false},"excerpt":{"rendered":"<p>RandM Max+ Produktbeschreibung RandM Max+ ist ein Einweg-Vape-Ger\u00e4t mit einem beliebten Rick and Morty-Design. Es enth\u00e4lt 6 ml E-Liquid mit 0\/2\/3\/5 % Nikotin und erm\u00f6glicht bis zu 1700 Z\u00fcge. Merkmale des RandM Max+ Disposable Vape: Nikotinoptionen: 0 %, 2 %, 3 % und 5 % Nikotinsalz. Fassungsverm\u00f6gen: 6 ml E-Liquid. Z\u00fcge: Bis zu 1700 Z\u00fcge [&hellip;]<\/p>","protected":false},"featured_media":11817,"template":"","meta":{"inline_featured_image":false},"product_cat":[78,754,745,742,748,744,755,738,751],"product_tag":[675],"tiered_pricing_type":"fixed","tiered_pricing_fixed_rules":[],"tiered_pricing_percentage_rules":[],"tiered_pricing_minimum":1,"_administrator_tiered_pricing_type":"fixed","_administrator_tiered_pricing_fixed_rules":[],"_editor_tiered_pricing_type":"fixed","_editor_tiered_pricing_fixed_rules":[],"_author_tiered_pricing_type":"fixed","_author_tiered_pricing_fixed_rules":[],"_contributor_tiered_pricing_type":"fixed","_contributor_tiered_pricing_fixed_rules":[],"_subscriber_tiered_pricing_type":"fixed","_subscriber_tiered_pricing_fixed_rules":[],"_customer_tiered_pricing_type":"fixed","_customer_tiered_pricing_fixed_rules":[],"_shop_manager_tiered_pricing_type":"fixed","_shop_manager_tiered_pricing_fixed_rules":[],"_wpseo_manager_tiered_pricing_type":"fixed","_wpseo_manager_tiered_pricing_fixed_rules":[],"_wpseo_editor_tiered_pricing_type":"fixed","_wpseo_editor_tiered_pricing_fixed_rules":[],"_wholesale_customer_tiered_pricing_type":"fixed","_wholesale_customer_tiered_pricing_fixed_rules":[],"_marketer_tiered_pricing_type":"fixed","_marketer_tiered_pricing_fixed_rules":[],"_sales_manager_tiered_pricing_type":"fixed","_sales_manager_tiered_pricing_fixed_rules":[],"_sales_rep_tiered_pricing_type":"fixed","_sales_rep_tiered_pricing_fixed_rules":[],"yoast_head":"<!-- This site is optimized with the Yoast SEO plugin v23.3 - https:\/\/yoast.com\/wordpress\/plugins\/seo\/ -->\n<title>RandM Max+ Einweg- E-ZIGARETTE 1700 Z\u00fcge Kaufen | ElementVape.de<\/title>\n<meta name=\"description\" content=\"Wir bieten RandM Max+ Einweg- E-ZIGARETTE 1700 Z\u00fcge Kaufen , Elementvape.de akzeptieren Gro\u00df-und Einzelhandel Bestellungen.\" \/>\n<meta name=\"robots\" content=\"index, follow, max-snippet:-1, max-image-preview:large, max-video-preview:-1\" \/>\n<link rel=\"canonical\" href=\"https:\/\/www.elementvape.de\/fr\/produkt\/randm-max-einweg-e-zigarette-1700-zuege-kaufen\/\" \/>\n<meta property=\"og:locale\" content=\"fr_FR\" \/>\n<meta property=\"og:type\" content=\"article\" \/>\n<meta property=\"og:title\" content=\"RandM Max+ Einweg- E-ZIGARETTE 1700 Z\u00fcge Kaufen | ElementVape.de\" \/>\n<meta property=\"og:description\" content=\"Wir bieten RandM Max+ Einweg- E-ZIGARETTE 1700 Z\u00fcge Kaufen , Elementvape.de akzeptieren Gro\u00df-und Einzelhandel Bestellungen.\" \/>\n<meta property=\"og:url\" content=\"https:\/\/www.elementvape.de\/fr\/produkt\/randm-max-einweg-e-zigarette-1700-zuege-kaufen\/\" \/>\n<meta property=\"og:site_name\" content=\"ElementVape.de\" \/>\n<meta property=\"article:modified_time\" content=\"2024-09-12T10:36:21+00:00\" \/>\n<meta property=\"og:image\" content=\"https:\/\/www.elementvape.de\/wp-content\/uploads\/2024\/06\/RandMMax_DisposableVape_1.webp\" \/>\n\t<meta property=\"og:image:width\" content=\"800\" \/>\n\t<meta property=\"og:image:height\" content=\"800\" \/>\n\t<meta property=\"og:image:type\" content=\"image\/webp\" \/>\n<meta name=\"twitter:card\" content=\"summary_large_image\" \/>\n<meta name=\"twitter:label1\" content=\"Est. reading time\" \/>\n\t<meta name=\"twitter:data1\" content=\"2 minutes\" \/>\n<script type=\"application\/ld+json\" class=\"yoast-schema-graph\">{\"@context\":\"https:\/\/schema.org\",\"@graph\":[{\"@type\":\"WebPage\",\"@id\":\"https:\/\/www.elementvape.de\/it\/produkt\/randm-max-einweg-e-zigarette-1700-zuege-kaufen\/\",\"url\":\"https:\/\/www.elementvape.de\/it\/produkt\/randm-max-einweg-e-zigarette-1700-zuege-kaufen\/\",\"name\":\"RandM Max+ Einweg- E-ZIGARETTE 1700 Z\u00fcge Kaufen | ElementVape.de\",\"isPartOf\":{\"@id\":\"https:\/\/www.elementvape.de\/#website\"},\"primaryImageOfPage\":{\"@id\":\"https:\/\/www.elementvape.de\/it\/produkt\/randm-max-einweg-e-zigarette-1700-zuege-kaufen\/#primaryimage\"},\"image\":{\"@id\":\"https:\/\/www.elementvape.de\/it\/produkt\/randm-max-einweg-e-zigarette-1700-zuege-kaufen\/#primaryimage\"},\"thumbnailUrl\":\"https:\/\/www.elementvape.de\/wp-content\/uploads\/2024\/06\/RandMMax_DisposableVape_1.webp\",\"datePublished\":\"2024-06-07T08:35:24+00:00\",\"dateModified\":\"2024-09-12T10:36:21+00:00\",\"description\":\"Wir bieten RandM Max+ Einweg- E-ZIGARETTE 1700 Z\u00fcge Kaufen , Elementvape.de akzeptieren Gro\u00df-und Einzelhandel Bestellungen.\",\"breadcrumb\":{\"@id\":\"https:\/\/www.elementvape.de\/it\/produkt\/randm-max-einweg-e-zigarette-1700-zuege-kaufen\/#breadcrumb\"},\"inLanguage\":\"fr-FR\",\"potentialAction\":[{\"@type\":\"ReadAction\",\"target\":[\"https:\/\/www.elementvape.de\/it\/produkt\/randm-max-einweg-e-zigarette-1700-zuege-kaufen\/\"]}]},{\"@type\":\"ImageObject\",\"inLanguage\":\"fr-FR\",\"@id\":\"https:\/\/www.elementvape.de\/it\/produkt\/randm-max-einweg-e-zigarette-1700-zuege-kaufen\/#primaryimage\",\"url\":\"https:\/\/www.elementvape.de\/wp-content\/uploads\/2024\/06\/RandMMax_DisposableVape_1.webp\",\"contentUrl\":\"https:\/\/www.elementvape.de\/wp-content\/uploads\/2024\/06\/RandMMax_DisposableVape_1.webp\",\"width\":800,\"height\":800,\"caption\":\"RandMMax_DisposableVape_1\"},{\"@type\":\"BreadcrumbList\",\"@id\":\"https:\/\/www.elementvape.de\/it\/produkt\/randm-max-einweg-e-zigarette-1700-zuege-kaufen\/#breadcrumb\",\"itemListElement\":[{\"@type\":\"ListItem\",\"position\":1,\"name\":\"Home\",\"item\":\"https:\/\/www.elementvape.de\/\"},{\"@type\":\"ListItem\",\"position\":2,\"name\":\"Shop\",\"item\":\"https:\/\/www.elementvape.de\/shop\/\"},{\"@type\":\"ListItem\",\"position\":3,\"name\":\"RandM Max+ Einweg- E-ZIGARETTE 1700 Z\u00fcge Kaufen\"}]},{\"@type\":\"WebSite\",\"@id\":\"https:\/\/www.elementvape.de\/#website\",\"url\":\"https:\/\/www.elementvape.de\/\",\"name\":\"ElementVape.de\",\"description\":\"\",\"publisher\":{\"@id\":\"https:\/\/www.elementvape.de\/#organization\"},\"potentialAction\":[{\"@type\":\"SearchAction\",\"target\":{\"@type\":\"EntryPoint\",\"urlTemplate\":\"https:\/\/www.elementvape.de\/?s={search_term_string}\"},\"query-input\":\"required name=search_term_string\"}],\"inLanguage\":\"fr-FR\"},{\"@type\":\"Organization\",\"@id\":\"https:\/\/www.elementvape.de\/#organization\",\"name\":\"ElementVape.DE\",\"url\":\"https:\/\/www.elementvape.de\/\",\"logo\":{\"@type\":\"ImageObject\",\"inLanguage\":\"fr-FR\",\"@id\":\"https:\/\/www.elementvape.de\/#\/schema\/logo\/image\/\",\"url\":\"https:\/\/www.elementvape.de\/wp-content\/uploads\/2024\/09\/cropped-1elementvape-3.png\",\"contentUrl\":\"https:\/\/www.elementvape.de\/wp-content\/uploads\/2024\/09\/cropped-1elementvape-3.png\",\"width\":285,\"height\":228,\"caption\":\"ElementVape.DE\"},\"image\":{\"@id\":\"https:\/\/www.elementvape.de\/#\/schema\/logo\/image\/\"}}]}<\/script>\n<!-- \/ Yoast SEO plugin. -->","yoast_head_json":{"title":"RandM Max+ Einweg- E-ZIGARETTE 1700 Z\u00fcge Kaufen | ElementVape.de","description":"Wir bieten RandM Max+ Einweg- E-ZIGARETTE 1700 Z\u00fcge Kaufen , Elementvape.de akzeptieren Gro\u00df-und Einzelhandel Bestellungen.","robots":{"index":"index","follow":"follow","max-snippet":"max-snippet:-1","max-image-preview":"max-image-preview:large","max-video-preview":"max-video-preview:-1"},"canonical":"https:\/\/www.elementvape.de\/fr\/produkt\/randm-max-einweg-e-zigarette-1700-zuege-kaufen\/","og_locale":"fr_FR","og_type":"article","og_title":"RandM Max+ Einweg- E-ZIGARETTE 1700 Z\u00fcge Kaufen | ElementVape.de","og_description":"Wir bieten RandM Max+ Einweg- E-ZIGARETTE 1700 Z\u00fcge Kaufen , Elementvape.de akzeptieren Gro\u00df-und Einzelhandel Bestellungen.","og_url":"https:\/\/www.elementvape.de\/fr\/produkt\/randm-max-einweg-e-zigarette-1700-zuege-kaufen\/","og_site_name":"ElementVape.de","article_modified_time":"2024-09-12T10:36:21+00:00","og_image":[{"width":800,"height":800,"url":"https:\/\/www.elementvape.de\/wp-content\/uploads\/2024\/06\/RandMMax_DisposableVape_1.webp","type":"image\/webp"}],"twitter_card":"summary_large_image","twitter_misc":{"Est. reading time":"2 minutes"},"schema":{"@context":"https:\/\/schema.org","@graph":[{"@type":"WebPage","@id":"https:\/\/www.elementvape.de\/it\/produkt\/randm-max-einweg-e-zigarette-1700-zuege-kaufen\/","url":"https:\/\/www.elementvape.de\/it\/produkt\/randm-max-einweg-e-zigarette-1700-zuege-kaufen\/","name":"RandM Max+ Einweg- E-ZIGARETTE 1700 Z\u00fcge Kaufen | ElementVape.de","isPartOf":{"@id":"https:\/\/www.elementvape.de\/#website"},"primaryImageOfPage":{"@id":"https:\/\/www.elementvape.de\/it\/produkt\/randm-max-einweg-e-zigarette-1700-zuege-kaufen\/#primaryimage"},"image":{"@id":"https:\/\/www.elementvape.de\/it\/produkt\/randm-max-einweg-e-zigarette-1700-zuege-kaufen\/#primaryimage"},"thumbnailUrl":"https:\/\/www.elementvape.de\/wp-content\/uploads\/2024\/06\/RandMMax_DisposableVape_1.webp","datePublished":"2024-06-07T08:35:24+00:00","dateModified":"2024-09-12T10:36:21+00:00","description":"Wir bieten RandM Max+ Einweg- E-ZIGARETTE 1700 Z\u00fcge Kaufen , Elementvape.de akzeptieren Gro\u00df-und Einzelhandel Bestellungen.","breadcrumb":{"@id":"https:\/\/www.elementvape.de\/it\/produkt\/randm-max-einweg-e-zigarette-1700-zuege-kaufen\/#breadcrumb"},"inLanguage":"fr-FR","potentialAction":[{"@type":"ReadAction","target":["https:\/\/www.elementvape.de\/it\/produkt\/randm-max-einweg-e-zigarette-1700-zuege-kaufen\/"]}]},{"@type":"ImageObject","inLanguage":"fr-FR","@id":"https:\/\/www.elementvape.de\/it\/produkt\/randm-max-einweg-e-zigarette-1700-zuege-kaufen\/#primaryimage","url":"https:\/\/www.elementvape.de\/wp-content\/uploads\/2024\/06\/RandMMax_DisposableVape_1.webp","contentUrl":"https:\/\/www.elementvape.de\/wp-content\/uploads\/2024\/06\/RandMMax_DisposableVape_1.webp","width":800,"height":800,"caption":"RandMMax_DisposableVape_1"},{"@type":"BreadcrumbList","@id":"https:\/\/www.elementvape.de\/it\/produkt\/randm-max-einweg-e-zigarette-1700-zuege-kaufen\/#breadcrumb","itemListElement":[{"@type":"ListItem","position":1,"name":"Home","item":"https:\/\/www.elementvape.de\/"},{"@type":"ListItem","position":2,"name":"Shop","item":"https:\/\/www.elementvape.de\/shop\/"},{"@type":"ListItem","position":3,"name":"RandM Max+ Einweg- E-ZIGARETTE 1700 Z\u00fcge Kaufen"}]},{"@type":"WebSite","@id":"https:\/\/www.elementvape.de\/#website","url":"https:\/\/www.elementvape.de\/","name":"ElementVape.de","description":"","publisher":{"@id":"https:\/\/www.elementvape.de\/#organization"},"potentialAction":[{"@type":"SearchAction","target":{"@type":"EntryPoint","urlTemplate":"https:\/\/www.elementvape.de\/?s={search_term_string}"},"query-input":"required name=search_term_string"}],"inLanguage":"fr-FR"},{"@type":"Organization","@id":"https:\/\/www.elementvape.de\/#organization","name":"ElementVape.DE","url":"https:\/\/www.elementvape.de\/","logo":{"@type":"ImageObject","inLanguage":"fr-FR","@id":"https:\/\/www.elementvape.de\/#\/schema\/logo\/image\/","url":"https:\/\/www.elementvape.de\/wp-content\/uploads\/2024\/09\/cropped-1elementvape-3.png","contentUrl":"https:\/\/www.elementvape.de\/wp-content\/uploads\/2024\/09\/cropped-1elementvape-3.png","width":285,"height":228,"caption":"ElementVape.DE"},"image":{"@id":"https:\/\/www.elementvape.de\/#\/schema\/logo\/image\/"}}]}},"_links":{"self":[{"href":"https:\/\/www.elementvape.de\/fr\/wp-json\/wp\/v2\/product\/11816"}],"collection":[{"href":"https:\/\/www.elementvape.de\/fr\/wp-json\/wp\/v2\/product"}],"about":[{"href":"https:\/\/www.elementvape.de\/fr\/wp-json\/wp\/v2\/types\/product"}],"wp:featuredmedia":[{"embeddable":true,"href":"https:\/\/www.elementvape.de\/fr\/wp-json\/wp\/v2\/media\/11817"}],"wp:attachment":[{"href":"https:\/\/www.elementvape.de\/fr\/wp-json\/wp\/v2\/media?parent=11816"}],"wp:term":[{"taxonomy":"product_cat","embeddable":true,"href":"https:\/\/www.elementvape.de\/fr\/wp-json\/wp\/v2\/product_cat?post=11816"},{"taxonomy":"product_tag","embeddable":true,"href":"https:\/\/www.elementvape.de\/fr\/wp-json\/wp\/v2\/product_tag?post=11816"}],"curies":[{"name":"wp","href":"https:\/\/api.w.org\/{rel}","templated":true}]}}