{"id":11778,"date":"2024-06-06T09:18:07","date_gmt":"2024-06-06T09:18:07","guid":{"rendered":"https:\/\/www.elementvape.de\/?post_type=product&#038;p=11778"},"modified":"2024-09-12T10:36:22","modified_gmt":"2024-09-12T10:36:22","slug":"randm-babe-disposable-vape-2500-puffs","status":"publish","type":"product","link":"https:\/\/www.elementvape.de\/fr\/produkt\/randm-babe-disposable-vape-2500-puffs\/","title":{"rendered":"RandM Babe Vape Jetable 2500 Bouff\u00e9es"},"content":{"rendered":"<h3>Description du produit : RandM Babe<\/h3>\n<p>Le <strong>RandM Babe<\/strong> est un appareil de vape jetable accrocheur avec un design de fille sexy, qui impressionne par sa grande capacit\u00e9 et un large choix de saveurs. Avec diff\u00e9rentes concentrations de nicotine, il offre une exp\u00e9rience de vapotage intense et durable.<\/p>\n<h4>Caract\u00e9ristiques principales :<\/h4>\n<ul>\n<li><strong>Options de nicotine<\/strong>: Disponible en 0 %, 2 %, 3 % et 5 % de sel de nicotine.<\/li>\n<li><strong>Capacit\u00e9<\/strong>: Contient 8 ml de e-liquide.<\/li>\n<li><strong>Bouff\u00e9es<\/strong>: Jusqu'\u00e0 2500 bouff\u00e9es par appareil.<\/li>\n<li><strong>M\u00e9canisme d'allumage<\/strong>: Activation par tirage avec m\u00e9canisme d'allumage pour une utilisation facile.<\/li>\n<li><strong>Design<\/strong>: Appareil jetable au design Sexy Girl, non rechargeable et non remplissable.<\/li>\n<\/ul>\n<h4>Vari\u00e9t\u00e9 de saveurs :<\/h4>\n<p>Le RandM Babe offre 16 saveurs diff\u00e9rentes :<\/p>\n<ol>\n<li>Th\u00e9 glac\u00e9 au raisin<\/li>\n<li>Menthe Puissante<\/li>\n<li>G\u00e9latine g\u00e9lifi\u00e9e<\/li>\n<li>Limonade rose<\/li>\n<li>Glace luxuriante<\/li>\n<li>Rhum Pina Colada<\/li>\n<li>Baies m\u00e9lang\u00e9es<\/li>\n<li>Glace \u00e0 la mandarine<\/li>\n<li>Fraise Mangue<\/li>\n<li>Glace aux myrtilles<\/li>\n<li>Kiwi-fraise<\/li>\n<li>Glace \u00e0 la goyave<\/li>\n<li>Glace \u00e0 la banane<\/li>\n<li>Baie luxuriante<\/li>\n<li>Fraise Past\u00e8que<\/li>\n<li>P\u00eache Glac\u00e9e<\/li>\n<\/ol>\n<h4>D\u00e9tails de l'emballage :<\/h4>\n<ul>\n<li><strong>Unit\u00e9 d'emballage<\/strong>: 10 pi\u00e8ces dans une bo\u00eete d'exposition, 300 pi\u00e8ces dans un carton.<\/li>\n<\/ul>\n<h4>Contenu de la livraison :<\/h4>\n<ul>\n<li>1 x Vape jetable RandM Babe (2500 bouff\u00e9es)<\/li>\n<\/ul>\n<p>Le RandM Babe combine un design accrocheur avec d'excellentes performances et une vari\u00e9t\u00e9 de saveurs pour garantir une exp\u00e9rience de vapotage de premi\u00e8re classe.<\/p>","protected":false},"excerpt":{"rendered":"<p>Produktbeschreibung: RandM Babe Die RandM Babe ist ein auff\u00e4lliges Einweg-Vape-Ger\u00e4t mit einem sexy Girl-Design, das durch seine hohe Kapazit\u00e4t und eine breite Auswahl an Geschmacksrichtungen besticht. Mit verschiedenen Nikotinst\u00e4rken bietet es ein langanhaltendes und intensives Dampferlebnis. Hauptmerkmale: Nikotinoptionen: Verf\u00fcgbar in 0 %, 2 %, 3 % und 5 % Nikotinsalz. Fassungsverm\u00f6gen: Enth\u00e4lt 8 ml E-Liquid. [&hellip;]<\/p>","protected":false},"featured_media":11772,"template":"","meta":{"inline_featured_image":false},"product_cat":[78,754,745,742,748,744,755,738,751],"product_tag":[676],"tiered_pricing_type":"fixed","tiered_pricing_fixed_rules":[],"tiered_pricing_percentage_rules":[],"tiered_pricing_minimum":1,"_administrator_tiered_pricing_type":"fixed","_administrator_tiered_pricing_fixed_rules":[],"_editor_tiered_pricing_type":"fixed","_editor_tiered_pricing_fixed_rules":[],"_author_tiered_pricing_type":"fixed","_author_tiered_pricing_fixed_rules":[],"_contributor_tiered_pricing_type":"fixed","_contributor_tiered_pricing_fixed_rules":[],"_subscriber_tiered_pricing_type":"fixed","_subscriber_tiered_pricing_fixed_rules":[],"_customer_tiered_pricing_type":"fixed","_customer_tiered_pricing_fixed_rules":[],"_shop_manager_tiered_pricing_type":"fixed","_shop_manager_tiered_pricing_fixed_rules":[],"_wpseo_manager_tiered_pricing_type":"fixed","_wpseo_manager_tiered_pricing_fixed_rules":[],"_wpseo_editor_tiered_pricing_type":"fixed","_wpseo_editor_tiered_pricing_fixed_rules":[],"_wholesale_customer_tiered_pricing_type":"fixed","_wholesale_customer_tiered_pricing_fixed_rules":[],"_marketer_tiered_pricing_type":"fixed","_marketer_tiered_pricing_fixed_rules":[],"_sales_manager_tiered_pricing_type":"fixed","_sales_manager_tiered_pricing_fixed_rules":[],"_sales_rep_tiered_pricing_type":"fixed","_sales_rep_tiered_pricing_fixed_rules":[],"yoast_head":"<!-- This site is optimized with the Yoast SEO plugin v23.3 - https:\/\/yoast.com\/wordpress\/plugins\/seo\/ -->\n<title>RandM Babe Disposable Vape 2500 Puffs | ElementVape.de<\/title>\n<meta name=\"description\" content=\"Wir bieten RandM Babe Disposable Vape 2500 Puffs , Elementvape.de akzeptieren Gro\u00df-und Einzelhandel Bestellungen.\" \/>\n<meta name=\"robots\" content=\"index, follow, max-snippet:-1, max-image-preview:large, max-video-preview:-1\" \/>\n<link rel=\"canonical\" href=\"https:\/\/www.elementvape.de\/fr\/produkt\/randm-babe-disposable-vape-2500-puffs\/\" \/>\n<meta property=\"og:locale\" content=\"fr_FR\" \/>\n<meta property=\"og:type\" content=\"article\" \/>\n<meta property=\"og:title\" content=\"RandM Babe Disposable Vape 2500 Puffs | ElementVape.de\" \/>\n<meta property=\"og:description\" content=\"Wir bieten RandM Babe Disposable Vape 2500 Puffs , Elementvape.de akzeptieren Gro\u00df-und Einzelhandel Bestellungen.\" \/>\n<meta property=\"og:url\" content=\"https:\/\/www.elementvape.de\/fr\/produkt\/randm-babe-disposable-vape-2500-puffs\/\" \/>\n<meta property=\"og:site_name\" content=\"ElementVape.de\" \/>\n<meta property=\"article:modified_time\" content=\"2024-09-12T10:36:22+00:00\" \/>\n<meta property=\"og:image\" content=\"https:\/\/www.elementvape.de\/wp-content\/uploads\/2024\/06\/RandMBabeDisposableVape2500Puffs_1.webp\" \/>\n\t<meta property=\"og:image:width\" content=\"800\" \/>\n\t<meta property=\"og:image:height\" content=\"800\" \/>\n\t<meta property=\"og:image:type\" content=\"image\/webp\" \/>\n<meta name=\"twitter:card\" content=\"summary_large_image\" \/>\n<meta name=\"twitter:label1\" content=\"Est. reading time\" \/>\n\t<meta name=\"twitter:data1\" content=\"2 minutes\" \/>\n<script type=\"application\/ld+json\" class=\"yoast-schema-graph\">{\"@context\":\"https:\/\/schema.org\",\"@graph\":[{\"@type\":\"WebPage\",\"@id\":\"https:\/\/www.elementvape.de\/fi\/produkt\/randm-babe-disposable-vape-2500-puffs\/\",\"url\":\"https:\/\/www.elementvape.de\/fi\/produkt\/randm-babe-disposable-vape-2500-puffs\/\",\"name\":\"RandM Babe Disposable Vape 2500 Puffs | ElementVape.de\",\"isPartOf\":{\"@id\":\"https:\/\/www.elementvape.de\/#website\"},\"primaryImageOfPage\":{\"@id\":\"https:\/\/www.elementvape.de\/fi\/produkt\/randm-babe-disposable-vape-2500-puffs\/#primaryimage\"},\"image\":{\"@id\":\"https:\/\/www.elementvape.de\/fi\/produkt\/randm-babe-disposable-vape-2500-puffs\/#primaryimage\"},\"thumbnailUrl\":\"https:\/\/www.elementvape.de\/wp-content\/uploads\/2024\/06\/RandMBabeDisposableVape2500Puffs_1.webp\",\"datePublished\":\"2024-06-06T09:18:07+00:00\",\"dateModified\":\"2024-09-12T10:36:22+00:00\",\"description\":\"Wir bieten RandM Babe Disposable Vape 2500 Puffs , Elementvape.de akzeptieren Gro\u00df-und Einzelhandel Bestellungen.\",\"breadcrumb\":{\"@id\":\"https:\/\/www.elementvape.de\/fi\/produkt\/randm-babe-disposable-vape-2500-puffs\/#breadcrumb\"},\"inLanguage\":\"fr-FR\",\"potentialAction\":[{\"@type\":\"ReadAction\",\"target\":[\"https:\/\/www.elementvape.de\/fi\/produkt\/randm-babe-disposable-vape-2500-puffs\/\"]}]},{\"@type\":\"ImageObject\",\"inLanguage\":\"fr-FR\",\"@id\":\"https:\/\/www.elementvape.de\/fi\/produkt\/randm-babe-disposable-vape-2500-puffs\/#primaryimage\",\"url\":\"https:\/\/www.elementvape.de\/wp-content\/uploads\/2024\/06\/RandMBabeDisposableVape2500Puffs_1.webp\",\"contentUrl\":\"https:\/\/www.elementvape.de\/wp-content\/uploads\/2024\/06\/RandMBabeDisposableVape2500Puffs_1.webp\",\"width\":800,\"height\":800,\"caption\":\"RandMBabeDisposableVape2500Puffs_1\"},{\"@type\":\"BreadcrumbList\",\"@id\":\"https:\/\/www.elementvape.de\/fi\/produkt\/randm-babe-disposable-vape-2500-puffs\/#breadcrumb\",\"itemListElement\":[{\"@type\":\"ListItem\",\"position\":1,\"name\":\"Home\",\"item\":\"https:\/\/www.elementvape.de\/\"},{\"@type\":\"ListItem\",\"position\":2,\"name\":\"Shop\",\"item\":\"https:\/\/www.elementvape.de\/shop\/\"},{\"@type\":\"ListItem\",\"position\":3,\"name\":\"RandM Babe Disposable Vape 2500 Puffs\"}]},{\"@type\":\"WebSite\",\"@id\":\"https:\/\/www.elementvape.de\/#website\",\"url\":\"https:\/\/www.elementvape.de\/\",\"name\":\"ElementVape.de\",\"description\":\"\",\"publisher\":{\"@id\":\"https:\/\/www.elementvape.de\/#organization\"},\"potentialAction\":[{\"@type\":\"SearchAction\",\"target\":{\"@type\":\"EntryPoint\",\"urlTemplate\":\"https:\/\/www.elementvape.de\/?s={search_term_string}\"},\"query-input\":\"required name=search_term_string\"}],\"inLanguage\":\"fr-FR\"},{\"@type\":\"Organization\",\"@id\":\"https:\/\/www.elementvape.de\/#organization\",\"name\":\"ElementVape.DE\",\"url\":\"https:\/\/www.elementvape.de\/\",\"logo\":{\"@type\":\"ImageObject\",\"inLanguage\":\"fr-FR\",\"@id\":\"https:\/\/www.elementvape.de\/#\/schema\/logo\/image\/\",\"url\":\"https:\/\/www.elementvape.de\/wp-content\/uploads\/2024\/09\/cropped-1elementvape-3.png\",\"contentUrl\":\"https:\/\/www.elementvape.de\/wp-content\/uploads\/2024\/09\/cropped-1elementvape-3.png\",\"width\":285,\"height\":228,\"caption\":\"ElementVape.DE\"},\"image\":{\"@id\":\"https:\/\/www.elementvape.de\/#\/schema\/logo\/image\/\"}}]}<\/script>\n<!-- \/ Yoast SEO plugin. -->","yoast_head_json":{"title":"RandM Babe Disposable Vape 2500 Puffs | ElementVape.de","description":"Wir bieten RandM Babe Disposable Vape 2500 Puffs , Elementvape.de akzeptieren Gro\u00df-und Einzelhandel Bestellungen.","robots":{"index":"index","follow":"follow","max-snippet":"max-snippet:-1","max-image-preview":"max-image-preview:large","max-video-preview":"max-video-preview:-1"},"canonical":"https:\/\/www.elementvape.de\/fr\/produkt\/randm-babe-disposable-vape-2500-puffs\/","og_locale":"fr_FR","og_type":"article","og_title":"RandM Babe Disposable Vape 2500 Puffs | ElementVape.de","og_description":"Wir bieten RandM Babe Disposable Vape 2500 Puffs , Elementvape.de akzeptieren Gro\u00df-und Einzelhandel Bestellungen.","og_url":"https:\/\/www.elementvape.de\/fr\/produkt\/randm-babe-disposable-vape-2500-puffs\/","og_site_name":"ElementVape.de","article_modified_time":"2024-09-12T10:36:22+00:00","og_image":[{"width":800,"height":800,"url":"https:\/\/www.elementvape.de\/wp-content\/uploads\/2024\/06\/RandMBabeDisposableVape2500Puffs_1.webp","type":"image\/webp"}],"twitter_card":"summary_large_image","twitter_misc":{"Est. reading time":"2 minutes"},"schema":{"@context":"https:\/\/schema.org","@graph":[{"@type":"WebPage","@id":"https:\/\/www.elementvape.de\/fi\/produkt\/randm-babe-disposable-vape-2500-puffs\/","url":"https:\/\/www.elementvape.de\/fi\/produkt\/randm-babe-disposable-vape-2500-puffs\/","name":"RandM Babe Disposable Vape 2500 Puffs | ElementVape.de","isPartOf":{"@id":"https:\/\/www.elementvape.de\/#website"},"primaryImageOfPage":{"@id":"https:\/\/www.elementvape.de\/fi\/produkt\/randm-babe-disposable-vape-2500-puffs\/#primaryimage"},"image":{"@id":"https:\/\/www.elementvape.de\/fi\/produkt\/randm-babe-disposable-vape-2500-puffs\/#primaryimage"},"thumbnailUrl":"https:\/\/www.elementvape.de\/wp-content\/uploads\/2024\/06\/RandMBabeDisposableVape2500Puffs_1.webp","datePublished":"2024-06-06T09:18:07+00:00","dateModified":"2024-09-12T10:36:22+00:00","description":"Wir bieten RandM Babe Disposable Vape 2500 Puffs , Elementvape.de akzeptieren Gro\u00df-und Einzelhandel Bestellungen.","breadcrumb":{"@id":"https:\/\/www.elementvape.de\/fi\/produkt\/randm-babe-disposable-vape-2500-puffs\/#breadcrumb"},"inLanguage":"fr-FR","potentialAction":[{"@type":"ReadAction","target":["https:\/\/www.elementvape.de\/fi\/produkt\/randm-babe-disposable-vape-2500-puffs\/"]}]},{"@type":"ImageObject","inLanguage":"fr-FR","@id":"https:\/\/www.elementvape.de\/fi\/produkt\/randm-babe-disposable-vape-2500-puffs\/#primaryimage","url":"https:\/\/www.elementvape.de\/wp-content\/uploads\/2024\/06\/RandMBabeDisposableVape2500Puffs_1.webp","contentUrl":"https:\/\/www.elementvape.de\/wp-content\/uploads\/2024\/06\/RandMBabeDisposableVape2500Puffs_1.webp","width":800,"height":800,"caption":"RandMBabeDisposableVape2500Puffs_1"},{"@type":"BreadcrumbList","@id":"https:\/\/www.elementvape.de\/fi\/produkt\/randm-babe-disposable-vape-2500-puffs\/#breadcrumb","itemListElement":[{"@type":"ListItem","position":1,"name":"Home","item":"https:\/\/www.elementvape.de\/"},{"@type":"ListItem","position":2,"name":"Shop","item":"https:\/\/www.elementvape.de\/shop\/"},{"@type":"ListItem","position":3,"name":"RandM Babe Disposable Vape 2500 Puffs"}]},{"@type":"WebSite","@id":"https:\/\/www.elementvape.de\/#website","url":"https:\/\/www.elementvape.de\/","name":"ElementVape.de","description":"","publisher":{"@id":"https:\/\/www.elementvape.de\/#organization"},"potentialAction":[{"@type":"SearchAction","target":{"@type":"EntryPoint","urlTemplate":"https:\/\/www.elementvape.de\/?s={search_term_string}"},"query-input":"required name=search_term_string"}],"inLanguage":"fr-FR"},{"@type":"Organization","@id":"https:\/\/www.elementvape.de\/#organization","name":"ElementVape.DE","url":"https:\/\/www.elementvape.de\/","logo":{"@type":"ImageObject","inLanguage":"fr-FR","@id":"https:\/\/www.elementvape.de\/#\/schema\/logo\/image\/","url":"https:\/\/www.elementvape.de\/wp-content\/uploads\/2024\/09\/cropped-1elementvape-3.png","contentUrl":"https:\/\/www.elementvape.de\/wp-content\/uploads\/2024\/09\/cropped-1elementvape-3.png","width":285,"height":228,"caption":"ElementVape.DE"},"image":{"@id":"https:\/\/www.elementvape.de\/#\/schema\/logo\/image\/"}}]}},"_links":{"self":[{"href":"https:\/\/www.elementvape.de\/fr\/wp-json\/wp\/v2\/product\/11778"}],"collection":[{"href":"https:\/\/www.elementvape.de\/fr\/wp-json\/wp\/v2\/product"}],"about":[{"href":"https:\/\/www.elementvape.de\/fr\/wp-json\/wp\/v2\/types\/product"}],"wp:featuredmedia":[{"embeddable":true,"href":"https:\/\/www.elementvape.de\/fr\/wp-json\/wp\/v2\/media\/11772"}],"wp:attachment":[{"href":"https:\/\/www.elementvape.de\/fr\/wp-json\/wp\/v2\/media?parent=11778"}],"wp:term":[{"taxonomy":"product_cat","embeddable":true,"href":"https:\/\/www.elementvape.de\/fr\/wp-json\/wp\/v2\/product_cat?post=11778"},{"taxonomy":"product_tag","embeddable":true,"href":"https:\/\/www.elementvape.de\/fr\/wp-json\/wp\/v2\/product_tag?post=11778"}],"curies":[{"name":"wp","href":"https:\/\/api.w.org\/{rel}","templated":true}]}}