{"id":11542,"date":"2024-06-04T09:51:07","date_gmt":"2024-06-04T09:51:07","guid":{"rendered":"https:\/\/www.elementvape.de\/?post_type=product&#038;p=11542"},"modified":"2024-09-12T10:36:30","modified_gmt":"2024-09-12T10:36:30","slug":"exvape-expod-einweg-e-zigarette-20mg","status":"publish","type":"product","link":"https:\/\/www.elementvape.de\/fr\/produkt\/exvape-expod-einweg-e-zigarette-20mg\/","title":{"rendered":"EXVAPE EXPOD cigarette \u00e9lectronique jetable 20mg"},"content":{"rendered":"<h2>EXPOD \u2013 POD \u00c9GAREMENT \u00c0 USAGE UNIQUE E-CIGARETTE :<\/h2>\n<p>La e-cigarette EXPOD de EXVAPE\u00ae est une e-cigarette jetable facile \u00e0 utiliser. Tout ce dont vous avez besoin pour vapoter est d\u00e9j\u00e0 int\u00e9gr\u00e9, il suffit de la sortir de l'emballage et de commencer \u00e0 vapoter.<\/p>\n<p>L'e-cigarette jetable est le choix parfait comme introduction au vapotage. Vous n'avez pas besoin de recharger, de remplir ou de r\u00e9gler quoi que ce soit. La e-cigarette dispose d'une automatique d'inhalation. Il vous suffit de tirer sur le embout pour activer l'appareil et produire la vapeur \u00e0 inhaler. L'appareil est con\u00e7u pour le vapotage en m\u00e9thode MTL (bouche \u00e0 poumon), o\u00f9 vous inhalez d'abord la vapeur dans la bouche puis dans les poumons, comme avec une cigarette classique.<\/p>\n<p>La e-cigarette EXPOD permet avec sa batterie int\u00e9gr\u00e9e de 400mAh et ses 2ml de liquide pr\u00e9-rempli jusqu'\u00e0 600 bouff\u00e9es. Cela \u00e9quivaut \u00e0 environ 2 paquets de cigarettes classiques (40 pi\u00e8ces), en supposant que l'on tire environ 10-15 fois sur une cigarette. D\u00e8s que le liquide pr\u00e9-rempli ou la batterie int\u00e9gr\u00e9e sont \u00e9puis\u00e9s, vous pouvez la remplacer par un nouvel appareil.<\/p>\n<p>Remplie avec du liquide au sel de nicotine d'une concentration de 20mg\/ml, ce qui correspond \u00e0 un taux de nicotine de 2%. Le sel de nicotine, contrairement \u00e0 la nicotine classique, est absorb\u00e9 plus rapidement par le corps et provoque une irritation de gorge plus douce, imitant mieux la cigarette et r\u00e9duisant plus rapidement le besoin de nicotine.<\/p>\n<h3>L'EXPOD EST DISPONIBLE EN 12 PARFUMS DIFF\u00c9RENTS :<\/h3>\n<p>Blueberry Ice : D\u00e9licues myrtilles associ\u00e9es \u00e0 une fra\u00eecheur glaciale.<br \/>\nCool Mint : Menthe fra\u00eeche avec menthol et une sensation glaciale.<br \/>\nFruit Mix : Un m\u00e9lange savoureux de diff\u00e9rents fruits avec une touche de fra\u00eecheur.<br \/>\nGreen Apple Ice : Pomme verte associ\u00e9e \u00e0 une fra\u00eecheur glaciale.<br \/>\nLemon Cake : Un d\u00e9licieux g\u00e2teau au citron.<br \/>\nMango Ice : Mangue tropicale avec une fra\u00eecheur glaciale.<br \/>\nMelon Ice : Un m\u00e9lange de melon d\u00e9licieux associ\u00e9 \u00e0 une fra\u00eecheur.<br \/>\nMint Tobacco : La meilleure qualit\u00e9 de tabac associ\u00e9e au menthol et \u00e0 la menthe.<br \/>\nMixed Berries : Un m\u00e9lange fruit\u00e9 de diff\u00e9rentes baies.<br \/>\nStrawberry Ice : Fraises fra\u00eeches avec une sensation glaciale.<br \/>\nTobacco Classic : Un tabac doux et noble.<br \/>\nVanilla Custard : Un d\u00e9licieux flan \u00e0 la vanille cr\u00e9meux.<\/p>","protected":false},"excerpt":{"rendered":"<p>EXPOD &#8211; EINWEG POD E-ZIGARETTE: Die EXPOD E-Zigarette von EXVAPE\u00ae ist eine leicht zu bedienende Einweg E-Zigarette. Alles was Sie zum Dampfen ben\u00f6tigen ist schon integriert, einfach auspacken und los dampfen. Die Einweg E-Zigarette ist die perfekte Wahl als Einstieg in das Dampfen. Sie m\u00fcssen das Ger\u00e4t weder aufladen, noch bef\u00fcllen oder irgendwelche Einstellungen vornehmen. [&hellip;]<\/p>","protected":false},"featured_media":11543,"template":"","meta":{"inline_featured_image":false},"product_cat":[78,754,745,742,748,744,755,738,751],"product_tag":[679],"tiered_pricing_type":"fixed","tiered_pricing_fixed_rules":[],"tiered_pricing_percentage_rules":[],"tiered_pricing_minimum":1,"_administrator_tiered_pricing_type":"fixed","_administrator_tiered_pricing_fixed_rules":[],"_editor_tiered_pricing_type":"fixed","_editor_tiered_pricing_fixed_rules":[],"_author_tiered_pricing_type":"fixed","_author_tiered_pricing_fixed_rules":[],"_contributor_tiered_pricing_type":"fixed","_contributor_tiered_pricing_fixed_rules":[],"_subscriber_tiered_pricing_type":"fixed","_subscriber_tiered_pricing_fixed_rules":[],"_customer_tiered_pricing_type":"fixed","_customer_tiered_pricing_fixed_rules":[],"_shop_manager_tiered_pricing_type":"fixed","_shop_manager_tiered_pricing_fixed_rules":[],"_wpseo_manager_tiered_pricing_type":"fixed","_wpseo_manager_tiered_pricing_fixed_rules":[],"_wpseo_editor_tiered_pricing_type":"fixed","_wpseo_editor_tiered_pricing_fixed_rules":[],"_wholesale_customer_tiered_pricing_type":"fixed","_wholesale_customer_tiered_pricing_fixed_rules":[],"_marketer_tiered_pricing_type":"fixed","_marketer_tiered_pricing_fixed_rules":[],"_sales_manager_tiered_pricing_type":"fixed","_sales_manager_tiered_pricing_fixed_rules":[],"_sales_rep_tiered_pricing_type":"fixed","_sales_rep_tiered_pricing_fixed_rules":[],"yoast_head":"<!-- This site is optimized with the Yoast SEO plugin v23.3 - https:\/\/yoast.com\/wordpress\/plugins\/seo\/ -->\n<title>EXVAPE EXPOD Einweg-E-Zigarette 20mg | ElementVape.de<\/title>\n<meta name=\"description\" content=\"Wir bieten EXVAPE EXPOD Einweg-E-Zigarette 20mg , Elementvape.de akzeptieren Gro\u00df-und Einzelhandel Bestellungen.\" \/>\n<meta name=\"robots\" content=\"index, follow, max-snippet:-1, max-image-preview:large, max-video-preview:-1\" \/>\n<link rel=\"canonical\" href=\"https:\/\/www.elementvape.de\/fr\/produkt\/exvape-expod-einweg-e-zigarette-20mg\/\" \/>\n<meta property=\"og:locale\" content=\"fr_FR\" \/>\n<meta property=\"og:type\" content=\"article\" \/>\n<meta property=\"og:title\" content=\"EXVAPE EXPOD Einweg-E-Zigarette 20mg | ElementVape.de\" \/>\n<meta property=\"og:description\" content=\"Wir bieten EXVAPE EXPOD Einweg-E-Zigarette 20mg , Elementvape.de akzeptieren Gro\u00df-und Einzelhandel Bestellungen.\" \/>\n<meta property=\"og:url\" content=\"https:\/\/www.elementvape.de\/fr\/produkt\/exvape-expod-einweg-e-zigarette-20mg\/\" \/>\n<meta property=\"og:site_name\" content=\"ElementVape.de\" \/>\n<meta property=\"article:modified_time\" content=\"2024-09-12T10:36:30+00:00\" \/>\n<meta property=\"og:image\" content=\"https:\/\/www.elementvape.de\/wp-content\/uploads\/2024\/06\/exvape-expod-einweg-e-zigarette-melon-ice-20-mg.jpg\" \/>\n\t<meta property=\"og:image:width\" content=\"1000\" \/>\n\t<meta property=\"og:image:height\" content=\"1000\" \/>\n\t<meta property=\"og:image:type\" content=\"image\/jpeg\" \/>\n<meta name=\"twitter:card\" content=\"summary_large_image\" \/>\n<meta name=\"twitter:label1\" content=\"Est. reading time\" \/>\n\t<meta name=\"twitter:data1\" content=\"3 minutes\" \/>\n<script type=\"application\/ld+json\" class=\"yoast-schema-graph\">{\"@context\":\"https:\/\/schema.org\",\"@graph\":[{\"@type\":\"WebPage\",\"@id\":\"https:\/\/www.elementvape.de\/nl\/produkt\/exvape-expod-einweg-e-zigarette-20mg\/\",\"url\":\"https:\/\/www.elementvape.de\/nl\/produkt\/exvape-expod-einweg-e-zigarette-20mg\/\",\"name\":\"EXVAPE EXPOD Einweg-E-Zigarette 20mg | ElementVape.de\",\"isPartOf\":{\"@id\":\"https:\/\/www.elementvape.de\/#website\"},\"primaryImageOfPage\":{\"@id\":\"https:\/\/www.elementvape.de\/nl\/produkt\/exvape-expod-einweg-e-zigarette-20mg\/#primaryimage\"},\"image\":{\"@id\":\"https:\/\/www.elementvape.de\/nl\/produkt\/exvape-expod-einweg-e-zigarette-20mg\/#primaryimage\"},\"thumbnailUrl\":\"https:\/\/www.elementvape.de\/wp-content\/uploads\/2024\/06\/exvape-expod-einweg-e-zigarette-melon-ice-20-mg.jpg\",\"datePublished\":\"2024-06-04T09:51:07+00:00\",\"dateModified\":\"2024-09-12T10:36:30+00:00\",\"description\":\"Wir bieten EXVAPE EXPOD Einweg-E-Zigarette 20mg , Elementvape.de akzeptieren Gro\u00df-und Einzelhandel Bestellungen.\",\"breadcrumb\":{\"@id\":\"https:\/\/www.elementvape.de\/nl\/produkt\/exvape-expod-einweg-e-zigarette-20mg\/#breadcrumb\"},\"inLanguage\":\"fr-FR\",\"potentialAction\":[{\"@type\":\"ReadAction\",\"target\":[\"https:\/\/www.elementvape.de\/nl\/produkt\/exvape-expod-einweg-e-zigarette-20mg\/\"]}]},{\"@type\":\"ImageObject\",\"inLanguage\":\"fr-FR\",\"@id\":\"https:\/\/www.elementvape.de\/nl\/produkt\/exvape-expod-einweg-e-zigarette-20mg\/#primaryimage\",\"url\":\"https:\/\/www.elementvape.de\/wp-content\/uploads\/2024\/06\/exvape-expod-einweg-e-zigarette-melon-ice-20-mg.jpg\",\"contentUrl\":\"https:\/\/www.elementvape.de\/wp-content\/uploads\/2024\/06\/exvape-expod-einweg-e-zigarette-melon-ice-20-mg.jpg\",\"width\":1000,\"height\":1000,\"caption\":\"exvape-expod-einweg-e-zigarette-melon-ice-20-mg\"},{\"@type\":\"BreadcrumbList\",\"@id\":\"https:\/\/www.elementvape.de\/nl\/produkt\/exvape-expod-einweg-e-zigarette-20mg\/#breadcrumb\",\"itemListElement\":[{\"@type\":\"ListItem\",\"position\":1,\"name\":\"Home\",\"item\":\"https:\/\/www.elementvape.de\/\"},{\"@type\":\"ListItem\",\"position\":2,\"name\":\"Shop\",\"item\":\"https:\/\/www.elementvape.de\/shop\/\"},{\"@type\":\"ListItem\",\"position\":3,\"name\":\"EXVAPE EXPOD Einweg-E-Zigarette 20mg\"}]},{\"@type\":\"WebSite\",\"@id\":\"https:\/\/www.elementvape.de\/#website\",\"url\":\"https:\/\/www.elementvape.de\/\",\"name\":\"ElementVape.de\",\"description\":\"\",\"publisher\":{\"@id\":\"https:\/\/www.elementvape.de\/#organization\"},\"potentialAction\":[{\"@type\":\"SearchAction\",\"target\":{\"@type\":\"EntryPoint\",\"urlTemplate\":\"https:\/\/www.elementvape.de\/?s={search_term_string}\"},\"query-input\":\"required name=search_term_string\"}],\"inLanguage\":\"fr-FR\"},{\"@type\":\"Organization\",\"@id\":\"https:\/\/www.elementvape.de\/#organization\",\"name\":\"ElementVape.DE\",\"url\":\"https:\/\/www.elementvape.de\/\",\"logo\":{\"@type\":\"ImageObject\",\"inLanguage\":\"fr-FR\",\"@id\":\"https:\/\/www.elementvape.de\/#\/schema\/logo\/image\/\",\"url\":\"https:\/\/www.elementvape.de\/wp-content\/uploads\/2024\/09\/cropped-1elementvape-3.png\",\"contentUrl\":\"https:\/\/www.elementvape.de\/wp-content\/uploads\/2024\/09\/cropped-1elementvape-3.png\",\"width\":285,\"height\":228,\"caption\":\"ElementVape.DE\"},\"image\":{\"@id\":\"https:\/\/www.elementvape.de\/#\/schema\/logo\/image\/\"}}]}<\/script>\n<!-- \/ Yoast SEO plugin. -->","yoast_head_json":{"title":"EXVAPE EXPOD Einweg-E-Zigarette 20mg | ElementVape.de","description":"Wir bieten EXVAPE EXPOD Einweg-E-Zigarette 20mg , Elementvape.de akzeptieren Gro\u00df-und Einzelhandel Bestellungen.","robots":{"index":"index","follow":"follow","max-snippet":"max-snippet:-1","max-image-preview":"max-image-preview:large","max-video-preview":"max-video-preview:-1"},"canonical":"https:\/\/www.elementvape.de\/fr\/produkt\/exvape-expod-einweg-e-zigarette-20mg\/","og_locale":"fr_FR","og_type":"article","og_title":"EXVAPE EXPOD Einweg-E-Zigarette 20mg | ElementVape.de","og_description":"Wir bieten EXVAPE EXPOD Einweg-E-Zigarette 20mg , Elementvape.de akzeptieren Gro\u00df-und Einzelhandel Bestellungen.","og_url":"https:\/\/www.elementvape.de\/fr\/produkt\/exvape-expod-einweg-e-zigarette-20mg\/","og_site_name":"ElementVape.de","article_modified_time":"2024-09-12T10:36:30+00:00","og_image":[{"width":1000,"height":1000,"url":"https:\/\/www.elementvape.de\/wp-content\/uploads\/2024\/06\/exvape-expod-einweg-e-zigarette-melon-ice-20-mg.jpg","type":"image\/jpeg"}],"twitter_card":"summary_large_image","twitter_misc":{"Est. reading time":"3 minutes"},"schema":{"@context":"https:\/\/schema.org","@graph":[{"@type":"WebPage","@id":"https:\/\/www.elementvape.de\/nl\/produkt\/exvape-expod-einweg-e-zigarette-20mg\/","url":"https:\/\/www.elementvape.de\/nl\/produkt\/exvape-expod-einweg-e-zigarette-20mg\/","name":"EXVAPE EXPOD Einweg-E-Zigarette 20mg | ElementVape.de","isPartOf":{"@id":"https:\/\/www.elementvape.de\/#website"},"primaryImageOfPage":{"@id":"https:\/\/www.elementvape.de\/nl\/produkt\/exvape-expod-einweg-e-zigarette-20mg\/#primaryimage"},"image":{"@id":"https:\/\/www.elementvape.de\/nl\/produkt\/exvape-expod-einweg-e-zigarette-20mg\/#primaryimage"},"thumbnailUrl":"https:\/\/www.elementvape.de\/wp-content\/uploads\/2024\/06\/exvape-expod-einweg-e-zigarette-melon-ice-20-mg.jpg","datePublished":"2024-06-04T09:51:07+00:00","dateModified":"2024-09-12T10:36:30+00:00","description":"Wir bieten EXVAPE EXPOD Einweg-E-Zigarette 20mg , Elementvape.de akzeptieren Gro\u00df-und Einzelhandel Bestellungen.","breadcrumb":{"@id":"https:\/\/www.elementvape.de\/nl\/produkt\/exvape-expod-einweg-e-zigarette-20mg\/#breadcrumb"},"inLanguage":"fr-FR","potentialAction":[{"@type":"ReadAction","target":["https:\/\/www.elementvape.de\/nl\/produkt\/exvape-expod-einweg-e-zigarette-20mg\/"]}]},{"@type":"ImageObject","inLanguage":"fr-FR","@id":"https:\/\/www.elementvape.de\/nl\/produkt\/exvape-expod-einweg-e-zigarette-20mg\/#primaryimage","url":"https:\/\/www.elementvape.de\/wp-content\/uploads\/2024\/06\/exvape-expod-einweg-e-zigarette-melon-ice-20-mg.jpg","contentUrl":"https:\/\/www.elementvape.de\/wp-content\/uploads\/2024\/06\/exvape-expod-einweg-e-zigarette-melon-ice-20-mg.jpg","width":1000,"height":1000,"caption":"exvape-expod-einweg-e-zigarette-melon-ice-20-mg"},{"@type":"BreadcrumbList","@id":"https:\/\/www.elementvape.de\/nl\/produkt\/exvape-expod-einweg-e-zigarette-20mg\/#breadcrumb","itemListElement":[{"@type":"ListItem","position":1,"name":"Home","item":"https:\/\/www.elementvape.de\/"},{"@type":"ListItem","position":2,"name":"Shop","item":"https:\/\/www.elementvape.de\/shop\/"},{"@type":"ListItem","position":3,"name":"EXVAPE EXPOD Einweg-E-Zigarette 20mg"}]},{"@type":"WebSite","@id":"https:\/\/www.elementvape.de\/#website","url":"https:\/\/www.elementvape.de\/","name":"ElementVape.de","description":"","publisher":{"@id":"https:\/\/www.elementvape.de\/#organization"},"potentialAction":[{"@type":"SearchAction","target":{"@type":"EntryPoint","urlTemplate":"https:\/\/www.elementvape.de\/?s={search_term_string}"},"query-input":"required name=search_term_string"}],"inLanguage":"fr-FR"},{"@type":"Organization","@id":"https:\/\/www.elementvape.de\/#organization","name":"ElementVape.DE","url":"https:\/\/www.elementvape.de\/","logo":{"@type":"ImageObject","inLanguage":"fr-FR","@id":"https:\/\/www.elementvape.de\/#\/schema\/logo\/image\/","url":"https:\/\/www.elementvape.de\/wp-content\/uploads\/2024\/09\/cropped-1elementvape-3.png","contentUrl":"https:\/\/www.elementvape.de\/wp-content\/uploads\/2024\/09\/cropped-1elementvape-3.png","width":285,"height":228,"caption":"ElementVape.DE"},"image":{"@id":"https:\/\/www.elementvape.de\/#\/schema\/logo\/image\/"}}]}},"_links":{"self":[{"href":"https:\/\/www.elementvape.de\/fr\/wp-json\/wp\/v2\/product\/11542"}],"collection":[{"href":"https:\/\/www.elementvape.de\/fr\/wp-json\/wp\/v2\/product"}],"about":[{"href":"https:\/\/www.elementvape.de\/fr\/wp-json\/wp\/v2\/types\/product"}],"wp:featuredmedia":[{"embeddable":true,"href":"https:\/\/www.elementvape.de\/fr\/wp-json\/wp\/v2\/media\/11543"}],"wp:attachment":[{"href":"https:\/\/www.elementvape.de\/fr\/wp-json\/wp\/v2\/media?parent=11542"}],"wp:term":[{"taxonomy":"product_cat","embeddable":true,"href":"https:\/\/www.elementvape.de\/fr\/wp-json\/wp\/v2\/product_cat?post=11542"},{"taxonomy":"product_tag","embeddable":true,"href":"https:\/\/www.elementvape.de\/fr\/wp-json\/wp\/v2\/product_tag?post=11542"}],"curies":[{"name":"wp","href":"https:\/\/api.w.org\/{rel}","templated":true}]}}