{"id":11526,"date":"2024-06-03T10:01:36","date_gmt":"2024-06-03T10:01:36","guid":{"rendered":"https:\/\/www.elementvape.de\/?post_type=product&#038;p=11526"},"modified":"2024-09-12T10:36:31","modified_gmt":"2024-09-12T10:36:31","slug":"randm-max-pro-3600-puffs-cartoon-stil-einweg-vape","status":"publish","type":"product","link":"https:\/\/www.elementvape.de\/fr\/produkt\/randm-max-pro-3600-puffs-cartoon-stil-einweg-vape\/","title":{"rendered":"RandM Max Pro 3600 Bouff\u00e9es Style Cartoon Cigarette \u00e9lectronique jetable"},"content":{"rendered":"<h2>Description de RandM Max Pro 3600 Bouff\u00e9es<\/h2>\n<p>RandM Max Pro est un dispositif de vapotage jetable avec un pod de vapotage jetable au design de dessin anim\u00e9 populaire. Il contient 10 ml de e-liquide \u00e0 base de sel de nicotine 0\/2\/3\/5 % et permet jusqu'\u00e0 3600 bouff\u00e9es. Vous pouvez choisir parmi 8 saveurs. Le design anim\u00e9 avec la lumi\u00e8re LED clignotante sur le bouton en fait le dispositif jetable le plus cool. De plus, il dispose d'une connexion USB rechargeable en bas de l'appareil, garantissant que vous utilisez jusqu'\u00e0 la derni\u00e8re goutte de e-liquide.<\/p>\n<h3>Caract\u00e9ristiques du RandM Max Pro Vape jetable :<\/h3>\n<p>Sel de nicotine 0\/2\/3\/5 %.<br \/>\n10 ml de e-liquide.<br \/>\n3600 bouff\u00e9es par appareil.<br \/>\nDesign de dessin anim\u00e9.<br \/>\nRechargeable avec connexion USB<br \/>\n8 saveurs disponibles.<br \/>\nM\u00e8che en mesh<br \/>\nDispositif jetable (rechargeable et non rechargeable)<\/p>\n<h3>Saveurs :<\/h3>\n<p>1. Ananas glace<br \/>\n2. Limonade rose<br \/>\n3. Mangue glace<br \/>\n4. Blue Razz glace<br \/>\n5. Aloe Raisin<br \/>\n6. Fraise Banane<br \/>\n7.Myrtilles m\u00e9lang\u00e9es<br \/>\n8.Ice Luxuriant<\/p>\n<h3>D\u00e9tails du produit :<\/h3>\n<p>1 x Vape jetable RandM Max Pro Style Cartoon 3600 bouff\u00e9es<\/p>","protected":false},"excerpt":{"rendered":"<p>RandM Max Pro 3600 Puffs Beschreibung RandM Max Pro ist ein Einweg-Vape-Ger\u00e4t mit einem Einweg-Vape-Pod im beliebten Cartoon-Design. Es enth\u00e4lt 10 ml 0\/2\/3\/5 % Nikotinsalz-E-Liquid und erm\u00f6glicht bis zu 3600 Z\u00fcge. Sie haben die Wahl zwischen 8 Geschmacksrichtungen. Das Animationsdesign mit dem blinkenden LED-Licht am Knopf macht es zum coolsten Einwegger\u00e4t. Au\u00dferdem verf\u00fcgt es \u00fcber [&hellip;]<\/p>","protected":false},"featured_media":11527,"template":"","meta":{"inline_featured_image":false},"product_cat":[78,754,745,742,748,744,755,738,751],"product_tag":[677],"tiered_pricing_type":"fixed","tiered_pricing_fixed_rules":[],"tiered_pricing_percentage_rules":[],"tiered_pricing_minimum":1,"_administrator_tiered_pricing_type":"fixed","_administrator_tiered_pricing_fixed_rules":[],"_editor_tiered_pricing_type":"fixed","_editor_tiered_pricing_fixed_rules":[],"_author_tiered_pricing_type":"fixed","_author_tiered_pricing_fixed_rules":[],"_contributor_tiered_pricing_type":"fixed","_contributor_tiered_pricing_fixed_rules":[],"_subscriber_tiered_pricing_type":"fixed","_subscriber_tiered_pricing_fixed_rules":[],"_customer_tiered_pricing_type":"fixed","_customer_tiered_pricing_fixed_rules":[],"_shop_manager_tiered_pricing_type":"fixed","_shop_manager_tiered_pricing_fixed_rules":[],"_wpseo_manager_tiered_pricing_type":"fixed","_wpseo_manager_tiered_pricing_fixed_rules":[],"_wpseo_editor_tiered_pricing_type":"fixed","_wpseo_editor_tiered_pricing_fixed_rules":[],"_wholesale_customer_tiered_pricing_type":"fixed","_wholesale_customer_tiered_pricing_fixed_rules":[],"_marketer_tiered_pricing_type":"fixed","_marketer_tiered_pricing_fixed_rules":[],"_sales_manager_tiered_pricing_type":"fixed","_sales_manager_tiered_pricing_fixed_rules":[],"_sales_rep_tiered_pricing_type":"fixed","_sales_rep_tiered_pricing_fixed_rules":[],"yoast_head":"<!-- This site is optimized with the Yoast SEO plugin v23.3 - https:\/\/yoast.com\/wordpress\/plugins\/seo\/ -->\n<title>RandM Max Pro 3600 Puffs Cartoon-Stil Einweg-Vape | ElementVape.de<\/title>\n<meta name=\"description\" content=\"Wir bieten RandM Max Pro 3600 Puffs Cartoon-Stil Einweg-Vape , Elementvape.de akzeptieren Gro\u00df-und Einzelhandel Bestellungen.\" \/>\n<meta name=\"robots\" content=\"index, follow, max-snippet:-1, max-image-preview:large, max-video-preview:-1\" \/>\n<link rel=\"canonical\" href=\"https:\/\/www.elementvape.de\/fr\/produkt\/randm-max-pro-3600-puffs-cartoon-stil-einweg-vape\/\" \/>\n<meta property=\"og:locale\" content=\"fr_FR\" \/>\n<meta property=\"og:type\" content=\"article\" \/>\n<meta property=\"og:title\" content=\"RandM Max Pro 3600 Puffs Cartoon-Stil Einweg-Vape | ElementVape.de\" \/>\n<meta property=\"og:description\" content=\"Wir bieten RandM Max Pro 3600 Puffs Cartoon-Stil Einweg-Vape , Elementvape.de akzeptieren Gro\u00df-und Einzelhandel Bestellungen.\" \/>\n<meta property=\"og:url\" content=\"https:\/\/www.elementvape.de\/fr\/produkt\/randm-max-pro-3600-puffs-cartoon-stil-einweg-vape\/\" \/>\n<meta property=\"og:site_name\" content=\"ElementVape.de\" \/>\n<meta property=\"article:modified_time\" content=\"2024-09-12T10:36:31+00:00\" \/>\n<meta property=\"og:image\" content=\"https:\/\/www.elementvape.de\/wp-content\/uploads\/2024\/06\/RandMMaxProCartoonStyleDisposableVape_1.webp\" \/>\n\t<meta property=\"og:image:width\" content=\"800\" \/>\n\t<meta property=\"og:image:height\" content=\"831\" \/>\n\t<meta property=\"og:image:type\" content=\"image\/webp\" \/>\n<meta name=\"twitter:card\" content=\"summary_large_image\" \/>\n<meta name=\"twitter:label1\" content=\"Est. reading time\" \/>\n\t<meta name=\"twitter:data1\" content=\"1 minute\" \/>\n<script type=\"application\/ld+json\" class=\"yoast-schema-graph\">{\"@context\":\"https:\/\/schema.org\",\"@graph\":[{\"@type\":\"WebPage\",\"@id\":\"https:\/\/www.elementvape.de\/produkt\/randm-max-pro-3600-puffs-cartoon-stil-einweg-vape\/\",\"url\":\"https:\/\/www.elementvape.de\/produkt\/randm-max-pro-3600-puffs-cartoon-stil-einweg-vape\/\",\"name\":\"RandM Max Pro 3600 Puffs Cartoon-Stil Einweg-Vape | ElementVape.de\",\"isPartOf\":{\"@id\":\"https:\/\/www.elementvape.de\/#website\"},\"primaryImageOfPage\":{\"@id\":\"https:\/\/www.elementvape.de\/produkt\/randm-max-pro-3600-puffs-cartoon-stil-einweg-vape\/#primaryimage\"},\"image\":{\"@id\":\"https:\/\/www.elementvape.de\/produkt\/randm-max-pro-3600-puffs-cartoon-stil-einweg-vape\/#primaryimage\"},\"thumbnailUrl\":\"https:\/\/www.elementvape.de\/wp-content\/uploads\/2024\/06\/RandMMaxProCartoonStyleDisposableVape_1.webp\",\"datePublished\":\"2024-06-03T10:01:36+00:00\",\"dateModified\":\"2024-09-12T10:36:31+00:00\",\"description\":\"Wir bieten RandM Max Pro 3600 Puffs Cartoon-Stil Einweg-Vape , Elementvape.de akzeptieren Gro\u00df-und Einzelhandel Bestellungen.\",\"breadcrumb\":{\"@id\":\"https:\/\/www.elementvape.de\/produkt\/randm-max-pro-3600-puffs-cartoon-stil-einweg-vape\/#breadcrumb\"},\"inLanguage\":\"fr-FR\",\"potentialAction\":[{\"@type\":\"ReadAction\",\"target\":[\"https:\/\/www.elementvape.de\/produkt\/randm-max-pro-3600-puffs-cartoon-stil-einweg-vape\/\"]}]},{\"@type\":\"ImageObject\",\"inLanguage\":\"fr-FR\",\"@id\":\"https:\/\/www.elementvape.de\/produkt\/randm-max-pro-3600-puffs-cartoon-stil-einweg-vape\/#primaryimage\",\"url\":\"https:\/\/www.elementvape.de\/wp-content\/uploads\/2024\/06\/RandMMaxProCartoonStyleDisposableVape_1.webp\",\"contentUrl\":\"https:\/\/www.elementvape.de\/wp-content\/uploads\/2024\/06\/RandMMaxProCartoonStyleDisposableVape_1.webp\",\"width\":800,\"height\":831,\"caption\":\"RandMMaxProCartoonStyleDisposableVape_1\"},{\"@type\":\"BreadcrumbList\",\"@id\":\"https:\/\/www.elementvape.de\/produkt\/randm-max-pro-3600-puffs-cartoon-stil-einweg-vape\/#breadcrumb\",\"itemListElement\":[{\"@type\":\"ListItem\",\"position\":1,\"name\":\"Home\",\"item\":\"https:\/\/www.elementvape.de\/\"},{\"@type\":\"ListItem\",\"position\":2,\"name\":\"Shop\",\"item\":\"https:\/\/www.elementvape.de\/shop\/\"},{\"@type\":\"ListItem\",\"position\":3,\"name\":\"RandM Max Pro 3600 Puffs Cartoon-Stil Einweg-Vape\"}]},{\"@type\":\"WebSite\",\"@id\":\"https:\/\/www.elementvape.de\/#website\",\"url\":\"https:\/\/www.elementvape.de\/\",\"name\":\"ElementVape.de\",\"description\":\"\",\"publisher\":{\"@id\":\"https:\/\/www.elementvape.de\/#organization\"},\"potentialAction\":[{\"@type\":\"SearchAction\",\"target\":{\"@type\":\"EntryPoint\",\"urlTemplate\":\"https:\/\/www.elementvape.de\/?s={search_term_string}\"},\"query-input\":\"required name=search_term_string\"}],\"inLanguage\":\"fr-FR\"},{\"@type\":\"Organization\",\"@id\":\"https:\/\/www.elementvape.de\/#organization\",\"name\":\"ElementVape.DE\",\"url\":\"https:\/\/www.elementvape.de\/\",\"logo\":{\"@type\":\"ImageObject\",\"inLanguage\":\"fr-FR\",\"@id\":\"https:\/\/www.elementvape.de\/#\/schema\/logo\/image\/\",\"url\":\"https:\/\/www.elementvape.de\/wp-content\/uploads\/2024\/09\/cropped-1elementvape-3.png\",\"contentUrl\":\"https:\/\/www.elementvape.de\/wp-content\/uploads\/2024\/09\/cropped-1elementvape-3.png\",\"width\":285,\"height\":228,\"caption\":\"ElementVape.DE\"},\"image\":{\"@id\":\"https:\/\/www.elementvape.de\/#\/schema\/logo\/image\/\"}}]}<\/script>\n<!-- \/ Yoast SEO plugin. -->","yoast_head_json":{"title":"RandM Max Pro 3600 Puffs Cartoon-Stil Einweg-Vape | ElementVape.de","description":"Wir bieten RandM Max Pro 3600 Puffs Cartoon-Stil Einweg-Vape , Elementvape.de akzeptieren Gro\u00df-und Einzelhandel Bestellungen.","robots":{"index":"index","follow":"follow","max-snippet":"max-snippet:-1","max-image-preview":"max-image-preview:large","max-video-preview":"max-video-preview:-1"},"canonical":"https:\/\/www.elementvape.de\/fr\/produkt\/randm-max-pro-3600-puffs-cartoon-stil-einweg-vape\/","og_locale":"fr_FR","og_type":"article","og_title":"RandM Max Pro 3600 Puffs Cartoon-Stil Einweg-Vape | ElementVape.de","og_description":"Wir bieten RandM Max Pro 3600 Puffs Cartoon-Stil Einweg-Vape , Elementvape.de akzeptieren Gro\u00df-und Einzelhandel Bestellungen.","og_url":"https:\/\/www.elementvape.de\/fr\/produkt\/randm-max-pro-3600-puffs-cartoon-stil-einweg-vape\/","og_site_name":"ElementVape.de","article_modified_time":"2024-09-12T10:36:31+00:00","og_image":[{"width":800,"height":831,"url":"https:\/\/www.elementvape.de\/wp-content\/uploads\/2024\/06\/RandMMaxProCartoonStyleDisposableVape_1.webp","type":"image\/webp"}],"twitter_card":"summary_large_image","twitter_misc":{"Est. reading time":"1 minute"},"schema":{"@context":"https:\/\/schema.org","@graph":[{"@type":"WebPage","@id":"https:\/\/www.elementvape.de\/produkt\/randm-max-pro-3600-puffs-cartoon-stil-einweg-vape\/","url":"https:\/\/www.elementvape.de\/produkt\/randm-max-pro-3600-puffs-cartoon-stil-einweg-vape\/","name":"RandM Max Pro 3600 Puffs Cartoon-Stil Einweg-Vape | ElementVape.de","isPartOf":{"@id":"https:\/\/www.elementvape.de\/#website"},"primaryImageOfPage":{"@id":"https:\/\/www.elementvape.de\/produkt\/randm-max-pro-3600-puffs-cartoon-stil-einweg-vape\/#primaryimage"},"image":{"@id":"https:\/\/www.elementvape.de\/produkt\/randm-max-pro-3600-puffs-cartoon-stil-einweg-vape\/#primaryimage"},"thumbnailUrl":"https:\/\/www.elementvape.de\/wp-content\/uploads\/2024\/06\/RandMMaxProCartoonStyleDisposableVape_1.webp","datePublished":"2024-06-03T10:01:36+00:00","dateModified":"2024-09-12T10:36:31+00:00","description":"Wir bieten RandM Max Pro 3600 Puffs Cartoon-Stil Einweg-Vape , Elementvape.de akzeptieren Gro\u00df-und Einzelhandel Bestellungen.","breadcrumb":{"@id":"https:\/\/www.elementvape.de\/produkt\/randm-max-pro-3600-puffs-cartoon-stil-einweg-vape\/#breadcrumb"},"inLanguage":"fr-FR","potentialAction":[{"@type":"ReadAction","target":["https:\/\/www.elementvape.de\/produkt\/randm-max-pro-3600-puffs-cartoon-stil-einweg-vape\/"]}]},{"@type":"ImageObject","inLanguage":"fr-FR","@id":"https:\/\/www.elementvape.de\/produkt\/randm-max-pro-3600-puffs-cartoon-stil-einweg-vape\/#primaryimage","url":"https:\/\/www.elementvape.de\/wp-content\/uploads\/2024\/06\/RandMMaxProCartoonStyleDisposableVape_1.webp","contentUrl":"https:\/\/www.elementvape.de\/wp-content\/uploads\/2024\/06\/RandMMaxProCartoonStyleDisposableVape_1.webp","width":800,"height":831,"caption":"RandMMaxProCartoonStyleDisposableVape_1"},{"@type":"BreadcrumbList","@id":"https:\/\/www.elementvape.de\/produkt\/randm-max-pro-3600-puffs-cartoon-stil-einweg-vape\/#breadcrumb","itemListElement":[{"@type":"ListItem","position":1,"name":"Home","item":"https:\/\/www.elementvape.de\/"},{"@type":"ListItem","position":2,"name":"Shop","item":"https:\/\/www.elementvape.de\/shop\/"},{"@type":"ListItem","position":3,"name":"RandM Max Pro 3600 Puffs Cartoon-Stil Einweg-Vape"}]},{"@type":"WebSite","@id":"https:\/\/www.elementvape.de\/#website","url":"https:\/\/www.elementvape.de\/","name":"ElementVape.de","description":"","publisher":{"@id":"https:\/\/www.elementvape.de\/#organization"},"potentialAction":[{"@type":"SearchAction","target":{"@type":"EntryPoint","urlTemplate":"https:\/\/www.elementvape.de\/?s={search_term_string}"},"query-input":"required name=search_term_string"}],"inLanguage":"fr-FR"},{"@type":"Organization","@id":"https:\/\/www.elementvape.de\/#organization","name":"ElementVape.DE","url":"https:\/\/www.elementvape.de\/","logo":{"@type":"ImageObject","inLanguage":"fr-FR","@id":"https:\/\/www.elementvape.de\/#\/schema\/logo\/image\/","url":"https:\/\/www.elementvape.de\/wp-content\/uploads\/2024\/09\/cropped-1elementvape-3.png","contentUrl":"https:\/\/www.elementvape.de\/wp-content\/uploads\/2024\/09\/cropped-1elementvape-3.png","width":285,"height":228,"caption":"ElementVape.DE"},"image":{"@id":"https:\/\/www.elementvape.de\/#\/schema\/logo\/image\/"}}]}},"_links":{"self":[{"href":"https:\/\/www.elementvape.de\/fr\/wp-json\/wp\/v2\/product\/11526"}],"collection":[{"href":"https:\/\/www.elementvape.de\/fr\/wp-json\/wp\/v2\/product"}],"about":[{"href":"https:\/\/www.elementvape.de\/fr\/wp-json\/wp\/v2\/types\/product"}],"wp:featuredmedia":[{"embeddable":true,"href":"https:\/\/www.elementvape.de\/fr\/wp-json\/wp\/v2\/media\/11527"}],"wp:attachment":[{"href":"https:\/\/www.elementvape.de\/fr\/wp-json\/wp\/v2\/media?parent=11526"}],"wp:term":[{"taxonomy":"product_cat","embeddable":true,"href":"https:\/\/www.elementvape.de\/fr\/wp-json\/wp\/v2\/product_cat?post=11526"},{"taxonomy":"product_tag","embeddable":true,"href":"https:\/\/www.elementvape.de\/fr\/wp-json\/wp\/v2\/product_tag?post=11526"}],"curies":[{"name":"wp","href":"https:\/\/api.w.org\/{rel}","templated":true}]}}