{"id":11476,"date":"2024-06-03T07:31:50","date_gmt":"2024-06-03T07:31:50","guid":{"rendered":"https:\/\/www.elementvape.de\/?post_type=product&#038;p=11476"},"modified":"2024-09-12T10:36:34","modified_gmt":"2024-09-12T10:36:34","slug":"ignite-v35-einweg-vape-3500-zuege","status":"publish","type":"product","link":"https:\/\/www.elementvape.de\/fr\/produkt\/ignite-v35-einweg-vape-3500-zuege\/","title":{"rendered":"IGNITE V35 Vape Jetable 3500 Bouff\u00e9es"},"content":{"rendered":"<p>Description<br \/>\nLe vapoteur jetable IGNITE V35 est un appareil fabriqu\u00e9 avec soin, sans entretien, parfait pour tous ceux qui recherchent une exp\u00e9rience de vapotage confortable. Il est pr\u00e9-rempli avec 10 ml de e-liquide, dispose d'une batterie de 1000 mAh et offre jusqu'\u00e0 3500 bouff\u00e9es, l'\u00e9quivalent de cinq paquets de cigarettes. De plus, l'appareil est pr\u00e9charg\u00e9 et s'active d'un seul coup de tirage. Il contient 5% de nicotine d\u00e9riv\u00e9e du tabac (50 mg\/ml). Compact, l\u00e9ger et discret. Jetez le stylo lorsqu'il ne s'allume plus ou que le go\u00fbt a disparu.<\/p>\n<p>Param\u00e8tres :<br \/>\nE-liquide : 10 ml<br \/>\nCapacit\u00e9 : 1000 mAh<br \/>\nNicotine : 5% (50 mg\/ml)<br \/>\nNombre de bouff\u00e9es : 3500 bouff\u00e9es<\/p>\n<p>Saveurs :<br \/>\nGroseille glac\u00e9e : Groseille juteuse avec une explosion rafra\u00eechissante arctique.<br \/>\nBanane glac\u00e9e : Banane cr\u00e9meuse avec une finale menthol\u00e9e rafra\u00eechissante.<br \/>\nGroseille bleue glac\u00e9e : Groseille bleue agr\u00e9able avec une expiration fra\u00eeche.<br \/>\nMyrtille glac\u00e9e : Myrtille fra\u00eeche avec une touche de fra\u00eecheur.<br \/>\nCerise glac\u00e9e : Cerise acidul\u00e9e avec un effet rafra\u00eechissant.<br \/>\nMenthe glac\u00e9e : Menthe classique avec une touche glac\u00e9e rafra\u00eechissante.<br \/>\nMangue p\u00eache : Fusion exotique de mangue et de p\u00eache succulente.<br \/>\nFraise Banane : Fusion douce de fraise sucr\u00e9e et de banane cr\u00e9meuse.<br \/>\nFraise Kiwi : Kiwi acidul\u00e9 avec une explosion de fraise.<br \/>\nPast\u00e8que Pomme Glac\u00e9e : Pomme rafra\u00eechissante et past\u00e8que juteuse avec un effet frais.<br \/>\nFraise Pomme Past\u00e8que : M\u00e9lange sucr\u00e9 de fraise, pomme acidul\u00e9e et past\u00e8que rafra\u00eechissante.<br \/>\nLimonade Framboise : M\u00e9lange de framboise acidul\u00e9e et de limonade piquante.<\/p>\n<p>Liste de packing :<br \/>\n1 x IGNITE V35 Vape Jetable 3500 Bouff\u00e9es<\/p>","protected":false},"excerpt":{"rendered":"<p>Beschreibung Der IGNITE V35 Disposable Vape ist ein fachm\u00e4nnisch gefertigtes, wartungsfreies Ger\u00e4t, das perfekt f\u00fcr alle ist, die ein bequemes Dampferlebnis suchen. Er ist mit 10 ml E-Liquid vorgef\u00fcllt, verf\u00fcgt \u00fcber einen 1000-mAh-Akku und bis zu 3500 Z\u00fcge, das \u00c4quivalent von f\u00fcnf Zigarettenpackungen. Dar\u00fcber hinaus ist das Ger\u00e4t vorgeladen und wird mit nur einem Zug [&hellip;]<\/p>","protected":false},"featured_media":11489,"template":"","meta":{"inline_featured_image":false},"product_cat":[15,78,754,745,742,748,744,755,738,751],"product_tag":[677],"tiered_pricing_type":"fixed","tiered_pricing_fixed_rules":[],"tiered_pricing_percentage_rules":[],"tiered_pricing_minimum":1,"_administrator_tiered_pricing_type":"fixed","_administrator_tiered_pricing_fixed_rules":[],"_editor_tiered_pricing_type":"fixed","_editor_tiered_pricing_fixed_rules":[],"_author_tiered_pricing_type":"fixed","_author_tiered_pricing_fixed_rules":[],"_contributor_tiered_pricing_type":"fixed","_contributor_tiered_pricing_fixed_rules":[],"_subscriber_tiered_pricing_type":"fixed","_subscriber_tiered_pricing_fixed_rules":[],"_customer_tiered_pricing_type":"fixed","_customer_tiered_pricing_fixed_rules":[],"_shop_manager_tiered_pricing_type":"fixed","_shop_manager_tiered_pricing_fixed_rules":[],"_wpseo_manager_tiered_pricing_type":"fixed","_wpseo_manager_tiered_pricing_fixed_rules":[],"_wpseo_editor_tiered_pricing_type":"fixed","_wpseo_editor_tiered_pricing_fixed_rules":[],"_wholesale_customer_tiered_pricing_type":"fixed","_wholesale_customer_tiered_pricing_fixed_rules":[],"_marketer_tiered_pricing_type":"fixed","_marketer_tiered_pricing_fixed_rules":[],"_sales_manager_tiered_pricing_type":"fixed","_sales_manager_tiered_pricing_fixed_rules":[],"_sales_rep_tiered_pricing_type":"fixed","_sales_rep_tiered_pricing_fixed_rules":[],"yoast_head":"<!-- This site is optimized with the Yoast SEO plugin v23.3 - https:\/\/yoast.com\/wordpress\/plugins\/seo\/ -->\n<title>IGNITE V35 Einweg Vape 3500 Z\u00fcge | ElementVape.de<\/title>\n<meta name=\"description\" content=\"Wir bieten IGNITE V35 Einweg Vape 3500 Z\u00fcge , Elementvape.de akzeptieren Gro\u00df-und Einzelhandel Bestellungen.\" \/>\n<meta name=\"robots\" content=\"index, follow, max-snippet:-1, max-image-preview:large, max-video-preview:-1\" \/>\n<link rel=\"canonical\" href=\"https:\/\/www.elementvape.de\/fr\/produkt\/ignite-v35-einweg-vape-3500-zuege\/\" \/>\n<meta property=\"og:locale\" content=\"fr_FR\" \/>\n<meta property=\"og:type\" content=\"article\" \/>\n<meta property=\"og:title\" content=\"IGNITE V35 Einweg Vape 3500 Z\u00fcge | ElementVape.de\" \/>\n<meta property=\"og:description\" content=\"Wir bieten IGNITE V35 Einweg Vape 3500 Z\u00fcge , Elementvape.de akzeptieren Gro\u00df-und Einzelhandel Bestellungen.\" \/>\n<meta property=\"og:url\" content=\"https:\/\/www.elementvape.de\/fr\/produkt\/ignite-v35-einweg-vape-3500-zuege\/\" \/>\n<meta property=\"og:site_name\" content=\"ElementVape.de\" \/>\n<meta property=\"article:modified_time\" content=\"2024-09-12T10:36:34+00:00\" \/>\n<meta property=\"og:image\" content=\"https:\/\/www.elementvape.de\/wp-content\/uploads\/2024\/06\/IgniteV35DisposableVape3500Puffs10pcs_1.webp\" \/>\n\t<meta property=\"og:image:width\" content=\"800\" \/>\n\t<meta property=\"og:image:height\" content=\"800\" \/>\n\t<meta property=\"og:image:type\" content=\"image\/webp\" \/>\n<meta name=\"twitter:card\" content=\"summary_large_image\" \/>\n<meta name=\"twitter:label1\" content=\"Est. reading time\" \/>\n\t<meta name=\"twitter:data1\" content=\"2 minutes\" \/>\n<script type=\"application\/ld+json\" class=\"yoast-schema-graph\">{\"@context\":\"https:\/\/schema.org\",\"@graph\":[{\"@type\":\"WebPage\",\"@id\":\"https:\/\/www.elementvape.de\/nl\/produkt\/ignite-v35-einweg-vape-3500-zuege\/\",\"url\":\"https:\/\/www.elementvape.de\/nl\/produkt\/ignite-v35-einweg-vape-3500-zuege\/\",\"name\":\"IGNITE V35 Einweg Vape 3500 Z\u00fcge | ElementVape.de\",\"isPartOf\":{\"@id\":\"https:\/\/www.elementvape.de\/#website\"},\"primaryImageOfPage\":{\"@id\":\"https:\/\/www.elementvape.de\/nl\/produkt\/ignite-v35-einweg-vape-3500-zuege\/#primaryimage\"},\"image\":{\"@id\":\"https:\/\/www.elementvape.de\/nl\/produkt\/ignite-v35-einweg-vape-3500-zuege\/#primaryimage\"},\"thumbnailUrl\":\"https:\/\/www.elementvape.de\/wp-content\/uploads\/2024\/06\/IgniteV35DisposableVape3500Puffs10pcs_1.webp\",\"datePublished\":\"2024-06-03T07:31:50+00:00\",\"dateModified\":\"2024-09-12T10:36:34+00:00\",\"description\":\"Wir bieten IGNITE V35 Einweg Vape 3500 Z\u00fcge , Elementvape.de akzeptieren Gro\u00df-und Einzelhandel Bestellungen.\",\"breadcrumb\":{\"@id\":\"https:\/\/www.elementvape.de\/nl\/produkt\/ignite-v35-einweg-vape-3500-zuege\/#breadcrumb\"},\"inLanguage\":\"fr-FR\",\"potentialAction\":[{\"@type\":\"ReadAction\",\"target\":[\"https:\/\/www.elementvape.de\/nl\/produkt\/ignite-v35-einweg-vape-3500-zuege\/\"]}]},{\"@type\":\"ImageObject\",\"inLanguage\":\"fr-FR\",\"@id\":\"https:\/\/www.elementvape.de\/nl\/produkt\/ignite-v35-einweg-vape-3500-zuege\/#primaryimage\",\"url\":\"https:\/\/www.elementvape.de\/wp-content\/uploads\/2024\/06\/IgniteV35DisposableVape3500Puffs10pcs_1.webp\",\"contentUrl\":\"https:\/\/www.elementvape.de\/wp-content\/uploads\/2024\/06\/IgniteV35DisposableVape3500Puffs10pcs_1.webp\",\"width\":800,\"height\":800,\"caption\":\"IgniteV35DisposableVape3500Puffs10pcs_1\"},{\"@type\":\"BreadcrumbList\",\"@id\":\"https:\/\/www.elementvape.de\/nl\/produkt\/ignite-v35-einweg-vape-3500-zuege\/#breadcrumb\",\"itemListElement\":[{\"@type\":\"ListItem\",\"position\":1,\"name\":\"Home\",\"item\":\"https:\/\/www.elementvape.de\/\"},{\"@type\":\"ListItem\",\"position\":2,\"name\":\"Shop\",\"item\":\"https:\/\/www.elementvape.de\/shop\/\"},{\"@type\":\"ListItem\",\"position\":3,\"name\":\"IGNITE V35 Einweg Vape 3500 Z\u00fcge\"}]},{\"@type\":\"WebSite\",\"@id\":\"https:\/\/www.elementvape.de\/#website\",\"url\":\"https:\/\/www.elementvape.de\/\",\"name\":\"ElementVape.de\",\"description\":\"\",\"publisher\":{\"@id\":\"https:\/\/www.elementvape.de\/#organization\"},\"potentialAction\":[{\"@type\":\"SearchAction\",\"target\":{\"@type\":\"EntryPoint\",\"urlTemplate\":\"https:\/\/www.elementvape.de\/?s={search_term_string}\"},\"query-input\":\"required name=search_term_string\"}],\"inLanguage\":\"fr-FR\"},{\"@type\":\"Organization\",\"@id\":\"https:\/\/www.elementvape.de\/#organization\",\"name\":\"ElementVape.DE\",\"url\":\"https:\/\/www.elementvape.de\/\",\"logo\":{\"@type\":\"ImageObject\",\"inLanguage\":\"fr-FR\",\"@id\":\"https:\/\/www.elementvape.de\/#\/schema\/logo\/image\/\",\"url\":\"https:\/\/www.elementvape.de\/wp-content\/uploads\/2024\/09\/cropped-1elementvape-3.png\",\"contentUrl\":\"https:\/\/www.elementvape.de\/wp-content\/uploads\/2024\/09\/cropped-1elementvape-3.png\",\"width\":285,\"height\":228,\"caption\":\"ElementVape.DE\"},\"image\":{\"@id\":\"https:\/\/www.elementvape.de\/#\/schema\/logo\/image\/\"}}]}<\/script>\n<!-- \/ Yoast SEO plugin. -->","yoast_head_json":{"title":"IGNITE V35 Einweg Vape 3500 Z\u00fcge | ElementVape.de","description":"Wir bieten IGNITE V35 Einweg Vape 3500 Z\u00fcge , Elementvape.de akzeptieren Gro\u00df-und Einzelhandel Bestellungen.","robots":{"index":"index","follow":"follow","max-snippet":"max-snippet:-1","max-image-preview":"max-image-preview:large","max-video-preview":"max-video-preview:-1"},"canonical":"https:\/\/www.elementvape.de\/fr\/produkt\/ignite-v35-einweg-vape-3500-zuege\/","og_locale":"fr_FR","og_type":"article","og_title":"IGNITE V35 Einweg Vape 3500 Z\u00fcge | ElementVape.de","og_description":"Wir bieten IGNITE V35 Einweg Vape 3500 Z\u00fcge , Elementvape.de akzeptieren Gro\u00df-und Einzelhandel Bestellungen.","og_url":"https:\/\/www.elementvape.de\/fr\/produkt\/ignite-v35-einweg-vape-3500-zuege\/","og_site_name":"ElementVape.de","article_modified_time":"2024-09-12T10:36:34+00:00","og_image":[{"width":800,"height":800,"url":"https:\/\/www.elementvape.de\/wp-content\/uploads\/2024\/06\/IgniteV35DisposableVape3500Puffs10pcs_1.webp","type":"image\/webp"}],"twitter_card":"summary_large_image","twitter_misc":{"Est. reading time":"2 minutes"},"schema":{"@context":"https:\/\/schema.org","@graph":[{"@type":"WebPage","@id":"https:\/\/www.elementvape.de\/nl\/produkt\/ignite-v35-einweg-vape-3500-zuege\/","url":"https:\/\/www.elementvape.de\/nl\/produkt\/ignite-v35-einweg-vape-3500-zuege\/","name":"IGNITE V35 Einweg Vape 3500 Z\u00fcge | ElementVape.de","isPartOf":{"@id":"https:\/\/www.elementvape.de\/#website"},"primaryImageOfPage":{"@id":"https:\/\/www.elementvape.de\/nl\/produkt\/ignite-v35-einweg-vape-3500-zuege\/#primaryimage"},"image":{"@id":"https:\/\/www.elementvape.de\/nl\/produkt\/ignite-v35-einweg-vape-3500-zuege\/#primaryimage"},"thumbnailUrl":"https:\/\/www.elementvape.de\/wp-content\/uploads\/2024\/06\/IgniteV35DisposableVape3500Puffs10pcs_1.webp","datePublished":"2024-06-03T07:31:50+00:00","dateModified":"2024-09-12T10:36:34+00:00","description":"Wir bieten IGNITE V35 Einweg Vape 3500 Z\u00fcge , Elementvape.de akzeptieren Gro\u00df-und Einzelhandel Bestellungen.","breadcrumb":{"@id":"https:\/\/www.elementvape.de\/nl\/produkt\/ignite-v35-einweg-vape-3500-zuege\/#breadcrumb"},"inLanguage":"fr-FR","potentialAction":[{"@type":"ReadAction","target":["https:\/\/www.elementvape.de\/nl\/produkt\/ignite-v35-einweg-vape-3500-zuege\/"]}]},{"@type":"ImageObject","inLanguage":"fr-FR","@id":"https:\/\/www.elementvape.de\/nl\/produkt\/ignite-v35-einweg-vape-3500-zuege\/#primaryimage","url":"https:\/\/www.elementvape.de\/wp-content\/uploads\/2024\/06\/IgniteV35DisposableVape3500Puffs10pcs_1.webp","contentUrl":"https:\/\/www.elementvape.de\/wp-content\/uploads\/2024\/06\/IgniteV35DisposableVape3500Puffs10pcs_1.webp","width":800,"height":800,"caption":"IgniteV35DisposableVape3500Puffs10pcs_1"},{"@type":"BreadcrumbList","@id":"https:\/\/www.elementvape.de\/nl\/produkt\/ignite-v35-einweg-vape-3500-zuege\/#breadcrumb","itemListElement":[{"@type":"ListItem","position":1,"name":"Home","item":"https:\/\/www.elementvape.de\/"},{"@type":"ListItem","position":2,"name":"Shop","item":"https:\/\/www.elementvape.de\/shop\/"},{"@type":"ListItem","position":3,"name":"IGNITE V35 Einweg Vape 3500 Z\u00fcge"}]},{"@type":"WebSite","@id":"https:\/\/www.elementvape.de\/#website","url":"https:\/\/www.elementvape.de\/","name":"ElementVape.de","description":"","publisher":{"@id":"https:\/\/www.elementvape.de\/#organization"},"potentialAction":[{"@type":"SearchAction","target":{"@type":"EntryPoint","urlTemplate":"https:\/\/www.elementvape.de\/?s={search_term_string}"},"query-input":"required name=search_term_string"}],"inLanguage":"fr-FR"},{"@type":"Organization","@id":"https:\/\/www.elementvape.de\/#organization","name":"ElementVape.DE","url":"https:\/\/www.elementvape.de\/","logo":{"@type":"ImageObject","inLanguage":"fr-FR","@id":"https:\/\/www.elementvape.de\/#\/schema\/logo\/image\/","url":"https:\/\/www.elementvape.de\/wp-content\/uploads\/2024\/09\/cropped-1elementvape-3.png","contentUrl":"https:\/\/www.elementvape.de\/wp-content\/uploads\/2024\/09\/cropped-1elementvape-3.png","width":285,"height":228,"caption":"ElementVape.DE"},"image":{"@id":"https:\/\/www.elementvape.de\/#\/schema\/logo\/image\/"}}]}},"_links":{"self":[{"href":"https:\/\/www.elementvape.de\/fr\/wp-json\/wp\/v2\/product\/11476"}],"collection":[{"href":"https:\/\/www.elementvape.de\/fr\/wp-json\/wp\/v2\/product"}],"about":[{"href":"https:\/\/www.elementvape.de\/fr\/wp-json\/wp\/v2\/types\/product"}],"wp:featuredmedia":[{"embeddable":true,"href":"https:\/\/www.elementvape.de\/fr\/wp-json\/wp\/v2\/media\/11489"}],"wp:attachment":[{"href":"https:\/\/www.elementvape.de\/fr\/wp-json\/wp\/v2\/media?parent=11476"}],"wp:term":[{"taxonomy":"product_cat","embeddable":true,"href":"https:\/\/www.elementvape.de\/fr\/wp-json\/wp\/v2\/product_cat?post=11476"},{"taxonomy":"product_tag","embeddable":true,"href":"https:\/\/www.elementvape.de\/fr\/wp-json\/wp\/v2\/product_tag?post=11476"}],"curies":[{"name":"wp","href":"https:\/\/api.w.org\/{rel}","templated":true}]}}