{"id":11436,"date":"2024-06-03T07:03:27","date_gmt":"2024-06-03T07:03:27","guid":{"rendered":"https:\/\/www.elementvape.de\/?post_type=product&#038;p=11436"},"modified":"2024-09-12T10:36:35","modified_gmt":"2024-09-12T10:36:35","slug":"meta-galaxy-9000-einweg-vape-9000-zuege","status":"publish","type":"product","link":"https:\/\/www.elementvape.de\/fr\/produkt\/meta-galaxy-9000-einweg-vape-9000-zuege\/","title":{"rendered":"META Galaxy 9000 Vape Jetable 9000 Bouff\u00e9es"},"content":{"rendered":"<p>Description :<br \/>\nNous pr\u00e9sentons le META Galaxy 9000, un vaporisateur jetable avec un rev\u00eatement en cristal unique pour une sensation ultrluxe dans la main. Avec sa batterie de 650 mAh, une capacit\u00e9 de 19 ml de e-liquide, deux r\u00e9sistances en mesh et 5 % de nicotine, cet appareil a du punch et offre une saveur riche et uniforme. Rechargeable via USB-C, profitez jusqu'\u00e0 9000 bouff\u00e9es avec chaque appareil.<\/p>\n<h3>Param\u00e8tres :<\/h3>\n<p>Taille : 48 x 24 x 88,15 mm<br \/>\nE-liquide : 19,0 ml<br \/>\nR\u00e9sistance : Mesh double<br \/>\nBatterie : 650 mAh<br \/>\nCharge : TYP C<br \/>\nNicotine : 5% (50 mg\/ml)<br \/>\nNombre de bouff\u00e9es : 9000 bouff\u00e9es<\/p>\n<h3>Saveurs :<\/h3>\n<p>Limonade rose<br \/>\nGomme p\u00eache myrtille<br \/>\nNuage Arc-en-Ciel<br \/>\nTemp\u00eate Bleue<br \/>\nMangue Orange<br \/>\nLiqueur de Pomme Verte<br \/>\nPast\u00e8que Glac\u00e9e<br \/>\nRaisin Glac\u00e9<br \/>\nRaisin Bleu Glac\u00e9<br \/>\nGaufrette Fraise<br \/>\nFraise Fruit du Dragon<br \/>\nMenthol<\/p>\n<h3>Liste de packing :<\/h3>\n<p>1 x META Galaxy 9000 Vape jetable 9000 bouff\u00e9es<\/p>","protected":false},"excerpt":{"rendered":"<p>Beschreibung: Wir pr\u00e4sentieren den META Galaxy 9000, einen Einweg-Vaporizer mit einer einzigartigen Kristallbeschichtung f\u00fcr ein ultraluxuri\u00f6ses Gef\u00fchl in der Hand. Mit seinem 650-mAh-Akku, 19 ml E-Liquid-Kapazit\u00e4t, zwei Mesh-Spulen und 5 % Nikotin hat dieses Ger\u00e4t es in sich und liefert einen reichen, gleichm\u00e4\u00dfigen Geschmack. Aufladbar \u00fcber USB-C, genie\u00dfen Sie bis zu 9000 Z\u00fcge mit jedem [&hellip;]<\/p>","protected":false},"featured_media":11437,"template":"","meta":{"inline_featured_image":false},"product_cat":[78,754,745,742,748,744,755,738,751],"product_tag":[684],"tiered_pricing_type":"fixed","tiered_pricing_fixed_rules":[],"tiered_pricing_percentage_rules":[],"tiered_pricing_minimum":1,"_administrator_tiered_pricing_type":"fixed","_administrator_tiered_pricing_fixed_rules":[],"_editor_tiered_pricing_type":"fixed","_editor_tiered_pricing_fixed_rules":[],"_author_tiered_pricing_type":"fixed","_author_tiered_pricing_fixed_rules":[],"_contributor_tiered_pricing_type":"fixed","_contributor_tiered_pricing_fixed_rules":[],"_subscriber_tiered_pricing_type":"fixed","_subscriber_tiered_pricing_fixed_rules":[],"_customer_tiered_pricing_type":"fixed","_customer_tiered_pricing_fixed_rules":[],"_shop_manager_tiered_pricing_type":"fixed","_shop_manager_tiered_pricing_fixed_rules":[],"_wpseo_manager_tiered_pricing_type":"fixed","_wpseo_manager_tiered_pricing_fixed_rules":[],"_wpseo_editor_tiered_pricing_type":"fixed","_wpseo_editor_tiered_pricing_fixed_rules":[],"_wholesale_customer_tiered_pricing_type":"fixed","_wholesale_customer_tiered_pricing_fixed_rules":[],"_marketer_tiered_pricing_type":"fixed","_marketer_tiered_pricing_fixed_rules":[],"_sales_manager_tiered_pricing_type":"fixed","_sales_manager_tiered_pricing_fixed_rules":[],"_sales_rep_tiered_pricing_type":"fixed","_sales_rep_tiered_pricing_fixed_rules":[],"yoast_head":"<!-- This site is optimized with the Yoast SEO plugin v23.3 - https:\/\/yoast.com\/wordpress\/plugins\/seo\/ -->\n<title>META Galaxy 9000 Einweg-Vape 9000 Z\u00fcge | ElementVape.de<\/title>\n<meta name=\"description\" content=\"Wir bieten META Galaxy 9000 Einweg-Vape 9000 Z\u00fcge , Elementvape.de akzeptieren Gro\u00df-und Einzelhandel Bestellungen.\" \/>\n<meta name=\"robots\" content=\"index, follow, max-snippet:-1, max-image-preview:large, max-video-preview:-1\" \/>\n<link rel=\"canonical\" href=\"https:\/\/www.elementvape.de\/fr\/produkt\/meta-galaxy-9000-einweg-vape-9000-zuege\/\" \/>\n<meta property=\"og:locale\" content=\"fr_FR\" \/>\n<meta property=\"og:type\" content=\"article\" \/>\n<meta property=\"og:title\" content=\"META Galaxy 9000 Einweg-Vape 9000 Z\u00fcge | ElementVape.de\" \/>\n<meta property=\"og:description\" content=\"Wir bieten META Galaxy 9000 Einweg-Vape 9000 Z\u00fcge , Elementvape.de akzeptieren Gro\u00df-und Einzelhandel Bestellungen.\" \/>\n<meta property=\"og:url\" content=\"https:\/\/www.elementvape.de\/fr\/produkt\/meta-galaxy-9000-einweg-vape-9000-zuege\/\" \/>\n<meta property=\"og:site_name\" content=\"ElementVape.de\" \/>\n<meta property=\"article:modified_time\" content=\"2024-09-12T10:36:35+00:00\" \/>\n<meta property=\"og:image\" content=\"https:\/\/www.elementvape.de\/wp-content\/uploads\/2024\/06\/META-GALAXY-9000-Puffs.jpg\" \/>\n\t<meta property=\"og:image:width\" content=\"800\" \/>\n\t<meta property=\"og:image:height\" content=\"800\" \/>\n\t<meta property=\"og:image:type\" content=\"image\/jpeg\" \/>\n<meta name=\"twitter:card\" content=\"summary_large_image\" \/>\n<meta name=\"twitter:label1\" content=\"Est. reading time\" \/>\n\t<meta name=\"twitter:data1\" content=\"1 minute\" \/>\n<script type=\"application\/ld+json\" class=\"yoast-schema-graph\">{\"@context\":\"https:\/\/schema.org\",\"@graph\":[{\"@type\":\"WebPage\",\"@id\":\"https:\/\/www.elementvape.de\/en\/produkt\/meta-galaxy-9000-einweg-vape-9000-zuege\/\",\"url\":\"https:\/\/www.elementvape.de\/en\/produkt\/meta-galaxy-9000-einweg-vape-9000-zuege\/\",\"name\":\"META Galaxy 9000 Einweg-Vape 9000 Z\u00fcge | ElementVape.de\",\"isPartOf\":{\"@id\":\"https:\/\/www.elementvape.de\/#website\"},\"primaryImageOfPage\":{\"@id\":\"https:\/\/www.elementvape.de\/en\/produkt\/meta-galaxy-9000-einweg-vape-9000-zuege\/#primaryimage\"},\"image\":{\"@id\":\"https:\/\/www.elementvape.de\/en\/produkt\/meta-galaxy-9000-einweg-vape-9000-zuege\/#primaryimage\"},\"thumbnailUrl\":\"https:\/\/www.elementvape.de\/wp-content\/uploads\/2024\/06\/META-GALAXY-9000-Puffs.jpg\",\"datePublished\":\"2024-06-03T07:03:27+00:00\",\"dateModified\":\"2024-09-12T10:36:35+00:00\",\"description\":\"Wir bieten META Galaxy 9000 Einweg-Vape 9000 Z\u00fcge , Elementvape.de akzeptieren Gro\u00df-und Einzelhandel Bestellungen.\",\"breadcrumb\":{\"@id\":\"https:\/\/www.elementvape.de\/en\/produkt\/meta-galaxy-9000-einweg-vape-9000-zuege\/#breadcrumb\"},\"inLanguage\":\"fr-FR\",\"potentialAction\":[{\"@type\":\"ReadAction\",\"target\":[\"https:\/\/www.elementvape.de\/en\/produkt\/meta-galaxy-9000-einweg-vape-9000-zuege\/\"]}]},{\"@type\":\"ImageObject\",\"inLanguage\":\"fr-FR\",\"@id\":\"https:\/\/www.elementvape.de\/en\/produkt\/meta-galaxy-9000-einweg-vape-9000-zuege\/#primaryimage\",\"url\":\"https:\/\/www.elementvape.de\/wp-content\/uploads\/2024\/06\/META-GALAXY-9000-Puffs.jpg\",\"contentUrl\":\"https:\/\/www.elementvape.de\/wp-content\/uploads\/2024\/06\/META-GALAXY-9000-Puffs.jpg\",\"width\":800,\"height\":800,\"caption\":\"META-GALAXY-9000-Puffs\"},{\"@type\":\"BreadcrumbList\",\"@id\":\"https:\/\/www.elementvape.de\/en\/produkt\/meta-galaxy-9000-einweg-vape-9000-zuege\/#breadcrumb\",\"itemListElement\":[{\"@type\":\"ListItem\",\"position\":1,\"name\":\"Home\",\"item\":\"https:\/\/www.elementvape.de\/\"},{\"@type\":\"ListItem\",\"position\":2,\"name\":\"Shop\",\"item\":\"https:\/\/www.elementvape.de\/shop\/\"},{\"@type\":\"ListItem\",\"position\":3,\"name\":\"META Galaxy 9000 Einweg-Vape 9000 Z\u00fcge\"}]},{\"@type\":\"WebSite\",\"@id\":\"https:\/\/www.elementvape.de\/#website\",\"url\":\"https:\/\/www.elementvape.de\/\",\"name\":\"ElementVape.de\",\"description\":\"\",\"publisher\":{\"@id\":\"https:\/\/www.elementvape.de\/#organization\"},\"potentialAction\":[{\"@type\":\"SearchAction\",\"target\":{\"@type\":\"EntryPoint\",\"urlTemplate\":\"https:\/\/www.elementvape.de\/?s={search_term_string}\"},\"query-input\":\"required name=search_term_string\"}],\"inLanguage\":\"fr-FR\"},{\"@type\":\"Organization\",\"@id\":\"https:\/\/www.elementvape.de\/#organization\",\"name\":\"ElementVape.DE\",\"url\":\"https:\/\/www.elementvape.de\/\",\"logo\":{\"@type\":\"ImageObject\",\"inLanguage\":\"fr-FR\",\"@id\":\"https:\/\/www.elementvape.de\/#\/schema\/logo\/image\/\",\"url\":\"https:\/\/www.elementvape.de\/wp-content\/uploads\/2024\/09\/cropped-1elementvape-3.png\",\"contentUrl\":\"https:\/\/www.elementvape.de\/wp-content\/uploads\/2024\/09\/cropped-1elementvape-3.png\",\"width\":285,\"height\":228,\"caption\":\"ElementVape.DE\"},\"image\":{\"@id\":\"https:\/\/www.elementvape.de\/#\/schema\/logo\/image\/\"}}]}<\/script>\n<!-- \/ Yoast SEO plugin. -->","yoast_head_json":{"title":"META Galaxy 9000 Einweg-Vape 9000 Z\u00fcge | ElementVape.de","description":"Wir bieten META Galaxy 9000 Einweg-Vape 9000 Z\u00fcge , Elementvape.de akzeptieren Gro\u00df-und Einzelhandel Bestellungen.","robots":{"index":"index","follow":"follow","max-snippet":"max-snippet:-1","max-image-preview":"max-image-preview:large","max-video-preview":"max-video-preview:-1"},"canonical":"https:\/\/www.elementvape.de\/fr\/produkt\/meta-galaxy-9000-einweg-vape-9000-zuege\/","og_locale":"fr_FR","og_type":"article","og_title":"META Galaxy 9000 Einweg-Vape 9000 Z\u00fcge | ElementVape.de","og_description":"Wir bieten META Galaxy 9000 Einweg-Vape 9000 Z\u00fcge , Elementvape.de akzeptieren Gro\u00df-und Einzelhandel Bestellungen.","og_url":"https:\/\/www.elementvape.de\/fr\/produkt\/meta-galaxy-9000-einweg-vape-9000-zuege\/","og_site_name":"ElementVape.de","article_modified_time":"2024-09-12T10:36:35+00:00","og_image":[{"width":800,"height":800,"url":"https:\/\/www.elementvape.de\/wp-content\/uploads\/2024\/06\/META-GALAXY-9000-Puffs.jpg","type":"image\/jpeg"}],"twitter_card":"summary_large_image","twitter_misc":{"Est. reading time":"1 minute"},"schema":{"@context":"https:\/\/schema.org","@graph":[{"@type":"WebPage","@id":"https:\/\/www.elementvape.de\/en\/produkt\/meta-galaxy-9000-einweg-vape-9000-zuege\/","url":"https:\/\/www.elementvape.de\/en\/produkt\/meta-galaxy-9000-einweg-vape-9000-zuege\/","name":"META Galaxy 9000 Einweg-Vape 9000 Z\u00fcge | ElementVape.de","isPartOf":{"@id":"https:\/\/www.elementvape.de\/#website"},"primaryImageOfPage":{"@id":"https:\/\/www.elementvape.de\/en\/produkt\/meta-galaxy-9000-einweg-vape-9000-zuege\/#primaryimage"},"image":{"@id":"https:\/\/www.elementvape.de\/en\/produkt\/meta-galaxy-9000-einweg-vape-9000-zuege\/#primaryimage"},"thumbnailUrl":"https:\/\/www.elementvape.de\/wp-content\/uploads\/2024\/06\/META-GALAXY-9000-Puffs.jpg","datePublished":"2024-06-03T07:03:27+00:00","dateModified":"2024-09-12T10:36:35+00:00","description":"Wir bieten META Galaxy 9000 Einweg-Vape 9000 Z\u00fcge , Elementvape.de akzeptieren Gro\u00df-und Einzelhandel Bestellungen.","breadcrumb":{"@id":"https:\/\/www.elementvape.de\/en\/produkt\/meta-galaxy-9000-einweg-vape-9000-zuege\/#breadcrumb"},"inLanguage":"fr-FR","potentialAction":[{"@type":"ReadAction","target":["https:\/\/www.elementvape.de\/en\/produkt\/meta-galaxy-9000-einweg-vape-9000-zuege\/"]}]},{"@type":"ImageObject","inLanguage":"fr-FR","@id":"https:\/\/www.elementvape.de\/en\/produkt\/meta-galaxy-9000-einweg-vape-9000-zuege\/#primaryimage","url":"https:\/\/www.elementvape.de\/wp-content\/uploads\/2024\/06\/META-GALAXY-9000-Puffs.jpg","contentUrl":"https:\/\/www.elementvape.de\/wp-content\/uploads\/2024\/06\/META-GALAXY-9000-Puffs.jpg","width":800,"height":800,"caption":"META-GALAXY-9000-Puffs"},{"@type":"BreadcrumbList","@id":"https:\/\/www.elementvape.de\/en\/produkt\/meta-galaxy-9000-einweg-vape-9000-zuege\/#breadcrumb","itemListElement":[{"@type":"ListItem","position":1,"name":"Home","item":"https:\/\/www.elementvape.de\/"},{"@type":"ListItem","position":2,"name":"Shop","item":"https:\/\/www.elementvape.de\/shop\/"},{"@type":"ListItem","position":3,"name":"META Galaxy 9000 Einweg-Vape 9000 Z\u00fcge"}]},{"@type":"WebSite","@id":"https:\/\/www.elementvape.de\/#website","url":"https:\/\/www.elementvape.de\/","name":"ElementVape.de","description":"","publisher":{"@id":"https:\/\/www.elementvape.de\/#organization"},"potentialAction":[{"@type":"SearchAction","target":{"@type":"EntryPoint","urlTemplate":"https:\/\/www.elementvape.de\/?s={search_term_string}"},"query-input":"required name=search_term_string"}],"inLanguage":"fr-FR"},{"@type":"Organization","@id":"https:\/\/www.elementvape.de\/#organization","name":"ElementVape.DE","url":"https:\/\/www.elementvape.de\/","logo":{"@type":"ImageObject","inLanguage":"fr-FR","@id":"https:\/\/www.elementvape.de\/#\/schema\/logo\/image\/","url":"https:\/\/www.elementvape.de\/wp-content\/uploads\/2024\/09\/cropped-1elementvape-3.png","contentUrl":"https:\/\/www.elementvape.de\/wp-content\/uploads\/2024\/09\/cropped-1elementvape-3.png","width":285,"height":228,"caption":"ElementVape.DE"},"image":{"@id":"https:\/\/www.elementvape.de\/#\/schema\/logo\/image\/"}}]}},"_links":{"self":[{"href":"https:\/\/www.elementvape.de\/fr\/wp-json\/wp\/v2\/product\/11436"}],"collection":[{"href":"https:\/\/www.elementvape.de\/fr\/wp-json\/wp\/v2\/product"}],"about":[{"href":"https:\/\/www.elementvape.de\/fr\/wp-json\/wp\/v2\/types\/product"}],"wp:featuredmedia":[{"embeddable":true,"href":"https:\/\/www.elementvape.de\/fr\/wp-json\/wp\/v2\/media\/11437"}],"wp:attachment":[{"href":"https:\/\/www.elementvape.de\/fr\/wp-json\/wp\/v2\/media?parent=11436"}],"wp:term":[{"taxonomy":"product_cat","embeddable":true,"href":"https:\/\/www.elementvape.de\/fr\/wp-json\/wp\/v2\/product_cat?post=11436"},{"taxonomy":"product_tag","embeddable":true,"href":"https:\/\/www.elementvape.de\/fr\/wp-json\/wp\/v2\/product_tag?post=11436"}],"curies":[{"name":"wp","href":"https:\/\/api.w.org\/{rel}","templated":true}]}}