{"id":11360,"date":"2024-05-31T10:16:21","date_gmt":"2024-05-31T10:16:21","guid":{"rendered":"https:\/\/www.elementvape.de\/?post_type=product&#038;p=11360"},"modified":"2024-09-12T10:36:36","modified_gmt":"2024-09-12T10:36:36","slug":"ske-crystal-bar-einweg-vape-e-zigarette","status":"publish","type":"product","link":"https:\/\/www.elementvape.de\/fr\/produkt\/ske-crystal-bar-einweg-vape-e-zigarette\/","title":{"rendered":"SKE CRYSTAL BAR cigarette \u00e9lectronique jetable"},"content":{"rendered":"<h2>SKE Crystal Wand \u2013 Cigarette \u00e9lectronique jetable 20 mg\/ml<\/h2>\n<p>SKE Crystal Bar est une cigarette \u00e9lectronique jetable au design \u00e9l\u00e9gant et \u00e9pur\u00e9. Avec Crystal Vape, vous b\u00e9n\u00e9ficiez d'une exp\u00e9rience gustative unique et de multiples possibilit\u00e9s. Qu'il soit fruit\u00e9, sucr\u00e9 ou glac\u00e9, il y en a pour tous les go\u00fbts avec les SKE Crystal Wands. La baguette en cristal poss\u00e8de une optique cristalline et une batterie int\u00e9gr\u00e9e de 500 mAh, suffisante pour 600 bouff\u00e9es. Vous n'avez pas besoin de recharger ou de remplir, il suffit d'ouvrir l'emballage et de commencer \u00e0 vapoter. Id\u00e9al pour emporter ou comme appareil de remplacement.<\/p>\n<p>Technologie de coil en maille<br \/>\nChaque saveur offre gr\u00e2ce \u00e0 la technologie Mesh-Coil un ar\u00f4me riche et authentique. La performance de cette cigarette \u00e9lectronique d\u00e9passe largement celle d'autres marques. Si vous recherchez un go\u00fbt pur, cette cigarette \u00e9lectronique est incontournable.<\/p>\n<p>La baguette en cristal SKE contient 2 ml de liquide au sel de nicotine avec une concentration de 20 mg. Teneur optimale en nicotine, id\u00e9ale aussi pour les d\u00e9butants.<\/p>\n<h3>Saveur de la Barrette Crystal SKE :<\/h3>\n<p>Glace \u00e0 la banane : Rafra\u00eechissante et sucr\u00e9e, combin\u00e9e \u00e0 la cr\u00e9meuse de la glace, elle offre une exp\u00e9rience gustative irr\u00e9sistible.<br \/>\nGlace aux baies : Des baies sauvages fra\u00eeches se m\u00ealent pour un ar\u00f4me fruit\u00e9 et rafra\u00eechissant qui stimule les sens.<br \/>\nMyrtille Framboise : Combine la douceur et l'acidit\u00e9 des myrtilles avec l'acidit\u00e9 des framboises pour une explosion de saveurs harmonieuse.<br \/>\nBleu Glac\u00e9 : La fra\u00eecheur glac\u00e9e rencontre le bleu myst\u00e9rieux et laisse une sensation p\u00e9tillante sur la langue.<br \/>\nFusion Bleue : Un m\u00e9lange excitant de diff\u00e9rentes baies bleues pour une exp\u00e9rience gustative palpitante.<br \/>\nLimonade Blue Razz : Une limonade \u00e9pic\u00e9e rencontre des myrtilles sucr\u00e9es-acides pour une saveur rafra\u00eechissante et nouvelle.<br \/>\nCerise glac\u00e9e : Douceur fra\u00eeche avec une touche de cerises m\u00fbres pour un plaisir glac\u00e9 et fruit\u00e9.<br \/>\nGlace Cola : Saveur classique de cola combin\u00e9e \u00e0 une texture glac\u00e9e pour une boisson rafra\u00eechissante et p\u00e9tillante.<br \/>\nMenthol Frais : Clair et pur, comme une brise glac\u00e9e, stimule les sens et rafra\u00eechit l'esprit.<br \/>\nMojito : Un m\u00e9lange p\u00e9tillant de menthe, citron vert et rhum, capturant l'essence du cocktail classique.<br \/>\nMiel-Citron : La douceur du miel rencontre la fra\u00eecheur du citron pour un ar\u00f4me harmonieux et apaisant.<br \/>\nKiwi Fruit de la Passion Goyave : Un cocktail tropical de kiwi, fruit de la passion et goyave pour une exp\u00e9rience gustative exotique et juteuse.<br \/>\nCitron et Lime : L'\u00e9quilibre parfait entre citron \u00e9pic\u00e9 et lime parfum\u00e9e pour une exp\u00e9rience rafra\u00eechissante et citrus.<br \/>\nCitron-P\u00eache-Fruit de la Passion : Un m\u00e9lange d\u00e9licieux de citron, p\u00eache et fruit de la passion pour une douceur fruit\u00e9e.<br \/>\nGlace \u00e0 la Mangue : Mangue juteuse associ\u00e9e \u00e0 une saveur fra\u00eeche pour une exp\u00e9rience gustative tropicale qui ravira votre palais.<br \/>\nMenthol : La brise rafra\u00eechissante du menthol peut rafra\u00eechir et purifier l'esprit.<br \/>\nLimonade Rose : Limonade fruit\u00e9e et sucr\u00e9e avec une touche de baies rouges, un d\u00e9lice estival.<br \/>\nPomme Acide et Myrtille : La combinaison de pomme verte acidul\u00e9e et de myrtille sucr\u00e9e offre une exp\u00e9rience gustative rafra\u00eechissante et riche.<br \/>\nMyrtille Am\u00e8re : La myrtille am\u00e8re offre une exp\u00e9rience gustative intense qui d\u00e9fie vos papilles.<br \/>\nFraise Explosion : Fraises juteuses qui ravissent votre palais avec leur go\u00fbt sucr\u00e9 et fruit\u00e9.<br \/>\nGlace \u00e0 la Fraise : Cr\u00e8me glac\u00e9e \u00e0 la fraise \u00e9voquant les journ\u00e9es d'\u00e9t\u00e9 chaudes et ravissant votre palais avec sa douceur.<br \/>\nSang de Tigre : Une combinaison audacieuse de fruits exotiques et d'ar\u00f4mes puissants pour une exp\u00e9rience gustative sauvage et excitante.<br \/>\nTabac : Le go\u00fbt acide et fum\u00e9 du tabac \u00e9voque chez les connaisseurs et amateurs un sentiment nostalgique.<br \/>\nGlace \u00e0 la Past\u00e8que : Past\u00e8que rafra\u00eechissante associ\u00e9e \u00e0 la glace pour une exp\u00e9rience estivale rafra\u00eechissante.<br \/>\nGomme Past\u00e8que-Fraise : Un m\u00e9lange d\u00e9licieux de past\u00e8que juteuse et de fraises sucr\u00e9es, enrob\u00e9 d'un go\u00fbt de chewing-gum doux.<\/p>\n<h3>D\u00e9tails:<\/h3>\n<p>Cigarette \u00e9lectronique jetable SKE Crystal \u2013 cigarette \u00e9lectronique avec bobine r\u00e9seau<br \/>\nSKE Crystal Bar est une cigarette \u00e9lectronique jetable au design \u00e9l\u00e9gant et simple. Pour une exp\u00e9rience de vapotage agr\u00e9able, diff\u00e9rentes saveurs sont \u00e0 votre disposition.<br \/>\nLe Crystal Vape de SKE dispose d'une batterie int\u00e9gr\u00e9e de 500 mAh, suffisante pour 600 bouff\u00e9es. Vous n'avez pas besoin de recharger ou de remplir, il suffit d'ouvrir l'emballage et de commencer \u00e0 vapoter.<\/p>\n<p>Plus de 30 saveurs diff\u00e9rentes sont disponibles avec le Crystal Vape. Chaque vari\u00e9t\u00e9 offre un go\u00fbt intense et authentique gr\u00e2ce \u00e0 la technologie Mesh Coil.<\/p>\n<p>Chaque SKE Crystal Vape Bar contient 2 ml de liquide au sel de nicotine avec une concentration de 20 mg. Le sel de nicotine procure une sensation douce et satisfaisante sans irritation de la gorge.<\/p>\n<p>Il suffit de la sortir de l'emballage et de tirer sur l'embout. La LED en bas s'allume lorsque vous vapotez. Si la LED ne s'allume plus ou si le go\u00fbt diminue, la SKE Crystal Bar est vide et peut \u00eatre jet\u00e9e.<\/p>","protected":false},"excerpt":{"rendered":"<p>SKE Crystal Wand \u2013 Elektronische Einwegzigarette 20 mg\/ml SKE Crystal Bar ist eine elektronische Einwegzigarette mit elegantem und schlichtem Design. Mit Crystal Vape erhalten Sie ein einzigartiges Geschmackserlebnis und vielf\u00e4ltige M\u00f6glichkeiten. Ob fruchtig, s\u00fc\u00df oder eisig, bei den SKE Crystal Wands ist f\u00fcr jeden etwas dabei. Der Kristallstab verf\u00fcgt \u00fcber eine kristallklare Optik und einen [&hellip;]<\/p>","protected":false},"featured_media":11382,"template":"","meta":{"inline_featured_image":false},"product_cat":[78,754,745,742,748,744,755,738,751],"product_tag":[679],"tiered_pricing_type":"fixed","tiered_pricing_fixed_rules":[],"tiered_pricing_percentage_rules":[],"tiered_pricing_minimum":1,"_administrator_tiered_pricing_type":"fixed","_administrator_tiered_pricing_fixed_rules":[],"_editor_tiered_pricing_type":"fixed","_editor_tiered_pricing_fixed_rules":[],"_author_tiered_pricing_type":"fixed","_author_tiered_pricing_fixed_rules":[],"_contributor_tiered_pricing_type":"fixed","_contributor_tiered_pricing_fixed_rules":[],"_subscriber_tiered_pricing_type":"fixed","_subscriber_tiered_pricing_fixed_rules":[],"_customer_tiered_pricing_type":"fixed","_customer_tiered_pricing_fixed_rules":[],"_shop_manager_tiered_pricing_type":"fixed","_shop_manager_tiered_pricing_fixed_rules":[],"_wpseo_manager_tiered_pricing_type":"fixed","_wpseo_manager_tiered_pricing_fixed_rules":[],"_wpseo_editor_tiered_pricing_type":"fixed","_wpseo_editor_tiered_pricing_fixed_rules":[],"_wholesale_customer_tiered_pricing_type":"fixed","_wholesale_customer_tiered_pricing_fixed_rules":[],"_marketer_tiered_pricing_type":"fixed","_marketer_tiered_pricing_fixed_rules":[],"_sales_manager_tiered_pricing_type":"fixed","_sales_manager_tiered_pricing_fixed_rules":[],"_sales_rep_tiered_pricing_type":"fixed","_sales_rep_tiered_pricing_fixed_rules":[],"yoast_head":"<!-- This site is optimized with the Yoast SEO plugin v23.3 - https:\/\/yoast.com\/wordpress\/plugins\/seo\/ -->\n<title>SKE CRYSTAL BAR EINWEG VAPE E-ZIGARETTE | ElementVape.de<\/title>\n<meta name=\"description\" content=\"Wir bieten SKE CRYSTAL BAR EINWEG VAPE E-ZIGARETTE , Elementvape.de akzeptieren Gro\u00df-und Einzelhandel Bestellungen.\" \/>\n<meta name=\"robots\" content=\"index, follow, max-snippet:-1, max-image-preview:large, max-video-preview:-1\" \/>\n<link rel=\"canonical\" href=\"https:\/\/www.elementvape.de\/fr\/produkt\/ske-crystal-bar-einweg-vape-e-zigarette\/\" \/>\n<meta property=\"og:locale\" content=\"fr_FR\" \/>\n<meta property=\"og:type\" content=\"article\" \/>\n<meta property=\"og:title\" content=\"SKE CRYSTAL BAR EINWEG VAPE E-ZIGARETTE | ElementVape.de\" \/>\n<meta property=\"og:description\" content=\"Wir bieten SKE CRYSTAL BAR EINWEG VAPE E-ZIGARETTE , Elementvape.de akzeptieren Gro\u00df-und Einzelhandel Bestellungen.\" \/>\n<meta property=\"og:url\" content=\"https:\/\/www.elementvape.de\/fr\/produkt\/ske-crystal-bar-einweg-vape-e-zigarette\/\" \/>\n<meta property=\"og:site_name\" content=\"ElementVape.de\" \/>\n<meta property=\"article:modified_time\" content=\"2024-09-12T10:36:36+00:00\" \/>\n<meta property=\"og:image\" content=\"https:\/\/www.elementvape.de\/wp-content\/uploads\/2024\/05\/SKE-CRYSTAL-BAR-.jpg\" \/>\n\t<meta property=\"og:image:width\" content=\"1120\" \/>\n\t<meta property=\"og:image:height\" content=\"1120\" \/>\n\t<meta property=\"og:image:type\" content=\"image\/jpeg\" \/>\n<meta name=\"twitter:card\" content=\"summary_large_image\" \/>\n<meta name=\"twitter:label1\" content=\"Est. reading time\" \/>\n\t<meta name=\"twitter:data1\" content=\"4 minutes\" \/>\n<script type=\"application\/ld+json\" class=\"yoast-schema-graph\">{\"@context\":\"https:\/\/schema.org\",\"@graph\":[{\"@type\":\"WebPage\",\"@id\":\"https:\/\/www.elementvape.de\/produkt\/ske-crystal-bar-einweg-vape-e-zigarette\/\",\"url\":\"https:\/\/www.elementvape.de\/produkt\/ske-crystal-bar-einweg-vape-e-zigarette\/\",\"name\":\"SKE CRYSTAL BAR EINWEG VAPE E-ZIGARETTE | ElementVape.de\",\"isPartOf\":{\"@id\":\"https:\/\/www.elementvape.de\/#website\"},\"primaryImageOfPage\":{\"@id\":\"https:\/\/www.elementvape.de\/produkt\/ske-crystal-bar-einweg-vape-e-zigarette\/#primaryimage\"},\"image\":{\"@id\":\"https:\/\/www.elementvape.de\/produkt\/ske-crystal-bar-einweg-vape-e-zigarette\/#primaryimage\"},\"thumbnailUrl\":\"https:\/\/www.elementvape.de\/wp-content\/uploads\/2024\/05\/SKE-CRYSTAL-BAR-.jpg\",\"datePublished\":\"2024-05-31T10:16:21+00:00\",\"dateModified\":\"2024-09-12T10:36:36+00:00\",\"description\":\"Wir bieten SKE CRYSTAL BAR EINWEG VAPE E-ZIGARETTE , Elementvape.de akzeptieren Gro\u00df-und Einzelhandel Bestellungen.\",\"breadcrumb\":{\"@id\":\"https:\/\/www.elementvape.de\/produkt\/ske-crystal-bar-einweg-vape-e-zigarette\/#breadcrumb\"},\"inLanguage\":\"fr-FR\",\"potentialAction\":[{\"@type\":\"ReadAction\",\"target\":[\"https:\/\/www.elementvape.de\/produkt\/ske-crystal-bar-einweg-vape-e-zigarette\/\"]}]},{\"@type\":\"ImageObject\",\"inLanguage\":\"fr-FR\",\"@id\":\"https:\/\/www.elementvape.de\/produkt\/ske-crystal-bar-einweg-vape-e-zigarette\/#primaryimage\",\"url\":\"https:\/\/www.elementvape.de\/wp-content\/uploads\/2024\/05\/SKE-CRYSTAL-BAR-.jpg\",\"contentUrl\":\"https:\/\/www.elementvape.de\/wp-content\/uploads\/2024\/05\/SKE-CRYSTAL-BAR-.jpg\",\"width\":1120,\"height\":1120,\"caption\":\"SKE CRYSTAL BAR\"},{\"@type\":\"BreadcrumbList\",\"@id\":\"https:\/\/www.elementvape.de\/produkt\/ske-crystal-bar-einweg-vape-e-zigarette\/#breadcrumb\",\"itemListElement\":[{\"@type\":\"ListItem\",\"position\":1,\"name\":\"Home\",\"item\":\"https:\/\/www.elementvape.de\/\"},{\"@type\":\"ListItem\",\"position\":2,\"name\":\"Shop\",\"item\":\"https:\/\/www.elementvape.de\/shop\/\"},{\"@type\":\"ListItem\",\"position\":3,\"name\":\"SKE CRYSTAL BAR EINWEG VAPE E-ZIGARETTE\"}]},{\"@type\":\"WebSite\",\"@id\":\"https:\/\/www.elementvape.de\/#website\",\"url\":\"https:\/\/www.elementvape.de\/\",\"name\":\"ElementVape.de\",\"description\":\"\",\"publisher\":{\"@id\":\"https:\/\/www.elementvape.de\/#organization\"},\"potentialAction\":[{\"@type\":\"SearchAction\",\"target\":{\"@type\":\"EntryPoint\",\"urlTemplate\":\"https:\/\/www.elementvape.de\/?s={search_term_string}\"},\"query-input\":\"required name=search_term_string\"}],\"inLanguage\":\"fr-FR\"},{\"@type\":\"Organization\",\"@id\":\"https:\/\/www.elementvape.de\/#organization\",\"name\":\"ElementVape.DE\",\"url\":\"https:\/\/www.elementvape.de\/\",\"logo\":{\"@type\":\"ImageObject\",\"inLanguage\":\"fr-FR\",\"@id\":\"https:\/\/www.elementvape.de\/#\/schema\/logo\/image\/\",\"url\":\"https:\/\/www.elementvape.de\/wp-content\/uploads\/2024\/09\/cropped-1elementvape-3.png\",\"contentUrl\":\"https:\/\/www.elementvape.de\/wp-content\/uploads\/2024\/09\/cropped-1elementvape-3.png\",\"width\":285,\"height\":228,\"caption\":\"ElementVape.DE\"},\"image\":{\"@id\":\"https:\/\/www.elementvape.de\/#\/schema\/logo\/image\/\"}}]}<\/script>\n<!-- \/ Yoast SEO plugin. -->","yoast_head_json":{"title":"SKE CRYSTAL BAR EINWEG VAPE E-ZIGARETTE | ElementVape.de","description":"Wir bieten SKE CRYSTAL BAR EINWEG VAPE E-ZIGARETTE , Elementvape.de akzeptieren Gro\u00df-und Einzelhandel Bestellungen.","robots":{"index":"index","follow":"follow","max-snippet":"max-snippet:-1","max-image-preview":"max-image-preview:large","max-video-preview":"max-video-preview:-1"},"canonical":"https:\/\/www.elementvape.de\/fr\/produkt\/ske-crystal-bar-einweg-vape-e-zigarette\/","og_locale":"fr_FR","og_type":"article","og_title":"SKE CRYSTAL BAR EINWEG VAPE E-ZIGARETTE | ElementVape.de","og_description":"Wir bieten SKE CRYSTAL BAR EINWEG VAPE E-ZIGARETTE , Elementvape.de akzeptieren Gro\u00df-und Einzelhandel Bestellungen.","og_url":"https:\/\/www.elementvape.de\/fr\/produkt\/ske-crystal-bar-einweg-vape-e-zigarette\/","og_site_name":"ElementVape.de","article_modified_time":"2024-09-12T10:36:36+00:00","og_image":[{"width":1120,"height":1120,"url":"https:\/\/www.elementvape.de\/wp-content\/uploads\/2024\/05\/SKE-CRYSTAL-BAR-.jpg","type":"image\/jpeg"}],"twitter_card":"summary_large_image","twitter_misc":{"Est. reading time":"4 minutes"},"schema":{"@context":"https:\/\/schema.org","@graph":[{"@type":"WebPage","@id":"https:\/\/www.elementvape.de\/produkt\/ske-crystal-bar-einweg-vape-e-zigarette\/","url":"https:\/\/www.elementvape.de\/produkt\/ske-crystal-bar-einweg-vape-e-zigarette\/","name":"SKE CRYSTAL BAR EINWEG VAPE E-ZIGARETTE | ElementVape.de","isPartOf":{"@id":"https:\/\/www.elementvape.de\/#website"},"primaryImageOfPage":{"@id":"https:\/\/www.elementvape.de\/produkt\/ske-crystal-bar-einweg-vape-e-zigarette\/#primaryimage"},"image":{"@id":"https:\/\/www.elementvape.de\/produkt\/ske-crystal-bar-einweg-vape-e-zigarette\/#primaryimage"},"thumbnailUrl":"https:\/\/www.elementvape.de\/wp-content\/uploads\/2024\/05\/SKE-CRYSTAL-BAR-.jpg","datePublished":"2024-05-31T10:16:21+00:00","dateModified":"2024-09-12T10:36:36+00:00","description":"Wir bieten SKE CRYSTAL BAR EINWEG VAPE E-ZIGARETTE , Elementvape.de akzeptieren Gro\u00df-und Einzelhandel Bestellungen.","breadcrumb":{"@id":"https:\/\/www.elementvape.de\/produkt\/ske-crystal-bar-einweg-vape-e-zigarette\/#breadcrumb"},"inLanguage":"fr-FR","potentialAction":[{"@type":"ReadAction","target":["https:\/\/www.elementvape.de\/produkt\/ske-crystal-bar-einweg-vape-e-zigarette\/"]}]},{"@type":"ImageObject","inLanguage":"fr-FR","@id":"https:\/\/www.elementvape.de\/produkt\/ske-crystal-bar-einweg-vape-e-zigarette\/#primaryimage","url":"https:\/\/www.elementvape.de\/wp-content\/uploads\/2024\/05\/SKE-CRYSTAL-BAR-.jpg","contentUrl":"https:\/\/www.elementvape.de\/wp-content\/uploads\/2024\/05\/SKE-CRYSTAL-BAR-.jpg","width":1120,"height":1120,"caption":"SKE CRYSTAL BAR"},{"@type":"BreadcrumbList","@id":"https:\/\/www.elementvape.de\/produkt\/ske-crystal-bar-einweg-vape-e-zigarette\/#breadcrumb","itemListElement":[{"@type":"ListItem","position":1,"name":"Home","item":"https:\/\/www.elementvape.de\/"},{"@type":"ListItem","position":2,"name":"Shop","item":"https:\/\/www.elementvape.de\/shop\/"},{"@type":"ListItem","position":3,"name":"SKE CRYSTAL BAR EINWEG VAPE E-ZIGARETTE"}]},{"@type":"WebSite","@id":"https:\/\/www.elementvape.de\/#website","url":"https:\/\/www.elementvape.de\/","name":"ElementVape.de","description":"","publisher":{"@id":"https:\/\/www.elementvape.de\/#organization"},"potentialAction":[{"@type":"SearchAction","target":{"@type":"EntryPoint","urlTemplate":"https:\/\/www.elementvape.de\/?s={search_term_string}"},"query-input":"required name=search_term_string"}],"inLanguage":"fr-FR"},{"@type":"Organization","@id":"https:\/\/www.elementvape.de\/#organization","name":"ElementVape.DE","url":"https:\/\/www.elementvape.de\/","logo":{"@type":"ImageObject","inLanguage":"fr-FR","@id":"https:\/\/www.elementvape.de\/#\/schema\/logo\/image\/","url":"https:\/\/www.elementvape.de\/wp-content\/uploads\/2024\/09\/cropped-1elementvape-3.png","contentUrl":"https:\/\/www.elementvape.de\/wp-content\/uploads\/2024\/09\/cropped-1elementvape-3.png","width":285,"height":228,"caption":"ElementVape.DE"},"image":{"@id":"https:\/\/www.elementvape.de\/#\/schema\/logo\/image\/"}}]}},"_links":{"self":[{"href":"https:\/\/www.elementvape.de\/fr\/wp-json\/wp\/v2\/product\/11360"}],"collection":[{"href":"https:\/\/www.elementvape.de\/fr\/wp-json\/wp\/v2\/product"}],"about":[{"href":"https:\/\/www.elementvape.de\/fr\/wp-json\/wp\/v2\/types\/product"}],"wp:featuredmedia":[{"embeddable":true,"href":"https:\/\/www.elementvape.de\/fr\/wp-json\/wp\/v2\/media\/11382"}],"wp:attachment":[{"href":"https:\/\/www.elementvape.de\/fr\/wp-json\/wp\/v2\/media?parent=11360"}],"wp:term":[{"taxonomy":"product_cat","embeddable":true,"href":"https:\/\/www.elementvape.de\/fr\/wp-json\/wp\/v2\/product_cat?post=11360"},{"taxonomy":"product_tag","embeddable":true,"href":"https:\/\/www.elementvape.de\/fr\/wp-json\/wp\/v2\/product_tag?post=11360"}],"curies":[{"name":"wp","href":"https:\/\/api.w.org\/{rel}","templated":true}]}}