{"id":11285,"date":"2024-05-31T07:54:44","date_gmt":"2024-05-31T07:54:44","guid":{"rendered":"https:\/\/www.elementvape.de\/?post_type=product&#038;p=11285"},"modified":"2024-09-12T10:36:37","modified_gmt":"2024-09-12T10:36:37","slug":"flerbar-pods-kaufen-20-mg-ml-2-stueck","status":"publish","type":"product","link":"https:\/\/www.elementvape.de\/fr\/produkt\/flerbar-pods-kaufen-20-mg-ml-2-stueck\/","title":{"rendered":"Pods Flerbar Acheter 20 mg\/ml 2 pi\u00e8ces"},"content":{"rendered":"<h2>Flerbar Pod :<\/h2>\n<p>Flerbar M Pods Pr\u00e9-remplis<br \/>\nLes Pods Flerbar sont les Pods de liquide adapt\u00e9s pour le dispositif de base r\u00e9utilisable Flerbar. Les Pods sont remplis avec 2 ml de liquides au sel de nicotine \u00e0 20 mg de force, deux Pods sont livr\u00e9s dans un paquet. Chaque Pod permet jusqu'\u00e0 600 bouff\u00e9es, ce qui signifie qu'un paquet peut fournir jusqu'\u00e0 1200 bouff\u00e9es.<\/p>\n<h3>Dual Mesh Coil pour le meilleur go\u00fbt :<\/h3>\n<p>L'aspect particulier des Pods Flerbar M est l'utilisation de la technologie Dual Mesh Coil. Deux Mesh Coils sont utilis\u00e9s, ce qui garantit une vapeur intens\u00e9ment dense et incomparable. Cette technique est d\u00e9j\u00e0 connue des vapoteuses jetables, mais jusqu'\u00e0 pr\u00e9sent, il n'existait pas de Pods avec Dual Mesh Coil.<\/p>\n<p>Vous obtenez le go\u00fbt intens\u00e9ment fid\u00e8le des vapoteuses jetables Flerbar M sous forme de Pods pr\u00e9-remplis, qui sont d\u00e9j\u00e0 remplis de liquide et peuvent \u00eatre simplement jet\u00e9s apr\u00e8s 600 bouff\u00e9es pour \u00eatre remplac\u00e9s par un nouveau Pod. La batterie r\u00e9utilisable Flerbar (vendue s\u00e9par\u00e9ment) peut \u00eatre recharg\u00e9e rapidement et en toute s\u00e9curit\u00e9 via une connexion USB-C.<\/p>\n<p>Quelles vari\u00e9t\u00e9s de Pods Flerbar sont disponibles ?<br \/>\nToutes les vari\u00e9t\u00e9s Flerbar sont d\u00e9sormais \u00e9galement disponibles en Pods remplis :<\/p>\n<h3>Go\u00fbt :<\/h3>\n<p>Pomme Glac\u00e9e<br \/>\nMyrtille<br \/>\nRazz Bleu<br \/>\nFraise Glac\u00e9e<br \/>\nLimonade Fraise<br \/>\nPast\u00e8que Chewy<br \/>\nPast\u00e8que Rose<br \/>\nRaisin<br \/>\nCitron<br \/>\nMangue Glac\u00e9e<br \/>\nAnanas Glac\u00e9<br \/>\nB\u0153uf Sanglant<br \/>\nFruit de la Passion<br \/>\nBanane Glace<br \/>\nGoyave Glace<br \/>\nAlberry<br \/>\nMenthe Glac\u00e9e<br \/>\nOrange<br \/>\nP\u00eache Glac\u00e9e<br \/>\nDouble Pomme<br \/>\nLimonade rose<br \/>\nPast\u00e8que Glac\u00e9e<br \/>\nLitchi Glac\u00e9<br \/>\nCola Cerise<\/p>\n<p>Les Pods Flerbar sont-ils compatibles avec d'autres appareils ?<br \/>\nNon, les Pods pr\u00e9-remplis Flerbar ne conviennent qu'au dispositif de base Flerbar sp\u00e9cialement con\u00e7u.<\/p>\n<p>Contenu de l'emballage : 1 x Pod Flerbar 20 mg (pack de 2)<\/p>","protected":false},"excerpt":{"rendered":"<p>Flerbar Pod : Flerbar M Prefilled Pods Die Flerbar Pods sind die passenden Liquid Pods f\u00fcr das Flerbar Mehrweg Basisger\u00e4t. Die Pods sind bef\u00fcllt mit 2ml Nikotinsalz Liquids in 20mg St\u00e4rke, in einer Packung werden zwei Pods geliefert. Jeder Pod h\u00e4lt bis zu 600 Z\u00fcge, somit sind mit einer Packung bis zu 1200 Z\u00fcge m\u00f6glich. [&hellip;]<\/p>","protected":false},"featured_media":11286,"template":"","meta":{"inline_featured_image":false},"product_cat":[754,745,742,748,744,755,738,751,76],"product_tag":[675],"tiered_pricing_type":"fixed","tiered_pricing_fixed_rules":[],"tiered_pricing_percentage_rules":[],"tiered_pricing_minimum":1,"_administrator_tiered_pricing_type":"fixed","_administrator_tiered_pricing_fixed_rules":[],"_editor_tiered_pricing_type":"fixed","_editor_tiered_pricing_fixed_rules":[],"_author_tiered_pricing_type":"fixed","_author_tiered_pricing_fixed_rules":[],"_contributor_tiered_pricing_type":"fixed","_contributor_tiered_pricing_fixed_rules":[],"_subscriber_tiered_pricing_type":"fixed","_subscriber_tiered_pricing_fixed_rules":[],"_customer_tiered_pricing_type":"fixed","_customer_tiered_pricing_fixed_rules":[],"_shop_manager_tiered_pricing_type":"fixed","_shop_manager_tiered_pricing_fixed_rules":[],"_wpseo_manager_tiered_pricing_type":"fixed","_wpseo_manager_tiered_pricing_fixed_rules":[],"_wpseo_editor_tiered_pricing_type":"fixed","_wpseo_editor_tiered_pricing_fixed_rules":[],"_wholesale_customer_tiered_pricing_type":"fixed","_wholesale_customer_tiered_pricing_fixed_rules":[],"_marketer_tiered_pricing_type":"fixed","_marketer_tiered_pricing_fixed_rules":[],"_sales_manager_tiered_pricing_type":"fixed","_sales_manager_tiered_pricing_fixed_rules":[],"_sales_rep_tiered_pricing_type":"fixed","_sales_rep_tiered_pricing_fixed_rules":[],"yoast_head":"<!-- This site is optimized with the Yoast SEO plugin v23.3 - https:\/\/yoast.com\/wordpress\/plugins\/seo\/ -->\n<title>Flerbar Pods Kaufen 20 mg\/ml 2 St\u00fcck | ElementVape.de<\/title>\n<meta name=\"description\" content=\"Wir bieten Flerbar Pods Kaufen 20 mg\/ml 2 St\u00fcck , Elementvape.de akzeptieren Gro\u00df-und Einzelhandel Bestellungen.\" \/>\n<meta name=\"robots\" content=\"index, follow, max-snippet:-1, max-image-preview:large, max-video-preview:-1\" \/>\n<link rel=\"canonical\" href=\"https:\/\/www.elementvape.de\/fr\/produkt\/flerbar-pods-kaufen-20-mg-ml-2-stueck\/\" \/>\n<meta property=\"og:locale\" content=\"fr_FR\" \/>\n<meta property=\"og:type\" content=\"article\" \/>\n<meta property=\"og:title\" content=\"Flerbar Pods Kaufen 20 mg\/ml 2 St\u00fcck | ElementVape.de\" \/>\n<meta property=\"og:description\" content=\"Wir bieten Flerbar Pods Kaufen 20 mg\/ml 2 St\u00fcck , Elementvape.de akzeptieren Gro\u00df-und Einzelhandel Bestellungen.\" \/>\n<meta property=\"og:url\" content=\"https:\/\/www.elementvape.de\/fr\/produkt\/flerbar-pods-kaufen-20-mg-ml-2-stueck\/\" \/>\n<meta property=\"og:site_name\" content=\"ElementVape.de\" \/>\n<meta property=\"article:modified_time\" content=\"2024-09-12T10:36:37+00:00\" \/>\n<meta property=\"og:image\" content=\"https:\/\/www.elementvape.de\/wp-content\/uploads\/2024\/05\/flerbar-pod-banana-ice-prefilled-pods-2x2ml-20mg-45.webp\" \/>\n\t<meta property=\"og:image:width\" content=\"1080\" \/>\n\t<meta property=\"og:image:height\" content=\"1080\" \/>\n\t<meta property=\"og:image:type\" content=\"image\/webp\" \/>\n<meta name=\"twitter:card\" content=\"summary_large_image\" \/>\n<meta name=\"twitter:label1\" content=\"Est. reading time\" \/>\n\t<meta name=\"twitter:data1\" content=\"2 minutes\" \/>\n<script type=\"application\/ld+json\" class=\"yoast-schema-graph\">{\"@context\":\"https:\/\/schema.org\",\"@graph\":[{\"@type\":\"WebPage\",\"@id\":\"https:\/\/www.elementvape.de\/et\/produkt\/flerbar-pods-kaufen-20-mg-ml-2-stueck\/\",\"url\":\"https:\/\/www.elementvape.de\/et\/produkt\/flerbar-pods-kaufen-20-mg-ml-2-stueck\/\",\"name\":\"Flerbar Pods Kaufen 20 mg\/ml 2 St\u00fcck | ElementVape.de\",\"isPartOf\":{\"@id\":\"https:\/\/www.elementvape.de\/#website\"},\"primaryImageOfPage\":{\"@id\":\"https:\/\/www.elementvape.de\/et\/produkt\/flerbar-pods-kaufen-20-mg-ml-2-stueck\/#primaryimage\"},\"image\":{\"@id\":\"https:\/\/www.elementvape.de\/et\/produkt\/flerbar-pods-kaufen-20-mg-ml-2-stueck\/#primaryimage\"},\"thumbnailUrl\":\"https:\/\/www.elementvape.de\/wp-content\/uploads\/2024\/05\/flerbar-pod-banana-ice-prefilled-pods-2x2ml-20mg-45.webp\",\"datePublished\":\"2024-05-31T07:54:44+00:00\",\"dateModified\":\"2024-09-12T10:36:37+00:00\",\"description\":\"Wir bieten Flerbar Pods Kaufen 20 mg\/ml 2 St\u00fcck , Elementvape.de akzeptieren Gro\u00df-und Einzelhandel Bestellungen.\",\"breadcrumb\":{\"@id\":\"https:\/\/www.elementvape.de\/et\/produkt\/flerbar-pods-kaufen-20-mg-ml-2-stueck\/#breadcrumb\"},\"inLanguage\":\"fr-FR\",\"potentialAction\":[{\"@type\":\"ReadAction\",\"target\":[\"https:\/\/www.elementvape.de\/et\/produkt\/flerbar-pods-kaufen-20-mg-ml-2-stueck\/\"]}]},{\"@type\":\"ImageObject\",\"inLanguage\":\"fr-FR\",\"@id\":\"https:\/\/www.elementvape.de\/et\/produkt\/flerbar-pods-kaufen-20-mg-ml-2-stueck\/#primaryimage\",\"url\":\"https:\/\/www.elementvape.de\/wp-content\/uploads\/2024\/05\/flerbar-pod-banana-ice-prefilled-pods-2x2ml-20mg-45.webp\",\"contentUrl\":\"https:\/\/www.elementvape.de\/wp-content\/uploads\/2024\/05\/flerbar-pod-banana-ice-prefilled-pods-2x2ml-20mg-45.webp\",\"width\":1080,\"height\":1080,\"caption\":\"flerbar-pod-banana-ice-prefilled-pods-2x2ml-20mg-45\"},{\"@type\":\"BreadcrumbList\",\"@id\":\"https:\/\/www.elementvape.de\/et\/produkt\/flerbar-pods-kaufen-20-mg-ml-2-stueck\/#breadcrumb\",\"itemListElement\":[{\"@type\":\"ListItem\",\"position\":1,\"name\":\"Home\",\"item\":\"https:\/\/www.elementvape.de\/\"},{\"@type\":\"ListItem\",\"position\":2,\"name\":\"Shop\",\"item\":\"https:\/\/www.elementvape.de\/shop\/\"},{\"@type\":\"ListItem\",\"position\":3,\"name\":\"Flerbar Pods Kaufen 20 mg\/ml 2 St\u00fcck\"}]},{\"@type\":\"WebSite\",\"@id\":\"https:\/\/www.elementvape.de\/#website\",\"url\":\"https:\/\/www.elementvape.de\/\",\"name\":\"ElementVape.de\",\"description\":\"\",\"publisher\":{\"@id\":\"https:\/\/www.elementvape.de\/#organization\"},\"potentialAction\":[{\"@type\":\"SearchAction\",\"target\":{\"@type\":\"EntryPoint\",\"urlTemplate\":\"https:\/\/www.elementvape.de\/?s={search_term_string}\"},\"query-input\":\"required name=search_term_string\"}],\"inLanguage\":\"fr-FR\"},{\"@type\":\"Organization\",\"@id\":\"https:\/\/www.elementvape.de\/#organization\",\"name\":\"ElementVape.DE\",\"url\":\"https:\/\/www.elementvape.de\/\",\"logo\":{\"@type\":\"ImageObject\",\"inLanguage\":\"fr-FR\",\"@id\":\"https:\/\/www.elementvape.de\/#\/schema\/logo\/image\/\",\"url\":\"https:\/\/www.elementvape.de\/wp-content\/uploads\/2024\/09\/cropped-1elementvape-3.png\",\"contentUrl\":\"https:\/\/www.elementvape.de\/wp-content\/uploads\/2024\/09\/cropped-1elementvape-3.png\",\"width\":285,\"height\":228,\"caption\":\"ElementVape.DE\"},\"image\":{\"@id\":\"https:\/\/www.elementvape.de\/#\/schema\/logo\/image\/\"}}]}<\/script>\n<!-- \/ Yoast SEO plugin. -->","yoast_head_json":{"title":"Flerbar Pods Kaufen 20 mg\/ml 2 St\u00fcck | ElementVape.de","description":"Wir bieten Flerbar Pods Kaufen 20 mg\/ml 2 St\u00fcck , Elementvape.de akzeptieren Gro\u00df-und Einzelhandel Bestellungen.","robots":{"index":"index","follow":"follow","max-snippet":"max-snippet:-1","max-image-preview":"max-image-preview:large","max-video-preview":"max-video-preview:-1"},"canonical":"https:\/\/www.elementvape.de\/fr\/produkt\/flerbar-pods-kaufen-20-mg-ml-2-stueck\/","og_locale":"fr_FR","og_type":"article","og_title":"Flerbar Pods Kaufen 20 mg\/ml 2 St\u00fcck | ElementVape.de","og_description":"Wir bieten Flerbar Pods Kaufen 20 mg\/ml 2 St\u00fcck , Elementvape.de akzeptieren Gro\u00df-und Einzelhandel Bestellungen.","og_url":"https:\/\/www.elementvape.de\/fr\/produkt\/flerbar-pods-kaufen-20-mg-ml-2-stueck\/","og_site_name":"ElementVape.de","article_modified_time":"2024-09-12T10:36:37+00:00","og_image":[{"width":1080,"height":1080,"url":"https:\/\/www.elementvape.de\/wp-content\/uploads\/2024\/05\/flerbar-pod-banana-ice-prefilled-pods-2x2ml-20mg-45.webp","type":"image\/webp"}],"twitter_card":"summary_large_image","twitter_misc":{"Est. reading time":"2 minutes"},"schema":{"@context":"https:\/\/schema.org","@graph":[{"@type":"WebPage","@id":"https:\/\/www.elementvape.de\/et\/produkt\/flerbar-pods-kaufen-20-mg-ml-2-stueck\/","url":"https:\/\/www.elementvape.de\/et\/produkt\/flerbar-pods-kaufen-20-mg-ml-2-stueck\/","name":"Flerbar Pods Kaufen 20 mg\/ml 2 St\u00fcck | ElementVape.de","isPartOf":{"@id":"https:\/\/www.elementvape.de\/#website"},"primaryImageOfPage":{"@id":"https:\/\/www.elementvape.de\/et\/produkt\/flerbar-pods-kaufen-20-mg-ml-2-stueck\/#primaryimage"},"image":{"@id":"https:\/\/www.elementvape.de\/et\/produkt\/flerbar-pods-kaufen-20-mg-ml-2-stueck\/#primaryimage"},"thumbnailUrl":"https:\/\/www.elementvape.de\/wp-content\/uploads\/2024\/05\/flerbar-pod-banana-ice-prefilled-pods-2x2ml-20mg-45.webp","datePublished":"2024-05-31T07:54:44+00:00","dateModified":"2024-09-12T10:36:37+00:00","description":"Wir bieten Flerbar Pods Kaufen 20 mg\/ml 2 St\u00fcck , Elementvape.de akzeptieren Gro\u00df-und Einzelhandel Bestellungen.","breadcrumb":{"@id":"https:\/\/www.elementvape.de\/et\/produkt\/flerbar-pods-kaufen-20-mg-ml-2-stueck\/#breadcrumb"},"inLanguage":"fr-FR","potentialAction":[{"@type":"ReadAction","target":["https:\/\/www.elementvape.de\/et\/produkt\/flerbar-pods-kaufen-20-mg-ml-2-stueck\/"]}]},{"@type":"ImageObject","inLanguage":"fr-FR","@id":"https:\/\/www.elementvape.de\/et\/produkt\/flerbar-pods-kaufen-20-mg-ml-2-stueck\/#primaryimage","url":"https:\/\/www.elementvape.de\/wp-content\/uploads\/2024\/05\/flerbar-pod-banana-ice-prefilled-pods-2x2ml-20mg-45.webp","contentUrl":"https:\/\/www.elementvape.de\/wp-content\/uploads\/2024\/05\/flerbar-pod-banana-ice-prefilled-pods-2x2ml-20mg-45.webp","width":1080,"height":1080,"caption":"flerbar-pod-banana-ice-prefilled-pods-2x2ml-20mg-45"},{"@type":"BreadcrumbList","@id":"https:\/\/www.elementvape.de\/et\/produkt\/flerbar-pods-kaufen-20-mg-ml-2-stueck\/#breadcrumb","itemListElement":[{"@type":"ListItem","position":1,"name":"Home","item":"https:\/\/www.elementvape.de\/"},{"@type":"ListItem","position":2,"name":"Shop","item":"https:\/\/www.elementvape.de\/shop\/"},{"@type":"ListItem","position":3,"name":"Flerbar Pods Kaufen 20 mg\/ml 2 St\u00fcck"}]},{"@type":"WebSite","@id":"https:\/\/www.elementvape.de\/#website","url":"https:\/\/www.elementvape.de\/","name":"ElementVape.de","description":"","publisher":{"@id":"https:\/\/www.elementvape.de\/#organization"},"potentialAction":[{"@type":"SearchAction","target":{"@type":"EntryPoint","urlTemplate":"https:\/\/www.elementvape.de\/?s={search_term_string}"},"query-input":"required name=search_term_string"}],"inLanguage":"fr-FR"},{"@type":"Organization","@id":"https:\/\/www.elementvape.de\/#organization","name":"ElementVape.DE","url":"https:\/\/www.elementvape.de\/","logo":{"@type":"ImageObject","inLanguage":"fr-FR","@id":"https:\/\/www.elementvape.de\/#\/schema\/logo\/image\/","url":"https:\/\/www.elementvape.de\/wp-content\/uploads\/2024\/09\/cropped-1elementvape-3.png","contentUrl":"https:\/\/www.elementvape.de\/wp-content\/uploads\/2024\/09\/cropped-1elementvape-3.png","width":285,"height":228,"caption":"ElementVape.DE"},"image":{"@id":"https:\/\/www.elementvape.de\/#\/schema\/logo\/image\/"}}]}},"_links":{"self":[{"href":"https:\/\/www.elementvape.de\/fr\/wp-json\/wp\/v2\/product\/11285"}],"collection":[{"href":"https:\/\/www.elementvape.de\/fr\/wp-json\/wp\/v2\/product"}],"about":[{"href":"https:\/\/www.elementvape.de\/fr\/wp-json\/wp\/v2\/types\/product"}],"wp:featuredmedia":[{"embeddable":true,"href":"https:\/\/www.elementvape.de\/fr\/wp-json\/wp\/v2\/media\/11286"}],"wp:attachment":[{"href":"https:\/\/www.elementvape.de\/fr\/wp-json\/wp\/v2\/media?parent=11285"}],"wp:term":[{"taxonomy":"product_cat","embeddable":true,"href":"https:\/\/www.elementvape.de\/fr\/wp-json\/wp\/v2\/product_cat?post=11285"},{"taxonomy":"product_tag","embeddable":true,"href":"https:\/\/www.elementvape.de\/fr\/wp-json\/wp\/v2\/product_tag?post=11285"}],"curies":[{"name":"wp","href":"https:\/\/api.w.org\/{rel}","templated":true}]}}