{"id":11252,"date":"2024-05-31T07:18:28","date_gmt":"2024-05-31T07:18:28","guid":{"rendered":"https:\/\/www.elementvape.de\/?post_type=product&#038;p=11252"},"modified":"2024-09-12T10:36:38","modified_gmt":"2024-09-12T10:36:38","slug":"flerbar-m-einweg-e-zigarette-600-20mg-ml","status":"publish","type":"product","link":"https:\/\/www.elementvape.de\/fr\/produkt\/flerbar-m-einweg-e-zigarette-600-20mg-ml\/","title":{"rendered":"Flerbar M Einweg E-Zigarette 600 \u2013 20mg\/ml"},"content":{"rendered":"<h2>Flerbar M \u2013 Cigarette \u00e9lectronique jetable 20 mg\/ml<\/h2>\n<p>Qu'est-ce que Flerbar M ?<br \/>\nFlerbar M est une <strong><a href=\"https:\/\/www.elementvape.de\/fr\/c\/einweg-zigarette\/\">cigarette \u00e9lectronique jetable<\/a><\/strong> avec une r\u00e9sistance Mesh, qui offre un meilleur go\u00fbt et une vapeur plus dense <strong><a href=\"https:\/\/www.elementvape.de\/fr\/\">Vape<\/a><\/strong> Elle poss\u00e8de une batterie de 550mAh et offre 600 bouff\u00e9es dans diff\u00e9rentes saveurs.<\/p>\n<h3>Quelles saveurs propose-t-elle ?<\/h3>\n<p>Les cigarettes \u00e9lectroniques jetables Flerbar sont disponibles dans de nombreuses saveurs, notamment fruit\u00e9es et glac\u00e9es :<\/p>\n<p>Apple Ice : M\u00e9lange rafra\u00eechissant de pomme juteuse et de glace fra\u00eeche<br \/>\nBlueberry : Myrtille douce et aromatique<br \/>\nBlue Razz : M\u00e9lange p\u00e9tillant de m\u00fbre bleue et de citron<br \/>\nStrawberry Ice : Une d\u00e9licieuse fraise avec une touche de glace<br \/>\nStrawberry Lemonade : Limonade au go\u00fbt de fraise<br \/>\nChewy Watermelon : Past\u00e8que juteuse avec une sensation de gomme molle<br \/>\nPink Watermelon : Une past\u00e8que sucr\u00e9e-acidul\u00e9e avec une touche de menthe<br \/>\nTobacco : Go\u00fbt de tabac classique avec une touche de caramel<br \/>\nGrape : Raisin m\u00fbr et juteux<br \/>\nLemon : Rafra\u00eechissement citronn\u00e9 avec une touche de douceur<br \/>\nLychee Ice : Litchi exotique avec une finale fra\u00eeche<br \/>\nBloody Bull : Une limonade au go\u00fbt d'\u00e9nergie et de citron<br \/>\nCherry Cola : Cola \u00e0 la cerise avec une touche de Koolada<br \/>\nIce Mint : Menthe glaciale avec des notes sucr\u00e9es et \u00e9pic\u00e9es<br \/>\nOrange : Orange juteuse et sucr\u00e9e<br \/>\nPeach Ice : P\u00eache m\u00fbre et rafra\u00eechissante avec de la glace<br \/>\nPineapple Ice : Ananas tropical avec une finale fra\u00eeche<br \/>\nFlerbar Vape Jetable en promotion \u00e0 acheter<\/p>\n<h3>Flerbar M-D\u00e9tails :<\/h3>\n<p>La Flerbar M Vape Jetable est tr\u00e8s facile \u00e0 utiliser. Il suffit de la sortir de l'emballage et de tirer sur la partie du drip-tip. La fonction d'aspiration automatique active la Mesh Coil et g\u00e9n\u00e8re de la vapeur. Vous n'avez pas besoin de remplir ou de recharger la Flerbar M.<\/p>\n<p>Flerbar M offre un go\u00fbt nettement meilleur et une vapeur plus dense que d'autres cigarettes \u00e9lectroniques jetables, gr\u00e2ce \u00e0 la technologie Mesh Coil. Les saveurs sont intenses et \u00e9quilibr\u00e9es entre douceur et fra\u00eecheur.<\/p>\n<p>Une Flerbar M peut durer jusqu'\u00e0 600 bouff\u00e9es, selon la fr\u00e9quence et la force de votre traction. Cela correspond \u00e0 environ 30 \u00e0 40 cigarettes. La batterie int\u00e9gr\u00e9e de 550mAh garantit que la Flerbar M offre un go\u00fbt constant jusqu'\u00e0 la derni\u00e8re bouff\u00e9e.<\/p>\n<p>La nouvelle Flerbar avec Mesh Coil<br \/>\nContenu de l'emballage : 1 x Flerbar M \u2013 cigarette \u00e9lectronique jetable 20 mg\/ml<\/p>","protected":false},"excerpt":{"rendered":"<p>Flerbar M &#8211; Einweg E-Zigarette 20 mg\/ml Was ist Flerbar M? Flerbar M ist eine Einweg-E-Zigarette mit einer Mesh Coil, die f\u00fcr besseren Geschmack und dichteren Dampf sorgt. Sie hat einen 550mAh Akku und bietet 600 Z\u00fcge in verschiedenen Geschmacksrichtungen. Welche Geschmacksrichtungen gibt es? Einweg E-Zigaretten von Flerbar gibt es in vielen verschiedenen Geschmacksrichtungen, darunter [&hellip;]<\/p>","protected":false},"featured_media":11253,"template":"","meta":{"inline_featured_image":false},"product_cat":[78,754,745,742,748,744,755,738,751],"product_tag":[679],"tiered_pricing_type":"fixed","tiered_pricing_fixed_rules":[],"tiered_pricing_percentage_rules":[],"tiered_pricing_minimum":1,"_administrator_tiered_pricing_type":"fixed","_administrator_tiered_pricing_fixed_rules":[],"_editor_tiered_pricing_type":"fixed","_editor_tiered_pricing_fixed_rules":[],"_author_tiered_pricing_type":"fixed","_author_tiered_pricing_fixed_rules":[],"_contributor_tiered_pricing_type":"fixed","_contributor_tiered_pricing_fixed_rules":[],"_subscriber_tiered_pricing_type":"fixed","_subscriber_tiered_pricing_fixed_rules":[],"_customer_tiered_pricing_type":"fixed","_customer_tiered_pricing_fixed_rules":[],"_shop_manager_tiered_pricing_type":"fixed","_shop_manager_tiered_pricing_fixed_rules":[],"_wpseo_manager_tiered_pricing_type":"fixed","_wpseo_manager_tiered_pricing_fixed_rules":[],"_wpseo_editor_tiered_pricing_type":"fixed","_wpseo_editor_tiered_pricing_fixed_rules":[],"_wholesale_customer_tiered_pricing_type":"fixed","_wholesale_customer_tiered_pricing_fixed_rules":[],"_marketer_tiered_pricing_type":"fixed","_marketer_tiered_pricing_fixed_rules":[],"_sales_manager_tiered_pricing_type":"fixed","_sales_manager_tiered_pricing_fixed_rules":[],"_sales_rep_tiered_pricing_type":"fixed","_sales_rep_tiered_pricing_fixed_rules":[],"yoast_head":"<!-- This site is optimized with the Yoast SEO plugin v23.3 - https:\/\/yoast.com\/wordpress\/plugins\/seo\/ -->\n<title>Flerbar M Einweg E-Zigarette 600 - 20mg\/ml | ElementVape.de<\/title>\n<meta name=\"description\" content=\"Wir bieten Flerbar M Einweg E-Zigarette 600 - 20mg\/ml , Elementvape.de akzeptieren Gro\u00df-und Einzelhandel Bestellungen.\" \/>\n<meta name=\"robots\" content=\"index, follow, max-snippet:-1, max-image-preview:large, max-video-preview:-1\" \/>\n<link rel=\"canonical\" href=\"https:\/\/www.elementvape.de\/fr\/produkt\/flerbar-m-einweg-e-zigarette-600-20mg-ml\/\" \/>\n<meta property=\"og:locale\" content=\"fr_FR\" \/>\n<meta property=\"og:type\" content=\"article\" \/>\n<meta property=\"og:title\" content=\"Flerbar M Einweg E-Zigarette 600 - 20mg\/ml | ElementVape.de\" \/>\n<meta property=\"og:description\" content=\"Wir bieten Flerbar M Einweg E-Zigarette 600 - 20mg\/ml , Elementvape.de akzeptieren Gro\u00df-und Einzelhandel Bestellungen.\" \/>\n<meta property=\"og:url\" content=\"https:\/\/www.elementvape.de\/fr\/produkt\/flerbar-m-einweg-e-zigarette-600-20mg-ml\/\" \/>\n<meta property=\"og:site_name\" content=\"ElementVape.de\" \/>\n<meta property=\"article:modified_time\" content=\"2024-09-12T10:36:38+00:00\" \/>\n<meta property=\"og:image\" content=\"https:\/\/www.elementvape.de\/wp-content\/uploads\/2024\/05\/flerbar-m-e-shisha-600-20mg-alberry.jpg\" \/>\n\t<meta property=\"og:image:width\" content=\"1120\" \/>\n\t<meta property=\"og:image:height\" content=\"1120\" \/>\n\t<meta property=\"og:image:type\" content=\"image\/jpeg\" \/>\n<meta name=\"twitter:card\" content=\"summary_large_image\" \/>\n<meta name=\"twitter:label1\" content=\"Est. reading time\" \/>\n\t<meta name=\"twitter:data1\" content=\"3 minutes\" \/>\n<script type=\"application\/ld+json\" class=\"yoast-schema-graph\">{\"@context\":\"https:\/\/schema.org\",\"@graph\":[{\"@type\":\"WebPage\",\"@id\":\"https:\/\/www.elementvape.de\/nl\/produkt\/flerbar-m-einweg-e-zigarette-600-20mg-ml\/\",\"url\":\"https:\/\/www.elementvape.de\/nl\/produkt\/flerbar-m-einweg-e-zigarette-600-20mg-ml\/\",\"name\":\"Flerbar M Einweg E-Zigarette 600 - 20mg\/ml | ElementVape.de\",\"isPartOf\":{\"@id\":\"https:\/\/www.elementvape.de\/#website\"},\"primaryImageOfPage\":{\"@id\":\"https:\/\/www.elementvape.de\/nl\/produkt\/flerbar-m-einweg-e-zigarette-600-20mg-ml\/#primaryimage\"},\"image\":{\"@id\":\"https:\/\/www.elementvape.de\/nl\/produkt\/flerbar-m-einweg-e-zigarette-600-20mg-ml\/#primaryimage\"},\"thumbnailUrl\":\"https:\/\/www.elementvape.de\/wp-content\/uploads\/2024\/05\/flerbar-m-e-shisha-600-20mg-alberry.jpg\",\"datePublished\":\"2024-05-31T07:18:28+00:00\",\"dateModified\":\"2024-09-12T10:36:38+00:00\",\"description\":\"Wir bieten Flerbar M Einweg E-Zigarette 600 - 20mg\/ml , Elementvape.de akzeptieren Gro\u00df-und Einzelhandel Bestellungen.\",\"breadcrumb\":{\"@id\":\"https:\/\/www.elementvape.de\/nl\/produkt\/flerbar-m-einweg-e-zigarette-600-20mg-ml\/#breadcrumb\"},\"inLanguage\":\"fr-FR\",\"potentialAction\":[{\"@type\":\"ReadAction\",\"target\":[\"https:\/\/www.elementvape.de\/nl\/produkt\/flerbar-m-einweg-e-zigarette-600-20mg-ml\/\"]}]},{\"@type\":\"ImageObject\",\"inLanguage\":\"fr-FR\",\"@id\":\"https:\/\/www.elementvape.de\/nl\/produkt\/flerbar-m-einweg-e-zigarette-600-20mg-ml\/#primaryimage\",\"url\":\"https:\/\/www.elementvape.de\/wp-content\/uploads\/2024\/05\/flerbar-m-e-shisha-600-20mg-alberry.jpg\",\"contentUrl\":\"https:\/\/www.elementvape.de\/wp-content\/uploads\/2024\/05\/flerbar-m-e-shisha-600-20mg-alberry.jpg\",\"width\":1120,\"height\":1120,\"caption\":\"flerbar-m-e-shisha-600-20mg-alberry\"},{\"@type\":\"BreadcrumbList\",\"@id\":\"https:\/\/www.elementvape.de\/nl\/produkt\/flerbar-m-einweg-e-zigarette-600-20mg-ml\/#breadcrumb\",\"itemListElement\":[{\"@type\":\"ListItem\",\"position\":1,\"name\":\"Home\",\"item\":\"https:\/\/www.elementvape.de\/\"},{\"@type\":\"ListItem\",\"position\":2,\"name\":\"Shop\",\"item\":\"https:\/\/www.elementvape.de\/shop\/\"},{\"@type\":\"ListItem\",\"position\":3,\"name\":\"Flerbar M Einweg E-Zigarette 600 &#8211; 20mg\/ml\"}]},{\"@type\":\"WebSite\",\"@id\":\"https:\/\/www.elementvape.de\/#website\",\"url\":\"https:\/\/www.elementvape.de\/\",\"name\":\"ElementVape.de\",\"description\":\"\",\"publisher\":{\"@id\":\"https:\/\/www.elementvape.de\/#organization\"},\"potentialAction\":[{\"@type\":\"SearchAction\",\"target\":{\"@type\":\"EntryPoint\",\"urlTemplate\":\"https:\/\/www.elementvape.de\/?s={search_term_string}\"},\"query-input\":\"required name=search_term_string\"}],\"inLanguage\":\"fr-FR\"},{\"@type\":\"Organization\",\"@id\":\"https:\/\/www.elementvape.de\/#organization\",\"name\":\"ElementVape.DE\",\"url\":\"https:\/\/www.elementvape.de\/\",\"logo\":{\"@type\":\"ImageObject\",\"inLanguage\":\"fr-FR\",\"@id\":\"https:\/\/www.elementvape.de\/#\/schema\/logo\/image\/\",\"url\":\"https:\/\/www.elementvape.de\/wp-content\/uploads\/2024\/09\/cropped-1elementvape-3.png\",\"contentUrl\":\"https:\/\/www.elementvape.de\/wp-content\/uploads\/2024\/09\/cropped-1elementvape-3.png\",\"width\":285,\"height\":228,\"caption\":\"ElementVape.DE\"},\"image\":{\"@id\":\"https:\/\/www.elementvape.de\/#\/schema\/logo\/image\/\"}}]}<\/script>\n<!-- \/ Yoast SEO plugin. -->","yoast_head_json":{"title":"Flerbar M Einweg E-Zigarette 600 - 20mg\/ml | ElementVape.de","description":"Wir bieten Flerbar M Einweg E-Zigarette 600 - 20mg\/ml , Elementvape.de akzeptieren Gro\u00df-und Einzelhandel Bestellungen.","robots":{"index":"index","follow":"follow","max-snippet":"max-snippet:-1","max-image-preview":"max-image-preview:large","max-video-preview":"max-video-preview:-1"},"canonical":"https:\/\/www.elementvape.de\/fr\/produkt\/flerbar-m-einweg-e-zigarette-600-20mg-ml\/","og_locale":"fr_FR","og_type":"article","og_title":"Flerbar M Einweg E-Zigarette 600 - 20mg\/ml | ElementVape.de","og_description":"Wir bieten Flerbar M Einweg E-Zigarette 600 - 20mg\/ml , Elementvape.de akzeptieren Gro\u00df-und Einzelhandel Bestellungen.","og_url":"https:\/\/www.elementvape.de\/fr\/produkt\/flerbar-m-einweg-e-zigarette-600-20mg-ml\/","og_site_name":"ElementVape.de","article_modified_time":"2024-09-12T10:36:38+00:00","og_image":[{"width":1120,"height":1120,"url":"https:\/\/www.elementvape.de\/wp-content\/uploads\/2024\/05\/flerbar-m-e-shisha-600-20mg-alberry.jpg","type":"image\/jpeg"}],"twitter_card":"summary_large_image","twitter_misc":{"Est. reading time":"3 minutes"},"schema":{"@context":"https:\/\/schema.org","@graph":[{"@type":"WebPage","@id":"https:\/\/www.elementvape.de\/nl\/produkt\/flerbar-m-einweg-e-zigarette-600-20mg-ml\/","url":"https:\/\/www.elementvape.de\/nl\/produkt\/flerbar-m-einweg-e-zigarette-600-20mg-ml\/","name":"Flerbar M Einweg E-Zigarette 600 - 20mg\/ml | ElementVape.de","isPartOf":{"@id":"https:\/\/www.elementvape.de\/#website"},"primaryImageOfPage":{"@id":"https:\/\/www.elementvape.de\/nl\/produkt\/flerbar-m-einweg-e-zigarette-600-20mg-ml\/#primaryimage"},"image":{"@id":"https:\/\/www.elementvape.de\/nl\/produkt\/flerbar-m-einweg-e-zigarette-600-20mg-ml\/#primaryimage"},"thumbnailUrl":"https:\/\/www.elementvape.de\/wp-content\/uploads\/2024\/05\/flerbar-m-e-shisha-600-20mg-alberry.jpg","datePublished":"2024-05-31T07:18:28+00:00","dateModified":"2024-09-12T10:36:38+00:00","description":"Wir bieten Flerbar M Einweg E-Zigarette 600 - 20mg\/ml , Elementvape.de akzeptieren Gro\u00df-und Einzelhandel Bestellungen.","breadcrumb":{"@id":"https:\/\/www.elementvape.de\/nl\/produkt\/flerbar-m-einweg-e-zigarette-600-20mg-ml\/#breadcrumb"},"inLanguage":"fr-FR","potentialAction":[{"@type":"ReadAction","target":["https:\/\/www.elementvape.de\/nl\/produkt\/flerbar-m-einweg-e-zigarette-600-20mg-ml\/"]}]},{"@type":"ImageObject","inLanguage":"fr-FR","@id":"https:\/\/www.elementvape.de\/nl\/produkt\/flerbar-m-einweg-e-zigarette-600-20mg-ml\/#primaryimage","url":"https:\/\/www.elementvape.de\/wp-content\/uploads\/2024\/05\/flerbar-m-e-shisha-600-20mg-alberry.jpg","contentUrl":"https:\/\/www.elementvape.de\/wp-content\/uploads\/2024\/05\/flerbar-m-e-shisha-600-20mg-alberry.jpg","width":1120,"height":1120,"caption":"flerbar-m-e-shisha-600-20mg-alberry"},{"@type":"BreadcrumbList","@id":"https:\/\/www.elementvape.de\/nl\/produkt\/flerbar-m-einweg-e-zigarette-600-20mg-ml\/#breadcrumb","itemListElement":[{"@type":"ListItem","position":1,"name":"Home","item":"https:\/\/www.elementvape.de\/"},{"@type":"ListItem","position":2,"name":"Shop","item":"https:\/\/www.elementvape.de\/shop\/"},{"@type":"ListItem","position":3,"name":"Flerbar M Einweg E-Zigarette 600 &#8211; 20mg\/ml"}]},{"@type":"WebSite","@id":"https:\/\/www.elementvape.de\/#website","url":"https:\/\/www.elementvape.de\/","name":"ElementVape.de","description":"","publisher":{"@id":"https:\/\/www.elementvape.de\/#organization"},"potentialAction":[{"@type":"SearchAction","target":{"@type":"EntryPoint","urlTemplate":"https:\/\/www.elementvape.de\/?s={search_term_string}"},"query-input":"required name=search_term_string"}],"inLanguage":"fr-FR"},{"@type":"Organization","@id":"https:\/\/www.elementvape.de\/#organization","name":"ElementVape.DE","url":"https:\/\/www.elementvape.de\/","logo":{"@type":"ImageObject","inLanguage":"fr-FR","@id":"https:\/\/www.elementvape.de\/#\/schema\/logo\/image\/","url":"https:\/\/www.elementvape.de\/wp-content\/uploads\/2024\/09\/cropped-1elementvape-3.png","contentUrl":"https:\/\/www.elementvape.de\/wp-content\/uploads\/2024\/09\/cropped-1elementvape-3.png","width":285,"height":228,"caption":"ElementVape.DE"},"image":{"@id":"https:\/\/www.elementvape.de\/#\/schema\/logo\/image\/"}}]}},"_links":{"self":[{"href":"https:\/\/www.elementvape.de\/fr\/wp-json\/wp\/v2\/product\/11252"}],"collection":[{"href":"https:\/\/www.elementvape.de\/fr\/wp-json\/wp\/v2\/product"}],"about":[{"href":"https:\/\/www.elementvape.de\/fr\/wp-json\/wp\/v2\/types\/product"}],"wp:featuredmedia":[{"embeddable":true,"href":"https:\/\/www.elementvape.de\/fr\/wp-json\/wp\/v2\/media\/11253"}],"wp:attachment":[{"href":"https:\/\/www.elementvape.de\/fr\/wp-json\/wp\/v2\/media?parent=11252"}],"wp:term":[{"taxonomy":"product_cat","embeddable":true,"href":"https:\/\/www.elementvape.de\/fr\/wp-json\/wp\/v2\/product_cat?post=11252"},{"taxonomy":"product_tag","embeddable":true,"href":"https:\/\/www.elementvape.de\/fr\/wp-json\/wp\/v2\/product_tag?post=11252"}],"curies":[{"name":"wp","href":"https:\/\/api.w.org\/{rel}","templated":true}]}}