{"id":11159,"date":"2024-05-30T09:48:52","date_gmt":"2024-05-30T09:48:52","guid":{"rendered":"https:\/\/www.elementvape.de\/?post_type=product&#038;p=11159"},"modified":"2024-09-12T10:36:40","modified_gmt":"2024-09-12T10:36:40","slug":"ivg-bar-einweg-vape-600-puffs","status":"publish","type":"product","link":"https:\/\/www.elementvape.de\/fr\/produkt\/ivg-bar-einweg-vape-600-puffs\/","title":{"rendered":"Vape jetable IVG Bar 600 bouff\u00e9es"},"content":{"rendered":"<h2>Cigarette \u00e9lectronique jetable IVG BAR :<\/h2>\n<p>La IVG Bar est une cigarette \u00e9lectronique tr\u00e8s facile \u00e0 utiliser : le liquide et la batterie sont d\u00e9j\u00e0 int\u00e9gr\u00e9s dans la IVG Bar. Cela signifie que les vapoteurs peuvent commencer \u00e0 l'utiliser imm\u00e9diatement, sans avoir \u00e0 recharger la batterie ou \u00e0 remplir le liquide. C'est pourquoi les vape pens ou vape sticks comme la IVG Bar sont aussi appel\u00e9s <strong><a href=\"https:\/\/www.elementvape.de\/fr\/c\/einweg-zigarette\/\">Cigarettes \u00e9lectroniques jetables<\/a><\/strong> ou cigarettes \u00e9lectroniques jetables.<\/p>\n<h3>Go\u00fbt :<\/h3>\n<p>Aloe Grape Ice : Aloe Vera combin\u00e9e \u00e0 une fra\u00eecheur de raisin et un go\u00fbt glac\u00e9..<\/p>\n<p>Berry Lemonade Ice : Une combinaison rafra\u00eechissante de baies sucr\u00e9es et d'une limonade fra\u00eeche.<\/p>\n<p>Blue Raspberry Ice : M\u00fbre bleue rafra\u00eechissante et framboise, avec une petite touche acidul\u00e9e.<\/p>\n<p>Blue Slush Ice : Le go\u00fbt nostalgique du slush bleu avec une finale rafra\u00eechissante.<\/p>\n<p>Blueberry Sour Raspberry : La combinaison rafra\u00eechissante, fruit\u00e9e et l\u00e9g\u00e8rement acidul\u00e9e, o\u00f9 la myrtille rencontre la framboise<\/p>\n<p>Blueberry Pomegranate : Savourez la combinaison fruit\u00e9e de myrtilles juteuses et de grenade sucr\u00e9e. La IVG Bar saveur Blueberry Pomegranate offre une exp\u00e9rience de vapotage intense et rafra\u00eechissante qui ravira vos sens.<\/p>\n<p>Exotic Mango : Savourez le go\u00fbt exotique de la mangue juteuse, qui enchantera vos sens. La IVG Bar saveur Exotic Mango offre une exp\u00e9rience de vapotage intense et tropicale.<\/p>\n<p>Fuji Apple Melon : D\u00e9gustez le go\u00fbt rafra\u00eechissant de pommes Fuji juteuses, combin\u00e9 \u00e0 une douce melon. La IVG Bar au parfum Fuji Apple Melon offre une exp\u00e9rience de vapotage fruit\u00e9e et d\u00e9licieuse qui ravira vos sens.<\/p>\n<p>Kiwi Passion Fruit Guava : Appr\u00e9ciez le m\u00e9lange exotique de kiwi juteux, de fruit de la passion passionn\u00e9 et de goyave tropicale. La IVG Bar au parfum Kiwi Passion Fruit Guava offre une exp\u00e9rience de vapotage fruit\u00e9e et intense qui ravira vos sens.<\/p>\n<p>Mangue Litchi : D\u00e9gustez la combinaison rafra\u00eechissante de mangue sucr\u00e9e et de litchi juteux. La <strong><a href=\"https:\/\/www.elementvape.de\/fr\/product-brand\/ivg-bar\/\">IVG Bar<\/a><\/strong> au parfum Mangue Litchi offre une exp\u00e9rience de vapotage fruit\u00e9e et exotique qui ravira vos sens.<\/p>\n<p>Fruit de la Passion : Appr\u00e9ciez le go\u00fbt intense du fruit de la passion passionn\u00e9. La IVG Bar au parfum Fruit de la Passion offre une exp\u00e9rience de vapotage fruit\u00e9e et tropicale qui ravira vos sens.<\/p>\n<p>Rings \u00e0 la p\u00eache : D\u00e9couvrez le go\u00fbt sucr\u00e9 des rings \u00e0 la p\u00eache dans votre cigarette \u00e9lectronique. La IVG Bar au parfum Peach Rings offre une exp\u00e9rience de vapotage fruit\u00e9e et rafra\u00eechissante qui enchantera votre palais.<\/p>\n<p>Limonade Rose : D\u00e9gustez le go\u00fbt rafra\u00eechissant de limonade rose dans votre cigarette \u00e9lectronique. La IVG Bar au parfum Pink Lemonade offre une exp\u00e9rience de vapotage fruit\u00e9e et p\u00e9tillante qui ravira vos sens.<\/p>\n<p>Menthe Polaire : Appr\u00e9ciez la fra\u00eecheur rafra\u00eechissante de Polar Mint dans votre cigarette \u00e9lectronique. La IVG Bar au parfum Polar Mint offre un ar\u00f4me menthol\u00e9 intense, garantissant une exp\u00e9rience de vapotage agr\u00e9able et rafra\u00eechissante.<\/p>\n<p>Limonade Framboise : D\u00e9gustez la combinaison p\u00e9tillante de framboises sucr\u00e9es et de limonade citronn\u00e9e rafra\u00eechissante. La IVG Bar au parfum Raspberry Lemonade vous offre une vapeur fruit\u00e9e et rafra\u00eechissante qui stimulera vos sens.<\/p>\n<p>Arc-en-ciel : D\u00e9couvrez l\u2019exp\u00e9rience gustative color\u00e9e d\u2019Arc-en-ciel dans votre cigarette \u00e9lectronique. La IVG Bar au parfum Rainbow propose une vari\u00e9t\u00e9 d\u2019ar\u00f4mes fruit\u00e9s qui s\u2019harmonisent pour vous offrir un plaisir de vapotage unique.<\/p>\n<p>Goyave Ruby Glac\u00e9e : Appr\u00e9ciez le go\u00fbt rafra\u00eechissant de la goyave juteuse avec une touche de menthol glac\u00e9. La IVG Bar au parfum Ruby Guava Ice offre une exp\u00e9rience tropicale et fra\u00eeche en m\u00eame temps, qui enchantera vos sens.<\/p>\n<p>Fraise Past\u00e8que : D\u00e9gustez la combinaison douce et rafra\u00eechissante de fraises juteuses et de past\u00e8que. La IVG Bar au parfum Strawberry Watermelon offre une exp\u00e9rience de vapotage fruit\u00e9e et estivale qui revitalisera vos sens.<\/p>\n<p>Vanille Custard Tabac : Appr\u00e9ciez l\u2019harmonie entre la vanille cr\u00e9meuse, le custard \u00e0 l\u2019\u0153uf sucr\u00e9 et le tabac \u00e9pic\u00e9. La IVG Bar au parfum Vanilla Custard Tobacco offre une exp\u00e9rience de vapotage \u00e9l\u00e9gante et \u00e9quilibr\u00e9e qui ravira vos papilles.<\/p>\n<p>Past\u00e8que : D\u00e9gustez le go\u00fbt juteux de la past\u00e8que m\u00fbre, parfaitement compl\u00e9t\u00e9 par une agr\u00e9able fra\u00eecheur. La IVG Bar au parfum Watermelon offre une exp\u00e9rience de vapotage rafra\u00eechissante et fruit\u00e9e qui stimulera vos sens.<\/p>\n<h3>Une note :<\/h3>\n<p>La IVG Bar est d\u00e9sormais \u00e9quip\u00e9e d\u2019un verrou de s\u00e9curit\u00e9 pour enfants : vous pouvez reconna\u00eetre ces mod\u00e8les \u00e0 la marque \u00ab 3 Short Pull (Unlock) Lock \u00bb sur l\u2019emballage.<\/p>\n<p>Pour ouvrir ou fermer la IVG Bar avec verrou de s\u00e9curit\u00e9 pour enfants, tirez rapidement trois fois de suite sur la bouchette en deux secondes.<\/p>\n<p>IVG Bar facilite la transition vers la cigarette \u00e9lectronique<br \/>\nLes fumeurs souhaitant passer \u00e0 la cigarette \u00e9lectronique peuvent commencer imm\u00e9diatement avec la IVG Bar : le r\u00e9servoir est pr\u00e9-rempli avec 2 ml de liquide au sel de nicotine.<\/p>\n<p>La IVG Bar dispose d\u2019un volume de liquide et de batteries suffisants pour produire jusqu\u2019\u00e0 600 vapotages d\u00e9licieux. Mais en g\u00e9n\u00e9ral, 2 ml de liquide suffisent en usage normal pour atteindre l\u2019objectif de r\u00e9duire consid\u00e9rablement le nombre de clics. Cela signifie que les pods et autres <strong><a href=\"https:\/\/www.elementvape.de\/fr\/\">Cigarettes \u00e9lectroniques<\/a><\/strong>, que le vapoteur peut remplir avec son propre liquide, sont nettement moins chers.<\/p>\n<p>Nicotine dans les sticks IVG<br \/>\nLa teneur en nicotine liquide dans la IVG Bar est de 20 mg par millilitre de liquide. La teneur en nicotine dans le liquide satisfait l'envie des fumeurs r\u00e9guliers.<\/p>\n<p>IVG Bar utilise ce qu'on appelle des liquides aux sels de nicotine : les liquides avec sels de nicotine se caract\u00e9risent par le fait qu'ils ne \u00ab grattent \u00bb pas trop la gorge et sont donc particuli\u00e8rement agr\u00e9ables.<\/p>\n<p>Technologie d'air mixte unique<br \/>\nIVG Bar utilise la technologie d'\u00e9coulement d'air hybride unique pour garantir la meilleure exp\u00e9rience de vapotage.<\/p>\n<h3>R\u00e8gles de s\u00e9curit\u00e9 :<\/h3>\n<p>\u00c0 utiliser uniquement par des adultes ayant l'\u00e2ge l\u00e9gal pour fumer.<br \/>\nNon recommand\u00e9 pour les femmes enceintes ou allaitantes.<br \/>\nTenir hors de port\u00e9e des enfants et des animaux domestiques.<br \/>\nEn cas de contact avec les yeux ou la peau, rincer abondamment \u00e0 l'eau et consulter imm\u00e9diatement un m\u00e9decin.<br \/>\nLavez-vous soigneusement les mains apr\u00e8s utilisation.<br \/>\nVeuillez noter : ce produit est destin\u00e9 aux utilisateurs adultes de cigarettes \u00e9lectroniques.<\/p>","protected":false},"excerpt":{"rendered":"<p>Einweg-Elektrozigarette IVG BAR: Die IVG Bar ist eine sehr einfach zu verwendende E-Zigarette: Fl\u00fcssigkeit und Batterie sind bereits in der IVG Bar enthalten. Dies bedeutet, dass Dampfer sofort mit der Nutzung beginnen k\u00f6nnen, ohne den Akku aufladen oder Fl\u00fcssigkeit nachf\u00fcllen zu m\u00fcssen. Daher werden Vape Pens oder Vape Sticks wie IVG Bar auch als Einweg-E-Zigaretten [&hellip;]<\/p>","protected":false},"featured_media":11160,"template":"","meta":{"inline_featured_image":false},"product_cat":[78,754,745,742,748,744,755,738,751],"product_tag":[679],"tiered_pricing_type":"fixed","tiered_pricing_fixed_rules":[],"tiered_pricing_percentage_rules":[],"tiered_pricing_minimum":1,"_administrator_tiered_pricing_type":"fixed","_administrator_tiered_pricing_fixed_rules":[],"_editor_tiered_pricing_type":"fixed","_editor_tiered_pricing_fixed_rules":[],"_author_tiered_pricing_type":"fixed","_author_tiered_pricing_fixed_rules":[],"_contributor_tiered_pricing_type":"fixed","_contributor_tiered_pricing_fixed_rules":[],"_subscriber_tiered_pricing_type":"fixed","_subscriber_tiered_pricing_fixed_rules":[],"_customer_tiered_pricing_type":"fixed","_customer_tiered_pricing_fixed_rules":[],"_shop_manager_tiered_pricing_type":"fixed","_shop_manager_tiered_pricing_fixed_rules":[],"_wpseo_manager_tiered_pricing_type":"fixed","_wpseo_manager_tiered_pricing_fixed_rules":[],"_wpseo_editor_tiered_pricing_type":"fixed","_wpseo_editor_tiered_pricing_fixed_rules":[],"_wholesale_customer_tiered_pricing_type":"fixed","_wholesale_customer_tiered_pricing_fixed_rules":[],"_marketer_tiered_pricing_type":"fixed","_marketer_tiered_pricing_fixed_rules":[],"_sales_manager_tiered_pricing_type":"fixed","_sales_manager_tiered_pricing_fixed_rules":[],"_sales_rep_tiered_pricing_type":"fixed","_sales_rep_tiered_pricing_fixed_rules":[],"yoast_head":"<!-- This site is optimized with the Yoast SEO plugin v23.3 - https:\/\/yoast.com\/wordpress\/plugins\/seo\/ -->\n<title>IVG Bar Einweg Vape 600 Puffs | ElementVape.de<\/title>\n<meta name=\"description\" content=\"Wir bieten IVG Bar Einweg Vape 600 Puffs , Elementvape.de akzeptieren Gro\u00df-und Einzelhandel Bestellungen.\" \/>\n<meta name=\"robots\" content=\"index, follow, max-snippet:-1, max-image-preview:large, max-video-preview:-1\" \/>\n<link rel=\"canonical\" href=\"https:\/\/www.elementvape.de\/fr\/produkt\/ivg-bar-einweg-vape-600-puffs\/\" \/>\n<meta property=\"og:locale\" content=\"fr_FR\" \/>\n<meta property=\"og:type\" content=\"article\" \/>\n<meta property=\"og:title\" content=\"IVG Bar Einweg Vape 600 Puffs | ElementVape.de\" \/>\n<meta property=\"og:description\" content=\"Wir bieten IVG Bar Einweg Vape 600 Puffs , Elementvape.de akzeptieren Gro\u00df-und Einzelhandel Bestellungen.\" \/>\n<meta property=\"og:url\" content=\"https:\/\/www.elementvape.de\/fr\/produkt\/ivg-bar-einweg-vape-600-puffs\/\" \/>\n<meta property=\"og:site_name\" content=\"ElementVape.de\" \/>\n<meta property=\"article:modified_time\" content=\"2024-09-12T10:36:40+00:00\" \/>\n<meta property=\"og:image\" content=\"https:\/\/www.elementvape.de\/wp-content\/uploads\/2024\/05\/IVG_BAR_Strawberry_watermeelon_einweg_ezigarette.webp\" \/>\n\t<meta property=\"og:image:width\" content=\"800\" \/>\n\t<meta property=\"og:image:height\" content=\"800\" \/>\n\t<meta property=\"og:image:type\" content=\"image\/webp\" \/>\n<meta name=\"twitter:card\" content=\"summary_large_image\" \/>\n<meta name=\"twitter:label1\" content=\"Est. reading time\" \/>\n\t<meta name=\"twitter:data1\" content=\"6 minutes\" \/>\n<script type=\"application\/ld+json\" class=\"yoast-schema-graph\">{\"@context\":\"https:\/\/schema.org\",\"@graph\":[{\"@type\":\"WebPage\",\"@id\":\"https:\/\/www.elementvape.de\/produkt\/ivg-bar-einweg-vape-600-puffs\/\",\"url\":\"https:\/\/www.elementvape.de\/produkt\/ivg-bar-einweg-vape-600-puffs\/\",\"name\":\"IVG Bar Einweg Vape 600 Puffs | ElementVape.de\",\"isPartOf\":{\"@id\":\"https:\/\/www.elementvape.de\/#website\"},\"primaryImageOfPage\":{\"@id\":\"https:\/\/www.elementvape.de\/produkt\/ivg-bar-einweg-vape-600-puffs\/#primaryimage\"},\"image\":{\"@id\":\"https:\/\/www.elementvape.de\/produkt\/ivg-bar-einweg-vape-600-puffs\/#primaryimage\"},\"thumbnailUrl\":\"https:\/\/www.elementvape.de\/wp-content\/uploads\/2024\/05\/IVG_BAR_Strawberry_watermeelon_einweg_ezigarette.webp\",\"datePublished\":\"2024-05-30T09:48:52+00:00\",\"dateModified\":\"2024-09-12T10:36:40+00:00\",\"description\":\"Wir bieten IVG Bar Einweg Vape 600 Puffs , Elementvape.de akzeptieren Gro\u00df-und Einzelhandel Bestellungen.\",\"breadcrumb\":{\"@id\":\"https:\/\/www.elementvape.de\/produkt\/ivg-bar-einweg-vape-600-puffs\/#breadcrumb\"},\"inLanguage\":\"fr-FR\",\"potentialAction\":[{\"@type\":\"ReadAction\",\"target\":[\"https:\/\/www.elementvape.de\/produkt\/ivg-bar-einweg-vape-600-puffs\/\"]}]},{\"@type\":\"ImageObject\",\"inLanguage\":\"fr-FR\",\"@id\":\"https:\/\/www.elementvape.de\/produkt\/ivg-bar-einweg-vape-600-puffs\/#primaryimage\",\"url\":\"https:\/\/www.elementvape.de\/wp-content\/uploads\/2024\/05\/IVG_BAR_Strawberry_watermeelon_einweg_ezigarette.webp\",\"contentUrl\":\"https:\/\/www.elementvape.de\/wp-content\/uploads\/2024\/05\/IVG_BAR_Strawberry_watermeelon_einweg_ezigarette.webp\",\"width\":800,\"height\":800,\"caption\":\"IVG_BAR_Strawberry_watermeelon_einweg_ezigarette\"},{\"@type\":\"BreadcrumbList\",\"@id\":\"https:\/\/www.elementvape.de\/produkt\/ivg-bar-einweg-vape-600-puffs\/#breadcrumb\",\"itemListElement\":[{\"@type\":\"ListItem\",\"position\":1,\"name\":\"Home\",\"item\":\"https:\/\/www.elementvape.de\/\"},{\"@type\":\"ListItem\",\"position\":2,\"name\":\"Shop\",\"item\":\"https:\/\/www.elementvape.de\/shop\/\"},{\"@type\":\"ListItem\",\"position\":3,\"name\":\"IVG Bar Einweg Vape 600 Puffs\"}]},{\"@type\":\"WebSite\",\"@id\":\"https:\/\/www.elementvape.de\/#website\",\"url\":\"https:\/\/www.elementvape.de\/\",\"name\":\"ElementVape.de\",\"description\":\"\",\"publisher\":{\"@id\":\"https:\/\/www.elementvape.de\/#organization\"},\"potentialAction\":[{\"@type\":\"SearchAction\",\"target\":{\"@type\":\"EntryPoint\",\"urlTemplate\":\"https:\/\/www.elementvape.de\/?s={search_term_string}\"},\"query-input\":\"required name=search_term_string\"}],\"inLanguage\":\"fr-FR\"},{\"@type\":\"Organization\",\"@id\":\"https:\/\/www.elementvape.de\/#organization\",\"name\":\"ElementVape.DE\",\"url\":\"https:\/\/www.elementvape.de\/\",\"logo\":{\"@type\":\"ImageObject\",\"inLanguage\":\"fr-FR\",\"@id\":\"https:\/\/www.elementvape.de\/#\/schema\/logo\/image\/\",\"url\":\"https:\/\/www.elementvape.de\/wp-content\/uploads\/2024\/09\/cropped-1elementvape-3.png\",\"contentUrl\":\"https:\/\/www.elementvape.de\/wp-content\/uploads\/2024\/09\/cropped-1elementvape-3.png\",\"width\":285,\"height\":228,\"caption\":\"ElementVape.DE\"},\"image\":{\"@id\":\"https:\/\/www.elementvape.de\/#\/schema\/logo\/image\/\"}}]}<\/script>\n<!-- \/ Yoast SEO plugin. -->","yoast_head_json":{"title":"IVG Bar Einweg Vape 600 Puffs | ElementVape.de","description":"Wir bieten IVG Bar Einweg Vape 600 Puffs , Elementvape.de akzeptieren Gro\u00df-und Einzelhandel Bestellungen.","robots":{"index":"index","follow":"follow","max-snippet":"max-snippet:-1","max-image-preview":"max-image-preview:large","max-video-preview":"max-video-preview:-1"},"canonical":"https:\/\/www.elementvape.de\/fr\/produkt\/ivg-bar-einweg-vape-600-puffs\/","og_locale":"fr_FR","og_type":"article","og_title":"IVG Bar Einweg Vape 600 Puffs | ElementVape.de","og_description":"Wir bieten IVG Bar Einweg Vape 600 Puffs , Elementvape.de akzeptieren Gro\u00df-und Einzelhandel Bestellungen.","og_url":"https:\/\/www.elementvape.de\/fr\/produkt\/ivg-bar-einweg-vape-600-puffs\/","og_site_name":"ElementVape.de","article_modified_time":"2024-09-12T10:36:40+00:00","og_image":[{"width":800,"height":800,"url":"https:\/\/www.elementvape.de\/wp-content\/uploads\/2024\/05\/IVG_BAR_Strawberry_watermeelon_einweg_ezigarette.webp","type":"image\/webp"}],"twitter_card":"summary_large_image","twitter_misc":{"Est. reading time":"6 minutes"},"schema":{"@context":"https:\/\/schema.org","@graph":[{"@type":"WebPage","@id":"https:\/\/www.elementvape.de\/produkt\/ivg-bar-einweg-vape-600-puffs\/","url":"https:\/\/www.elementvape.de\/produkt\/ivg-bar-einweg-vape-600-puffs\/","name":"IVG Bar Einweg Vape 600 Puffs | ElementVape.de","isPartOf":{"@id":"https:\/\/www.elementvape.de\/#website"},"primaryImageOfPage":{"@id":"https:\/\/www.elementvape.de\/produkt\/ivg-bar-einweg-vape-600-puffs\/#primaryimage"},"image":{"@id":"https:\/\/www.elementvape.de\/produkt\/ivg-bar-einweg-vape-600-puffs\/#primaryimage"},"thumbnailUrl":"https:\/\/www.elementvape.de\/wp-content\/uploads\/2024\/05\/IVG_BAR_Strawberry_watermeelon_einweg_ezigarette.webp","datePublished":"2024-05-30T09:48:52+00:00","dateModified":"2024-09-12T10:36:40+00:00","description":"Wir bieten IVG Bar Einweg Vape 600 Puffs , Elementvape.de akzeptieren Gro\u00df-und Einzelhandel Bestellungen.","breadcrumb":{"@id":"https:\/\/www.elementvape.de\/produkt\/ivg-bar-einweg-vape-600-puffs\/#breadcrumb"},"inLanguage":"fr-FR","potentialAction":[{"@type":"ReadAction","target":["https:\/\/www.elementvape.de\/produkt\/ivg-bar-einweg-vape-600-puffs\/"]}]},{"@type":"ImageObject","inLanguage":"fr-FR","@id":"https:\/\/www.elementvape.de\/produkt\/ivg-bar-einweg-vape-600-puffs\/#primaryimage","url":"https:\/\/www.elementvape.de\/wp-content\/uploads\/2024\/05\/IVG_BAR_Strawberry_watermeelon_einweg_ezigarette.webp","contentUrl":"https:\/\/www.elementvape.de\/wp-content\/uploads\/2024\/05\/IVG_BAR_Strawberry_watermeelon_einweg_ezigarette.webp","width":800,"height":800,"caption":"IVG_BAR_Strawberry_watermeelon_einweg_ezigarette"},{"@type":"BreadcrumbList","@id":"https:\/\/www.elementvape.de\/produkt\/ivg-bar-einweg-vape-600-puffs\/#breadcrumb","itemListElement":[{"@type":"ListItem","position":1,"name":"Home","item":"https:\/\/www.elementvape.de\/"},{"@type":"ListItem","position":2,"name":"Shop","item":"https:\/\/www.elementvape.de\/shop\/"},{"@type":"ListItem","position":3,"name":"IVG Bar Einweg Vape 600 Puffs"}]},{"@type":"WebSite","@id":"https:\/\/www.elementvape.de\/#website","url":"https:\/\/www.elementvape.de\/","name":"ElementVape.de","description":"","publisher":{"@id":"https:\/\/www.elementvape.de\/#organization"},"potentialAction":[{"@type":"SearchAction","target":{"@type":"EntryPoint","urlTemplate":"https:\/\/www.elementvape.de\/?s={search_term_string}"},"query-input":"required name=search_term_string"}],"inLanguage":"fr-FR"},{"@type":"Organization","@id":"https:\/\/www.elementvape.de\/#organization","name":"ElementVape.DE","url":"https:\/\/www.elementvape.de\/","logo":{"@type":"ImageObject","inLanguage":"fr-FR","@id":"https:\/\/www.elementvape.de\/#\/schema\/logo\/image\/","url":"https:\/\/www.elementvape.de\/wp-content\/uploads\/2024\/09\/cropped-1elementvape-3.png","contentUrl":"https:\/\/www.elementvape.de\/wp-content\/uploads\/2024\/09\/cropped-1elementvape-3.png","width":285,"height":228,"caption":"ElementVape.DE"},"image":{"@id":"https:\/\/www.elementvape.de\/#\/schema\/logo\/image\/"}}]}},"_links":{"self":[{"href":"https:\/\/www.elementvape.de\/fr\/wp-json\/wp\/v2\/product\/11159"}],"collection":[{"href":"https:\/\/www.elementvape.de\/fr\/wp-json\/wp\/v2\/product"}],"about":[{"href":"https:\/\/www.elementvape.de\/fr\/wp-json\/wp\/v2\/types\/product"}],"wp:featuredmedia":[{"embeddable":true,"href":"https:\/\/www.elementvape.de\/fr\/wp-json\/wp\/v2\/media\/11160"}],"wp:attachment":[{"href":"https:\/\/www.elementvape.de\/fr\/wp-json\/wp\/v2\/media?parent=11159"}],"wp:term":[{"taxonomy":"product_cat","embeddable":true,"href":"https:\/\/www.elementvape.de\/fr\/wp-json\/wp\/v2\/product_cat?post=11159"},{"taxonomy":"product_tag","embeddable":true,"href":"https:\/\/www.elementvape.de\/fr\/wp-json\/wp\/v2\/product_tag?post=11159"}],"curies":[{"name":"wp","href":"https:\/\/api.w.org\/{rel}","templated":true}]}}