{"id":11122,"date":"2024-05-29T09:59:18","date_gmt":"2024-05-29T09:59:18","guid":{"rendered":"https:\/\/www.elementvape.de\/?post_type=product&#038;p=11122"},"modified":"2024-09-12T10:36:41","modified_gmt":"2024-09-12T10:36:41","slug":"geek-bar-s3000-einweg-vape-3000-zuege-1000mah","status":"publish","type":"product","link":"https:\/\/www.elementvape.de\/fr\/produkt\/geek-bar-s3000-einweg-vape-3000-zuege-1000mah\/","title":{"rendered":"Vape jetable Geek Bar S3000 3000 bouff\u00e9es 1000mAh"},"content":{"rendered":"<h2>Description :<\/h2>\n<p>La boutique en ligne Element Vape propose des prix de gros pour les produits GeekBar Vape dans le monde entier. Devenez membre. Achetez des produits Geek Bar S3000 jetables \u00e0 les meilleurs prix de gros.<\/p>\n<h2>Param\u00e8tre :<\/h2>\n<p>Taille : 20 x 31,8 x 100,35 mm<br \/>\nBatterie : 1000 mAh int\u00e9gr\u00e9e<br \/>\nE-Jus : 7,5 ml pr\u00e9-rempli<br \/>\nTrains : Jusqu'\u00e0 3000 trains Nicotine : 50 mg<br \/>\nAr\u00f4mes : 10<br \/>\nPuissance : constante \u00e0 3,6 V<\/p>\n<p>Paquets<br \/>\n1 x Geek Bar S3000 Vape jetable 3000 bouff\u00e9es<\/p>","protected":false},"excerpt":{"rendered":"<p>Beschreibung\uff1a Der Online-Vape-Shop von Element Vape bietet weltweit Gro\u00dfhandelspreise f\u00fcr GeekBar-Vape-Produkte an. Werden Sie Mitglied. Kaufen Sie Geek Bar S3000 Einweg-Vape-Produkte zu den besten Gro\u00dfhandelspreisen. Parameter\uff1a Gr\u00f6\u00dfe: 20 x 31,8 x 100,35 mm Akku: 1000 mAh eingebaut E-Saft: 7,5 ml vorgef\u00fcllt Z\u00fcge: Bis zu 3000 Z\u00fcge Nikotin: 50 mg Aromen: 10 Leistung: Konstant 3,6 V [&hellip;]<\/p>","protected":false},"featured_media":11133,"template":"","meta":{"inline_featured_image":false},"product_cat":[78,754,745,742,748,744,755,738,751],"product_tag":[676],"tiered_pricing_type":"fixed","tiered_pricing_fixed_rules":[],"tiered_pricing_percentage_rules":[],"tiered_pricing_minimum":1,"_administrator_tiered_pricing_type":"fixed","_administrator_tiered_pricing_fixed_rules":[],"_editor_tiered_pricing_type":"fixed","_editor_tiered_pricing_fixed_rules":[],"_author_tiered_pricing_type":"fixed","_author_tiered_pricing_fixed_rules":[],"_contributor_tiered_pricing_type":"fixed","_contributor_tiered_pricing_fixed_rules":[],"_subscriber_tiered_pricing_type":"fixed","_subscriber_tiered_pricing_fixed_rules":[],"_customer_tiered_pricing_type":"fixed","_customer_tiered_pricing_fixed_rules":[],"_shop_manager_tiered_pricing_type":"fixed","_shop_manager_tiered_pricing_fixed_rules":[],"_wpseo_manager_tiered_pricing_type":"fixed","_wpseo_manager_tiered_pricing_fixed_rules":[],"_wpseo_editor_tiered_pricing_type":"fixed","_wpseo_editor_tiered_pricing_fixed_rules":[],"_wholesale_customer_tiered_pricing_type":"fixed","_wholesale_customer_tiered_pricing_fixed_rules":[],"_marketer_tiered_pricing_type":"fixed","_marketer_tiered_pricing_fixed_rules":[],"_sales_manager_tiered_pricing_type":"fixed","_sales_manager_tiered_pricing_fixed_rules":[],"_sales_rep_tiered_pricing_type":"fixed","_sales_rep_tiered_pricing_fixed_rules":[],"yoast_head":"<!-- This site is optimized with the Yoast SEO plugin v23.3 - https:\/\/yoast.com\/wordpress\/plugins\/seo\/ -->\n<title>Geek Bar S3000 Einweg-Vape 3000 Z\u00fcge 1000mAh | ElementVape.de<\/title>\n<meta name=\"description\" content=\"Wir bieten Geek Bar S3000 Einweg-Vape 3000 Z\u00fcge 1000mAh , Elementvape.de akzeptieren Gro\u00df-und Einzelhandel Bestellungen.\" \/>\n<meta name=\"robots\" content=\"index, follow, max-snippet:-1, max-image-preview:large, max-video-preview:-1\" \/>\n<link rel=\"canonical\" href=\"https:\/\/www.elementvape.de\/fr\/produkt\/geek-bar-s3000-einweg-vape-3000-zuege-1000mah\/\" \/>\n<meta property=\"og:locale\" content=\"fr_FR\" \/>\n<meta property=\"og:type\" content=\"article\" \/>\n<meta property=\"og:title\" content=\"Geek Bar S3000 Einweg-Vape 3000 Z\u00fcge 1000mAh | ElementVape.de\" \/>\n<meta property=\"og:description\" content=\"Wir bieten Geek Bar S3000 Einweg-Vape 3000 Z\u00fcge 1000mAh , Elementvape.de akzeptieren Gro\u00df-und Einzelhandel Bestellungen.\" \/>\n<meta property=\"og:url\" content=\"https:\/\/www.elementvape.de\/fr\/produkt\/geek-bar-s3000-einweg-vape-3000-zuege-1000mah\/\" \/>\n<meta property=\"og:site_name\" content=\"ElementVape.de\" \/>\n<meta property=\"article:modified_time\" content=\"2024-09-12T10:36:41+00:00\" \/>\n<meta property=\"og:image\" content=\"https:\/\/www.elementvape.de\/wp-content\/uploads\/2024\/05\/Geek-bar-S3000-Disposable-Vape-3000-Puffs.webp\" \/>\n\t<meta property=\"og:image:width\" content=\"800\" \/>\n\t<meta property=\"og:image:height\" content=\"800\" \/>\n\t<meta property=\"og:image:type\" content=\"image\/webp\" \/>\n<meta name=\"twitter:card\" content=\"summary_large_image\" \/>\n<meta name=\"twitter:label1\" content=\"Est. reading time\" \/>\n\t<meta name=\"twitter:data1\" content=\"1 minute\" \/>\n<script type=\"application\/ld+json\" class=\"yoast-schema-graph\">{\"@context\":\"https:\/\/schema.org\",\"@graph\":[{\"@type\":\"WebPage\",\"@id\":\"https:\/\/www.elementvape.de\/produkt\/geek-bar-s3000-einweg-vape-3000-zuege-1000mah\/\",\"url\":\"https:\/\/www.elementvape.de\/produkt\/geek-bar-s3000-einweg-vape-3000-zuege-1000mah\/\",\"name\":\"Geek Bar S3000 Einweg-Vape 3000 Z\u00fcge 1000mAh | ElementVape.de\",\"isPartOf\":{\"@id\":\"https:\/\/www.elementvape.de\/#website\"},\"primaryImageOfPage\":{\"@id\":\"https:\/\/www.elementvape.de\/produkt\/geek-bar-s3000-einweg-vape-3000-zuege-1000mah\/#primaryimage\"},\"image\":{\"@id\":\"https:\/\/www.elementvape.de\/produkt\/geek-bar-s3000-einweg-vape-3000-zuege-1000mah\/#primaryimage\"},\"thumbnailUrl\":\"https:\/\/www.elementvape.de\/wp-content\/uploads\/2024\/05\/Geek-bar-S3000-Disposable-Vape-3000-Puffs.webp\",\"datePublished\":\"2024-05-29T09:59:18+00:00\",\"dateModified\":\"2024-09-12T10:36:41+00:00\",\"description\":\"Wir bieten Geek Bar S3000 Einweg-Vape 3000 Z\u00fcge 1000mAh , Elementvape.de akzeptieren Gro\u00df-und Einzelhandel Bestellungen.\",\"breadcrumb\":{\"@id\":\"https:\/\/www.elementvape.de\/produkt\/geek-bar-s3000-einweg-vape-3000-zuege-1000mah\/#breadcrumb\"},\"inLanguage\":\"fr-FR\",\"potentialAction\":[{\"@type\":\"ReadAction\",\"target\":[\"https:\/\/www.elementvape.de\/produkt\/geek-bar-s3000-einweg-vape-3000-zuege-1000mah\/\"]}]},{\"@type\":\"ImageObject\",\"inLanguage\":\"fr-FR\",\"@id\":\"https:\/\/www.elementvape.de\/produkt\/geek-bar-s3000-einweg-vape-3000-zuege-1000mah\/#primaryimage\",\"url\":\"https:\/\/www.elementvape.de\/wp-content\/uploads\/2024\/05\/Geek-bar-S3000-Disposable-Vape-3000-Puffs.webp\",\"contentUrl\":\"https:\/\/www.elementvape.de\/wp-content\/uploads\/2024\/05\/Geek-bar-S3000-Disposable-Vape-3000-Puffs.webp\",\"width\":800,\"height\":800,\"caption\":\"Geek-bar-S3000-Disposable-Vape-3000-Puffs\"},{\"@type\":\"BreadcrumbList\",\"@id\":\"https:\/\/www.elementvape.de\/produkt\/geek-bar-s3000-einweg-vape-3000-zuege-1000mah\/#breadcrumb\",\"itemListElement\":[{\"@type\":\"ListItem\",\"position\":1,\"name\":\"Home\",\"item\":\"https:\/\/www.elementvape.de\/\"},{\"@type\":\"ListItem\",\"position\":2,\"name\":\"Shop\",\"item\":\"https:\/\/www.elementvape.de\/shop\/\"},{\"@type\":\"ListItem\",\"position\":3,\"name\":\"Geek Bar S3000 Einweg-Vape 3000 Z\u00fcge 1000mAh\"}]},{\"@type\":\"WebSite\",\"@id\":\"https:\/\/www.elementvape.de\/#website\",\"url\":\"https:\/\/www.elementvape.de\/\",\"name\":\"ElementVape.de\",\"description\":\"\",\"publisher\":{\"@id\":\"https:\/\/www.elementvape.de\/#organization\"},\"potentialAction\":[{\"@type\":\"SearchAction\",\"target\":{\"@type\":\"EntryPoint\",\"urlTemplate\":\"https:\/\/www.elementvape.de\/?s={search_term_string}\"},\"query-input\":\"required name=search_term_string\"}],\"inLanguage\":\"fr-FR\"},{\"@type\":\"Organization\",\"@id\":\"https:\/\/www.elementvape.de\/#organization\",\"name\":\"ElementVape.DE\",\"url\":\"https:\/\/www.elementvape.de\/\",\"logo\":{\"@type\":\"ImageObject\",\"inLanguage\":\"fr-FR\",\"@id\":\"https:\/\/www.elementvape.de\/#\/schema\/logo\/image\/\",\"url\":\"https:\/\/www.elementvape.de\/wp-content\/uploads\/2024\/09\/cropped-1elementvape-3.png\",\"contentUrl\":\"https:\/\/www.elementvape.de\/wp-content\/uploads\/2024\/09\/cropped-1elementvape-3.png\",\"width\":285,\"height\":228,\"caption\":\"ElementVape.DE\"},\"image\":{\"@id\":\"https:\/\/www.elementvape.de\/#\/schema\/logo\/image\/\"}}]}<\/script>\n<!-- \/ Yoast SEO plugin. -->","yoast_head_json":{"title":"Geek Bar S3000 Einweg-Vape 3000 Z\u00fcge 1000mAh | ElementVape.de","description":"Wir bieten Geek Bar S3000 Einweg-Vape 3000 Z\u00fcge 1000mAh , Elementvape.de akzeptieren Gro\u00df-und Einzelhandel Bestellungen.","robots":{"index":"index","follow":"follow","max-snippet":"max-snippet:-1","max-image-preview":"max-image-preview:large","max-video-preview":"max-video-preview:-1"},"canonical":"https:\/\/www.elementvape.de\/fr\/produkt\/geek-bar-s3000-einweg-vape-3000-zuege-1000mah\/","og_locale":"fr_FR","og_type":"article","og_title":"Geek Bar S3000 Einweg-Vape 3000 Z\u00fcge 1000mAh | ElementVape.de","og_description":"Wir bieten Geek Bar S3000 Einweg-Vape 3000 Z\u00fcge 1000mAh , Elementvape.de akzeptieren Gro\u00df-und Einzelhandel Bestellungen.","og_url":"https:\/\/www.elementvape.de\/fr\/produkt\/geek-bar-s3000-einweg-vape-3000-zuege-1000mah\/","og_site_name":"ElementVape.de","article_modified_time":"2024-09-12T10:36:41+00:00","og_image":[{"width":800,"height":800,"url":"https:\/\/www.elementvape.de\/wp-content\/uploads\/2024\/05\/Geek-bar-S3000-Disposable-Vape-3000-Puffs.webp","type":"image\/webp"}],"twitter_card":"summary_large_image","twitter_misc":{"Est. reading time":"1 minute"},"schema":{"@context":"https:\/\/schema.org","@graph":[{"@type":"WebPage","@id":"https:\/\/www.elementvape.de\/produkt\/geek-bar-s3000-einweg-vape-3000-zuege-1000mah\/","url":"https:\/\/www.elementvape.de\/produkt\/geek-bar-s3000-einweg-vape-3000-zuege-1000mah\/","name":"Geek Bar S3000 Einweg-Vape 3000 Z\u00fcge 1000mAh | ElementVape.de","isPartOf":{"@id":"https:\/\/www.elementvape.de\/#website"},"primaryImageOfPage":{"@id":"https:\/\/www.elementvape.de\/produkt\/geek-bar-s3000-einweg-vape-3000-zuege-1000mah\/#primaryimage"},"image":{"@id":"https:\/\/www.elementvape.de\/produkt\/geek-bar-s3000-einweg-vape-3000-zuege-1000mah\/#primaryimage"},"thumbnailUrl":"https:\/\/www.elementvape.de\/wp-content\/uploads\/2024\/05\/Geek-bar-S3000-Disposable-Vape-3000-Puffs.webp","datePublished":"2024-05-29T09:59:18+00:00","dateModified":"2024-09-12T10:36:41+00:00","description":"Wir bieten Geek Bar S3000 Einweg-Vape 3000 Z\u00fcge 1000mAh , Elementvape.de akzeptieren Gro\u00df-und Einzelhandel Bestellungen.","breadcrumb":{"@id":"https:\/\/www.elementvape.de\/produkt\/geek-bar-s3000-einweg-vape-3000-zuege-1000mah\/#breadcrumb"},"inLanguage":"fr-FR","potentialAction":[{"@type":"ReadAction","target":["https:\/\/www.elementvape.de\/produkt\/geek-bar-s3000-einweg-vape-3000-zuege-1000mah\/"]}]},{"@type":"ImageObject","inLanguage":"fr-FR","@id":"https:\/\/www.elementvape.de\/produkt\/geek-bar-s3000-einweg-vape-3000-zuege-1000mah\/#primaryimage","url":"https:\/\/www.elementvape.de\/wp-content\/uploads\/2024\/05\/Geek-bar-S3000-Disposable-Vape-3000-Puffs.webp","contentUrl":"https:\/\/www.elementvape.de\/wp-content\/uploads\/2024\/05\/Geek-bar-S3000-Disposable-Vape-3000-Puffs.webp","width":800,"height":800,"caption":"Geek-bar-S3000-Disposable-Vape-3000-Puffs"},{"@type":"BreadcrumbList","@id":"https:\/\/www.elementvape.de\/produkt\/geek-bar-s3000-einweg-vape-3000-zuege-1000mah\/#breadcrumb","itemListElement":[{"@type":"ListItem","position":1,"name":"Home","item":"https:\/\/www.elementvape.de\/"},{"@type":"ListItem","position":2,"name":"Shop","item":"https:\/\/www.elementvape.de\/shop\/"},{"@type":"ListItem","position":3,"name":"Geek Bar S3000 Einweg-Vape 3000 Z\u00fcge 1000mAh"}]},{"@type":"WebSite","@id":"https:\/\/www.elementvape.de\/#website","url":"https:\/\/www.elementvape.de\/","name":"ElementVape.de","description":"","publisher":{"@id":"https:\/\/www.elementvape.de\/#organization"},"potentialAction":[{"@type":"SearchAction","target":{"@type":"EntryPoint","urlTemplate":"https:\/\/www.elementvape.de\/?s={search_term_string}"},"query-input":"required name=search_term_string"}],"inLanguage":"fr-FR"},{"@type":"Organization","@id":"https:\/\/www.elementvape.de\/#organization","name":"ElementVape.DE","url":"https:\/\/www.elementvape.de\/","logo":{"@type":"ImageObject","inLanguage":"fr-FR","@id":"https:\/\/www.elementvape.de\/#\/schema\/logo\/image\/","url":"https:\/\/www.elementvape.de\/wp-content\/uploads\/2024\/09\/cropped-1elementvape-3.png","contentUrl":"https:\/\/www.elementvape.de\/wp-content\/uploads\/2024\/09\/cropped-1elementvape-3.png","width":285,"height":228,"caption":"ElementVape.DE"},"image":{"@id":"https:\/\/www.elementvape.de\/#\/schema\/logo\/image\/"}}]}},"_links":{"self":[{"href":"https:\/\/www.elementvape.de\/fr\/wp-json\/wp\/v2\/product\/11122"}],"collection":[{"href":"https:\/\/www.elementvape.de\/fr\/wp-json\/wp\/v2\/product"}],"about":[{"href":"https:\/\/www.elementvape.de\/fr\/wp-json\/wp\/v2\/types\/product"}],"wp:featuredmedia":[{"embeddable":true,"href":"https:\/\/www.elementvape.de\/fr\/wp-json\/wp\/v2\/media\/11133"}],"wp:attachment":[{"href":"https:\/\/www.elementvape.de\/fr\/wp-json\/wp\/v2\/media?parent=11122"}],"wp:term":[{"taxonomy":"product_cat","embeddable":true,"href":"https:\/\/www.elementvape.de\/fr\/wp-json\/wp\/v2\/product_cat?post=11122"},{"taxonomy":"product_tag","embeddable":true,"href":"https:\/\/www.elementvape.de\/fr\/wp-json\/wp\/v2\/product_tag?post=11122"}],"curies":[{"name":"wp","href":"https:\/\/api.w.org\/{rel}","templated":true}]}}