{"id":11072,"date":"2024-05-29T08:40:29","date_gmt":"2024-05-29T08:40:29","guid":{"rendered":"https:\/\/www.elementvape.de\/?post_type=product&#038;p=11072"},"modified":"2024-09-12T10:36:42","modified_gmt":"2024-09-12T10:36:42","slug":"geek-bar-pro-einweg-vape-1500-zuege-850mah","status":"publish","type":"product","link":"https:\/\/www.elementvape.de\/fr\/produkt\/geek-bar-pro-einweg-vape-1500-zuege-850mah\/","title":{"rendered":"Vape jetable GEEK BAR Pro 1500 bouff\u00e9es 850mAh"},"content":{"rendered":"<p>Description<br \/>\nGEEK BAR Pro Cigarette Jetable 1500 Bouff\u00e9es en Gros. La cigarette jetable GEEK BAR Pro est livr\u00e9e avec 4,5 ml de liquide pr\u00e9-rempli avec diff\u00e9rentes saveurs pour r\u00e9pondre \u00e0 vos besoins vari\u00e9s. Aliment\u00e9e par une batterie interne de 850 mAh, la GEEK BAR Pro supporte environ 1500 bouff\u00e9es. Avec un syst\u00e8me de distribution constant et 5 % sels de nicotine, la GEEK BAR Pro vous offre une saveur douce, de grosses nuages et une sensation de gorge solide. La GEEK BAR Pro offre \u00e0 ses utilisateurs l'exp\u00e9rience de vapotage ultime.<\/p>\n<p><span>Param\u00e8tre<\/span><br \/>\n<span>Taille : 24,71 x 22,63 x 109 mm<\/span><br \/>\n<span>Batterie : 850 mAh int\u00e9gr\u00e9e<\/span><br \/>\n<span>Capacit\u00e9 de e-liquide : 4,5 ml pr\u00e9-rempli<\/span><br \/>\n<span>Bouff\u00e9es : Jusqu'\u00e0 1500 bouff\u00e9es Nicotine : 20 mg, 50 mg<\/span><br \/>\n<span>Mat\u00e9riau : PCTG, coton biologique.<\/span><br \/>\n<span>Saveurs : 20<\/span><br \/>\n<span>Sortie : Constante 3,6 V<\/span><\/p>\n<p><span>D\u00e9tails du produit<\/span><br \/>\n<span>1 x GEEK BAR Pro cigarette jetable 1500 bouff\u00e9es<\/span><\/p>","protected":false},"excerpt":{"rendered":"<p>Beschreibung GEEK BAR Pro Einweg-Vape 1500 Z\u00fcge im Gro\u00dfhandel. Der GEEK BAR Pro Einweg-Vape wird mit 4,5 ml vorgef\u00fclltem Liquid mit verschiedenen Geschmacksrichtungen geliefert, um Ihren unterschiedlichen Bed\u00fcrfnissen gerecht zu werden. Angetrieben von einem internen 850-mAh-Akku unterst\u00fctzt der GEEK BAR Pro etwa 1500 Z\u00fcge. Mit einem konstanten Ausgabesystem und 5 % Nikotinsalz bietet Ihnen der [&hellip;]<\/p>","protected":false},"featured_media":11093,"template":"","meta":{"inline_featured_image":false},"product_cat":[78,754,745,742,748,744,755,738,751],"product_tag":[675],"tiered_pricing_type":"fixed","tiered_pricing_fixed_rules":[],"tiered_pricing_percentage_rules":[],"tiered_pricing_minimum":1,"_administrator_tiered_pricing_type":"fixed","_administrator_tiered_pricing_fixed_rules":[],"_editor_tiered_pricing_type":"fixed","_editor_tiered_pricing_fixed_rules":[],"_author_tiered_pricing_type":"fixed","_author_tiered_pricing_fixed_rules":[],"_contributor_tiered_pricing_type":"fixed","_contributor_tiered_pricing_fixed_rules":[],"_subscriber_tiered_pricing_type":"fixed","_subscriber_tiered_pricing_fixed_rules":[],"_customer_tiered_pricing_type":"fixed","_customer_tiered_pricing_fixed_rules":[],"_shop_manager_tiered_pricing_type":"fixed","_shop_manager_tiered_pricing_fixed_rules":[],"_wpseo_manager_tiered_pricing_type":"fixed","_wpseo_manager_tiered_pricing_fixed_rules":[],"_wpseo_editor_tiered_pricing_type":"fixed","_wpseo_editor_tiered_pricing_fixed_rules":[],"_wholesale_customer_tiered_pricing_type":"fixed","_wholesale_customer_tiered_pricing_fixed_rules":[],"_marketer_tiered_pricing_type":"fixed","_marketer_tiered_pricing_fixed_rules":[],"_sales_manager_tiered_pricing_type":"fixed","_sales_manager_tiered_pricing_fixed_rules":[],"_sales_rep_tiered_pricing_type":"fixed","_sales_rep_tiered_pricing_fixed_rules":[],"yoast_head":"<!-- This site is optimized with the Yoast SEO plugin v23.3 - https:\/\/yoast.com\/wordpress\/plugins\/seo\/ -->\n<title>GEEK BAR Pro Einweg-Vape 1500 Z\u00fcge 850mAh | ElementVape.de<\/title>\n<meta name=\"description\" content=\"Wir bieten GEEK BAR Pro Einweg-Vape 1500 Z\u00fcge 850mAh , Elementvape.de akzeptieren Gro\u00df-und Einzelhandel Bestellungen.\" \/>\n<meta name=\"robots\" content=\"index, follow, max-snippet:-1, max-image-preview:large, max-video-preview:-1\" \/>\n<link rel=\"canonical\" href=\"https:\/\/www.elementvape.de\/fr\/produkt\/geek-bar-pro-einweg-vape-1500-zuege-850mah\/\" \/>\n<meta property=\"og:locale\" content=\"fr_FR\" \/>\n<meta property=\"og:type\" content=\"article\" \/>\n<meta property=\"og:title\" content=\"GEEK BAR Pro Einweg-Vape 1500 Z\u00fcge 850mAh | ElementVape.de\" \/>\n<meta property=\"og:description\" content=\"Wir bieten GEEK BAR Pro Einweg-Vape 1500 Z\u00fcge 850mAh , Elementvape.de akzeptieren Gro\u00df-und Einzelhandel Bestellungen.\" \/>\n<meta property=\"og:url\" content=\"https:\/\/www.elementvape.de\/fr\/produkt\/geek-bar-pro-einweg-vape-1500-zuege-850mah\/\" \/>\n<meta property=\"og:site_name\" content=\"ElementVape.de\" \/>\n<meta property=\"article:modified_time\" content=\"2024-09-12T10:36:42+00:00\" \/>\n<meta property=\"og:image\" content=\"https:\/\/www.elementvape.de\/wp-content\/uploads\/2024\/05\/GEEK-BAR-Pro-Disposable-Vape-1500-Puffs.webp\" \/>\n\t<meta property=\"og:image:width\" content=\"600\" \/>\n\t<meta property=\"og:image:height\" content=\"600\" \/>\n\t<meta property=\"og:image:type\" content=\"image\/webp\" \/>\n<meta name=\"twitter:card\" content=\"summary_large_image\" \/>\n<meta name=\"twitter:label1\" content=\"Est. reading time\" \/>\n\t<meta name=\"twitter:data1\" content=\"1 minute\" \/>\n<script type=\"application\/ld+json\" class=\"yoast-schema-graph\">{\"@context\":\"https:\/\/schema.org\",\"@graph\":[{\"@type\":\"WebPage\",\"@id\":\"https:\/\/www.elementvape.de\/fr\/produkt\/geek-bar-pro-einweg-vape-1500-zuege-850mah\/\",\"url\":\"https:\/\/www.elementvape.de\/fr\/produkt\/geek-bar-pro-einweg-vape-1500-zuege-850mah\/\",\"name\":\"GEEK BAR Pro Einweg-Vape 1500 Z\u00fcge 850mAh | ElementVape.de\",\"isPartOf\":{\"@id\":\"https:\/\/www.elementvape.de\/#website\"},\"primaryImageOfPage\":{\"@id\":\"https:\/\/www.elementvape.de\/fr\/produkt\/geek-bar-pro-einweg-vape-1500-zuege-850mah\/#primaryimage\"},\"image\":{\"@id\":\"https:\/\/www.elementvape.de\/fr\/produkt\/geek-bar-pro-einweg-vape-1500-zuege-850mah\/#primaryimage\"},\"thumbnailUrl\":\"https:\/\/www.elementvape.de\/wp-content\/uploads\/2024\/05\/GEEK-BAR-Pro-Disposable-Vape-1500-Puffs.webp\",\"datePublished\":\"2024-05-29T08:40:29+00:00\",\"dateModified\":\"2024-09-12T10:36:42+00:00\",\"description\":\"Wir bieten GEEK BAR Pro Einweg-Vape 1500 Z\u00fcge 850mAh , Elementvape.de akzeptieren Gro\u00df-und Einzelhandel Bestellungen.\",\"breadcrumb\":{\"@id\":\"https:\/\/www.elementvape.de\/fr\/produkt\/geek-bar-pro-einweg-vape-1500-zuege-850mah\/#breadcrumb\"},\"inLanguage\":\"fr-FR\",\"potentialAction\":[{\"@type\":\"ReadAction\",\"target\":[\"https:\/\/www.elementvape.de\/fr\/produkt\/geek-bar-pro-einweg-vape-1500-zuege-850mah\/\"]}]},{\"@type\":\"ImageObject\",\"inLanguage\":\"fr-FR\",\"@id\":\"https:\/\/www.elementvape.de\/fr\/produkt\/geek-bar-pro-einweg-vape-1500-zuege-850mah\/#primaryimage\",\"url\":\"https:\/\/www.elementvape.de\/wp-content\/uploads\/2024\/05\/GEEK-BAR-Pro-Disposable-Vape-1500-Puffs.webp\",\"contentUrl\":\"https:\/\/www.elementvape.de\/wp-content\/uploads\/2024\/05\/GEEK-BAR-Pro-Disposable-Vape-1500-Puffs.webp\",\"width\":600,\"height\":600,\"caption\":\"GEEK-BAR-Pro-Disposable-Vape-1500-Puffs\"},{\"@type\":\"BreadcrumbList\",\"@id\":\"https:\/\/www.elementvape.de\/fr\/produkt\/geek-bar-pro-einweg-vape-1500-zuege-850mah\/#breadcrumb\",\"itemListElement\":[{\"@type\":\"ListItem\",\"position\":1,\"name\":\"Home\",\"item\":\"https:\/\/www.elementvape.de\/\"},{\"@type\":\"ListItem\",\"position\":2,\"name\":\"Shop\",\"item\":\"https:\/\/www.elementvape.de\/shop\/\"},{\"@type\":\"ListItem\",\"position\":3,\"name\":\"GEEK BAR Pro Einweg-Vape 1500 Z\u00fcge 850mAh\"}]},{\"@type\":\"WebSite\",\"@id\":\"https:\/\/www.elementvape.de\/#website\",\"url\":\"https:\/\/www.elementvape.de\/\",\"name\":\"ElementVape.de\",\"description\":\"\",\"publisher\":{\"@id\":\"https:\/\/www.elementvape.de\/#organization\"},\"potentialAction\":[{\"@type\":\"SearchAction\",\"target\":{\"@type\":\"EntryPoint\",\"urlTemplate\":\"https:\/\/www.elementvape.de\/?s={search_term_string}\"},\"query-input\":\"required name=search_term_string\"}],\"inLanguage\":\"fr-FR\"},{\"@type\":\"Organization\",\"@id\":\"https:\/\/www.elementvape.de\/#organization\",\"name\":\"ElementVape.DE\",\"url\":\"https:\/\/www.elementvape.de\/\",\"logo\":{\"@type\":\"ImageObject\",\"inLanguage\":\"fr-FR\",\"@id\":\"https:\/\/www.elementvape.de\/#\/schema\/logo\/image\/\",\"url\":\"https:\/\/www.elementvape.de\/wp-content\/uploads\/2024\/09\/cropped-1elementvape-3.png\",\"contentUrl\":\"https:\/\/www.elementvape.de\/wp-content\/uploads\/2024\/09\/cropped-1elementvape-3.png\",\"width\":285,\"height\":228,\"caption\":\"ElementVape.DE\"},\"image\":{\"@id\":\"https:\/\/www.elementvape.de\/#\/schema\/logo\/image\/\"}}]}<\/script>\n<!-- \/ Yoast SEO plugin. -->","yoast_head_json":{"title":"GEEK BAR Pro Einweg-Vape 1500 Z\u00fcge 850mAh | ElementVape.de","description":"Wir bieten GEEK BAR Pro Einweg-Vape 1500 Z\u00fcge 850mAh , Elementvape.de akzeptieren Gro\u00df-und Einzelhandel Bestellungen.","robots":{"index":"index","follow":"follow","max-snippet":"max-snippet:-1","max-image-preview":"max-image-preview:large","max-video-preview":"max-video-preview:-1"},"canonical":"https:\/\/www.elementvape.de\/fr\/produkt\/geek-bar-pro-einweg-vape-1500-zuege-850mah\/","og_locale":"fr_FR","og_type":"article","og_title":"GEEK BAR Pro Einweg-Vape 1500 Z\u00fcge 850mAh | ElementVape.de","og_description":"Wir bieten GEEK BAR Pro Einweg-Vape 1500 Z\u00fcge 850mAh , Elementvape.de akzeptieren Gro\u00df-und Einzelhandel Bestellungen.","og_url":"https:\/\/www.elementvape.de\/fr\/produkt\/geek-bar-pro-einweg-vape-1500-zuege-850mah\/","og_site_name":"ElementVape.de","article_modified_time":"2024-09-12T10:36:42+00:00","og_image":[{"width":600,"height":600,"url":"https:\/\/www.elementvape.de\/wp-content\/uploads\/2024\/05\/GEEK-BAR-Pro-Disposable-Vape-1500-Puffs.webp","type":"image\/webp"}],"twitter_card":"summary_large_image","twitter_misc":{"Est. reading time":"1 minute"},"schema":{"@context":"https:\/\/schema.org","@graph":[{"@type":"WebPage","@id":"https:\/\/www.elementvape.de\/fr\/produkt\/geek-bar-pro-einweg-vape-1500-zuege-850mah\/","url":"https:\/\/www.elementvape.de\/fr\/produkt\/geek-bar-pro-einweg-vape-1500-zuege-850mah\/","name":"GEEK BAR Pro Einweg-Vape 1500 Z\u00fcge 850mAh | ElementVape.de","isPartOf":{"@id":"https:\/\/www.elementvape.de\/#website"},"primaryImageOfPage":{"@id":"https:\/\/www.elementvape.de\/fr\/produkt\/geek-bar-pro-einweg-vape-1500-zuege-850mah\/#primaryimage"},"image":{"@id":"https:\/\/www.elementvape.de\/fr\/produkt\/geek-bar-pro-einweg-vape-1500-zuege-850mah\/#primaryimage"},"thumbnailUrl":"https:\/\/www.elementvape.de\/wp-content\/uploads\/2024\/05\/GEEK-BAR-Pro-Disposable-Vape-1500-Puffs.webp","datePublished":"2024-05-29T08:40:29+00:00","dateModified":"2024-09-12T10:36:42+00:00","description":"Wir bieten GEEK BAR Pro Einweg-Vape 1500 Z\u00fcge 850mAh , Elementvape.de akzeptieren Gro\u00df-und Einzelhandel Bestellungen.","breadcrumb":{"@id":"https:\/\/www.elementvape.de\/fr\/produkt\/geek-bar-pro-einweg-vape-1500-zuege-850mah\/#breadcrumb"},"inLanguage":"fr-FR","potentialAction":[{"@type":"ReadAction","target":["https:\/\/www.elementvape.de\/fr\/produkt\/geek-bar-pro-einweg-vape-1500-zuege-850mah\/"]}]},{"@type":"ImageObject","inLanguage":"fr-FR","@id":"https:\/\/www.elementvape.de\/fr\/produkt\/geek-bar-pro-einweg-vape-1500-zuege-850mah\/#primaryimage","url":"https:\/\/www.elementvape.de\/wp-content\/uploads\/2024\/05\/GEEK-BAR-Pro-Disposable-Vape-1500-Puffs.webp","contentUrl":"https:\/\/www.elementvape.de\/wp-content\/uploads\/2024\/05\/GEEK-BAR-Pro-Disposable-Vape-1500-Puffs.webp","width":600,"height":600,"caption":"GEEK-BAR-Pro-Disposable-Vape-1500-Puffs"},{"@type":"BreadcrumbList","@id":"https:\/\/www.elementvape.de\/fr\/produkt\/geek-bar-pro-einweg-vape-1500-zuege-850mah\/#breadcrumb","itemListElement":[{"@type":"ListItem","position":1,"name":"Home","item":"https:\/\/www.elementvape.de\/"},{"@type":"ListItem","position":2,"name":"Shop","item":"https:\/\/www.elementvape.de\/shop\/"},{"@type":"ListItem","position":3,"name":"GEEK BAR Pro Einweg-Vape 1500 Z\u00fcge 850mAh"}]},{"@type":"WebSite","@id":"https:\/\/www.elementvape.de\/#website","url":"https:\/\/www.elementvape.de\/","name":"ElementVape.de","description":"","publisher":{"@id":"https:\/\/www.elementvape.de\/#organization"},"potentialAction":[{"@type":"SearchAction","target":{"@type":"EntryPoint","urlTemplate":"https:\/\/www.elementvape.de\/?s={search_term_string}"},"query-input":"required name=search_term_string"}],"inLanguage":"fr-FR"},{"@type":"Organization","@id":"https:\/\/www.elementvape.de\/#organization","name":"ElementVape.DE","url":"https:\/\/www.elementvape.de\/","logo":{"@type":"ImageObject","inLanguage":"fr-FR","@id":"https:\/\/www.elementvape.de\/#\/schema\/logo\/image\/","url":"https:\/\/www.elementvape.de\/wp-content\/uploads\/2024\/09\/cropped-1elementvape-3.png","contentUrl":"https:\/\/www.elementvape.de\/wp-content\/uploads\/2024\/09\/cropped-1elementvape-3.png","width":285,"height":228,"caption":"ElementVape.DE"},"image":{"@id":"https:\/\/www.elementvape.de\/#\/schema\/logo\/image\/"}}]}},"_links":{"self":[{"href":"https:\/\/www.elementvape.de\/fr\/wp-json\/wp\/v2\/product\/11072"}],"collection":[{"href":"https:\/\/www.elementvape.de\/fr\/wp-json\/wp\/v2\/product"}],"about":[{"href":"https:\/\/www.elementvape.de\/fr\/wp-json\/wp\/v2\/types\/product"}],"wp:featuredmedia":[{"embeddable":true,"href":"https:\/\/www.elementvape.de\/fr\/wp-json\/wp\/v2\/media\/11093"}],"wp:attachment":[{"href":"https:\/\/www.elementvape.de\/fr\/wp-json\/wp\/v2\/media?parent=11072"}],"wp:term":[{"taxonomy":"product_cat","embeddable":true,"href":"https:\/\/www.elementvape.de\/fr\/wp-json\/wp\/v2\/product_cat?post=11072"},{"taxonomy":"product_tag","embeddable":true,"href":"https:\/\/www.elementvape.de\/fr\/wp-json\/wp\/v2\/product_tag?post=11072"}],"curies":[{"name":"wp","href":"https:\/\/api.w.org\/{rel}","templated":true}]}}