{"id":10952,"date":"2024-05-28T07:38:29","date_gmt":"2024-05-28T07:38:29","guid":{"rendered":"https:\/\/www.elementvape.de\/?post_type=product&#038;p=10952"},"modified":"2024-09-12T10:36:44","modified_gmt":"2024-09-12T10:36:44","slug":"geek-bar-b4000-einweg-vape-4000-zuege-1050mah","status":"publish","type":"product","link":"https:\/\/www.elementvape.de\/fr\/produkt\/geek-bar-b4000-einweg-vape-4000-zuege-1050mah\/","title":{"rendered":"Geek Bar B4000 cigarette \u00e9lectronique jetable, 4000 bouff\u00e9es, 1050mAh"},"content":{"rendered":"<h2>Description :<\/h2>\n<p>La boutique en ligne de vape d'Elementvape propose des accessoires en gros pour les produits de vape jetables de Geek Bar dans le monde entier. Devenez membre. Achetez des produits de vape jetables de Geek Bar B4000 aux meilleurs prix de gros. GEEK BAR B4000, la bo\u00eete en cristal avec une bobine KAl int\u00e9gr\u00e9e, moulage biolet en une seule pi\u00e8ce. Elle offre aux vapoteurs des saveurs riches et une forte sensation de gorge. Elle est \u00e9galement tr\u00e8s compacte, vous permettant de glisser l'appareil dans votre poche ou votre sac. La sensation tactile douce commence de votre main jusqu'\u00e0 vos l\u00e8vres et conduit finalement \u00e0 votre exp\u00e9rience de vapotage.<\/p>\n<p>Saveurs :<\/p>\n<p>Past\u00e8que Glac\u00e9e<br \/>\nLimonade Blue Razz<br \/>\nLimonade Fraise<br \/>\nAnanas P\u00eache Mangue<br \/>\nKiwipassion Goyave<br \/>\nGlace au Citron<br \/>\nFraise Kiwi<br \/>\nCactus Citron vert<br \/>\nMenthe Glace Polaire<br \/>\nLait de Coco Ananas<br \/>\nShisha Fruits M\u00e9lang\u00e9s<br \/>\nPomme Verte Kiwi<br \/>\nFruit Tropical<br \/>\nMilkshake \u00e0 l'avocat<br \/>\nTrio de Baies<br \/>\nMilkshake Myrtille<br \/>\nDonuts \u00e0 la fraise<br \/>\nP\u00eache mangue guava<br \/>\nBaie des For\u00eats<br \/>\nLimonade Ananas Soda<br \/>\nPast\u00e8que Cerise<br \/>\nM\u00e9lange de P\u00eaches et Baies<\/p>\n<p>Param\u00e8tre<br \/>\nTaille : 50,6 x 21 x 75,5 mm<br \/>\nBatterie : Batterie int\u00e9gr\u00e9e de 1050 mAh<br \/>\nE-liquide : 10 ml pr\u00e9-rempli<br \/>\nBouff\u00e9es : Jusqu'\u00e0 4000 bouff\u00e9es<br \/>\nNicotine : 50 mg<br \/>\nAr\u00f4mes : 22<br \/>\nPuissance : constante \u00e0 3,6 V<\/p>\n<p>Paquets<br \/>\n1 x Geek Bar B4000 Vape jetable 4000 bouff\u00e9es<\/p>","protected":false},"excerpt":{"rendered":"<p>Beschreibung: Der Online-Vape-Shop von Elementvape bietet weltweit Gro\u00dfhandelszubeh\u00f6r f\u00fcr Einweg-Vape-Produkte von Geek Bar an. Werden Sie Mitglied. Kaufen Sie Einweg-Vape-Produkte von Geek Bar B4000 zu den besten Gro\u00dfhandelspreisen. GEEK BAR B4000, die Kristallbox mit KAl-Netzspule im Inneren, zweifarbiger Spritzguss in einem St\u00fcck. Es bietet Dampfern reichhaltige Aromen und einen starken Throat Hit. Es ist au\u00dferdem [&hellip;]<\/p>","protected":false},"featured_media":10943,"template":"","meta":{"inline_featured_image":false},"product_cat":[78,754,745,742,748,744,755,738,751],"product_tag":[677],"tiered_pricing_type":"fixed","tiered_pricing_fixed_rules":[],"tiered_pricing_percentage_rules":[],"tiered_pricing_minimum":1,"_administrator_tiered_pricing_type":"fixed","_administrator_tiered_pricing_fixed_rules":[],"_editor_tiered_pricing_type":"fixed","_editor_tiered_pricing_fixed_rules":[],"_author_tiered_pricing_type":"fixed","_author_tiered_pricing_fixed_rules":[],"_contributor_tiered_pricing_type":"fixed","_contributor_tiered_pricing_fixed_rules":[],"_subscriber_tiered_pricing_type":"fixed","_subscriber_tiered_pricing_fixed_rules":[],"_customer_tiered_pricing_type":"fixed","_customer_tiered_pricing_fixed_rules":[],"_shop_manager_tiered_pricing_type":"fixed","_shop_manager_tiered_pricing_fixed_rules":[],"_wpseo_manager_tiered_pricing_type":"fixed","_wpseo_manager_tiered_pricing_fixed_rules":[],"_wpseo_editor_tiered_pricing_type":"fixed","_wpseo_editor_tiered_pricing_fixed_rules":[],"_wholesale_customer_tiered_pricing_type":"fixed","_wholesale_customer_tiered_pricing_fixed_rules":[],"_marketer_tiered_pricing_type":"fixed","_marketer_tiered_pricing_fixed_rules":[],"_sales_manager_tiered_pricing_type":"fixed","_sales_manager_tiered_pricing_fixed_rules":[],"_sales_rep_tiered_pricing_type":"fixed","_sales_rep_tiered_pricing_fixed_rules":[],"yoast_head":"<!-- This site is optimized with the Yoast SEO plugin v23.3 - https:\/\/yoast.com\/wordpress\/plugins\/seo\/ -->\n<title>Geek Bar B4000 Einweg-Vape 4000 Z\u00fcge 1050mAh | ElementVape.de<\/title>\n<meta name=\"description\" content=\"Wir bieten Geek Bar B4000 Einweg-Vape 4000 Z\u00fcge 1050mAh , Elementvape.de akzeptieren Gro\u00df-und Einzelhandel Bestellungen.\" \/>\n<meta name=\"robots\" content=\"index, follow, max-snippet:-1, max-image-preview:large, max-video-preview:-1\" \/>\n<link rel=\"canonical\" href=\"https:\/\/www.elementvape.de\/fr\/produkt\/geek-bar-b4000-einweg-vape-4000-zuege-1050mah\/\" \/>\n<meta property=\"og:locale\" content=\"fr_FR\" \/>\n<meta property=\"og:type\" content=\"article\" \/>\n<meta property=\"og:title\" content=\"Geek Bar B4000 Einweg-Vape 4000 Z\u00fcge 1050mAh | ElementVape.de\" \/>\n<meta property=\"og:description\" content=\"Wir bieten Geek Bar B4000 Einweg-Vape 4000 Z\u00fcge 1050mAh , Elementvape.de akzeptieren Gro\u00df-und Einzelhandel Bestellungen.\" \/>\n<meta property=\"og:url\" content=\"https:\/\/www.elementvape.de\/fr\/produkt\/geek-bar-b4000-einweg-vape-4000-zuege-1050mah\/\" \/>\n<meta property=\"og:site_name\" content=\"ElementVape.de\" \/>\n<meta property=\"article:modified_time\" content=\"2024-09-12T10:36:44+00:00\" \/>\n<meta property=\"og:image\" content=\"https:\/\/www.elementvape.de\/wp-content\/uploads\/2024\/05\/Geek-bar-B4000-Disposable-Vape-4000-Puffs-2-834510.webp\" \/>\n\t<meta property=\"og:image:width\" content=\"800\" \/>\n\t<meta property=\"og:image:height\" content=\"800\" \/>\n\t<meta property=\"og:image:type\" content=\"image\/webp\" \/>\n<meta name=\"twitter:card\" content=\"summary_large_image\" \/>\n<meta name=\"twitter:label1\" content=\"Est. reading time\" \/>\n\t<meta name=\"twitter:data1\" content=\"2 minutes\" \/>\n<script type=\"application\/ld+json\" class=\"yoast-schema-graph\">{\"@context\":\"https:\/\/schema.org\",\"@graph\":[{\"@type\":\"WebPage\",\"@id\":\"https:\/\/www.elementvape.de\/es\/produkt\/geek-bar-b4000-einweg-vape-4000-zuege-1050mah\/\",\"url\":\"https:\/\/www.elementvape.de\/es\/produkt\/geek-bar-b4000-einweg-vape-4000-zuege-1050mah\/\",\"name\":\"Geek Bar B4000 Einweg-Vape 4000 Z\u00fcge 1050mAh | ElementVape.de\",\"isPartOf\":{\"@id\":\"https:\/\/www.elementvape.de\/#website\"},\"primaryImageOfPage\":{\"@id\":\"https:\/\/www.elementvape.de\/es\/produkt\/geek-bar-b4000-einweg-vape-4000-zuege-1050mah\/#primaryimage\"},\"image\":{\"@id\":\"https:\/\/www.elementvape.de\/es\/produkt\/geek-bar-b4000-einweg-vape-4000-zuege-1050mah\/#primaryimage\"},\"thumbnailUrl\":\"https:\/\/www.elementvape.de\/wp-content\/uploads\/2024\/05\/Geek-bar-B4000-Disposable-Vape-4000-Puffs-2-834510.webp\",\"datePublished\":\"2024-05-28T07:38:29+00:00\",\"dateModified\":\"2024-09-12T10:36:44+00:00\",\"description\":\"Wir bieten Geek Bar B4000 Einweg-Vape 4000 Z\u00fcge 1050mAh , Elementvape.de akzeptieren Gro\u00df-und Einzelhandel Bestellungen.\",\"breadcrumb\":{\"@id\":\"https:\/\/www.elementvape.de\/es\/produkt\/geek-bar-b4000-einweg-vape-4000-zuege-1050mah\/#breadcrumb\"},\"inLanguage\":\"fr-FR\",\"potentialAction\":[{\"@type\":\"ReadAction\",\"target\":[\"https:\/\/www.elementvape.de\/es\/produkt\/geek-bar-b4000-einweg-vape-4000-zuege-1050mah\/\"]}]},{\"@type\":\"ImageObject\",\"inLanguage\":\"fr-FR\",\"@id\":\"https:\/\/www.elementvape.de\/es\/produkt\/geek-bar-b4000-einweg-vape-4000-zuege-1050mah\/#primaryimage\",\"url\":\"https:\/\/www.elementvape.de\/wp-content\/uploads\/2024\/05\/Geek-bar-B4000-Disposable-Vape-4000-Puffs-2-834510.webp\",\"contentUrl\":\"https:\/\/www.elementvape.de\/wp-content\/uploads\/2024\/05\/Geek-bar-B4000-Disposable-Vape-4000-Puffs-2-834510.webp\",\"width\":800,\"height\":800,\"caption\":\"Geek-bar-B4000-Disposable-Vape-4000-Puffs-2-834510\"},{\"@type\":\"BreadcrumbList\",\"@id\":\"https:\/\/www.elementvape.de\/es\/produkt\/geek-bar-b4000-einweg-vape-4000-zuege-1050mah\/#breadcrumb\",\"itemListElement\":[{\"@type\":\"ListItem\",\"position\":1,\"name\":\"Home\",\"item\":\"https:\/\/www.elementvape.de\/\"},{\"@type\":\"ListItem\",\"position\":2,\"name\":\"Shop\",\"item\":\"https:\/\/www.elementvape.de\/shop\/\"},{\"@type\":\"ListItem\",\"position\":3,\"name\":\"Geek Bar B4000 Einweg-Vape 4000 Z\u00fcge 1050mAh\"}]},{\"@type\":\"WebSite\",\"@id\":\"https:\/\/www.elementvape.de\/#website\",\"url\":\"https:\/\/www.elementvape.de\/\",\"name\":\"ElementVape.de\",\"description\":\"\",\"publisher\":{\"@id\":\"https:\/\/www.elementvape.de\/#organization\"},\"potentialAction\":[{\"@type\":\"SearchAction\",\"target\":{\"@type\":\"EntryPoint\",\"urlTemplate\":\"https:\/\/www.elementvape.de\/?s={search_term_string}\"},\"query-input\":\"required name=search_term_string\"}],\"inLanguage\":\"fr-FR\"},{\"@type\":\"Organization\",\"@id\":\"https:\/\/www.elementvape.de\/#organization\",\"name\":\"ElementVape.DE\",\"url\":\"https:\/\/www.elementvape.de\/\",\"logo\":{\"@type\":\"ImageObject\",\"inLanguage\":\"fr-FR\",\"@id\":\"https:\/\/www.elementvape.de\/#\/schema\/logo\/image\/\",\"url\":\"https:\/\/www.elementvape.de\/wp-content\/uploads\/2024\/09\/cropped-1elementvape-3.png\",\"contentUrl\":\"https:\/\/www.elementvape.de\/wp-content\/uploads\/2024\/09\/cropped-1elementvape-3.png\",\"width\":285,\"height\":228,\"caption\":\"ElementVape.DE\"},\"image\":{\"@id\":\"https:\/\/www.elementvape.de\/#\/schema\/logo\/image\/\"}}]}<\/script>\n<!-- \/ Yoast SEO plugin. -->","yoast_head_json":{"title":"Geek Bar B4000 Einweg-Vape 4000 Z\u00fcge 1050mAh | ElementVape.de","description":"Wir bieten Geek Bar B4000 Einweg-Vape 4000 Z\u00fcge 1050mAh , Elementvape.de akzeptieren Gro\u00df-und Einzelhandel Bestellungen.","robots":{"index":"index","follow":"follow","max-snippet":"max-snippet:-1","max-image-preview":"max-image-preview:large","max-video-preview":"max-video-preview:-1"},"canonical":"https:\/\/www.elementvape.de\/fr\/produkt\/geek-bar-b4000-einweg-vape-4000-zuege-1050mah\/","og_locale":"fr_FR","og_type":"article","og_title":"Geek Bar B4000 Einweg-Vape 4000 Z\u00fcge 1050mAh | ElementVape.de","og_description":"Wir bieten Geek Bar B4000 Einweg-Vape 4000 Z\u00fcge 1050mAh , Elementvape.de akzeptieren Gro\u00df-und Einzelhandel Bestellungen.","og_url":"https:\/\/www.elementvape.de\/fr\/produkt\/geek-bar-b4000-einweg-vape-4000-zuege-1050mah\/","og_site_name":"ElementVape.de","article_modified_time":"2024-09-12T10:36:44+00:00","og_image":[{"width":800,"height":800,"url":"https:\/\/www.elementvape.de\/wp-content\/uploads\/2024\/05\/Geek-bar-B4000-Disposable-Vape-4000-Puffs-2-834510.webp","type":"image\/webp"}],"twitter_card":"summary_large_image","twitter_misc":{"Est. reading time":"2 minutes"},"schema":{"@context":"https:\/\/schema.org","@graph":[{"@type":"WebPage","@id":"https:\/\/www.elementvape.de\/es\/produkt\/geek-bar-b4000-einweg-vape-4000-zuege-1050mah\/","url":"https:\/\/www.elementvape.de\/es\/produkt\/geek-bar-b4000-einweg-vape-4000-zuege-1050mah\/","name":"Geek Bar B4000 Einweg-Vape 4000 Z\u00fcge 1050mAh | ElementVape.de","isPartOf":{"@id":"https:\/\/www.elementvape.de\/#website"},"primaryImageOfPage":{"@id":"https:\/\/www.elementvape.de\/es\/produkt\/geek-bar-b4000-einweg-vape-4000-zuege-1050mah\/#primaryimage"},"image":{"@id":"https:\/\/www.elementvape.de\/es\/produkt\/geek-bar-b4000-einweg-vape-4000-zuege-1050mah\/#primaryimage"},"thumbnailUrl":"https:\/\/www.elementvape.de\/wp-content\/uploads\/2024\/05\/Geek-bar-B4000-Disposable-Vape-4000-Puffs-2-834510.webp","datePublished":"2024-05-28T07:38:29+00:00","dateModified":"2024-09-12T10:36:44+00:00","description":"Wir bieten Geek Bar B4000 Einweg-Vape 4000 Z\u00fcge 1050mAh , Elementvape.de akzeptieren Gro\u00df-und Einzelhandel Bestellungen.","breadcrumb":{"@id":"https:\/\/www.elementvape.de\/es\/produkt\/geek-bar-b4000-einweg-vape-4000-zuege-1050mah\/#breadcrumb"},"inLanguage":"fr-FR","potentialAction":[{"@type":"ReadAction","target":["https:\/\/www.elementvape.de\/es\/produkt\/geek-bar-b4000-einweg-vape-4000-zuege-1050mah\/"]}]},{"@type":"ImageObject","inLanguage":"fr-FR","@id":"https:\/\/www.elementvape.de\/es\/produkt\/geek-bar-b4000-einweg-vape-4000-zuege-1050mah\/#primaryimage","url":"https:\/\/www.elementvape.de\/wp-content\/uploads\/2024\/05\/Geek-bar-B4000-Disposable-Vape-4000-Puffs-2-834510.webp","contentUrl":"https:\/\/www.elementvape.de\/wp-content\/uploads\/2024\/05\/Geek-bar-B4000-Disposable-Vape-4000-Puffs-2-834510.webp","width":800,"height":800,"caption":"Geek-bar-B4000-Disposable-Vape-4000-Puffs-2-834510"},{"@type":"BreadcrumbList","@id":"https:\/\/www.elementvape.de\/es\/produkt\/geek-bar-b4000-einweg-vape-4000-zuege-1050mah\/#breadcrumb","itemListElement":[{"@type":"ListItem","position":1,"name":"Home","item":"https:\/\/www.elementvape.de\/"},{"@type":"ListItem","position":2,"name":"Shop","item":"https:\/\/www.elementvape.de\/shop\/"},{"@type":"ListItem","position":3,"name":"Geek Bar B4000 Einweg-Vape 4000 Z\u00fcge 1050mAh"}]},{"@type":"WebSite","@id":"https:\/\/www.elementvape.de\/#website","url":"https:\/\/www.elementvape.de\/","name":"ElementVape.de","description":"","publisher":{"@id":"https:\/\/www.elementvape.de\/#organization"},"potentialAction":[{"@type":"SearchAction","target":{"@type":"EntryPoint","urlTemplate":"https:\/\/www.elementvape.de\/?s={search_term_string}"},"query-input":"required name=search_term_string"}],"inLanguage":"fr-FR"},{"@type":"Organization","@id":"https:\/\/www.elementvape.de\/#organization","name":"ElementVape.DE","url":"https:\/\/www.elementvape.de\/","logo":{"@type":"ImageObject","inLanguage":"fr-FR","@id":"https:\/\/www.elementvape.de\/#\/schema\/logo\/image\/","url":"https:\/\/www.elementvape.de\/wp-content\/uploads\/2024\/09\/cropped-1elementvape-3.png","contentUrl":"https:\/\/www.elementvape.de\/wp-content\/uploads\/2024\/09\/cropped-1elementvape-3.png","width":285,"height":228,"caption":"ElementVape.DE"},"image":{"@id":"https:\/\/www.elementvape.de\/#\/schema\/logo\/image\/"}}]}},"_links":{"self":[{"href":"https:\/\/www.elementvape.de\/fr\/wp-json\/wp\/v2\/product\/10952"}],"collection":[{"href":"https:\/\/www.elementvape.de\/fr\/wp-json\/wp\/v2\/product"}],"about":[{"href":"https:\/\/www.elementvape.de\/fr\/wp-json\/wp\/v2\/types\/product"}],"wp:featuredmedia":[{"embeddable":true,"href":"https:\/\/www.elementvape.de\/fr\/wp-json\/wp\/v2\/media\/10943"}],"wp:attachment":[{"href":"https:\/\/www.elementvape.de\/fr\/wp-json\/wp\/v2\/media?parent=10952"}],"wp:term":[{"taxonomy":"product_cat","embeddable":true,"href":"https:\/\/www.elementvape.de\/fr\/wp-json\/wp\/v2\/product_cat?post=10952"},{"taxonomy":"product_tag","embeddable":true,"href":"https:\/\/www.elementvape.de\/fr\/wp-json\/wp\/v2\/product_tag?post=10952"}],"curies":[{"name":"wp","href":"https:\/\/api.w.org\/{rel}","templated":true}]}}