{"id":10923,"date":"2024-05-27T09:26:42","date_gmt":"2024-05-27T09:26:42","guid":{"rendered":"https:\/\/www.elementvape.de\/?post_type=product&#038;p=10923"},"modified":"2024-09-12T10:36:45","modified_gmt":"2024-09-12T10:36:45","slug":"elf-bar-2000-einweg-vape-1200mah-2000-zuege","status":"publish","type":"product","link":"https:\/\/www.elementvape.de\/fr\/produkt\/elf-bar-2000-einweg-vape-1200mah-2000-zuege\/","title":{"rendered":"ELF BAR 2000 Vape jetable 1200mAh 2000 bouff\u00e9es"},"content":{"rendered":"<div class=\"card__header\">\n<h2 class=\"card__title heading h3\"><span>Description<\/span><\/h2>\n<\/div>\n<div class=\"card__section\">\n<div class=\"rte text--pull\"><span>La Vape Jetable Elf Bar<\/span><span>\u00a02000 dispose d'une grande capacit\u00e9 de batterie de 2000 mAh et de 6,5 ml de liquide pr\u00e9rempli, suffisant pour 1800 bouff\u00e9es. Et la Vape Jetable Elf Bar 2000 a une concentration de nicotine de 5 % ou 2 % au choix. De plus, l'Elf Bar 2000 dispose d'une double bobine verticale qui transmet un go\u00fbt pur et de gros nuages pour rendre chaque bouff\u00e9e pleine et agr\u00e9able. Vous pouvez choisir parmi une vari\u00e9t\u00e9 de nouvelles saveurs de fruits m\u00e9lang\u00e9s. Profitez maintenant d'un bonheur illimit\u00e9 !<\/span><\/p>\n<p><span>Param\u00e8tre<\/span><br \/>\n<span>Taille : \u03c619 x 115 mm<\/span><br \/>\n<span>Capacit\u00e9 d'E-liquide : 6,5 ml<\/span><br \/>\n<span>Concentration de nicotine : 5 % \/ 2 % \/ 2 % SE<\/span><br \/>\n<span>Capacit\u00e9 de la batterie : 1200 mAh<\/span><br \/>\n<span>Bouff\u00e9es : 2000 bouff\u00e9es<\/span><\/p>\n<p><span>La double bobine verticale transmet un go\u00fbt pur et de gros nuages<\/span><br \/>\n<span>Batterie plus grande de 2000 mAh et 1800 bouff\u00e9es<\/span><br \/>\n<span>Apparence \u00e9l\u00e9gante avec d\u00e9grad\u00e9 de couleurs et sensation de douceur en main<\/span><br \/>\n<span>De toutes nouvelles saveurs de fruits m\u00e9lang\u00e9s offrent une exp\u00e9rience illimit\u00e9e<\/span><\/p>\n<p><span>Contenu de l'emballage :<\/span><br \/>\n<span>1 \u00d7 Elf Bar 2000 Jetable\u00a0<\/span>-Vape<span>\u00a01200 mAh<\/span><\/div>\n<\/div>","protected":false},"excerpt":{"rendered":"<p>Beschreibung Der Einweg-Vape Elf Bar\u00a02000 verf\u00fcgt \u00fcber eine gro\u00dfe Akkukapazit\u00e4t von 2000 mAh und 6,5 ml vorgef\u00fcllten Liquid, das f\u00fcr 1800 Z\u00fcge ausreicht. Und der Einweg-Vape Elf Bar 2000 hat eine Nikotinst\u00e4rke von 5 % oder 2 % zur Auswahl. Dar\u00fcber hinaus verf\u00fcgt der Elf Bar 2000 \u00fcber eine vertikale Doppelspule, die reinen Geschmack und [&hellip;]<\/p>","protected":false},"featured_media":10924,"template":"","meta":{"inline_featured_image":false},"product_cat":[15,78,754,745,742,748,744,755,738,751],"product_tag":[675],"tiered_pricing_type":"fixed","tiered_pricing_fixed_rules":[],"tiered_pricing_percentage_rules":[],"tiered_pricing_minimum":1,"_administrator_tiered_pricing_type":"fixed","_administrator_tiered_pricing_fixed_rules":[],"_editor_tiered_pricing_type":"fixed","_editor_tiered_pricing_fixed_rules":[],"_author_tiered_pricing_type":"fixed","_author_tiered_pricing_fixed_rules":[],"_contributor_tiered_pricing_type":"fixed","_contributor_tiered_pricing_fixed_rules":[],"_subscriber_tiered_pricing_type":"fixed","_subscriber_tiered_pricing_fixed_rules":[],"_customer_tiered_pricing_type":"fixed","_customer_tiered_pricing_fixed_rules":[],"_shop_manager_tiered_pricing_type":"fixed","_shop_manager_tiered_pricing_fixed_rules":[],"_wpseo_manager_tiered_pricing_type":"fixed","_wpseo_manager_tiered_pricing_fixed_rules":[],"_wpseo_editor_tiered_pricing_type":"fixed","_wpseo_editor_tiered_pricing_fixed_rules":[],"_wholesale_customer_tiered_pricing_type":"fixed","_wholesale_customer_tiered_pricing_fixed_rules":[],"_marketer_tiered_pricing_type":"fixed","_marketer_tiered_pricing_fixed_rules":[],"_sales_manager_tiered_pricing_type":"fixed","_sales_manager_tiered_pricing_fixed_rules":[],"_sales_rep_tiered_pricing_type":"fixed","_sales_rep_tiered_pricing_fixed_rules":[],"yoast_head":"<!-- This site is optimized with the Yoast SEO plugin v23.3 - https:\/\/yoast.com\/wordpress\/plugins\/seo\/ -->\n<title>ELF BAR 2000 Einweg-Vape 1200mAh 2000 Z\u00fcge | ElementVape.de<\/title>\n<meta name=\"description\" content=\"Wir bieten ELF BAR 2000 Einweg-Vape 1200mAh 2000 Z\u00fcge , Elementvape.de akzeptieren Gro\u00df-und Einzelhandel Bestellungen.\" \/>\n<meta name=\"robots\" content=\"index, follow, max-snippet:-1, max-image-preview:large, max-video-preview:-1\" \/>\n<link rel=\"canonical\" href=\"https:\/\/www.elementvape.de\/fr\/produkt\/elf-bar-2000-einweg-vape-1200mah-2000-zuege\/\" \/>\n<meta property=\"og:locale\" content=\"fr_FR\" \/>\n<meta property=\"og:type\" content=\"article\" \/>\n<meta property=\"og:title\" content=\"ELF BAR 2000 Einweg-Vape 1200mAh 2000 Z\u00fcge | ElementVape.de\" \/>\n<meta property=\"og:description\" content=\"Wir bieten ELF BAR 2000 Einweg-Vape 1200mAh 2000 Z\u00fcge , Elementvape.de akzeptieren Gro\u00df-und Einzelhandel Bestellungen.\" \/>\n<meta property=\"og:url\" content=\"https:\/\/www.elementvape.de\/fr\/produkt\/elf-bar-2000-einweg-vape-1200mah-2000-zuege\/\" \/>\n<meta property=\"og:site_name\" content=\"ElementVape.de\" \/>\n<meta property=\"article:modified_time\" content=\"2024-09-12T10:36:45+00:00\" \/>\n<meta property=\"og:image\" content=\"https:\/\/www.elementvape.de\/wp-content\/uploads\/2024\/05\/ELF-BAR-2000-Disposable-Vape-1200mAh-1800-puffs.webp\" \/>\n\t<meta property=\"og:image:width\" content=\"600\" \/>\n\t<meta property=\"og:image:height\" content=\"600\" \/>\n\t<meta property=\"og:image:type\" content=\"image\/webp\" \/>\n<meta name=\"twitter:card\" content=\"summary_large_image\" \/>\n<meta name=\"twitter:label1\" content=\"Est. reading time\" \/>\n\t<meta name=\"twitter:data1\" content=\"2 minutes\" \/>\n<script type=\"application\/ld+json\" class=\"yoast-schema-graph\">{\"@context\":\"https:\/\/schema.org\",\"@graph\":[{\"@type\":\"WebPage\",\"@id\":\"https:\/\/www.elementvape.de\/et\/produkt\/elf-bar-2000-einweg-vape-1200mah-2000-zuege\/\",\"url\":\"https:\/\/www.elementvape.de\/et\/produkt\/elf-bar-2000-einweg-vape-1200mah-2000-zuege\/\",\"name\":\"ELF BAR 2000 Einweg-Vape 1200mAh 2000 Z\u00fcge | ElementVape.de\",\"isPartOf\":{\"@id\":\"https:\/\/www.elementvape.de\/#website\"},\"primaryImageOfPage\":{\"@id\":\"https:\/\/www.elementvape.de\/et\/produkt\/elf-bar-2000-einweg-vape-1200mah-2000-zuege\/#primaryimage\"},\"image\":{\"@id\":\"https:\/\/www.elementvape.de\/et\/produkt\/elf-bar-2000-einweg-vape-1200mah-2000-zuege\/#primaryimage\"},\"thumbnailUrl\":\"https:\/\/www.elementvape.de\/wp-content\/uploads\/2024\/05\/ELF-BAR-2000-Disposable-Vape-1200mAh-1800-puffs.webp\",\"datePublished\":\"2024-05-27T09:26:42+00:00\",\"dateModified\":\"2024-09-12T10:36:45+00:00\",\"description\":\"Wir bieten ELF BAR 2000 Einweg-Vape 1200mAh 2000 Z\u00fcge , Elementvape.de akzeptieren Gro\u00df-und Einzelhandel Bestellungen.\",\"breadcrumb\":{\"@id\":\"https:\/\/www.elementvape.de\/et\/produkt\/elf-bar-2000-einweg-vape-1200mah-2000-zuege\/#breadcrumb\"},\"inLanguage\":\"fr-FR\",\"potentialAction\":[{\"@type\":\"ReadAction\",\"target\":[\"https:\/\/www.elementvape.de\/et\/produkt\/elf-bar-2000-einweg-vape-1200mah-2000-zuege\/\"]}]},{\"@type\":\"ImageObject\",\"inLanguage\":\"fr-FR\",\"@id\":\"https:\/\/www.elementvape.de\/et\/produkt\/elf-bar-2000-einweg-vape-1200mah-2000-zuege\/#primaryimage\",\"url\":\"https:\/\/www.elementvape.de\/wp-content\/uploads\/2024\/05\/ELF-BAR-2000-Disposable-Vape-1200mAh-1800-puffs.webp\",\"contentUrl\":\"https:\/\/www.elementvape.de\/wp-content\/uploads\/2024\/05\/ELF-BAR-2000-Disposable-Vape-1200mAh-1800-puffs.webp\",\"width\":600,\"height\":600,\"caption\":\"ELF-BAR-2000-Disposable-Vape-1200mAh-1800-puffs\"},{\"@type\":\"BreadcrumbList\",\"@id\":\"https:\/\/www.elementvape.de\/et\/produkt\/elf-bar-2000-einweg-vape-1200mah-2000-zuege\/#breadcrumb\",\"itemListElement\":[{\"@type\":\"ListItem\",\"position\":1,\"name\":\"Home\",\"item\":\"https:\/\/www.elementvape.de\/\"},{\"@type\":\"ListItem\",\"position\":2,\"name\":\"Shop\",\"item\":\"https:\/\/www.elementvape.de\/shop\/\"},{\"@type\":\"ListItem\",\"position\":3,\"name\":\"ELF BAR 2000 Einweg-Vape 1200mAh 2000 Z\u00fcge\"}]},{\"@type\":\"WebSite\",\"@id\":\"https:\/\/www.elementvape.de\/#website\",\"url\":\"https:\/\/www.elementvape.de\/\",\"name\":\"ElementVape.de\",\"description\":\"\",\"publisher\":{\"@id\":\"https:\/\/www.elementvape.de\/#organization\"},\"potentialAction\":[{\"@type\":\"SearchAction\",\"target\":{\"@type\":\"EntryPoint\",\"urlTemplate\":\"https:\/\/www.elementvape.de\/?s={search_term_string}\"},\"query-input\":\"required name=search_term_string\"}],\"inLanguage\":\"fr-FR\"},{\"@type\":\"Organization\",\"@id\":\"https:\/\/www.elementvape.de\/#organization\",\"name\":\"ElementVape.DE\",\"url\":\"https:\/\/www.elementvape.de\/\",\"logo\":{\"@type\":\"ImageObject\",\"inLanguage\":\"fr-FR\",\"@id\":\"https:\/\/www.elementvape.de\/#\/schema\/logo\/image\/\",\"url\":\"https:\/\/www.elementvape.de\/wp-content\/uploads\/2024\/09\/cropped-1elementvape-3.png\",\"contentUrl\":\"https:\/\/www.elementvape.de\/wp-content\/uploads\/2024\/09\/cropped-1elementvape-3.png\",\"width\":285,\"height\":228,\"caption\":\"ElementVape.DE\"},\"image\":{\"@id\":\"https:\/\/www.elementvape.de\/#\/schema\/logo\/image\/\"}}]}<\/script>\n<!-- \/ Yoast SEO plugin. -->","yoast_head_json":{"title":"ELF BAR 2000 Einweg-Vape 1200mAh 2000 Z\u00fcge | ElementVape.de","description":"Wir bieten ELF BAR 2000 Einweg-Vape 1200mAh 2000 Z\u00fcge , Elementvape.de akzeptieren Gro\u00df-und Einzelhandel Bestellungen.","robots":{"index":"index","follow":"follow","max-snippet":"max-snippet:-1","max-image-preview":"max-image-preview:large","max-video-preview":"max-video-preview:-1"},"canonical":"https:\/\/www.elementvape.de\/fr\/produkt\/elf-bar-2000-einweg-vape-1200mah-2000-zuege\/","og_locale":"fr_FR","og_type":"article","og_title":"ELF BAR 2000 Einweg-Vape 1200mAh 2000 Z\u00fcge | ElementVape.de","og_description":"Wir bieten ELF BAR 2000 Einweg-Vape 1200mAh 2000 Z\u00fcge , Elementvape.de akzeptieren Gro\u00df-und Einzelhandel Bestellungen.","og_url":"https:\/\/www.elementvape.de\/fr\/produkt\/elf-bar-2000-einweg-vape-1200mah-2000-zuege\/","og_site_name":"ElementVape.de","article_modified_time":"2024-09-12T10:36:45+00:00","og_image":[{"width":600,"height":600,"url":"https:\/\/www.elementvape.de\/wp-content\/uploads\/2024\/05\/ELF-BAR-2000-Disposable-Vape-1200mAh-1800-puffs.webp","type":"image\/webp"}],"twitter_card":"summary_large_image","twitter_misc":{"Est. reading time":"2 minutes"},"schema":{"@context":"https:\/\/schema.org","@graph":[{"@type":"WebPage","@id":"https:\/\/www.elementvape.de\/et\/produkt\/elf-bar-2000-einweg-vape-1200mah-2000-zuege\/","url":"https:\/\/www.elementvape.de\/et\/produkt\/elf-bar-2000-einweg-vape-1200mah-2000-zuege\/","name":"ELF BAR 2000 Einweg-Vape 1200mAh 2000 Z\u00fcge | ElementVape.de","isPartOf":{"@id":"https:\/\/www.elementvape.de\/#website"},"primaryImageOfPage":{"@id":"https:\/\/www.elementvape.de\/et\/produkt\/elf-bar-2000-einweg-vape-1200mah-2000-zuege\/#primaryimage"},"image":{"@id":"https:\/\/www.elementvape.de\/et\/produkt\/elf-bar-2000-einweg-vape-1200mah-2000-zuege\/#primaryimage"},"thumbnailUrl":"https:\/\/www.elementvape.de\/wp-content\/uploads\/2024\/05\/ELF-BAR-2000-Disposable-Vape-1200mAh-1800-puffs.webp","datePublished":"2024-05-27T09:26:42+00:00","dateModified":"2024-09-12T10:36:45+00:00","description":"Wir bieten ELF BAR 2000 Einweg-Vape 1200mAh 2000 Z\u00fcge , Elementvape.de akzeptieren Gro\u00df-und Einzelhandel Bestellungen.","breadcrumb":{"@id":"https:\/\/www.elementvape.de\/et\/produkt\/elf-bar-2000-einweg-vape-1200mah-2000-zuege\/#breadcrumb"},"inLanguage":"fr-FR","potentialAction":[{"@type":"ReadAction","target":["https:\/\/www.elementvape.de\/et\/produkt\/elf-bar-2000-einweg-vape-1200mah-2000-zuege\/"]}]},{"@type":"ImageObject","inLanguage":"fr-FR","@id":"https:\/\/www.elementvape.de\/et\/produkt\/elf-bar-2000-einweg-vape-1200mah-2000-zuege\/#primaryimage","url":"https:\/\/www.elementvape.de\/wp-content\/uploads\/2024\/05\/ELF-BAR-2000-Disposable-Vape-1200mAh-1800-puffs.webp","contentUrl":"https:\/\/www.elementvape.de\/wp-content\/uploads\/2024\/05\/ELF-BAR-2000-Disposable-Vape-1200mAh-1800-puffs.webp","width":600,"height":600,"caption":"ELF-BAR-2000-Disposable-Vape-1200mAh-1800-puffs"},{"@type":"BreadcrumbList","@id":"https:\/\/www.elementvape.de\/et\/produkt\/elf-bar-2000-einweg-vape-1200mah-2000-zuege\/#breadcrumb","itemListElement":[{"@type":"ListItem","position":1,"name":"Home","item":"https:\/\/www.elementvape.de\/"},{"@type":"ListItem","position":2,"name":"Shop","item":"https:\/\/www.elementvape.de\/shop\/"},{"@type":"ListItem","position":3,"name":"ELF BAR 2000 Einweg-Vape 1200mAh 2000 Z\u00fcge"}]},{"@type":"WebSite","@id":"https:\/\/www.elementvape.de\/#website","url":"https:\/\/www.elementvape.de\/","name":"ElementVape.de","description":"","publisher":{"@id":"https:\/\/www.elementvape.de\/#organization"},"potentialAction":[{"@type":"SearchAction","target":{"@type":"EntryPoint","urlTemplate":"https:\/\/www.elementvape.de\/?s={search_term_string}"},"query-input":"required name=search_term_string"}],"inLanguage":"fr-FR"},{"@type":"Organization","@id":"https:\/\/www.elementvape.de\/#organization","name":"ElementVape.DE","url":"https:\/\/www.elementvape.de\/","logo":{"@type":"ImageObject","inLanguage":"fr-FR","@id":"https:\/\/www.elementvape.de\/#\/schema\/logo\/image\/","url":"https:\/\/www.elementvape.de\/wp-content\/uploads\/2024\/09\/cropped-1elementvape-3.png","contentUrl":"https:\/\/www.elementvape.de\/wp-content\/uploads\/2024\/09\/cropped-1elementvape-3.png","width":285,"height":228,"caption":"ElementVape.DE"},"image":{"@id":"https:\/\/www.elementvape.de\/#\/schema\/logo\/image\/"}}]}},"_links":{"self":[{"href":"https:\/\/www.elementvape.de\/fr\/wp-json\/wp\/v2\/product\/10923"}],"collection":[{"href":"https:\/\/www.elementvape.de\/fr\/wp-json\/wp\/v2\/product"}],"about":[{"href":"https:\/\/www.elementvape.de\/fr\/wp-json\/wp\/v2\/types\/product"}],"wp:featuredmedia":[{"embeddable":true,"href":"https:\/\/www.elementvape.de\/fr\/wp-json\/wp\/v2\/media\/10924"}],"wp:attachment":[{"href":"https:\/\/www.elementvape.de\/fr\/wp-json\/wp\/v2\/media?parent=10923"}],"wp:term":[{"taxonomy":"product_cat","embeddable":true,"href":"https:\/\/www.elementvape.de\/fr\/wp-json\/wp\/v2\/product_cat?post=10923"},{"taxonomy":"product_tag","embeddable":true,"href":"https:\/\/www.elementvape.de\/fr\/wp-json\/wp\/v2\/product_tag?post=10923"}],"curies":[{"name":"wp","href":"https:\/\/api.w.org\/{rel}","templated":true}]}}