{"id":10807,"date":"2024-05-27T06:54:48","date_gmt":"2024-05-27T06:54:48","guid":{"rendered":"https:\/\/www.elementvape.de\/?post_type=product&#038;p=10807"},"modified":"2024-09-12T10:31:37","modified_gmt":"2024-09-12T10:31:37","slug":"elf-bar-airo-max-einweg-vape-5000-zuege","status":"publish","type":"product","link":"https:\/\/www.elementvape.de\/fr\/produkt\/elf-bar-airo-max-einweg-vape-5000-zuege\/","title":{"rendered":"Elf Bar Airo Max Vape jetable 5000 bouff\u00e9es"},"content":{"rendered":"<div class=\"card__header\">\n<h2 class=\"card__title heading h3\"><span>Description<\/span><\/h2>\n<\/div>\n<div class=\"card__section\">\n<div class=\"rte text--pull\"><span>Le vaporisateur jetable Elf Bar Airo Max offre avec son sel de nicotine 5 % (50 mg) la satisfaction de 5000 bouff\u00e9es. De plus, il dispose d'une bobine en mesh et d'un m\u00e9canisme d'allumage activ\u00e9 par inhalation, aliment\u00e9 via un port de charge USB-C. Profitez de vaporisateurs jetables doux, pratiques et durables.<\/span><\/p>\n<p><span>Param\u00e8tres :<\/span><br \/>\n<span>Bouff\u00e9es : 5000<\/span><br \/>\n<span>Nicotine : 5 % (50 mg)<\/span><br \/>\n<span>Type de nicotine : Nic-Sel<\/span><br \/>\n<span>Recharge : USB-C<\/span><br \/>\n<span>R\u00e9sistance de la bobine : Bobine en mesh<\/span><\/p>\n<p><span>Ar\u00f4mes:<\/span><br \/>\n\u2022 Banane Ananas<br \/>\n\u2022 Explosion de Baies<br \/>\n\u2022 Citron Bleu<br \/>\n\u2022 Razz Bleu Glacial<br \/>\n\u2022 Limonade \u00e0 la Cerise<br \/>\n\u2022 Menthe Fra\u00eeche<br \/>\n\u2022 Canneberge Raisin<br \/>\n\u2022 \u00c9cras\u00e9 de Floride<br \/>\n\u2022 Glace Raisin<br \/>\n\u2022 Glace Goyave<br \/>\n\u2022 Goyave Passion Kiwi<br \/>\n\u2022 Citron Vert Glac\u00e9<br \/>\n\u2022 Mangue Ananas<br \/>\n\u2022 P\u00eache Glac\u00e9e<br \/>\n\u2022 P\u00eache Mangue Past\u00e8que<br \/>\n\u2022 Limonade Ananas<br \/>\n\u2022 Citron Rose<br \/>\n\u2022 Limonade Framboise P\u00eache<br \/>\n\u2022 Grape Sakura<br \/>\n\u2022 Glace Skit<br \/>\n\u2022 Fraise Kiwi Glac\u00e9<br \/>\n\u2022 Past\u00e8que Glac\u00e9e<br \/>\n\u2022 Past\u00e8que Kiwi Glace<br \/>\n\u2022 Ours Mignon Glace<\/p>\n<p><span>Liste de packing :<\/span><br \/>\n<span>1 x Elf Bar Airo Max Vape Jetable, 5000 bouff\u00e9es<\/span><\/div>\n<\/div>","protected":false},"excerpt":{"rendered":"<p>Beschreibung Der Elf Bar Airo Max Disposable Vape bietet mit seinem 5 % (50 mg) Nikotinsalz-Nikotin die Befriedigung von 5000 Z\u00fcgen. Dar\u00fcber hinaus verf\u00fcgt er \u00fcber eine Mesh-Spule und einen durch Ziehen aktivierten Z\u00fcndmechanismus, der \u00fcber einen USB-C-Ladeanschluss mit Strom versorgt wird. Genie\u00dfen Sie sanfte, praktische und langlebige Einweg-Vaporizer. Parameter: Z\u00fcge: 5000 Nikotin: 5 % [&hellip;]<\/p>","protected":false},"featured_media":10808,"template":"","meta":{"inline_featured_image":false},"product_cat":[78,750,737,736,749],"product_tag":[678],"tiered_pricing_type":"fixed","tiered_pricing_fixed_rules":[],"tiered_pricing_percentage_rules":[],"tiered_pricing_minimum":1,"_administrator_tiered_pricing_type":"fixed","_administrator_tiered_pricing_fixed_rules":[],"_editor_tiered_pricing_type":"fixed","_editor_tiered_pricing_fixed_rules":[],"_author_tiered_pricing_type":"fixed","_author_tiered_pricing_fixed_rules":[],"_contributor_tiered_pricing_type":"fixed","_contributor_tiered_pricing_fixed_rules":[],"_subscriber_tiered_pricing_type":"fixed","_subscriber_tiered_pricing_fixed_rules":[],"_customer_tiered_pricing_type":"fixed","_customer_tiered_pricing_fixed_rules":[],"_shop_manager_tiered_pricing_type":"fixed","_shop_manager_tiered_pricing_fixed_rules":[],"_wpseo_manager_tiered_pricing_type":"fixed","_wpseo_manager_tiered_pricing_fixed_rules":[],"_wpseo_editor_tiered_pricing_type":"fixed","_wpseo_editor_tiered_pricing_fixed_rules":[],"_wholesale_customer_tiered_pricing_type":"fixed","_wholesale_customer_tiered_pricing_fixed_rules":[],"_marketer_tiered_pricing_type":"fixed","_marketer_tiered_pricing_fixed_rules":[],"_sales_manager_tiered_pricing_type":"fixed","_sales_manager_tiered_pricing_fixed_rules":[],"_sales_rep_tiered_pricing_type":"fixed","_sales_rep_tiered_pricing_fixed_rules":[],"yoast_head":"<!-- This site is optimized with the Yoast SEO plugin v23.3 - https:\/\/yoast.com\/wordpress\/plugins\/seo\/ -->\n<title>Elf Bar Airo Max Einweg-Vape 5000 Z\u00fcge | ElementVape.de<\/title>\n<meta name=\"description\" content=\"Wir bieten Elf Bar Airo Max Einweg-Vape 5000 Z\u00fcge , Elementvape.de akzeptieren Gro\u00df-und Einzelhandel Bestellungen.\" \/>\n<meta name=\"robots\" content=\"index, follow, max-snippet:-1, max-image-preview:large, max-video-preview:-1\" \/>\n<link rel=\"canonical\" href=\"https:\/\/www.elementvape.de\/fr\/produkt\/elf-bar-airo-max-einweg-vape-5000-zuege\/\" \/>\n<meta property=\"og:locale\" content=\"fr_FR\" \/>\n<meta property=\"og:type\" content=\"article\" \/>\n<meta property=\"og:title\" content=\"Elf Bar Airo Max Einweg-Vape 5000 Z\u00fcge | ElementVape.de\" \/>\n<meta property=\"og:description\" content=\"Wir bieten Elf Bar Airo Max Einweg-Vape 5000 Z\u00fcge , Elementvape.de akzeptieren Gro\u00df-und Einzelhandel Bestellungen.\" \/>\n<meta property=\"og:url\" content=\"https:\/\/www.elementvape.de\/fr\/produkt\/elf-bar-airo-max-einweg-vape-5000-zuege\/\" \/>\n<meta property=\"og:site_name\" content=\"ElementVape.de\" \/>\n<meta property=\"article:modified_time\" content=\"2024-09-12T10:31:37+00:00\" \/>\n<meta property=\"og:image\" content=\"https:\/\/www.elementvape.de\/wp-content\/uploads\/2024\/05\/Elf-Bar-Airo-Max-Disposable-Vape-5000-puffs-9.jpg\" \/>\n\t<meta property=\"og:image:width\" content=\"800\" \/>\n\t<meta property=\"og:image:height\" content=\"800\" \/>\n\t<meta property=\"og:image:type\" content=\"image\/jpeg\" \/>\n<meta name=\"twitter:card\" content=\"summary_large_image\" \/>\n<meta name=\"twitter:label1\" content=\"Est. reading time\" \/>\n\t<meta name=\"twitter:data1\" content=\"2 minutes\" \/>\n<script type=\"application\/ld+json\" class=\"yoast-schema-graph\">{\"@context\":\"https:\/\/schema.org\",\"@graph\":[{\"@type\":\"WebPage\",\"@id\":\"https:\/\/www.elementvape.de\/produkt\/elf-bar-airo-max-einweg-vape-5000-zuege\/\",\"url\":\"https:\/\/www.elementvape.de\/produkt\/elf-bar-airo-max-einweg-vape-5000-zuege\/\",\"name\":\"Elf Bar Airo Max Einweg-Vape 5000 Z\u00fcge | ElementVape.de\",\"isPartOf\":{\"@id\":\"https:\/\/www.elementvape.de\/#website\"},\"primaryImageOfPage\":{\"@id\":\"https:\/\/www.elementvape.de\/produkt\/elf-bar-airo-max-einweg-vape-5000-zuege\/#primaryimage\"},\"image\":{\"@id\":\"https:\/\/www.elementvape.de\/produkt\/elf-bar-airo-max-einweg-vape-5000-zuege\/#primaryimage\"},\"thumbnailUrl\":\"https:\/\/www.elementvape.de\/wp-content\/uploads\/2024\/05\/Elf-Bar-Airo-Max-Disposable-Vape-5000-puffs-9.jpg\",\"datePublished\":\"2024-05-27T06:54:48+00:00\",\"dateModified\":\"2024-09-12T10:31:37+00:00\",\"description\":\"Wir bieten Elf Bar Airo Max Einweg-Vape 5000 Z\u00fcge , Elementvape.de akzeptieren Gro\u00df-und Einzelhandel Bestellungen.\",\"breadcrumb\":{\"@id\":\"https:\/\/www.elementvape.de\/produkt\/elf-bar-airo-max-einweg-vape-5000-zuege\/#breadcrumb\"},\"inLanguage\":\"fr-FR\",\"potentialAction\":[{\"@type\":\"ReadAction\",\"target\":[\"https:\/\/www.elementvape.de\/produkt\/elf-bar-airo-max-einweg-vape-5000-zuege\/\"]}]},{\"@type\":\"ImageObject\",\"inLanguage\":\"fr-FR\",\"@id\":\"https:\/\/www.elementvape.de\/produkt\/elf-bar-airo-max-einweg-vape-5000-zuege\/#primaryimage\",\"url\":\"https:\/\/www.elementvape.de\/wp-content\/uploads\/2024\/05\/Elf-Bar-Airo-Max-Disposable-Vape-5000-puffs-9.jpg\",\"contentUrl\":\"https:\/\/www.elementvape.de\/wp-content\/uploads\/2024\/05\/Elf-Bar-Airo-Max-Disposable-Vape-5000-puffs-9.jpg\",\"width\":800,\"height\":800,\"caption\":\"Elf-Bar-Airo-Max-Disposable-Vape-5000-puffs-9\"},{\"@type\":\"BreadcrumbList\",\"@id\":\"https:\/\/www.elementvape.de\/produkt\/elf-bar-airo-max-einweg-vape-5000-zuege\/#breadcrumb\",\"itemListElement\":[{\"@type\":\"ListItem\",\"position\":1,\"name\":\"Home\",\"item\":\"https:\/\/www.elementvape.de\/\"},{\"@type\":\"ListItem\",\"position\":2,\"name\":\"Shop\",\"item\":\"https:\/\/www.elementvape.de\/shop\/\"},{\"@type\":\"ListItem\",\"position\":3,\"name\":\"Elf Bar Airo Max Einweg-Vape 5000 Z\u00fcge\"}]},{\"@type\":\"WebSite\",\"@id\":\"https:\/\/www.elementvape.de\/#website\",\"url\":\"https:\/\/www.elementvape.de\/\",\"name\":\"ElementVape.de\",\"description\":\"\",\"publisher\":{\"@id\":\"https:\/\/www.elementvape.de\/#organization\"},\"potentialAction\":[{\"@type\":\"SearchAction\",\"target\":{\"@type\":\"EntryPoint\",\"urlTemplate\":\"https:\/\/www.elementvape.de\/?s={search_term_string}\"},\"query-input\":\"required name=search_term_string\"}],\"inLanguage\":\"fr-FR\"},{\"@type\":\"Organization\",\"@id\":\"https:\/\/www.elementvape.de\/#organization\",\"name\":\"ElementVape.DE\",\"url\":\"https:\/\/www.elementvape.de\/\",\"logo\":{\"@type\":\"ImageObject\",\"inLanguage\":\"fr-FR\",\"@id\":\"https:\/\/www.elementvape.de\/#\/schema\/logo\/image\/\",\"url\":\"https:\/\/www.elementvape.de\/wp-content\/uploads\/2024\/09\/cropped-1elementvape-3.png\",\"contentUrl\":\"https:\/\/www.elementvape.de\/wp-content\/uploads\/2024\/09\/cropped-1elementvape-3.png\",\"width\":285,\"height\":228,\"caption\":\"ElementVape.DE\"},\"image\":{\"@id\":\"https:\/\/www.elementvape.de\/#\/schema\/logo\/image\/\"}}]}<\/script>\n<!-- \/ Yoast SEO plugin. -->","yoast_head_json":{"title":"Elf Bar Airo Max Einweg-Vape 5000 Z\u00fcge | ElementVape.de","description":"Wir bieten Elf Bar Airo Max Einweg-Vape 5000 Z\u00fcge , Elementvape.de akzeptieren Gro\u00df-und Einzelhandel Bestellungen.","robots":{"index":"index","follow":"follow","max-snippet":"max-snippet:-1","max-image-preview":"max-image-preview:large","max-video-preview":"max-video-preview:-1"},"canonical":"https:\/\/www.elementvape.de\/fr\/produkt\/elf-bar-airo-max-einweg-vape-5000-zuege\/","og_locale":"fr_FR","og_type":"article","og_title":"Elf Bar Airo Max Einweg-Vape 5000 Z\u00fcge | ElementVape.de","og_description":"Wir bieten Elf Bar Airo Max Einweg-Vape 5000 Z\u00fcge , Elementvape.de akzeptieren Gro\u00df-und Einzelhandel Bestellungen.","og_url":"https:\/\/www.elementvape.de\/fr\/produkt\/elf-bar-airo-max-einweg-vape-5000-zuege\/","og_site_name":"ElementVape.de","article_modified_time":"2024-09-12T10:31:37+00:00","og_image":[{"width":800,"height":800,"url":"https:\/\/www.elementvape.de\/wp-content\/uploads\/2024\/05\/Elf-Bar-Airo-Max-Disposable-Vape-5000-puffs-9.jpg","type":"image\/jpeg"}],"twitter_card":"summary_large_image","twitter_misc":{"Est. reading time":"2 minutes"},"schema":{"@context":"https:\/\/schema.org","@graph":[{"@type":"WebPage","@id":"https:\/\/www.elementvape.de\/produkt\/elf-bar-airo-max-einweg-vape-5000-zuege\/","url":"https:\/\/www.elementvape.de\/produkt\/elf-bar-airo-max-einweg-vape-5000-zuege\/","name":"Elf Bar Airo Max Einweg-Vape 5000 Z\u00fcge | ElementVape.de","isPartOf":{"@id":"https:\/\/www.elementvape.de\/#website"},"primaryImageOfPage":{"@id":"https:\/\/www.elementvape.de\/produkt\/elf-bar-airo-max-einweg-vape-5000-zuege\/#primaryimage"},"image":{"@id":"https:\/\/www.elementvape.de\/produkt\/elf-bar-airo-max-einweg-vape-5000-zuege\/#primaryimage"},"thumbnailUrl":"https:\/\/www.elementvape.de\/wp-content\/uploads\/2024\/05\/Elf-Bar-Airo-Max-Disposable-Vape-5000-puffs-9.jpg","datePublished":"2024-05-27T06:54:48+00:00","dateModified":"2024-09-12T10:31:37+00:00","description":"Wir bieten Elf Bar Airo Max Einweg-Vape 5000 Z\u00fcge , Elementvape.de akzeptieren Gro\u00df-und Einzelhandel Bestellungen.","breadcrumb":{"@id":"https:\/\/www.elementvape.de\/produkt\/elf-bar-airo-max-einweg-vape-5000-zuege\/#breadcrumb"},"inLanguage":"fr-FR","potentialAction":[{"@type":"ReadAction","target":["https:\/\/www.elementvape.de\/produkt\/elf-bar-airo-max-einweg-vape-5000-zuege\/"]}]},{"@type":"ImageObject","inLanguage":"fr-FR","@id":"https:\/\/www.elementvape.de\/produkt\/elf-bar-airo-max-einweg-vape-5000-zuege\/#primaryimage","url":"https:\/\/www.elementvape.de\/wp-content\/uploads\/2024\/05\/Elf-Bar-Airo-Max-Disposable-Vape-5000-puffs-9.jpg","contentUrl":"https:\/\/www.elementvape.de\/wp-content\/uploads\/2024\/05\/Elf-Bar-Airo-Max-Disposable-Vape-5000-puffs-9.jpg","width":800,"height":800,"caption":"Elf-Bar-Airo-Max-Disposable-Vape-5000-puffs-9"},{"@type":"BreadcrumbList","@id":"https:\/\/www.elementvape.de\/produkt\/elf-bar-airo-max-einweg-vape-5000-zuege\/#breadcrumb","itemListElement":[{"@type":"ListItem","position":1,"name":"Home","item":"https:\/\/www.elementvape.de\/"},{"@type":"ListItem","position":2,"name":"Shop","item":"https:\/\/www.elementvape.de\/shop\/"},{"@type":"ListItem","position":3,"name":"Elf Bar Airo Max Einweg-Vape 5000 Z\u00fcge"}]},{"@type":"WebSite","@id":"https:\/\/www.elementvape.de\/#website","url":"https:\/\/www.elementvape.de\/","name":"ElementVape.de","description":"","publisher":{"@id":"https:\/\/www.elementvape.de\/#organization"},"potentialAction":[{"@type":"SearchAction","target":{"@type":"EntryPoint","urlTemplate":"https:\/\/www.elementvape.de\/?s={search_term_string}"},"query-input":"required name=search_term_string"}],"inLanguage":"fr-FR"},{"@type":"Organization","@id":"https:\/\/www.elementvape.de\/#organization","name":"ElementVape.DE","url":"https:\/\/www.elementvape.de\/","logo":{"@type":"ImageObject","inLanguage":"fr-FR","@id":"https:\/\/www.elementvape.de\/#\/schema\/logo\/image\/","url":"https:\/\/www.elementvape.de\/wp-content\/uploads\/2024\/09\/cropped-1elementvape-3.png","contentUrl":"https:\/\/www.elementvape.de\/wp-content\/uploads\/2024\/09\/cropped-1elementvape-3.png","width":285,"height":228,"caption":"ElementVape.DE"},"image":{"@id":"https:\/\/www.elementvape.de\/#\/schema\/logo\/image\/"}}]}},"_links":{"self":[{"href":"https:\/\/www.elementvape.de\/fr\/wp-json\/wp\/v2\/product\/10807"}],"collection":[{"href":"https:\/\/www.elementvape.de\/fr\/wp-json\/wp\/v2\/product"}],"about":[{"href":"https:\/\/www.elementvape.de\/fr\/wp-json\/wp\/v2\/types\/product"}],"wp:featuredmedia":[{"embeddable":true,"href":"https:\/\/www.elementvape.de\/fr\/wp-json\/wp\/v2\/media\/10808"}],"wp:attachment":[{"href":"https:\/\/www.elementvape.de\/fr\/wp-json\/wp\/v2\/media?parent=10807"}],"wp:term":[{"taxonomy":"product_cat","embeddable":true,"href":"https:\/\/www.elementvape.de\/fr\/wp-json\/wp\/v2\/product_cat?post=10807"},{"taxonomy":"product_tag","embeddable":true,"href":"https:\/\/www.elementvape.de\/fr\/wp-json\/wp\/v2\/product_tag?post=10807"}],"curies":[{"name":"wp","href":"https:\/\/api.w.org\/{rel}","templated":true}]}}