{"id":10632,"date":"2024-05-25T08:44:43","date_gmt":"2024-05-25T08:44:43","guid":{"rendered":"https:\/\/www.elementvape.de\/?post_type=product&#038;p=10632"},"modified":"2024-09-12T10:31:42","modified_gmt":"2024-09-12T10:31:42","slug":"elf-bar-bc5000-einweg-vape-650mah-5000-zuege","status":"publish","type":"product","link":"https:\/\/www.elementvape.de\/fr\/produkt\/elf-bar-bc5000-einweg-vape-650mah-5000-zuege\/","title":{"rendered":"ELF BAR BC5000 Vape jetable 650mAh 5000 bouff\u00e9es"},"content":{"rendered":"<h2>Introduction :<\/h2>\n<p>Malgr\u00e9 sa taille extr\u00eamement compacte pour un transport facile, l'Elf Bar BC5000 poss\u00e8de une capacit\u00e9 \u00e9tonnante de 13 ml de e-liquide, ce qui est plus de quatre fois la capacit\u00e9 d'un e-liquide jetable ordinaire. Il dispose \u00e9galement d'une batterie impressionnante de 650 mAh, qui dure jusqu'\u00e0 5000 bouff\u00e9es par charge compl\u00e8te.<\/p>\n<p>Le BC5000 offre, avec son syst\u00e8me de chauffage \u00e0 double bobine avanc\u00e9 et l'inhalation MTL rapproch\u00e9e, qui imite parfaitement la sensation de fumer, une satisfaction gustative incroyablement uniforme. Avec plus de 45 saveurs d\u00e9licieuses dans des concentrations de nicotine de 5 %, 3 %, et 0 %, il r\u00e9pond vraiment \u00e0 toutes les pr\u00e9f\u00e9rences en mati\u00e8re de cigarettes \u00e9lectroniques, allant des fruits aux desserts, menthol, bonbons et plus encore.<\/p>\n<h3>Fonctionnalit\u00e9s mises en avant :<\/h3>\n<p>Taille : 79 mm x 41 mm x 19 mm<br \/>\nCapacit\u00e9 de e-liquide : 13 ml<br \/>\nNicotine : 50 mg (5 %)<br \/>\nCapacit\u00e9 de la batterie : 650 mAh<br \/>\nBouff\u00e9es : 5000 bouff\u00e9es<\/p>\n<p>Fraise Pina Colada \u2013 cocktail tropical de luxe<br \/>\nCe go\u00fbt semblable \u00e0 un smoothie est un \u00e9quilibre parfait entre la saveur sucr\u00e9e et m\u00fbre de la fraise \u00e0 l'inspiration et la texture soyeuse de l'ananas et de la noix de coco \u00e0 l'expiration. L'\u00e9l\u00e9ment de fraise sucr\u00e9e domine, tandis que les fruits tropicaux d'ananas et de noix de coco forment un fond cr\u00e9meux d\u00e9licieux. Cela offre une exp\u00e9rience de vapotage fruit\u00e9e et indulgente. La saveur de fraise est fra\u00eeche et juteuse, tandis que la noix de coco procure une sensation luxueuse.<\/p>\n<p>Elf Bar BC5000 Fraise Pina Colada<br \/>\nP\u00eache Mangue \u2013 saveur tropicale sucr\u00e9e<br \/>\nCe m\u00e9lange de jus est riche en p\u00eaches juteuses et en mangues m\u00fbres et vibrantes, parfaitement int\u00e9gr\u00e9es dans des saveurs tropicales fra\u00eeches et authentiques. La p\u00eache et la mangue se marient harmonieusement pour un plaisir fruit\u00e9 ultime. La fra\u00eecheur mod\u00e9r\u00e9e renforce et unifie les saveurs fruit\u00e9es sans les dominer. En r\u00e9sum\u00e9, c'est un vapotage incroyablement juteux, sucr\u00e9 et rafra\u00eechissant pour toute la journ\u00e9e. Mangue et p\u00eache sont parfaitement \u00e9quilibr\u00e9es pour cr\u00e9er une harmonie fruit\u00e9e id\u00e9ale.<\/p>\n<p>Elf Bar BC5000 P\u00eache Mangue<br \/>\nPast\u00e8que Cantaloupe Melon miel \u2013 compote de melon rafra\u00eechissante<br \/>\nCette compote de melon \u00e9voque parfaitement un m\u00e9lange de jus rafra\u00eechissant aux saveurs complexes de melon. Les saveurs sucr\u00e9es, am\u00e8res et l\u00e9g\u00e8rement acidul\u00e9es de melon miel, cantaloup et past\u00e8que se m\u00ealent pour cr\u00e9er un profil de saveur melon int\u00e9ressant. La fra\u00eecheur minimale permet aux nuances de chaque melon de s'exprimer pleinement. Une fusion fruit\u00e9e int\u00e9ressante et profond\u00e9ment satisfaisante. L'essence de melon frais est captur\u00e9e \u00e0 chaque bouff\u00e9e.<\/p>\n<p>Elf Bar BC5000 Past\u00e8que Cantaloupe Melon miel<br \/>\nAnanas Noix de coco Glace \u2013 vacances tropicales insulaires<br \/>\nLa douceur de l'ananas et l'acidit\u00e9 de la noix de coco se m\u00e9langent parfaitement pour vous offrir imm\u00e9diatement une sensation de vacances tropicales en vapotant. La fra\u00eecheur intense cr\u00e9e un contraste parfait avec le fruit et assure une finition \u00e9quilibr\u00e9e. Ce go\u00fbt est rafra\u00eechissant et addictif. Un v\u00e9ritable cocktail tropical en version vapeur. La noix de coco compl\u00e8te parfaitement la saveur de l'ananas.<\/p>\n<p>Elf Bar BC5000 Ananas-Coco Glace<br \/>\nCr\u00e8me de fraise \u2013 un dessert de baies \u00e9l\u00e9gant<br \/>\nCette cigarette \u00e9lectronique au go\u00fbt classique m\u00e9lange parfaitement des fraises m\u00fbres, juteuses et sucr\u00e9es avec une cr\u00e8me riche et douce, pour vous offrir une exp\u00e9rience de fraise et de cr\u00e8me plus douce et naturelle. Le go\u00fbt de fraise est riche et la cr\u00e8me est onctueuse. Lors de l'expiration, une touche de fra\u00eecheur est perceptible, renfor\u00e7ant l'ar\u00f4me de fraise. C'est une cigarette \u00e9lectronique agr\u00e9able et authentique avec un dessert de baies. Les deux saveurs sont extr\u00eamement naturelles et \u00e9quilibr\u00e9es.<\/p>\n<p>Elf Bar BC5000 Cr\u00e8me de fraise<br \/>\nAutres saveurs sp\u00e9ciales<br \/>\nBien que celles ci-dessus soient mes cinq saveurs pr\u00e9f\u00e9r\u00e9es, ces saveurs suppl\u00e9mentaires d'Elf Bar BC5000 se sont \u00e9galement r\u00e9v\u00e9l\u00e9es tr\u00e8s agr\u00e9ables et remarquables :<\/p>\n<p>Kiwi-Passiflore-Guave \u2013 Un trio agr\u00e9able de fruits tropicaux acidul\u00e9s, avec du kiwi \u00e0 l'inhalation et de la guave \u00e0 l'exhalation. Un go\u00fbt tr\u00e8s unique.<\/p>\n<p>Glace \u00e0 la p\u00eache \u2013 P\u00eaches sucr\u00e9es et juteuses associ\u00e9es \u00e0 une menthe fra\u00eeche pour une saveur rafra\u00eechissante. La menthe intensifie encore plus le go\u00fbt de p\u00eache juteuse.<\/p>\n<p>Glace \u00e0 la past\u00e8que \u2013 Le go\u00fbt sucr\u00e9 d'une past\u00e8que d'\u00e9t\u00e9 avec une touche de fra\u00eecheur. La combinaison embl\u00e9matique est parfaite.<\/p>\n<p>Melon-Ananas-Orange \u2013 Une fusion fruit\u00e9e \u00e9clatante avec le melon en vedette. Le melon apporte de la douceur, tandis que l'ananas et l'orange sont des garnitures.<\/p>\n<p>Strawzz \u2013 Une boisson gazeuse \u00e0 la fraise, semblable \u00e0 un bonbon. Si vous aimez le go\u00fbt sucr\u00e9 de la fraise, cette boisson vous rendra heureux.<\/p>\n<p>Jugement final<\/p>\n<h3>Avantages :<\/h3>\n<p>Capacit\u00e9 de liquide \u00e9lectronique extra-large pour une dur\u00e9e de vie plus longue de la cigarette \u00e9lectronique<br \/>\nBatterie rechargeable assurant 5 000 utilisations fiables<br \/>\nTechnologie de chauffage avanc\u00e9e pour des concentrations de saveur riches et constantes<br \/>\nActivation par inhalation sans complication<br \/>\nPlus de 45 saveurs avec diff\u00e9rentes forces de nicotine pour des variations infinies<br \/>\nTra\u00een\u00e9es \u00e9troites, pr\u00e9cises, semblables \u00e0 celles d'une cigarette<\/p>\n<h3>Inconv\u00e9nients :<\/h3>\n<p>Une heure de charge est plus longue que l'id\u00e9al<\/p>\n<p>Conclusion : Avec sa capacit\u00e9 \u00e9norme en e-liquide, ses performances satisfaisantes et ses saveurs riches, la Elf Bar BC5000 m\u00e9rite ma recommandation sans r\u00e9serve en tant que sommet actuel des cigarettes \u00e9lectroniques jetables. Elle offre sans effort l'exp\u00e9rience de cigarette \u00e9lectronique jetable la plus durable et la plus savoureuse que j'aie jamais connue.<\/p>\n<p>Bien que les pr\u00e9f\u00e9rences gustatives personnelles varient, d'apr\u00e8s mon exp\u00e9rience, le go\u00fbt de la BC5000, avec un m\u00e9lange de fruits tropicaux, est particuli\u00e8rement d\u00e9licieux. Pour les vapoteurs qui recherchent une exp\u00e9rience simple<\/p>","protected":false},"excerpt":{"rendered":"<p>Einf\u00fchrung\uff1a Trotz seiner extrem kompakten Gr\u00f6\u00dfe f\u00fcr einfachen Transport hat der Elf Bar BC5000 eine erstaunliche Kapazit\u00e4t von 13 ml E-Liquid, was mehr als viermal mehr ist als die Kapazit\u00e4t von gew\u00f6hnlichem Einweg-E-Liquid. Er hat au\u00dferdem einen beeindruckenden 650-mAh-Akku, der bis zu 5000 Mal pro voller Ladung h\u00e4lt. Der BC5000 bietet mit seinem fortschrittlichen Doppelspulen-Heizsystem [&hellip;]<\/p>","protected":false},"featured_media":10654,"template":"","meta":{"inline_featured_image":false},"product_cat":[78,750,737,736,749],"product_tag":[678],"tiered_pricing_type":"fixed","tiered_pricing_fixed_rules":[],"tiered_pricing_percentage_rules":[],"tiered_pricing_minimum":1,"_administrator_tiered_pricing_type":"fixed","_administrator_tiered_pricing_fixed_rules":[],"_editor_tiered_pricing_type":"fixed","_editor_tiered_pricing_fixed_rules":[],"_author_tiered_pricing_type":"fixed","_author_tiered_pricing_fixed_rules":[],"_contributor_tiered_pricing_type":"fixed","_contributor_tiered_pricing_fixed_rules":[],"_subscriber_tiered_pricing_type":"fixed","_subscriber_tiered_pricing_fixed_rules":[],"_customer_tiered_pricing_type":"fixed","_customer_tiered_pricing_fixed_rules":[],"_shop_manager_tiered_pricing_type":"fixed","_shop_manager_tiered_pricing_fixed_rules":[],"_wpseo_manager_tiered_pricing_type":"fixed","_wpseo_manager_tiered_pricing_fixed_rules":[],"_wpseo_editor_tiered_pricing_type":"fixed","_wpseo_editor_tiered_pricing_fixed_rules":[],"_wholesale_customer_tiered_pricing_type":"fixed","_wholesale_customer_tiered_pricing_fixed_rules":[],"_marketer_tiered_pricing_type":"fixed","_marketer_tiered_pricing_fixed_rules":[],"_sales_manager_tiered_pricing_type":"fixed","_sales_manager_tiered_pricing_fixed_rules":[],"_sales_rep_tiered_pricing_type":"fixed","_sales_rep_tiered_pricing_fixed_rules":[],"yoast_head":"<!-- This site is optimized with the Yoast SEO plugin v23.3 - https:\/\/yoast.com\/wordpress\/plugins\/seo\/ -->\n<title>ELF BAR BC5000 Einweg Vape 650mAh 5000 Z\u00fcge | ElementVape.de<\/title>\n<meta name=\"description\" content=\"Wir bieten ELF BAR BC5000 Einweg Vape 650mAh 5000 Z\u00fcge , Elementvape.de akzeptieren Gro\u00df-und Einzelhandel Bestellungen.\" \/>\n<meta name=\"robots\" content=\"index, follow, max-snippet:-1, max-image-preview:large, max-video-preview:-1\" \/>\n<link rel=\"canonical\" href=\"https:\/\/www.elementvape.de\/fr\/produkt\/elf-bar-bc5000-einweg-vape-650mah-5000-zuege\/\" \/>\n<meta property=\"og:locale\" content=\"fr_FR\" \/>\n<meta property=\"og:type\" content=\"article\" \/>\n<meta property=\"og:title\" content=\"ELF BAR BC5000 Einweg Vape 650mAh 5000 Z\u00fcge | ElementVape.de\" \/>\n<meta property=\"og:description\" content=\"Wir bieten ELF BAR BC5000 Einweg Vape 650mAh 5000 Z\u00fcge , Elementvape.de akzeptieren Gro\u00df-und Einzelhandel Bestellungen.\" \/>\n<meta property=\"og:url\" content=\"https:\/\/www.elementvape.de\/fr\/produkt\/elf-bar-bc5000-einweg-vape-650mah-5000-zuege\/\" \/>\n<meta property=\"og:site_name\" content=\"ElementVape.de\" \/>\n<meta property=\"article:modified_time\" content=\"2024-09-12T10:31:42+00:00\" \/>\n<meta property=\"og:image\" content=\"https:\/\/www.elementvape.de\/wp-content\/uploads\/2024\/05\/ELF-BAR-BC5000-Disposable-Vape-650mAh-5000-Puffs-863583.webp\" \/>\n\t<meta property=\"og:image:width\" content=\"600\" \/>\n\t<meta property=\"og:image:height\" content=\"600\" \/>\n\t<meta property=\"og:image:type\" content=\"image\/webp\" \/>\n<meta name=\"twitter:card\" content=\"summary_large_image\" \/>\n<meta name=\"twitter:label1\" content=\"Est. reading time\" \/>\n\t<meta name=\"twitter:data1\" content=\"5 minutes\" \/>\n<script type=\"application\/ld+json\" class=\"yoast-schema-graph\">{\"@context\":\"https:\/\/schema.org\",\"@graph\":[{\"@type\":\"WebPage\",\"@id\":\"https:\/\/www.elementvape.de\/produkt\/elf-bar-bc5000-einweg-vape-650mah-5000-zuege\/\",\"url\":\"https:\/\/www.elementvape.de\/produkt\/elf-bar-bc5000-einweg-vape-650mah-5000-zuege\/\",\"name\":\"ELF BAR BC5000 Einweg Vape 650mAh 5000 Z\u00fcge | ElementVape.de\",\"isPartOf\":{\"@id\":\"https:\/\/www.elementvape.de\/#website\"},\"primaryImageOfPage\":{\"@id\":\"https:\/\/www.elementvape.de\/produkt\/elf-bar-bc5000-einweg-vape-650mah-5000-zuege\/#primaryimage\"},\"image\":{\"@id\":\"https:\/\/www.elementvape.de\/produkt\/elf-bar-bc5000-einweg-vape-650mah-5000-zuege\/#primaryimage\"},\"thumbnailUrl\":\"https:\/\/www.elementvape.de\/wp-content\/uploads\/2024\/05\/ELF-BAR-BC5000-Disposable-Vape-650mAh-5000-Puffs-863583.webp\",\"datePublished\":\"2024-05-25T08:44:43+00:00\",\"dateModified\":\"2024-09-12T10:31:42+00:00\",\"description\":\"Wir bieten ELF BAR BC5000 Einweg Vape 650mAh 5000 Z\u00fcge , Elementvape.de akzeptieren Gro\u00df-und Einzelhandel Bestellungen.\",\"breadcrumb\":{\"@id\":\"https:\/\/www.elementvape.de\/produkt\/elf-bar-bc5000-einweg-vape-650mah-5000-zuege\/#breadcrumb\"},\"inLanguage\":\"fr-FR\",\"potentialAction\":[{\"@type\":\"ReadAction\",\"target\":[\"https:\/\/www.elementvape.de\/produkt\/elf-bar-bc5000-einweg-vape-650mah-5000-zuege\/\"]}]},{\"@type\":\"ImageObject\",\"inLanguage\":\"fr-FR\",\"@id\":\"https:\/\/www.elementvape.de\/produkt\/elf-bar-bc5000-einweg-vape-650mah-5000-zuege\/#primaryimage\",\"url\":\"https:\/\/www.elementvape.de\/wp-content\/uploads\/2024\/05\/ELF-BAR-BC5000-Disposable-Vape-650mAh-5000-Puffs-863583.webp\",\"contentUrl\":\"https:\/\/www.elementvape.de\/wp-content\/uploads\/2024\/05\/ELF-BAR-BC5000-Disposable-Vape-650mAh-5000-Puffs-863583.webp\",\"width\":600,\"height\":600,\"caption\":\"ELF-BAR-BC5000-Disposable-Vape-650mAh-5000-Puffs-863583\"},{\"@type\":\"BreadcrumbList\",\"@id\":\"https:\/\/www.elementvape.de\/produkt\/elf-bar-bc5000-einweg-vape-650mah-5000-zuege\/#breadcrumb\",\"itemListElement\":[{\"@type\":\"ListItem\",\"position\":1,\"name\":\"Home\",\"item\":\"https:\/\/www.elementvape.de\/\"},{\"@type\":\"ListItem\",\"position\":2,\"name\":\"Shop\",\"item\":\"https:\/\/www.elementvape.de\/shop\/\"},{\"@type\":\"ListItem\",\"position\":3,\"name\":\"ELF BAR BC5000 Einweg Vape 650mAh 5000 Z\u00fcge\"}]},{\"@type\":\"WebSite\",\"@id\":\"https:\/\/www.elementvape.de\/#website\",\"url\":\"https:\/\/www.elementvape.de\/\",\"name\":\"ElementVape.de\",\"description\":\"\",\"publisher\":{\"@id\":\"https:\/\/www.elementvape.de\/#organization\"},\"potentialAction\":[{\"@type\":\"SearchAction\",\"target\":{\"@type\":\"EntryPoint\",\"urlTemplate\":\"https:\/\/www.elementvape.de\/?s={search_term_string}\"},\"query-input\":\"required name=search_term_string\"}],\"inLanguage\":\"fr-FR\"},{\"@type\":\"Organization\",\"@id\":\"https:\/\/www.elementvape.de\/#organization\",\"name\":\"ElementVape.DE\",\"url\":\"https:\/\/www.elementvape.de\/\",\"logo\":{\"@type\":\"ImageObject\",\"inLanguage\":\"fr-FR\",\"@id\":\"https:\/\/www.elementvape.de\/#\/schema\/logo\/image\/\",\"url\":\"https:\/\/www.elementvape.de\/wp-content\/uploads\/2024\/09\/cropped-1elementvape-3.png\",\"contentUrl\":\"https:\/\/www.elementvape.de\/wp-content\/uploads\/2024\/09\/cropped-1elementvape-3.png\",\"width\":285,\"height\":228,\"caption\":\"ElementVape.DE\"},\"image\":{\"@id\":\"https:\/\/www.elementvape.de\/#\/schema\/logo\/image\/\"}}]}<\/script>\n<!-- \/ Yoast SEO plugin. -->","yoast_head_json":{"title":"ELF BAR BC5000 Einweg Vape 650mAh 5000 Z\u00fcge | ElementVape.de","description":"Wir bieten ELF BAR BC5000 Einweg Vape 650mAh 5000 Z\u00fcge , Elementvape.de akzeptieren Gro\u00df-und Einzelhandel Bestellungen.","robots":{"index":"index","follow":"follow","max-snippet":"max-snippet:-1","max-image-preview":"max-image-preview:large","max-video-preview":"max-video-preview:-1"},"canonical":"https:\/\/www.elementvape.de\/fr\/produkt\/elf-bar-bc5000-einweg-vape-650mah-5000-zuege\/","og_locale":"fr_FR","og_type":"article","og_title":"ELF BAR BC5000 Einweg Vape 650mAh 5000 Z\u00fcge | ElementVape.de","og_description":"Wir bieten ELF BAR BC5000 Einweg Vape 650mAh 5000 Z\u00fcge , Elementvape.de akzeptieren Gro\u00df-und Einzelhandel Bestellungen.","og_url":"https:\/\/www.elementvape.de\/fr\/produkt\/elf-bar-bc5000-einweg-vape-650mah-5000-zuege\/","og_site_name":"ElementVape.de","article_modified_time":"2024-09-12T10:31:42+00:00","og_image":[{"width":600,"height":600,"url":"https:\/\/www.elementvape.de\/wp-content\/uploads\/2024\/05\/ELF-BAR-BC5000-Disposable-Vape-650mAh-5000-Puffs-863583.webp","type":"image\/webp"}],"twitter_card":"summary_large_image","twitter_misc":{"Est. reading time":"5 minutes"},"schema":{"@context":"https:\/\/schema.org","@graph":[{"@type":"WebPage","@id":"https:\/\/www.elementvape.de\/produkt\/elf-bar-bc5000-einweg-vape-650mah-5000-zuege\/","url":"https:\/\/www.elementvape.de\/produkt\/elf-bar-bc5000-einweg-vape-650mah-5000-zuege\/","name":"ELF BAR BC5000 Einweg Vape 650mAh 5000 Z\u00fcge | ElementVape.de","isPartOf":{"@id":"https:\/\/www.elementvape.de\/#website"},"primaryImageOfPage":{"@id":"https:\/\/www.elementvape.de\/produkt\/elf-bar-bc5000-einweg-vape-650mah-5000-zuege\/#primaryimage"},"image":{"@id":"https:\/\/www.elementvape.de\/produkt\/elf-bar-bc5000-einweg-vape-650mah-5000-zuege\/#primaryimage"},"thumbnailUrl":"https:\/\/www.elementvape.de\/wp-content\/uploads\/2024\/05\/ELF-BAR-BC5000-Disposable-Vape-650mAh-5000-Puffs-863583.webp","datePublished":"2024-05-25T08:44:43+00:00","dateModified":"2024-09-12T10:31:42+00:00","description":"Wir bieten ELF BAR BC5000 Einweg Vape 650mAh 5000 Z\u00fcge , Elementvape.de akzeptieren Gro\u00df-und Einzelhandel Bestellungen.","breadcrumb":{"@id":"https:\/\/www.elementvape.de\/produkt\/elf-bar-bc5000-einweg-vape-650mah-5000-zuege\/#breadcrumb"},"inLanguage":"fr-FR","potentialAction":[{"@type":"ReadAction","target":["https:\/\/www.elementvape.de\/produkt\/elf-bar-bc5000-einweg-vape-650mah-5000-zuege\/"]}]},{"@type":"ImageObject","inLanguage":"fr-FR","@id":"https:\/\/www.elementvape.de\/produkt\/elf-bar-bc5000-einweg-vape-650mah-5000-zuege\/#primaryimage","url":"https:\/\/www.elementvape.de\/wp-content\/uploads\/2024\/05\/ELF-BAR-BC5000-Disposable-Vape-650mAh-5000-Puffs-863583.webp","contentUrl":"https:\/\/www.elementvape.de\/wp-content\/uploads\/2024\/05\/ELF-BAR-BC5000-Disposable-Vape-650mAh-5000-Puffs-863583.webp","width":600,"height":600,"caption":"ELF-BAR-BC5000-Disposable-Vape-650mAh-5000-Puffs-863583"},{"@type":"BreadcrumbList","@id":"https:\/\/www.elementvape.de\/produkt\/elf-bar-bc5000-einweg-vape-650mah-5000-zuege\/#breadcrumb","itemListElement":[{"@type":"ListItem","position":1,"name":"Home","item":"https:\/\/www.elementvape.de\/"},{"@type":"ListItem","position":2,"name":"Shop","item":"https:\/\/www.elementvape.de\/shop\/"},{"@type":"ListItem","position":3,"name":"ELF BAR BC5000 Einweg Vape 650mAh 5000 Z\u00fcge"}]},{"@type":"WebSite","@id":"https:\/\/www.elementvape.de\/#website","url":"https:\/\/www.elementvape.de\/","name":"ElementVape.de","description":"","publisher":{"@id":"https:\/\/www.elementvape.de\/#organization"},"potentialAction":[{"@type":"SearchAction","target":{"@type":"EntryPoint","urlTemplate":"https:\/\/www.elementvape.de\/?s={search_term_string}"},"query-input":"required name=search_term_string"}],"inLanguage":"fr-FR"},{"@type":"Organization","@id":"https:\/\/www.elementvape.de\/#organization","name":"ElementVape.DE","url":"https:\/\/www.elementvape.de\/","logo":{"@type":"ImageObject","inLanguage":"fr-FR","@id":"https:\/\/www.elementvape.de\/#\/schema\/logo\/image\/","url":"https:\/\/www.elementvape.de\/wp-content\/uploads\/2024\/09\/cropped-1elementvape-3.png","contentUrl":"https:\/\/www.elementvape.de\/wp-content\/uploads\/2024\/09\/cropped-1elementvape-3.png","width":285,"height":228,"caption":"ElementVape.DE"},"image":{"@id":"https:\/\/www.elementvape.de\/#\/schema\/logo\/image\/"}}]}},"_links":{"self":[{"href":"https:\/\/www.elementvape.de\/fr\/wp-json\/wp\/v2\/product\/10632"}],"collection":[{"href":"https:\/\/www.elementvape.de\/fr\/wp-json\/wp\/v2\/product"}],"about":[{"href":"https:\/\/www.elementvape.de\/fr\/wp-json\/wp\/v2\/types\/product"}],"wp:featuredmedia":[{"embeddable":true,"href":"https:\/\/www.elementvape.de\/fr\/wp-json\/wp\/v2\/media\/10654"}],"wp:attachment":[{"href":"https:\/\/www.elementvape.de\/fr\/wp-json\/wp\/v2\/media?parent=10632"}],"wp:term":[{"taxonomy":"product_cat","embeddable":true,"href":"https:\/\/www.elementvape.de\/fr\/wp-json\/wp\/v2\/product_cat?post=10632"},{"taxonomy":"product_tag","embeddable":true,"href":"https:\/\/www.elementvape.de\/fr\/wp-json\/wp\/v2\/product_tag?post=10632"}],"curies":[{"name":"wp","href":"https:\/\/api.w.org\/{rel}","templated":true}]}}