{"id":10609,"date":"2024-05-25T08:09:09","date_gmt":"2024-05-25T08:09:09","guid":{"rendered":"https:\/\/www.elementvape.de\/?post_type=product&#038;p=10609"},"modified":"2024-09-12T10:31:43","modified_gmt":"2024-09-12T10:31:43","slug":"elf-bar-edition-6000-einweg-vape-6000-zuege","status":"publish","type":"product","link":"https:\/\/www.elementvape.de\/fr\/produkt\/elf-bar-edition-6000-einweg-vape-6000-zuege\/","title":{"rendered":"Elf Bar Edition 6000 Vape jetable 6000 bouff\u00e9es"},"content":{"rendered":"<div class=\"card__header\">\n<h2 class=\"card__title heading h3\"><span>Description<\/span><\/h2>\n<\/div>\n<div class=\"card__section\">\n<div class=\"rte text--pull\"><span>L'Elf Bar Edition 6000 Vape Jetable est un appareil fiable avec une batterie de 650 mAh et une teneur en nicotine de 5 % (50 mg). Sa capacit\u00e9 de 12 ml permet jusqu'\u00e0 6000 bouff\u00e9es, tandis que sa r\u00e9sistance en mesh et l'activation par tirage garantissent une exp\u00e9rience de vapotage rapide et homog\u00e8ne. La recharge est simple avec le port USB-C. Cet appareil offre confort et fiabilit\u00e9 en un seul!<\/span><\/p>\n<h3><span>Param\u00e8tres :<\/span><\/h3>\n<p><span>Capacit\u00e9 : 12 ml<\/span><br \/>\n<span>Batterie : 650 mAh<\/span><br \/>\n<span>Teneur en nicotine : 5 % (50 mg)<\/span><br \/>\n<span>Bouff\u00e9es : 6000<\/span><br \/>\n<span>\u00c9l\u00e9ment chauffant : R\u00e9sistance en mesh<\/span><br \/>\n<span>Activation : Par tirage<\/span><br \/>\n<span>Recharge : Port USB-C<\/span><\/p>\n<h3><span>Ar\u00f4mes:<\/span><\/h3>\n<p><span>Razz Bleu<\/span><br \/>\n<span>Mangue Glac\u00e9e<\/span><br \/>\n<span>Menthe verte<\/span><br \/>\n<span>Fraise Kiwi<\/span><br \/>\n<span>Punch tropical<\/span><br \/>\n<span>P\u00eache Mangue Ananas<\/span><br \/>\n<span>Canneberge Raisin<\/span><br \/>\n<span>Fruit de la passion Orange Goyave<\/span><br \/>\n<span>P\u00eache Mangue Past\u00e8que<\/span><br \/>\n<span>Paradise Pina<\/span><br \/>\n<span>Bonbon Arc-en-ciel<\/span><br \/>\n<span>Fraise Banane<\/span><br \/>\n<span>Givr\u00e9 aux Trois Baies<\/span><br \/>\n<span>Past\u00e8que Bubblegum<\/span><br \/>\n<span>Past\u00e8que Cantaloupe Melon miel<\/span><\/p>\n<h3><span>Liste de packing :<\/span><\/h3>\n<p><span>1 x Elf Bar Edition 6000 Vape Jetable, 6000 bouff\u00e9es<\/span><\/div>\n<\/div>","protected":false},"excerpt":{"rendered":"<p>Beschreibung Der Elf Bar Edition 6000 Disposable Vape ist ein zuverl\u00e4ssiges Ger\u00e4t mit einem 650-mAh-Akku und einem Nikotingehalt von 5 % (50 mg). Seine Kapazit\u00e4t von 12 ml ergibt bis zu 6000 Z\u00fcge, w\u00e4hrend seine Mesh-Spule und die durch Ziehen aktivierte Z\u00fcndung ein schnelles, gleichm\u00e4\u00dfiges Heizerlebnis garantieren. Das Aufladen ist mit dem Typ-C-Anschluss ganz einfach. [&hellip;]<\/p>","protected":false},"featured_media":10625,"template":"","meta":{"inline_featured_image":false},"product_cat":[78,750,737,736,749],"product_tag":[680],"tiered_pricing_type":"fixed","tiered_pricing_fixed_rules":[],"tiered_pricing_percentage_rules":[],"tiered_pricing_minimum":1,"_administrator_tiered_pricing_type":"fixed","_administrator_tiered_pricing_fixed_rules":[],"_editor_tiered_pricing_type":"fixed","_editor_tiered_pricing_fixed_rules":[],"_author_tiered_pricing_type":"fixed","_author_tiered_pricing_fixed_rules":[],"_contributor_tiered_pricing_type":"fixed","_contributor_tiered_pricing_fixed_rules":[],"_subscriber_tiered_pricing_type":"fixed","_subscriber_tiered_pricing_fixed_rules":[],"_customer_tiered_pricing_type":"fixed","_customer_tiered_pricing_fixed_rules":[],"_shop_manager_tiered_pricing_type":"fixed","_shop_manager_tiered_pricing_fixed_rules":[],"_wpseo_manager_tiered_pricing_type":"fixed","_wpseo_manager_tiered_pricing_fixed_rules":[],"_wpseo_editor_tiered_pricing_type":"fixed","_wpseo_editor_tiered_pricing_fixed_rules":[],"_wholesale_customer_tiered_pricing_type":"fixed","_wholesale_customer_tiered_pricing_fixed_rules":[],"_marketer_tiered_pricing_type":"fixed","_marketer_tiered_pricing_fixed_rules":[],"_sales_manager_tiered_pricing_type":"fixed","_sales_manager_tiered_pricing_fixed_rules":[],"_sales_rep_tiered_pricing_type":"fixed","_sales_rep_tiered_pricing_fixed_rules":[],"yoast_head":"<!-- This site is optimized with the Yoast SEO plugin v23.3 - https:\/\/yoast.com\/wordpress\/plugins\/seo\/ -->\n<title>Elf Bar Edition 6000 Einweg-Vape 6000 Z\u00fcge | ElementVape.de<\/title>\n<meta name=\"description\" content=\"Wir bieten Elf Bar Edition 6000 Einweg-Vape 6000 Z\u00fcge , Elementvape.de akzeptieren Gro\u00df-und Einzelhandel Bestellungen.\" \/>\n<meta name=\"robots\" content=\"index, follow, max-snippet:-1, max-image-preview:large, max-video-preview:-1\" \/>\n<link rel=\"canonical\" href=\"https:\/\/www.elementvape.de\/fr\/produkt\/elf-bar-edition-6000-einweg-vape-6000-zuege\/\" \/>\n<meta property=\"og:locale\" content=\"fr_FR\" \/>\n<meta property=\"og:type\" content=\"article\" \/>\n<meta property=\"og:title\" content=\"Elf Bar Edition 6000 Einweg-Vape 6000 Z\u00fcge | ElementVape.de\" \/>\n<meta property=\"og:description\" content=\"Wir bieten Elf Bar Edition 6000 Einweg-Vape 6000 Z\u00fcge , Elementvape.de akzeptieren Gro\u00df-und Einzelhandel Bestellungen.\" \/>\n<meta property=\"og:url\" content=\"https:\/\/www.elementvape.de\/fr\/produkt\/elf-bar-edition-6000-einweg-vape-6000-zuege\/\" \/>\n<meta property=\"og:site_name\" content=\"ElementVape.de\" \/>\n<meta property=\"article:modified_time\" content=\"2024-09-12T10:31:43+00:00\" \/>\n<meta property=\"og:image\" content=\"https:\/\/www.elementvape.de\/wp-content\/uploads\/2024\/05\/Elf-Bar-Edition-6000-Disposable-Vape.jpg\" \/>\n\t<meta property=\"og:image:width\" content=\"800\" \/>\n\t<meta property=\"og:image:height\" content=\"800\" \/>\n\t<meta property=\"og:image:type\" content=\"image\/jpeg\" \/>\n<meta name=\"twitter:card\" content=\"summary_large_image\" \/>\n<meta name=\"twitter:label1\" content=\"Est. reading time\" \/>\n\t<meta name=\"twitter:data1\" content=\"1 minute\" \/>\n<script type=\"application\/ld+json\" class=\"yoast-schema-graph\">{\"@context\":\"https:\/\/schema.org\",\"@graph\":[{\"@type\":\"WebPage\",\"@id\":\"https:\/\/www.elementvape.de\/produkt\/elf-bar-edition-6000-einweg-vape-6000-zuege\/\",\"url\":\"https:\/\/www.elementvape.de\/produkt\/elf-bar-edition-6000-einweg-vape-6000-zuege\/\",\"name\":\"Elf Bar Edition 6000 Einweg-Vape 6000 Z\u00fcge | ElementVape.de\",\"isPartOf\":{\"@id\":\"https:\/\/www.elementvape.de\/#website\"},\"primaryImageOfPage\":{\"@id\":\"https:\/\/www.elementvape.de\/produkt\/elf-bar-edition-6000-einweg-vape-6000-zuege\/#primaryimage\"},\"image\":{\"@id\":\"https:\/\/www.elementvape.de\/produkt\/elf-bar-edition-6000-einweg-vape-6000-zuege\/#primaryimage\"},\"thumbnailUrl\":\"https:\/\/www.elementvape.de\/wp-content\/uploads\/2024\/05\/Elf-Bar-Edition-6000-Disposable-Vape.jpg\",\"datePublished\":\"2024-05-25T08:09:09+00:00\",\"dateModified\":\"2024-09-12T10:31:43+00:00\",\"description\":\"Wir bieten Elf Bar Edition 6000 Einweg-Vape 6000 Z\u00fcge , Elementvape.de akzeptieren Gro\u00df-und Einzelhandel Bestellungen.\",\"breadcrumb\":{\"@id\":\"https:\/\/www.elementvape.de\/produkt\/elf-bar-edition-6000-einweg-vape-6000-zuege\/#breadcrumb\"},\"inLanguage\":\"fr-FR\",\"potentialAction\":[{\"@type\":\"ReadAction\",\"target\":[\"https:\/\/www.elementvape.de\/produkt\/elf-bar-edition-6000-einweg-vape-6000-zuege\/\"]}]},{\"@type\":\"ImageObject\",\"inLanguage\":\"fr-FR\",\"@id\":\"https:\/\/www.elementvape.de\/produkt\/elf-bar-edition-6000-einweg-vape-6000-zuege\/#primaryimage\",\"url\":\"https:\/\/www.elementvape.de\/wp-content\/uploads\/2024\/05\/Elf-Bar-Edition-6000-Disposable-Vape.jpg\",\"contentUrl\":\"https:\/\/www.elementvape.de\/wp-content\/uploads\/2024\/05\/Elf-Bar-Edition-6000-Disposable-Vape.jpg\",\"width\":800,\"height\":800,\"caption\":\"Elf-Bar-Edition-6000-Disposable-Vape\"},{\"@type\":\"BreadcrumbList\",\"@id\":\"https:\/\/www.elementvape.de\/produkt\/elf-bar-edition-6000-einweg-vape-6000-zuege\/#breadcrumb\",\"itemListElement\":[{\"@type\":\"ListItem\",\"position\":1,\"name\":\"Home\",\"item\":\"https:\/\/www.elementvape.de\/\"},{\"@type\":\"ListItem\",\"position\":2,\"name\":\"Shop\",\"item\":\"https:\/\/www.elementvape.de\/shop\/\"},{\"@type\":\"ListItem\",\"position\":3,\"name\":\"Elf Bar Edition 6000 Einweg-Vape 6000 Z\u00fcge\"}]},{\"@type\":\"WebSite\",\"@id\":\"https:\/\/www.elementvape.de\/#website\",\"url\":\"https:\/\/www.elementvape.de\/\",\"name\":\"ElementVape.de\",\"description\":\"\",\"publisher\":{\"@id\":\"https:\/\/www.elementvape.de\/#organization\"},\"potentialAction\":[{\"@type\":\"SearchAction\",\"target\":{\"@type\":\"EntryPoint\",\"urlTemplate\":\"https:\/\/www.elementvape.de\/?s={search_term_string}\"},\"query-input\":\"required name=search_term_string\"}],\"inLanguage\":\"fr-FR\"},{\"@type\":\"Organization\",\"@id\":\"https:\/\/www.elementvape.de\/#organization\",\"name\":\"ElementVape.DE\",\"url\":\"https:\/\/www.elementvape.de\/\",\"logo\":{\"@type\":\"ImageObject\",\"inLanguage\":\"fr-FR\",\"@id\":\"https:\/\/www.elementvape.de\/#\/schema\/logo\/image\/\",\"url\":\"https:\/\/www.elementvape.de\/wp-content\/uploads\/2024\/09\/cropped-1elementvape-3.png\",\"contentUrl\":\"https:\/\/www.elementvape.de\/wp-content\/uploads\/2024\/09\/cropped-1elementvape-3.png\",\"width\":285,\"height\":228,\"caption\":\"ElementVape.DE\"},\"image\":{\"@id\":\"https:\/\/www.elementvape.de\/#\/schema\/logo\/image\/\"}}]}<\/script>\n<!-- \/ Yoast SEO plugin. -->","yoast_head_json":{"title":"Elf Bar Edition 6000 Einweg-Vape 6000 Z\u00fcge | ElementVape.de","description":"Wir bieten Elf Bar Edition 6000 Einweg-Vape 6000 Z\u00fcge , Elementvape.de akzeptieren Gro\u00df-und Einzelhandel Bestellungen.","robots":{"index":"index","follow":"follow","max-snippet":"max-snippet:-1","max-image-preview":"max-image-preview:large","max-video-preview":"max-video-preview:-1"},"canonical":"https:\/\/www.elementvape.de\/fr\/produkt\/elf-bar-edition-6000-einweg-vape-6000-zuege\/","og_locale":"fr_FR","og_type":"article","og_title":"Elf Bar Edition 6000 Einweg-Vape 6000 Z\u00fcge | ElementVape.de","og_description":"Wir bieten Elf Bar Edition 6000 Einweg-Vape 6000 Z\u00fcge , Elementvape.de akzeptieren Gro\u00df-und Einzelhandel Bestellungen.","og_url":"https:\/\/www.elementvape.de\/fr\/produkt\/elf-bar-edition-6000-einweg-vape-6000-zuege\/","og_site_name":"ElementVape.de","article_modified_time":"2024-09-12T10:31:43+00:00","og_image":[{"width":800,"height":800,"url":"https:\/\/www.elementvape.de\/wp-content\/uploads\/2024\/05\/Elf-Bar-Edition-6000-Disposable-Vape.jpg","type":"image\/jpeg"}],"twitter_card":"summary_large_image","twitter_misc":{"Est. reading time":"1 minute"},"schema":{"@context":"https:\/\/schema.org","@graph":[{"@type":"WebPage","@id":"https:\/\/www.elementvape.de\/produkt\/elf-bar-edition-6000-einweg-vape-6000-zuege\/","url":"https:\/\/www.elementvape.de\/produkt\/elf-bar-edition-6000-einweg-vape-6000-zuege\/","name":"Elf Bar Edition 6000 Einweg-Vape 6000 Z\u00fcge | ElementVape.de","isPartOf":{"@id":"https:\/\/www.elementvape.de\/#website"},"primaryImageOfPage":{"@id":"https:\/\/www.elementvape.de\/produkt\/elf-bar-edition-6000-einweg-vape-6000-zuege\/#primaryimage"},"image":{"@id":"https:\/\/www.elementvape.de\/produkt\/elf-bar-edition-6000-einweg-vape-6000-zuege\/#primaryimage"},"thumbnailUrl":"https:\/\/www.elementvape.de\/wp-content\/uploads\/2024\/05\/Elf-Bar-Edition-6000-Disposable-Vape.jpg","datePublished":"2024-05-25T08:09:09+00:00","dateModified":"2024-09-12T10:31:43+00:00","description":"Wir bieten Elf Bar Edition 6000 Einweg-Vape 6000 Z\u00fcge , Elementvape.de akzeptieren Gro\u00df-und Einzelhandel Bestellungen.","breadcrumb":{"@id":"https:\/\/www.elementvape.de\/produkt\/elf-bar-edition-6000-einweg-vape-6000-zuege\/#breadcrumb"},"inLanguage":"fr-FR","potentialAction":[{"@type":"ReadAction","target":["https:\/\/www.elementvape.de\/produkt\/elf-bar-edition-6000-einweg-vape-6000-zuege\/"]}]},{"@type":"ImageObject","inLanguage":"fr-FR","@id":"https:\/\/www.elementvape.de\/produkt\/elf-bar-edition-6000-einweg-vape-6000-zuege\/#primaryimage","url":"https:\/\/www.elementvape.de\/wp-content\/uploads\/2024\/05\/Elf-Bar-Edition-6000-Disposable-Vape.jpg","contentUrl":"https:\/\/www.elementvape.de\/wp-content\/uploads\/2024\/05\/Elf-Bar-Edition-6000-Disposable-Vape.jpg","width":800,"height":800,"caption":"Elf-Bar-Edition-6000-Disposable-Vape"},{"@type":"BreadcrumbList","@id":"https:\/\/www.elementvape.de\/produkt\/elf-bar-edition-6000-einweg-vape-6000-zuege\/#breadcrumb","itemListElement":[{"@type":"ListItem","position":1,"name":"Home","item":"https:\/\/www.elementvape.de\/"},{"@type":"ListItem","position":2,"name":"Shop","item":"https:\/\/www.elementvape.de\/shop\/"},{"@type":"ListItem","position":3,"name":"Elf Bar Edition 6000 Einweg-Vape 6000 Z\u00fcge"}]},{"@type":"WebSite","@id":"https:\/\/www.elementvape.de\/#website","url":"https:\/\/www.elementvape.de\/","name":"ElementVape.de","description":"","publisher":{"@id":"https:\/\/www.elementvape.de\/#organization"},"potentialAction":[{"@type":"SearchAction","target":{"@type":"EntryPoint","urlTemplate":"https:\/\/www.elementvape.de\/?s={search_term_string}"},"query-input":"required name=search_term_string"}],"inLanguage":"fr-FR"},{"@type":"Organization","@id":"https:\/\/www.elementvape.de\/#organization","name":"ElementVape.DE","url":"https:\/\/www.elementvape.de\/","logo":{"@type":"ImageObject","inLanguage":"fr-FR","@id":"https:\/\/www.elementvape.de\/#\/schema\/logo\/image\/","url":"https:\/\/www.elementvape.de\/wp-content\/uploads\/2024\/09\/cropped-1elementvape-3.png","contentUrl":"https:\/\/www.elementvape.de\/wp-content\/uploads\/2024\/09\/cropped-1elementvape-3.png","width":285,"height":228,"caption":"ElementVape.DE"},"image":{"@id":"https:\/\/www.elementvape.de\/#\/schema\/logo\/image\/"}}]}},"_links":{"self":[{"href":"https:\/\/www.elementvape.de\/fr\/wp-json\/wp\/v2\/product\/10609"}],"collection":[{"href":"https:\/\/www.elementvape.de\/fr\/wp-json\/wp\/v2\/product"}],"about":[{"href":"https:\/\/www.elementvape.de\/fr\/wp-json\/wp\/v2\/types\/product"}],"wp:featuredmedia":[{"embeddable":true,"href":"https:\/\/www.elementvape.de\/fr\/wp-json\/wp\/v2\/media\/10625"}],"wp:attachment":[{"href":"https:\/\/www.elementvape.de\/fr\/wp-json\/wp\/v2\/media?parent=10609"}],"wp:term":[{"taxonomy":"product_cat","embeddable":true,"href":"https:\/\/www.elementvape.de\/fr\/wp-json\/wp\/v2\/product_cat?post=10609"},{"taxonomy":"product_tag","embeddable":true,"href":"https:\/\/www.elementvape.de\/fr\/wp-json\/wp\/v2\/product_tag?post=10609"}],"curies":[{"name":"wp","href":"https:\/\/api.w.org\/{rel}","templated":true}]}}