{"id":10363,"date":"2024-05-07T09:37:52","date_gmt":"2024-05-07T09:37:52","guid":{"rendered":"https:\/\/www.elementvape.de\/?post_type=product&#038;p=10363"},"modified":"2024-09-12T10:31:47","modified_gmt":"2024-09-12T10:31:47","slug":"randm-tornado-10000-einweg-vape-10000-zuege","status":"publish","type":"product","link":"https:\/\/www.elementvape.de\/fr\/produkt\/randm-tornado-10000-einweg-vape-10000-zuege\/","title":{"rendered":"RandM Tornado 10000 Vape jetable 10000 bouff\u00e9es"},"content":{"rendered":"<h2>Le prix de ce produit correspond au prix d'une seule cigarette \u00e9lectronique<\/h2>\n<p>d\u00e9crire<br \/>\nelementvape est l'un des plus grands grossistes de cigarettes \u00e9lectroniques au monde. Achetez en gros le RandM Tornado 10000 Vape sur Myvapesite.<\/p>\n<p>Le RandM Tornado 10000 est un dispositif jetable de cigarette \u00e9lectronique avec contr\u00f4le du flux d'air et rechargeable. Contient 20 ml de e-liquide \u00e0 base de sel de nicotine 0\/2\/3\/5 %, suffisant pour 10 000 bouff\u00e9es. Vous avez le choix entre 24 saveurs. Avec le contr\u00f4le du flux d'air, vous pouvez choisir la position qui vous convient le mieux, et une connexion Type-C rechargeable en bas de l'appareil garantit que vous ne perdez pas la moindre goutte de liquide.<\/p>\n<p>Caract\u00e9ristiques de l'\u00e9quipement jetable RandM Tornado 10000 :<br \/>\nSel de nicotine 2%.<br \/>\n20 ml de e-liquide.<br \/>\n10 000 bouff\u00e9es par appareil.<br \/>\n6 lumi\u00e8res RGB color\u00e9es<br \/>\nBatterie rechargeable<br \/>\nNon rechargeable<br \/>\nBatterie int\u00e9gr\u00e9e de 850 mAh.<br \/>\n24 saveurs disponibles.<br \/>\n10 pi\u00e8ces dans une bo\u00eete de pr\u00e9sentation.<br \/>\n200 pi\u00e8ces par carton.<\/p>\n<p>Saveurs disponibles :<br \/>\n1. Framboise-Fraise<br \/>\n2. Cerise-Myrtille<br \/>\n3. Glace \u00e0 la myrtille<br \/>\n4. Fruits rouges m\u00e9lang\u00e9s<br \/>\n5. Bonbons g\u00e9lifi\u00e9s<br \/>\n6. Donuts \u00e0 la fraise<br \/>\n7. Fraise et past\u00e8que<br \/>\n8. Glace au raisin<br \/>\nMenthol 9<br \/>\n10. D\u00e9lice tropical<br \/>\n11. Limonade \u00e0 la past\u00e8que<br \/>\n12. Raz Bleu<br \/>\nDr. Vimtor<br \/>\n14. Sang de tigre<br \/>\n15. Boules de bowling<br \/>\n16. Mangue-Passion<br \/>\n17. Fraise-Kiwi<br \/>\n18. Glace Framboise-P\u00eache<br \/>\n19. Sauer aux Myrtilles et Framboises<br \/>\n20. Glace Pomme Rouge<br \/>\n21. Cocktail Orange-Citron<br \/>\n22. Kiwi-Dragon Fruit<br \/>\n23. Glace Cerise<br \/>\n24. Glace Past\u00e8que<\/p>\n<p>D\u00e9tails du produit<br \/>\n1 x RandM Tornado 10000 \u00c9vapoteur jetable 10000 connexions<\/p>","protected":false},"excerpt":{"rendered":"<p>Der Preis dieses Produkts entspricht dem Preis einer einzelnen E-Zigarette beschreiben elementvape ist einer der gr\u00f6\u00dften E-Zigaretten-Gro\u00dfh\u00e4ndler der Welt. Kaufen Sie RandM Tornado 10000 Vape im Gro\u00dfhandel online auf Myvapesite. Der RandM Tornado 10000 ist ein Einweg-E-Zigarettenger\u00e4t mit Luftstromkontrolle und wiederaufladbar. Enth\u00e4lt 20 ml 0\/2\/3\/5 % Nikotinsalz-E-Liquid, das f\u00fcr 10.000 Z\u00fcge reicht. Es stehen Ihnen [&hellip;]<\/p>","protected":false},"featured_media":10379,"template":"","meta":{"inline_featured_image":false},"product_cat":[15,78,750,737,736,749],"product_tag":[672],"tiered_pricing_type":"fixed","tiered_pricing_fixed_rules":[],"tiered_pricing_percentage_rules":[],"tiered_pricing_minimum":1,"_administrator_tiered_pricing_type":"fixed","_administrator_tiered_pricing_fixed_rules":[],"_editor_tiered_pricing_type":"fixed","_editor_tiered_pricing_fixed_rules":[],"_author_tiered_pricing_type":"fixed","_author_tiered_pricing_fixed_rules":[],"_contributor_tiered_pricing_type":"fixed","_contributor_tiered_pricing_fixed_rules":[],"_subscriber_tiered_pricing_type":"fixed","_subscriber_tiered_pricing_fixed_rules":[],"_customer_tiered_pricing_type":"fixed","_customer_tiered_pricing_fixed_rules":[],"_shop_manager_tiered_pricing_type":"fixed","_shop_manager_tiered_pricing_fixed_rules":[],"_wpseo_manager_tiered_pricing_type":"fixed","_wpseo_manager_tiered_pricing_fixed_rules":[],"_wpseo_editor_tiered_pricing_type":"fixed","_wpseo_editor_tiered_pricing_fixed_rules":[],"_wholesale_customer_tiered_pricing_type":"fixed","_wholesale_customer_tiered_pricing_fixed_rules":[],"_marketer_tiered_pricing_type":"fixed","_marketer_tiered_pricing_fixed_rules":[],"_sales_manager_tiered_pricing_type":"fixed","_sales_manager_tiered_pricing_fixed_rules":[],"_sales_rep_tiered_pricing_type":"fixed","_sales_rep_tiered_pricing_fixed_rules":[],"yoast_head":"<!-- This site is optimized with the Yoast SEO plugin v23.3 - https:\/\/yoast.com\/wordpress\/plugins\/seo\/ -->\n<title>RandM Tornado 10000 Einweg-Vape 10000 Z\u00fcge | ElementVape.de<\/title>\n<meta name=\"description\" content=\"Wir bieten RandM Tornado 10000 Einweg-Vape 10000 Z\u00fcge , Elementvape.de akzeptieren Gro\u00df-und Einzelhandel Bestellungen.\" \/>\n<meta name=\"robots\" content=\"index, follow, max-snippet:-1, max-image-preview:large, max-video-preview:-1\" \/>\n<link rel=\"canonical\" href=\"https:\/\/www.elementvape.de\/fr\/produkt\/randm-tornado-10000-einweg-vape-10000-zuege\/\" \/>\n<meta property=\"og:locale\" content=\"fr_FR\" \/>\n<meta property=\"og:type\" content=\"article\" \/>\n<meta property=\"og:title\" content=\"RandM Tornado 10000 Einweg-Vape 10000 Z\u00fcge | ElementVape.de\" \/>\n<meta property=\"og:description\" content=\"Wir bieten RandM Tornado 10000 Einweg-Vape 10000 Z\u00fcge , Elementvape.de akzeptieren Gro\u00df-und Einzelhandel Bestellungen.\" \/>\n<meta property=\"og:url\" content=\"https:\/\/www.elementvape.de\/fr\/produkt\/randm-tornado-10000-einweg-vape-10000-zuege\/\" \/>\n<meta property=\"og:site_name\" content=\"ElementVape.de\" \/>\n<meta property=\"article:modified_time\" content=\"2024-09-12T10:31:47+00:00\" \/>\n<meta property=\"og:image\" content=\"https:\/\/www.elementvape.de\/wp-content\/uploads\/2024\/05\/RANDMTORNADO10000-2.webp\" \/>\n\t<meta property=\"og:image:width\" content=\"800\" \/>\n\t<meta property=\"og:image:height\" content=\"800\" \/>\n\t<meta property=\"og:image:type\" content=\"image\/webp\" \/>\n<meta name=\"twitter:card\" content=\"summary_large_image\" \/>\n<meta name=\"twitter:label1\" content=\"Est. reading time\" \/>\n\t<meta name=\"twitter:data1\" content=\"2 minutes\" \/>\n<script type=\"application\/ld+json\" class=\"yoast-schema-graph\">{\"@context\":\"https:\/\/schema.org\",\"@graph\":[{\"@type\":\"WebPage\",\"@id\":\"https:\/\/www.elementvape.de\/sk\/produkt\/randm-tornado-10000-einweg-vape-10000-zuege\/\",\"url\":\"https:\/\/www.elementvape.de\/sk\/produkt\/randm-tornado-10000-einweg-vape-10000-zuege\/\",\"name\":\"RandM Tornado 10000 Einweg-Vape 10000 Z\u00fcge | ElementVape.de\",\"isPartOf\":{\"@id\":\"https:\/\/www.elementvape.de\/#website\"},\"primaryImageOfPage\":{\"@id\":\"https:\/\/www.elementvape.de\/sk\/produkt\/randm-tornado-10000-einweg-vape-10000-zuege\/#primaryimage\"},\"image\":{\"@id\":\"https:\/\/www.elementvape.de\/sk\/produkt\/randm-tornado-10000-einweg-vape-10000-zuege\/#primaryimage\"},\"thumbnailUrl\":\"https:\/\/www.elementvape.de\/wp-content\/uploads\/2024\/05\/RANDMTORNADO10000-2.webp\",\"datePublished\":\"2024-05-07T09:37:52+00:00\",\"dateModified\":\"2024-09-12T10:31:47+00:00\",\"description\":\"Wir bieten RandM Tornado 10000 Einweg-Vape 10000 Z\u00fcge , Elementvape.de akzeptieren Gro\u00df-und Einzelhandel Bestellungen.\",\"breadcrumb\":{\"@id\":\"https:\/\/www.elementvape.de\/sk\/produkt\/randm-tornado-10000-einweg-vape-10000-zuege\/#breadcrumb\"},\"inLanguage\":\"fr-FR\",\"potentialAction\":[{\"@type\":\"ReadAction\",\"target\":[\"https:\/\/www.elementvape.de\/sk\/produkt\/randm-tornado-10000-einweg-vape-10000-zuege\/\"]}]},{\"@type\":\"ImageObject\",\"inLanguage\":\"fr-FR\",\"@id\":\"https:\/\/www.elementvape.de\/sk\/produkt\/randm-tornado-10000-einweg-vape-10000-zuege\/#primaryimage\",\"url\":\"https:\/\/www.elementvape.de\/wp-content\/uploads\/2024\/05\/RANDMTORNADO10000-2.webp\",\"contentUrl\":\"https:\/\/www.elementvape.de\/wp-content\/uploads\/2024\/05\/RANDMTORNADO10000-2.webp\",\"width\":800,\"height\":800},{\"@type\":\"BreadcrumbList\",\"@id\":\"https:\/\/www.elementvape.de\/sk\/produkt\/randm-tornado-10000-einweg-vape-10000-zuege\/#breadcrumb\",\"itemListElement\":[{\"@type\":\"ListItem\",\"position\":1,\"name\":\"Home\",\"item\":\"https:\/\/www.elementvape.de\/\"},{\"@type\":\"ListItem\",\"position\":2,\"name\":\"Shop\",\"item\":\"https:\/\/www.elementvape.de\/shop\/\"},{\"@type\":\"ListItem\",\"position\":3,\"name\":\"RandM Tornado 10000 Einweg-Vape 10000 Z\u00fcge\"}]},{\"@type\":\"WebSite\",\"@id\":\"https:\/\/www.elementvape.de\/#website\",\"url\":\"https:\/\/www.elementvape.de\/\",\"name\":\"ElementVape.de\",\"description\":\"\",\"publisher\":{\"@id\":\"https:\/\/www.elementvape.de\/#organization\"},\"potentialAction\":[{\"@type\":\"SearchAction\",\"target\":{\"@type\":\"EntryPoint\",\"urlTemplate\":\"https:\/\/www.elementvape.de\/?s={search_term_string}\"},\"query-input\":\"required name=search_term_string\"}],\"inLanguage\":\"fr-FR\"},{\"@type\":\"Organization\",\"@id\":\"https:\/\/www.elementvape.de\/#organization\",\"name\":\"ElementVape.DE\",\"url\":\"https:\/\/www.elementvape.de\/\",\"logo\":{\"@type\":\"ImageObject\",\"inLanguage\":\"fr-FR\",\"@id\":\"https:\/\/www.elementvape.de\/#\/schema\/logo\/image\/\",\"url\":\"https:\/\/www.elementvape.de\/wp-content\/uploads\/2024\/09\/cropped-1elementvape-3.png\",\"contentUrl\":\"https:\/\/www.elementvape.de\/wp-content\/uploads\/2024\/09\/cropped-1elementvape-3.png\",\"width\":285,\"height\":228,\"caption\":\"ElementVape.DE\"},\"image\":{\"@id\":\"https:\/\/www.elementvape.de\/#\/schema\/logo\/image\/\"}}]}<\/script>\n<!-- \/ Yoast SEO plugin. -->","yoast_head_json":{"title":"RandM Tornado 10000 Einweg-Vape 10000 Z\u00fcge | ElementVape.de","description":"Wir bieten RandM Tornado 10000 Einweg-Vape 10000 Z\u00fcge , Elementvape.de akzeptieren Gro\u00df-und Einzelhandel Bestellungen.","robots":{"index":"index","follow":"follow","max-snippet":"max-snippet:-1","max-image-preview":"max-image-preview:large","max-video-preview":"max-video-preview:-1"},"canonical":"https:\/\/www.elementvape.de\/fr\/produkt\/randm-tornado-10000-einweg-vape-10000-zuege\/","og_locale":"fr_FR","og_type":"article","og_title":"RandM Tornado 10000 Einweg-Vape 10000 Z\u00fcge | ElementVape.de","og_description":"Wir bieten RandM Tornado 10000 Einweg-Vape 10000 Z\u00fcge , Elementvape.de akzeptieren Gro\u00df-und Einzelhandel Bestellungen.","og_url":"https:\/\/www.elementvape.de\/fr\/produkt\/randm-tornado-10000-einweg-vape-10000-zuege\/","og_site_name":"ElementVape.de","article_modified_time":"2024-09-12T10:31:47+00:00","og_image":[{"width":800,"height":800,"url":"https:\/\/www.elementvape.de\/wp-content\/uploads\/2024\/05\/RANDMTORNADO10000-2.webp","type":"image\/webp"}],"twitter_card":"summary_large_image","twitter_misc":{"Est. reading time":"2 minutes"},"schema":{"@context":"https:\/\/schema.org","@graph":[{"@type":"WebPage","@id":"https:\/\/www.elementvape.de\/sk\/produkt\/randm-tornado-10000-einweg-vape-10000-zuege\/","url":"https:\/\/www.elementvape.de\/sk\/produkt\/randm-tornado-10000-einweg-vape-10000-zuege\/","name":"RandM Tornado 10000 Einweg-Vape 10000 Z\u00fcge | ElementVape.de","isPartOf":{"@id":"https:\/\/www.elementvape.de\/#website"},"primaryImageOfPage":{"@id":"https:\/\/www.elementvape.de\/sk\/produkt\/randm-tornado-10000-einweg-vape-10000-zuege\/#primaryimage"},"image":{"@id":"https:\/\/www.elementvape.de\/sk\/produkt\/randm-tornado-10000-einweg-vape-10000-zuege\/#primaryimage"},"thumbnailUrl":"https:\/\/www.elementvape.de\/wp-content\/uploads\/2024\/05\/RANDMTORNADO10000-2.webp","datePublished":"2024-05-07T09:37:52+00:00","dateModified":"2024-09-12T10:31:47+00:00","description":"Wir bieten RandM Tornado 10000 Einweg-Vape 10000 Z\u00fcge , Elementvape.de akzeptieren Gro\u00df-und Einzelhandel Bestellungen.","breadcrumb":{"@id":"https:\/\/www.elementvape.de\/sk\/produkt\/randm-tornado-10000-einweg-vape-10000-zuege\/#breadcrumb"},"inLanguage":"fr-FR","potentialAction":[{"@type":"ReadAction","target":["https:\/\/www.elementvape.de\/sk\/produkt\/randm-tornado-10000-einweg-vape-10000-zuege\/"]}]},{"@type":"ImageObject","inLanguage":"fr-FR","@id":"https:\/\/www.elementvape.de\/sk\/produkt\/randm-tornado-10000-einweg-vape-10000-zuege\/#primaryimage","url":"https:\/\/www.elementvape.de\/wp-content\/uploads\/2024\/05\/RANDMTORNADO10000-2.webp","contentUrl":"https:\/\/www.elementvape.de\/wp-content\/uploads\/2024\/05\/RANDMTORNADO10000-2.webp","width":800,"height":800},{"@type":"BreadcrumbList","@id":"https:\/\/www.elementvape.de\/sk\/produkt\/randm-tornado-10000-einweg-vape-10000-zuege\/#breadcrumb","itemListElement":[{"@type":"ListItem","position":1,"name":"Home","item":"https:\/\/www.elementvape.de\/"},{"@type":"ListItem","position":2,"name":"Shop","item":"https:\/\/www.elementvape.de\/shop\/"},{"@type":"ListItem","position":3,"name":"RandM Tornado 10000 Einweg-Vape 10000 Z\u00fcge"}]},{"@type":"WebSite","@id":"https:\/\/www.elementvape.de\/#website","url":"https:\/\/www.elementvape.de\/","name":"ElementVape.de","description":"","publisher":{"@id":"https:\/\/www.elementvape.de\/#organization"},"potentialAction":[{"@type":"SearchAction","target":{"@type":"EntryPoint","urlTemplate":"https:\/\/www.elementvape.de\/?s={search_term_string}"},"query-input":"required name=search_term_string"}],"inLanguage":"fr-FR"},{"@type":"Organization","@id":"https:\/\/www.elementvape.de\/#organization","name":"ElementVape.DE","url":"https:\/\/www.elementvape.de\/","logo":{"@type":"ImageObject","inLanguage":"fr-FR","@id":"https:\/\/www.elementvape.de\/#\/schema\/logo\/image\/","url":"https:\/\/www.elementvape.de\/wp-content\/uploads\/2024\/09\/cropped-1elementvape-3.png","contentUrl":"https:\/\/www.elementvape.de\/wp-content\/uploads\/2024\/09\/cropped-1elementvape-3.png","width":285,"height":228,"caption":"ElementVape.DE"},"image":{"@id":"https:\/\/www.elementvape.de\/#\/schema\/logo\/image\/"}}]}},"_links":{"self":[{"href":"https:\/\/www.elementvape.de\/fr\/wp-json\/wp\/v2\/product\/10363"}],"collection":[{"href":"https:\/\/www.elementvape.de\/fr\/wp-json\/wp\/v2\/product"}],"about":[{"href":"https:\/\/www.elementvape.de\/fr\/wp-json\/wp\/v2\/types\/product"}],"wp:featuredmedia":[{"embeddable":true,"href":"https:\/\/www.elementvape.de\/fr\/wp-json\/wp\/v2\/media\/10379"}],"wp:attachment":[{"href":"https:\/\/www.elementvape.de\/fr\/wp-json\/wp\/v2\/media?parent=10363"}],"wp:term":[{"taxonomy":"product_cat","embeddable":true,"href":"https:\/\/www.elementvape.de\/fr\/wp-json\/wp\/v2\/product_cat?post=10363"},{"taxonomy":"product_tag","embeddable":true,"href":"https:\/\/www.elementvape.de\/fr\/wp-json\/wp\/v2\/product_tag?post=10363"}],"curies":[{"name":"wp","href":"https:\/\/api.w.org\/{rel}","templated":true}]}}