{"id":14259,"date":"2024-09-10T07:29:15","date_gmt":"2024-09-10T07:29:15","guid":{"rendered":"https:\/\/www.elementvape.de\/?page_id=14259"},"modified":"2025-12-11T07:00:30","modified_gmt":"2025-12-11T07:00:30","slug":"terms-conditions","status":"publish","type":"page","link":"https:\/\/www.elementvape.de\/fr\/terms-conditions\/","title":{"rendered":"Conditions g\u00e9n\u00e9rales"},"content":{"rendered":"<h2 class=\"wp-block-heading\"><strong>Conditions g\u00e9n\u00e9rales de vente (CGV) &amp; Conditions d'utilisation<\/strong><\/h2>\n\n\n\n<p><strong>VEUILLEZ LIRE ATTENTIVEMENT CES CONDITIONS D'UTILISATION AVANT D'UTILISER CE SITE WEB.<\/strong> EN ACC\u00c9DANT ET EN UTILISANT CE SITE WEB, VOUS CONFIRMEZ AVOIR LU ET COMPRIS CES CONDITIONS ET Y CONSENTIR. SI VOUS N'ACCEPTEZ PAS CES CONDITIONS, VOUS NE DEVEZ PAS UTILISER LE SITE WEB.<\/p>\n\n\n\n<h3 class=\"wp-block-heading\">1. Acceptation des conditions<\/h3>\n\n\n\n<p>En utilisant le site web <strong>Elementvape<\/strong> (ci-apr\u00e8s \u00ab le site web \u00bb) ou en cliquant sur \u00ab J'accepte \u00bb, vous acceptez en tant qu'utilisateur ces conditions g\u00e9n\u00e9rales. Elementvape se r\u00e9serve le droit de bloquer ou de mettre fin \u00e0 votre acc\u00e8s au site \u00e0 tout moment et sans pr\u00e9avis, notamment en cas de violation de cet accord ou des politiques en vigueur.<\/p>\n\n\n\n<h3 class=\"wp-block-heading\">2. Restriction d'\u00e2ge (Protection de la jeunesse)<\/h3>\n\n\n\n<p><strong>IMPORTANT : VOUS DEVEZ AVOIR L'\u00c2GE MINIMUM L\u00c9GAL POUR ACHETER DES PRODUITS DE TABAC OU DE CIGARETTES \u00c9LECTRONIQUES DANS VOTRE JURIDICTION.<\/strong><\/p>\n\n\n\n<p>Cet accord et l'utilisation du site sont r\u00e9serv\u00e9s uniquement aux personnes ayant atteint l'\u00e2ge minimum l\u00e9gal (dans de nombreuses juridictions 18 ou 21 ans). Si vous ne remplissez pas cette condition, veuillez quitter imm\u00e9diatement le site. Nous n'autorisons aucune exception \u00e0 cette r\u00e8gle.<\/p>\n\n\n\n<p><em>Remarque : Elementvape ne vend ses produits et services qu'aux adultes. Si nous constatons que vous ne remplissez pas les crit\u00e8res d'\u00e2ge (au moins 21 ans, sauf indication contraire par la loi), Elementvape refusera le service et fermera votre compte imm\u00e9diatement.<\/em><\/p>\n\n\n\n<h3 class=\"wp-block-heading\">3. Confidentialit\u00e9<\/h3>\n\n\n\n<p>Pour comprendre pleinement nos pratiques commerciales et la gestion de vos donn\u00e9es, veuillez lire notre <strong>[Politique de confidentialit\u00e9]<\/strong> (Lien vers la page de confidentialit\u00e9), qui s'applique \u00e9galement \u00e0 votre visite sur ce site.<\/p>\n\n\n\n<h3 class=\"wp-block-heading\">4. Licence d'utilisation et acc\u00e8s au site<\/h3>\n\n\n\n<p>En acceptant cet accord, Elementvape vous accorde une licence limit\u00e9e, non exclusive et non transf\u00e9rable pour utiliser ce site \u00e0 des fins d'achat personnelles.<\/p>\n\n\n\n<ul>\n<li>Vous vous engagez \u00e0 ne pas fournir de fausses d\u00e9clarations ou de d\u00e9clarations frauduleuses pour acc\u00e9der \u00e0 ce site.<\/li>\n\n\n\n<li>Vous reconnaissez que tous les contenus, designs et services pr\u00e9sents sur ce site sont la propri\u00e9t\u00e9 intellectuelle d'Elementvape et sont prot\u00e9g\u00e9s par des droits d'auteur, des marques et d'autres droits de propri\u00e9t\u00e9 intellectuelle internationaux.<\/li>\n\n\n\n<li>Tous les droits qui ne vous sont pas express\u00e9ment accord\u00e9s dans le cadre de cet accord restent la propri\u00e9t\u00e9 d'Elementvape.<\/li>\n<\/ul>\n\n\n\n<h3 class=\"wp-block-heading\">5. Votre compte utilisateur<\/h3>\n\n\n\n<p>Lorsque vous cr\u00e9ez un compte sur ce site Web, vous \u00eates responsable de la confidentialit\u00e9 de vos donn\u00e9es de compte et de votre mot de passe, ainsi que de la restriction de l'acc\u00e8s \u00e0 votre ordinateur. Vous acceptez de prendre la responsabilit\u00e9 de toutes les activit\u00e9s qui se d\u00e9roulent sous votre compte ou votre mot de passe.<\/p>\n\n\n\n<h3 class=\"wp-block-heading\">6. Contributions des utilisateurs et communication<\/h3>\n\n\n\n<p>Tout mat\u00e9riel, information, id\u00e9e ou autre communication que vous transmettez ou publiez sur ce site Web est consid\u00e9r\u00e9 comme non confidentiel et non prot\u00e9g\u00e9 par le droit d'auteur. Elementvape est autoris\u00e9 \u00e0 utiliser ces contenus \u00e0 des fins commerciales ou non commerciales sans restriction.<\/p>\n\n\n\n<h3 class=\"wp-block-heading\">7. Garantie, exp\u00e9dition et retours<\/h3>\n\n\n\n<p>Vous trouverez des informations d\u00e9taill\u00e9es sur nos conditions de garantie, nos politiques d'exp\u00e9dition et nos processus de retour sur notre page s\u00e9par\u00e9e <strong>\u00ab Garantie, exp\u00e9dition et retours \u00bb<\/strong>. Ces politiques font partie int\u00e9grante des pr\u00e9sentes conditions d'utilisation.<\/p>\n\n\n\n<h3 class=\"wp-block-heading\">8. Droit d'auteur (Copyright)<\/h3>\n\n\n\n<p>L'ensemble du contenu de ce site Web (y compris les textes, graphiques, logos, images) appartient \u00e0 Elementvape. Aucun mat\u00e9riel ne peut \u00eatre copi\u00e9, reproduit, republi\u00e9, t\u00e9l\u00e9charg\u00e9 ou distribu\u00e9 autrement sans l'autorisation \u00e9crite expresse d'Elementvape.<\/p>\n\n\n\n<h3 class=\"wp-block-heading\">9. Clause de non-responsabilit\u00e9<\/h3>\n\n\n\n<p>Ce site Web et toutes les informations, contenus, mat\u00e9riaux et produits qui y sont contenus sont fournis par Elementvape sur une base \u00ab tel quel \u00bb (\u00ab as is \u00bb) et \u00ab selon disponibilit\u00e9 \u00bb. Elementvape ne garantit pas express\u00e9ment ou implicitement le fonctionnement du site ou l'exactitude des informations qu'il contient, dans la mesure permise par la loi.<\/p>\n\n\n\n<h3 class=\"wp-block-heading\">10. Droit applicable et juridiction<\/h3>\n\n\n\n<p>Ce site Web est exploit\u00e9 par <strong>France<\/strong> . Ces conditions d'utilisation et tous les litiges qui en d\u00e9coulent sont soumis aux lois de la R\u00e9publique fran\u00e7aise, ind\u00e9pendamment de toute r\u00e8gle de conflit de lois.<\/p>\n\n\n\n<h3 class=\"wp-block-heading\">11. Modifications des conditions d'utilisation<\/h3>\n\n\n\n<p>Elementvape se r\u00e9serve le droit de mettre \u00e0 jour ou de modifier ces conditions d'utilisation \u00e0 tout moment et \u00e0 sa seule discr\u00e9tion. Il vous incombe de v\u00e9rifier r\u00e9guli\u00e8rement cette page pour toute modification. Votre utilisation continue du site apr\u00e8s la publication de modifications constitue votre acceptation de ces modifications.<\/p>\n\n\n\n<h3 class=\"wp-block-heading\">12. Clause d'interpr\u00e9tation<\/h3>\n\n\n\n<p>Le droit final d'interpr\u00e9tation de ces conditions et du contenu du site appartient, dans la mesure permise par la loi, \u00e0 Elementvape.<\/p>","protected":false},"excerpt":{"rendered":"<p>Allgemeine Gesch\u00e4ftsbedingungen (AGB) &amp; Nutzungsbedingungen BITTE LESEN SIE DIESE NUTZUNGSBEDINGUNGEN SORGF\u00c4LTIG DURCH, BEVOR SIE DIESE WEBSITE NUTZEN. DURCH DEN ZUGRIFF AUF UND DIE NUTZUNG DIESER WEBSITE BEST\u00c4TIGEN SIE, DASS SIE DIESE BEDINGUNGEN GELESEN UND VERSTANDEN HABEN UND DIESEN ZUSTIMMEN. WENN SIE DIESEN BEDINGUNGEN NICHT ZUSTIMMEN, D\u00dcRFEN SIE DIE WEBSITE NICHT NUTZEN. 1. Zustimmung zu den [&hellip;]<\/p>","protected":false},"author":3,"featured_media":0,"parent":0,"menu_order":0,"comment_status":"closed","ping_status":"closed","template":"","meta":{"inline_featured_image":false,"footnotes":""},"yoast_head":"<!-- This site is optimized with the Yoast SEO plugin v23.3 - https:\/\/yoast.com\/wordpress\/plugins\/seo\/ -->\n<title>Gesch\u00e4ftsbedingungen<\/title>\n<meta name=\"description\" content=\"Unsere Nutzungsbedingungen regeln Altersanforderungen, Datenschutz, Rechte und Pflichten f\u00fcr eine sichere und rechtskonforme Nutzung unserer Website.\" \/>\n<meta name=\"robots\" content=\"index, follow, max-snippet:-1, max-image-preview:large, max-video-preview:-1\" \/>\n<link rel=\"canonical\" href=\"https:\/\/www.elementvape.de\/fr\/terms-conditions\/\" \/>\n<meta property=\"og:locale\" content=\"fr_FR\" \/>\n<meta property=\"og:type\" content=\"article\" \/>\n<meta property=\"og:title\" content=\"Gesch\u00e4ftsbedingungen\" \/>\n<meta property=\"og:description\" content=\"Unsere Nutzungsbedingungen regeln Altersanforderungen, Datenschutz, Rechte und Pflichten f\u00fcr eine sichere und rechtskonforme Nutzung unserer Website.\" \/>\n<meta property=\"og:url\" content=\"https:\/\/www.elementvape.de\/fr\/terms-conditions\/\" \/>\n<meta property=\"og:site_name\" content=\"ElementVape.de\" \/>\n<meta property=\"article:modified_time\" content=\"2025-12-11T07:00:30+00:00\" \/>\n<meta name=\"twitter:card\" content=\"summary_large_image\" \/>\n<meta name=\"twitter:label1\" content=\"Est. reading time\" \/>\n\t<meta name=\"twitter:data1\" content=\"4 minutes\" \/>\n<script type=\"application\/ld+json\" class=\"yoast-schema-graph\">{\"@context\":\"https:\/\/schema.org\",\"@graph\":[{\"@type\":\"WebPage\",\"@id\":\"https:\/\/www.elementvape.de\/terms-conditions\/\",\"url\":\"https:\/\/www.elementvape.de\/terms-conditions\/\",\"name\":\"Gesch\u00e4ftsbedingungen\",\"isPartOf\":{\"@id\":\"https:\/\/www.elementvape.de\/#website\"},\"datePublished\":\"2024-09-10T07:29:15+00:00\",\"dateModified\":\"2025-12-11T07:00:30+00:00\",\"description\":\"Unsere Nutzungsbedingungen regeln Altersanforderungen, Datenschutz, Rechte und Pflichten f\u00fcr eine sichere und rechtskonforme Nutzung unserer Website.\",\"breadcrumb\":{\"@id\":\"https:\/\/www.elementvape.de\/terms-conditions\/#breadcrumb\"},\"inLanguage\":\"fr-FR\",\"potentialAction\":[{\"@type\":\"ReadAction\",\"target\":[\"https:\/\/www.elementvape.de\/terms-conditions\/\"]}]},{\"@type\":\"BreadcrumbList\",\"@id\":\"https:\/\/www.elementvape.de\/terms-conditions\/#breadcrumb\",\"itemListElement\":[{\"@type\":\"ListItem\",\"position\":1,\"name\":\"Home\",\"item\":\"https:\/\/www.elementvape.de\/\"},{\"@type\":\"ListItem\",\"position\":2,\"name\":\"Gesch\u00e4ftsbedingungen\"}]},{\"@type\":\"WebSite\",\"@id\":\"https:\/\/www.elementvape.de\/#website\",\"url\":\"https:\/\/www.elementvape.de\/\",\"name\":\"ElementVape.de\",\"description\":\"\",\"publisher\":{\"@id\":\"https:\/\/www.elementvape.de\/#organization\"},\"potentialAction\":[{\"@type\":\"SearchAction\",\"target\":{\"@type\":\"EntryPoint\",\"urlTemplate\":\"https:\/\/www.elementvape.de\/?s={search_term_string}\"},\"query-input\":\"required name=search_term_string\"}],\"inLanguage\":\"fr-FR\"},{\"@type\":\"Organization\",\"@id\":\"https:\/\/www.elementvape.de\/#organization\",\"name\":\"ElementVape.DE\",\"url\":\"https:\/\/www.elementvape.de\/\",\"logo\":{\"@type\":\"ImageObject\",\"inLanguage\":\"fr-FR\",\"@id\":\"https:\/\/www.elementvape.de\/#\/schema\/logo\/image\/\",\"url\":\"https:\/\/www.elementvape.de\/wp-content\/uploads\/2024\/09\/cropped-1elementvape-3.png\",\"contentUrl\":\"https:\/\/www.elementvape.de\/wp-content\/uploads\/2024\/09\/cropped-1elementvape-3.png\",\"width\":285,\"height\":228,\"caption\":\"ElementVape.DE\"},\"image\":{\"@id\":\"https:\/\/www.elementvape.de\/#\/schema\/logo\/image\/\"}}]}<\/script>\n<!-- \/ Yoast SEO plugin. -->","yoast_head_json":{"title":"Gesch\u00e4ftsbedingungen","description":"Unsere Nutzungsbedingungen regeln Altersanforderungen, Datenschutz, Rechte und Pflichten f\u00fcr eine sichere und rechtskonforme Nutzung unserer Website.","robots":{"index":"index","follow":"follow","max-snippet":"max-snippet:-1","max-image-preview":"max-image-preview:large","max-video-preview":"max-video-preview:-1"},"canonical":"https:\/\/www.elementvape.de\/fr\/terms-conditions\/","og_locale":"fr_FR","og_type":"article","og_title":"Gesch\u00e4ftsbedingungen","og_description":"Unsere Nutzungsbedingungen regeln Altersanforderungen, Datenschutz, Rechte und Pflichten f\u00fcr eine sichere und rechtskonforme Nutzung unserer Website.","og_url":"https:\/\/www.elementvape.de\/fr\/terms-conditions\/","og_site_name":"ElementVape.de","article_modified_time":"2025-12-11T07:00:30+00:00","twitter_card":"summary_large_image","twitter_misc":{"Est. reading time":"4 minutes"},"schema":{"@context":"https:\/\/schema.org","@graph":[{"@type":"WebPage","@id":"https:\/\/www.elementvape.de\/terms-conditions\/","url":"https:\/\/www.elementvape.de\/terms-conditions\/","name":"Gesch\u00e4ftsbedingungen","isPartOf":{"@id":"https:\/\/www.elementvape.de\/#website"},"datePublished":"2024-09-10T07:29:15+00:00","dateModified":"2025-12-11T07:00:30+00:00","description":"Unsere Nutzungsbedingungen regeln Altersanforderungen, Datenschutz, Rechte und Pflichten f\u00fcr eine sichere und rechtskonforme Nutzung unserer Website.","breadcrumb":{"@id":"https:\/\/www.elementvape.de\/terms-conditions\/#breadcrumb"},"inLanguage":"fr-FR","potentialAction":[{"@type":"ReadAction","target":["https:\/\/www.elementvape.de\/terms-conditions\/"]}]},{"@type":"BreadcrumbList","@id":"https:\/\/www.elementvape.de\/terms-conditions\/#breadcrumb","itemListElement":[{"@type":"ListItem","position":1,"name":"Home","item":"https:\/\/www.elementvape.de\/"},{"@type":"ListItem","position":2,"name":"Gesch\u00e4ftsbedingungen"}]},{"@type":"WebSite","@id":"https:\/\/www.elementvape.de\/#website","url":"https:\/\/www.elementvape.de\/","name":"ElementVape.de","description":"","publisher":{"@id":"https:\/\/www.elementvape.de\/#organization"},"potentialAction":[{"@type":"SearchAction","target":{"@type":"EntryPoint","urlTemplate":"https:\/\/www.elementvape.de\/?s={search_term_string}"},"query-input":"required name=search_term_string"}],"inLanguage":"fr-FR"},{"@type":"Organization","@id":"https:\/\/www.elementvape.de\/#organization","name":"ElementVape.DE","url":"https:\/\/www.elementvape.de\/","logo":{"@type":"ImageObject","inLanguage":"fr-FR","@id":"https:\/\/www.elementvape.de\/#\/schema\/logo\/image\/","url":"https:\/\/www.elementvape.de\/wp-content\/uploads\/2024\/09\/cropped-1elementvape-3.png","contentUrl":"https:\/\/www.elementvape.de\/wp-content\/uploads\/2024\/09\/cropped-1elementvape-3.png","width":285,"height":228,"caption":"ElementVape.DE"},"image":{"@id":"https:\/\/www.elementvape.de\/#\/schema\/logo\/image\/"}}]}},"_links":{"self":[{"href":"https:\/\/www.elementvape.de\/fr\/wp-json\/wp\/v2\/pages\/14259"}],"collection":[{"href":"https:\/\/www.elementvape.de\/fr\/wp-json\/wp\/v2\/pages"}],"about":[{"href":"https:\/\/www.elementvape.de\/fr\/wp-json\/wp\/v2\/types\/page"}],"author":[{"embeddable":true,"href":"https:\/\/www.elementvape.de\/fr\/wp-json\/wp\/v2\/users\/3"}],"replies":[{"embeddable":true,"href":"https:\/\/www.elementvape.de\/fr\/wp-json\/wp\/v2\/comments?post=14259"}],"version-history":[{"count":5,"href":"https:\/\/www.elementvape.de\/fr\/wp-json\/wp\/v2\/pages\/14259\/revisions"}],"predecessor-version":[{"id":16683,"href":"https:\/\/www.elementvape.de\/fr\/wp-json\/wp\/v2\/pages\/14259\/revisions\/16683"}],"wp:attachment":[{"href":"https:\/\/www.elementvape.de\/fr\/wp-json\/wp\/v2\/media?parent=14259"}],"curies":[{"name":"wp","href":"https:\/\/api.w.org\/{rel}","templated":true}]}}