{"id":8791,"date":"2024-04-20T06:56:29","date_gmt":"2024-04-20T06:56:29","guid":{"rendered":"https:\/\/www.elementvape.de\/?post_type=product&#038;p=8791"},"modified":"2024-09-12T10:32:24","modified_gmt":"2024-09-12T10:32:24","slug":"pro-pod-kit-25w-900mah-batterie-vthru-pro-mit-3ml","status":"publish","type":"product","link":"https:\/\/www.elementvape.de\/fi\/produkt\/pro-pod-kit-25w-900mah-batterie-vthru-pro-mit-3ml\/","title":{"rendered":"Voopoo v. thru pro pod kit 25w 900mAh akku vthru pro 3ml vmate v2 -astia 0,7\/1,2 ohm s\u00e4hk\u00f6inen savuke vape"},"content":{"rendered":"<p>&nbsp;<\/p>\n<div class=\"product-specs-list-container\">\n<ul class=\"product-specs-list util-clearfix\">\n<li class=\"product-prop line-limit-length\"><span class=\"property-title\">Ulkon\u00e4k\u00f6:\u00a0<\/span><span class=\"property-desc line-limit-length\">Laatikkomuoto<\/span><\/li>\n<li class=\"product-prop line-limit-length\"><span class=\"property-title\">Yhteensopiva akku:\u00a0<\/span><span class=\"property-desc line-limit-length\">Ei<\/span><\/li>\n<li class=\"product-prop line-limit-length\"><span class=\"property-title\">Tarkkailutoiminto tupakointim\u00e4\u00e4r\u00e4lle:\u00a0<\/span><span class=\"property-desc line-limit-length\">Ei<\/span><\/li>\n<li class=\"product-prop line-limit-length\"><span class=\"property-title\">Siliconkotelon tapauksessa\u00a0<\/span><span class=\"property-desc line-limit-length\">Ei<\/span><\/li>\n<li class=\"product-prop line-limit-length\"><span class=\"property-title\">L\u00e4mp\u00f6tilans\u00e4\u00e4t\u00f6:\u00a0<\/span><span class=\"property-desc line-limit-length\">Ei<\/span><\/li>\n<li class=\"product-prop line-limit-length\"><span class=\"property-title\">Sis\u00e4\u00e4nrakennettu tai ulkoinen akku:\u00a0<\/span><span class=\"property-desc line-limit-length\">Sis\u00e4\u00e4nrakennettu<\/span><\/li>\n<li class=\"product-prop line-limit-length\"><span class=\"property-title\">Oikosulkuvaimennustoiminto:\u00a0<\/span><span class=\"property-desc line-limit-length\">Ja<\/span><\/li>\n<li class=\"product-prop line-limit-length\"><span class=\"property-title\">Ylikuumenemissuoja-toiminto:\u00a0<\/span><span class=\"property-desc line-limit-length\">Ei<\/span><\/li>\n<li class=\"product-prop line-limit-length\"><span class=\"property-title\">Alhaisen j\u00e4nnitteen h\u00e4lytysominaisuus:\u00a0<\/span><span class=\"property-desc line-limit-length\">Ja<\/span><\/li>\n<li class=\"product-prop line-limit-length\"><span class=\"property-title\">Sumutin tunnistus toiminto:\u00a0<\/span><span class=\"property-desc line-limit-length\">Ja<\/span><\/li>\n<li class=\"product-prop line-limit-length\"><span class=\"property-title\">TCR-asetustila:\u00a0<\/span><span class=\"property-desc line-limit-length\">Ei<\/span><\/li>\n<li class=\"product-prop line-limit-length\"><span class=\"property-title\">Nominakapasiteetti:\u00a0<\/span><span class=\"property-desc line-limit-length\">900 mAh<\/span><\/li>\n<li class=\"product-prop line-limit-length\"><span class=\"property-title\">Materiaali:\u00a0<\/span><span class=\"property-desc line-limit-length\">Metalli<\/span><\/li>\n<li class=\"product-prop line-limit-length\"><span class=\"property-title\">Yhteensopiva malli:\u00a0<\/span><span class=\"property-desc line-limit-length\">S\u00e4hk\u00f6tupakka Vape<\/span><\/li>\n<li class=\"product-prop line-limit-length\"><span class=\"property-title\">Mallinumero:\u00a0<\/span><span class=\"property-desc line-limit-length\">VOOPOO V.THRU Pro Pod Vape Kit<\/span><\/li>\n<li class=\"product-prop line-limit-length\"><span class=\"property-title\">Usb-laturi:\u00a0<\/span><span class=\"property-desc line-limit-length\">Ja<\/span><\/li>\n<li class=\"product-prop line-limit-length\"><span class=\"property-title\">Firmware-p\u00e4ivitys:\u00a0<\/span><span class=\"property-desc line-limit-length\">Ei<\/span><\/li>\n<li class=\"product-prop line-limit-length\"><span class=\"property-title\">N\u00e4ytt\u00f6:\u00a0<\/span><span class=\"property-desc line-limit-length\">Ja<\/span><\/li>\n<li class=\"product-prop line-limit-length\"><span class=\"property-title\">Tyyppi:\u00a0<\/span><span class=\"property-desc line-limit-length\">Akulla<\/span><\/li>\n<li class=\"product-prop line-limit-length\"><span class=\"property-title\">Tavaramerkki:\u00a0<\/span><span class=\"property-desc line-limit-length\">VOOPOO<\/span><\/li>\n<li class=\"product-prop line-limit-length\"><span class=\"property-title\">Alkuper\u00e4:\u00a0<\/span><span class=\"property-desc line-limit-length\">FI (Alkuper\u00e4)<\/span><\/li>\n<\/ul>\n<\/div>\n<div class=\"detailmodule_html\">\n<div class=\"detail-desc-decorate-richtext\">\n<div class=\"detailmodule_text\">\n<p>&nbsp;<\/p>\n<p id=\"tl_1\" class=\"detail-desc-decorate-title\" style=\"font-family: OpenSans; font-size: 20px; font-weight: 900; line-height: 28px; margin-bottom: 12px;\">Alkuper\u00e4inen Voopoo V. Thru Pro Pod Vape Kit 25W 900mAh Akku V durch Pro 3ml tyhj\u00e4 patrone Elektroninen savukkeen h\u00f6yrystin<\/p>\n<\/div>\n<div class=\"detailmodule_text\">\n<p id=\"tl_2\" class=\"detail-desc-decorate-title\" style=\"font-family: OpenSans; font-size: 20px; font-weight: 900; line-height: 28px; margin-bottom: 12px;\">Voopoo v. thru pro kit lyhyt kuvaus:<\/p>\n<p id=\"tl_3\" class=\"detail-desc-decorate-content\" style=\"font-family: OpenSans; font-size: 14px; font-weight: 300; line-height: 20px; margin-bottom: 12px;\">V. thru pro kit on helppok\u00e4ytt\u00f6inen ja edullinen aloituspaketti pienen koon mutta suuren tehon kanssa. Se toimii 900mAh sis\u00e4\u00e4nrakennetulla akulla ja Type-C 5V\/1a nopealla latauksella. Painikkeettoman muotoilun ansiosta v. thru pro on helppo k\u00e4ynnist\u00e4\u00e4, ottaa k\u00e4ytt\u00f6\u00f6n ja hengitt\u00e4\u00e4. Se toimitetaan 3ml tyhj\u00e4ll\u00e4 patroneilla, 0,7 Ohm ja 1,2 Ohm kaksois V. Thru Pro -patruunoilla, jotka tarjoavat parhaan resoluution ja maun. Gen-chipin ansiosta se tarjoaa vakaan l\u00e4ht\u00f6j\u00e4nnitteen, mik\u00e4 takaa t\u00e4ydellisen makukokemuksen. 0,69 tuuman OLED-n\u00e4ytt\u00f6 n\u00e4ytt\u00e4\u00e4 laitteen tiedot. Se on my\u00f6s varustettu \u00e4lykk\u00e4\u00e4ll\u00e4 lapsiturvallisella tilalla, joka est\u00e4\u00e4 lasten tahattoman k\u00e4ynnistyksen. 360\u00b0 t\u00e4ysipainoinen muotoilu varmistaa, ett\u00e4 tunnet maun, eik\u00e4 tarvita podia. Magneettinen imukytkent\u00e4- ja lukitusmuotoilu sek\u00e4 eritt\u00e4in yksinkertainen uran lukitus mahdollistavat tiukan istuvuuden ja helpon irrotuksen.<\/p>\n<\/div>\n<div class=\"detailmodule_text\">\n<p id=\"tl_4\" class=\"detail-desc-decorate-title\" style=\"font-family: OpenSans; font-size: 20px; font-weight: 900; line-height: 28px; margin-bottom: 12px;\">Ominaisuus:<\/p>\n<p id=\"tl_5\" class=\"detail-desc-decorate-content\" style=\"font-family: OpenSans; font-size: 14px; font-weight: 300; line-height: 20px; margin-bottom: 12px;\">Ilman induktio k\u00e4ynnistyy<br \/>\nTyhj\u00e4n patroneen kapasiteetti 3ml<br \/>\n0,7 &amp; 1,2\u03a9 kaksois-pod<br \/>\n0.69 \u2018oled Bildschirm<br \/>\n900mAh sis\u00e4\u00e4nrakennettu akku<br \/>\n\u00c4lykk\u00e4\u00e4mpi lapsiturvallinen tila<br \/>\n360 \u00b0 t\u00e4ysi huulten sopiva muotoilu<br \/>\nMagnettinen imukuppi ja kaksoiskoukku<br \/>\nVahvistus<br \/>\nItsen\u00e4inen ja kertak\u00e4ytt\u00f6inen kondensaatiotila<\/p>\n<\/div>\n<div class=\"detailmodule_text\">\n<p id=\"tl_6\" class=\"detail-desc-decorate-title\" style=\"font-family: OpenSans; font-size: 20px; font-weight: 900; line-height: 28px; margin-bottom: 12px;\">Tekniset tiedot<\/p>\n<p id=\"tl_7\" class=\"detail-desc-decorate-content\" style=\"font-family: OpenSans; font-size: 14px; font-weight: 300; line-height: 20px; margin-bottom: 12px;\">Tuotteen nimi: v. thru pro<br \/>\nKoko: 28,5*14,9*95,5mm<br \/>\nPaino: 44g<br \/>\nTehov\u00e4li: 5-25w<br \/>\nKapasitanssi: 3ml<br \/>\nvastusalue: 0,7 &amp; 1,2\u03a9<br \/>\nL\u00e4ht\u00f6j\u00e4nnite: 3,2-4,2 V<br \/>\nAkku: 900mAh sis\u00e4\u00e4nrakennettu<\/p>\n<\/div>\n<div class=\"detailmodule_text\">\n<p id=\"tl_8\" class=\"detail-desc-decorate-title\" style=\"font-family: OpenSans; font-size: 20px; font-weight: 900; line-height: 28px; margin-bottom: 12px;\">Paketin sis\u00e4lt\u00f6<\/p>\n<p id=\"tl_9\" class=\"detail-desc-decorate-content\" style=\"font-family: OpenSans; font-size: 14px; font-weight: 300; line-height: 20px; margin-bottom: 12px;\">L\u00e4mmin kehotus: v. thru pro -sarjan uusi ja vanha pakkaus l\u00e4hetet\u00e4\u00e4n satunnaisesti.<\/p>\n<p>Paketin sis\u00e4lt\u00f6 (uusi sarja):<br \/>\n1 * v. thru pro laite<br \/>\n1 * vmate patruuna v2 (0,7 Ohm\/3ml)<br \/>\n1 * vmate patruuna v2 (1,2 Ohm\/3ml)<br \/>\n1 * Type-C-kaapeli<br \/>\n1 * K\u00e4ytt\u00f6ohje<\/p>\n<p>Paketin sis\u00e4lt\u00f6 (vanha sarja):<br \/>\n1 * v. thru pro laite<br \/>\n1 * v. thru pro pod (0,7 Ohm\/3ml)<br \/>\n1 * v. thru pro pod (1,2 Ohm\/3ml)<br \/>\n1 * Type-C-kaapeli<br \/>\n1 * K\u00e4ytt\u00f6ohje<\/p>\n<\/div>\n<div class=\"detailmodule_image\"><img decoding=\"async\" loading=\"lazy\" class=\"detail-desc-decorate-image\" src=\"https:\/\/ae01.alicdn.com\/kf\/Hb96528f62cc74b26bea851a1e776d990s.jpg\" \/><\/div>\n<div class=\"detailmodule_image\"><img decoding=\"async\" loading=\"lazy\" class=\"detail-desc-decorate-image\" style=\"margin-bottom: 10px;\" src=\"https:\/\/ae01.alicdn.com\/kf\/S8667a54d58524668965bed2f2dc7cbdct.jpg\" \/><br \/>\n<img decoding=\"async\" loading=\"lazy\" class=\"detail-desc-decorate-image\" src=\"https:\/\/ae01.alicdn.com\/kf\/H7fbc308cb9f7424b836d8c53f8cf8a0bP.jpg\" \/><br \/>\n<img decoding=\"async\" loading=\"lazy\" class=\"detail-desc-decorate-image\" src=\"https:\/\/ae01.alicdn.com\/kf\/H41420df517f24564983673e4f6be9d7cf.jpg\" \/><br \/>\n<img decoding=\"async\" loading=\"lazy\" class=\"detail-desc-decorate-image\" src=\"https:\/\/ae01.alicdn.com\/kf\/H4d840733967c4b0cacbf1db08dbcfcc6e.jpg\" \/><br \/>\n<img decoding=\"async\" loading=\"lazy\" class=\"detail-desc-decorate-image\" src=\"https:\/\/ae01.alicdn.com\/kf\/H7e3e691bf021499fa5b3affe3f90da96P.jpg\" \/><br \/>\n<img decoding=\"async\" loading=\"lazy\" class=\"detail-desc-decorate-image\" src=\"https:\/\/ae01.alicdn.com\/kf\/Hc03c4b145d764c5199ae2767c5bbd32ff.jpg\" \/><br \/>\n<img decoding=\"async\" loading=\"lazy\" class=\"detail-desc-decorate-image\" src=\"https:\/\/ae01.alicdn.com\/kf\/Hfe89e81db40949fd93c7140c65c216bfv.jpg\" \/><br \/>\n<img decoding=\"async\" loading=\"lazy\" class=\"detail-desc-decorate-image\" style=\"margin-bottom: 10px;\" src=\"https:\/\/ae01.alicdn.com\/kf\/Se4017182eab2461e86f3ea9089378f1fS.jpg\" \/><\/div>\n<p>&nbsp;<\/p>\n<\/div>\n<\/div>","protected":false},"excerpt":{"rendered":"<p>&nbsp; Aussehen:\u00a0Box Form Kompatibler Akku:\u00a0Kein \u00dcberwachung Funktion Von Rauchen Anzahl:\u00a0Nein Silikon Fall:\u00a0Nein Temperaturregelung:\u00a0Nein Eingebaute Oder Externe Batterie:\u00a0Eingebaute Kurzschlussschutz Funktion:\u00a0Ja \u00dcberhitzungsschutz-funktion:\u00a0Nein Niederspannungsalarmfunktion:\u00a0Ja Zerst\u00e4uber Identifikation Funktion:\u00a0Ja TCR Einstellung Modi:\u00a0Nein Nominale Kapazit\u00e4t:\u00a0900 mAh Material:\u00a0Metall Compatible Model:\u00a0Electronic Cigarette Vape Modellnummer:\u00a0VOOPOO V.THRU Pro Pod Vape Kit Usb-ladeger\u00e4t:\u00a0Ja Firmware-upgrade:\u00a0Nein Display:\u00a0Ja Art:\u00a0Mit Batterie Markenname:\u00a0VOOPOO Ursprung:\u00a0CN (Herkunft) &nbsp; Original Voopoo V. Thru Pro [&hellip;]<\/p>","protected":false},"featured_media":8792,"template":"","meta":{"inline_featured_image":false},"product_cat":[750,737,736,749,76],"product_tag":[],"tiered_pricing_type":"fixed","tiered_pricing_fixed_rules":[],"tiered_pricing_percentage_rules":[],"tiered_pricing_minimum":1,"_administrator_tiered_pricing_type":"fixed","_administrator_tiered_pricing_fixed_rules":[],"_editor_tiered_pricing_type":"fixed","_editor_tiered_pricing_fixed_rules":[],"_author_tiered_pricing_type":"fixed","_author_tiered_pricing_fixed_rules":[],"_contributor_tiered_pricing_type":"fixed","_contributor_tiered_pricing_fixed_rules":[],"_subscriber_tiered_pricing_type":"fixed","_subscriber_tiered_pricing_fixed_rules":[],"_customer_tiered_pricing_type":"fixed","_customer_tiered_pricing_fixed_rules":[],"_shop_manager_tiered_pricing_type":"fixed","_shop_manager_tiered_pricing_fixed_rules":[],"_wpseo_manager_tiered_pricing_type":"fixed","_wpseo_manager_tiered_pricing_fixed_rules":[],"_wpseo_editor_tiered_pricing_type":"fixed","_wpseo_editor_tiered_pricing_fixed_rules":[],"_wholesale_customer_tiered_pricing_type":"fixed","_wholesale_customer_tiered_pricing_fixed_rules":[],"_marketer_tiered_pricing_type":"fixed","_marketer_tiered_pricing_fixed_rules":[],"_sales_manager_tiered_pricing_type":"fixed","_sales_manager_tiered_pricing_fixed_rules":[],"_sales_rep_tiered_pricing_type":"fixed","_sales_rep_tiered_pricing_fixed_rules":[],"yoast_head":"<!-- This site is optimized with the Yoast SEO plugin v23.3 - https:\/\/yoast.com\/wordpress\/plugins\/seo\/ -->\n<title>Voopoo v. thru pro pod kit 25w 900mah batterie vthru pro mit 3ml vmate v2 patrone 0.7\/1,2 ohm elektronische zigarette vape | ElementVape.de<\/title>\n<meta name=\"description\" content=\"Wir bieten Voopoo v. thru pro pod kit 25w 900mah batterie vthru pro mit 3ml vmate v2 patrone 0.7\/1,2 ohm elektronische zigarette vape , Elementvape.de akzeptieren Gro\u00df-und Einzelhandel Bestellungen.\" \/>\n<meta name=\"robots\" content=\"index, follow, max-snippet:-1, max-image-preview:large, max-video-preview:-1\" \/>\n<link rel=\"canonical\" href=\"https:\/\/www.elementvape.de\/fi\/produkt\/pro-pod-kit-25w-900mah-batterie-vthru-pro-mit-3ml\/\" \/>\n<meta property=\"og:locale\" content=\"fi_FI\" \/>\n<meta property=\"og:type\" content=\"article\" \/>\n<meta property=\"og:title\" content=\"Voopoo v. thru pro pod kit 25w 900mah batterie vthru pro mit 3ml vmate v2 patrone 0.7\/1,2 ohm elektronische zigarette vape | ElementVape.de\" \/>\n<meta property=\"og:description\" content=\"Wir bieten Voopoo v. thru pro pod kit 25w 900mah batterie vthru pro mit 3ml vmate v2 patrone 0.7\/1,2 ohm elektronische zigarette vape , Elementvape.de akzeptieren Gro\u00df-und Einzelhandel Bestellungen.\" \/>\n<meta property=\"og:url\" content=\"https:\/\/www.elementvape.de\/fi\/produkt\/pro-pod-kit-25w-900mah-batterie-vthru-pro-mit-3ml\/\" \/>\n<meta property=\"og:site_name\" content=\"ElementVape.de\" \/>\n<meta property=\"article:modified_time\" content=\"2024-09-12T10:32:24+00:00\" \/>\n<meta property=\"og:image\" content=\"https:\/\/ae01.alicdn.com\/kf\/S878ac8cf8b83442db544a2541ddb12dbD\/Original-voopoo-v-thru-pro-pod-kit-25w-900mah-batterie-vthru-pro-mit-3ml-vmate-v2.jpg\" \/>\n\t<meta property=\"og:image:width\" content=\"800\" \/>\n\t<meta property=\"og:image:height\" content=\"800\" \/>\n\t<meta property=\"og:image:type\" content=\"image\/jpeg\" \/>\n<meta name=\"twitter:card\" content=\"summary_large_image\" \/>\n<meta name=\"twitter:label1\" content=\"Est. reading time\" \/>\n\t<meta name=\"twitter:data1\" content=\"5 minuuttia\" \/>\n<script type=\"application\/ld+json\" class=\"yoast-schema-graph\">{\"@context\":\"https:\/\/schema.org\",\"@graph\":[{\"@type\":\"WebPage\",\"@id\":\"https:\/\/www.elementvape.de\/es\/produkt\/pro-pod-kit-25w-900mah-batterie-vthru-pro-mit-3ml\/\",\"url\":\"https:\/\/www.elementvape.de\/es\/produkt\/pro-pod-kit-25w-900mah-batterie-vthru-pro-mit-3ml\/\",\"name\":\"Voopoo v. thru pro pod kit 25w 900mah batterie vthru pro mit 3ml vmate v2 patrone 0.7\/1,2 ohm elektronische zigarette vape | ElementVape.de\",\"isPartOf\":{\"@id\":\"https:\/\/www.elementvape.de\/#website\"},\"primaryImageOfPage\":{\"@id\":\"https:\/\/www.elementvape.de\/es\/produkt\/pro-pod-kit-25w-900mah-batterie-vthru-pro-mit-3ml\/#primaryimage\"},\"image\":{\"@id\":\"https:\/\/www.elementvape.de\/es\/produkt\/pro-pod-kit-25w-900mah-batterie-vthru-pro-mit-3ml\/#primaryimage\"},\"thumbnailUrl\":\"https:\/\/ae01.alicdn.com\/kf\/S878ac8cf8b83442db544a2541ddb12dbD\/Original-voopoo-v-thru-pro-pod-kit-25w-900mah-batterie-vthru-pro-mit-3ml-vmate-v2.jpg\",\"datePublished\":\"2024-04-20T06:56:29+00:00\",\"dateModified\":\"2024-09-12T10:32:24+00:00\",\"description\":\"Wir bieten Voopoo v. thru pro pod kit 25w 900mah batterie vthru pro mit 3ml vmate v2 patrone 0.7\/1,2 ohm elektronische zigarette vape , Elementvape.de akzeptieren Gro\u00df-und Einzelhandel Bestellungen.\",\"breadcrumb\":{\"@id\":\"https:\/\/www.elementvape.de\/es\/produkt\/pro-pod-kit-25w-900mah-batterie-vthru-pro-mit-3ml\/#breadcrumb\"},\"inLanguage\":\"fi\",\"potentialAction\":[{\"@type\":\"ReadAction\",\"target\":[\"https:\/\/www.elementvape.de\/es\/produkt\/pro-pod-kit-25w-900mah-batterie-vthru-pro-mit-3ml\/\"]}]},{\"@type\":\"ImageObject\",\"inLanguage\":\"fi\",\"@id\":\"https:\/\/www.elementvape.de\/es\/produkt\/pro-pod-kit-25w-900mah-batterie-vthru-pro-mit-3ml\/#primaryimage\",\"url\":\"https:\/\/ae01.alicdn.com\/kf\/S878ac8cf8b83442db544a2541ddb12dbD\/Original-voopoo-v-thru-pro-pod-kit-25w-900mah-batterie-vthru-pro-mit-3ml-vmate-v2.jpg\",\"contentUrl\":\"https:\/\/ae01.alicdn.com\/kf\/S878ac8cf8b83442db544a2541ddb12dbD\/Original-voopoo-v-thru-pro-pod-kit-25w-900mah-batterie-vthru-pro-mit-3ml-vmate-v2.jpg\",\"width\":800,\"height\":800},{\"@type\":\"BreadcrumbList\",\"@id\":\"https:\/\/www.elementvape.de\/es\/produkt\/pro-pod-kit-25w-900mah-batterie-vthru-pro-mit-3ml\/#breadcrumb\",\"itemListElement\":[{\"@type\":\"ListItem\",\"position\":1,\"name\":\"Home\",\"item\":\"https:\/\/www.elementvape.de\/\"},{\"@type\":\"ListItem\",\"position\":2,\"name\":\"Shop\",\"item\":\"https:\/\/www.elementvape.de\/shop\/\"},{\"@type\":\"ListItem\",\"position\":3,\"name\":\"Voopoo v. thru pro pod kit 25w 900mah batterie vthru pro mit 3ml vmate v2 patrone 0.7\/1,2 ohm elektronische zigarette vape\"}]},{\"@type\":\"WebSite\",\"@id\":\"https:\/\/www.elementvape.de\/#website\",\"url\":\"https:\/\/www.elementvape.de\/\",\"name\":\"ElementVape.de\",\"description\":\"\",\"publisher\":{\"@id\":\"https:\/\/www.elementvape.de\/#organization\"},\"potentialAction\":[{\"@type\":\"SearchAction\",\"target\":{\"@type\":\"EntryPoint\",\"urlTemplate\":\"https:\/\/www.elementvape.de\/?s={search_term_string}\"},\"query-input\":\"required name=search_term_string\"}],\"inLanguage\":\"fi\"},{\"@type\":\"Organization\",\"@id\":\"https:\/\/www.elementvape.de\/#organization\",\"name\":\"ElementVape.DE\",\"url\":\"https:\/\/www.elementvape.de\/\",\"logo\":{\"@type\":\"ImageObject\",\"inLanguage\":\"fi\",\"@id\":\"https:\/\/www.elementvape.de\/#\/schema\/logo\/image\/\",\"url\":\"https:\/\/www.elementvape.de\/wp-content\/uploads\/2024\/09\/cropped-1elementvape-3.png\",\"contentUrl\":\"https:\/\/www.elementvape.de\/wp-content\/uploads\/2024\/09\/cropped-1elementvape-3.png\",\"width\":285,\"height\":228,\"caption\":\"ElementVape.DE\"},\"image\":{\"@id\":\"https:\/\/www.elementvape.de\/#\/schema\/logo\/image\/\"}}]}<\/script>\n<!-- \/ Yoast SEO plugin. -->","yoast_head_json":{"title":"Voopoo v. thru pro pod kit 25w 900mah batterie vthru pro mit 3ml vmate v2 patrone 0.7\/1,2 ohm elektronische zigarette vape | ElementVape.de","description":"Wir bieten Voopoo v. thru pro pod kit 25w 900mah batterie vthru pro mit 3ml vmate v2 patrone 0.7\/1,2 ohm elektronische zigarette vape , Elementvape.de akzeptieren Gro\u00df-und Einzelhandel Bestellungen.","robots":{"index":"index","follow":"follow","max-snippet":"max-snippet:-1","max-image-preview":"max-image-preview:large","max-video-preview":"max-video-preview:-1"},"canonical":"https:\/\/www.elementvape.de\/fi\/produkt\/pro-pod-kit-25w-900mah-batterie-vthru-pro-mit-3ml\/","og_locale":"fi_FI","og_type":"article","og_title":"Voopoo v. thru pro pod kit 25w 900mah batterie vthru pro mit 3ml vmate v2 patrone 0.7\/1,2 ohm elektronische zigarette vape | ElementVape.de","og_description":"Wir bieten Voopoo v. thru pro pod kit 25w 900mah batterie vthru pro mit 3ml vmate v2 patrone 0.7\/1,2 ohm elektronische zigarette vape , Elementvape.de akzeptieren Gro\u00df-und Einzelhandel Bestellungen.","og_url":"https:\/\/www.elementvape.de\/fi\/produkt\/pro-pod-kit-25w-900mah-batterie-vthru-pro-mit-3ml\/","og_site_name":"ElementVape.de","article_modified_time":"2024-09-12T10:32:24+00:00","og_image":[{"width":800,"height":800,"url":"https:\/\/ae01.alicdn.com\/kf\/S878ac8cf8b83442db544a2541ddb12dbD\/Original-voopoo-v-thru-pro-pod-kit-25w-900mah-batterie-vthru-pro-mit-3ml-vmate-v2.jpg","type":"image\/jpeg"}],"twitter_card":"summary_large_image","twitter_misc":{"Est. reading time":"5 minuuttia"},"schema":{"@context":"https:\/\/schema.org","@graph":[{"@type":"WebPage","@id":"https:\/\/www.elementvape.de\/es\/produkt\/pro-pod-kit-25w-900mah-batterie-vthru-pro-mit-3ml\/","url":"https:\/\/www.elementvape.de\/es\/produkt\/pro-pod-kit-25w-900mah-batterie-vthru-pro-mit-3ml\/","name":"Voopoo v. thru pro pod kit 25w 900mah batterie vthru pro mit 3ml vmate v2 patrone 0.7\/1,2 ohm elektronische zigarette vape | ElementVape.de","isPartOf":{"@id":"https:\/\/www.elementvape.de\/#website"},"primaryImageOfPage":{"@id":"https:\/\/www.elementvape.de\/es\/produkt\/pro-pod-kit-25w-900mah-batterie-vthru-pro-mit-3ml\/#primaryimage"},"image":{"@id":"https:\/\/www.elementvape.de\/es\/produkt\/pro-pod-kit-25w-900mah-batterie-vthru-pro-mit-3ml\/#primaryimage"},"thumbnailUrl":"https:\/\/ae01.alicdn.com\/kf\/S878ac8cf8b83442db544a2541ddb12dbD\/Original-voopoo-v-thru-pro-pod-kit-25w-900mah-batterie-vthru-pro-mit-3ml-vmate-v2.jpg","datePublished":"2024-04-20T06:56:29+00:00","dateModified":"2024-09-12T10:32:24+00:00","description":"Wir bieten Voopoo v. thru pro pod kit 25w 900mah batterie vthru pro mit 3ml vmate v2 patrone 0.7\/1,2 ohm elektronische zigarette vape , Elementvape.de akzeptieren Gro\u00df-und Einzelhandel Bestellungen.","breadcrumb":{"@id":"https:\/\/www.elementvape.de\/es\/produkt\/pro-pod-kit-25w-900mah-batterie-vthru-pro-mit-3ml\/#breadcrumb"},"inLanguage":"fi","potentialAction":[{"@type":"ReadAction","target":["https:\/\/www.elementvape.de\/es\/produkt\/pro-pod-kit-25w-900mah-batterie-vthru-pro-mit-3ml\/"]}]},{"@type":"ImageObject","inLanguage":"fi","@id":"https:\/\/www.elementvape.de\/es\/produkt\/pro-pod-kit-25w-900mah-batterie-vthru-pro-mit-3ml\/#primaryimage","url":"https:\/\/ae01.alicdn.com\/kf\/S878ac8cf8b83442db544a2541ddb12dbD\/Original-voopoo-v-thru-pro-pod-kit-25w-900mah-batterie-vthru-pro-mit-3ml-vmate-v2.jpg","contentUrl":"https:\/\/ae01.alicdn.com\/kf\/S878ac8cf8b83442db544a2541ddb12dbD\/Original-voopoo-v-thru-pro-pod-kit-25w-900mah-batterie-vthru-pro-mit-3ml-vmate-v2.jpg","width":800,"height":800},{"@type":"BreadcrumbList","@id":"https:\/\/www.elementvape.de\/es\/produkt\/pro-pod-kit-25w-900mah-batterie-vthru-pro-mit-3ml\/#breadcrumb","itemListElement":[{"@type":"ListItem","position":1,"name":"Home","item":"https:\/\/www.elementvape.de\/"},{"@type":"ListItem","position":2,"name":"Shop","item":"https:\/\/www.elementvape.de\/shop\/"},{"@type":"ListItem","position":3,"name":"Voopoo v. thru pro pod kit 25w 900mah batterie vthru pro mit 3ml vmate v2 patrone 0.7\/1,2 ohm elektronische zigarette vape"}]},{"@type":"WebSite","@id":"https:\/\/www.elementvape.de\/#website","url":"https:\/\/www.elementvape.de\/","name":"ElementVape.de","description":"","publisher":{"@id":"https:\/\/www.elementvape.de\/#organization"},"potentialAction":[{"@type":"SearchAction","target":{"@type":"EntryPoint","urlTemplate":"https:\/\/www.elementvape.de\/?s={search_term_string}"},"query-input":"required name=search_term_string"}],"inLanguage":"fi"},{"@type":"Organization","@id":"https:\/\/www.elementvape.de\/#organization","name":"ElementVape.DE","url":"https:\/\/www.elementvape.de\/","logo":{"@type":"ImageObject","inLanguage":"fi","@id":"https:\/\/www.elementvape.de\/#\/schema\/logo\/image\/","url":"https:\/\/www.elementvape.de\/wp-content\/uploads\/2024\/09\/cropped-1elementvape-3.png","contentUrl":"https:\/\/www.elementvape.de\/wp-content\/uploads\/2024\/09\/cropped-1elementvape-3.png","width":285,"height":228,"caption":"ElementVape.DE"},"image":{"@id":"https:\/\/www.elementvape.de\/#\/schema\/logo\/image\/"}}]}},"_links":{"self":[{"href":"https:\/\/www.elementvape.de\/fi\/wp-json\/wp\/v2\/product\/8791"}],"collection":[{"href":"https:\/\/www.elementvape.de\/fi\/wp-json\/wp\/v2\/product"}],"about":[{"href":"https:\/\/www.elementvape.de\/fi\/wp-json\/wp\/v2\/types\/product"}],"wp:featuredmedia":[{"embeddable":true,"href":"https:\/\/www.elementvape.de\/fi\/wp-json\/wp\/v2\/media\/8792"}],"wp:attachment":[{"href":"https:\/\/www.elementvape.de\/fi\/wp-json\/wp\/v2\/media?parent=8791"}],"wp:term":[{"taxonomy":"product_cat","embeddable":true,"href":"https:\/\/www.elementvape.de\/fi\/wp-json\/wp\/v2\/product_cat?post=8791"},{"taxonomy":"product_tag","embeddable":true,"href":"https:\/\/www.elementvape.de\/fi\/wp-json\/wp\/v2\/product_tag?post=8791"}],"curies":[{"name":"wp","href":"https:\/\/api.w.org\/{rel}","templated":true}]}}