{"id":8660,"date":"2024-04-20T06:46:08","date_gmt":"2024-04-20T06:46:08","guid":{"rendered":"https:\/\/www.elementvape.de\/?post_type=product&#038;p=8660"},"modified":"2024-09-12T10:32:30","modified_gmt":"2024-09-12T10:32:30","slug":"uwell-caliburn-g2-pod-kit-18w-vape-750mah","status":"publish","type":"product","link":"https:\/\/www.elementvape.de\/fi\/produkt\/uwell-caliburn-g2-pod-kit-18w-vape-750mah\/","title":{"rendered":"Uwell Caliburn G2 Pod Kit 18W Vape 750mAh 2ml Patrone Vermaschten-H 1,2 ohm\/0,8 ohm Spule MTL\/RDTL E-savuke Vapesin"},"content":{"rendered":"<p>&nbsp;<\/p>\n<div class=\"product-specs-list-container\">\n<ul class=\"product-specs-list util-clearfix\">\n<li class=\"product-prop line-limit-length\"><span class=\"property-title\">Ulkon\u00e4k\u00f6:\u00a0<\/span><span class=\"property-desc line-limit-length\">Putkimainen muoto<\/span><\/li>\n<li class=\"product-prop line-limit-length\"><span class=\"property-title\">Yhteensopiva akku:\u00a0<\/span><span class=\"property-desc line-limit-length\">Ei<\/span><\/li>\n<li class=\"product-prop line-limit-length\"><span class=\"property-title\">Tarkkailutoiminto tupakointim\u00e4\u00e4r\u00e4lle:\u00a0<\/span><span class=\"property-desc line-limit-length\">Ei<\/span><\/li>\n<li class=\"product-prop line-limit-length\"><span class=\"property-title\">Siliconkotelon tapauksessa\u00a0<\/span><span class=\"property-desc line-limit-length\">Ei<\/span><\/li>\n<li class=\"product-prop line-limit-length\"><span class=\"property-title\">L\u00e4mp\u00f6tilans\u00e4\u00e4t\u00f6:\u00a0<\/span><span class=\"property-desc line-limit-length\">Ei<\/span><\/li>\n<li class=\"product-prop line-limit-length\"><span class=\"property-title\">Sis\u00e4\u00e4nrakennettu tai ulkoinen akku:\u00a0<\/span><span class=\"property-desc line-limit-length\">Sis\u00e4\u00e4nrakennettu<\/span><\/li>\n<li class=\"product-prop line-limit-length\"><span class=\"property-title\">Oikosulkuvaimennustoiminto:\u00a0<\/span><span class=\"property-desc line-limit-length\">Ja<\/span><\/li>\n<li class=\"product-prop line-limit-length\"><span class=\"property-title\">Ylikuumenemissuoja-toiminto:\u00a0<\/span><span class=\"property-desc line-limit-length\">Ja<\/span><\/li>\n<li class=\"product-prop line-limit-length\"><span class=\"property-title\">Alhaisen j\u00e4nnitteen h\u00e4lytysominaisuus:\u00a0<\/span><span class=\"property-desc line-limit-length\">Ja<\/span><\/li>\n<li class=\"product-prop line-limit-length\"><span class=\"property-title\">Sumutin tunnistus toiminto:\u00a0<\/span><span class=\"property-desc line-limit-length\">Ei<\/span><\/li>\n<li class=\"product-prop line-limit-length\"><span class=\"property-title\">TCR-asetustila:\u00a0<\/span><span class=\"property-desc line-limit-length\">Ei<\/span><\/li>\n<li class=\"product-prop line-limit-length\"><span class=\"property-title\">Nominakapasiteetti:\u00a0<\/span><span class=\"property-desc line-limit-length\">Ei<\/span><\/li>\n<li class=\"product-prop line-limit-length\"><span class=\"property-title\">Materiaali:\u00a0<\/span><span class=\"property-desc line-limit-length\">Metalli<\/span><\/li>\n<li class=\"product-prop line-limit-length\"><span class=\"property-title\">Yhteensopiva malli:\u00a0<\/span><span class=\"property-desc line-limit-length\">S\u00e4hk\u00f6tupakkah\u00f6yrystin<\/span><\/li>\n<li class=\"product-prop line-limit-length\"><span class=\"property-title\">Mallinumero:\u00a0<\/span><span class=\"property-desc line-limit-length\">Uwell Caliburn G 2 Pod Kit<\/span><\/li>\n<li class=\"product-prop line-limit-length\"><span class=\"property-title\">Usb-laturi:\u00a0<\/span><span class=\"property-desc line-limit-length\">Ja<\/span><\/li>\n<li class=\"product-prop line-limit-length\"><span class=\"property-title\">Firmware-p\u00e4ivitys:\u00a0<\/span><span class=\"property-desc line-limit-length\">Ei<\/span><\/li>\n<li class=\"product-prop line-limit-length\"><span class=\"property-title\">N\u00e4ytt\u00f6:\u00a0<\/span><span class=\"property-desc line-limit-length\">Ei<\/span><\/li>\n<li class=\"product-prop line-limit-length\"><span class=\"property-title\">Tyyppi:\u00a0<\/span><span class=\"property-desc line-limit-length\">Akulla<\/span><\/li>\n<li class=\"product-prop line-limit-length\"><span class=\"property-title\">Tavaramerkki:\u00a0<\/span><span class=\"property-desc line-limit-length\">L\u00e4mp\u00f6tilans\u00e4\u00e4t\u00f6: Ei<\/span><\/li>\n<li class=\"product-prop line-limit-length\"><span class=\"property-title\">Alkuper\u00e4:\u00a0<\/span><span class=\"property-desc line-limit-length\">FI (Alkuper\u00e4)<\/span><\/li>\n<\/ul>\n<\/div>\n<div class=\"detailmodule_html\">\n<div class=\"detail-desc-decorate-richtext\">\n<div class=\"detailmodule_text\">\n<p class=\"detail-desc-decorate-title\" style=\"font-family: OpenSans; font-size: 20px; font-weight: 900; line-height: 28px; margin-bottom: 12px;\">Uwell Caliburn G2 Pod Kit 18W Vape 750mAh 2ml Patrone Vermaschten-H 1,2 ohm\/0,8 ohm Spule MTL\/RDTL E-savuke Vapesin<\/p>\n<p class=\"detail-desc-decorate-content\" style=\"font-family: OpenSans; font-size: 14px; font-weight: 300; line-height: 20px; margin-bottom: 12px;\">Caliburn G2 Kit on uusi j\u00e4sen Caliburn-sarjassa. Siin\u00e4 on 750mAh akku ja 2ml e-s\u00e4ili\u00f6n kapasiteetti. Vibrationtutkan avulla voit tiet\u00e4\u00e4, milloin laite on k\u00e4yt\u00f6ss\u00e4 ilman etsimist\u00e4. Progressiivisen ilmavirtas\u00e4\u00e4d\u00f6n muotoilu auttaa nauttimaan omasta tiiviydest\u00e4si. Caliburn G2 Pod Kit sis\u00e4lt\u00e4\u00e4 e-s\u00e4ili\u00f6n tarkistusikkunan ja esiasennetun mesh-H 1,2 ohmin kela. Lis\u00e4ksi se on yhteensopiva Caliburn G:n 1,0 ohmin ja 0,8 ohmin kelan kanssa. Paketti sis\u00e4lt\u00e4\u00e4 1,2 ohmin ja 0,8 ohmin kelat, jotka soveltuvat MTL- ja rajoitettuun DTL-vapingiin. Pro-FOCS-makuns\u00e4\u00e4t\u00f6tekniikka tuo esiin alkuper\u00e4isen maun, puhtaan ja viimeisen tipan e-s\u00e4ili\u00f6st\u00e4. Voit t\u00e4ytt\u00e4\u00e4 sen helposti, eik\u00e4 vuotojen huoli ole tarpeen t\u00e4ytt\u00f6portin ansiosta yl\u00e4osassa. Caliburn G2 voidaan aktivoida vet\u00e4m\u00e4ll\u00e4 tai painamalla painiketta.<\/p>\n<\/div>\n<div class=\"detailmodule_text\">\n<p class=\"detail-desc-decorate-title\" style=\"font-family: OpenSans; font-size: 20px; font-weight: 900; line-height: 28px; margin-bottom: 12px;\">M\u00e4\u00e4ritykset:<\/p>\n<p class=\"detail-desc-decorate-content\" style=\"font-family: OpenSans; font-size: 14px; font-weight: 300; line-height: 20px; margin-bottom: 12px;\">\u2022 K\u00e4ytt\u00e4\u00e4 Pro-FOCS-teknologiaa<br \/>\n\u2022 2ml h\u00f6yrystys<br \/>\n\u2022 Yl\u00e4osan t\u00e4ytt\u00f6j\u00e4rjestelm\u00e4<br \/>\n\u2022 Nesteen tarkistusikkuna<br \/>\n\u2022 Tarkka ilmavirtas\u00e4\u00e4din<br \/>\n\u2022 Esiasennettu mesh-H 1,2 ohmin kela<br \/>\n\u2022 750mAh sis\u00e4\u00e4nrakennettu akku<br \/>\n\u2022 Nopea 18W l\u00e4ht\u00f6<br \/>\n\u2022 Soveltuu sek\u00e4 MTL-vapingiin ett\u00e4 rajoitettuun DTL-vapingiin<br \/>\n\u2022 Saatavilla sek\u00e4 vetov\u00e4litteisell\u00e4 ett\u00e4 painikkeella aktivoitavalla tilalla<\/p>\n<\/div>\n<div class=\"detailmodule_text\">\n<p class=\"detail-desc-decorate-title\" style=\"font-family: OpenSans; font-size: 20px; font-weight: 900; line-height: 28px; margin-bottom: 12px;\">Paket sis\u00e4lt\u00e4\u00e4:<\/p>\n<p class=\"detail-desc-decorate-content\" style=\"font-family: OpenSans; font-size: 14px; font-weight: 300; line-height: 20px; margin-bottom: 12px;\">1 * Uwell Caliburn G2 Pod System Kit<br \/>\n1 * Uwell UN2 Mesh-H 1,2 ohmin Caliburn G2 kela (esiasennettu)<br \/>\n1 * Uwell UN2 Mesh-H 0,8 ohmin Caliburn G2 kela (varakela)<br \/>\n1 * tyyppi-C laturi<br \/>\n1 * k\u00e4ytt\u00e4j\u00e4n k\u00e4sikirja<\/p>\n<\/div>\n<div class=\"detailmodule_image\"><img decoding=\"async\" loading=\"lazy\" class=\"detail-desc-decorate-image\" src=\"https:\/\/ae01.alicdn.com\/kf\/H60a8b73e18294ef68c7343200798157bA.jpg\" \/><img decoding=\"async\" loading=\"lazy\" class=\"detail-desc-decorate-image\" src=\"https:\/\/ae01.alicdn.com\/kf\/H2915a4b2fe0e4cf6847cabc57137991dI.jpg\" \/><img decoding=\"async\" loading=\"lazy\" class=\"detail-desc-decorate-image\" src=\"https:\/\/ae01.alicdn.com\/kf\/H30ae1005c8f74912853d77891334dd69y.jpg\" \/><img decoding=\"async\" loading=\"lazy\" class=\"detail-desc-decorate-image\" src=\"https:\/\/ae01.alicdn.com\/kf\/H4353af4a07be4ca082760f7615afd16aR.jpg\" \/><img decoding=\"async\" loading=\"lazy\" class=\"detail-desc-decorate-image\" src=\"https:\/\/ae01.alicdn.com\/kf\/H8ae84cf8b3a6429cb540e55f0112d8608.jpg\" \/><img decoding=\"async\" loading=\"lazy\" class=\"detail-desc-decorate-image\" src=\"https:\/\/ae01.alicdn.com\/kf\/H5ca3b91d3396414bab552e6652c665adc.jpg\" \/><img decoding=\"async\" loading=\"lazy\" class=\"detail-desc-decorate-image\" src=\"https:\/\/ae01.alicdn.com\/kf\/H91cb05b4f59146fc82d86f3967003669a.jpg\" \/><img decoding=\"async\" loading=\"lazy\" class=\"detail-desc-decorate-image\" src=\"https:\/\/ae01.alicdn.com\/kf\/H34ee0441b2c74bec81497d4d21dc919bG.jpg\" \/><\/div>\n<div class=\"detailmodule_image\"><img decoding=\"async\" loading=\"lazy\" class=\"detail-desc-decorate-image\" src=\"https:\/\/ae01.alicdn.com\/kf\/H01b90bc9d3bb45a48d378f36c009a219I.jpg\" \/><img decoding=\"async\" loading=\"lazy\" class=\"detail-desc-decorate-image\" src=\"https:\/\/ae01.alicdn.com\/kf\/H44ce53557a4d4f9a8eadef1cb9c0bcf8f.jpg\" \/><img decoding=\"async\" loading=\"lazy\" class=\"detail-desc-decorate-image\" src=\"https:\/\/ae01.alicdn.com\/kf\/H5cbfd2609ae449879c8bece933c07b4aP.jpg\" \/><img decoding=\"async\" loading=\"lazy\" class=\"detail-desc-decorate-image\" src=\"https:\/\/ae01.alicdn.com\/kf\/H9ad5265f7df8413497bb2a1475734f63E.jpg\" \/><img decoding=\"async\" loading=\"lazy\" class=\"detail-desc-decorate-image\" src=\"https:\/\/ae01.alicdn.com\/kf\/H5b4c104d6d8c40b9aa7ad6a228ceded4D.jpg\" \/><\/div>\n<p>&nbsp;<\/p>\n<\/div>\n<\/div>","protected":false},"excerpt":{"rendered":"<p>&nbsp; Aussehen:\u00a0Zylindrische Form Kompatibler Akku:\u00a0Kein \u00dcberwachung Funktion Von Rauchen Anzahl:\u00a0Nein Silikon Fall:\u00a0Nein Temperaturregelung:\u00a0Nein Eingebaute Oder Externe Batterie:\u00a0Eingebaute Kurzschlussschutz Funktion:\u00a0Ja \u00dcberhitzungsschutz-funktion:\u00a0Ja Niederspannungsalarmfunktion:\u00a0Ja Zerst\u00e4uber Identifikation Funktion:\u00a0Nein TCR Einstellung Modi:\u00a0Nein Nominale Kapazit\u00e4t:\u00a0Kein Material:\u00a0Metall Compatible Model:\u00a0Electronic Cigarette Vaporizer Modellnummer:\u00a0Uwell Caliburn G 2 Pod Kit Usb-ladeger\u00e4t:\u00a0Ja Firmware-upgrade:\u00a0Nein Display:\u00a0Nein Art:\u00a0Mit Batterie Markenname:\u00a0UWELL Ursprung:\u00a0CN (Herkunft) Original Uwell Caliburn G 2 Pod Kit [&hellip;]<\/p>","protected":false},"featured_media":8661,"template":"","meta":{"inline_featured_image":false},"product_cat":[750,737,736,749,76],"product_tag":[],"tiered_pricing_type":"fixed","tiered_pricing_fixed_rules":[],"tiered_pricing_percentage_rules":[],"tiered_pricing_minimum":1,"_administrator_tiered_pricing_type":"fixed","_administrator_tiered_pricing_fixed_rules":[],"_editor_tiered_pricing_type":"fixed","_editor_tiered_pricing_fixed_rules":[],"_author_tiered_pricing_type":"fixed","_author_tiered_pricing_fixed_rules":[],"_contributor_tiered_pricing_type":"fixed","_contributor_tiered_pricing_fixed_rules":[],"_subscriber_tiered_pricing_type":"fixed","_subscriber_tiered_pricing_fixed_rules":[],"_customer_tiered_pricing_type":"fixed","_customer_tiered_pricing_fixed_rules":[],"_shop_manager_tiered_pricing_type":"fixed","_shop_manager_tiered_pricing_fixed_rules":[],"_wpseo_manager_tiered_pricing_type":"fixed","_wpseo_manager_tiered_pricing_fixed_rules":[],"_wpseo_editor_tiered_pricing_type":"fixed","_wpseo_editor_tiered_pricing_fixed_rules":[],"_wholesale_customer_tiered_pricing_type":"fixed","_wholesale_customer_tiered_pricing_fixed_rules":[],"_marketer_tiered_pricing_type":"fixed","_marketer_tiered_pricing_fixed_rules":[],"_sales_manager_tiered_pricing_type":"fixed","_sales_manager_tiered_pricing_fixed_rules":[],"_sales_rep_tiered_pricing_type":"fixed","_sales_rep_tiered_pricing_fixed_rules":[],"yoast_head":"<!-- This site is optimized with the Yoast SEO plugin v23.3 - https:\/\/yoast.com\/wordpress\/plugins\/seo\/ -->\n<title>Uwell Caliburn G2 Pod Kit 18W Vape 750mAh 2ml Patrone Vermaschten-H 1,2 ohm\/0,8 ohm Spule MTL\/RDTL E Zigarette Verdampfer | ElementVape.de<\/title>\n<meta name=\"description\" content=\"Wir bieten Uwell Caliburn G2 Pod Kit 18W Vape 750mAh 2ml Patrone Vermaschten-H 1,2 ohm\/0,8 ohm Spule MTL\/RDTL E Zigarette Verdampfer , Elementvape.de akzeptieren Gro\u00df-und Einzelhandel Bestellungen.\" \/>\n<meta name=\"robots\" content=\"index, follow, max-snippet:-1, max-image-preview:large, max-video-preview:-1\" \/>\n<link rel=\"canonical\" href=\"https:\/\/www.elementvape.de\/fi\/produkt\/uwell-caliburn-g2-pod-kit-18w-vape-750mah\/\" \/>\n<meta property=\"og:locale\" content=\"fi_FI\" \/>\n<meta property=\"og:type\" content=\"article\" \/>\n<meta property=\"og:title\" content=\"Uwell Caliburn G2 Pod Kit 18W Vape 750mAh 2ml Patrone Vermaschten-H 1,2 ohm\/0,8 ohm Spule MTL\/RDTL E Zigarette Verdampfer | ElementVape.de\" \/>\n<meta property=\"og:description\" content=\"Wir bieten Uwell Caliburn G2 Pod Kit 18W Vape 750mAh 2ml Patrone Vermaschten-H 1,2 ohm\/0,8 ohm Spule MTL\/RDTL E Zigarette Verdampfer , Elementvape.de akzeptieren Gro\u00df-und Einzelhandel Bestellungen.\" \/>\n<meta property=\"og:url\" content=\"https:\/\/www.elementvape.de\/fi\/produkt\/uwell-caliburn-g2-pod-kit-18w-vape-750mah\/\" \/>\n<meta property=\"og:site_name\" content=\"ElementVape.de\" \/>\n<meta property=\"article:modified_time\" content=\"2024-09-12T10:32:30+00:00\" \/>\n<meta property=\"og:image\" content=\"https:\/\/ae01.alicdn.com\/kf\/Sc5ea778169ac442083f778ddc17591e8g\/Original-Uwell-Caliburn-G2-Pod-Kit-18W-Vape-750mAh-2ml-Patrone-Vermaschten-H-1-2-ohm.png\" \/>\n\t<meta property=\"og:image:width\" content=\"800\" \/>\n\t<meta property=\"og:image:height\" content=\"800\" \/>\n\t<meta property=\"og:image:type\" content=\"image\/png\" \/>\n<meta name=\"twitter:card\" content=\"summary_large_image\" \/>\n<meta name=\"twitter:label1\" content=\"Est. reading time\" \/>\n\t<meta name=\"twitter:data1\" content=\"5 minuuttia\" \/>\n<script type=\"application\/ld+json\" class=\"yoast-schema-graph\">{\"@context\":\"https:\/\/schema.org\",\"@graph\":[{\"@type\":\"WebPage\",\"@id\":\"https:\/\/www.elementvape.de\/produkt\/uwell-caliburn-g2-pod-kit-18w-vape-750mah\/\",\"url\":\"https:\/\/www.elementvape.de\/produkt\/uwell-caliburn-g2-pod-kit-18w-vape-750mah\/\",\"name\":\"Uwell Caliburn G2 Pod Kit 18W Vape 750mAh 2ml Patrone Vermaschten-H 1,2 ohm\/0,8 ohm Spule MTL\/RDTL E Zigarette Verdampfer | ElementVape.de\",\"isPartOf\":{\"@id\":\"https:\/\/www.elementvape.de\/#website\"},\"primaryImageOfPage\":{\"@id\":\"https:\/\/www.elementvape.de\/produkt\/uwell-caliburn-g2-pod-kit-18w-vape-750mah\/#primaryimage\"},\"image\":{\"@id\":\"https:\/\/www.elementvape.de\/produkt\/uwell-caliburn-g2-pod-kit-18w-vape-750mah\/#primaryimage\"},\"thumbnailUrl\":\"https:\/\/ae01.alicdn.com\/kf\/Sc5ea778169ac442083f778ddc17591e8g\/Original-Uwell-Caliburn-G2-Pod-Kit-18W-Vape-750mAh-2ml-Patrone-Vermaschten-H-1-2-ohm.png\",\"datePublished\":\"2024-04-20T06:46:08+00:00\",\"dateModified\":\"2024-09-12T10:32:30+00:00\",\"description\":\"Wir bieten Uwell Caliburn G2 Pod Kit 18W Vape 750mAh 2ml Patrone Vermaschten-H 1,2 ohm\/0,8 ohm Spule MTL\/RDTL E Zigarette Verdampfer , Elementvape.de akzeptieren Gro\u00df-und Einzelhandel Bestellungen.\",\"breadcrumb\":{\"@id\":\"https:\/\/www.elementvape.de\/produkt\/uwell-caliburn-g2-pod-kit-18w-vape-750mah\/#breadcrumb\"},\"inLanguage\":\"fi\",\"potentialAction\":[{\"@type\":\"ReadAction\",\"target\":[\"https:\/\/www.elementvape.de\/produkt\/uwell-caliburn-g2-pod-kit-18w-vape-750mah\/\"]}]},{\"@type\":\"ImageObject\",\"inLanguage\":\"fi\",\"@id\":\"https:\/\/www.elementvape.de\/produkt\/uwell-caliburn-g2-pod-kit-18w-vape-750mah\/#primaryimage\",\"url\":\"https:\/\/ae01.alicdn.com\/kf\/Sc5ea778169ac442083f778ddc17591e8g\/Original-Uwell-Caliburn-G2-Pod-Kit-18W-Vape-750mAh-2ml-Patrone-Vermaschten-H-1-2-ohm.png\",\"contentUrl\":\"https:\/\/ae01.alicdn.com\/kf\/Sc5ea778169ac442083f778ddc17591e8g\/Original-Uwell-Caliburn-G2-Pod-Kit-18W-Vape-750mAh-2ml-Patrone-Vermaschten-H-1-2-ohm.png\",\"width\":800,\"height\":800},{\"@type\":\"BreadcrumbList\",\"@id\":\"https:\/\/www.elementvape.de\/produkt\/uwell-caliburn-g2-pod-kit-18w-vape-750mah\/#breadcrumb\",\"itemListElement\":[{\"@type\":\"ListItem\",\"position\":1,\"name\":\"Home\",\"item\":\"https:\/\/www.elementvape.de\/\"},{\"@type\":\"ListItem\",\"position\":2,\"name\":\"Shop\",\"item\":\"https:\/\/www.elementvape.de\/shop\/\"},{\"@type\":\"ListItem\",\"position\":3,\"name\":\"Uwell Caliburn G2 Pod Kit 18W Vape 750mAh 2ml Patrone Vermaschten-H 1,2 ohm\/0,8 ohm Spule MTL\/RDTL E Zigarette Verdampfer\"}]},{\"@type\":\"WebSite\",\"@id\":\"https:\/\/www.elementvape.de\/#website\",\"url\":\"https:\/\/www.elementvape.de\/\",\"name\":\"ElementVape.de\",\"description\":\"\",\"publisher\":{\"@id\":\"https:\/\/www.elementvape.de\/#organization\"},\"potentialAction\":[{\"@type\":\"SearchAction\",\"target\":{\"@type\":\"EntryPoint\",\"urlTemplate\":\"https:\/\/www.elementvape.de\/?s={search_term_string}\"},\"query-input\":\"required name=search_term_string\"}],\"inLanguage\":\"fi\"},{\"@type\":\"Organization\",\"@id\":\"https:\/\/www.elementvape.de\/#organization\",\"name\":\"ElementVape.DE\",\"url\":\"https:\/\/www.elementvape.de\/\",\"logo\":{\"@type\":\"ImageObject\",\"inLanguage\":\"fi\",\"@id\":\"https:\/\/www.elementvape.de\/#\/schema\/logo\/image\/\",\"url\":\"https:\/\/www.elementvape.de\/wp-content\/uploads\/2024\/09\/cropped-1elementvape-3.png\",\"contentUrl\":\"https:\/\/www.elementvape.de\/wp-content\/uploads\/2024\/09\/cropped-1elementvape-3.png\",\"width\":285,\"height\":228,\"caption\":\"ElementVape.DE\"},\"image\":{\"@id\":\"https:\/\/www.elementvape.de\/#\/schema\/logo\/image\/\"}}]}<\/script>\n<!-- \/ Yoast SEO plugin. -->","yoast_head_json":{"title":"Uwell Caliburn G2 Pod Kit 18W Vape 750mAh 2ml Patrone Vermaschten-H 1,2 ohm\/0,8 ohm Spule MTL\/RDTL E Zigarette Verdampfer | ElementVape.de","description":"Wir bieten Uwell Caliburn G2 Pod Kit 18W Vape 750mAh 2ml Patrone Vermaschten-H 1,2 ohm\/0,8 ohm Spule MTL\/RDTL E Zigarette Verdampfer , Elementvape.de akzeptieren Gro\u00df-und Einzelhandel Bestellungen.","robots":{"index":"index","follow":"follow","max-snippet":"max-snippet:-1","max-image-preview":"max-image-preview:large","max-video-preview":"max-video-preview:-1"},"canonical":"https:\/\/www.elementvape.de\/fi\/produkt\/uwell-caliburn-g2-pod-kit-18w-vape-750mah\/","og_locale":"fi_FI","og_type":"article","og_title":"Uwell Caliburn G2 Pod Kit 18W Vape 750mAh 2ml Patrone Vermaschten-H 1,2 ohm\/0,8 ohm Spule MTL\/RDTL E Zigarette Verdampfer | ElementVape.de","og_description":"Wir bieten Uwell Caliburn G2 Pod Kit 18W Vape 750mAh 2ml Patrone Vermaschten-H 1,2 ohm\/0,8 ohm Spule MTL\/RDTL E Zigarette Verdampfer , Elementvape.de akzeptieren Gro\u00df-und Einzelhandel Bestellungen.","og_url":"https:\/\/www.elementvape.de\/fi\/produkt\/uwell-caliburn-g2-pod-kit-18w-vape-750mah\/","og_site_name":"ElementVape.de","article_modified_time":"2024-09-12T10:32:30+00:00","og_image":[{"width":800,"height":800,"url":"https:\/\/ae01.alicdn.com\/kf\/Sc5ea778169ac442083f778ddc17591e8g\/Original-Uwell-Caliburn-G2-Pod-Kit-18W-Vape-750mAh-2ml-Patrone-Vermaschten-H-1-2-ohm.png","type":"image\/png"}],"twitter_card":"summary_large_image","twitter_misc":{"Est. reading time":"5 minuuttia"},"schema":{"@context":"https:\/\/schema.org","@graph":[{"@type":"WebPage","@id":"https:\/\/www.elementvape.de\/produkt\/uwell-caliburn-g2-pod-kit-18w-vape-750mah\/","url":"https:\/\/www.elementvape.de\/produkt\/uwell-caliburn-g2-pod-kit-18w-vape-750mah\/","name":"Uwell Caliburn G2 Pod Kit 18W Vape 750mAh 2ml Patrone Vermaschten-H 1,2 ohm\/0,8 ohm Spule MTL\/RDTL E Zigarette Verdampfer | ElementVape.de","isPartOf":{"@id":"https:\/\/www.elementvape.de\/#website"},"primaryImageOfPage":{"@id":"https:\/\/www.elementvape.de\/produkt\/uwell-caliburn-g2-pod-kit-18w-vape-750mah\/#primaryimage"},"image":{"@id":"https:\/\/www.elementvape.de\/produkt\/uwell-caliburn-g2-pod-kit-18w-vape-750mah\/#primaryimage"},"thumbnailUrl":"https:\/\/ae01.alicdn.com\/kf\/Sc5ea778169ac442083f778ddc17591e8g\/Original-Uwell-Caliburn-G2-Pod-Kit-18W-Vape-750mAh-2ml-Patrone-Vermaschten-H-1-2-ohm.png","datePublished":"2024-04-20T06:46:08+00:00","dateModified":"2024-09-12T10:32:30+00:00","description":"Wir bieten Uwell Caliburn G2 Pod Kit 18W Vape 750mAh 2ml Patrone Vermaschten-H 1,2 ohm\/0,8 ohm Spule MTL\/RDTL E Zigarette Verdampfer , Elementvape.de akzeptieren Gro\u00df-und Einzelhandel Bestellungen.","breadcrumb":{"@id":"https:\/\/www.elementvape.de\/produkt\/uwell-caliburn-g2-pod-kit-18w-vape-750mah\/#breadcrumb"},"inLanguage":"fi","potentialAction":[{"@type":"ReadAction","target":["https:\/\/www.elementvape.de\/produkt\/uwell-caliburn-g2-pod-kit-18w-vape-750mah\/"]}]},{"@type":"ImageObject","inLanguage":"fi","@id":"https:\/\/www.elementvape.de\/produkt\/uwell-caliburn-g2-pod-kit-18w-vape-750mah\/#primaryimage","url":"https:\/\/ae01.alicdn.com\/kf\/Sc5ea778169ac442083f778ddc17591e8g\/Original-Uwell-Caliburn-G2-Pod-Kit-18W-Vape-750mAh-2ml-Patrone-Vermaschten-H-1-2-ohm.png","contentUrl":"https:\/\/ae01.alicdn.com\/kf\/Sc5ea778169ac442083f778ddc17591e8g\/Original-Uwell-Caliburn-G2-Pod-Kit-18W-Vape-750mAh-2ml-Patrone-Vermaschten-H-1-2-ohm.png","width":800,"height":800},{"@type":"BreadcrumbList","@id":"https:\/\/www.elementvape.de\/produkt\/uwell-caliburn-g2-pod-kit-18w-vape-750mah\/#breadcrumb","itemListElement":[{"@type":"ListItem","position":1,"name":"Home","item":"https:\/\/www.elementvape.de\/"},{"@type":"ListItem","position":2,"name":"Shop","item":"https:\/\/www.elementvape.de\/shop\/"},{"@type":"ListItem","position":3,"name":"Uwell Caliburn G2 Pod Kit 18W Vape 750mAh 2ml Patrone Vermaschten-H 1,2 ohm\/0,8 ohm Spule MTL\/RDTL E Zigarette Verdampfer"}]},{"@type":"WebSite","@id":"https:\/\/www.elementvape.de\/#website","url":"https:\/\/www.elementvape.de\/","name":"ElementVape.de","description":"","publisher":{"@id":"https:\/\/www.elementvape.de\/#organization"},"potentialAction":[{"@type":"SearchAction","target":{"@type":"EntryPoint","urlTemplate":"https:\/\/www.elementvape.de\/?s={search_term_string}"},"query-input":"required name=search_term_string"}],"inLanguage":"fi"},{"@type":"Organization","@id":"https:\/\/www.elementvape.de\/#organization","name":"ElementVape.DE","url":"https:\/\/www.elementvape.de\/","logo":{"@type":"ImageObject","inLanguage":"fi","@id":"https:\/\/www.elementvape.de\/#\/schema\/logo\/image\/","url":"https:\/\/www.elementvape.de\/wp-content\/uploads\/2024\/09\/cropped-1elementvape-3.png","contentUrl":"https:\/\/www.elementvape.de\/wp-content\/uploads\/2024\/09\/cropped-1elementvape-3.png","width":285,"height":228,"caption":"ElementVape.DE"},"image":{"@id":"https:\/\/www.elementvape.de\/#\/schema\/logo\/image\/"}}]}},"_links":{"self":[{"href":"https:\/\/www.elementvape.de\/fi\/wp-json\/wp\/v2\/product\/8660"}],"collection":[{"href":"https:\/\/www.elementvape.de\/fi\/wp-json\/wp\/v2\/product"}],"about":[{"href":"https:\/\/www.elementvape.de\/fi\/wp-json\/wp\/v2\/types\/product"}],"wp:featuredmedia":[{"embeddable":true,"href":"https:\/\/www.elementvape.de\/fi\/wp-json\/wp\/v2\/media\/8661"}],"wp:attachment":[{"href":"https:\/\/www.elementvape.de\/fi\/wp-json\/wp\/v2\/media?parent=8660"}],"wp:term":[{"taxonomy":"product_cat","embeddable":true,"href":"https:\/\/www.elementvape.de\/fi\/wp-json\/wp\/v2\/product_cat?post=8660"},{"taxonomy":"product_tag","embeddable":true,"href":"https:\/\/www.elementvape.de\/fi\/wp-json\/wp\/v2\/product_tag?post=8660"}],"curies":[{"name":"wp","href":"https:\/\/api.w.org\/{rel}","templated":true}]}}