{"id":8534,"date":"2024-04-20T06:38:29","date_gmt":"2024-04-20T06:38:29","guid":{"rendered":"https:\/\/www.elementvape.de\/?post_type=product&#038;p=8534"},"modified":"2024-12-12T06:36:56","modified_gmt":"2024-12-12T06:36:56","slug":"geekvape-wenax-q-pod-kit-1000mah-batterie-25w","status":"publish","type":"product","link":"https:\/\/www.elementvape.de\/fi\/produkt\/geekvape-wenax-q-pod-kit-1000mah-batterie-25w\/","title":{"rendered":"Geekvape wenax q pod -laitteisto 1000mAh akku, 25W vape, 2ml yl\u00e4kansi t\u00e4ytt\u00f6, vaporizer, elektroninen tupakka, MTL RDL vape-pen"},"content":{"rendered":"<p>&nbsp;<\/p>\n<div class=\"product-specs-list-container\">\n<ul class=\"product-specs-list util-clearfix\">\n<li class=\"product-prop line-limit-length\"><span class=\"property-title\">Tarkkailutoiminto tupakointim\u00e4\u00e4r\u00e4lle:\u00a0<\/span><span class=\"property-desc line-limit-length\">Ei<\/span><\/li>\n<li class=\"product-prop line-limit-length\"><span class=\"property-title\">Siliconkotelon tapauksessa\u00a0<\/span><span class=\"property-desc line-limit-length\">Ei<\/span><\/li>\n<li class=\"product-prop line-limit-length\"><span class=\"property-title\">L\u00e4mp\u00f6tilans\u00e4\u00e4t\u00f6:\u00a0<\/span><span class=\"property-desc line-limit-length\">Ja<\/span><\/li>\n<li class=\"product-prop line-limit-length\"><span class=\"property-title\">Sis\u00e4\u00e4nrakennettu tai ulkoinen akku:\u00a0<\/span><span class=\"property-desc line-limit-length\">Sis\u00e4\u00e4nrakennettu<\/span><\/li>\n<li class=\"product-prop line-limit-length\"><span class=\"property-title\">Oikosulkuvaimennustoiminto:\u00a0<\/span><span class=\"property-desc line-limit-length\">Ja<\/span><\/li>\n<li class=\"product-prop line-limit-length\"><span class=\"property-title\">Ylikuumenemissuoja-toiminto:\u00a0<\/span><span class=\"property-desc line-limit-length\">Ja<\/span><\/li>\n<li class=\"product-prop line-limit-length\"><span class=\"property-title\">Alhaisen j\u00e4nnitteen h\u00e4lytysominaisuus:\u00a0<\/span><span class=\"property-desc line-limit-length\">Ja<\/span><\/li>\n<li class=\"product-prop line-limit-length\"><span class=\"property-title\">Sumutin tunnistus toiminto:\u00a0<\/span><span class=\"property-desc line-limit-length\">Ja<\/span><\/li>\n<li class=\"product-prop line-limit-length\"><span class=\"property-title\">TCR-asetustila:\u00a0<\/span><span class=\"property-desc line-limit-length\">Ja<\/span><\/li>\n<li class=\"product-prop line-limit-length\"><span class=\"property-title\">Nominakapasiteetti:\u00a0<\/span><span class=\"property-desc line-limit-length\">1000mAh<\/span><\/li>\n<li class=\"product-prop line-limit-length\"><span class=\"property-title\">Yhteensopiva malli:\u00a0<\/span><span class=\"property-desc line-limit-length\">S\u00e4hk\u00f6tupakkalaatikko Mod Vape<\/span><\/li>\n<li class=\"product-prop line-limit-length\"><span class=\"property-title\">Mallinumero:\u00a0<\/span><span class=\"property-desc line-limit-length\">GeekVape Wenax Q Pod Kit<\/span><\/li>\n<li class=\"product-prop line-limit-length\"><span class=\"property-title\">Usb-laturi:\u00a0<\/span><span class=\"property-desc line-limit-length\">Ja<\/span><\/li>\n<li class=\"product-prop line-limit-length\"><span class=\"property-title\">Firmware-p\u00e4ivitys:\u00a0<\/span><span class=\"property-desc line-limit-length\">Ei<\/span><\/li>\n<li class=\"product-prop line-limit-length\"><span class=\"property-title\">N\u00e4ytt\u00f6:\u00a0<\/span><span class=\"property-desc line-limit-length\">Ja<\/span><\/li>\n<li class=\"product-prop line-limit-length\"><span class=\"property-title\">Tyyppi:\u00a0<\/span><span class=\"property-desc line-limit-length\">S\u00e4hk\u00f6inen mod:<\/span><\/li>\n<li class=\"product-prop line-limit-length\"><span class=\"property-title\">Tavaramerkki:\u00a0<\/span><span class=\"property-desc line-limit-length\">GEEKVAPE<\/span><\/li>\n<li class=\"product-prop line-limit-length\"><span class=\"property-title\">Alkuper\u00e4:\u00a0<\/span><span class=\"property-desc line-limit-length\">FI (Alkuper\u00e4)<\/span><\/li>\n<\/ul>\n<\/div>\n<div class=\"detailmodule_html\">\n<div class=\"detail-desc-decorate-richtext\">\n<div class=\"detailmodule_dynamic\"><\/div>\n<div><\/div>\n<div><span id=\"tl_1\" style=\"font-size: 22px; font-family: arial, helvetica, sans-serif;\">Geekvape wenax q pod -laitteisto 1000mAh akku, 25W vape, 2ml yl\u00e4kansi t\u00e4ytt\u00f6, vaporizer, elektroninen tupakka, MTL RDL vape-pen<\/span><\/div>\n<div><\/div>\n<p><span id=\"tl_2\" style=\"font-size: 18px; font-family: arial, helvetica, sans-serif;\">Kuvaus:<\/span><\/p>\n<p><span id=\"tl_3\" style=\"font-size: 18px; font-family: arial, helvetica, sans-serif;\">Wenax q -setti on varustettu 1000mAh akulla ja geekvape q -patruunalla, jonka tilavuus on 2 ml. On helppoa irrottaa tiputusp\u00e4\u00e4 ja t\u00e4ytt\u00e4\u00e4 e-juoma. Se tarjoaa tarkkaa ilmavirran s\u00e4\u00e4t\u00f6\u00e4 erilaisten pilvien aikaansaamiseksi sek\u00e4 tarkkaa s\u00e4\u00e4dint\u00e4 annostelussa, jotta saat mietoa makua tai intensiivisen kurkkukohdan. Lis\u00e4ksi on helppoa ja kevyt k\u00e4ytt\u00e4\u00e4 \u00e4lytilassa vape\u00e4. HD-n\u00e4ytt\u00f6 on lis\u00e4tty n\u00e4ytt\u00e4m\u00e4\u00e4n yksityiskohtia. Geekvape Wenax Q -setti voi tarjota MTL- ja rajoitettua DTL-vape\u00e4 sinulle. Wenax Q -setti k\u00e4ytt\u00e4\u00e4 uusinta VPU-teknologiaa, joka tarjoaa miedomman maun, pidemm\u00e4n k\u00e4ytt\u00f6i\u00e4n ja turvallisemman vape-kokemuksen.<\/span><\/p>\n<p>&nbsp;<\/p>\n<p><span id=\"tl_4\" style=\"font-size: 18px; font-family: arial, helvetica, sans-serif;\">Parametrit:<\/span><\/p>\n<p><span id=\"tl_5\" style=\"font-size: 18px; font-family: arial, helvetica, sans-serif;\">Merkki: geekvape<\/span><\/p>\n<p><span id=\"tl_6\" style=\"font-size: 18px; font-family: arial, helvetica, sans-serif;\">Tuotenimi: wenax q -setti<\/span><\/p>\n<p><span id=\"tl_7\" style=\"font-size: 18px; font-family: arial, helvetica, sans-serif;\">Tehonanto: 5-25w<\/span><\/p>\n<p><span id=\"tl_8\" style=\"font-size: 18px; font-family: arial, helvetica, sans-serif;\">Kassettien kapasiteetti: 2ml<\/span><\/p>\n<p><span id=\"tl_9\" style=\"font-size: 18px; font-family: arial, helvetica, sans-serif;\">Kelojen vastus: 0,6 Ohm \/ 1,2 Ohm<\/span><\/p>\n<p><span id=\"tl_10\" style=\"font-size: 18px; font-family: arial, helvetica, sans-serif;\">Akku kapasiteetti: 1000mah<\/span><\/p>\n<p><span id=\"tl_11\" style=\"font-size: 18px; font-family: arial, helvetica, sans-serif;\">Latausliit\u00e4nt\u00e4: Typ-c<\/span><\/p>\n<p><span id=\"tl_12\" style=\"font-size: 18px; font-family: arial, helvetica, sans-serif;\">N\u00e4ytt\u00f6: HD OLED -n\u00e4ytt\u00f6 ja LED-n\u00e4ytt\u00f6 painikkeessa<\/span><\/p>\n<p><span id=\"tl_13\" style=\"font-size: 18px; font-family: arial, helvetica, sans-serif;\">Akun tilan ohjeet: punainen valo (70%)<\/span><\/p>\n<p><span id=\"tl_14\" style=\"font-size: 18px; font-family: arial, helvetica, sans-serif;\">Ty\u00f6tilaistemperatuuri: ~ 60 \u2103<\/span><\/p>\n<p><span id=\"tl_15\" style=\"font-size: 18px; font-family: arial, helvetica, sans-serif;\">T\u00e4ytt\u00f6tyyppi: Yl\u00e4puolen t\u00e4ytt\u00f6<\/span><\/p>\n<p><span id=\"tl_16\" style=\"font-size: 18px; font-family: arial, helvetica, sans-serif;\">V\u00e4ri: Kobalttinsininen, Rosa, Sakura Rosa, Violetti kaltevuus, Auringonlaskun keltainen, Turkoosi vihre\u00e4, V\u00e4riasteikko tummasta, musta<\/span><\/p>\n<p>&nbsp;<\/p>\n<p><span id=\"tl_17\" style=\"font-size: 18px; font-family: arial, helvetica, sans-serif;\">Yksityiskohdat:<\/span><\/p>\n<p><span id=\"tl_18\" style=\"font-size: 18px; font-family: arial, helvetica, sans-serif;\">1. yhteensopiva geekvape q-patronin kanssa<\/span><\/p>\n<p><span id=\"tl_19\" style=\"font-size: 18px; font-family: arial, helvetica, sans-serif;\">2. tarkat s\u00e4\u00e4d\u00f6t ilmavirtaukselle ja ulostulolle<\/span><\/p>\n<p><span id=\"tl_20\" style=\"font-size: 18px; font-family: arial, helvetica, sans-serif;\">3. maksimiteho 25w, yl\u00e4reunainen t\u00e4ytt\u00f6<\/span><\/p>\n<p><span id=\"tl_21\" style=\"font-size: 18px; font-family: arial, helvetica, sans-serif;\">4. HD OLED-n\u00e4ytt\u00f6<\/span><\/p>\n<p><span id=\"tl_22\" style=\"font-size: 18px; font-family: arial, helvetica, sans-serif;\">5. 1000mAh akku, vakaa suorituskyky<\/span><\/p>\n<p><span id=\"tl_23\" style=\"font-size: 18px; font-family: arial, helvetica, sans-serif;\">6. lapsiturvallinen muotoilu<\/span><\/p>\n<p><span id=\"tl_24\" style=\"font-size: 18px; font-family: arial, helvetica, sans-serif;\">7. tuki MTL &amp; rajoitettu RDL vaping<\/span><\/p>\n<p><span id=\"tl_25\" style=\"font-size: 18px; font-family: arial, helvetica, sans-serif;\">8. kiinte\u00e4 runko, kiilt\u00e4v\u00e4 ulkon\u00e4k\u00f6<\/span><\/p>\n<p><span id=\"tl_26\" style=\"font-size: 18px; font-family: arial, helvetica, sans-serif;\">9. VPU-teknologia: miedompi maku, pidempi k\u00e4ytt\u00f6aika, turvallisempi vape<\/span><\/p>\n<p>&nbsp;<\/p>\n<p><span id=\"tl_27\" style=\"font-size: 18px; font-family: arial, helvetica, sans-serif;\">Wenax Q pod -paketin mukana tulee:<\/span><\/p>\n<p><span id=\"tl_28\" style=\"font-size: 18px; font-family: arial, helvetica, sans-serif;\">1 * geekvape wenax q -laite<\/span><\/p>\n<p><span id=\"tl_29\" style=\"font-size: 18px; font-family: arial, helvetica, sans-serif;\">1 * Geekvape Q -patroni 2ml 0,6 Ohm<\/span><\/p>\n<p><span id=\"tl_30\" style=\"font-size: 18px; font-family: arial, helvetica, sans-serif;\">1 * Geekvape Q -patroni 2ml 1,2 Ohm<\/span><\/p>\n<p><span id=\"tl_31\" style=\"font-size: 18px; font-family: arial, helvetica, sans-serif;\">1 * USB-C-kaapeli<\/span><\/p>\n<p>&nbsp;<\/p>\n<p><img decoding=\"async\" loading=\"lazy\" src=\"https:\/\/ae01.alicdn.com\/kf\/S0f35172d2b8d4383b89c53ef42c740b57.jpg\" \/><img decoding=\"async\" loading=\"lazy\" src=\"https:\/\/ae01.alicdn.com\/kf\/S66385c6823984ad3826809194051885fs.jpg\" \/><img decoding=\"async\" loading=\"lazy\" src=\"https:\/\/ae01.alicdn.com\/kf\/Sfe20b1543e0741e3a8aed5bf527102b64.jpg\" \/><img decoding=\"async\" loading=\"lazy\" src=\"https:\/\/ae01.alicdn.com\/kf\/S062c36c14c5b40bbb9e529f152fc6cafW.jpg\" \/><img decoding=\"async\" loading=\"lazy\" src=\"https:\/\/ae01.alicdn.com\/kf\/S2fdf992c8e0c4ccb8359c61d6beff5b2B.jpg\" \/><img decoding=\"async\" loading=\"lazy\" src=\"https:\/\/ae01.alicdn.com\/kf\/Saee4b05379284bffa78fa39c36a1225fh.jpg\" \/><img decoding=\"async\" loading=\"lazy\" src=\"https:\/\/ae01.alicdn.com\/kf\/S597c0bfd460d4576a872ae0f7112cf9fy.jpg\" \/><img decoding=\"async\" loading=\"lazy\" src=\"https:\/\/ae01.alicdn.com\/kf\/Sf14f4954366243c0af40177a45671f39n.jpg\" \/><img decoding=\"async\" loading=\"lazy\" src=\"https:\/\/ae01.alicdn.com\/kf\/Sc1d354a45dae44829a1669d651b78187h.jpg\" \/><\/p>\n<\/div>\n<\/div>","protected":false},"excerpt":{"rendered":"<p>&nbsp; \u00dcberwachung Funktion Von Rauchen Anzahl:\u00a0Nein Silikon Fall:\u00a0Nein Temperaturregelung:\u00a0Ja Eingebaute Oder Externe Batterie:\u00a0Eingebaute Kurzschlussschutz Funktion:\u00a0Ja \u00dcberhitzungsschutz-funktion:\u00a0Ja Niederspannungsalarmfunktion:\u00a0Ja Zerst\u00e4uber Identifikation Funktion:\u00a0Ja TCR Einstellung Modi:\u00a0Ja Nominale Kapazit\u00e4t:\u00a01000mAh Compatible Model:\u00a0Electronic Cigarette Box Mod Vape Modellnummer:\u00a0GeekVape Wenax Q Pod Kit Usb-ladeger\u00e4t:\u00a0Ja Firmware-upgrade:\u00a0Nein Display:\u00a0Ja Art:\u00a0Elektrische Mod Markenname:\u00a0GEEKVAPE Ursprung:\u00a0CN (Herkunft) Original geekvape wenax q pod kit 1000mah batterie 25w vape 2ml [&hellip;]<\/p>","protected":false},"featured_media":8535,"template":"","meta":{"inline_featured_image":false},"product_cat":[750,737,736,749,76,81],"product_tag":[],"tiered_pricing_type":"fixed","tiered_pricing_fixed_rules":[],"tiered_pricing_percentage_rules":[],"tiered_pricing_minimum":1,"_administrator_tiered_pricing_type":"fixed","_administrator_tiered_pricing_fixed_rules":[],"_editor_tiered_pricing_type":"fixed","_editor_tiered_pricing_fixed_rules":[],"_author_tiered_pricing_type":"fixed","_author_tiered_pricing_fixed_rules":[],"_contributor_tiered_pricing_type":"fixed","_contributor_tiered_pricing_fixed_rules":[],"_subscriber_tiered_pricing_type":"fixed","_subscriber_tiered_pricing_fixed_rules":[],"_customer_tiered_pricing_type":"fixed","_customer_tiered_pricing_fixed_rules":[],"_shop_manager_tiered_pricing_type":"fixed","_shop_manager_tiered_pricing_fixed_rules":[],"_wpseo_manager_tiered_pricing_type":"fixed","_wpseo_manager_tiered_pricing_fixed_rules":[],"_wpseo_editor_tiered_pricing_type":"fixed","_wpseo_editor_tiered_pricing_fixed_rules":[],"_wholesale_customer_tiered_pricing_type":"fixed","_wholesale_customer_tiered_pricing_fixed_rules":[],"_marketer_tiered_pricing_type":"fixed","_marketer_tiered_pricing_fixed_rules":[],"_sales_manager_tiered_pricing_type":"fixed","_sales_manager_tiered_pricing_fixed_rules":[],"_sales_rep_tiered_pricing_type":"fixed","_sales_rep_tiered_pricing_fixed_rules":[],"yoast_head":"<!-- This site is optimized with the Yoast SEO plugin v23.3 - https:\/\/yoast.com\/wordpress\/plugins\/seo\/ -->\n<title>Geekvape wenax q pod kit 1000mah batterie 25w vape 2ml top f\u00fcllung vapor izer elektronische zigarette mtl rdl vape pen | ElementVape.de<\/title>\n<meta name=\"description\" content=\"Wir bieten Geekvape wenax q pod kit 1000mah batterie 25w vape 2ml top f\u00fcllung vapor izer elektronische zigarette mtl rdl vape pen , Elementvape.de akzeptieren Gro\u00df-und Einzelhandel Bestellungen.\" \/>\n<meta name=\"robots\" content=\"index, follow, max-snippet:-1, max-image-preview:large, max-video-preview:-1\" \/>\n<link rel=\"canonical\" href=\"https:\/\/www.elementvape.de\/fi\/produkt\/geekvape-wenax-q-pod-kit-1000mah-batterie-25w\/\" \/>\n<meta property=\"og:locale\" content=\"fi_FI\" \/>\n<meta property=\"og:type\" content=\"article\" \/>\n<meta property=\"og:title\" content=\"Geekvape wenax q pod kit 1000mah batterie 25w vape 2ml top f\u00fcllung vapor izer elektronische zigarette mtl rdl vape pen | ElementVape.de\" \/>\n<meta property=\"og:description\" content=\"Wir bieten Geekvape wenax q pod kit 1000mah batterie 25w vape 2ml top f\u00fcllung vapor izer elektronische zigarette mtl rdl vape pen , Elementvape.de akzeptieren Gro\u00df-und Einzelhandel Bestellungen.\" \/>\n<meta property=\"og:url\" content=\"https:\/\/www.elementvape.de\/fi\/produkt\/geekvape-wenax-q-pod-kit-1000mah-batterie-25w\/\" \/>\n<meta property=\"og:site_name\" content=\"ElementVape.de\" \/>\n<meta property=\"article:modified_time\" content=\"2024-12-12T06:36:56+00:00\" \/>\n<meta property=\"og:image\" content=\"https:\/\/ae01.alicdn.com\/kf\/S60babee1543440dc98062f0cb3c7b75fQ\/Original-geekvape-wenax-q-pod-kit-1000mah-batterie-25w-vape-2ml-top-f-llung-vapor-izer.jpg\" \/>\n\t<meta property=\"og:image:width\" content=\"800\" \/>\n\t<meta property=\"og:image:height\" content=\"800\" \/>\n\t<meta property=\"og:image:type\" content=\"image\/jpeg\" \/>\n<meta name=\"twitter:card\" content=\"summary_large_image\" \/>\n<meta name=\"twitter:label1\" content=\"Est. reading time\" \/>\n\t<meta name=\"twitter:data1\" content=\"4 minuuttia\" \/>\n<script type=\"application\/ld+json\" class=\"yoast-schema-graph\">{\"@context\":\"https:\/\/schema.org\",\"@graph\":[{\"@type\":\"WebPage\",\"@id\":\"https:\/\/www.elementvape.de\/produkt\/geekvape-wenax-q-pod-kit-1000mah-batterie-25w\/\",\"url\":\"https:\/\/www.elementvape.de\/produkt\/geekvape-wenax-q-pod-kit-1000mah-batterie-25w\/\",\"name\":\"Geekvape wenax q pod kit 1000mah batterie 25w vape 2ml top f\u00fcllung vapor izer elektronische zigarette mtl rdl vape pen | ElementVape.de\",\"isPartOf\":{\"@id\":\"https:\/\/www.elementvape.de\/#website\"},\"primaryImageOfPage\":{\"@id\":\"https:\/\/www.elementvape.de\/produkt\/geekvape-wenax-q-pod-kit-1000mah-batterie-25w\/#primaryimage\"},\"image\":{\"@id\":\"https:\/\/www.elementvape.de\/produkt\/geekvape-wenax-q-pod-kit-1000mah-batterie-25w\/#primaryimage\"},\"thumbnailUrl\":\"https:\/\/ae01.alicdn.com\/kf\/S60babee1543440dc98062f0cb3c7b75fQ\/Original-geekvape-wenax-q-pod-kit-1000mah-batterie-25w-vape-2ml-top-f-llung-vapor-izer.jpg\",\"datePublished\":\"2024-04-20T06:38:29+00:00\",\"dateModified\":\"2024-12-12T06:36:56+00:00\",\"description\":\"Wir bieten Geekvape wenax q pod kit 1000mah batterie 25w vape 2ml top f\u00fcllung vapor izer elektronische zigarette mtl rdl vape pen , Elementvape.de akzeptieren Gro\u00df-und Einzelhandel Bestellungen.\",\"breadcrumb\":{\"@id\":\"https:\/\/www.elementvape.de\/produkt\/geekvape-wenax-q-pod-kit-1000mah-batterie-25w\/#breadcrumb\"},\"inLanguage\":\"fi\",\"potentialAction\":[{\"@type\":\"ReadAction\",\"target\":[\"https:\/\/www.elementvape.de\/produkt\/geekvape-wenax-q-pod-kit-1000mah-batterie-25w\/\"]}]},{\"@type\":\"ImageObject\",\"inLanguage\":\"fi\",\"@id\":\"https:\/\/www.elementvape.de\/produkt\/geekvape-wenax-q-pod-kit-1000mah-batterie-25w\/#primaryimage\",\"url\":\"https:\/\/ae01.alicdn.com\/kf\/S60babee1543440dc98062f0cb3c7b75fQ\/Original-geekvape-wenax-q-pod-kit-1000mah-batterie-25w-vape-2ml-top-f-llung-vapor-izer.jpg\",\"contentUrl\":\"https:\/\/ae01.alicdn.com\/kf\/S60babee1543440dc98062f0cb3c7b75fQ\/Original-geekvape-wenax-q-pod-kit-1000mah-batterie-25w-vape-2ml-top-f-llung-vapor-izer.jpg\",\"width\":800,\"height\":800},{\"@type\":\"BreadcrumbList\",\"@id\":\"https:\/\/www.elementvape.de\/produkt\/geekvape-wenax-q-pod-kit-1000mah-batterie-25w\/#breadcrumb\",\"itemListElement\":[{\"@type\":\"ListItem\",\"position\":1,\"name\":\"Home\",\"item\":\"https:\/\/www.elementvape.de\/\"},{\"@type\":\"ListItem\",\"position\":2,\"name\":\"Shop\",\"item\":\"https:\/\/www.elementvape.de\/shop\/\"},{\"@type\":\"ListItem\",\"position\":3,\"name\":\"Geekvape wenax q pod kit 1000mah batterie 25w vape 2ml top f\u00fcllung vapor izer elektronische zigarette mtl rdl vape pen\"}]},{\"@type\":\"WebSite\",\"@id\":\"https:\/\/www.elementvape.de\/#website\",\"url\":\"https:\/\/www.elementvape.de\/\",\"name\":\"ElementVape.de\",\"description\":\"\",\"publisher\":{\"@id\":\"https:\/\/www.elementvape.de\/#organization\"},\"potentialAction\":[{\"@type\":\"SearchAction\",\"target\":{\"@type\":\"EntryPoint\",\"urlTemplate\":\"https:\/\/www.elementvape.de\/?s={search_term_string}\"},\"query-input\":\"required name=search_term_string\"}],\"inLanguage\":\"fi\"},{\"@type\":\"Organization\",\"@id\":\"https:\/\/www.elementvape.de\/#organization\",\"name\":\"ElementVape.DE\",\"url\":\"https:\/\/www.elementvape.de\/\",\"logo\":{\"@type\":\"ImageObject\",\"inLanguage\":\"fi\",\"@id\":\"https:\/\/www.elementvape.de\/#\/schema\/logo\/image\/\",\"url\":\"https:\/\/www.elementvape.de\/wp-content\/uploads\/2024\/09\/cropped-1elementvape-3.png\",\"contentUrl\":\"https:\/\/www.elementvape.de\/wp-content\/uploads\/2024\/09\/cropped-1elementvape-3.png\",\"width\":285,\"height\":228,\"caption\":\"ElementVape.DE\"},\"image\":{\"@id\":\"https:\/\/www.elementvape.de\/#\/schema\/logo\/image\/\"}}]}<\/script>\n<!-- \/ Yoast SEO plugin. -->","yoast_head_json":{"title":"Geekvape wenax q pod kit 1000mah batterie 25w vape 2ml top f\u00fcllung vapor izer elektronische zigarette mtl rdl vape pen | ElementVape.de","description":"Wir bieten Geekvape wenax q pod kit 1000mah batterie 25w vape 2ml top f\u00fcllung vapor izer elektronische zigarette mtl rdl vape pen , Elementvape.de akzeptieren Gro\u00df-und Einzelhandel Bestellungen.","robots":{"index":"index","follow":"follow","max-snippet":"max-snippet:-1","max-image-preview":"max-image-preview:large","max-video-preview":"max-video-preview:-1"},"canonical":"https:\/\/www.elementvape.de\/fi\/produkt\/geekvape-wenax-q-pod-kit-1000mah-batterie-25w\/","og_locale":"fi_FI","og_type":"article","og_title":"Geekvape wenax q pod kit 1000mah batterie 25w vape 2ml top f\u00fcllung vapor izer elektronische zigarette mtl rdl vape pen | ElementVape.de","og_description":"Wir bieten Geekvape wenax q pod kit 1000mah batterie 25w vape 2ml top f\u00fcllung vapor izer elektronische zigarette mtl rdl vape pen , Elementvape.de akzeptieren Gro\u00df-und Einzelhandel Bestellungen.","og_url":"https:\/\/www.elementvape.de\/fi\/produkt\/geekvape-wenax-q-pod-kit-1000mah-batterie-25w\/","og_site_name":"ElementVape.de","article_modified_time":"2024-12-12T06:36:56+00:00","og_image":[{"width":800,"height":800,"url":"https:\/\/ae01.alicdn.com\/kf\/S60babee1543440dc98062f0cb3c7b75fQ\/Original-geekvape-wenax-q-pod-kit-1000mah-batterie-25w-vape-2ml-top-f-llung-vapor-izer.jpg","type":"image\/jpeg"}],"twitter_card":"summary_large_image","twitter_misc":{"Est. reading time":"4 minuuttia"},"schema":{"@context":"https:\/\/schema.org","@graph":[{"@type":"WebPage","@id":"https:\/\/www.elementvape.de\/produkt\/geekvape-wenax-q-pod-kit-1000mah-batterie-25w\/","url":"https:\/\/www.elementvape.de\/produkt\/geekvape-wenax-q-pod-kit-1000mah-batterie-25w\/","name":"Geekvape wenax q pod kit 1000mah batterie 25w vape 2ml top f\u00fcllung vapor izer elektronische zigarette mtl rdl vape pen | ElementVape.de","isPartOf":{"@id":"https:\/\/www.elementvape.de\/#website"},"primaryImageOfPage":{"@id":"https:\/\/www.elementvape.de\/produkt\/geekvape-wenax-q-pod-kit-1000mah-batterie-25w\/#primaryimage"},"image":{"@id":"https:\/\/www.elementvape.de\/produkt\/geekvape-wenax-q-pod-kit-1000mah-batterie-25w\/#primaryimage"},"thumbnailUrl":"https:\/\/ae01.alicdn.com\/kf\/S60babee1543440dc98062f0cb3c7b75fQ\/Original-geekvape-wenax-q-pod-kit-1000mah-batterie-25w-vape-2ml-top-f-llung-vapor-izer.jpg","datePublished":"2024-04-20T06:38:29+00:00","dateModified":"2024-12-12T06:36:56+00:00","description":"Wir bieten Geekvape wenax q pod kit 1000mah batterie 25w vape 2ml top f\u00fcllung vapor izer elektronische zigarette mtl rdl vape pen , Elementvape.de akzeptieren Gro\u00df-und Einzelhandel Bestellungen.","breadcrumb":{"@id":"https:\/\/www.elementvape.de\/produkt\/geekvape-wenax-q-pod-kit-1000mah-batterie-25w\/#breadcrumb"},"inLanguage":"fi","potentialAction":[{"@type":"ReadAction","target":["https:\/\/www.elementvape.de\/produkt\/geekvape-wenax-q-pod-kit-1000mah-batterie-25w\/"]}]},{"@type":"ImageObject","inLanguage":"fi","@id":"https:\/\/www.elementvape.de\/produkt\/geekvape-wenax-q-pod-kit-1000mah-batterie-25w\/#primaryimage","url":"https:\/\/ae01.alicdn.com\/kf\/S60babee1543440dc98062f0cb3c7b75fQ\/Original-geekvape-wenax-q-pod-kit-1000mah-batterie-25w-vape-2ml-top-f-llung-vapor-izer.jpg","contentUrl":"https:\/\/ae01.alicdn.com\/kf\/S60babee1543440dc98062f0cb3c7b75fQ\/Original-geekvape-wenax-q-pod-kit-1000mah-batterie-25w-vape-2ml-top-f-llung-vapor-izer.jpg","width":800,"height":800},{"@type":"BreadcrumbList","@id":"https:\/\/www.elementvape.de\/produkt\/geekvape-wenax-q-pod-kit-1000mah-batterie-25w\/#breadcrumb","itemListElement":[{"@type":"ListItem","position":1,"name":"Home","item":"https:\/\/www.elementvape.de\/"},{"@type":"ListItem","position":2,"name":"Shop","item":"https:\/\/www.elementvape.de\/shop\/"},{"@type":"ListItem","position":3,"name":"Geekvape wenax q pod kit 1000mah batterie 25w vape 2ml top f\u00fcllung vapor izer elektronische zigarette mtl rdl vape pen"}]},{"@type":"WebSite","@id":"https:\/\/www.elementvape.de\/#website","url":"https:\/\/www.elementvape.de\/","name":"ElementVape.de","description":"","publisher":{"@id":"https:\/\/www.elementvape.de\/#organization"},"potentialAction":[{"@type":"SearchAction","target":{"@type":"EntryPoint","urlTemplate":"https:\/\/www.elementvape.de\/?s={search_term_string}"},"query-input":"required name=search_term_string"}],"inLanguage":"fi"},{"@type":"Organization","@id":"https:\/\/www.elementvape.de\/#organization","name":"ElementVape.DE","url":"https:\/\/www.elementvape.de\/","logo":{"@type":"ImageObject","inLanguage":"fi","@id":"https:\/\/www.elementvape.de\/#\/schema\/logo\/image\/","url":"https:\/\/www.elementvape.de\/wp-content\/uploads\/2024\/09\/cropped-1elementvape-3.png","contentUrl":"https:\/\/www.elementvape.de\/wp-content\/uploads\/2024\/09\/cropped-1elementvape-3.png","width":285,"height":228,"caption":"ElementVape.DE"},"image":{"@id":"https:\/\/www.elementvape.de\/#\/schema\/logo\/image\/"}}]}},"_links":{"self":[{"href":"https:\/\/www.elementvape.de\/fi\/wp-json\/wp\/v2\/product\/8534"}],"collection":[{"href":"https:\/\/www.elementvape.de\/fi\/wp-json\/wp\/v2\/product"}],"about":[{"href":"https:\/\/www.elementvape.de\/fi\/wp-json\/wp\/v2\/types\/product"}],"wp:featuredmedia":[{"embeddable":true,"href":"https:\/\/www.elementvape.de\/fi\/wp-json\/wp\/v2\/media\/8535"}],"wp:attachment":[{"href":"https:\/\/www.elementvape.de\/fi\/wp-json\/wp\/v2\/media?parent=8534"}],"wp:term":[{"taxonomy":"product_cat","embeddable":true,"href":"https:\/\/www.elementvape.de\/fi\/wp-json\/wp\/v2\/product_cat?post=8534"},{"taxonomy":"product_tag","embeddable":true,"href":"https:\/\/www.elementvape.de\/fi\/wp-json\/wp\/v2\/product_tag?post=8534"}],"curies":[{"name":"wp","href":"https:\/\/api.w.org\/{rel}","templated":true}]}}