{"id":8504,"date":"2024-04-20T06:36:00","date_gmt":"2024-04-20T06:36:00","guid":{"rendered":"https:\/\/www.elementvape.de\/?post_type=product&#038;p=8504"},"modified":"2024-12-12T06:36:59","modified_gmt":"2024-12-12T06:36:59","slug":"vapor-esso-xros-2-kit-vape-mit-2ml","status":"publish","type":"product","link":"https:\/\/www.elementvape.de\/fi\/produkt\/vapor-esso-xros-2-kit-vape-mit-2ml\/","title":{"rendered":"Vapor esso xros 2 kit vape 2ml xros-podiputkella 1000mAh akku 11W\/16W elektroninen tupakka MTL-vaporizer"},"content":{"rendered":"<p>&nbsp;<\/p>\n<div class=\"product-specs-list-container\">\n<ul class=\"product-specs-list util-clearfix\">\n<li class=\"product-prop line-limit-length\"><span class=\"property-title\">Ulkon\u00e4k\u00f6:\u00a0<\/span><span class=\"property-desc line-limit-length\">Laatikkomuoto<\/span><\/li>\n<li class=\"product-prop line-limit-length\"><span class=\"property-title\">Yhteensopiva akku:\u00a0<\/span><span class=\"property-desc line-limit-length\">Ei<\/span><\/li>\n<li class=\"product-prop line-limit-length\"><span class=\"property-title\">Tarkkailutoiminto tupakointim\u00e4\u00e4r\u00e4lle:\u00a0<\/span><span class=\"property-desc line-limit-length\">Ei<\/span><\/li>\n<li class=\"product-prop line-limit-length\"><span class=\"property-title\">Siliconkotelon tapauksessa\u00a0<\/span><span class=\"property-desc line-limit-length\">Ei<\/span><\/li>\n<li class=\"product-prop line-limit-length\"><span class=\"property-title\">L\u00e4mp\u00f6tilans\u00e4\u00e4t\u00f6:\u00a0<\/span><span class=\"property-desc line-limit-length\">Ei<\/span><\/li>\n<li class=\"product-prop line-limit-length\"><span class=\"property-title\">Sis\u00e4\u00e4nrakennettu tai ulkoinen akku:\u00a0<\/span><span class=\"property-desc line-limit-length\">Sis\u00e4\u00e4nrakennettu<\/span><\/li>\n<li class=\"product-prop line-limit-length\"><span class=\"property-title\">Oikosulkuvaimennustoiminto:\u00a0<\/span><span class=\"property-desc line-limit-length\">Ja<\/span><\/li>\n<li class=\"product-prop line-limit-length\"><span class=\"property-title\">Ylikuumenemissuoja-toiminto:\u00a0<\/span><span class=\"property-desc line-limit-length\">Ja<\/span><\/li>\n<li class=\"product-prop line-limit-length\"><span class=\"property-title\">Alhaisen j\u00e4nnitteen h\u00e4lytysominaisuus:\u00a0<\/span><span class=\"property-desc line-limit-length\">Ja<\/span><\/li>\n<li class=\"product-prop line-limit-length\"><span class=\"property-title\">Sumutin tunnistus toiminto:\u00a0<\/span><span class=\"property-desc line-limit-length\">Ja<\/span><\/li>\n<li class=\"product-prop line-limit-length\"><span class=\"property-title\">TCR-asetustila:\u00a0<\/span><span class=\"property-desc line-limit-length\">Ei<\/span><\/li>\n<li class=\"product-prop line-limit-length\"><span class=\"property-title\">Nominakapasiteetti:\u00a0<\/span><span class=\"property-desc line-limit-length\">1000mAh<\/span><\/li>\n<li class=\"product-prop line-limit-length\"><span class=\"property-title\">Materiaali:\u00a0<\/span><span class=\"property-desc line-limit-length\">Metalli<\/span><\/li>\n<li class=\"product-prop line-limit-length\"><span class=\"property-title\">Yhteensopiva malli:\u00a0<\/span><span class=\"property-desc line-limit-length\">S\u00e4hk\u00f6tupakka Vape<\/span><\/li>\n<li class=\"product-prop line-limit-length\"><span class=\"property-title\">Mallinumero:\u00a0<\/span><span class=\"property-desc line-limit-length\">Vaporesso XROS 2 -paketti<\/span><\/li>\n<li class=\"product-prop line-limit-length\"><span class=\"property-title\">Usb-laturi:\u00a0<\/span><span class=\"property-desc line-limit-length\">Ja<\/span><\/li>\n<li class=\"product-prop line-limit-length\"><span class=\"property-title\">Firmware-p\u00e4ivitys:\u00a0<\/span><span class=\"property-desc line-limit-length\">Ei<\/span><\/li>\n<li class=\"product-prop line-limit-length\"><span class=\"property-title\">N\u00e4ytt\u00f6:\u00a0<\/span><span class=\"property-desc line-limit-length\">Ja<\/span><\/li>\n<li class=\"product-prop line-limit-length\"><span class=\"property-title\">Tyyppi:\u00a0<\/span><span class=\"property-desc line-limit-length\">Akulla<\/span><\/li>\n<li class=\"product-prop line-limit-length\"><span class=\"property-title\">Tavaramerkki:\u00a0<\/span><span class=\"property-desc line-limit-length\">vaporesso<\/span><\/li>\n<li class=\"product-prop line-limit-length\"><span class=\"property-title\">Alkuper\u00e4:\u00a0<\/span><span class=\"property-desc line-limit-length\">FI (Alkuper\u00e4)<\/span><\/li>\n<\/ul>\n<\/div>\n<div class=\"detailmodule_html\">\n<div class=\"detail-desc-decorate-richtext\">\n<div class=\"detailmodule_dynamic\"><\/div>\n<div class=\"detailmodule_text\">\n<div><\/div>\n<p id=\"tl_1\" class=\"detail-desc-decorate-title\" style=\"font-family: OpenSans; font-size: 20px; font-weight: 900; line-height: 28px; margin-bottom: 12px;\">1* Vaporesso XROS 2 -akku<br \/>\n1* Vaporesso XROS -sarjan 0,8 ohmin 2 ml -kapseli<br \/>\n1* Vaporesso XROS -sarjan 1,2 ohmin 2 ml -kapseli<br \/>\n1* Type-C -kaapeli<br \/>\n1* K\u00e4ytt\u00f6ohje<br \/>\n1* Takuu-kortti<\/p>\n<\/div>\n<div class=\"detailmodule_text\">\n<p id=\"tl_2\" class=\"detail-desc-decorate-title\" style=\"font-family: OpenSans; font-size: 20px; font-weight: 900; line-height: 28px; margin-bottom: 12px;\">Kuvaus:<\/p>\n<p id=\"tl_3\" class=\"detail-desc-decorate-content\" style=\"font-family: OpenSans; font-size: 14px; font-weight: 300; line-height: 20px; margin-bottom: 12px;\">XROS 2 -paketti on uusi XROS-sarjan tuotteiden numero, se on kapselisysteemi, joka rikkoo rajoja. Siin\u00e4 on s\u00e4\u00e4dett\u00e4v\u00e4 ilmavirta uudistetulla vesipisara-ilmanottoaukolla, ja voit nauttia erilaisista h\u00f6yrystyskokemuksista MTL:st\u00e4 l\u00f6ys\u00e4\u00e4n MTL:\u00e4\u00e4n tarkemmin. XROS 2 on my\u00f6s yhteensopiva XROS-sarjan kapselien kanssa (1,2 ohmin 2 ml kapseli, 0,8 ohmin mesh-kapseli), ja uusi 0,8 ohmin mesh-kapseli l\u00e4mpenee nopeammin ja tukee tasaisesti erinomaista makua. Lis\u00e4ksi SSS vuototurvallinen teknologia lukitsee e-nesteen tiukasti sis\u00e4lle ja est\u00e4\u00e4 sotkuisen vuotamisen. Halo-painikkeen muotoilu auttaa v\u00e4ltt\u00e4m\u00e4\u00e4n tahatonta k\u00e4ynnistyst\u00e4. Voit valita painikkeella tai vedon avulla aktivoitavan tilan. XROS 2:ssa on 1000 mAh akku, joka tarjoaa pitk\u00e4kestoisen h\u00f6yryst\u00e4miskokemuksen, ja voit n\u00e4hd\u00e4 reaaliaikaisen akun tason ilmoittimen.<\/p>\n<\/div>\n<div class=\"detailmodule_text\">\n<p id=\"tl_4\" class=\"detail-desc-decorate-title\" style=\"font-family: OpenSans; font-size: 20px; font-weight: 900; line-height: 28px; margin-bottom: 12px;\">Parametrit:<\/p>\n<p id=\"tl_5\" class=\"detail-desc-decorate-content\" style=\"font-family: OpenSans; font-size: 14px; font-weight: 300; line-height: 20px; margin-bottom: 12px;\">Merkki: Vaporesso<br \/>\nTuotenimi: XROS 2 -paketti<br \/>\nMitat: 112,2*23,4*13,4 mm<br \/>\nKapselin kapasiteetti: 2 ml<br \/>\nKapselin vastus: 1,2 ohmin kapseli, 0,8 ohmin mesh-kapseli<br \/>\nAkkukapasiteetti: 1000mAh<br \/>\nAkkuulostulo: 11W\/16W<br \/>\nLatausvirta: Type-C, 5V\/1A<br \/>\nV\u00e4ri: Musta, Avaruusharmaa, Hopea, Lime Vihre\u00e4, Viiniryp\u00e4lepinkki, Oranssi Punainen<\/p>\n<\/div>\n<div class=\"detailmodule_text\">\n<p id=\"tl_6\" class=\"detail-desc-decorate-title\" style=\"font-family: OpenSans; font-size: 20px; font-weight: 900; line-height: 28px; margin-bottom: 12px;\">Yksityiskohdat:<\/p>\n<p id=\"tl_7\" class=\"detail-desc-decorate-content\" style=\"font-family: OpenSans; font-size: 14px; font-weight: 300; line-height: 20px; margin-bottom: 12px;\">1. P\u00e4ivitetty vesipisara-ilmanottoaukko<br \/>\n2. SSS vuotamaton teknologia<br \/>\n3. 1000mAh akkukapasiteetti<br \/>\n4. Tarkka ilmavirran hallinta MTL:st\u00e4 l\u00f6ys\u00e4\u00e4n MTL:\u00e4\u00e4n<br \/>\n5. Yhteensopiva XROS-kapseleiden kanssa: 1.2ohm kapseli, 0.8ohm mesh-kapseli<br \/>\n6. Painike-aktivointi ja imutoiminto<br \/>\n7. Halo-painike est\u00e4m\u00e4\u00e4n tahaton aktivointi<br \/>\n8. Tiding-akkuindikaattori n\u00e4ytt\u00e4\u00e4 reaaliaikaisen akun tason<br \/>\n9. 150\u00b0 hienostunut kaareva pohja, joka on valmistettu timanttisella korkeakiiltoisella leikkausprosessilla<\/p>\n<\/div>\n<div class=\"detailmodule_text\">\n<p id=\"tl_8\" class=\"detail-desc-decorate-title\" style=\"font-family: OpenSans; font-size: 20px; font-weight: 900; line-height: 28px; margin-bottom: 12px;\">Pakkaus:<\/p>\n<p id=\"tl_9\" class=\"detail-desc-decorate-content\" style=\"font-family: OpenSans; font-size: 14px; font-weight: 300; line-height: 20px; margin-bottom: 12px;\">1* Vaporesso XROS 2 -akku<br \/>\n1* Vaporesso XROS -sarjan 0,8 ohmin 2 ml -kapseli<br \/>\n1* Vaporesso XROS -sarjan 1,2 ohmin 2 ml -kapseli<br \/>\n1* Type-C -kaapeli<br \/>\n1* K\u00e4ytt\u00f6ohje<br \/>\n1* Takuu-kortti<\/p>\n<\/div>\n<div class=\"detailmodule_image\"><img decoding=\"async\" loading=\"lazy\" class=\"detail-desc-decorate-image\" src=\"https:\/\/ae01.alicdn.com\/kf\/H351e7fdd37f647feaf498968bc82dc60u.jpg\" \/><br \/>\n<img decoding=\"async\" loading=\"lazy\" class=\"detail-desc-decorate-image\" src=\"https:\/\/ae01.alicdn.com\/kf\/Ha3759aeabc084666b359f659b46fb8b1a.jpg\" \/><br \/>\n<img decoding=\"async\" loading=\"lazy\" class=\"detail-desc-decorate-image\" src=\"https:\/\/ae01.alicdn.com\/kf\/Ha29d04334a7c43c7a790351e2dc62813C.jpg\" \/><br \/>\n<img decoding=\"async\" loading=\"lazy\" class=\"detail-desc-decorate-image\" src=\"https:\/\/ae01.alicdn.com\/kf\/H4c0f8483487346238a65a71790b7106eV.jpg\" \/><br \/>\n<img decoding=\"async\" loading=\"lazy\" class=\"detail-desc-decorate-image\" src=\"https:\/\/ae01.alicdn.com\/kf\/H1217e16034964b178a5e9b67145357cd9.jpg\" \/><\/div>\n<p>&nbsp;<\/p>\n<\/div>\n<\/div>","protected":false},"excerpt":{"rendered":"<p>&nbsp; Aussehen:\u00a0Box Form Kompatibler Akku:\u00a0Kein \u00dcberwachung Funktion Von Rauchen Anzahl:\u00a0Nein Silikon Fall:\u00a0Nein Temperaturregelung:\u00a0Nein Eingebaute Oder Externe Batterie:\u00a0Eingebaute Kurzschlussschutz Funktion:\u00a0Ja \u00dcberhitzungsschutz-funktion:\u00a0Ja Niederspannungsalarmfunktion:\u00a0Ja Zerst\u00e4uber Identifikation Funktion:\u00a0Ja TCR Einstellung Modi:\u00a0Nein Nominale Kapazit\u00e4t:\u00a01000mAh Material:\u00a0Metall Compatible Model:\u00a0Electronic Cigarette Vape Modellnummer:\u00a0Vaporesso XROS 2 Kit Usb-ladeger\u00e4t:\u00a0Ja Firmware-upgrade:\u00a0Nein Display:\u00a0Ja Art:\u00a0Mit Batterie Markenname:\u00a0vaporesso Ursprung:\u00a0CN (Herkunft) 1* Vaporesso XROS 2 Battery 1* Vaporesso XROS Series [&hellip;]<\/p>","protected":false},"featured_media":8505,"template":"","meta":{"inline_featured_image":false},"product_cat":[750,737,736,749,76,81],"product_tag":[],"tiered_pricing_type":"fixed","tiered_pricing_fixed_rules":[],"tiered_pricing_percentage_rules":[],"tiered_pricing_minimum":1,"_administrator_tiered_pricing_type":"fixed","_administrator_tiered_pricing_fixed_rules":[],"_editor_tiered_pricing_type":"fixed","_editor_tiered_pricing_fixed_rules":[],"_author_tiered_pricing_type":"fixed","_author_tiered_pricing_fixed_rules":[],"_contributor_tiered_pricing_type":"fixed","_contributor_tiered_pricing_fixed_rules":[],"_subscriber_tiered_pricing_type":"fixed","_subscriber_tiered_pricing_fixed_rules":[],"_customer_tiered_pricing_type":"fixed","_customer_tiered_pricing_fixed_rules":[],"_shop_manager_tiered_pricing_type":"fixed","_shop_manager_tiered_pricing_fixed_rules":[],"_wpseo_manager_tiered_pricing_type":"fixed","_wpseo_manager_tiered_pricing_fixed_rules":[],"_wpseo_editor_tiered_pricing_type":"fixed","_wpseo_editor_tiered_pricing_fixed_rules":[],"_wholesale_customer_tiered_pricing_type":"fixed","_wholesale_customer_tiered_pricing_fixed_rules":[],"_marketer_tiered_pricing_type":"fixed","_marketer_tiered_pricing_fixed_rules":[],"_sales_manager_tiered_pricing_type":"fixed","_sales_manager_tiered_pricing_fixed_rules":[],"_sales_rep_tiered_pricing_type":"fixed","_sales_rep_tiered_pricing_fixed_rules":[],"yoast_head":"<!-- This site is optimized with the Yoast SEO plugin v23.3 - https:\/\/yoast.com\/wordpress\/plugins\/seo\/ -->\n<title>Vapor esso xros 2 kit vape mit 2ml xros pod patrone 1000mah batterie 11w\/16w elektronische zigarette mtl vapor izer | ElementVape.de<\/title>\n<meta name=\"description\" content=\"Wir bieten Vapor esso xros 2 kit vape mit 2ml xros pod patrone 1000mah batterie 11w\/16w elektronische zigarette mtl vapor izer , Elementvape.de akzeptieren Gro\u00df-und Einzelhandel Bestellungen.\" \/>\n<meta name=\"robots\" content=\"index, follow, max-snippet:-1, max-image-preview:large, max-video-preview:-1\" \/>\n<link rel=\"canonical\" href=\"https:\/\/www.elementvape.de\/fi\/produkt\/vapor-esso-xros-2-kit-vape-mit-2ml\/\" \/>\n<meta property=\"og:locale\" content=\"fi_FI\" \/>\n<meta property=\"og:type\" content=\"article\" \/>\n<meta property=\"og:title\" content=\"Vapor esso xros 2 kit vape mit 2ml xros pod patrone 1000mah batterie 11w\/16w elektronische zigarette mtl vapor izer | ElementVape.de\" \/>\n<meta property=\"og:description\" content=\"Wir bieten Vapor esso xros 2 kit vape mit 2ml xros pod patrone 1000mah batterie 11w\/16w elektronische zigarette mtl vapor izer , Elementvape.de akzeptieren Gro\u00df-und Einzelhandel Bestellungen.\" \/>\n<meta property=\"og:url\" content=\"https:\/\/www.elementvape.de\/fi\/produkt\/vapor-esso-xros-2-kit-vape-mit-2ml\/\" \/>\n<meta property=\"og:site_name\" content=\"ElementVape.de\" \/>\n<meta property=\"article:modified_time\" content=\"2024-12-12T06:36:59+00:00\" \/>\n<meta property=\"og:image\" content=\"https:\/\/ae01.alicdn.com\/kf\/H9550b4fb77c349c694abf62886baa34fu\/Original-vapor-esso-xros-2-kit-vape-mit-2ml-xros-pod-patrone-1000mah-batterie-11w-16w.jpg\" \/>\n\t<meta property=\"og:image:width\" content=\"800\" \/>\n\t<meta property=\"og:image:height\" content=\"800\" \/>\n\t<meta property=\"og:image:type\" content=\"image\/jpeg\" \/>\n<meta name=\"twitter:card\" content=\"summary_large_image\" \/>\n<meta name=\"twitter:label1\" content=\"Est. reading time\" \/>\n\t<meta name=\"twitter:data1\" content=\"4 minuuttia\" \/>\n<script type=\"application\/ld+json\" class=\"yoast-schema-graph\">{\"@context\":\"https:\/\/schema.org\",\"@graph\":[{\"@type\":\"WebPage\",\"@id\":\"https:\/\/www.elementvape.de\/lt\/produkt\/vapor-esso-xros-2-kit-vape-mit-2ml\/\",\"url\":\"https:\/\/www.elementvape.de\/lt\/produkt\/vapor-esso-xros-2-kit-vape-mit-2ml\/\",\"name\":\"Vapor esso xros 2 kit vape mit 2ml xros pod patrone 1000mah batterie 11w\/16w elektronische zigarette mtl vapor izer | ElementVape.de\",\"isPartOf\":{\"@id\":\"https:\/\/www.elementvape.de\/#website\"},\"primaryImageOfPage\":{\"@id\":\"https:\/\/www.elementvape.de\/lt\/produkt\/vapor-esso-xros-2-kit-vape-mit-2ml\/#primaryimage\"},\"image\":{\"@id\":\"https:\/\/www.elementvape.de\/lt\/produkt\/vapor-esso-xros-2-kit-vape-mit-2ml\/#primaryimage\"},\"thumbnailUrl\":\"https:\/\/ae01.alicdn.com\/kf\/H9550b4fb77c349c694abf62886baa34fu\/Original-vapor-esso-xros-2-kit-vape-mit-2ml-xros-pod-patrone-1000mah-batterie-11w-16w.jpg\",\"datePublished\":\"2024-04-20T06:36:00+00:00\",\"dateModified\":\"2024-12-12T06:36:59+00:00\",\"description\":\"Wir bieten Vapor esso xros 2 kit vape mit 2ml xros pod patrone 1000mah batterie 11w\/16w elektronische zigarette mtl vapor izer , Elementvape.de akzeptieren Gro\u00df-und Einzelhandel Bestellungen.\",\"breadcrumb\":{\"@id\":\"https:\/\/www.elementvape.de\/lt\/produkt\/vapor-esso-xros-2-kit-vape-mit-2ml\/#breadcrumb\"},\"inLanguage\":\"fi\",\"potentialAction\":[{\"@type\":\"ReadAction\",\"target\":[\"https:\/\/www.elementvape.de\/lt\/produkt\/vapor-esso-xros-2-kit-vape-mit-2ml\/\"]}]},{\"@type\":\"ImageObject\",\"inLanguage\":\"fi\",\"@id\":\"https:\/\/www.elementvape.de\/lt\/produkt\/vapor-esso-xros-2-kit-vape-mit-2ml\/#primaryimage\",\"url\":\"https:\/\/ae01.alicdn.com\/kf\/H9550b4fb77c349c694abf62886baa34fu\/Original-vapor-esso-xros-2-kit-vape-mit-2ml-xros-pod-patrone-1000mah-batterie-11w-16w.jpg\",\"contentUrl\":\"https:\/\/ae01.alicdn.com\/kf\/H9550b4fb77c349c694abf62886baa34fu\/Original-vapor-esso-xros-2-kit-vape-mit-2ml-xros-pod-patrone-1000mah-batterie-11w-16w.jpg\",\"width\":800,\"height\":800},{\"@type\":\"BreadcrumbList\",\"@id\":\"https:\/\/www.elementvape.de\/lt\/produkt\/vapor-esso-xros-2-kit-vape-mit-2ml\/#breadcrumb\",\"itemListElement\":[{\"@type\":\"ListItem\",\"position\":1,\"name\":\"Home\",\"item\":\"https:\/\/www.elementvape.de\/\"},{\"@type\":\"ListItem\",\"position\":2,\"name\":\"Shop\",\"item\":\"https:\/\/www.elementvape.de\/shop\/\"},{\"@type\":\"ListItem\",\"position\":3,\"name\":\"Vapor esso xros 2 kit vape mit 2ml xros pod patrone 1000mah batterie 11w\/16w elektronische zigarette mtl vapor izer\"}]},{\"@type\":\"WebSite\",\"@id\":\"https:\/\/www.elementvape.de\/#website\",\"url\":\"https:\/\/www.elementvape.de\/\",\"name\":\"ElementVape.de\",\"description\":\"\",\"publisher\":{\"@id\":\"https:\/\/www.elementvape.de\/#organization\"},\"potentialAction\":[{\"@type\":\"SearchAction\",\"target\":{\"@type\":\"EntryPoint\",\"urlTemplate\":\"https:\/\/www.elementvape.de\/?s={search_term_string}\"},\"query-input\":\"required name=search_term_string\"}],\"inLanguage\":\"fi\"},{\"@type\":\"Organization\",\"@id\":\"https:\/\/www.elementvape.de\/#organization\",\"name\":\"ElementVape.DE\",\"url\":\"https:\/\/www.elementvape.de\/\",\"logo\":{\"@type\":\"ImageObject\",\"inLanguage\":\"fi\",\"@id\":\"https:\/\/www.elementvape.de\/#\/schema\/logo\/image\/\",\"url\":\"https:\/\/www.elementvape.de\/wp-content\/uploads\/2024\/09\/cropped-1elementvape-3.png\",\"contentUrl\":\"https:\/\/www.elementvape.de\/wp-content\/uploads\/2024\/09\/cropped-1elementvape-3.png\",\"width\":285,\"height\":228,\"caption\":\"ElementVape.DE\"},\"image\":{\"@id\":\"https:\/\/www.elementvape.de\/#\/schema\/logo\/image\/\"}}]}<\/script>\n<!-- \/ Yoast SEO plugin. -->","yoast_head_json":{"title":"Vapor esso xros 2 kit vape mit 2ml xros pod patrone 1000mah batterie 11w\/16w elektronische zigarette mtl vapor izer | ElementVape.de","description":"Wir bieten Vapor esso xros 2 kit vape mit 2ml xros pod patrone 1000mah batterie 11w\/16w elektronische zigarette mtl vapor izer , Elementvape.de akzeptieren Gro\u00df-und Einzelhandel Bestellungen.","robots":{"index":"index","follow":"follow","max-snippet":"max-snippet:-1","max-image-preview":"max-image-preview:large","max-video-preview":"max-video-preview:-1"},"canonical":"https:\/\/www.elementvape.de\/fi\/produkt\/vapor-esso-xros-2-kit-vape-mit-2ml\/","og_locale":"fi_FI","og_type":"article","og_title":"Vapor esso xros 2 kit vape mit 2ml xros pod patrone 1000mah batterie 11w\/16w elektronische zigarette mtl vapor izer | ElementVape.de","og_description":"Wir bieten Vapor esso xros 2 kit vape mit 2ml xros pod patrone 1000mah batterie 11w\/16w elektronische zigarette mtl vapor izer , Elementvape.de akzeptieren Gro\u00df-und Einzelhandel Bestellungen.","og_url":"https:\/\/www.elementvape.de\/fi\/produkt\/vapor-esso-xros-2-kit-vape-mit-2ml\/","og_site_name":"ElementVape.de","article_modified_time":"2024-12-12T06:36:59+00:00","og_image":[{"width":800,"height":800,"url":"https:\/\/ae01.alicdn.com\/kf\/H9550b4fb77c349c694abf62886baa34fu\/Original-vapor-esso-xros-2-kit-vape-mit-2ml-xros-pod-patrone-1000mah-batterie-11w-16w.jpg","type":"image\/jpeg"}],"twitter_card":"summary_large_image","twitter_misc":{"Est. reading time":"4 minuuttia"},"schema":{"@context":"https:\/\/schema.org","@graph":[{"@type":"WebPage","@id":"https:\/\/www.elementvape.de\/lt\/produkt\/vapor-esso-xros-2-kit-vape-mit-2ml\/","url":"https:\/\/www.elementvape.de\/lt\/produkt\/vapor-esso-xros-2-kit-vape-mit-2ml\/","name":"Vapor esso xros 2 kit vape mit 2ml xros pod patrone 1000mah batterie 11w\/16w elektronische zigarette mtl vapor izer | ElementVape.de","isPartOf":{"@id":"https:\/\/www.elementvape.de\/#website"},"primaryImageOfPage":{"@id":"https:\/\/www.elementvape.de\/lt\/produkt\/vapor-esso-xros-2-kit-vape-mit-2ml\/#primaryimage"},"image":{"@id":"https:\/\/www.elementvape.de\/lt\/produkt\/vapor-esso-xros-2-kit-vape-mit-2ml\/#primaryimage"},"thumbnailUrl":"https:\/\/ae01.alicdn.com\/kf\/H9550b4fb77c349c694abf62886baa34fu\/Original-vapor-esso-xros-2-kit-vape-mit-2ml-xros-pod-patrone-1000mah-batterie-11w-16w.jpg","datePublished":"2024-04-20T06:36:00+00:00","dateModified":"2024-12-12T06:36:59+00:00","description":"Wir bieten Vapor esso xros 2 kit vape mit 2ml xros pod patrone 1000mah batterie 11w\/16w elektronische zigarette mtl vapor izer , Elementvape.de akzeptieren Gro\u00df-und Einzelhandel Bestellungen.","breadcrumb":{"@id":"https:\/\/www.elementvape.de\/lt\/produkt\/vapor-esso-xros-2-kit-vape-mit-2ml\/#breadcrumb"},"inLanguage":"fi","potentialAction":[{"@type":"ReadAction","target":["https:\/\/www.elementvape.de\/lt\/produkt\/vapor-esso-xros-2-kit-vape-mit-2ml\/"]}]},{"@type":"ImageObject","inLanguage":"fi","@id":"https:\/\/www.elementvape.de\/lt\/produkt\/vapor-esso-xros-2-kit-vape-mit-2ml\/#primaryimage","url":"https:\/\/ae01.alicdn.com\/kf\/H9550b4fb77c349c694abf62886baa34fu\/Original-vapor-esso-xros-2-kit-vape-mit-2ml-xros-pod-patrone-1000mah-batterie-11w-16w.jpg","contentUrl":"https:\/\/ae01.alicdn.com\/kf\/H9550b4fb77c349c694abf62886baa34fu\/Original-vapor-esso-xros-2-kit-vape-mit-2ml-xros-pod-patrone-1000mah-batterie-11w-16w.jpg","width":800,"height":800},{"@type":"BreadcrumbList","@id":"https:\/\/www.elementvape.de\/lt\/produkt\/vapor-esso-xros-2-kit-vape-mit-2ml\/#breadcrumb","itemListElement":[{"@type":"ListItem","position":1,"name":"Home","item":"https:\/\/www.elementvape.de\/"},{"@type":"ListItem","position":2,"name":"Shop","item":"https:\/\/www.elementvape.de\/shop\/"},{"@type":"ListItem","position":3,"name":"Vapor esso xros 2 kit vape mit 2ml xros pod patrone 1000mah batterie 11w\/16w elektronische zigarette mtl vapor izer"}]},{"@type":"WebSite","@id":"https:\/\/www.elementvape.de\/#website","url":"https:\/\/www.elementvape.de\/","name":"ElementVape.de","description":"","publisher":{"@id":"https:\/\/www.elementvape.de\/#organization"},"potentialAction":[{"@type":"SearchAction","target":{"@type":"EntryPoint","urlTemplate":"https:\/\/www.elementvape.de\/?s={search_term_string}"},"query-input":"required name=search_term_string"}],"inLanguage":"fi"},{"@type":"Organization","@id":"https:\/\/www.elementvape.de\/#organization","name":"ElementVape.DE","url":"https:\/\/www.elementvape.de\/","logo":{"@type":"ImageObject","inLanguage":"fi","@id":"https:\/\/www.elementvape.de\/#\/schema\/logo\/image\/","url":"https:\/\/www.elementvape.de\/wp-content\/uploads\/2024\/09\/cropped-1elementvape-3.png","contentUrl":"https:\/\/www.elementvape.de\/wp-content\/uploads\/2024\/09\/cropped-1elementvape-3.png","width":285,"height":228,"caption":"ElementVape.DE"},"image":{"@id":"https:\/\/www.elementvape.de\/#\/schema\/logo\/image\/"}}]}},"_links":{"self":[{"href":"https:\/\/www.elementvape.de\/fi\/wp-json\/wp\/v2\/product\/8504"}],"collection":[{"href":"https:\/\/www.elementvape.de\/fi\/wp-json\/wp\/v2\/product"}],"about":[{"href":"https:\/\/www.elementvape.de\/fi\/wp-json\/wp\/v2\/types\/product"}],"wp:featuredmedia":[{"embeddable":true,"href":"https:\/\/www.elementvape.de\/fi\/wp-json\/wp\/v2\/media\/8505"}],"wp:attachment":[{"href":"https:\/\/www.elementvape.de\/fi\/wp-json\/wp\/v2\/media?parent=8504"}],"wp:term":[{"taxonomy":"product_cat","embeddable":true,"href":"https:\/\/www.elementvape.de\/fi\/wp-json\/wp\/v2\/product_cat?post=8504"},{"taxonomy":"product_tag","embeddable":true,"href":"https:\/\/www.elementvape.de\/fi\/wp-json\/wp\/v2\/product_tag?post=8504"}],"curies":[{"name":"wp","href":"https:\/\/api.w.org\/{rel}","templated":true}]}}