{"id":8466,"date":"2024-04-20T06:34:49","date_gmt":"2024-04-20T06:34:49","guid":{"rendered":"https:\/\/www.elementvape.de\/?post_type=product&#038;p=8466"},"modified":"2024-12-12T06:37:03","modified_gmt":"2024-12-12T06:37:03","slug":"justfog-minifit-pod-kit-19-ml-pod","status":"publish","type":"product","link":"https:\/\/www.elementvape.de\/fi\/produkt\/justfog-minifit-pod-kit-19-ml-pod\/","title":{"rendered":"Justfog Minifit Pod Kit 1,9 ml Pod Patrone 420mAh sis\u00e4\u00e4nrakennettu akku 12W elektroninen savukepuhallin Vape Vaporizer"},"content":{"rendered":"<p>&nbsp;<\/p>\n<div class=\"product-specs-list-container\">\n<ul class=\"product-specs-list util-clearfix\">\n<li class=\"product-prop line-limit-length\"><span class=\"property-title\">Ulkon\u00e4k\u00f6:\u00a0<\/span><span class=\"property-desc line-limit-length\">Laatikkomuoto<\/span><\/li>\n<li class=\"product-prop line-limit-length\"><span class=\"property-title\">Tarkkailutoiminto tupakointim\u00e4\u00e4r\u00e4lle:\u00a0<\/span><span class=\"property-desc line-limit-length\">Ei<\/span><\/li>\n<li class=\"product-prop line-limit-length\"><span class=\"property-title\">Siliconkotelon tapauksessa\u00a0<\/span><span class=\"property-desc line-limit-length\">Ei<\/span><\/li>\n<li class=\"product-prop line-limit-length\"><span class=\"property-title\">L\u00e4mp\u00f6tilans\u00e4\u00e4t\u00f6:\u00a0<\/span><span class=\"property-desc line-limit-length\">Ei<\/span><\/li>\n<li class=\"product-prop line-limit-length\"><span class=\"property-title\">Sis\u00e4\u00e4nrakennettu tai ulkoinen akku:\u00a0<\/span><span class=\"property-desc line-limit-length\">Sis\u00e4\u00e4nrakennettu<\/span><\/li>\n<li class=\"product-prop line-limit-length\"><span class=\"property-title\">Oikosulkuvaimennustoiminto:\u00a0<\/span><span class=\"property-desc line-limit-length\">Ja<\/span><\/li>\n<li class=\"product-prop line-limit-length\"><span class=\"property-title\">Ylikuumenemissuoja-toiminto:\u00a0<\/span><span class=\"property-desc line-limit-length\">Ja<\/span><\/li>\n<li class=\"product-prop line-limit-length\"><span class=\"property-title\">Alhaisen j\u00e4nnitteen h\u00e4lytysominaisuus:\u00a0<\/span><span class=\"property-desc line-limit-length\">Ei<\/span><\/li>\n<li class=\"product-prop line-limit-length\"><span class=\"property-title\">Sumutin tunnistus toiminto:\u00a0<\/span><span class=\"property-desc line-limit-length\">Ja<\/span><\/li>\n<li class=\"product-prop line-limit-length\"><span class=\"property-title\">Materiaali:\u00a0<\/span><span class=\"property-desc line-limit-length\">Metalli<\/span><\/li>\n<li class=\"product-prop line-limit-length\"><span class=\"property-title\">Yhteensopiva malli:\u00a0<\/span><span class=\"property-desc line-limit-length\">Joyetech S\u00e4hk\u00f6tupakat Vape<\/span><\/li>\n<li class=\"product-prop line-limit-length\"><span class=\"property-title\">Mallinumero:\u00a0<\/span><span class=\"property-desc line-limit-length\">Justfog Minifit-S Kit<\/span><\/li>\n<li class=\"product-prop line-limit-length\"><span class=\"property-title\">Usb-laturi:\u00a0<\/span><span class=\"property-desc line-limit-length\">Ja<\/span><\/li>\n<li class=\"product-prop line-limit-length\"><span class=\"property-title\">Firmware-p\u00e4ivitys:\u00a0<\/span><span class=\"property-desc line-limit-length\">Ei<\/span><\/li>\n<li class=\"product-prop line-limit-length\"><span class=\"property-title\">N\u00e4ytt\u00f6:\u00a0<\/span><span class=\"property-desc line-limit-length\">Ei<\/span><\/li>\n<li class=\"product-prop line-limit-length\"><span class=\"property-title\">Tyyppi:\u00a0<\/span><span class=\"property-desc line-limit-length\">Akulla<\/span><\/li>\n<li class=\"product-prop line-limit-length\"><span class=\"property-title\">Tavaramerkki:\u00a0<\/span><span class=\"property-desc line-limit-length\">JUSTFOG<\/span><\/li>\n<li class=\"product-prop line-limit-length\"><span class=\"property-title\">Alkuper\u00e4:\u00a0<\/span><span class=\"property-desc line-limit-length\">FI (Alkuper\u00e4)<\/span><\/li>\n<\/ul>\n<\/div>\n<div class=\"detailmodule_html\">\n<div class=\"detail-desc-decorate-richtext\">\n<h1 style=\"font-family: arial, verdana, sans-serif; font-size: 12px; margin: 0px; padding: 0px;\"><\/h1>\n<p>&nbsp;<\/p>\n<p><span style=\"font-size: 22px; font-family: arial, helvetica, sans-serif;\"><span id=\"tl_1\" style=\"font-size: 22px;\">Alkuper\u00e4inen Justfog Minifit Pod Kit 1,9 ml Pod Patrone 420mAh sis\u00e4\u00e4nrakennettu akku 12W elektroninen tupakka Vape H\u00f6yrytin<\/span><\/span><\/p>\n<p>&nbsp;<\/p>\n<p><img loading=\"lazy\" decoding=\"async\" src=\"https:\/\/ae01.alicdn.com\/kf\/HTB1JYqGQpXXXXbwXVXXq6xXFXXXi.jpg\" width=\"920\" height=\"50\" \/><\/p>\n<div>\n<div>\n<div><\/div>\n<div><strong><i><u><span id=\"tl_2\" style=\"font-size: 18px; font-family: arial, helvetica, sans-serif;\">Kuvaus:<\/span><\/u><\/i><\/strong><\/div>\n<div><span id=\"tl_3\" style=\"font-size: 18px; font-family: arial, helvetica, sans-serif;\">Minifit-s-kitti sis\u00e4lt\u00e4\u00e4 sis\u00e4\u00e4nrakennetun 420mAh akun ja vakion tehon 12W. Se tarjoaa Auto\/Painike aktivointi 2-suuntainen veto vaihtoehdoillesi. J\u00e4ljell\u00e4 olevan akun n\u00e4ytt\u00f6 ja virtakytkin tekev\u00e4t k\u00e4yt\u00f6st\u00e4 helpompaa. Varustettu USB-Tyyppi-C-latauksella, justfog minifit-s kit on helppo ladata. Lis\u00e4ksi siin\u00e4 on 1,9 ml pod-kapasiteetti ja helppo pohjalatausj\u00e4rjestelm\u00e4. Siin\u00e4 on my\u00f6s sis\u00e4\u00e4nrakennettu 0,8 Ohm Mesh-helmi\u00e4 varten erinomaista makua varten. Osta vain.<\/span><\/div>\n<div><\/div>\n<div><\/div>\n<div><strong><u><i><span id=\"tl_4\" style=\"font-size: 18px; font-family: arial, helvetica, sans-serif;\">Parametrit:<\/span><\/i><\/u><\/strong><\/div>\n<div><span id=\"tl_5\" style=\"font-size: 18px; font-family: arial, helvetica, sans-serif;\">Merkki: justfog<\/span><\/div>\n<div><span id=\"tl_6\" style=\"font-size: 18px; font-family: arial, helvetica, sans-serif;\">Tuotenimi: minifit-s kit<\/span><\/div>\n<div><span id=\"tl_7\" style=\"font-size: 18px; font-family: arial, helvetica, sans-serif;\">Akku kapasiteetti: 420mAh sis\u00e4\u00e4nrakennettu akku<\/span><\/div>\n<div><span id=\"tl_8\" style=\"font-size: 18px; font-family: arial, helvetica, sans-serif;\">Vakioteho: 12W<\/span><\/div>\n<div><span id=\"tl_9\" style=\"font-size: 18px; font-family: arial, helvetica, sans-serif;\">Lataustyyppi: USB-Tyyppi-C DC 5V lataus<\/span><\/div>\n<div><span id=\"tl_10\" style=\"font-size: 18px; font-family: arial, helvetica, sans-serif;\">Aktivointitapa: Auto\/Painike 2-suuntainen veto<\/span><\/div>\n<div><span id=\"tl_11\" style=\"font-size: 18px; font-family: arial, helvetica, sans-serif;\">Pod-kapasiteetti: 1,9 ml<\/span><\/div>\n<div><span id=\"tl_12\" style=\"font-size: 18px; font-family: arial, helvetica, sans-serif;\">T\u00e4ytt\u00f6tyyppi: Pohjat\u00e4ytt\u00f6<\/span><\/div>\n<div><span id=\"tl_13\" style=\"font-size: 18px; font-family: arial, helvetica, sans-serif;\">Helmityyppi: sis\u00e4\u00e4nrakennettu 0,8 Ohm Mesh-helmi<\/span><\/div>\n<div><span id=\"tl_14\" style=\"font-size: 18px; font-family: arial, helvetica, sans-serif;\">V\u00e4ri: musta, hopea, punainen, kulta, sininen<\/span><\/div>\n<div><\/div>\n<div><\/div>\n<div><u><i><strong><span id=\"tl_15\" style=\"font-size: 18px; font-family: arial, helvetica, sans-serif;\">Yksityiskohdat:<\/span><\/strong><\/i><\/u><\/div>\n<div><span id=\"tl_16\" style=\"font-size: 18px; font-family: arial, helvetica, sans-serif;\">1. 420mAh sis\u00e4\u00e4nrakennettu akku ja 12W vakio teho<\/span><\/div>\n<div><span id=\"tl_17\" style=\"font-size: 18px; font-family: arial, helvetica, sans-serif;\">2. USB-Tyyppi-C-lataus koko p\u00e4iv\u00e4n vapingiin<\/span><\/div>\n<div><span id=\"tl_18\" style=\"font-size: 18px; font-family: arial, helvetica, sans-serif;\">3. tarjoaa Auto\/Painike aktivointi 2-suuntainen veto vaihtoehdoillesi<\/span><\/div>\n<div><span id=\"tl_19\" style=\"font-size: 18px; font-family: arial, helvetica, sans-serif;\">4. j\u00e4ljell\u00e4 olevan akun n\u00e4ytt\u00f6 ja virtakytkin<\/span><\/div>\n<div><span id=\"tl_20\" style=\"font-size: 18px; font-family: arial, helvetica, sans-serif;\">5. alalaidan t\u00e4ytt\u00f6j\u00e4rjestelm\u00e4, 1,9 ml E-s\u00e4ili\u00f6n kapasiteetti<\/span><\/div>\n<div><span id=\"tl_21\" style=\"font-size: 18px; font-family: arial, helvetica, sans-serif;\">6. varustettu sis\u00e4\u00e4nrakennetulla 0,8 ohmin silmukkak\u00e4\u00e4mill\u00e4 suureen makuun<\/span><\/div>\n<div><span id=\"tl_22\" style=\"font-size: 18px; font-family: arial, helvetica, sans-serif;\">7. magneettinen liit\u00e4nt\u00e4, jotta podi\u00e4 on helpompi yhdist\u00e4\u00e4<\/span><\/div>\n<div><span id=\"tl_23\" style=\"font-size: 18px; font-family: arial, helvetica, sans-serif;\">8. \u00e4lyk\u00e4s paristonsuojaus: oikosulku\/ylil\u00e4mp\u00f6\/tyhjentym\u00e4\/yli lataus\/yli j\u00e4nnite<\/span><\/div>\n<div><\/div>\n<div><\/div>\n<div><strong><i><u><span id=\"tl_24\" style=\"font-size: 18px; font-family: arial, helvetica, sans-serif;\">Justfog minifit-s vape-kitin paketti sis\u00e4lt\u00e4\u00e4:<\/span><\/u><\/i><\/strong><\/div>\n<div><span id=\"tl_25\" style=\"font-size: 18px; font-family: arial, helvetica, sans-serif;\">1 * justfog minifit s pod<\/span><\/div>\n<div><span id=\"tl_26\" style=\"font-size: 18px; font-family: arial, helvetica, sans-serif;\">1 * paristo<\/span><\/div>\n<div><span id=\"tl_27\" style=\"font-size: 18px; font-family: arial, helvetica, sans-serif;\">1 * USB-kaapeli<\/span><\/div>\n<div><span id=\"tl_28\" style=\"font-size: 18px; font-family: arial, helvetica, sans-serif;\">1 * K\u00e4ytt\u00f6ohje<\/span><\/div>\n<\/div>\n<\/div>\n<div><\/div>\n<p><img loading=\"lazy\" decoding=\"async\" src=\"https:\/\/ae01.alicdn.com\/kf\/HTB1ZFCiQpXXXXXtaFXXq6xXFXXXs.jpg\" width=\"920\" height=\"50\" \/><\/p>\n<div>\n<p><img decoding=\"async\" loading=\"lazy\" src=\"https:\/\/ae01.alicdn.com\/kf\/H7fd90ded64ad4f368d7517431d294d22o.jpg\" \/><img decoding=\"async\" loading=\"lazy\" src=\"https:\/\/ae01.alicdn.com\/kf\/H8db53678712944acb1b859669a0d0e1bt.jpg\" \/><img decoding=\"async\" loading=\"lazy\" src=\"https:\/\/ae01.alicdn.com\/kf\/H72c6e03220344238952e72df6e593e48x.jpg\" \/><img decoding=\"async\" loading=\"lazy\" src=\"https:\/\/ae01.alicdn.com\/kf\/Hda68a4f0dc144a67ba8e2d2d9561d0290.jpg\" \/><img decoding=\"async\" loading=\"lazy\" src=\"https:\/\/ae01.alicdn.com\/kf\/H812badd873084fab861bcfca1a9e41fce.jpg\" \/><img decoding=\"async\" loading=\"lazy\" src=\"https:\/\/ae01.alicdn.com\/kf\/H412f4d9654cf498ca1c845a9884d4d91T.jpg\" \/><img decoding=\"async\" loading=\"lazy\" src=\"https:\/\/ae01.alicdn.com\/kf\/Ha529f607c5244cbf8d2ee2377060df6dH.jpg\" \/><\/p>\n<div><\/div>\n<div><\/div>\n<\/div>\n<\/div>\n<\/div>","protected":false},"excerpt":{"rendered":"<p>&nbsp; Ulkon\u00e4k\u00f6: laatikkomainen valvontatoiminto savukkeiden m\u00e4\u00e4r\u00e4: ei silikonikuori: ei l\u00e4mp\u00f6tilans\u00e4\u00e4t\u00f6: ei sis\u00e4\u00e4nrakennettu vai ulkoinen akku: sis\u00e4\u00e4nrakennettu oikosulkusuojaustoiminto: kyll\u00e4 ylikuumenemissuojaustoiminto: kyll\u00e4 matalan j\u00e4nnitteen h\u00e4lytystoiminto: ei sumuttimen tunnistustoiminto: kyll\u00e4 materiaali: metalli yhteensopiva malli: Joyetech s\u00e4hk\u00f6iset tupakkatuotteet vape mallinumero: Justfog Minifit-S Kit USB-laturi: kyll\u00e4 firmware-p\u00e4ivitys: ei n\u00e4ytt\u00f6: ei tyyppi: akku mukana tuotemerkki: JUSTFOG alkuper\u00e4: CN (alkuper\u00e4) \u00a0 Alkuper\u00e4inen Justfog Minifit Pod Kit 1,9 ml podipatruuna 420mAh sis\u00e4\u00e4nrakennetulla akulla 12W elektroninen [\u2026]<\/p>","protected":false},"featured_media":8467,"template":"","meta":{"inline_featured_image":false},"product_cat":[752,756,739,743,76,81],"product_tag":[],"tiered_pricing_type":"fixed","tiered_pricing_fixed_rules":[],"tiered_pricing_percentage_rules":[],"tiered_pricing_minimum":1,"_administrator_tiered_pricing_type":"fixed","_administrator_tiered_pricing_fixed_rules":[],"_editor_tiered_pricing_type":"fixed","_editor_tiered_pricing_fixed_rules":[],"_author_tiered_pricing_type":"fixed","_author_tiered_pricing_fixed_rules":[],"_contributor_tiered_pricing_type":"fixed","_contributor_tiered_pricing_fixed_rules":[],"_subscriber_tiered_pricing_type":"fixed","_subscriber_tiered_pricing_fixed_rules":[],"_customer_tiered_pricing_type":"fixed","_customer_tiered_pricing_fixed_rules":[],"_shop_manager_tiered_pricing_type":"fixed","_shop_manager_tiered_pricing_fixed_rules":[],"_wpseo_manager_tiered_pricing_type":"fixed","_wpseo_manager_tiered_pricing_fixed_rules":[],"_wpseo_editor_tiered_pricing_type":"fixed","_wpseo_editor_tiered_pricing_fixed_rules":[],"_wholesale_customer_tiered_pricing_type":"fixed","_wholesale_customer_tiered_pricing_fixed_rules":[],"_marketer_tiered_pricing_type":"fixed","_marketer_tiered_pricing_fixed_rules":[],"_sales_manager_tiered_pricing_type":"fixed","_sales_manager_tiered_pricing_fixed_rules":[],"_sales_rep_tiered_pricing_type":"fixed","_sales_rep_tiered_pricing_fixed_rules":[],"yoast_head":"<!-- This site is optimized with the Yoast SEO plugin v23.3 - https:\/\/yoast.com\/wordpress\/plugins\/seo\/ -->\n<title>Justfog Minifit Pod Kit 1,9 ml Pod Patrone mit 420mAh eingebauter Batterie 12W elektronische Zigarette Vape Vapor izer | ElementVape.de<\/title>\n<meta name=\"description\" content=\"Wir bieten Justfog Minifit Pod Kit 1,9 ml Pod Patrone mit 420mAh eingebauter Batterie 12W elektronische Zigarette Vape Vapor izer , Elementvape.de akzeptieren Gro\u00df-und Einzelhandel Bestellungen.\" \/>\n<meta name=\"robots\" content=\"index, follow, max-snippet:-1, max-image-preview:large, max-video-preview:-1\" \/>\n<link rel=\"canonical\" href=\"https:\/\/www.elementvape.de\/fi\/produkt\/justfog-minifit-pod-kit-19-ml-pod\/\" \/>\n<meta property=\"og:locale\" content=\"fi_FI\" \/>\n<meta property=\"og:type\" content=\"article\" \/>\n<meta property=\"og:title\" content=\"Justfog Minifit Pod Kit 1,9 ml Pod Patrone mit 420mAh eingebauter Batterie 12W elektronische Zigarette Vape Vapor izer | ElementVape.de\" \/>\n<meta property=\"og:description\" content=\"Wir bieten Justfog Minifit Pod Kit 1,9 ml Pod Patrone mit 420mAh eingebauter Batterie 12W elektronische Zigarette Vape Vapor izer , Elementvape.de akzeptieren Gro\u00df-und Einzelhandel Bestellungen.\" \/>\n<meta property=\"og:url\" content=\"https:\/\/www.elementvape.de\/fi\/produkt\/justfog-minifit-pod-kit-19-ml-pod\/\" \/>\n<meta property=\"og:site_name\" content=\"ElementVape.de\" \/>\n<meta property=\"article:modified_time\" content=\"2024-12-12T06:37:03+00:00\" \/>\n<meta property=\"og:image\" content=\"https:\/\/ae01.alicdn.com\/kf\/H1c6ccc07e21c4da989c2eeb19bbfe529J\/Original-Justfog-Minifit-Pod-Kit-1-9-ml-Pod-Patrone-mit-420mAh-eingebauter-Batterie-12W-elektronische.jpg\" \/>\n\t<meta property=\"og:image:width\" content=\"800\" \/>\n\t<meta property=\"og:image:height\" content=\"800\" \/>\n\t<meta property=\"og:image:type\" content=\"image\/jpeg\" \/>\n<meta name=\"twitter:card\" content=\"summary_large_image\" \/>\n<meta name=\"twitter:label1\" content=\"Est. reading time\" \/>\n\t<meta name=\"twitter:data1\" content=\"4 minuuttia\" \/>\n<script type=\"application\/ld+json\" class=\"yoast-schema-graph\">{\"@context\":\"https:\/\/schema.org\",\"@graph\":[{\"@type\":\"WebPage\",\"@id\":\"https:\/\/www.elementvape.de\/produkt\/justfog-minifit-pod-kit-19-ml-pod\/\",\"url\":\"https:\/\/www.elementvape.de\/produkt\/justfog-minifit-pod-kit-19-ml-pod\/\",\"name\":\"Justfog Minifit Pod Kit 1,9 ml Pod Patrone mit 420mAh eingebauter Batterie 12W elektronische Zigarette Vape Vapor izer | ElementVape.de\",\"isPartOf\":{\"@id\":\"https:\/\/www.elementvape.de\/#website\"},\"primaryImageOfPage\":{\"@id\":\"https:\/\/www.elementvape.de\/produkt\/justfog-minifit-pod-kit-19-ml-pod\/#primaryimage\"},\"image\":{\"@id\":\"https:\/\/www.elementvape.de\/produkt\/justfog-minifit-pod-kit-19-ml-pod\/#primaryimage\"},\"thumbnailUrl\":\"https:\/\/ae01.alicdn.com\/kf\/H1c6ccc07e21c4da989c2eeb19bbfe529J\/Original-Justfog-Minifit-Pod-Kit-1-9-ml-Pod-Patrone-mit-420mAh-eingebauter-Batterie-12W-elektronische.jpg\",\"datePublished\":\"2024-04-20T06:34:49+00:00\",\"dateModified\":\"2024-12-12T06:37:03+00:00\",\"description\":\"Wir bieten Justfog Minifit Pod Kit 1,9 ml Pod Patrone mit 420mAh eingebauter Batterie 12W elektronische Zigarette Vape Vapor izer , Elementvape.de akzeptieren Gro\u00df-und Einzelhandel Bestellungen.\",\"breadcrumb\":{\"@id\":\"https:\/\/www.elementvape.de\/produkt\/justfog-minifit-pod-kit-19-ml-pod\/#breadcrumb\"},\"inLanguage\":\"fi\",\"potentialAction\":[{\"@type\":\"ReadAction\",\"target\":[\"https:\/\/www.elementvape.de\/produkt\/justfog-minifit-pod-kit-19-ml-pod\/\"]}]},{\"@type\":\"ImageObject\",\"inLanguage\":\"fi\",\"@id\":\"https:\/\/www.elementvape.de\/produkt\/justfog-minifit-pod-kit-19-ml-pod\/#primaryimage\",\"url\":\"https:\/\/ae01.alicdn.com\/kf\/H1c6ccc07e21c4da989c2eeb19bbfe529J\/Original-Justfog-Minifit-Pod-Kit-1-9-ml-Pod-Patrone-mit-420mAh-eingebauter-Batterie-12W-elektronische.jpg\",\"contentUrl\":\"https:\/\/ae01.alicdn.com\/kf\/H1c6ccc07e21c4da989c2eeb19bbfe529J\/Original-Justfog-Minifit-Pod-Kit-1-9-ml-Pod-Patrone-mit-420mAh-eingebauter-Batterie-12W-elektronische.jpg\",\"width\":800,\"height\":800},{\"@type\":\"BreadcrumbList\",\"@id\":\"https:\/\/www.elementvape.de\/produkt\/justfog-minifit-pod-kit-19-ml-pod\/#breadcrumb\",\"itemListElement\":[{\"@type\":\"ListItem\",\"position\":1,\"name\":\"Home\",\"item\":\"https:\/\/www.elementvape.de\/\"},{\"@type\":\"ListItem\",\"position\":2,\"name\":\"Shop\",\"item\":\"https:\/\/www.elementvape.de\/shop\/\"},{\"@type\":\"ListItem\",\"position\":3,\"name\":\"Justfog Minifit Pod Kit 1,9 ml Pod Patrone mit 420mAh eingebauter Batterie 12W elektronische Zigarette Vape Vapor izer\"}]},{\"@type\":\"WebSite\",\"@id\":\"https:\/\/www.elementvape.de\/#website\",\"url\":\"https:\/\/www.elementvape.de\/\",\"name\":\"ElementVape.de\",\"description\":\"\",\"publisher\":{\"@id\":\"https:\/\/www.elementvape.de\/#organization\"},\"potentialAction\":[{\"@type\":\"SearchAction\",\"target\":{\"@type\":\"EntryPoint\",\"urlTemplate\":\"https:\/\/www.elementvape.de\/?s={search_term_string}\"},\"query-input\":\"required name=search_term_string\"}],\"inLanguage\":\"fi\"},{\"@type\":\"Organization\",\"@id\":\"https:\/\/www.elementvape.de\/#organization\",\"name\":\"ElementVape.DE\",\"url\":\"https:\/\/www.elementvape.de\/\",\"logo\":{\"@type\":\"ImageObject\",\"inLanguage\":\"fi\",\"@id\":\"https:\/\/www.elementvape.de\/#\/schema\/logo\/image\/\",\"url\":\"https:\/\/www.elementvape.de\/wp-content\/uploads\/2024\/09\/cropped-1elementvape-3.png\",\"contentUrl\":\"https:\/\/www.elementvape.de\/wp-content\/uploads\/2024\/09\/cropped-1elementvape-3.png\",\"width\":285,\"height\":228,\"caption\":\"ElementVape.DE\"},\"image\":{\"@id\":\"https:\/\/www.elementvape.de\/#\/schema\/logo\/image\/\"}}]}<\/script>\n<!-- \/ Yoast SEO plugin. -->","yoast_head_json":{"title":"Justfog Minifit Pod Kit 1,9 ml Pod Patrone mit 420mAh eingebauter Batterie 12W elektronische Zigarette Vape Vapor izer | ElementVape.de","description":"Wir bieten Justfog Minifit Pod Kit 1,9 ml Pod Patrone mit 420mAh eingebauter Batterie 12W elektronische Zigarette Vape Vapor izer , Elementvape.de akzeptieren Gro\u00df-und Einzelhandel Bestellungen.","robots":{"index":"index","follow":"follow","max-snippet":"max-snippet:-1","max-image-preview":"max-image-preview:large","max-video-preview":"max-video-preview:-1"},"canonical":"https:\/\/www.elementvape.de\/fi\/produkt\/justfog-minifit-pod-kit-19-ml-pod\/","og_locale":"fi_FI","og_type":"article","og_title":"Justfog Minifit Pod Kit 1,9 ml Pod Patrone mit 420mAh eingebauter Batterie 12W elektronische Zigarette Vape Vapor izer | ElementVape.de","og_description":"Wir bieten Justfog Minifit Pod Kit 1,9 ml Pod Patrone mit 420mAh eingebauter Batterie 12W elektronische Zigarette Vape Vapor izer , Elementvape.de akzeptieren Gro\u00df-und Einzelhandel Bestellungen.","og_url":"https:\/\/www.elementvape.de\/fi\/produkt\/justfog-minifit-pod-kit-19-ml-pod\/","og_site_name":"ElementVape.de","article_modified_time":"2024-12-12T06:37:03+00:00","og_image":[{"width":800,"height":800,"url":"https:\/\/ae01.alicdn.com\/kf\/H1c6ccc07e21c4da989c2eeb19bbfe529J\/Original-Justfog-Minifit-Pod-Kit-1-9-ml-Pod-Patrone-mit-420mAh-eingebauter-Batterie-12W-elektronische.jpg","type":"image\/jpeg"}],"twitter_card":"summary_large_image","twitter_misc":{"Est. reading time":"4 minuuttia"},"schema":{"@context":"https:\/\/schema.org","@graph":[{"@type":"WebPage","@id":"https:\/\/www.elementvape.de\/produkt\/justfog-minifit-pod-kit-19-ml-pod\/","url":"https:\/\/www.elementvape.de\/produkt\/justfog-minifit-pod-kit-19-ml-pod\/","name":"Justfog Minifit Pod Kit 1,9 ml Pod Patrone mit 420mAh eingebauter Batterie 12W elektronische Zigarette Vape Vapor izer | ElementVape.de","isPartOf":{"@id":"https:\/\/www.elementvape.de\/#website"},"primaryImageOfPage":{"@id":"https:\/\/www.elementvape.de\/produkt\/justfog-minifit-pod-kit-19-ml-pod\/#primaryimage"},"image":{"@id":"https:\/\/www.elementvape.de\/produkt\/justfog-minifit-pod-kit-19-ml-pod\/#primaryimage"},"thumbnailUrl":"https:\/\/ae01.alicdn.com\/kf\/H1c6ccc07e21c4da989c2eeb19bbfe529J\/Original-Justfog-Minifit-Pod-Kit-1-9-ml-Pod-Patrone-mit-420mAh-eingebauter-Batterie-12W-elektronische.jpg","datePublished":"2024-04-20T06:34:49+00:00","dateModified":"2024-12-12T06:37:03+00:00","description":"Wir bieten Justfog Minifit Pod Kit 1,9 ml Pod Patrone mit 420mAh eingebauter Batterie 12W elektronische Zigarette Vape Vapor izer , Elementvape.de akzeptieren Gro\u00df-und Einzelhandel Bestellungen.","breadcrumb":{"@id":"https:\/\/www.elementvape.de\/produkt\/justfog-minifit-pod-kit-19-ml-pod\/#breadcrumb"},"inLanguage":"fi","potentialAction":[{"@type":"ReadAction","target":["https:\/\/www.elementvape.de\/produkt\/justfog-minifit-pod-kit-19-ml-pod\/"]}]},{"@type":"ImageObject","inLanguage":"fi","@id":"https:\/\/www.elementvape.de\/produkt\/justfog-minifit-pod-kit-19-ml-pod\/#primaryimage","url":"https:\/\/ae01.alicdn.com\/kf\/H1c6ccc07e21c4da989c2eeb19bbfe529J\/Original-Justfog-Minifit-Pod-Kit-1-9-ml-Pod-Patrone-mit-420mAh-eingebauter-Batterie-12W-elektronische.jpg","contentUrl":"https:\/\/ae01.alicdn.com\/kf\/H1c6ccc07e21c4da989c2eeb19bbfe529J\/Original-Justfog-Minifit-Pod-Kit-1-9-ml-Pod-Patrone-mit-420mAh-eingebauter-Batterie-12W-elektronische.jpg","width":800,"height":800},{"@type":"BreadcrumbList","@id":"https:\/\/www.elementvape.de\/produkt\/justfog-minifit-pod-kit-19-ml-pod\/#breadcrumb","itemListElement":[{"@type":"ListItem","position":1,"name":"Home","item":"https:\/\/www.elementvape.de\/"},{"@type":"ListItem","position":2,"name":"Shop","item":"https:\/\/www.elementvape.de\/shop\/"},{"@type":"ListItem","position":3,"name":"Justfog Minifit Pod Kit 1,9 ml Pod Patrone mit 420mAh eingebauter Batterie 12W elektronische Zigarette Vape Vapor izer"}]},{"@type":"WebSite","@id":"https:\/\/www.elementvape.de\/#website","url":"https:\/\/www.elementvape.de\/","name":"ElementVape.de","description":"","publisher":{"@id":"https:\/\/www.elementvape.de\/#organization"},"potentialAction":[{"@type":"SearchAction","target":{"@type":"EntryPoint","urlTemplate":"https:\/\/www.elementvape.de\/?s={search_term_string}"},"query-input":"required name=search_term_string"}],"inLanguage":"fi"},{"@type":"Organization","@id":"https:\/\/www.elementvape.de\/#organization","name":"ElementVape.DE","url":"https:\/\/www.elementvape.de\/","logo":{"@type":"ImageObject","inLanguage":"fi","@id":"https:\/\/www.elementvape.de\/#\/schema\/logo\/image\/","url":"https:\/\/www.elementvape.de\/wp-content\/uploads\/2024\/09\/cropped-1elementvape-3.png","contentUrl":"https:\/\/www.elementvape.de\/wp-content\/uploads\/2024\/09\/cropped-1elementvape-3.png","width":285,"height":228,"caption":"ElementVape.DE"},"image":{"@id":"https:\/\/www.elementvape.de\/#\/schema\/logo\/image\/"}}]}},"_links":{"self":[{"href":"https:\/\/www.elementvape.de\/fi\/wp-json\/wp\/v2\/product\/8466"}],"collection":[{"href":"https:\/\/www.elementvape.de\/fi\/wp-json\/wp\/v2\/product"}],"about":[{"href":"https:\/\/www.elementvape.de\/fi\/wp-json\/wp\/v2\/types\/product"}],"wp:featuredmedia":[{"embeddable":true,"href":"https:\/\/www.elementvape.de\/fi\/wp-json\/wp\/v2\/media\/8467"}],"wp:attachment":[{"href":"https:\/\/www.elementvape.de\/fi\/wp-json\/wp\/v2\/media?parent=8466"}],"wp:term":[{"taxonomy":"product_cat","embeddable":true,"href":"https:\/\/www.elementvape.de\/fi\/wp-json\/wp\/v2\/product_cat?post=8466"},{"taxonomy":"product_tag","embeddable":true,"href":"https:\/\/www.elementvape.de\/fi\/wp-json\/wp\/v2\/product_tag?post=8466"}],"curies":[{"name":"wp","href":"https:\/\/api.w.org\/{rel}","templated":true}]}}