{"id":8142,"date":"2024-04-20T07:46:49","date_gmt":"2024-04-20T07:46:49","guid":{"rendered":"https:\/\/www.elementvape.de\/?post_type=product&#038;p=8142"},"modified":"2024-09-12T10:32:06","modified_gmt":"2024-09-12T10:32:06","slug":"vapor-esso-armor-max-kit-220w-box-mod-e-zigarette-vape","status":"publish","type":"product","link":"https:\/\/www.elementvape.de\/fi\/produkt\/vapor-esso-armor-max-kit-220w-box-mod-e-zigarette-vape\/","title":{"rendered":"Vapor esso Armor Max Kit 220W Box Mod E-savuke, h\u00f6yrystin"},"content":{"rendered":"<p>&nbsp;<\/p>\n<div class=\"product-specs-list-container\">\n<ul class=\"product-specs-list util-clearfix\">\n<li class=\"product-prop line-limit-length\"><span class=\"property-title\">Ulkon\u00e4k\u00f6:\u00a0<\/span><span class=\"property-desc line-limit-length\">Laatikkomuoto<\/span><\/li>\n<li class=\"product-prop line-limit-length\"><span class=\"property-title\">Yhteensopiva akku:\u00a0<\/span><span class=\"property-desc line-limit-length\">18650<\/span><\/li>\n<li class=\"product-prop line-limit-length\"><span class=\"property-title\">Tarkkailutoiminto tupakointim\u00e4\u00e4r\u00e4lle:\u00a0<\/span><span class=\"property-desc line-limit-length\">Ei<\/span><\/li>\n<li class=\"product-prop line-limit-length\"><span class=\"property-title\">Siliconkotelon tapauksessa\u00a0<\/span><span class=\"property-desc line-limit-length\">Ei<\/span><\/li>\n<li class=\"product-prop line-limit-length\"><span class=\"property-title\">L\u00e4mp\u00f6tilans\u00e4\u00e4t\u00f6:\u00a0<\/span><span class=\"property-desc line-limit-length\">Ja<\/span><\/li>\n<li class=\"product-prop line-limit-length\"><span class=\"property-title\">Sis\u00e4\u00e4nrakennettu tai ulkoinen akku:\u00a0<\/span><span class=\"property-desc line-limit-length\">Ulkoisesti<\/span><\/li>\n<li class=\"product-prop line-limit-length\"><span class=\"property-title\">Oikosulkuvaimennustoiminto:\u00a0<\/span><span class=\"property-desc line-limit-length\">Ja<\/span><\/li>\n<li class=\"product-prop line-limit-length\"><span class=\"property-title\">Ylikuumenemissuoja-toiminto:\u00a0<\/span><span class=\"property-desc line-limit-length\">Ja<\/span><\/li>\n<li class=\"product-prop line-limit-length\"><span class=\"property-title\">Alhaisen j\u00e4nnitteen h\u00e4lytysominaisuus:\u00a0<\/span><span class=\"property-desc line-limit-length\">Ja<\/span><\/li>\n<li class=\"product-prop line-limit-length\"><span class=\"property-title\">Sumutin tunnistus toiminto:\u00a0<\/span><span class=\"property-desc line-limit-length\">Ja<\/span><\/li>\n<li class=\"product-prop line-limit-length\"><span class=\"property-title\">TCR-asetustila:\u00a0<\/span><span class=\"property-desc line-limit-length\">Ei<\/span><\/li>\n<li class=\"product-prop line-limit-length\"><span class=\"property-title\">Nominakapasiteetti:\u00a0<\/span><span class=\"property-desc line-limit-length\">Ei<\/span><\/li>\n<li class=\"product-prop line-limit-length\"><span class=\"property-title\">Materiaali:\u00a0<\/span><span class=\"property-desc line-limit-length\">Metalli<\/span><\/li>\n<li class=\"product-prop line-limit-length\"><span class=\"property-title\">Yhteensopiva malli:\u00a0<\/span><span class=\"property-desc line-limit-length\">S\u00e4hk\u00f6tupakka Vape<\/span><\/li>\n<li class=\"product-prop line-limit-length\"><span class=\"property-title\">Mallinumero:\u00a0<\/span><span class=\"property-desc line-limit-length\">Vaporesso ARMOUR MAX -sarja<\/span><\/li>\n<li class=\"product-prop line-limit-length\"><span class=\"property-title\">Usb-laturi:\u00a0<\/span><span class=\"property-desc line-limit-length\">Ja<\/span><\/li>\n<li class=\"product-prop line-limit-length\"><span class=\"property-title\">Firmware-p\u00e4ivitys:\u00a0<\/span><span class=\"property-desc line-limit-length\">Ei<\/span><\/li>\n<li class=\"product-prop line-limit-length\"><span class=\"property-title\">N\u00e4ytt\u00f6:\u00a0<\/span><span class=\"property-desc line-limit-length\">Ja<\/span><\/li>\n<li class=\"product-prop line-limit-length\"><span class=\"property-title\">Tyyppi:\u00a0<\/span><span class=\"property-desc line-limit-length\">Ilman akkua<\/span><\/li>\n<li class=\"product-prop line-limit-length\"><span class=\"property-title\">Tavaramerkki:\u00a0<\/span><span class=\"property-desc line-limit-length\">vaporesso<\/span><\/li>\n<li class=\"product-prop line-limit-length\"><span class=\"property-title\">Alkuper\u00e4:\u00a0<\/span><span class=\"property-desc line-limit-length\">FI (Alkuper\u00e4)<\/span><\/li>\n<li class=\"product-prop line-limit-length\"><span class=\"property-title\">Mitat:\u00a0<\/span><span class=\"property-desc line-limit-length\">157 x 56,5 x 34 mm<\/span><\/li>\n<li class=\"product-prop line-limit-length\"><span class=\"property-title\">TANKin kapasiteetti:\u00a0<\/span><span class=\"property-desc line-limit-length\">8 ml<\/span><\/li>\n<li class=\"product-prop line-limit-length\"><span class=\"property-title\">Akkukapasiteetti:\u00a0<\/span><span class=\"property-desc line-limit-length\">2 x 21700 tai 18650 akku (ei sis\u00e4lly)<\/span><\/li>\n<li class=\"product-prop line-limit-length\"><span class=\"property-title\">L\u00e4ht\u00f6teho:\u00a0<\/span><span class=\"property-desc line-limit-length\">5-220 W<\/span><\/li>\n<li class=\"product-prop line-limit-length\"><span class=\"property-title\">N\u00e4ytt\u00f6:\u00a0<\/span><span class=\"property-desc line-limit-length\">0,96 tuuman TFT-n\u00e4ytt\u00f6<\/span><\/li>\n<li class=\"product-prop line-limit-length\"><span class=\"property-title\">Latausvirta:\u00a0<\/span><span class=\"property-desc line-limit-length\">DC 5V\/2A, Type-C<\/span><\/li>\n<\/ul>\n<\/div>\n<div class=\"detailmodule_html\">\n<div class=\"detail-desc-decorate-richtext\">\n<div class=\"detailmodule_text\">\n<div><\/div>\n<p id=\"tl_1\" class=\"detail-desc-decorate-title\" style=\"font-family: OpenSans; font-size: 20px; font-weight: 900; line-height: 28px; margin-bottom: 12px;\">Alkuper\u00e4inen Vapor esso Armor Max Kit 220W Box Mod elektroninen savukkeet Vape ja 8ml Itank 2 Fit Gti Mesh Coil Vaporizer<\/p>\n<\/div>\n<div class=\"detailmodule_text\">\n<p id=\"tl_2\" class=\"detail-desc-decorate-title\" style=\"font-family: OpenSans; font-size: 20px; font-weight: 900; line-height: 28px; margin-bottom: 12px;\">Kuvaus:<\/p>\n<p id=\"tl_3\" class=\"detail-desc-decorate-content\" style=\"font-family: OpenSans; font-size: 14px; font-weight: 300; line-height: 20px; margin-bottom: 12px;\">R\u00fcstung max Kit on t\u00e4ysin valmistettu TPU-materiaalista, mik\u00e4 tekee siit\u00e4 kest\u00e4v\u00e4n ja rikkoutumista vastustavan. Se koostuu r\u00fcstung max modista ja itank 2:sta. Se tukee kaksoisulkoisia 21700\/18650-akkuja, maksimiteholla 220W ja Type-C-latauksella. Axon-sirun avulla varustettuna sill\u00e4 on f (t)\/pul\/eco\/TC-TI\/TC-SS\/TC-NI-tilat, jotka personoivat vaping-kokemustasi. Uni-Lock-Design, jossa on sytytys- ja lukitusfunktion, voi turvata virtal\u00e4hteen \u00e4lykk\u00e4\u00e4sti, ja One-Key-Lock-Design parantaa sek\u00e4 yksinkertaisuutta ett\u00e4 vakautta. Lis\u00e4ksi siin\u00e4 on 0,96 tuuman TFT-n\u00e4ytt\u00f6, joka n\u00e4ytt\u00e4\u00e4 vaping-tiedot intuitiivisemmin. Se sis\u00e4lt\u00e4\u00e4 my\u00f6s 8 ml kapasiteetin ja yksinkertaisen yl\u00e4t\u00e4ytt\u00f6j\u00e4rjestelm\u00e4n. Yhteensopiva GTI-kela, joka k\u00e4ytt\u00e4\u00e4 Corex-l\u00e4mmitysteknologiaa, tarjoaa tarkemman maun ja 50%-pitemm\u00e4n kelan k\u00e4ytt\u00f6i\u00e4n.<\/p>\n<\/div>\n<div class=\"detailmodule_text\">\n<p id=\"tl_4\" class=\"detail-desc-decorate-title\" style=\"font-family: OpenSans; font-size: 20px; font-weight: 900; line-height: 28px; margin-bottom: 12px;\">Parametrit:<\/p>\n<p id=\"tl_5\" class=\"detail-desc-decorate-content\" style=\"font-family: OpenSans; font-size: 14px; font-weight: 300; line-height: 20px; margin-bottom: 12px;\">Mitat: 157\u00d756,5\u00d734 mm<br \/>\nTankin kapasiteetti: 8 ml<br \/>\nKelain vastus:<br \/>\nGti 0,21 m esh -kela (60-75W)<br \/>\nGti 0,402 mesh -kela (50-60W)<br \/>\nAkku kapasiteetti:<br \/>\n2\u00d721700 tai 18650 akku (ei sis\u00e4lly)<br \/>\nL\u00e4ht\u00f6teho: 5-220w<br \/>\nLatausvirta: dc 5v\/2a, Type-c<br \/>\nN\u00e4ytt\u00f6: 0,96 tuuman TFT-n\u00e4ytt\u00f6<\/p>\n<\/div>\n<div class=\"detailmodule_text\">\n<p id=\"tl_6\" class=\"detail-desc-decorate-title\" style=\"font-family: OpenSans; font-size: 20px; font-weight: 900; line-height: 28px; margin-bottom: 12px;\">Yksityiskohdat:<\/p>\n<p id=\"tl_7\" class=\"detail-desc-decorate-content\" style=\"font-family: OpenSans; font-size: 14px; font-weight: 300; line-height: 20px; margin-bottom: 12px;\">1. koostuu r\u00fcstung modista ja itank 2:sta<br \/>\n2. yhteensopiva Vapor esso Gti -kelojen kanssa<br \/>\n3. t\u00e4ysin TPU-materiaalista valmistettu<br \/>\n4. Kaksoisulkoiset 21700\/18650-akut, enint\u00e4\u00e4n 220w<br \/>\n5. Axon-siru, f (t)\/pul\/eco\/tc-tila<br \/>\n6. uni-lock, varmistaaksesi voimasi<br \/>\n7. Yhden painikkeen avaus, helpottaaksesi h\u00f6yrystyst\u00e4si<br \/>\n8. suunniteltu 0.96 \u201dtft-n\u00e4yt\u00f6ll\u00e4<br \/>\n9. 8ml kapasiteetti, helppo yl\u00e4kansi t\u00e4ytt\u00f6<br \/>\n10. corex tarkkaan makuun ja pidemp\u00e4\u00e4n kelojen kestoon<\/p>\n<\/div>\n<div class=\"detailmodule_text\">\n<p id=\"tl_8\" class=\"detail-desc-decorate-title\" style=\"font-family: OpenSans; font-size: 20px; font-weight: 900; line-height: 28px; margin-bottom: 12px;\">Pakkaus:<\/p>\n<p id=\"tl_9\" class=\"detail-desc-decorate-content\" style=\"font-family: OpenSans; font-size: 14px; font-weight: 300; line-height: 20px; margin-bottom: 12px;\">1 x Vapor esso Armor max mod<br \/>\n1 x Vapor esso itank 2 (8 ml)<br \/>\n1x gti 0,2 Ohm silmukkakela (asennettu valmiiksi)<br \/>\n1x gti 0,4 Ohm silmukkakela ( laatikossa)<br \/>\n1 x ylim\u00e4\u00e4r\u00e4inen lasiputki<br \/>\n1x Tankin suojakansi (asennettu valmiiksi)<br \/>\n2x O-rengasta<br \/>\n1 x T\u00e4ytt\u00f6silikoniputki<br \/>\n2\u00d718650-hylsy\u00e4 (modin sis\u00e4ll\u00e4)<br \/>\n1 x Typ-C-kaapeli<br \/>\n1 x K\u00e4ytt\u00f6ohje ja takuutodistus<br \/>\n1 x Turvallisuusohjeet<br \/>\n1 x Muistutuskortti<\/p>\n<\/div>\n<div class=\"detailmodule_image\"><img decoding=\"async\" loading=\"lazy\" class=\"detail-desc-decorate-image\" src=\"https:\/\/ae01.alicdn.com\/kf\/Sb9bb1bc5bef247549d14ef66f39e2c03R.jpg\" \/><br \/>\n<img decoding=\"async\" loading=\"lazy\" class=\"detail-desc-decorate-image\" src=\"https:\/\/ae01.alicdn.com\/kf\/S3d6e3e0679424da7a2c5d7fb8456ebd0i.jpg\" \/><br \/>\n<img decoding=\"async\" loading=\"lazy\" class=\"detail-desc-decorate-image\" src=\"https:\/\/ae01.alicdn.com\/kf\/Seb7731d9d16a48d5aa67420a783fb260m.jpg\" \/><br \/>\n<img decoding=\"async\" loading=\"lazy\" class=\"detail-desc-decorate-image\" src=\"https:\/\/ae01.alicdn.com\/kf\/S8c58ac3189fa485baf660d15758d315eN.jpg\" \/><br \/>\n<img decoding=\"async\" loading=\"lazy\" class=\"detail-desc-decorate-image\" src=\"https:\/\/ae01.alicdn.com\/kf\/Sf9c4a5565d904149b2af80efcb86f649C.jpg\" \/><br \/>\n<img decoding=\"async\" loading=\"lazy\" class=\"detail-desc-decorate-image\" src=\"https:\/\/ae01.alicdn.com\/kf\/S2014b6c01cf244bd9332adbb9ab88400O.jpg\" \/><br \/>\n<img decoding=\"async\" loading=\"lazy\" class=\"detail-desc-decorate-image\" src=\"https:\/\/ae01.alicdn.com\/kf\/S43e54602ffc9449a8410d04d310b8e332.jpg\" \/><br \/>\n<img decoding=\"async\" loading=\"lazy\" class=\"detail-desc-decorate-image\" src=\"https:\/\/ae01.alicdn.com\/kf\/Sadaad3424b534784b26831ae788a47f4p.jpg\" \/><\/div>\n<div class=\"detailmodule_image\"><img decoding=\"async\" loading=\"lazy\" class=\"detail-desc-decorate-image\" src=\"https:\/\/ae01.alicdn.com\/kf\/S72abe7de9b0a40ce9ca2aa697a88bfb9I.jpg\" \/><br \/>\n<img decoding=\"async\" loading=\"lazy\" class=\"detail-desc-decorate-image\" src=\"https:\/\/ae01.alicdn.com\/kf\/S41c3f3ccb214490997d3743f738bb998d.jpg\" \/><br \/>\n<img decoding=\"async\" loading=\"lazy\" class=\"detail-desc-decorate-image\" src=\"https:\/\/ae01.alicdn.com\/kf\/Sf3c6a51df3b44a76ae184a243170b20bR.jpg\" \/><br \/>\n<img decoding=\"async\" loading=\"lazy\" class=\"detail-desc-decorate-image\" src=\"https:\/\/ae01.alicdn.com\/kf\/Sd9c3df937de54e418181350c24d2ca35o.jpg\" \/><br \/>\n<img decoding=\"async\" loading=\"lazy\" class=\"detail-desc-decorate-image\" src=\"https:\/\/ae01.alicdn.com\/kf\/Se618103f60314ecbbcd61f25591a8cc0E.jpg\" \/><\/div>\n<p>&nbsp;<\/p>\n<\/div>\n<\/div>","protected":false},"excerpt":{"rendered":"<p>&nbsp; Aussehen:\u00a0Box Form Kompatibler Akku:\u00a018650 \u00dcberwachung Funktion Von Rauchen Anzahl:\u00a0Nein Silikon Fall:\u00a0Nein Temperaturregelung:\u00a0Ja Eingebaute Oder Externe Batterie:\u00a0External Kurzschlussschutz Funktion:\u00a0Ja \u00dcberhitzungsschutz-funktion:\u00a0Ja Niederspannungsalarmfunktion:\u00a0Ja Zerst\u00e4uber Identifikation Funktion:\u00a0Ja TCR Einstellung Modi:\u00a0Nein Nominale Kapazit\u00e4t:\u00a0Kein Material:\u00a0Metall Compatible Model:\u00a0Electronic Cigarette Vape Modellnummer:\u00a0Vaporesso ARMOUR MAX Kit Usb-ladeger\u00e4t:\u00a0Ja Firmware-upgrade:\u00a0Nein Display:\u00a0Ja Art:\u00a0Ohne Batterie Markenname:\u00a0vaporesso Ursprung:\u00a0CN (Herkunft) Dimensions:\u00a0157 x 56.5 X 34mm TANK Capacity:\u00a08ml Battery Capacity:\u00a02 [&hellip;]<\/p>","protected":false},"featured_media":8143,"template":"","meta":{"inline_featured_image":false},"product_cat":[78,750,737,736,749,77],"product_tag":[],"tiered_pricing_type":"fixed","tiered_pricing_fixed_rules":[],"tiered_pricing_percentage_rules":[],"tiered_pricing_minimum":1,"_administrator_tiered_pricing_type":"fixed","_administrator_tiered_pricing_fixed_rules":[],"_editor_tiered_pricing_type":"fixed","_editor_tiered_pricing_fixed_rules":[],"_author_tiered_pricing_type":"fixed","_author_tiered_pricing_fixed_rules":[],"_contributor_tiered_pricing_type":"fixed","_contributor_tiered_pricing_fixed_rules":[],"_subscriber_tiered_pricing_type":"fixed","_subscriber_tiered_pricing_fixed_rules":[],"_customer_tiered_pricing_type":"fixed","_customer_tiered_pricing_fixed_rules":[],"_shop_manager_tiered_pricing_type":"fixed","_shop_manager_tiered_pricing_fixed_rules":[],"_wpseo_manager_tiered_pricing_type":"fixed","_wpseo_manager_tiered_pricing_fixed_rules":[],"_wpseo_editor_tiered_pricing_type":"fixed","_wpseo_editor_tiered_pricing_fixed_rules":[],"_wholesale_customer_tiered_pricing_type":"fixed","_wholesale_customer_tiered_pricing_fixed_rules":[],"_marketer_tiered_pricing_type":"fixed","_marketer_tiered_pricing_fixed_rules":[],"_sales_manager_tiered_pricing_type":"fixed","_sales_manager_tiered_pricing_fixed_rules":[],"_sales_rep_tiered_pricing_type":"fixed","_sales_rep_tiered_pricing_fixed_rules":[],"yoast_head":"<!-- This site is optimized with the Yoast SEO plugin v23.3 - https:\/\/yoast.com\/wordpress\/plugins\/seo\/ -->\n<title>Vapor esso Armor Max Kit 220W Box Mod E-Zigarette Vape | ElementVape.de<\/title>\n<meta name=\"description\" content=\"Wir bieten Vapor esso Armor Max Kit 220W Box Mod E-Zigarette Vape , Elementvape.de akzeptieren Gro\u00df-und Einzelhandel Bestellungen.\" \/>\n<meta name=\"robots\" content=\"index, follow, max-snippet:-1, max-image-preview:large, max-video-preview:-1\" \/>\n<link rel=\"canonical\" href=\"https:\/\/www.elementvape.de\/fi\/produkt\/vapor-esso-armor-max-kit-220w-box-mod-e-zigarette-vape\/\" \/>\n<meta property=\"og:locale\" content=\"fi_FI\" \/>\n<meta property=\"og:type\" content=\"article\" \/>\n<meta property=\"og:title\" content=\"Vapor esso Armor Max Kit 220W Box Mod E-Zigarette Vape | ElementVape.de\" \/>\n<meta property=\"og:description\" content=\"Wir bieten Vapor esso Armor Max Kit 220W Box Mod E-Zigarette Vape , Elementvape.de akzeptieren Gro\u00df-und Einzelhandel Bestellungen.\" \/>\n<meta property=\"og:url\" content=\"https:\/\/www.elementvape.de\/fi\/produkt\/vapor-esso-armor-max-kit-220w-box-mod-e-zigarette-vape\/\" \/>\n<meta property=\"og:site_name\" content=\"ElementVape.de\" \/>\n<meta property=\"article:modified_time\" content=\"2024-09-12T10:32:06+00:00\" \/>\n<meta property=\"og:image\" content=\"https:\/\/ae01.alicdn.com\/kf\/Sd1861fed7cae452b97af057481e39b65n\/Original-Vapor-esso-Armor-Max-Kit-220W-Box-Mod-elektronische-Zigarette-Vape-und-8ml-Itank-2.jpg\" \/>\n\t<meta property=\"og:image:width\" content=\"800\" \/>\n\t<meta property=\"og:image:height\" content=\"800\" \/>\n\t<meta property=\"og:image:type\" content=\"image\/jpeg\" \/>\n<meta name=\"twitter:card\" content=\"summary_large_image\" \/>\n<meta name=\"twitter:label1\" content=\"Est. reading time\" \/>\n\t<meta name=\"twitter:data1\" content=\"6 minuuttia\" \/>\n<script type=\"application\/ld+json\" class=\"yoast-schema-graph\">{\"@context\":\"https:\/\/schema.org\",\"@graph\":[{\"@type\":\"WebPage\",\"@id\":\"https:\/\/www.elementvape.de\/en\/produkt\/vapor-esso-armor-max-kit-220w-box-mod-e-zigarette-vape\/\",\"url\":\"https:\/\/www.elementvape.de\/en\/produkt\/vapor-esso-armor-max-kit-220w-box-mod-e-zigarette-vape\/\",\"name\":\"Vapor esso Armor Max Kit 220W Box Mod E-Zigarette Vape | ElementVape.de\",\"isPartOf\":{\"@id\":\"https:\/\/www.elementvape.de\/#website\"},\"primaryImageOfPage\":{\"@id\":\"https:\/\/www.elementvape.de\/en\/produkt\/vapor-esso-armor-max-kit-220w-box-mod-e-zigarette-vape\/#primaryimage\"},\"image\":{\"@id\":\"https:\/\/www.elementvape.de\/en\/produkt\/vapor-esso-armor-max-kit-220w-box-mod-e-zigarette-vape\/#primaryimage\"},\"thumbnailUrl\":\"https:\/\/ae01.alicdn.com\/kf\/Sd1861fed7cae452b97af057481e39b65n\/Original-Vapor-esso-Armor-Max-Kit-220W-Box-Mod-elektronische-Zigarette-Vape-und-8ml-Itank-2.jpg\",\"datePublished\":\"2024-04-20T07:46:49+00:00\",\"dateModified\":\"2024-09-12T10:32:06+00:00\",\"description\":\"Wir bieten Vapor esso Armor Max Kit 220W Box Mod E-Zigarette Vape , Elementvape.de akzeptieren Gro\u00df-und Einzelhandel Bestellungen.\",\"breadcrumb\":{\"@id\":\"https:\/\/www.elementvape.de\/en\/produkt\/vapor-esso-armor-max-kit-220w-box-mod-e-zigarette-vape\/#breadcrumb\"},\"inLanguage\":\"fi\",\"potentialAction\":[{\"@type\":\"ReadAction\",\"target\":[\"https:\/\/www.elementvape.de\/en\/produkt\/vapor-esso-armor-max-kit-220w-box-mod-e-zigarette-vape\/\"]}]},{\"@type\":\"ImageObject\",\"inLanguage\":\"fi\",\"@id\":\"https:\/\/www.elementvape.de\/en\/produkt\/vapor-esso-armor-max-kit-220w-box-mod-e-zigarette-vape\/#primaryimage\",\"url\":\"https:\/\/ae01.alicdn.com\/kf\/Sd1861fed7cae452b97af057481e39b65n\/Original-Vapor-esso-Armor-Max-Kit-220W-Box-Mod-elektronische-Zigarette-Vape-und-8ml-Itank-2.jpg\",\"contentUrl\":\"https:\/\/ae01.alicdn.com\/kf\/Sd1861fed7cae452b97af057481e39b65n\/Original-Vapor-esso-Armor-Max-Kit-220W-Box-Mod-elektronische-Zigarette-Vape-und-8ml-Itank-2.jpg\",\"width\":800,\"height\":800},{\"@type\":\"BreadcrumbList\",\"@id\":\"https:\/\/www.elementvape.de\/en\/produkt\/vapor-esso-armor-max-kit-220w-box-mod-e-zigarette-vape\/#breadcrumb\",\"itemListElement\":[{\"@type\":\"ListItem\",\"position\":1,\"name\":\"Home\",\"item\":\"https:\/\/www.elementvape.de\/\"},{\"@type\":\"ListItem\",\"position\":2,\"name\":\"Shop\",\"item\":\"https:\/\/www.elementvape.de\/shop\/\"},{\"@type\":\"ListItem\",\"position\":3,\"name\":\"Vapor esso Armor Max Kit 220W Box Mod E-Zigarette Vape\"}]},{\"@type\":\"WebSite\",\"@id\":\"https:\/\/www.elementvape.de\/#website\",\"url\":\"https:\/\/www.elementvape.de\/\",\"name\":\"ElementVape.de\",\"description\":\"\",\"publisher\":{\"@id\":\"https:\/\/www.elementvape.de\/#organization\"},\"potentialAction\":[{\"@type\":\"SearchAction\",\"target\":{\"@type\":\"EntryPoint\",\"urlTemplate\":\"https:\/\/www.elementvape.de\/?s={search_term_string}\"},\"query-input\":\"required name=search_term_string\"}],\"inLanguage\":\"fi\"},{\"@type\":\"Organization\",\"@id\":\"https:\/\/www.elementvape.de\/#organization\",\"name\":\"ElementVape.DE\",\"url\":\"https:\/\/www.elementvape.de\/\",\"logo\":{\"@type\":\"ImageObject\",\"inLanguage\":\"fi\",\"@id\":\"https:\/\/www.elementvape.de\/#\/schema\/logo\/image\/\",\"url\":\"https:\/\/www.elementvape.de\/wp-content\/uploads\/2024\/09\/cropped-1elementvape-3.png\",\"contentUrl\":\"https:\/\/www.elementvape.de\/wp-content\/uploads\/2024\/09\/cropped-1elementvape-3.png\",\"width\":285,\"height\":228,\"caption\":\"ElementVape.DE\"},\"image\":{\"@id\":\"https:\/\/www.elementvape.de\/#\/schema\/logo\/image\/\"}}]}<\/script>\n<!-- \/ Yoast SEO plugin. -->","yoast_head_json":{"title":"Vapor esso Armor Max Kit 220W Box Mod E-Zigarette Vape | ElementVape.de","description":"Wir bieten Vapor esso Armor Max Kit 220W Box Mod E-Zigarette Vape , Elementvape.de akzeptieren Gro\u00df-und Einzelhandel Bestellungen.","robots":{"index":"index","follow":"follow","max-snippet":"max-snippet:-1","max-image-preview":"max-image-preview:large","max-video-preview":"max-video-preview:-1"},"canonical":"https:\/\/www.elementvape.de\/fi\/produkt\/vapor-esso-armor-max-kit-220w-box-mod-e-zigarette-vape\/","og_locale":"fi_FI","og_type":"article","og_title":"Vapor esso Armor Max Kit 220W Box Mod E-Zigarette Vape | ElementVape.de","og_description":"Wir bieten Vapor esso Armor Max Kit 220W Box Mod E-Zigarette Vape , Elementvape.de akzeptieren Gro\u00df-und Einzelhandel Bestellungen.","og_url":"https:\/\/www.elementvape.de\/fi\/produkt\/vapor-esso-armor-max-kit-220w-box-mod-e-zigarette-vape\/","og_site_name":"ElementVape.de","article_modified_time":"2024-09-12T10:32:06+00:00","og_image":[{"width":800,"height":800,"url":"https:\/\/ae01.alicdn.com\/kf\/Sd1861fed7cae452b97af057481e39b65n\/Original-Vapor-esso-Armor-Max-Kit-220W-Box-Mod-elektronische-Zigarette-Vape-und-8ml-Itank-2.jpg","type":"image\/jpeg"}],"twitter_card":"summary_large_image","twitter_misc":{"Est. reading time":"6 minuuttia"},"schema":{"@context":"https:\/\/schema.org","@graph":[{"@type":"WebPage","@id":"https:\/\/www.elementvape.de\/en\/produkt\/vapor-esso-armor-max-kit-220w-box-mod-e-zigarette-vape\/","url":"https:\/\/www.elementvape.de\/en\/produkt\/vapor-esso-armor-max-kit-220w-box-mod-e-zigarette-vape\/","name":"Vapor esso Armor Max Kit 220W Box Mod E-Zigarette Vape | ElementVape.de","isPartOf":{"@id":"https:\/\/www.elementvape.de\/#website"},"primaryImageOfPage":{"@id":"https:\/\/www.elementvape.de\/en\/produkt\/vapor-esso-armor-max-kit-220w-box-mod-e-zigarette-vape\/#primaryimage"},"image":{"@id":"https:\/\/www.elementvape.de\/en\/produkt\/vapor-esso-armor-max-kit-220w-box-mod-e-zigarette-vape\/#primaryimage"},"thumbnailUrl":"https:\/\/ae01.alicdn.com\/kf\/Sd1861fed7cae452b97af057481e39b65n\/Original-Vapor-esso-Armor-Max-Kit-220W-Box-Mod-elektronische-Zigarette-Vape-und-8ml-Itank-2.jpg","datePublished":"2024-04-20T07:46:49+00:00","dateModified":"2024-09-12T10:32:06+00:00","description":"Wir bieten Vapor esso Armor Max Kit 220W Box Mod E-Zigarette Vape , Elementvape.de akzeptieren Gro\u00df-und Einzelhandel Bestellungen.","breadcrumb":{"@id":"https:\/\/www.elementvape.de\/en\/produkt\/vapor-esso-armor-max-kit-220w-box-mod-e-zigarette-vape\/#breadcrumb"},"inLanguage":"fi","potentialAction":[{"@type":"ReadAction","target":["https:\/\/www.elementvape.de\/en\/produkt\/vapor-esso-armor-max-kit-220w-box-mod-e-zigarette-vape\/"]}]},{"@type":"ImageObject","inLanguage":"fi","@id":"https:\/\/www.elementvape.de\/en\/produkt\/vapor-esso-armor-max-kit-220w-box-mod-e-zigarette-vape\/#primaryimage","url":"https:\/\/ae01.alicdn.com\/kf\/Sd1861fed7cae452b97af057481e39b65n\/Original-Vapor-esso-Armor-Max-Kit-220W-Box-Mod-elektronische-Zigarette-Vape-und-8ml-Itank-2.jpg","contentUrl":"https:\/\/ae01.alicdn.com\/kf\/Sd1861fed7cae452b97af057481e39b65n\/Original-Vapor-esso-Armor-Max-Kit-220W-Box-Mod-elektronische-Zigarette-Vape-und-8ml-Itank-2.jpg","width":800,"height":800},{"@type":"BreadcrumbList","@id":"https:\/\/www.elementvape.de\/en\/produkt\/vapor-esso-armor-max-kit-220w-box-mod-e-zigarette-vape\/#breadcrumb","itemListElement":[{"@type":"ListItem","position":1,"name":"Home","item":"https:\/\/www.elementvape.de\/"},{"@type":"ListItem","position":2,"name":"Shop","item":"https:\/\/www.elementvape.de\/shop\/"},{"@type":"ListItem","position":3,"name":"Vapor esso Armor Max Kit 220W Box Mod E-Zigarette Vape"}]},{"@type":"WebSite","@id":"https:\/\/www.elementvape.de\/#website","url":"https:\/\/www.elementvape.de\/","name":"ElementVape.de","description":"","publisher":{"@id":"https:\/\/www.elementvape.de\/#organization"},"potentialAction":[{"@type":"SearchAction","target":{"@type":"EntryPoint","urlTemplate":"https:\/\/www.elementvape.de\/?s={search_term_string}"},"query-input":"required name=search_term_string"}],"inLanguage":"fi"},{"@type":"Organization","@id":"https:\/\/www.elementvape.de\/#organization","name":"ElementVape.DE","url":"https:\/\/www.elementvape.de\/","logo":{"@type":"ImageObject","inLanguage":"fi","@id":"https:\/\/www.elementvape.de\/#\/schema\/logo\/image\/","url":"https:\/\/www.elementvape.de\/wp-content\/uploads\/2024\/09\/cropped-1elementvape-3.png","contentUrl":"https:\/\/www.elementvape.de\/wp-content\/uploads\/2024\/09\/cropped-1elementvape-3.png","width":285,"height":228,"caption":"ElementVape.DE"},"image":{"@id":"https:\/\/www.elementvape.de\/#\/schema\/logo\/image\/"}}]}},"_links":{"self":[{"href":"https:\/\/www.elementvape.de\/fi\/wp-json\/wp\/v2\/product\/8142"}],"collection":[{"href":"https:\/\/www.elementvape.de\/fi\/wp-json\/wp\/v2\/product"}],"about":[{"href":"https:\/\/www.elementvape.de\/fi\/wp-json\/wp\/v2\/types\/product"}],"wp:featuredmedia":[{"embeddable":true,"href":"https:\/\/www.elementvape.de\/fi\/wp-json\/wp\/v2\/media\/8143"}],"wp:attachment":[{"href":"https:\/\/www.elementvape.de\/fi\/wp-json\/wp\/v2\/media?parent=8142"}],"wp:term":[{"taxonomy":"product_cat","embeddable":true,"href":"https:\/\/www.elementvape.de\/fi\/wp-json\/wp\/v2\/product_cat?post=8142"},{"taxonomy":"product_tag","embeddable":true,"href":"https:\/\/www.elementvape.de\/fi\/wp-json\/wp\/v2\/product_tag?post=8142"}],"curies":[{"name":"wp","href":"https:\/\/api.w.org\/{rel}","templated":true}]}}