{"id":7804,"date":"2024-04-20T07:34:17","date_gmt":"2024-04-20T07:34:17","guid":{"rendered":"https:\/\/www.elementvape.de\/?post_type=product&#038;p=7804"},"modified":"2024-09-12T10:32:12","modified_gmt":"2024-09-12T10:32:12","slug":"space-club-einweg-vape-pen-320-mah-akku-der-groesse-c","status":"publish","type":"product","link":"https:\/\/www.elementvape.de\/fi\/produkt\/space-club-einweg-vape-pen-320-mah-akku-der-groesse-c\/","title":{"rendered":"Space Club kertak\u00e4ytt\u00f6inen vape-pen, 320-mAh C-kokoisella akulla"},"content":{"rendered":"<p>&nbsp;<\/p>\n<div class=\"product-specs-list-container\">\n<ul class=\"product-specs-list util-clearfix\">\n<li class=\"product-prop line-limit-length\"><span class=\"property-title\">Ulkon\u00e4k\u00f6:\u00a0<\/span><span class=\"property-desc line-limit-length\">Laatikkomuoto<\/span><\/li>\n<li class=\"product-prop line-limit-length\"><span class=\"property-title\">Yhteensopiva akku:\u00a0<\/span><span class=\"property-desc line-limit-length\">18350<\/span><\/li>\n<li class=\"product-prop line-limit-length\"><span class=\"property-title\">Tarkkailutoiminto tupakointim\u00e4\u00e4r\u00e4lle:\u00a0<\/span><span class=\"property-desc line-limit-length\">Ei<\/span><\/li>\n<li class=\"product-prop line-limit-length\"><span class=\"property-title\">Siliconkotelon tapauksessa\u00a0<\/span><span class=\"property-desc line-limit-length\">Ei<\/span><\/li>\n<li class=\"product-prop line-limit-length\"><span class=\"property-title\">L\u00e4mp\u00f6tilans\u00e4\u00e4t\u00f6:\u00a0<\/span><span class=\"property-desc line-limit-length\">Ei<\/span><\/li>\n<li class=\"product-prop line-limit-length\"><span class=\"property-title\">Sis\u00e4\u00e4nrakennettu tai ulkoinen akku:\u00a0<\/span><span class=\"property-desc line-limit-length\">Sis\u00e4\u00e4nrakennettu<\/span><\/li>\n<li class=\"product-prop line-limit-length\"><span class=\"property-title\">Oikosulkuvaimennustoiminto:\u00a0<\/span><span class=\"property-desc line-limit-length\">Ja<\/span><\/li>\n<li class=\"product-prop line-limit-length\"><span class=\"property-title\">Ylikuumenemissuoja-toiminto:\u00a0<\/span><span class=\"property-desc line-limit-length\">Ja<\/span><\/li>\n<li class=\"product-prop line-limit-length\"><span class=\"property-title\">Alhaisen j\u00e4nnitteen h\u00e4lytysominaisuus:\u00a0<\/span><span class=\"property-desc line-limit-length\">Ja<\/span><\/li>\n<li class=\"product-prop line-limit-length\"><span class=\"property-title\">Sumutin tunnistus toiminto:\u00a0<\/span><span class=\"property-desc line-limit-length\">Ei<\/span><\/li>\n<li class=\"product-prop line-limit-length\"><span class=\"property-title\">TCR-asetustila:\u00a0<\/span><span class=\"property-desc line-limit-length\">Ei<\/span><\/li>\n<li class=\"product-prop line-limit-length\"><span class=\"property-title\">Nominakapasiteetti:\u00a0<\/span><span class=\"property-desc line-limit-length\">&lt;700 mAh<\/span><\/li>\n<li class=\"product-prop line-limit-length\"><span class=\"property-title\">Materiaali:\u00a0<\/span><span class=\"property-desc line-limit-length\">Metalli<\/span><\/li>\n<li class=\"product-prop line-limit-length\"><span class=\"property-title\">Yhteensopiva malli:\u00a0<\/span><span class=\"property-desc line-limit-length\">paksu \u00f6ljy<\/span><\/li>\n<li class=\"product-prop line-limit-length\"><span class=\"property-title\">Mallinumero:\u00a0<\/span><span class=\"property-desc line-limit-length\">Space Club Tyhj\u00e4 Vape Pen<\/span><\/li>\n<li class=\"product-prop line-limit-length\"><span class=\"property-title\">Usb-laturi:\u00a0<\/span><span class=\"property-desc line-limit-length\">Ja<\/span><\/li>\n<li class=\"product-prop line-limit-length\"><span class=\"property-title\">Firmware-p\u00e4ivitys:\u00a0<\/span><span class=\"property-desc line-limit-length\">Ei<\/span><\/li>\n<li class=\"product-prop line-limit-length\"><span class=\"property-title\">N\u00e4ytt\u00f6:\u00a0<\/span><span class=\"property-desc line-limit-length\">Ei<\/span><\/li>\n<li class=\"product-prop line-limit-length\"><span class=\"property-title\">Tyyppi:\u00a0<\/span><span class=\"property-desc line-limit-length\">kertak\u00e4ytt\u00f6inen<\/span><\/li>\n<li class=\"product-prop line-limit-length\"><span class=\"property-title\">Tavaramerkki:\u00a0<\/span><span class=\"property-desc line-limit-length\">SUB TWO<\/span><\/li>\n<li class=\"product-prop line-limit-length\"><span class=\"property-title\">Alkuper\u00e4:\u00a0<\/span><span class=\"property-desc line-limit-length\">FI (Alkuper\u00e4)<\/span><\/li>\n<li class=\"product-prop line-limit-length\"><span class=\"property-title\">paristokapasiteetti:\u00a0<\/span><span class=\"property-desc line-limit-length\">320mAh<\/span><\/li>\n<li class=\"product-prop line-limit-length\"><span class=\"property-title\">k\u00e4ytt\u00f6\u00f6n:\u00a0<\/span><span class=\"property-desc line-limit-length\">paksu \u00f6ljy<\/span><\/li>\n<li class=\"product-prop line-limit-length\"><span class=\"property-title\">\u00d6ljyn rei\u00e4n koko:\u00a0<\/span><span class=\"property-desc line-limit-length\">2*1,8 mm<\/span><\/li>\n<li class=\"product-prop line-limit-length\"><span class=\"property-title\">Kela:\u00a0<\/span><span class=\"property-desc line-limit-length\">P\u00e4ivitetty keraaminen kela<\/span><\/li>\n<li class=\"product-prop line-limit-length\"><span class=\"property-title\">vastus:\u00a0<\/span><span class=\"property-desc line-limit-length\">1,4 ohm<\/span><\/li>\n<li class=\"product-prop line-limit-length\"><span class=\"property-title\">T\u00e4ytt\u00f6:\u00a0<\/span><span class=\"property-desc line-limit-length\">Yl\u00e4puolen t\u00e4ytt\u00f6<\/span><\/li>\n<li class=\"product-prop line-limit-length\"><span class=\"property-title\">Lataustapa:\u00a0<\/span><span class=\"property-desc line-limit-length\">Type C<\/span><\/li>\n<li class=\"product-prop line-limit-length\"><span class=\"property-title\">Kapasiteetti:\u00a0<\/span><span class=\"property-desc line-limit-length\">2ml<\/span><\/li>\n<\/ul>\n<\/div>\n<div class=\"detailmodule_html\">\n<div class=\"detail-desc-decorate-richtext\">\n<div style=\"text-align: center;\" align=\"center\"><span id=\"tl_1\" style=\"font-size: 22px;\">SPACE CLUB -KERTAK\u00c4YTT\u00d6INEN VAPE PEN 320mAh Type-C akku 2ml tyhj\u00e4t podit keramikkela E-savukeuhko paksulle \u00f6ljylle<\/span><\/div>\n<div><span style=\"font-size: 22px;\"><span id=\"tl_2\" style=\"font-size: 20px;\"><br \/>\nTuotekuvaus:<\/span><\/span><\/p>\n<p><span style=\"font-size: 22px;\"><span id=\"tl_3\" style=\"font-size: 16px;\">\u00d6ljyn kapasiteetti: 2ml<br \/>\nAkku: 350mAh<br \/>\n\u00d6ljyrei\u00e4n koko: 2*1,8mm<br \/>\nKela: paranneltu keramikkela<br \/>\nvastus: 1,4 Ohm,<br \/>\nT\u00e4ytt\u00f6: yl\u00e4puolen t\u00e4ytt\u00f6<br \/>\nUudelleenladattava alaosa (Type C)<\/span><\/span><br \/>\n<img decoding=\"async\" loading=\"lazy\" style=\", roboto, arial, helvetica, sans-serif, simsun;font-size: 14px; font-weight: 400; letter-spacing: normal; text-align: start; border: 0px; margin: 0px; padding: 0px; max-width: 100%;\" src=\"https:\/\/ae01.alicdn.com\/kf\/S6309b56b1caf42528f01cb870396a56dL.jpg?width=800&amp;height=800&amp;hash=1600\" \/><br \/>\n<img decoding=\"async\" loading=\"lazy\" style=\", roboto, arial, helvetica, sans-serif, simsun;font-size: 14px; font-weight: 400; letter-spacing: normal; text-align: start; border: 0px; margin: 0px; padding: 0px; max-width: 100%;\" src=\"https:\/\/ae01.alicdn.com\/kf\/S4edde8e5a73f476fa3e039ff6305796fm.jpg?width=800&amp;height=800&amp;hash=1600\" \/><br \/>\n<img decoding=\"async\" loading=\"lazy\" style=\", roboto, arial, helvetica, sans-serif, simsun;font-size: 14px; font-weight: 400; letter-spacing: normal; text-align: start; border: 0px; margin: 0px; padding: 0px; max-width: 100%;\" src=\"https:\/\/ae01.alicdn.com\/kf\/S46a203108704442e9e68b7bf462c082bf.jpg?width=800&amp;height=800&amp;hash=1600\" \/><br \/>\n<img decoding=\"async\" loading=\"lazy\" style=\", roboto, arial, helvetica, sans-serif, simsun;font-size: 14px; font-weight: 400; letter-spacing: normal; text-align: start; border: 0px; margin: 0px; padding: 0px; max-width: 100%;\" src=\"https:\/\/ae01.alicdn.com\/kf\/Sb0a4e61307604644ba5f63e38f5f6ec2A.jpg?width=800&amp;height=800&amp;hash=1600\" \/><br \/>\n<img decoding=\"async\" loading=\"lazy\" style=\", roboto, arial, helvetica, sans-serif, simsun;font-size: 14px; font-weight: 400; letter-spacing: normal; text-align: start; border: 0px; margin: 0px; padding: 0px; max-width: 100%;\" src=\"https:\/\/ae01.alicdn.com\/kf\/See6535b3b6e645c7b0934cd927ba7b76X.jpg?width=800&amp;height=800&amp;hash=1600\" \/><br \/>\n<img decoding=\"async\" loading=\"lazy\" style=\", roboto, arial, helvetica, sans-serif, simsun;font-size: 14px; font-weight: 400; letter-spacing: normal; text-align: start; border: 0px; margin: 0px; padding: 0px; max-width: 100%;\" src=\"https:\/\/ae01.alicdn.com\/kf\/S26eb07d350b044249e44332d68d5e129g.jpg?width=800&amp;height=800&amp;hash=1600\" \/><br \/>\n<img decoding=\"async\" loading=\"lazy\" style=\", roboto, arial, helvetica, sans-serif, simsun;font-size: 14px; font-weight: 400; letter-spacing: normal; text-align: start; border: 0px; margin: 0px; padding: 0px; max-width: 100%;\" src=\"https:\/\/ae01.alicdn.com\/kf\/Sdb456a1ab7734295b48f774a77db742ct.jpg?width=800&amp;height=800&amp;hash=1600\" \/><br \/>\n<img decoding=\"async\" loading=\"lazy\" style=\", roboto, arial, helvetica, sans-serif, simsun;font-size: 14px; font-weight: 400; letter-spacing: normal; text-align: start; border: 0px; margin: 0px; padding: 0px; max-width: 100%;\" src=\"https:\/\/ae01.alicdn.com\/kf\/Sc815b3aca1da4df081dcbff77621425ex.jpg?width=800&amp;height=800&amp;hash=1600\" \/><br \/>\n<img decoding=\"async\" loading=\"lazy\" style=\", roboto, arial, helvetica, sans-serif, simsun;font-size: 14px; font-weight: 400; letter-spacing: normal; text-align: start; border: 0px; margin: 0px; padding: 0px; max-width: 100%;\" src=\"https:\/\/ae01.alicdn.com\/kf\/S3bec6228c3c74fb4909f9ee55e77298eY.jpg?width=800&amp;height=800&amp;hash=1600\" \/><\/div>\n<\/div>\n<\/div>","protected":false},"excerpt":{"rendered":"<p>&nbsp; Aussehen:\u00a0Box Form Kompatibler Akku:\u00a018350 \u00dcberwachung Funktion Von Rauchen Anzahl:\u00a0Nein Silikon Fall:\u00a0Nein Temperaturregelung:\u00a0Nein Eingebaute Oder Externe Batterie:\u00a0Eingebaute Kurzschlussschutz Funktion:\u00a0Ja \u00dcberhitzungsschutz-funktion:\u00a0Ja Niederspannungsalarmfunktion:\u00a0Ja Zerst\u00e4uber Identifikation Funktion:\u00a0Nein TCR Einstellung Modi:\u00a0Nein Nominale Kapazit\u00e4t:\u00a0&lt;700 mAh Material:\u00a0Metall Compatible Model:\u00a0thick oil Modellnummer:\u00a0Space Club Empty Vape Pen Usb-ladeger\u00e4t:\u00a0Ja Firmware-upgrade:\u00a0Nein Display:\u00a0Nein Art:\u00a0disposable Markenname:\u00a0SUB TWO Ursprung:\u00a0CN (Herkunft) battery capacity:\u00a0320mah use for:\u00a0thick oil Oil hole size:\u00a02*1.8mm [&hellip;]<\/p>","protected":false},"featured_media":7805,"template":"","meta":{"inline_featured_image":false},"product_cat":[78,750,737,736,749,76],"product_tag":[],"tiered_pricing_type":"fixed","tiered_pricing_fixed_rules":[],"tiered_pricing_percentage_rules":[],"tiered_pricing_minimum":1,"_administrator_tiered_pricing_type":"fixed","_administrator_tiered_pricing_fixed_rules":[],"_editor_tiered_pricing_type":"fixed","_editor_tiered_pricing_fixed_rules":[],"_author_tiered_pricing_type":"fixed","_author_tiered_pricing_fixed_rules":[],"_contributor_tiered_pricing_type":"fixed","_contributor_tiered_pricing_fixed_rules":[],"_subscriber_tiered_pricing_type":"fixed","_subscriber_tiered_pricing_fixed_rules":[],"_customer_tiered_pricing_type":"fixed","_customer_tiered_pricing_fixed_rules":[],"_shop_manager_tiered_pricing_type":"fixed","_shop_manager_tiered_pricing_fixed_rules":[],"_wpseo_manager_tiered_pricing_type":"fixed","_wpseo_manager_tiered_pricing_fixed_rules":[],"_wpseo_editor_tiered_pricing_type":"fixed","_wpseo_editor_tiered_pricing_fixed_rules":[],"_wholesale_customer_tiered_pricing_type":"fixed","_wholesale_customer_tiered_pricing_fixed_rules":[],"_marketer_tiered_pricing_type":"fixed","_marketer_tiered_pricing_fixed_rules":[],"_sales_manager_tiered_pricing_type":"fixed","_sales_manager_tiered_pricing_fixed_rules":[],"_sales_rep_tiered_pricing_type":"fixed","_sales_rep_tiered_pricing_fixed_rules":[],"yoast_head":"<!-- This site is optimized with the Yoast SEO plugin v23.3 - https:\/\/yoast.com\/wordpress\/plugins\/seo\/ -->\n<title>Space Club Einweg-Vape-Pen, 320-mAh-Akku der Gr\u00f6\u00dfe C | ElementVape.de<\/title>\n<meta name=\"description\" content=\"Wir bieten Space Club Einweg-Vape-Pen, 320-mAh-Akku der Gr\u00f6\u00dfe C , Elementvape.de akzeptieren Gro\u00df-und Einzelhandel Bestellungen.\" \/>\n<meta name=\"robots\" content=\"index, follow, max-snippet:-1, max-image-preview:large, max-video-preview:-1\" \/>\n<link rel=\"canonical\" href=\"https:\/\/www.elementvape.de\/fi\/produkt\/space-club-einweg-vape-pen-320-mah-akku-der-groesse-c\/\" \/>\n<meta property=\"og:locale\" content=\"fi_FI\" \/>\n<meta property=\"og:type\" content=\"article\" \/>\n<meta property=\"og:title\" content=\"Space Club Einweg-Vape-Pen, 320-mAh-Akku der Gr\u00f6\u00dfe C | ElementVape.de\" \/>\n<meta property=\"og:description\" content=\"Wir bieten Space Club Einweg-Vape-Pen, 320-mAh-Akku der Gr\u00f6\u00dfe C , Elementvape.de akzeptieren Gro\u00df-und Einzelhandel Bestellungen.\" \/>\n<meta property=\"og:url\" content=\"https:\/\/www.elementvape.de\/fi\/produkt\/space-club-einweg-vape-pen-320-mah-akku-der-groesse-c\/\" \/>\n<meta property=\"og:site_name\" content=\"ElementVape.de\" \/>\n<meta property=\"article:modified_time\" content=\"2024-09-12T10:32:12+00:00\" \/>\n<meta property=\"og:image\" content=\"https:\/\/ae01.alicdn.com\/kf\/S0c84d2f58a294202b1e0dfe81daaf16dC\/Space-Club-Einweg-Vape-Pen-320mAh-Typ-C-Akku-2-0-ml-leere-Pods-Keramik-spule.jpg\" \/>\n\t<meta property=\"og:image:width\" content=\"800\" \/>\n\t<meta property=\"og:image:height\" content=\"800\" \/>\n\t<meta property=\"og:image:type\" content=\"image\/jpeg\" \/>\n<meta name=\"twitter:card\" content=\"summary_large_image\" \/>\n<meta name=\"twitter:label1\" content=\"Est. reading time\" \/>\n\t<meta name=\"twitter:data1\" content=\"3 minuuttia\" \/>\n<script type=\"application\/ld+json\" class=\"yoast-schema-graph\">{\"@context\":\"https:\/\/schema.org\",\"@graph\":[{\"@type\":\"WebPage\",\"@id\":\"https:\/\/www.elementvape.de\/pl\/produkt\/space-club-einweg-vape-pen-320-mah-akku-der-groesse-c\/\",\"url\":\"https:\/\/www.elementvape.de\/pl\/produkt\/space-club-einweg-vape-pen-320-mah-akku-der-groesse-c\/\",\"name\":\"Space Club Einweg-Vape-Pen, 320-mAh-Akku der Gr\u00f6\u00dfe C | ElementVape.de\",\"isPartOf\":{\"@id\":\"https:\/\/www.elementvape.de\/#website\"},\"primaryImageOfPage\":{\"@id\":\"https:\/\/www.elementvape.de\/pl\/produkt\/space-club-einweg-vape-pen-320-mah-akku-der-groesse-c\/#primaryimage\"},\"image\":{\"@id\":\"https:\/\/www.elementvape.de\/pl\/produkt\/space-club-einweg-vape-pen-320-mah-akku-der-groesse-c\/#primaryimage\"},\"thumbnailUrl\":\"https:\/\/ae01.alicdn.com\/kf\/S0c84d2f58a294202b1e0dfe81daaf16dC\/Space-Club-Einweg-Vape-Pen-320mAh-Typ-C-Akku-2-0-ml-leere-Pods-Keramik-spule.jpg\",\"datePublished\":\"2024-04-20T07:34:17+00:00\",\"dateModified\":\"2024-09-12T10:32:12+00:00\",\"description\":\"Wir bieten Space Club Einweg-Vape-Pen, 320-mAh-Akku der Gr\u00f6\u00dfe C , Elementvape.de akzeptieren Gro\u00df-und Einzelhandel Bestellungen.\",\"breadcrumb\":{\"@id\":\"https:\/\/www.elementvape.de\/pl\/produkt\/space-club-einweg-vape-pen-320-mah-akku-der-groesse-c\/#breadcrumb\"},\"inLanguage\":\"fi\",\"potentialAction\":[{\"@type\":\"ReadAction\",\"target\":[\"https:\/\/www.elementvape.de\/pl\/produkt\/space-club-einweg-vape-pen-320-mah-akku-der-groesse-c\/\"]}]},{\"@type\":\"ImageObject\",\"inLanguage\":\"fi\",\"@id\":\"https:\/\/www.elementvape.de\/pl\/produkt\/space-club-einweg-vape-pen-320-mah-akku-der-groesse-c\/#primaryimage\",\"url\":\"https:\/\/ae01.alicdn.com\/kf\/S0c84d2f58a294202b1e0dfe81daaf16dC\/Space-Club-Einweg-Vape-Pen-320mAh-Typ-C-Akku-2-0-ml-leere-Pods-Keramik-spule.jpg\",\"contentUrl\":\"https:\/\/ae01.alicdn.com\/kf\/S0c84d2f58a294202b1e0dfe81daaf16dC\/Space-Club-Einweg-Vape-Pen-320mAh-Typ-C-Akku-2-0-ml-leere-Pods-Keramik-spule.jpg\",\"width\":800,\"height\":800},{\"@type\":\"BreadcrumbList\",\"@id\":\"https:\/\/www.elementvape.de\/pl\/produkt\/space-club-einweg-vape-pen-320-mah-akku-der-groesse-c\/#breadcrumb\",\"itemListElement\":[{\"@type\":\"ListItem\",\"position\":1,\"name\":\"Home\",\"item\":\"https:\/\/www.elementvape.de\/\"},{\"@type\":\"ListItem\",\"position\":2,\"name\":\"Shop\",\"item\":\"https:\/\/www.elementvape.de\/shop\/\"},{\"@type\":\"ListItem\",\"position\":3,\"name\":\"Space Club Einweg-Vape-Pen, 320-mAh-Akku der Gr\u00f6\u00dfe C\"}]},{\"@type\":\"WebSite\",\"@id\":\"https:\/\/www.elementvape.de\/#website\",\"url\":\"https:\/\/www.elementvape.de\/\",\"name\":\"ElementVape.de\",\"description\":\"\",\"publisher\":{\"@id\":\"https:\/\/www.elementvape.de\/#organization\"},\"potentialAction\":[{\"@type\":\"SearchAction\",\"target\":{\"@type\":\"EntryPoint\",\"urlTemplate\":\"https:\/\/www.elementvape.de\/?s={search_term_string}\"},\"query-input\":\"required name=search_term_string\"}],\"inLanguage\":\"fi\"},{\"@type\":\"Organization\",\"@id\":\"https:\/\/www.elementvape.de\/#organization\",\"name\":\"ElementVape.DE\",\"url\":\"https:\/\/www.elementvape.de\/\",\"logo\":{\"@type\":\"ImageObject\",\"inLanguage\":\"fi\",\"@id\":\"https:\/\/www.elementvape.de\/#\/schema\/logo\/image\/\",\"url\":\"https:\/\/www.elementvape.de\/wp-content\/uploads\/2024\/09\/cropped-1elementvape-3.png\",\"contentUrl\":\"https:\/\/www.elementvape.de\/wp-content\/uploads\/2024\/09\/cropped-1elementvape-3.png\",\"width\":285,\"height\":228,\"caption\":\"ElementVape.DE\"},\"image\":{\"@id\":\"https:\/\/www.elementvape.de\/#\/schema\/logo\/image\/\"}}]}<\/script>\n<!-- \/ Yoast SEO plugin. -->","yoast_head_json":{"title":"Space Club Einweg-Vape-Pen, 320-mAh-Akku der Gr\u00f6\u00dfe C | ElementVape.de","description":"Wir bieten Space Club Einweg-Vape-Pen, 320-mAh-Akku der Gr\u00f6\u00dfe C , Elementvape.de akzeptieren Gro\u00df-und Einzelhandel Bestellungen.","robots":{"index":"index","follow":"follow","max-snippet":"max-snippet:-1","max-image-preview":"max-image-preview:large","max-video-preview":"max-video-preview:-1"},"canonical":"https:\/\/www.elementvape.de\/fi\/produkt\/space-club-einweg-vape-pen-320-mah-akku-der-groesse-c\/","og_locale":"fi_FI","og_type":"article","og_title":"Space Club Einweg-Vape-Pen, 320-mAh-Akku der Gr\u00f6\u00dfe C | ElementVape.de","og_description":"Wir bieten Space Club Einweg-Vape-Pen, 320-mAh-Akku der Gr\u00f6\u00dfe C , Elementvape.de akzeptieren Gro\u00df-und Einzelhandel Bestellungen.","og_url":"https:\/\/www.elementvape.de\/fi\/produkt\/space-club-einweg-vape-pen-320-mah-akku-der-groesse-c\/","og_site_name":"ElementVape.de","article_modified_time":"2024-09-12T10:32:12+00:00","og_image":[{"width":800,"height":800,"url":"https:\/\/ae01.alicdn.com\/kf\/S0c84d2f58a294202b1e0dfe81daaf16dC\/Space-Club-Einweg-Vape-Pen-320mAh-Typ-C-Akku-2-0-ml-leere-Pods-Keramik-spule.jpg","type":"image\/jpeg"}],"twitter_card":"summary_large_image","twitter_misc":{"Est. reading time":"3 minuuttia"},"schema":{"@context":"https:\/\/schema.org","@graph":[{"@type":"WebPage","@id":"https:\/\/www.elementvape.de\/pl\/produkt\/space-club-einweg-vape-pen-320-mah-akku-der-groesse-c\/","url":"https:\/\/www.elementvape.de\/pl\/produkt\/space-club-einweg-vape-pen-320-mah-akku-der-groesse-c\/","name":"Space Club Einweg-Vape-Pen, 320-mAh-Akku der Gr\u00f6\u00dfe C | ElementVape.de","isPartOf":{"@id":"https:\/\/www.elementvape.de\/#website"},"primaryImageOfPage":{"@id":"https:\/\/www.elementvape.de\/pl\/produkt\/space-club-einweg-vape-pen-320-mah-akku-der-groesse-c\/#primaryimage"},"image":{"@id":"https:\/\/www.elementvape.de\/pl\/produkt\/space-club-einweg-vape-pen-320-mah-akku-der-groesse-c\/#primaryimage"},"thumbnailUrl":"https:\/\/ae01.alicdn.com\/kf\/S0c84d2f58a294202b1e0dfe81daaf16dC\/Space-Club-Einweg-Vape-Pen-320mAh-Typ-C-Akku-2-0-ml-leere-Pods-Keramik-spule.jpg","datePublished":"2024-04-20T07:34:17+00:00","dateModified":"2024-09-12T10:32:12+00:00","description":"Wir bieten Space Club Einweg-Vape-Pen, 320-mAh-Akku der Gr\u00f6\u00dfe C , Elementvape.de akzeptieren Gro\u00df-und Einzelhandel Bestellungen.","breadcrumb":{"@id":"https:\/\/www.elementvape.de\/pl\/produkt\/space-club-einweg-vape-pen-320-mah-akku-der-groesse-c\/#breadcrumb"},"inLanguage":"fi","potentialAction":[{"@type":"ReadAction","target":["https:\/\/www.elementvape.de\/pl\/produkt\/space-club-einweg-vape-pen-320-mah-akku-der-groesse-c\/"]}]},{"@type":"ImageObject","inLanguage":"fi","@id":"https:\/\/www.elementvape.de\/pl\/produkt\/space-club-einweg-vape-pen-320-mah-akku-der-groesse-c\/#primaryimage","url":"https:\/\/ae01.alicdn.com\/kf\/S0c84d2f58a294202b1e0dfe81daaf16dC\/Space-Club-Einweg-Vape-Pen-320mAh-Typ-C-Akku-2-0-ml-leere-Pods-Keramik-spule.jpg","contentUrl":"https:\/\/ae01.alicdn.com\/kf\/S0c84d2f58a294202b1e0dfe81daaf16dC\/Space-Club-Einweg-Vape-Pen-320mAh-Typ-C-Akku-2-0-ml-leere-Pods-Keramik-spule.jpg","width":800,"height":800},{"@type":"BreadcrumbList","@id":"https:\/\/www.elementvape.de\/pl\/produkt\/space-club-einweg-vape-pen-320-mah-akku-der-groesse-c\/#breadcrumb","itemListElement":[{"@type":"ListItem","position":1,"name":"Home","item":"https:\/\/www.elementvape.de\/"},{"@type":"ListItem","position":2,"name":"Shop","item":"https:\/\/www.elementvape.de\/shop\/"},{"@type":"ListItem","position":3,"name":"Space Club Einweg-Vape-Pen, 320-mAh-Akku der Gr\u00f6\u00dfe C"}]},{"@type":"WebSite","@id":"https:\/\/www.elementvape.de\/#website","url":"https:\/\/www.elementvape.de\/","name":"ElementVape.de","description":"","publisher":{"@id":"https:\/\/www.elementvape.de\/#organization"},"potentialAction":[{"@type":"SearchAction","target":{"@type":"EntryPoint","urlTemplate":"https:\/\/www.elementvape.de\/?s={search_term_string}"},"query-input":"required name=search_term_string"}],"inLanguage":"fi"},{"@type":"Organization","@id":"https:\/\/www.elementvape.de\/#organization","name":"ElementVape.DE","url":"https:\/\/www.elementvape.de\/","logo":{"@type":"ImageObject","inLanguage":"fi","@id":"https:\/\/www.elementvape.de\/#\/schema\/logo\/image\/","url":"https:\/\/www.elementvape.de\/wp-content\/uploads\/2024\/09\/cropped-1elementvape-3.png","contentUrl":"https:\/\/www.elementvape.de\/wp-content\/uploads\/2024\/09\/cropped-1elementvape-3.png","width":285,"height":228,"caption":"ElementVape.DE"},"image":{"@id":"https:\/\/www.elementvape.de\/#\/schema\/logo\/image\/"}}]}},"_links":{"self":[{"href":"https:\/\/www.elementvape.de\/fi\/wp-json\/wp\/v2\/product\/7804"}],"collection":[{"href":"https:\/\/www.elementvape.de\/fi\/wp-json\/wp\/v2\/product"}],"about":[{"href":"https:\/\/www.elementvape.de\/fi\/wp-json\/wp\/v2\/types\/product"}],"wp:featuredmedia":[{"embeddable":true,"href":"https:\/\/www.elementvape.de\/fi\/wp-json\/wp\/v2\/media\/7805"}],"wp:attachment":[{"href":"https:\/\/www.elementvape.de\/fi\/wp-json\/wp\/v2\/media?parent=7804"}],"wp:term":[{"taxonomy":"product_cat","embeddable":true,"href":"https:\/\/www.elementvape.de\/fi\/wp-json\/wp\/v2\/product_cat?post=7804"},{"taxonomy":"product_tag","embeddable":true,"href":"https:\/\/www.elementvape.de\/fi\/wp-json\/wp\/v2\/product_tag?post=7804"}],"curies":[{"name":"wp","href":"https:\/\/api.w.org\/{rel}","templated":true}]}}