{"id":7740,"date":"2024-04-20T07:31:40","date_gmt":"2024-04-20T07:31:40","guid":{"rendered":"https:\/\/www.elementvape.de\/?post_type=product&#038;p=7740"},"modified":"2024-09-12T10:32:13","modified_gmt":"2024-09-12T10:32:13","slug":"runtz-x-pack-woods-runty-wiederaufladbarer-einweg-vape-pen","status":"publish","type":"product","link":"https:\/\/www.elementvape.de\/fi\/produkt\/runtz-x-pack-woods-runty-wiederaufladbarer-einweg-vape-pen\/","title":{"rendered":"Runtz x Pack Woods Runty uudelleenladattava kertak\u00e4ytt\u00f6inen vape-kyn\u00e4"},"content":{"rendered":"<p>&nbsp;<\/p>\n<div class=\"product-specs-list-container\">\n<ul class=\"product-specs-list util-clearfix\">\n<li class=\"product-prop line-limit-length\"><span class=\"property-title\">Ulkon\u00e4k\u00f6:\u00a0<\/span><span class=\"property-desc line-limit-length\">Putkimainen muoto<\/span><\/li>\n<li class=\"product-prop line-limit-length\"><span class=\"property-title\">Sis\u00e4\u00e4nrakennettu tai ulkoinen akku:\u00a0<\/span><span class=\"property-desc line-limit-length\">Sis\u00e4\u00e4nrakennettu<\/span><\/li>\n<li class=\"product-prop line-limit-length\"><span class=\"property-title\">Ylikuumenemissuoja-toiminto:\u00a0<\/span><span class=\"property-desc line-limit-length\">Ja<\/span><\/li>\n<li class=\"product-prop line-limit-length\"><span class=\"property-title\">Materiaali:\u00a0<\/span><span class=\"property-desc line-limit-length\">Muovi<\/span><\/li>\n<li class=\"product-prop line-limit-length\"><span class=\"property-title\">Mallinumero:\u00a0<\/span><span class=\"property-desc line-limit-length\">Uudelleenladattava kertak\u00e4ytt\u00f6inen h\u00f6yrystin kyn\u00e4<\/span><\/li>\n<li class=\"product-prop line-limit-length\"><span class=\"property-title\">Usb-laturi:\u00a0<\/span><span class=\"property-desc line-limit-length\">Ja<\/span><\/li>\n<li class=\"product-prop line-limit-length\"><span class=\"property-title\">Firmware-p\u00e4ivitys:\u00a0<\/span><span class=\"property-desc line-limit-length\">Ei<\/span><\/li>\n<li class=\"product-prop line-limit-length\"><span class=\"property-title\">N\u00e4ytt\u00f6:\u00a0<\/span><span class=\"property-desc line-limit-length\">Ei<\/span><\/li>\n<li class=\"product-prop line-limit-length\"><span class=\"property-title\">Tyyppi:\u00a0<\/span><span class=\"property-desc line-limit-length\">kertak\u00e4ytt\u00f6inen<\/span><\/li>\n<li class=\"product-prop line-limit-length\"><span class=\"property-title\">Tavaramerkki:\u00a0<\/span><span class=\"property-desc line-limit-length\">SUB TWO<\/span><\/li>\n<li class=\"product-prop line-limit-length\"><span class=\"property-title\">Alkuper\u00e4:\u00a0<\/span><span class=\"property-desc line-limit-length\">FI (Alkuper\u00e4)<\/span><\/li>\n<li class=\"product-prop line-limit-length\"><span class=\"property-title\">Kertak\u00e4ytt\u00f6inen h\u00f6yrystin kyn\u00e4:\u00a0<\/span><span class=\"property-desc line-limit-length\">s\u00e4hk\u00f6savuke<\/span><\/li>\n<li class=\"product-prop line-limit-length\"><span class=\"property-title\">h\u00f6yrystin kyn\u00e4:\u00a0<\/span><span class=\"property-desc line-limit-length\">h\u00f6yrystin kuppi setti<\/span><\/li>\n<\/ul>\n<\/div>\n<div class=\"detailmodule_html\">\n<div class=\"detail-desc-decorate-richtext\">\n<p><span style=\"font-size: 16px;\"><br \/>\n<span id=\"tl_1\">Paino: 16g.<\/span><br \/>\n<span id=\"tl_2\">Kapasiteetti: 1,0 ml.<\/span><br \/>\n<span id=\"tl_3\">Uudelleenladattava 380mAh akku<\/span><\/span><\/p>\n<p style=\"text-align: left; margin: 0;\"><img decoding=\"async\" loading=\"lazy\" src=\"https:\/\/ae01.alicdn.com\/kf\/S948f6af5197a46f4a21c4b1e886baf39q.jpg?width=800&amp;height=815&amp;hash=1615\" \/><img decoding=\"async\" loading=\"lazy\" src=\"https:\/\/ae01.alicdn.com\/kf\/S53083329796045f687f112baddc7c89ec.jpg?width=1000&amp;height=1000&amp;hash=2000\" \/><img decoding=\"async\" loading=\"lazy\" src=\"https:\/\/ae01.alicdn.com\/kf\/Sa4f4942e427a4cd4a3201a8ecaa690b71.jpg?width=1000&amp;height=1000&amp;hash=2000\" \/><img decoding=\"async\" loading=\"lazy\" src=\"https:\/\/ae01.alicdn.com\/kf\/Sb4205eab1a364bbfbac540a5ce41dd44O.jpg?width=1000&amp;height=1000&amp;hash=2000\" \/><img decoding=\"async\" loading=\"lazy\" src=\"https:\/\/ae01.alicdn.com\/kf\/S936be91a429f4cac8fede208a712ca7eK.jpg?width=1000&amp;height=1000&amp;hash=2000\" \/><img decoding=\"async\" loading=\"lazy\" src=\"https:\/\/ae01.alicdn.com\/kf\/S885e23b783624a48a2630dfdfc23d8963.jpg?width=1000&amp;height=1000&amp;hash=2000\" \/><img decoding=\"async\" loading=\"lazy\" src=\"https:\/\/ae01.alicdn.com\/kf\/S343b57df44c74fe289a2d2251297fe69E.jpg?width=1000&amp;height=1000&amp;hash=2000\" \/><img decoding=\"async\" loading=\"lazy\" src=\"https:\/\/ae01.alicdn.com\/kf\/Sde7a18ef6a9a4814a1545a035ccbc5754.jpg?width=1000&amp;height=1000&amp;hash=2000\" \/><img decoding=\"async\" loading=\"lazy\" src=\"https:\/\/ae01.alicdn.com\/kf\/S4791c67ca99c41d5a114b59b88571e74b.jpg?width=1000&amp;height=1000&amp;hash=2000\" \/><img decoding=\"async\" loading=\"lazy\" src=\"https:\/\/ae01.alicdn.com\/kf\/Sfc7c12147d234017bbe78e73e4fa8a7cG.jpg?width=1000&amp;height=1000&amp;hash=2000\" \/><\/p>\n<p>&nbsp;<\/p>\n<\/div>\n<\/div>","protected":false},"excerpt":{"rendered":"<p>&nbsp; Aussehen:\u00a0Zylindrische Form Eingebaute Oder Externe Batterie:\u00a0Eingebaute \u00dcberhitzungsschutz-funktion:\u00a0Ja Material:\u00a0Plastik Modellnummer:\u00a0Rechargeable Disposable Vape Pen Usb-ladeger\u00e4t:\u00a0Ja Firmware-upgrade:\u00a0Nein Display:\u00a0Nein Art:\u00a0disposable Markenname:\u00a0SUB TWO Ursprung:\u00a0CN (Herkunft) Disposable Vape Pen:\u00a0electronic cigarrette vape pen:\u00a0vape pod kit Gewicht: 16g. Kapazit\u00e4t: 1,0 ml. Wiederauf ladbare 380mAh Batterie &nbsp;<\/p>","protected":false},"featured_media":7741,"template":"","meta":{"inline_featured_image":false},"product_cat":[78,750,737,736,749,76],"product_tag":[],"tiered_pricing_type":"fixed","tiered_pricing_fixed_rules":[],"tiered_pricing_percentage_rules":[],"tiered_pricing_minimum":1,"_administrator_tiered_pricing_type":"fixed","_administrator_tiered_pricing_fixed_rules":[],"_editor_tiered_pricing_type":"fixed","_editor_tiered_pricing_fixed_rules":[],"_author_tiered_pricing_type":"fixed","_author_tiered_pricing_fixed_rules":[],"_contributor_tiered_pricing_type":"fixed","_contributor_tiered_pricing_fixed_rules":[],"_subscriber_tiered_pricing_type":"fixed","_subscriber_tiered_pricing_fixed_rules":[],"_customer_tiered_pricing_type":"fixed","_customer_tiered_pricing_fixed_rules":[],"_shop_manager_tiered_pricing_type":"fixed","_shop_manager_tiered_pricing_fixed_rules":[],"_wpseo_manager_tiered_pricing_type":"fixed","_wpseo_manager_tiered_pricing_fixed_rules":[],"_wpseo_editor_tiered_pricing_type":"fixed","_wpseo_editor_tiered_pricing_fixed_rules":[],"_wholesale_customer_tiered_pricing_type":"fixed","_wholesale_customer_tiered_pricing_fixed_rules":[],"_marketer_tiered_pricing_type":"fixed","_marketer_tiered_pricing_fixed_rules":[],"_sales_manager_tiered_pricing_type":"fixed","_sales_manager_tiered_pricing_fixed_rules":[],"_sales_rep_tiered_pricing_type":"fixed","_sales_rep_tiered_pricing_fixed_rules":[],"yoast_head":"<!-- This site is optimized with the Yoast SEO plugin v23.3 - https:\/\/yoast.com\/wordpress\/plugins\/seo\/ -->\n<title>Runtz x Pack Woods Runty wiederaufladbarer Einweg-Vape-Pen | ElementVape.de<\/title>\n<meta name=\"description\" content=\"Wir bieten Runtz x Pack Woods Runty wiederaufladbarer Einweg-Vape-Pen , Elementvape.de akzeptieren Gro\u00df-und Einzelhandel Bestellungen.\" \/>\n<meta name=\"robots\" content=\"index, follow, max-snippet:-1, max-image-preview:large, max-video-preview:-1\" \/>\n<link rel=\"canonical\" href=\"https:\/\/www.elementvape.de\/fi\/produkt\/runtz-x-pack-woods-runty-wiederaufladbarer-einweg-vape-pen\/\" \/>\n<meta property=\"og:locale\" content=\"fi_FI\" \/>\n<meta property=\"og:type\" content=\"article\" \/>\n<meta property=\"og:title\" content=\"Runtz x Pack Woods Runty wiederaufladbarer Einweg-Vape-Pen | ElementVape.de\" \/>\n<meta property=\"og:description\" content=\"Wir bieten Runtz x Pack Woods Runty wiederaufladbarer Einweg-Vape-Pen , Elementvape.de akzeptieren Gro\u00df-und Einzelhandel Bestellungen.\" \/>\n<meta property=\"og:url\" content=\"https:\/\/www.elementvape.de\/fi\/produkt\/runtz-x-pack-woods-runty-wiederaufladbarer-einweg-vape-pen\/\" \/>\n<meta property=\"og:site_name\" content=\"ElementVape.de\" \/>\n<meta property=\"article:modified_time\" content=\"2024-09-12T10:32:13+00:00\" \/>\n<meta property=\"og:image\" content=\"https:\/\/ae01.alicdn.com\/kf\/Sf864b649aebb4b4f97e3b9a94a26b3e8h\/Runtz-x-pack-woods-runty-wiederauf-ladbarer-Einweg-Vape-Stift-380mAh-Batterie-1ml-leere-H-lsen.jpg\" \/>\n\t<meta property=\"og:image:width\" content=\"1000\" \/>\n\t<meta property=\"og:image:height\" content=\"1000\" \/>\n\t<meta property=\"og:image:type\" content=\"image\/jpeg\" \/>\n<meta name=\"twitter:card\" content=\"summary_large_image\" \/>\n<meta name=\"twitter:label1\" content=\"Est. reading time\" \/>\n\t<meta name=\"twitter:data1\" content=\"3 minuuttia\" \/>\n<script type=\"application\/ld+json\" class=\"yoast-schema-graph\">{\"@context\":\"https:\/\/schema.org\",\"@graph\":[{\"@type\":\"WebPage\",\"@id\":\"https:\/\/www.elementvape.de\/ro\/produkt\/runtz-x-pack-woods-runty-wiederaufladbarer-einweg-vape-pen\/\",\"url\":\"https:\/\/www.elementvape.de\/ro\/produkt\/runtz-x-pack-woods-runty-wiederaufladbarer-einweg-vape-pen\/\",\"name\":\"Runtz x Pack Woods Runty wiederaufladbarer Einweg-Vape-Pen | ElementVape.de\",\"isPartOf\":{\"@id\":\"https:\/\/www.elementvape.de\/#website\"},\"primaryImageOfPage\":{\"@id\":\"https:\/\/www.elementvape.de\/ro\/produkt\/runtz-x-pack-woods-runty-wiederaufladbarer-einweg-vape-pen\/#primaryimage\"},\"image\":{\"@id\":\"https:\/\/www.elementvape.de\/ro\/produkt\/runtz-x-pack-woods-runty-wiederaufladbarer-einweg-vape-pen\/#primaryimage\"},\"thumbnailUrl\":\"https:\/\/ae01.alicdn.com\/kf\/Sf864b649aebb4b4f97e3b9a94a26b3e8h\/Runtz-x-pack-woods-runty-wiederauf-ladbarer-Einweg-Vape-Stift-380mAh-Batterie-1ml-leere-H-lsen.jpg\",\"datePublished\":\"2024-04-20T07:31:40+00:00\",\"dateModified\":\"2024-09-12T10:32:13+00:00\",\"description\":\"Wir bieten Runtz x Pack Woods Runty wiederaufladbarer Einweg-Vape-Pen , Elementvape.de akzeptieren Gro\u00df-und Einzelhandel Bestellungen.\",\"breadcrumb\":{\"@id\":\"https:\/\/www.elementvape.de\/ro\/produkt\/runtz-x-pack-woods-runty-wiederaufladbarer-einweg-vape-pen\/#breadcrumb\"},\"inLanguage\":\"fi\",\"potentialAction\":[{\"@type\":\"ReadAction\",\"target\":[\"https:\/\/www.elementvape.de\/ro\/produkt\/runtz-x-pack-woods-runty-wiederaufladbarer-einweg-vape-pen\/\"]}]},{\"@type\":\"ImageObject\",\"inLanguage\":\"fi\",\"@id\":\"https:\/\/www.elementvape.de\/ro\/produkt\/runtz-x-pack-woods-runty-wiederaufladbarer-einweg-vape-pen\/#primaryimage\",\"url\":\"https:\/\/ae01.alicdn.com\/kf\/Sf864b649aebb4b4f97e3b9a94a26b3e8h\/Runtz-x-pack-woods-runty-wiederauf-ladbarer-Einweg-Vape-Stift-380mAh-Batterie-1ml-leere-H-lsen.jpg\",\"contentUrl\":\"https:\/\/ae01.alicdn.com\/kf\/Sf864b649aebb4b4f97e3b9a94a26b3e8h\/Runtz-x-pack-woods-runty-wiederauf-ladbarer-Einweg-Vape-Stift-380mAh-Batterie-1ml-leere-H-lsen.jpg\",\"width\":1000,\"height\":1000},{\"@type\":\"BreadcrumbList\",\"@id\":\"https:\/\/www.elementvape.de\/ro\/produkt\/runtz-x-pack-woods-runty-wiederaufladbarer-einweg-vape-pen\/#breadcrumb\",\"itemListElement\":[{\"@type\":\"ListItem\",\"position\":1,\"name\":\"Home\",\"item\":\"https:\/\/www.elementvape.de\/\"},{\"@type\":\"ListItem\",\"position\":2,\"name\":\"Shop\",\"item\":\"https:\/\/www.elementvape.de\/shop\/\"},{\"@type\":\"ListItem\",\"position\":3,\"name\":\"Runtz x Pack Woods Runty wiederaufladbarer Einweg-Vape-Pen\"}]},{\"@type\":\"WebSite\",\"@id\":\"https:\/\/www.elementvape.de\/#website\",\"url\":\"https:\/\/www.elementvape.de\/\",\"name\":\"ElementVape.de\",\"description\":\"\",\"publisher\":{\"@id\":\"https:\/\/www.elementvape.de\/#organization\"},\"potentialAction\":[{\"@type\":\"SearchAction\",\"target\":{\"@type\":\"EntryPoint\",\"urlTemplate\":\"https:\/\/www.elementvape.de\/?s={search_term_string}\"},\"query-input\":\"required name=search_term_string\"}],\"inLanguage\":\"fi\"},{\"@type\":\"Organization\",\"@id\":\"https:\/\/www.elementvape.de\/#organization\",\"name\":\"ElementVape.DE\",\"url\":\"https:\/\/www.elementvape.de\/\",\"logo\":{\"@type\":\"ImageObject\",\"inLanguage\":\"fi\",\"@id\":\"https:\/\/www.elementvape.de\/#\/schema\/logo\/image\/\",\"url\":\"https:\/\/www.elementvape.de\/wp-content\/uploads\/2024\/09\/cropped-1elementvape-3.png\",\"contentUrl\":\"https:\/\/www.elementvape.de\/wp-content\/uploads\/2024\/09\/cropped-1elementvape-3.png\",\"width\":285,\"height\":228,\"caption\":\"ElementVape.DE\"},\"image\":{\"@id\":\"https:\/\/www.elementvape.de\/#\/schema\/logo\/image\/\"}}]}<\/script>\n<!-- \/ Yoast SEO plugin. -->","yoast_head_json":{"title":"Runtz x Pack Woods Runty wiederaufladbarer Einweg-Vape-Pen | ElementVape.de","description":"Wir bieten Runtz x Pack Woods Runty wiederaufladbarer Einweg-Vape-Pen , Elementvape.de akzeptieren Gro\u00df-und Einzelhandel Bestellungen.","robots":{"index":"index","follow":"follow","max-snippet":"max-snippet:-1","max-image-preview":"max-image-preview:large","max-video-preview":"max-video-preview:-1"},"canonical":"https:\/\/www.elementvape.de\/fi\/produkt\/runtz-x-pack-woods-runty-wiederaufladbarer-einweg-vape-pen\/","og_locale":"fi_FI","og_type":"article","og_title":"Runtz x Pack Woods Runty wiederaufladbarer Einweg-Vape-Pen | ElementVape.de","og_description":"Wir bieten Runtz x Pack Woods Runty wiederaufladbarer Einweg-Vape-Pen , Elementvape.de akzeptieren Gro\u00df-und Einzelhandel Bestellungen.","og_url":"https:\/\/www.elementvape.de\/fi\/produkt\/runtz-x-pack-woods-runty-wiederaufladbarer-einweg-vape-pen\/","og_site_name":"ElementVape.de","article_modified_time":"2024-09-12T10:32:13+00:00","og_image":[{"width":1000,"height":1000,"url":"https:\/\/ae01.alicdn.com\/kf\/Sf864b649aebb4b4f97e3b9a94a26b3e8h\/Runtz-x-pack-woods-runty-wiederauf-ladbarer-Einweg-Vape-Stift-380mAh-Batterie-1ml-leere-H-lsen.jpg","type":"image\/jpeg"}],"twitter_card":"summary_large_image","twitter_misc":{"Est. reading time":"3 minuuttia"},"schema":{"@context":"https:\/\/schema.org","@graph":[{"@type":"WebPage","@id":"https:\/\/www.elementvape.de\/ro\/produkt\/runtz-x-pack-woods-runty-wiederaufladbarer-einweg-vape-pen\/","url":"https:\/\/www.elementvape.de\/ro\/produkt\/runtz-x-pack-woods-runty-wiederaufladbarer-einweg-vape-pen\/","name":"Runtz x Pack Woods Runty wiederaufladbarer Einweg-Vape-Pen | ElementVape.de","isPartOf":{"@id":"https:\/\/www.elementvape.de\/#website"},"primaryImageOfPage":{"@id":"https:\/\/www.elementvape.de\/ro\/produkt\/runtz-x-pack-woods-runty-wiederaufladbarer-einweg-vape-pen\/#primaryimage"},"image":{"@id":"https:\/\/www.elementvape.de\/ro\/produkt\/runtz-x-pack-woods-runty-wiederaufladbarer-einweg-vape-pen\/#primaryimage"},"thumbnailUrl":"https:\/\/ae01.alicdn.com\/kf\/Sf864b649aebb4b4f97e3b9a94a26b3e8h\/Runtz-x-pack-woods-runty-wiederauf-ladbarer-Einweg-Vape-Stift-380mAh-Batterie-1ml-leere-H-lsen.jpg","datePublished":"2024-04-20T07:31:40+00:00","dateModified":"2024-09-12T10:32:13+00:00","description":"Wir bieten Runtz x Pack Woods Runty wiederaufladbarer Einweg-Vape-Pen , Elementvape.de akzeptieren Gro\u00df-und Einzelhandel Bestellungen.","breadcrumb":{"@id":"https:\/\/www.elementvape.de\/ro\/produkt\/runtz-x-pack-woods-runty-wiederaufladbarer-einweg-vape-pen\/#breadcrumb"},"inLanguage":"fi","potentialAction":[{"@type":"ReadAction","target":["https:\/\/www.elementvape.de\/ro\/produkt\/runtz-x-pack-woods-runty-wiederaufladbarer-einweg-vape-pen\/"]}]},{"@type":"ImageObject","inLanguage":"fi","@id":"https:\/\/www.elementvape.de\/ro\/produkt\/runtz-x-pack-woods-runty-wiederaufladbarer-einweg-vape-pen\/#primaryimage","url":"https:\/\/ae01.alicdn.com\/kf\/Sf864b649aebb4b4f97e3b9a94a26b3e8h\/Runtz-x-pack-woods-runty-wiederauf-ladbarer-Einweg-Vape-Stift-380mAh-Batterie-1ml-leere-H-lsen.jpg","contentUrl":"https:\/\/ae01.alicdn.com\/kf\/Sf864b649aebb4b4f97e3b9a94a26b3e8h\/Runtz-x-pack-woods-runty-wiederauf-ladbarer-Einweg-Vape-Stift-380mAh-Batterie-1ml-leere-H-lsen.jpg","width":1000,"height":1000},{"@type":"BreadcrumbList","@id":"https:\/\/www.elementvape.de\/ro\/produkt\/runtz-x-pack-woods-runty-wiederaufladbarer-einweg-vape-pen\/#breadcrumb","itemListElement":[{"@type":"ListItem","position":1,"name":"Home","item":"https:\/\/www.elementvape.de\/"},{"@type":"ListItem","position":2,"name":"Shop","item":"https:\/\/www.elementvape.de\/shop\/"},{"@type":"ListItem","position":3,"name":"Runtz x Pack Woods Runty wiederaufladbarer Einweg-Vape-Pen"}]},{"@type":"WebSite","@id":"https:\/\/www.elementvape.de\/#website","url":"https:\/\/www.elementvape.de\/","name":"ElementVape.de","description":"","publisher":{"@id":"https:\/\/www.elementvape.de\/#organization"},"potentialAction":[{"@type":"SearchAction","target":{"@type":"EntryPoint","urlTemplate":"https:\/\/www.elementvape.de\/?s={search_term_string}"},"query-input":"required name=search_term_string"}],"inLanguage":"fi"},{"@type":"Organization","@id":"https:\/\/www.elementvape.de\/#organization","name":"ElementVape.DE","url":"https:\/\/www.elementvape.de\/","logo":{"@type":"ImageObject","inLanguage":"fi","@id":"https:\/\/www.elementvape.de\/#\/schema\/logo\/image\/","url":"https:\/\/www.elementvape.de\/wp-content\/uploads\/2024\/09\/cropped-1elementvape-3.png","contentUrl":"https:\/\/www.elementvape.de\/wp-content\/uploads\/2024\/09\/cropped-1elementvape-3.png","width":285,"height":228,"caption":"ElementVape.DE"},"image":{"@id":"https:\/\/www.elementvape.de\/#\/schema\/logo\/image\/"}}]}},"_links":{"self":[{"href":"https:\/\/www.elementvape.de\/fi\/wp-json\/wp\/v2\/product\/7740"}],"collection":[{"href":"https:\/\/www.elementvape.de\/fi\/wp-json\/wp\/v2\/product"}],"about":[{"href":"https:\/\/www.elementvape.de\/fi\/wp-json\/wp\/v2\/types\/product"}],"wp:featuredmedia":[{"embeddable":true,"href":"https:\/\/www.elementvape.de\/fi\/wp-json\/wp\/v2\/media\/7741"}],"wp:attachment":[{"href":"https:\/\/www.elementvape.de\/fi\/wp-json\/wp\/v2\/media?parent=7740"}],"wp:term":[{"taxonomy":"product_cat","embeddable":true,"href":"https:\/\/www.elementvape.de\/fi\/wp-json\/wp\/v2\/product_cat?post=7740"},{"taxonomy":"product_tag","embeddable":true,"href":"https:\/\/www.elementvape.de\/fi\/wp-json\/wp\/v2\/product_tag?post=7740"}],"curies":[{"name":"wp","href":"https:\/\/api.w.org\/{rel}","templated":true}]}}