{"id":7724,"date":"2024-04-20T07:30:22","date_gmt":"2024-04-20T07:30:22","guid":{"rendered":"https:\/\/www.elementvape.de\/?post_type=product&#038;p=7724"},"modified":"2024-09-12T10:32:14","modified_gmt":"2024-09-12T10:32:14","slug":"runtz-runty-vape-1-ml-kartusche-280-mah-wiederaufladbarer-akku","status":"publish","type":"product","link":"https:\/\/www.elementvape.de\/fi\/produkt\/runtz-runty-vape-1-ml-kartusche-280-mah-wiederaufladbarer-akku\/","title":{"rendered":"Runtz Runty Vape 1 ml kartio, 280 mAh uudelleenladattava akku"},"content":{"rendered":"<p>&nbsp;<\/p>\n<div class=\"product-specs-list-container\">\n<ul class=\"product-specs-list util-clearfix\">\n<li class=\"product-prop line-limit-length\"><span class=\"property-title\">Ulkon\u00e4k\u00f6:\u00a0<\/span><span class=\"property-desc line-limit-length\">Laatikkomuoto<\/span><\/li>\n<li class=\"product-prop line-limit-length\"><span class=\"property-title\">Yhteensopiva akku:\u00a0<\/span><span class=\"property-desc line-limit-length\">18350<\/span><\/li>\n<li class=\"product-prop line-limit-length\"><span class=\"property-title\">Tarkkailutoiminto tupakointim\u00e4\u00e4r\u00e4lle:\u00a0<\/span><span class=\"property-desc line-limit-length\">Ei<\/span><\/li>\n<li class=\"product-prop line-limit-length\"><span class=\"property-title\">Siliconkotelon tapauksessa\u00a0<\/span><span class=\"property-desc line-limit-length\">Ei<\/span><\/li>\n<li class=\"product-prop line-limit-length\"><span class=\"property-title\">L\u00e4mp\u00f6tilans\u00e4\u00e4t\u00f6:\u00a0<\/span><span class=\"property-desc line-limit-length\">Ei<\/span><\/li>\n<li class=\"product-prop line-limit-length\"><span class=\"property-title\">Sis\u00e4\u00e4nrakennettu tai ulkoinen akku:\u00a0<\/span><span class=\"property-desc line-limit-length\">Sis\u00e4\u00e4nrakennettu<\/span><\/li>\n<li class=\"product-prop line-limit-length\"><span class=\"property-title\">Oikosulkuvaimennustoiminto:\u00a0<\/span><span class=\"property-desc line-limit-length\">Ja<\/span><\/li>\n<li class=\"product-prop line-limit-length\"><span class=\"property-title\">Ylikuumenemissuoja-toiminto:\u00a0<\/span><span class=\"property-desc line-limit-length\">Ja<\/span><\/li>\n<li class=\"product-prop line-limit-length\"><span class=\"property-title\">Alhaisen j\u00e4nnitteen h\u00e4lytysominaisuus:\u00a0<\/span><span class=\"property-desc line-limit-length\">Ei<\/span><\/li>\n<li class=\"product-prop line-limit-length\"><span class=\"property-title\">Sumutin tunnistus toiminto:\u00a0<\/span><span class=\"property-desc line-limit-length\">Ei<\/span><\/li>\n<li class=\"product-prop line-limit-length\"><span class=\"property-title\">TCR-asetustila:\u00a0<\/span><span class=\"property-desc line-limit-length\">Ei<\/span><\/li>\n<li class=\"product-prop line-limit-length\"><span class=\"property-title\">Nominakapasiteetti:\u00a0<\/span><span class=\"property-desc line-limit-length\">&lt;700 mAh<\/span><\/li>\n<li class=\"product-prop line-limit-length\"><span class=\"property-title\">Materiaali:\u00a0<\/span><span class=\"property-desc line-limit-length\">Muovi<\/span><\/li>\n<li class=\"product-prop line-limit-length\"><span class=\"property-title\">Yhteensopiva malli:\u00a0<\/span><span class=\"property-desc line-limit-length\">paksu \u00f6ljy<\/span><\/li>\n<li class=\"product-prop line-limit-length\"><span class=\"property-title\">Mallinumero:\u00a0<\/span><span class=\"property-desc line-limit-length\">Taskulamppidiamanttivape<\/span><\/li>\n<li class=\"product-prop line-limit-length\"><span class=\"property-title\">Usb-laturi:\u00a0<\/span><span class=\"property-desc line-limit-length\">Ja<\/span><\/li>\n<li class=\"product-prop line-limit-length\"><span class=\"property-title\">Firmware-p\u00e4ivitys:\u00a0<\/span><span class=\"property-desc line-limit-length\">Ei<\/span><\/li>\n<li class=\"product-prop line-limit-length\"><span class=\"property-title\">N\u00e4ytt\u00f6:\u00a0<\/span><span class=\"property-desc line-limit-length\">Ei<\/span><\/li>\n<li class=\"product-prop line-limit-length\"><span class=\"property-title\">Tyyppi:\u00a0<\/span><span class=\"property-desc line-limit-length\">kertak\u00e4ytt\u00f6inen<\/span><\/li>\n<li class=\"product-prop line-limit-length\"><span class=\"property-title\">Tavaramerkki:\u00a0<\/span><span class=\"property-desc line-limit-length\">SUB TWO<\/span><\/li>\n<li class=\"product-prop line-limit-length\"><span class=\"property-title\">Alkuper\u00e4:\u00a0<\/span><span class=\"property-desc line-limit-length\">FI (Alkuper\u00e4)<\/span><\/li>\n<li class=\"product-prop line-limit-length\"><span class=\"property-title\">v\u00e4ri:\u00a0<\/span><span class=\"property-desc line-limit-length\">valkoinen<\/span><\/li>\n<li class=\"product-prop line-limit-length\"><span class=\"property-title\">paristokapasiteetti:\u00a0<\/span><span class=\"property-desc line-limit-length\">280 mAh<\/span><\/li>\n<li class=\"product-prop line-limit-length\"><span class=\"property-title\">kapselin kapasiteetti:\u00a0<\/span><span class=\"property-desc line-limit-length\">2ml<\/span><\/li>\n<\/ul>\n<\/div>\n<div class=\"detailmodule_html\">\n<div class=\"detail-desc-decorate-richtext\">\n<div>\n<div>\n<div style=\"text-align: center;\" align=\"center\"><span id=\"tl_1\" style=\"font-size: 20px;\">S\u00e4hk\u00f6inen savuke runtz runty vape 1ml tyhj\u00e4 laite Pods 280mAh uudelleenladattava akku paksulle \u00f6ljylle kertak\u00e4ytt\u00f6inen Vaper h\u00f6yryst\u00e4\u00e4<\/span><\/div>\n<div><strong><span id=\"tl_2\" style=\"font-size: 20px;\">Kuvaus:<\/span><\/strong><\/p>\n<p><span id=\"tl_3\" style=\"font-size: 16px;\">\u00d6ljyn kapasiteetti: 2,0 ml<br \/>\nAkku: 280mAh<br \/>\n\u00d6ljyrei\u00e4n koko: 2*1,8mm<br \/>\nKela: paranneltu keramikkela<br \/>\nvastus: 1,4 Ohm,<br \/>\nT\u00e4ytt\u00f6: yl\u00e4puolen t\u00e4ytt\u00f6<br \/>\nUudelleenladattava pohja<\/span><\/p>\n<p><span style=\"font-size: 14px;\"><span style=\"font-size: 14px;\"><span style=\"font-size: 14px;\"><span id=\"tl_4\" style=\"font-size: 14px;\">L\u00e4het\u00e4mme kyn\u00e4t tyhj\u00e4ll\u00e4 podilla (ei esit\u00e4ytetty)<\/span><\/span><\/span><\/span><\/div>\n<div><span style=\"font-size: 14px;\"><span style=\"font-size: 14px;\"><strong><span style=\"font-size: 14px;\"><span id=\"tl_5\" style=\"font-size: 14px;\">Huomaa, ett\u00e4 tuotetta ei toimiteta pahvipakkauksessa, tarroilla tai latausohjeilla<\/span><\/span><\/strong><\/span><\/span><\/p>\n<p><strong><span id=\"tl_6\" style=\"font-size: 20px;\">Etu:<\/span><\/strong><\/p>\n<p><span id=\"tl_7\" style=\"font-size: 16px;\">1. uudelleenladattava vape-kyn\u00e4 tarjoaa riitt\u00e4v\u00e4sti tehoa paksulle tisleelle<br \/>\n2. Suunniteltu paksulle \u00f6ljylle, tarjoaa suuren pilven ja tasaisen iskun<br \/>\n3. ei vuoda, tiivis tiivistysrakenne<br \/>\n4. p\u00e4ivitetty keramikkilyhty tarjoaa puhtaan maun, ei pala<br \/>\n5. ohut, kannettava, helppok\u00e4ytt\u00f6inen, muodikasta muotoilua<br \/>\n6. n\u00e4kyv\u00e4 ikkuna<br \/>\n7. napsautus-lukitus-Design helppoon sulkemiseen<br \/>\n8. suljettu pod-j\u00e4rjestelm\u00e4<br \/>\n9. helppo t\u00e4ytt\u00e4\u00e4<br \/>\n10. vakaa laatu, vakaa suorituskyky, kilpailukykyinen hinta<br \/>\n11. Tarjoaa OEM-palvelua<\/span><\/p>\n<p><img decoding=\"async\" loading=\"lazy\" style=\"width: 800px;\" src=\"https:\/\/ae01.alicdn.com\/kf\/S405d0745a85b4a8e972a0fb10a54047dp.jpg?width=800&amp;height=800&amp;hash=1600\" width=\"800px\" \/><\/p>\n<p><img loading=\"lazy\" decoding=\"async\" src=\"https:\/\/ae01.alicdn.com\/kf\/S8b66b46078f14ac8b671218951f67ca6H.jpg?width=800&amp;height=800&amp;hash=1600\" width=\"1000\" height=\"1000\" \/><\/p>\n<p><img decoding=\"async\" loading=\"lazy\" src=\"https:\/\/ae01.alicdn.com\/kf\/Sc1065d6ed9144f1f95c2215511279152u.jpg?width=800&amp;height=800&amp;hash=1600\" \/><\/p>\n<p><img decoding=\"async\" loading=\"lazy\" src=\"https:\/\/ae01.alicdn.com\/kf\/S3a6849897ebb432285d78b7e2a033726A.jpg?width=800&amp;height=800&amp;hash=1600\" \/><\/p>\n<p><img decoding=\"async\" loading=\"lazy\" src=\"https:\/\/ae01.alicdn.com\/kf\/S238227d972534911bcaa9f760119a0259.jpg?width=800&amp;height=800&amp;hash=1600\" \/><\/p>\n<p><img decoding=\"async\" loading=\"lazy\" src=\"https:\/\/ae01.alicdn.com\/kf\/S1b9f2339eb524be19ee4968e2266fbeea.jpg?width=800&amp;height=800&amp;hash=1600\" \/><\/p>\n<p><img decoding=\"async\" loading=\"lazy\" src=\"https:\/\/ae01.alicdn.com\/kf\/Sd0bfb775cabc480b84593043963f0eb1I.jpg?width=800&amp;height=800&amp;hash=1600\" \/><\/p>\n<p><img decoding=\"async\" loading=\"lazy\" src=\"https:\/\/ae01.alicdn.com\/kf\/S17464e7c81004de09a129d0532d9ee754.jpg?width=800&amp;height=800&amp;hash=1600\" \/><\/p>\n<p><img decoding=\"async\" loading=\"lazy\" src=\"https:\/\/ae01.alicdn.com\/kf\/Sb721b6cb60fe4f80800a6ef3d8d51f9dO.jpg?width=800&amp;height=800&amp;hash=1600\" \/><\/div>\n<div><img decoding=\"async\" loading=\"lazy\" style=\"width: 800px;\" src=\"https:\/\/ae01.alicdn.com\/kf\/Scfb3efcfda554b4eb7b6d856c7814070L.jpg?width=800&amp;height=1333&amp;hash=2133\" width=\"800px\" \/><\/div>\n<p>&nbsp;<\/p>\n<\/div>\n<\/div>\n<\/div>\n<\/div>","protected":false},"excerpt":{"rendered":"<p>&nbsp; Aussehen:\u00a0Box Form Kompatibler Akku:\u00a018350 \u00dcberwachung Funktion Von Rauchen Anzahl:\u00a0Nein Silikon Fall:\u00a0Nein Temperaturregelung:\u00a0Nein Eingebaute Oder Externe Batterie:\u00a0Eingebaute Kurzschlussschutz Funktion:\u00a0Ja \u00dcberhitzungsschutz-funktion:\u00a0Ja Niederspannungsalarmfunktion:\u00a0Nein Zerst\u00e4uber Identifikation Funktion:\u00a0Nein TCR Einstellung Modi:\u00a0Nein Nominale Kapazit\u00e4t:\u00a0&lt;700 mAh Material:\u00a0Plastik Compatible Model:\u00a0thick oil Modellnummer:\u00a0Torch diamond vape Usb-ladeger\u00e4t:\u00a0Ja Firmware-upgrade:\u00a0Nein Display:\u00a0Nein Art:\u00a0disposable Markenname:\u00a0SUB TWO Ursprung:\u00a0CN (Herkunft) color:\u00a0white battery capacity:\u00a0280mah cartridge capacity:\u00a02ml Elektronische Zigarette runtz runty vape [&hellip;]<\/p>","protected":false},"featured_media":7725,"template":"","meta":{"inline_featured_image":false},"product_cat":[78,750,737,736,749,76],"product_tag":[],"tiered_pricing_type":"fixed","tiered_pricing_fixed_rules":[],"tiered_pricing_percentage_rules":[],"tiered_pricing_minimum":1,"_administrator_tiered_pricing_type":"fixed","_administrator_tiered_pricing_fixed_rules":[],"_editor_tiered_pricing_type":"fixed","_editor_tiered_pricing_fixed_rules":[],"_author_tiered_pricing_type":"fixed","_author_tiered_pricing_fixed_rules":[],"_contributor_tiered_pricing_type":"fixed","_contributor_tiered_pricing_fixed_rules":[],"_subscriber_tiered_pricing_type":"fixed","_subscriber_tiered_pricing_fixed_rules":[],"_customer_tiered_pricing_type":"fixed","_customer_tiered_pricing_fixed_rules":[],"_shop_manager_tiered_pricing_type":"fixed","_shop_manager_tiered_pricing_fixed_rules":[],"_wpseo_manager_tiered_pricing_type":"fixed","_wpseo_manager_tiered_pricing_fixed_rules":[],"_wpseo_editor_tiered_pricing_type":"fixed","_wpseo_editor_tiered_pricing_fixed_rules":[],"_wholesale_customer_tiered_pricing_type":"fixed","_wholesale_customer_tiered_pricing_fixed_rules":[],"_marketer_tiered_pricing_type":"fixed","_marketer_tiered_pricing_fixed_rules":[],"_sales_manager_tiered_pricing_type":"fixed","_sales_manager_tiered_pricing_fixed_rules":[],"_sales_rep_tiered_pricing_type":"fixed","_sales_rep_tiered_pricing_fixed_rules":[],"yoast_head":"<!-- This site is optimized with the Yoast SEO plugin v23.3 - https:\/\/yoast.com\/wordpress\/plugins\/seo\/ -->\n<title>Runtz Runty Vape 1 ml Kartusche, 280 mAh wiederaufladbarer Akku | ElementVape.de<\/title>\n<meta name=\"description\" content=\"Wir bieten Runtz Runty Vape 1 ml Kartusche, 280 mAh wiederaufladbarer Akku , Elementvape.de akzeptieren Gro\u00df-und Einzelhandel Bestellungen.\" \/>\n<meta name=\"robots\" content=\"index, follow, max-snippet:-1, max-image-preview:large, max-video-preview:-1\" \/>\n<link rel=\"canonical\" href=\"https:\/\/www.elementvape.de\/fi\/produkt\/runtz-runty-vape-1-ml-kartusche-280-mah-wiederaufladbarer-akku\/\" \/>\n<meta property=\"og:locale\" content=\"fi_FI\" \/>\n<meta property=\"og:type\" content=\"article\" \/>\n<meta property=\"og:title\" content=\"Runtz Runty Vape 1 ml Kartusche, 280 mAh wiederaufladbarer Akku | ElementVape.de\" \/>\n<meta property=\"og:description\" content=\"Wir bieten Runtz Runty Vape 1 ml Kartusche, 280 mAh wiederaufladbarer Akku , Elementvape.de akzeptieren Gro\u00df-und Einzelhandel Bestellungen.\" \/>\n<meta property=\"og:url\" content=\"https:\/\/www.elementvape.de\/fi\/produkt\/runtz-runty-vape-1-ml-kartusche-280-mah-wiederaufladbarer-akku\/\" \/>\n<meta property=\"og:site_name\" content=\"ElementVape.de\" \/>\n<meta property=\"article:modified_time\" content=\"2024-09-12T10:32:14+00:00\" \/>\n<meta property=\"og:image\" content=\"https:\/\/ae01.alicdn.com\/kf\/S938f3531439b4642b1b32b50d8a1c4aaX\/Elektronische-Zigarette-runtz-runty-vape-1ml-leere-Ger-t-Pods-280mah-wiederauf-ladbare-Batterie-f-r.jpg\" \/>\n\t<meta property=\"og:image:width\" content=\"800\" \/>\n\t<meta property=\"og:image:height\" content=\"800\" \/>\n\t<meta property=\"og:image:type\" content=\"image\/jpeg\" \/>\n<meta name=\"twitter:card\" content=\"summary_large_image\" \/>\n<meta name=\"twitter:label1\" content=\"Est. reading time\" \/>\n\t<meta name=\"twitter:data1\" content=\"4 minuuttia\" \/>\n<script type=\"application\/ld+json\" class=\"yoast-schema-graph\">{\"@context\":\"https:\/\/schema.org\",\"@graph\":[{\"@type\":\"WebPage\",\"@id\":\"https:\/\/www.elementvape.de\/produkt\/runtz-runty-vape-1-ml-kartusche-280-mah-wiederaufladbarer-akku\/\",\"url\":\"https:\/\/www.elementvape.de\/produkt\/runtz-runty-vape-1-ml-kartusche-280-mah-wiederaufladbarer-akku\/\",\"name\":\"Runtz Runty Vape 1 ml Kartusche, 280 mAh wiederaufladbarer Akku | ElementVape.de\",\"isPartOf\":{\"@id\":\"https:\/\/www.elementvape.de\/#website\"},\"primaryImageOfPage\":{\"@id\":\"https:\/\/www.elementvape.de\/produkt\/runtz-runty-vape-1-ml-kartusche-280-mah-wiederaufladbarer-akku\/#primaryimage\"},\"image\":{\"@id\":\"https:\/\/www.elementvape.de\/produkt\/runtz-runty-vape-1-ml-kartusche-280-mah-wiederaufladbarer-akku\/#primaryimage\"},\"thumbnailUrl\":\"https:\/\/ae01.alicdn.com\/kf\/S938f3531439b4642b1b32b50d8a1c4aaX\/Elektronische-Zigarette-runtz-runty-vape-1ml-leere-Ger-t-Pods-280mah-wiederauf-ladbare-Batterie-f-r.jpg\",\"datePublished\":\"2024-04-20T07:30:22+00:00\",\"dateModified\":\"2024-09-12T10:32:14+00:00\",\"description\":\"Wir bieten Runtz Runty Vape 1 ml Kartusche, 280 mAh wiederaufladbarer Akku , Elementvape.de akzeptieren Gro\u00df-und Einzelhandel Bestellungen.\",\"breadcrumb\":{\"@id\":\"https:\/\/www.elementvape.de\/produkt\/runtz-runty-vape-1-ml-kartusche-280-mah-wiederaufladbarer-akku\/#breadcrumb\"},\"inLanguage\":\"fi\",\"potentialAction\":[{\"@type\":\"ReadAction\",\"target\":[\"https:\/\/www.elementvape.de\/produkt\/runtz-runty-vape-1-ml-kartusche-280-mah-wiederaufladbarer-akku\/\"]}]},{\"@type\":\"ImageObject\",\"inLanguage\":\"fi\",\"@id\":\"https:\/\/www.elementvape.de\/produkt\/runtz-runty-vape-1-ml-kartusche-280-mah-wiederaufladbarer-akku\/#primaryimage\",\"url\":\"https:\/\/ae01.alicdn.com\/kf\/S938f3531439b4642b1b32b50d8a1c4aaX\/Elektronische-Zigarette-runtz-runty-vape-1ml-leere-Ger-t-Pods-280mah-wiederauf-ladbare-Batterie-f-r.jpg\",\"contentUrl\":\"https:\/\/ae01.alicdn.com\/kf\/S938f3531439b4642b1b32b50d8a1c4aaX\/Elektronische-Zigarette-runtz-runty-vape-1ml-leere-Ger-t-Pods-280mah-wiederauf-ladbare-Batterie-f-r.jpg\",\"width\":800,\"height\":800},{\"@type\":\"BreadcrumbList\",\"@id\":\"https:\/\/www.elementvape.de\/produkt\/runtz-runty-vape-1-ml-kartusche-280-mah-wiederaufladbarer-akku\/#breadcrumb\",\"itemListElement\":[{\"@type\":\"ListItem\",\"position\":1,\"name\":\"Home\",\"item\":\"https:\/\/www.elementvape.de\/\"},{\"@type\":\"ListItem\",\"position\":2,\"name\":\"Shop\",\"item\":\"https:\/\/www.elementvape.de\/shop\/\"},{\"@type\":\"ListItem\",\"position\":3,\"name\":\"Runtz Runty Vape 1 ml Kartusche, 280 mAh wiederaufladbarer Akku\"}]},{\"@type\":\"WebSite\",\"@id\":\"https:\/\/www.elementvape.de\/#website\",\"url\":\"https:\/\/www.elementvape.de\/\",\"name\":\"ElementVape.de\",\"description\":\"\",\"publisher\":{\"@id\":\"https:\/\/www.elementvape.de\/#organization\"},\"potentialAction\":[{\"@type\":\"SearchAction\",\"target\":{\"@type\":\"EntryPoint\",\"urlTemplate\":\"https:\/\/www.elementvape.de\/?s={search_term_string}\"},\"query-input\":\"required name=search_term_string\"}],\"inLanguage\":\"fi\"},{\"@type\":\"Organization\",\"@id\":\"https:\/\/www.elementvape.de\/#organization\",\"name\":\"ElementVape.DE\",\"url\":\"https:\/\/www.elementvape.de\/\",\"logo\":{\"@type\":\"ImageObject\",\"inLanguage\":\"fi\",\"@id\":\"https:\/\/www.elementvape.de\/#\/schema\/logo\/image\/\",\"url\":\"https:\/\/www.elementvape.de\/wp-content\/uploads\/2024\/09\/cropped-1elementvape-3.png\",\"contentUrl\":\"https:\/\/www.elementvape.de\/wp-content\/uploads\/2024\/09\/cropped-1elementvape-3.png\",\"width\":285,\"height\":228,\"caption\":\"ElementVape.DE\"},\"image\":{\"@id\":\"https:\/\/www.elementvape.de\/#\/schema\/logo\/image\/\"}}]}<\/script>\n<!-- \/ Yoast SEO plugin. -->","yoast_head_json":{"title":"Runtz Runty Vape 1 ml Kartusche, 280 mAh wiederaufladbarer Akku | ElementVape.de","description":"Wir bieten Runtz Runty Vape 1 ml Kartusche, 280 mAh wiederaufladbarer Akku , Elementvape.de akzeptieren Gro\u00df-und Einzelhandel Bestellungen.","robots":{"index":"index","follow":"follow","max-snippet":"max-snippet:-1","max-image-preview":"max-image-preview:large","max-video-preview":"max-video-preview:-1"},"canonical":"https:\/\/www.elementvape.de\/fi\/produkt\/runtz-runty-vape-1-ml-kartusche-280-mah-wiederaufladbarer-akku\/","og_locale":"fi_FI","og_type":"article","og_title":"Runtz Runty Vape 1 ml Kartusche, 280 mAh wiederaufladbarer Akku | ElementVape.de","og_description":"Wir bieten Runtz Runty Vape 1 ml Kartusche, 280 mAh wiederaufladbarer Akku , Elementvape.de akzeptieren Gro\u00df-und Einzelhandel Bestellungen.","og_url":"https:\/\/www.elementvape.de\/fi\/produkt\/runtz-runty-vape-1-ml-kartusche-280-mah-wiederaufladbarer-akku\/","og_site_name":"ElementVape.de","article_modified_time":"2024-09-12T10:32:14+00:00","og_image":[{"width":800,"height":800,"url":"https:\/\/ae01.alicdn.com\/kf\/S938f3531439b4642b1b32b50d8a1c4aaX\/Elektronische-Zigarette-runtz-runty-vape-1ml-leere-Ger-t-Pods-280mah-wiederauf-ladbare-Batterie-f-r.jpg","type":"image\/jpeg"}],"twitter_card":"summary_large_image","twitter_misc":{"Est. reading time":"4 minuuttia"},"schema":{"@context":"https:\/\/schema.org","@graph":[{"@type":"WebPage","@id":"https:\/\/www.elementvape.de\/produkt\/runtz-runty-vape-1-ml-kartusche-280-mah-wiederaufladbarer-akku\/","url":"https:\/\/www.elementvape.de\/produkt\/runtz-runty-vape-1-ml-kartusche-280-mah-wiederaufladbarer-akku\/","name":"Runtz Runty Vape 1 ml Kartusche, 280 mAh wiederaufladbarer Akku | ElementVape.de","isPartOf":{"@id":"https:\/\/www.elementvape.de\/#website"},"primaryImageOfPage":{"@id":"https:\/\/www.elementvape.de\/produkt\/runtz-runty-vape-1-ml-kartusche-280-mah-wiederaufladbarer-akku\/#primaryimage"},"image":{"@id":"https:\/\/www.elementvape.de\/produkt\/runtz-runty-vape-1-ml-kartusche-280-mah-wiederaufladbarer-akku\/#primaryimage"},"thumbnailUrl":"https:\/\/ae01.alicdn.com\/kf\/S938f3531439b4642b1b32b50d8a1c4aaX\/Elektronische-Zigarette-runtz-runty-vape-1ml-leere-Ger-t-Pods-280mah-wiederauf-ladbare-Batterie-f-r.jpg","datePublished":"2024-04-20T07:30:22+00:00","dateModified":"2024-09-12T10:32:14+00:00","description":"Wir bieten Runtz Runty Vape 1 ml Kartusche, 280 mAh wiederaufladbarer Akku , Elementvape.de akzeptieren Gro\u00df-und Einzelhandel Bestellungen.","breadcrumb":{"@id":"https:\/\/www.elementvape.de\/produkt\/runtz-runty-vape-1-ml-kartusche-280-mah-wiederaufladbarer-akku\/#breadcrumb"},"inLanguage":"fi","potentialAction":[{"@type":"ReadAction","target":["https:\/\/www.elementvape.de\/produkt\/runtz-runty-vape-1-ml-kartusche-280-mah-wiederaufladbarer-akku\/"]}]},{"@type":"ImageObject","inLanguage":"fi","@id":"https:\/\/www.elementvape.de\/produkt\/runtz-runty-vape-1-ml-kartusche-280-mah-wiederaufladbarer-akku\/#primaryimage","url":"https:\/\/ae01.alicdn.com\/kf\/S938f3531439b4642b1b32b50d8a1c4aaX\/Elektronische-Zigarette-runtz-runty-vape-1ml-leere-Ger-t-Pods-280mah-wiederauf-ladbare-Batterie-f-r.jpg","contentUrl":"https:\/\/ae01.alicdn.com\/kf\/S938f3531439b4642b1b32b50d8a1c4aaX\/Elektronische-Zigarette-runtz-runty-vape-1ml-leere-Ger-t-Pods-280mah-wiederauf-ladbare-Batterie-f-r.jpg","width":800,"height":800},{"@type":"BreadcrumbList","@id":"https:\/\/www.elementvape.de\/produkt\/runtz-runty-vape-1-ml-kartusche-280-mah-wiederaufladbarer-akku\/#breadcrumb","itemListElement":[{"@type":"ListItem","position":1,"name":"Home","item":"https:\/\/www.elementvape.de\/"},{"@type":"ListItem","position":2,"name":"Shop","item":"https:\/\/www.elementvape.de\/shop\/"},{"@type":"ListItem","position":3,"name":"Runtz Runty Vape 1 ml Kartusche, 280 mAh wiederaufladbarer Akku"}]},{"@type":"WebSite","@id":"https:\/\/www.elementvape.de\/#website","url":"https:\/\/www.elementvape.de\/","name":"ElementVape.de","description":"","publisher":{"@id":"https:\/\/www.elementvape.de\/#organization"},"potentialAction":[{"@type":"SearchAction","target":{"@type":"EntryPoint","urlTemplate":"https:\/\/www.elementvape.de\/?s={search_term_string}"},"query-input":"required name=search_term_string"}],"inLanguage":"fi"},{"@type":"Organization","@id":"https:\/\/www.elementvape.de\/#organization","name":"ElementVape.DE","url":"https:\/\/www.elementvape.de\/","logo":{"@type":"ImageObject","inLanguage":"fi","@id":"https:\/\/www.elementvape.de\/#\/schema\/logo\/image\/","url":"https:\/\/www.elementvape.de\/wp-content\/uploads\/2024\/09\/cropped-1elementvape-3.png","contentUrl":"https:\/\/www.elementvape.de\/wp-content\/uploads\/2024\/09\/cropped-1elementvape-3.png","width":285,"height":228,"caption":"ElementVape.DE"},"image":{"@id":"https:\/\/www.elementvape.de\/#\/schema\/logo\/image\/"}}]}},"_links":{"self":[{"href":"https:\/\/www.elementvape.de\/fi\/wp-json\/wp\/v2\/product\/7724"}],"collection":[{"href":"https:\/\/www.elementvape.de\/fi\/wp-json\/wp\/v2\/product"}],"about":[{"href":"https:\/\/www.elementvape.de\/fi\/wp-json\/wp\/v2\/types\/product"}],"wp:featuredmedia":[{"embeddable":true,"href":"https:\/\/www.elementvape.de\/fi\/wp-json\/wp\/v2\/media\/7725"}],"wp:attachment":[{"href":"https:\/\/www.elementvape.de\/fi\/wp-json\/wp\/v2\/media?parent=7724"}],"wp:term":[{"taxonomy":"product_cat","embeddable":true,"href":"https:\/\/www.elementvape.de\/fi\/wp-json\/wp\/v2\/product_cat?post=7724"},{"taxonomy":"product_tag","embeddable":true,"href":"https:\/\/www.elementvape.de\/fi\/wp-json\/wp\/v2\/product_tag?post=7724"}],"curies":[{"name":"wp","href":"https:\/\/api.w.org\/{rel}","templated":true}]}}