{"id":7424,"date":"2024-04-20T06:47:18","date_gmt":"2024-04-20T06:47:18","guid":{"rendered":"https:\/\/www.elementvape.de\/?post_type=product&#038;p=7424"},"modified":"2024-09-12T10:32:29","modified_gmt":"2024-09-12T10:32:29","slug":"pack-man-vape-pen-starter-set-fuer-e-zigaretten","status":"publish","type":"product","link":"https:\/\/www.elementvape.de\/fi\/produkt\/pack-man-vape-pen-starter-set-fuer-e-zigaretten\/","title":{"rendered":"Pack Man Vape Pen Starter -setti s\u00e4hk\u00f6tupakoille"},"content":{"rendered":"<p>&nbsp;<\/p>\n<div class=\"product-specs-list-container\">\n<ul class=\"product-specs-list util-clearfix\">\n<li class=\"product-prop line-limit-length\"><span class=\"property-title\">Ulkon\u00e4k\u00f6:\u00a0<\/span><span class=\"property-desc line-limit-length\">Laatikkomuoto<\/span><\/li>\n<li class=\"product-prop line-limit-length\"><span class=\"property-title\">Yhteensopiva akku:\u00a0<\/span><span class=\"property-desc line-limit-length\">18500<\/span><\/li>\n<li class=\"product-prop line-limit-length\"><span class=\"property-title\">Tarkkailutoiminto tupakointim\u00e4\u00e4r\u00e4lle:\u00a0<\/span><span class=\"property-desc line-limit-length\">Ei<\/span><\/li>\n<li class=\"product-prop line-limit-length\"><span class=\"property-title\">Siliconkotelon tapauksessa\u00a0<\/span><span class=\"property-desc line-limit-length\">Ei<\/span><\/li>\n<li class=\"product-prop line-limit-length\"><span class=\"property-title\">L\u00e4mp\u00f6tilans\u00e4\u00e4t\u00f6:\u00a0<\/span><span class=\"property-desc line-limit-length\">Ei<\/span><\/li>\n<li class=\"product-prop line-limit-length\"><span class=\"property-title\">Sis\u00e4\u00e4nrakennettu tai ulkoinen akku:\u00a0<\/span><span class=\"property-desc line-limit-length\">Sis\u00e4\u00e4nrakennettu<\/span><\/li>\n<li class=\"product-prop line-limit-length\"><span class=\"property-title\">Oikosulkuvaimennustoiminto:\u00a0<\/span><span class=\"property-desc line-limit-length\">Ja<\/span><\/li>\n<li class=\"product-prop line-limit-length\"><span class=\"property-title\">Ylikuumenemissuoja-toiminto:\u00a0<\/span><span class=\"property-desc line-limit-length\">Ei<\/span><\/li>\n<li class=\"product-prop line-limit-length\"><span class=\"property-title\">Alhaisen j\u00e4nnitteen h\u00e4lytysominaisuus:\u00a0<\/span><span class=\"property-desc line-limit-length\">Ei<\/span><\/li>\n<li class=\"product-prop line-limit-length\"><span class=\"property-title\">Sumutin tunnistus toiminto:\u00a0<\/span><span class=\"property-desc line-limit-length\">Ei<\/span><\/li>\n<li class=\"product-prop line-limit-length\"><span class=\"property-title\">TCR-asetustila:\u00a0<\/span><span class=\"property-desc line-limit-length\">Ei<\/span><\/li>\n<li class=\"product-prop line-limit-length\"><span class=\"property-title\">Nominakapasiteetti:\u00a0<\/span><span class=\"property-desc line-limit-length\">&lt;700 mAh<\/span><\/li>\n<li class=\"product-prop line-limit-length\"><span class=\"property-title\">Materiaali:\u00a0<\/span><span class=\"property-desc line-limit-length\">Muovi<\/span><\/li>\n<li class=\"product-prop line-limit-length\"><span class=\"property-title\">Yhteensopiva malli:\u00a0<\/span><span class=\"property-desc line-limit-length\">Paksu \u00f6ljy<\/span><\/li>\n<li class=\"product-prop line-limit-length\"><span class=\"property-title\">Mallinumero:\u00a0<\/span><span class=\"property-desc line-limit-length\">Pack Man kertak\u00e4ytt\u00f6inen vape-kyn\u00e4<\/span><\/li>\n<li class=\"product-prop line-limit-length\"><span class=\"property-title\">Usb-laturi:\u00a0<\/span><span class=\"property-desc line-limit-length\">Ja<\/span><\/li>\n<li class=\"product-prop line-limit-length\"><span class=\"property-title\">Firmware-p\u00e4ivitys:\u00a0<\/span><span class=\"property-desc line-limit-length\">Ei<\/span><\/li>\n<li class=\"product-prop line-limit-length\"><span class=\"property-title\">N\u00e4ytt\u00f6:\u00a0<\/span><span class=\"property-desc line-limit-length\">Ei<\/span><\/li>\n<li class=\"product-prop line-limit-length\"><span class=\"property-title\">Tyyppi:\u00a0<\/span><span class=\"property-desc line-limit-length\">kertak\u00e4ytt\u00f6inen<\/span><\/li>\n<li class=\"product-prop line-limit-length\"><span class=\"property-title\">Tavaramerkki:\u00a0<\/span><span class=\"property-desc line-limit-length\">SUB TWO<\/span><\/li>\n<li class=\"product-prop line-limit-length\"><span class=\"property-title\">Alkuper\u00e4:\u00a0<\/span><span class=\"property-desc line-limit-length\">FI (Alkuper\u00e4)<\/span><\/li>\n<li class=\"product-prop line-limit-length\"><span class=\"property-title\">paristokapasiteetti:\u00a0<\/span><span class=\"property-desc line-limit-length\">380 mAh<\/span><\/li>\n<li class=\"product-prop line-limit-length\"><span class=\"property-title\">Podin kapasiteetti:\u00a0<\/span><span class=\"property-desc line-limit-length\">2,0ml<\/span><\/li>\n<li class=\"product-prop line-limit-length\"><span class=\"property-title\">v\u00e4rit:\u00a0<\/span><span class=\"property-desc line-limit-length\">10 v\u00e4ri\u00e4 saatavilla<\/span><\/li>\n<li class=\"product-prop line-limit-length\"><span class=\"property-title\">k\u00e4ytt\u00f6\u00f6n:\u00a0<\/span><span class=\"property-desc line-limit-length\">paksu \u00f6ljy<\/span><\/li>\n<li class=\"product-prop line-limit-length\"><span class=\"property-title\">vastus:\u00a0<\/span><span class=\"property-desc line-limit-length\">1,2ohm<\/span><\/li>\n<\/ul>\n<\/div>\n<div class=\"detailmodule_html\">\n<div class=\"detail-desc-decorate-richtext\">\n<div>\n<div>\n<div style=\"text-align: center;\" align=\"center\"><span id=\"tl_1\" style=\"font-size: 20px;\">Pack Man Vape Penit E-savukkeen aloituspaketti 380mAh uudelleenladattava akku, keraaminen kela, tyhj\u00e4 2,0 ml patruuna, t\u00f6lkki podilla ja pakkauksella<\/span><\/div>\n<div><\/div>\n<div>\n<p style=\"font-family: ns-r; font-size: 12px; font-weight: 400; letter-spacing: normal; text-align: start; margin: 0px 0px 15px 0px; padding: 0px 0px 10px 0px; width: 960px; height: auto;\" align=\"start\"><img decoding=\"async\" loading=\"lazy\" style=\"font-family: ns-r; border: 0px; margin: 0px; padding: 0px;\" src=\"https:\/\/ae01.alicdn.com\/kf\/S4935272b4c7f47b49c26565fcf359b15c.jpg?width=750&amp;height=50&amp;hash=800\" \/><span style=\"font-family: ns-r;\"><strong><span id=\"tl_2\" style=\"font-size: 16px; font-family: ns-r;\"><br \/>\nAkku kapasiteetti<\/span><\/strong><\/span><span id=\"tl_3\" style=\"font-size: 16px; font-family: ns-r;\">: 380 mAh<\/span><span style=\"font-family: ns-r;\"><strong><span id=\"tl_4\" style=\"font-size: 16px; font-family: ns-r;\"><br \/>\nvastus<\/span><\/strong><\/span><span id=\"tl_5\" style=\"font-size: 16px; font-family: ns-r;\">: 1,2 Ohm<\/span><span style=\"font-family: ns-r;\"><strong><span id=\"tl_6\" style=\"font-size: 16px; font-family: ns-r;\"><br \/>\nLataustila<\/span><\/strong><\/span><span id=\"tl_7\" style=\"font-size: 16px; font-family: ns-r;\">: Ladattu<\/span><span style=\"font-family: ns-r;\"><strong><span id=\"tl_8\" style=\"font-size: 16px; font-family: ns-r;\"><br \/>\nPodin kapasiteetti<\/span><\/strong><\/span><span id=\"tl_9\" style=\"font-size: 16px; font-family: ns-r;\">: 2 ml<\/span><span style=\"font-family: ns-r;\"><strong><span id=\"tl_10\" style=\"font-size: 16px; font-family: ns-r;\"><br \/>\nV\u00e4rit<\/span><\/strong><\/span><span style=\"font-size: 16px; font-family: arial, helvetica, sans-serif;\">:<\/span><span style=\"font-size: 16px; font-family: arial, helvetica, sans-serif;\">\u00a0<\/span><span id=\"tl_11\" style=\"font-size: 16px; font-family: ns-r;\">Farben: 10 Farbe verf\u00fcgbar. Bitte sagen Sie mir, was Sie wollen, oder wir senden nach dem Zufalls prinzip<\/span><span style=\"font-family: ns-r;\"><strong><span id=\"tl_12\" style=\"font-size: 16px; font-family: ns-r;\"><br \/>\nPaketin sis\u00e4lt\u00f6<\/span><\/strong><\/span><span id=\"tl_13\" style=\"font-size: 16px; font-family: arial, helvetica, sans-serif;\">: Vape-kyn\u00e4t + pakkauskotelot<br \/>\nVape:ssa on logo<\/span><\/p>\n<p id=\"tl_14\" style=\"font-family: ns-r; font-size: 12px; font-weight: 400; letter-spacing: normal; text-align: start; margin: 0px 0px 15px 0px; padding: 0px 0px 10px 0px; width: 960px; height: auto;\" align=\"start\"><span style=\"font-size: 18px;\"><span style=\"font-family: ns-r;\"><strong>Pakkaus<\/strong><\/span><\/span> <span style=\"font-size: 18px;\"><br \/>\nJokainen pakkaus sis\u00e4lt\u00e4\u00e4 1 kappaleen pod-laitetta.<\/span> <img decoding=\"async\" loading=\"lazy\" style=\"font-family: ns-r; border: 0px; margin: 0px; padding: 0px;\" src=\"https:\/\/ae01.alicdn.com\/kf\/S8372d40dbee4428ea44dbd40a00937b9j.jpg?width=750&amp;height=50&amp;hash=800\" \/><br \/>\n(1). T\u00e4t\u00e4 kyn\u00e4\u00e4 ei toimiteta USB-kaapelin kanssa.<br \/>\n(2). magneettinen imukansi pakkaus<\/p>\n<p><img decoding=\"async\" loading=\"lazy\" src=\"https:\/\/ae01.alicdn.com\/kf\/Sf03b7b0b0a15405b96556710f4b296534.jpg?width=800&amp;height=800&amp;hash=1600\" \/><img decoding=\"async\" loading=\"lazy\" src=\"https:\/\/ae01.alicdn.com\/kf\/Sd5f32c3f79f54ba68a6bb2791d44955dq.jpg?width=800&amp;height=800&amp;hash=1600\" \/><img decoding=\"async\" loading=\"lazy\" src=\"https:\/\/ae01.alicdn.com\/kf\/Se63c54b5211c434f8fe772a21a0ed8a2f.jpg?width=800&amp;height=800&amp;hash=1600\" \/><img decoding=\"async\" loading=\"lazy\" src=\"https:\/\/ae01.alicdn.com\/kf\/S555eb69590084c35b913e7c9c230d454a.jpg?width=800&amp;height=800&amp;hash=1600\" \/><img decoding=\"async\" loading=\"lazy\" src=\"https:\/\/ae01.alicdn.com\/kf\/S8256a761f1224b41a01ef5f2dae2e07c5.jpg?width=800&amp;height=800&amp;hash=1600\" \/><img decoding=\"async\" loading=\"lazy\" src=\"https:\/\/ae01.alicdn.com\/kf\/S099a01a78bbd4735838c3fd802e8b39eL.jpg?width=800&amp;height=800&amp;hash=1600\" \/><img decoding=\"async\" loading=\"lazy\" src=\"https:\/\/ae01.alicdn.com\/kf\/S4b9577164c0144dda19a70f3328f8951l.jpg?width=800&amp;height=800&amp;hash=1600\" \/><img decoding=\"async\" loading=\"lazy\" src=\"https:\/\/ae01.alicdn.com\/kf\/Sca2b47d073a84016ba6fcffbb0dedb7bW.jpg?width=800&amp;height=800&amp;hash=1600\" \/><img decoding=\"async\" loading=\"lazy\" src=\"https:\/\/ae01.alicdn.com\/kf\/Sca2b47d073a84016ba6fcffbb0dedb7bW.jpg?width=800&amp;height=800&amp;hash=1600\" \/><img decoding=\"async\" loading=\"lazy\" src=\"https:\/\/ae01.alicdn.com\/kf\/S27f063a885cb4549b0da966289b164f3k.jpg?width=800&amp;height=800&amp;hash=1600\" \/><img decoding=\"async\" loading=\"lazy\" src=\"https:\/\/ae01.alicdn.com\/kf\/Se1eb02907d42495a8943ea29a9f571c6R.jpg?width=800&amp;height=800&amp;hash=1600\" \/><img decoding=\"async\" loading=\"lazy\" src=\"https:\/\/ae01.alicdn.com\/kf\/S7cc5c0f826fb4d0799af5e1cf3baf8617.jpg?width=800&amp;height=800&amp;hash=1600\" \/><img decoding=\"async\" loading=\"lazy\" src=\"https:\/\/ae01.alicdn.com\/kf\/S2959f3a95aa44784906706abd8b9d42b4.jpg?width=800&amp;height=800&amp;hash=1600\" \/><img decoding=\"async\" loading=\"lazy\" src=\"https:\/\/ae01.alicdn.com\/kf\/Sae8873eda0e3423d888ab24aed2eb1571.jpg?width=800&amp;height=800&amp;hash=1600\" \/><img decoding=\"async\" loading=\"lazy\" src=\"https:\/\/ae01.alicdn.com\/kf\/Sb008c085f2fa401699ab7b524747589eg.jpg?width=800&amp;height=800&amp;hash=1600\" \/><img decoding=\"async\" loading=\"lazy\" src=\"https:\/\/ae01.alicdn.com\/kf\/S1550bf6c13cf4bb890498449cf2f49e46.jpg?width=800&amp;height=800&amp;hash=1600\" \/><img decoding=\"async\" loading=\"lazy\" src=\"https:\/\/ae01.alicdn.com\/kf\/Sc452b64c09dd46c89251e6dc9d6006b5B.jpg?width=800&amp;height=800&amp;hash=1600\" \/><img decoding=\"async\" loading=\"lazy\" src=\"https:\/\/ae01.alicdn.com\/kf\/Sc5ba201868f542258ae614aa3f482220N.jpg?width=800&amp;height=800&amp;hash=1600\" \/><img decoding=\"async\" loading=\"lazy\" src=\"https:\/\/ae01.alicdn.com\/kf\/Sba0e51d1badb4cc8a17a580ffeb6c709R.jpg?width=800&amp;height=800&amp;hash=1600\" \/><img decoding=\"async\" loading=\"lazy\" src=\"https:\/\/ae01.alicdn.com\/kf\/Sf0ab10f3ec924f388079949cc650c6222.jpg?width=800&amp;height=800&amp;hash=1600\" \/><img decoding=\"async\" loading=\"lazy\" src=\"https:\/\/ae01.alicdn.com\/kf\/Sc8f2f2be29e94bfb8cc9d3a7ef2a48f0w.jpg?width=800&amp;height=800&amp;hash=1600\" \/><img decoding=\"async\" loading=\"lazy\" src=\"https:\/\/ae01.alicdn.com\/kf\/Sb7e810e2433b4a4ca1a6b1fb8cbd3a42j.jpg?width=800&amp;height=800&amp;hash=1600\" \/><\/p>\n<\/div>\n<\/div>\n<\/div>\n<\/div>\n<\/div>","protected":false},"excerpt":{"rendered":"<p>&nbsp; Aussehen:\u00a0Box Form Kompatibler Akku:\u00a018500 \u00dcberwachung Funktion Von Rauchen Anzahl:\u00a0Nein Silikon Fall:\u00a0Nein Temperaturregelung:\u00a0Nein Eingebaute Oder Externe Batterie:\u00a0Eingebaute Kurzschlussschutz Funktion:\u00a0Ja \u00dcberhitzungsschutz-funktion:\u00a0Nein Niederspannungsalarmfunktion:\u00a0Nein Zerst\u00e4uber Identifikation Funktion:\u00a0Nein TCR Einstellung Modi:\u00a0Nein Nominale Kapazit\u00e4t:\u00a0&lt;700 mAh Material:\u00a0Plastik Compatible Model:\u00a0Thick Oil Modellnummer:\u00a0Pack Man Disposable Vape Pen Usb-ladeger\u00e4t:\u00a0Ja Firmware-upgrade:\u00a0Nein Display:\u00a0Nein Art:\u00a0disposable Markenname:\u00a0SUB TWO Ursprung:\u00a0CN (Herkunft) battery capacity:\u00a0380mah Pod capacity:\u00a02.0ml colors:\u00a010 colors available use [&hellip;]<\/p>","protected":false},"featured_media":7426,"template":"","meta":{"inline_featured_image":false},"product_cat":[78,750,737,736,749,76],"product_tag":[],"tiered_pricing_type":"fixed","tiered_pricing_fixed_rules":[],"tiered_pricing_percentage_rules":[],"tiered_pricing_minimum":1,"_administrator_tiered_pricing_type":"fixed","_administrator_tiered_pricing_fixed_rules":[],"_editor_tiered_pricing_type":"fixed","_editor_tiered_pricing_fixed_rules":[],"_author_tiered_pricing_type":"fixed","_author_tiered_pricing_fixed_rules":[],"_contributor_tiered_pricing_type":"fixed","_contributor_tiered_pricing_fixed_rules":[],"_subscriber_tiered_pricing_type":"fixed","_subscriber_tiered_pricing_fixed_rules":[],"_customer_tiered_pricing_type":"fixed","_customer_tiered_pricing_fixed_rules":[],"_shop_manager_tiered_pricing_type":"fixed","_shop_manager_tiered_pricing_fixed_rules":[],"_wpseo_manager_tiered_pricing_type":"fixed","_wpseo_manager_tiered_pricing_fixed_rules":[],"_wpseo_editor_tiered_pricing_type":"fixed","_wpseo_editor_tiered_pricing_fixed_rules":[],"_wholesale_customer_tiered_pricing_type":"fixed","_wholesale_customer_tiered_pricing_fixed_rules":[],"_marketer_tiered_pricing_type":"fixed","_marketer_tiered_pricing_fixed_rules":[],"_sales_manager_tiered_pricing_type":"fixed","_sales_manager_tiered_pricing_fixed_rules":[],"_sales_rep_tiered_pricing_type":"fixed","_sales_rep_tiered_pricing_fixed_rules":[],"yoast_head":"<!-- This site is optimized with the Yoast SEO plugin v23.3 - https:\/\/yoast.com\/wordpress\/plugins\/seo\/ -->\n<title>Pack Man Vape Pen Starter-Set f\u00fcr E-Zigaretten | ElementVape.de<\/title>\n<meta name=\"description\" content=\"Wir bieten Pack Man Vape Pen Starter-Set f\u00fcr E-Zigaretten , Elementvape.de akzeptieren Gro\u00df-und Einzelhandel Bestellungen.\" \/>\n<meta name=\"robots\" content=\"index, follow, max-snippet:-1, max-image-preview:large, max-video-preview:-1\" \/>\n<link rel=\"canonical\" href=\"https:\/\/www.elementvape.de\/fi\/produkt\/pack-man-vape-pen-starter-set-fuer-e-zigaretten\/\" \/>\n<meta property=\"og:locale\" content=\"fi_FI\" \/>\n<meta property=\"og:type\" content=\"article\" \/>\n<meta property=\"og:title\" content=\"Pack Man Vape Pen Starter-Set f\u00fcr E-Zigaretten | ElementVape.de\" \/>\n<meta property=\"og:description\" content=\"Wir bieten Pack Man Vape Pen Starter-Set f\u00fcr E-Zigaretten , Elementvape.de akzeptieren Gro\u00df-und Einzelhandel Bestellungen.\" \/>\n<meta property=\"og:url\" content=\"https:\/\/www.elementvape.de\/fi\/produkt\/pack-man-vape-pen-starter-set-fuer-e-zigaretten\/\" \/>\n<meta property=\"og:site_name\" content=\"ElementVape.de\" \/>\n<meta property=\"article:modified_time\" content=\"2024-09-12T10:32:29+00:00\" \/>\n<meta property=\"og:image\" content=\"https:\/\/ae01.alicdn.com\/kf\/Sdff8caaf910d4477b7aa3b69a6c816eaA\/Pack-Man-Vape-Pen-E-Zigaretten-Starter-Kits-380mAh-wiederauf-ladbare-Batterie-Keramik-spule-leer-2.jpg\" \/>\n\t<meta property=\"og:image:width\" content=\"800\" \/>\n\t<meta property=\"og:image:height\" content=\"800\" \/>\n\t<meta property=\"og:image:type\" content=\"image\/jpeg\" \/>\n<meta name=\"twitter:card\" content=\"summary_large_image\" \/>\n<meta name=\"twitter:label1\" content=\"Est. reading time\" \/>\n\t<meta name=\"twitter:data1\" content=\"6 minuuttia\" \/>\n<script type=\"application\/ld+json\" class=\"yoast-schema-graph\">{\"@context\":\"https:\/\/schema.org\",\"@graph\":[{\"@type\":\"WebPage\",\"@id\":\"https:\/\/www.elementvape.de\/el\/produkt\/pack-man-vape-pen-starter-set-fuer-e-zigaretten\/\",\"url\":\"https:\/\/www.elementvape.de\/el\/produkt\/pack-man-vape-pen-starter-set-fuer-e-zigaretten\/\",\"name\":\"Pack Man Vape Pen Starter-Set f\u00fcr E-Zigaretten | ElementVape.de\",\"isPartOf\":{\"@id\":\"https:\/\/www.elementvape.de\/#website\"},\"primaryImageOfPage\":{\"@id\":\"https:\/\/www.elementvape.de\/el\/produkt\/pack-man-vape-pen-starter-set-fuer-e-zigaretten\/#primaryimage\"},\"image\":{\"@id\":\"https:\/\/www.elementvape.de\/el\/produkt\/pack-man-vape-pen-starter-set-fuer-e-zigaretten\/#primaryimage\"},\"thumbnailUrl\":\"https:\/\/ae01.alicdn.com\/kf\/Sdff8caaf910d4477b7aa3b69a6c816eaA\/Pack-Man-Vape-Pen-E-Zigaretten-Starter-Kits-380mAh-wiederauf-ladbare-Batterie-Keramik-spule-leer-2.jpg\",\"datePublished\":\"2024-04-20T06:47:18+00:00\",\"dateModified\":\"2024-09-12T10:32:29+00:00\",\"description\":\"Wir bieten Pack Man Vape Pen Starter-Set f\u00fcr E-Zigaretten , Elementvape.de akzeptieren Gro\u00df-und Einzelhandel Bestellungen.\",\"breadcrumb\":{\"@id\":\"https:\/\/www.elementvape.de\/el\/produkt\/pack-man-vape-pen-starter-set-fuer-e-zigaretten\/#breadcrumb\"},\"inLanguage\":\"fi\",\"potentialAction\":[{\"@type\":\"ReadAction\",\"target\":[\"https:\/\/www.elementvape.de\/el\/produkt\/pack-man-vape-pen-starter-set-fuer-e-zigaretten\/\"]}]},{\"@type\":\"ImageObject\",\"inLanguage\":\"fi\",\"@id\":\"https:\/\/www.elementvape.de\/el\/produkt\/pack-man-vape-pen-starter-set-fuer-e-zigaretten\/#primaryimage\",\"url\":\"https:\/\/ae01.alicdn.com\/kf\/Sdff8caaf910d4477b7aa3b69a6c816eaA\/Pack-Man-Vape-Pen-E-Zigaretten-Starter-Kits-380mAh-wiederauf-ladbare-Batterie-Keramik-spule-leer-2.jpg\",\"contentUrl\":\"https:\/\/ae01.alicdn.com\/kf\/Sdff8caaf910d4477b7aa3b69a6c816eaA\/Pack-Man-Vape-Pen-E-Zigaretten-Starter-Kits-380mAh-wiederauf-ladbare-Batterie-Keramik-spule-leer-2.jpg\",\"width\":800,\"height\":800},{\"@type\":\"BreadcrumbList\",\"@id\":\"https:\/\/www.elementvape.de\/el\/produkt\/pack-man-vape-pen-starter-set-fuer-e-zigaretten\/#breadcrumb\",\"itemListElement\":[{\"@type\":\"ListItem\",\"position\":1,\"name\":\"Home\",\"item\":\"https:\/\/www.elementvape.de\/\"},{\"@type\":\"ListItem\",\"position\":2,\"name\":\"Shop\",\"item\":\"https:\/\/www.elementvape.de\/shop\/\"},{\"@type\":\"ListItem\",\"position\":3,\"name\":\"Pack Man Vape Pen Starter-Set f\u00fcr E-Zigaretten\"}]},{\"@type\":\"WebSite\",\"@id\":\"https:\/\/www.elementvape.de\/#website\",\"url\":\"https:\/\/www.elementvape.de\/\",\"name\":\"ElementVape.de\",\"description\":\"\",\"publisher\":{\"@id\":\"https:\/\/www.elementvape.de\/#organization\"},\"potentialAction\":[{\"@type\":\"SearchAction\",\"target\":{\"@type\":\"EntryPoint\",\"urlTemplate\":\"https:\/\/www.elementvape.de\/?s={search_term_string}\"},\"query-input\":\"required name=search_term_string\"}],\"inLanguage\":\"fi\"},{\"@type\":\"Organization\",\"@id\":\"https:\/\/www.elementvape.de\/#organization\",\"name\":\"ElementVape.DE\",\"url\":\"https:\/\/www.elementvape.de\/\",\"logo\":{\"@type\":\"ImageObject\",\"inLanguage\":\"fi\",\"@id\":\"https:\/\/www.elementvape.de\/#\/schema\/logo\/image\/\",\"url\":\"https:\/\/www.elementvape.de\/wp-content\/uploads\/2024\/09\/cropped-1elementvape-3.png\",\"contentUrl\":\"https:\/\/www.elementvape.de\/wp-content\/uploads\/2024\/09\/cropped-1elementvape-3.png\",\"width\":285,\"height\":228,\"caption\":\"ElementVape.DE\"},\"image\":{\"@id\":\"https:\/\/www.elementvape.de\/#\/schema\/logo\/image\/\"}}]}<\/script>\n<!-- \/ Yoast SEO plugin. -->","yoast_head_json":{"title":"Pack Man Vape Pen Starter-Set f\u00fcr E-Zigaretten | ElementVape.de","description":"Wir bieten Pack Man Vape Pen Starter-Set f\u00fcr E-Zigaretten , Elementvape.de akzeptieren Gro\u00df-und Einzelhandel Bestellungen.","robots":{"index":"index","follow":"follow","max-snippet":"max-snippet:-1","max-image-preview":"max-image-preview:large","max-video-preview":"max-video-preview:-1"},"canonical":"https:\/\/www.elementvape.de\/fi\/produkt\/pack-man-vape-pen-starter-set-fuer-e-zigaretten\/","og_locale":"fi_FI","og_type":"article","og_title":"Pack Man Vape Pen Starter-Set f\u00fcr E-Zigaretten | ElementVape.de","og_description":"Wir bieten Pack Man Vape Pen Starter-Set f\u00fcr E-Zigaretten , Elementvape.de akzeptieren Gro\u00df-und Einzelhandel Bestellungen.","og_url":"https:\/\/www.elementvape.de\/fi\/produkt\/pack-man-vape-pen-starter-set-fuer-e-zigaretten\/","og_site_name":"ElementVape.de","article_modified_time":"2024-09-12T10:32:29+00:00","og_image":[{"width":800,"height":800,"url":"https:\/\/ae01.alicdn.com\/kf\/Sdff8caaf910d4477b7aa3b69a6c816eaA\/Pack-Man-Vape-Pen-E-Zigaretten-Starter-Kits-380mAh-wiederauf-ladbare-Batterie-Keramik-spule-leer-2.jpg","type":"image\/jpeg"}],"twitter_card":"summary_large_image","twitter_misc":{"Est. reading time":"6 minuuttia"},"schema":{"@context":"https:\/\/schema.org","@graph":[{"@type":"WebPage","@id":"https:\/\/www.elementvape.de\/el\/produkt\/pack-man-vape-pen-starter-set-fuer-e-zigaretten\/","url":"https:\/\/www.elementvape.de\/el\/produkt\/pack-man-vape-pen-starter-set-fuer-e-zigaretten\/","name":"Pack Man Vape Pen Starter-Set f\u00fcr E-Zigaretten | ElementVape.de","isPartOf":{"@id":"https:\/\/www.elementvape.de\/#website"},"primaryImageOfPage":{"@id":"https:\/\/www.elementvape.de\/el\/produkt\/pack-man-vape-pen-starter-set-fuer-e-zigaretten\/#primaryimage"},"image":{"@id":"https:\/\/www.elementvape.de\/el\/produkt\/pack-man-vape-pen-starter-set-fuer-e-zigaretten\/#primaryimage"},"thumbnailUrl":"https:\/\/ae01.alicdn.com\/kf\/Sdff8caaf910d4477b7aa3b69a6c816eaA\/Pack-Man-Vape-Pen-E-Zigaretten-Starter-Kits-380mAh-wiederauf-ladbare-Batterie-Keramik-spule-leer-2.jpg","datePublished":"2024-04-20T06:47:18+00:00","dateModified":"2024-09-12T10:32:29+00:00","description":"Wir bieten Pack Man Vape Pen Starter-Set f\u00fcr E-Zigaretten , Elementvape.de akzeptieren Gro\u00df-und Einzelhandel Bestellungen.","breadcrumb":{"@id":"https:\/\/www.elementvape.de\/el\/produkt\/pack-man-vape-pen-starter-set-fuer-e-zigaretten\/#breadcrumb"},"inLanguage":"fi","potentialAction":[{"@type":"ReadAction","target":["https:\/\/www.elementvape.de\/el\/produkt\/pack-man-vape-pen-starter-set-fuer-e-zigaretten\/"]}]},{"@type":"ImageObject","inLanguage":"fi","@id":"https:\/\/www.elementvape.de\/el\/produkt\/pack-man-vape-pen-starter-set-fuer-e-zigaretten\/#primaryimage","url":"https:\/\/ae01.alicdn.com\/kf\/Sdff8caaf910d4477b7aa3b69a6c816eaA\/Pack-Man-Vape-Pen-E-Zigaretten-Starter-Kits-380mAh-wiederauf-ladbare-Batterie-Keramik-spule-leer-2.jpg","contentUrl":"https:\/\/ae01.alicdn.com\/kf\/Sdff8caaf910d4477b7aa3b69a6c816eaA\/Pack-Man-Vape-Pen-E-Zigaretten-Starter-Kits-380mAh-wiederauf-ladbare-Batterie-Keramik-spule-leer-2.jpg","width":800,"height":800},{"@type":"BreadcrumbList","@id":"https:\/\/www.elementvape.de\/el\/produkt\/pack-man-vape-pen-starter-set-fuer-e-zigaretten\/#breadcrumb","itemListElement":[{"@type":"ListItem","position":1,"name":"Home","item":"https:\/\/www.elementvape.de\/"},{"@type":"ListItem","position":2,"name":"Shop","item":"https:\/\/www.elementvape.de\/shop\/"},{"@type":"ListItem","position":3,"name":"Pack Man Vape Pen Starter-Set f\u00fcr E-Zigaretten"}]},{"@type":"WebSite","@id":"https:\/\/www.elementvape.de\/#website","url":"https:\/\/www.elementvape.de\/","name":"ElementVape.de","description":"","publisher":{"@id":"https:\/\/www.elementvape.de\/#organization"},"potentialAction":[{"@type":"SearchAction","target":{"@type":"EntryPoint","urlTemplate":"https:\/\/www.elementvape.de\/?s={search_term_string}"},"query-input":"required name=search_term_string"}],"inLanguage":"fi"},{"@type":"Organization","@id":"https:\/\/www.elementvape.de\/#organization","name":"ElementVape.DE","url":"https:\/\/www.elementvape.de\/","logo":{"@type":"ImageObject","inLanguage":"fi","@id":"https:\/\/www.elementvape.de\/#\/schema\/logo\/image\/","url":"https:\/\/www.elementvape.de\/wp-content\/uploads\/2024\/09\/cropped-1elementvape-3.png","contentUrl":"https:\/\/www.elementvape.de\/wp-content\/uploads\/2024\/09\/cropped-1elementvape-3.png","width":285,"height":228,"caption":"ElementVape.DE"},"image":{"@id":"https:\/\/www.elementvape.de\/#\/schema\/logo\/image\/"}}]}},"_links":{"self":[{"href":"https:\/\/www.elementvape.de\/fi\/wp-json\/wp\/v2\/product\/7424"}],"collection":[{"href":"https:\/\/www.elementvape.de\/fi\/wp-json\/wp\/v2\/product"}],"about":[{"href":"https:\/\/www.elementvape.de\/fi\/wp-json\/wp\/v2\/types\/product"}],"wp:featuredmedia":[{"embeddable":true,"href":"https:\/\/www.elementvape.de\/fi\/wp-json\/wp\/v2\/media\/7426"}],"wp:attachment":[{"href":"https:\/\/www.elementvape.de\/fi\/wp-json\/wp\/v2\/media?parent=7424"}],"wp:term":[{"taxonomy":"product_cat","embeddable":true,"href":"https:\/\/www.elementvape.de\/fi\/wp-json\/wp\/v2\/product_cat?post=7424"},{"taxonomy":"product_tag","embeddable":true,"href":"https:\/\/www.elementvape.de\/fi\/wp-json\/wp\/v2\/product_tag?post=7424"}],"curies":[{"name":"wp","href":"https:\/\/api.w.org\/{rel}","templated":true}]}}