{"id":7332,"date":"2024-04-20T06:37:54","date_gmt":"2024-04-20T06:37:54","guid":{"rendered":"https:\/\/www.elementvape.de\/?post_type=product&#038;p=7332"},"modified":"2024-12-12T06:36:56","modified_gmt":"2024-12-12T06:36:56","slug":"runtz-runtz-packwoods-x-vape-pen-e-zigarettenkartusche-wiederaufladbarer-akku","status":"publish","type":"product","link":"https:\/\/www.elementvape.de\/fi\/produkt\/runtz-runtz-packwoods-x-vape-pen-e-zigarettenkartusche-wiederaufladbarer-akku\/","title":{"rendered":"Runtz Runtz Packwoods X Vape Pen S\u00e4hk\u00f6savukkeen kassi, uudelleenladattava akku"},"content":{"rendered":"<p>&nbsp;<\/p>\n<div class=\"product-specs-list-container\">\n<ul class=\"product-specs-list util-clearfix\">\n<li class=\"product-prop line-limit-length\"><span class=\"property-title\">Ulkon\u00e4k\u00f6:\u00a0<\/span><span class=\"property-desc line-limit-length\">Laatikkomuoto<\/span><\/li>\n<li class=\"product-prop line-limit-length\"><span class=\"property-title\">Yhteensopiva akku:\u00a0<\/span><span class=\"property-desc line-limit-length\">18500<\/span><\/li>\n<li class=\"product-prop line-limit-length\"><span class=\"property-title\">Tarkkailutoiminto tupakointim\u00e4\u00e4r\u00e4lle:\u00a0<\/span><span class=\"property-desc line-limit-length\">Ei<\/span><\/li>\n<li class=\"product-prop line-limit-length\"><span class=\"property-title\">Siliconkotelon tapauksessa\u00a0<\/span><span class=\"property-desc line-limit-length\">Ei<\/span><\/li>\n<li class=\"product-prop line-limit-length\"><span class=\"property-title\">L\u00e4mp\u00f6tilans\u00e4\u00e4t\u00f6:\u00a0<\/span><span class=\"property-desc line-limit-length\">Ei<\/span><\/li>\n<li class=\"product-prop line-limit-length\"><span class=\"property-title\">Sis\u00e4\u00e4nrakennettu tai ulkoinen akku:\u00a0<\/span><span class=\"property-desc line-limit-length\">Sis\u00e4\u00e4nrakennettu<\/span><\/li>\n<li class=\"product-prop line-limit-length\"><span class=\"property-title\">Oikosulkuvaimennustoiminto:\u00a0<\/span><span class=\"property-desc line-limit-length\">Ja<\/span><\/li>\n<li class=\"product-prop line-limit-length\"><span class=\"property-title\">Ylikuumenemissuoja-toiminto:\u00a0<\/span><span class=\"property-desc line-limit-length\">Ei<\/span><\/li>\n<li class=\"product-prop line-limit-length\"><span class=\"property-title\">Alhaisen j\u00e4nnitteen h\u00e4lytysominaisuus:\u00a0<\/span><span class=\"property-desc line-limit-length\">Ei<\/span><\/li>\n<li class=\"product-prop line-limit-length\"><span class=\"property-title\">Sumutin tunnistus toiminto:\u00a0<\/span><span class=\"property-desc line-limit-length\">Ei<\/span><\/li>\n<li class=\"product-prop line-limit-length\"><span class=\"property-title\">TCR-asetustila:\u00a0<\/span><span class=\"property-desc line-limit-length\">Ei<\/span><\/li>\n<li class=\"product-prop line-limit-length\"><span class=\"property-title\">Nominakapasiteetti:\u00a0<\/span><span class=\"property-desc line-limit-length\">&lt;700 mAh<\/span><\/li>\n<li class=\"product-prop line-limit-length\"><span class=\"property-title\">Materiaali:\u00a0<\/span><span class=\"property-desc line-limit-length\">Muovi<\/span><\/li>\n<li class=\"product-prop line-limit-length\"><span class=\"property-title\">Yhteensopiva malli:\u00a0<\/span><span class=\"property-desc line-limit-length\">paksu \u00f6ljy<\/span><\/li>\n<li class=\"product-prop line-limit-length\"><span class=\"property-title\">Mallinumero:\u00a0<\/span><span class=\"property-desc line-limit-length\">Runtz X Packwoods Vape Pod Kit<\/span><\/li>\n<li class=\"product-prop line-limit-length\"><span class=\"property-title\">Usb-laturi:\u00a0<\/span><span class=\"property-desc line-limit-length\">Ja<\/span><\/li>\n<li class=\"product-prop line-limit-length\"><span class=\"property-title\">Firmware-p\u00e4ivitys:\u00a0<\/span><span class=\"property-desc line-limit-length\">Ei<\/span><\/li>\n<li class=\"product-prop line-limit-length\"><span class=\"property-title\">N\u00e4ytt\u00f6:\u00a0<\/span><span class=\"property-desc line-limit-length\">Ei<\/span><\/li>\n<li class=\"product-prop line-limit-length\"><span class=\"property-title\">Tyyppi:\u00a0<\/span><span class=\"property-desc line-limit-length\">kertak\u00e4ytt\u00f6inen<\/span><\/li>\n<li class=\"product-prop line-limit-length\"><span class=\"property-title\">Tavaramerkki:\u00a0<\/span><span class=\"property-desc line-limit-length\">SUB TWO<\/span><\/li>\n<li class=\"product-prop line-limit-length\"><span class=\"property-title\">Alkuper\u00e4:\u00a0<\/span><span class=\"property-desc line-limit-length\">FI (Alkuper\u00e4)<\/span><\/li>\n<li class=\"product-prop line-limit-length\"><span class=\"property-title\">v\u00e4ri:\u00a0<\/span><span class=\"property-desc line-limit-length\">l\u00e4het\u00e4 sekoitettuna<\/span><\/li>\n<li class=\"product-prop line-limit-length\"><span class=\"property-title\">paristokapasiteetti:\u00a0<\/span><span class=\"property-desc line-limit-length\">380 mAh<\/span><\/li>\n<li class=\"product-prop line-limit-length\"><span class=\"property-title\">podin kapasiteetti:\u00a0<\/span><span class=\"property-desc line-limit-length\">1 ml<\/span><\/li>\n<li class=\"product-prop line-limit-length\"><span class=\"property-title\">k\u00e4ytt\u00f6\u00f6n:\u00a0<\/span><span class=\"property-desc line-limit-length\">paksu \u00f6ljy<\/span><\/li>\n<li class=\"product-prop line-limit-length\"><span class=\"property-title\">tyyppi A:\u00a0<\/span><span class=\"property-desc line-limit-length\">s\u00e4hk\u00f6tupakkasetit<\/span><\/li>\n<li class=\"product-prop line-limit-length\"><span class=\"property-title\">tyyppi B:\u00a0<\/span><span class=\"property-desc line-limit-length\">Vape kyn\u00e4 pod<\/span><\/li>\n<\/ul>\n<\/div>\n<div class=\"detailmodule_html\">\n<div class=\"detail-desc-decorate-richtext\">\n<div>\n<div style=\"margin: 10px auto 0px auto; max-width: 100%;\">\n<div style=\"text-align: center;\" align=\"center\"><\/div>\n<\/div>\n<div style=\"text-align: center;\" align=\"center\"><span id=\"tl_1\" style=\"font-size: 22px;\">Runtz x pack woods 1,0 ml e-savukkeen pod 380mAh akku Vape kyn\u00e4t pohjan USB-latauslaite uudelleenladattava laite Pods laatikko pakkaus<\/span><\/div>\n<div><\/div>\n<div><span style=\"font-size: 22px;\"><span id=\"tl_2\">Tuotetiedot;<\/span><\/span><\/p>\n<p><span style=\"font-size: 16px;\"><span id=\"tl_3\">Podin kapasiteetti: 1,0 ml<\/span><\/span><\/p>\n<p><span style=\"font-size: 16px;\"><span id=\"tl_4\">Akku kapasiteetti: 380mAh<\/span><\/span><\/p>\n<p><span style=\"font-size: 16px;\"><span id=\"tl_5\">K\u00e4ytt\u00f6\u00f6n: paksu \u00f6ljy<\/span><\/span><\/p>\n<p><span style=\"font-size: 16px;\"><span id=\"tl_6\">Paketti: laatikkopakkaus<\/span><\/span><\/p>\n<p><img decoding=\"async\" loading=\"lazy\" style=\"width: 800px;\" src=\"https:\/\/ae01.alicdn.com\/kf\/S4168d644200542ca8ce148aa6d038987I.jpg?width=800&amp;height=800&amp;hash=1600\" width=\"800px\" \/><br \/>\n<img decoding=\"async\" loading=\"lazy\" style=\"width: 800px;\" src=\"https:\/\/ae01.alicdn.com\/kf\/S9f7033d70e66402db8db23fd0d8052c9n.jpg?width=800&amp;height=800&amp;hash=1600\" width=\"800px\" \/><br \/>\n<img decoding=\"async\" loading=\"lazy\" style=\"width: 800px;\" src=\"https:\/\/ae01.alicdn.com\/kf\/S298dd66c3fed469384912b8d424f3a77i.jpg?width=800&amp;height=800&amp;hash=1600\" width=\"800px\" \/><br \/>\n<img decoding=\"async\" loading=\"lazy\" style=\"width: 800px;\" src=\"https:\/\/ae01.alicdn.com\/kf\/S5e522302be9e403cbbd2c5d48a6beb19C.jpg?width=800&amp;height=800&amp;hash=1600\" width=\"800px\" \/><br \/>\n<img decoding=\"async\" loading=\"lazy\" style=\"width: 800px;\" src=\"https:\/\/ae01.alicdn.com\/kf\/S69c20d7e596143f5adf53e07aaae9f9bD.jpg?width=800&amp;height=800&amp;hash=1600\" width=\"800px\" \/><br \/>\n<img decoding=\"async\" loading=\"lazy\" style=\"width: 800px;\" src=\"https:\/\/ae01.alicdn.com\/kf\/S98c98ad9c87f41f3813735d2146c7047B.jpg?width=800&amp;height=800&amp;hash=1600\" width=\"800px\" \/><br \/>\n<img decoding=\"async\" loading=\"lazy\" style=\"width: 800px;\" src=\"https:\/\/ae01.alicdn.com\/kf\/Sc27426fd52c94ff2ab10ea8c0173a058f.jpg?width=800&amp;height=800&amp;hash=1600\" width=\"800px\" \/><br \/>\n<img decoding=\"async\" loading=\"lazy\" style=\"width: 800px;\" src=\"https:\/\/ae01.alicdn.com\/kf\/S162c7526304248e09ce415338191610e7.jpg?width=800&amp;height=800&amp;hash=1600\" width=\"800px\" \/><\/p>\n<p><img decoding=\"async\" loading=\"lazy\" style=\"width: 800px;\" src=\"https:\/\/ae01.alicdn.com\/kf\/Sbab3c0107d104641b5f980fcad67034eU.jpg?width=800&amp;height=800&amp;hash=1600\" width=\"800px\" \/><br \/>\n<img decoding=\"async\" loading=\"lazy\" style=\"width: 800px;\" src=\"https:\/\/ae01.alicdn.com\/kf\/Sd0c0dcf12c534a1a9265dfb2f376e3a6B.jpg?width=800&amp;height=800&amp;hash=1600\" width=\"800px\" \/><br \/>\n<img decoding=\"async\" loading=\"lazy\" style=\"width: 800px;\" src=\"https:\/\/ae01.alicdn.com\/kf\/S23f26163e51541d0acb06fb1bb838a88l.jpg?width=800&amp;height=800&amp;hash=1600\" width=\"800px\" \/><\/p>\n<\/div>\n<div><\/div>\n<\/div>\n<div><\/div>\n<p>&nbsp;<\/p>\n<\/div>\n<\/div>","protected":false},"excerpt":{"rendered":"<p>&nbsp; Aussehen:\u00a0Box Form Kompatibler Akku:\u00a018500 \u00dcberwachung Funktion Von Rauchen Anzahl:\u00a0Nein Silikon Fall:\u00a0Nein Temperaturregelung:\u00a0Nein Eingebaute Oder Externe Batterie:\u00a0Eingebaute Kurzschlussschutz Funktion:\u00a0Ja \u00dcberhitzungsschutz-funktion:\u00a0Nein Niederspannungsalarmfunktion:\u00a0Nein Zerst\u00e4uber Identifikation Funktion:\u00a0Nein TCR Einstellung Modi:\u00a0Nein Nominale Kapazit\u00e4t:\u00a0&lt;700 mAh Material:\u00a0Plastik Compatible Model:\u00a0thich oil Modellnummer:\u00a0Runtz X Packwoods Vape Pod Kit Usb-ladeger\u00e4t:\u00a0Ja Firmware-upgrade:\u00a0Nein Display:\u00a0Nein Art:\u00a0disposable Markenname:\u00a0SUB TWO Ursprung:\u00a0CN (Herkunft) color:\u00a0send by mixed battery capacity:\u00a0380mah pod capacity:\u00a01ml [&hellip;]<\/p>","protected":false},"featured_media":7333,"template":"","meta":{"inline_featured_image":false},"product_cat":[78,750,737,736,749,76,81],"product_tag":[],"tiered_pricing_type":"fixed","tiered_pricing_fixed_rules":[],"tiered_pricing_percentage_rules":[],"tiered_pricing_minimum":1,"_administrator_tiered_pricing_type":"fixed","_administrator_tiered_pricing_fixed_rules":[],"_editor_tiered_pricing_type":"fixed","_editor_tiered_pricing_fixed_rules":[],"_author_tiered_pricing_type":"fixed","_author_tiered_pricing_fixed_rules":[],"_contributor_tiered_pricing_type":"fixed","_contributor_tiered_pricing_fixed_rules":[],"_subscriber_tiered_pricing_type":"fixed","_subscriber_tiered_pricing_fixed_rules":[],"_customer_tiered_pricing_type":"fixed","_customer_tiered_pricing_fixed_rules":[],"_shop_manager_tiered_pricing_type":"fixed","_shop_manager_tiered_pricing_fixed_rules":[],"_wpseo_manager_tiered_pricing_type":"fixed","_wpseo_manager_tiered_pricing_fixed_rules":[],"_wpseo_editor_tiered_pricing_type":"fixed","_wpseo_editor_tiered_pricing_fixed_rules":[],"_wholesale_customer_tiered_pricing_type":"fixed","_wholesale_customer_tiered_pricing_fixed_rules":[],"_marketer_tiered_pricing_type":"fixed","_marketer_tiered_pricing_fixed_rules":[],"_sales_manager_tiered_pricing_type":"fixed","_sales_manager_tiered_pricing_fixed_rules":[],"_sales_rep_tiered_pricing_type":"fixed","_sales_rep_tiered_pricing_fixed_rules":[],"yoast_head":"<!-- This site is optimized with the Yoast SEO plugin v23.3 - https:\/\/yoast.com\/wordpress\/plugins\/seo\/ -->\n<title>Runtz Runtz Packwoods X Vape Pen E-Zigarettenkartusche, wiederaufladbarer Akku | ElementVape.de<\/title>\n<meta name=\"description\" content=\"Wir bieten Runtz Runtz Packwoods X Vape Pen E-Zigarettenkartusche, wiederaufladbarer Akku , Elementvape.de akzeptieren Gro\u00df-und Einzelhandel Bestellungen.\" \/>\n<meta name=\"robots\" content=\"index, follow, max-snippet:-1, max-image-preview:large, max-video-preview:-1\" \/>\n<link rel=\"canonical\" href=\"https:\/\/www.elementvape.de\/fi\/produkt\/runtz-runtz-packwoods-x-vape-pen-e-zigarettenkartusche-wiederaufladbarer-akku\/\" \/>\n<meta property=\"og:locale\" content=\"fi_FI\" \/>\n<meta property=\"og:type\" content=\"article\" \/>\n<meta property=\"og:title\" content=\"Runtz Runtz Packwoods X Vape Pen E-Zigarettenkartusche, wiederaufladbarer Akku | ElementVape.de\" \/>\n<meta property=\"og:description\" content=\"Wir bieten Runtz Runtz Packwoods X Vape Pen E-Zigarettenkartusche, wiederaufladbarer Akku , Elementvape.de akzeptieren Gro\u00df-und Einzelhandel Bestellungen.\" \/>\n<meta property=\"og:url\" content=\"https:\/\/www.elementvape.de\/fi\/produkt\/runtz-runtz-packwoods-x-vape-pen-e-zigarettenkartusche-wiederaufladbarer-akku\/\" \/>\n<meta property=\"og:site_name\" content=\"ElementVape.de\" \/>\n<meta property=\"article:modified_time\" content=\"2024-12-12T06:36:56+00:00\" \/>\n<meta property=\"og:image\" content=\"https:\/\/ae01.alicdn.com\/kf\/S6ee4406ae17d426fb1aa675c9c3cc052S\/Runtz-runty-pack-woods-x-vape-pen-e-zigaretten-pod-1-0-ml-380mah-wiederauf-ladbarer.jpg\" \/>\n\t<meta property=\"og:image:width\" content=\"800\" \/>\n\t<meta property=\"og:image:height\" content=\"800\" \/>\n\t<meta property=\"og:image:type\" content=\"image\/jpeg\" \/>\n<meta name=\"twitter:card\" content=\"summary_large_image\" \/>\n<meta name=\"twitter:label1\" content=\"Est. reading time\" \/>\n\t<meta name=\"twitter:data1\" content=\"4 minuuttia\" \/>\n<script type=\"application\/ld+json\" class=\"yoast-schema-graph\">{\"@context\":\"https:\/\/schema.org\",\"@graph\":[{\"@type\":\"WebPage\",\"@id\":\"https:\/\/www.elementvape.de\/en\/produkt\/runtz-runtz-packwoods-x-vape-pen-e-zigarettenkartusche-wiederaufladbarer-akku\/\",\"url\":\"https:\/\/www.elementvape.de\/en\/produkt\/runtz-runtz-packwoods-x-vape-pen-e-zigarettenkartusche-wiederaufladbarer-akku\/\",\"name\":\"Runtz Runtz Packwoods X Vape Pen E-Zigarettenkartusche, wiederaufladbarer Akku | ElementVape.de\",\"isPartOf\":{\"@id\":\"https:\/\/www.elementvape.de\/#website\"},\"primaryImageOfPage\":{\"@id\":\"https:\/\/www.elementvape.de\/en\/produkt\/runtz-runtz-packwoods-x-vape-pen-e-zigarettenkartusche-wiederaufladbarer-akku\/#primaryimage\"},\"image\":{\"@id\":\"https:\/\/www.elementvape.de\/en\/produkt\/runtz-runtz-packwoods-x-vape-pen-e-zigarettenkartusche-wiederaufladbarer-akku\/#primaryimage\"},\"thumbnailUrl\":\"https:\/\/ae01.alicdn.com\/kf\/S6ee4406ae17d426fb1aa675c9c3cc052S\/Runtz-runty-pack-woods-x-vape-pen-e-zigaretten-pod-1-0-ml-380mah-wiederauf-ladbarer.jpg\",\"datePublished\":\"2024-04-20T06:37:54+00:00\",\"dateModified\":\"2024-12-12T06:36:56+00:00\",\"description\":\"Wir bieten Runtz Runtz Packwoods X Vape Pen E-Zigarettenkartusche, wiederaufladbarer Akku , Elementvape.de akzeptieren Gro\u00df-und Einzelhandel Bestellungen.\",\"breadcrumb\":{\"@id\":\"https:\/\/www.elementvape.de\/en\/produkt\/runtz-runtz-packwoods-x-vape-pen-e-zigarettenkartusche-wiederaufladbarer-akku\/#breadcrumb\"},\"inLanguage\":\"fi\",\"potentialAction\":[{\"@type\":\"ReadAction\",\"target\":[\"https:\/\/www.elementvape.de\/en\/produkt\/runtz-runtz-packwoods-x-vape-pen-e-zigarettenkartusche-wiederaufladbarer-akku\/\"]}]},{\"@type\":\"ImageObject\",\"inLanguage\":\"fi\",\"@id\":\"https:\/\/www.elementvape.de\/en\/produkt\/runtz-runtz-packwoods-x-vape-pen-e-zigarettenkartusche-wiederaufladbarer-akku\/#primaryimage\",\"url\":\"https:\/\/ae01.alicdn.com\/kf\/S6ee4406ae17d426fb1aa675c9c3cc052S\/Runtz-runty-pack-woods-x-vape-pen-e-zigaretten-pod-1-0-ml-380mah-wiederauf-ladbarer.jpg\",\"contentUrl\":\"https:\/\/ae01.alicdn.com\/kf\/S6ee4406ae17d426fb1aa675c9c3cc052S\/Runtz-runty-pack-woods-x-vape-pen-e-zigaretten-pod-1-0-ml-380mah-wiederauf-ladbarer.jpg\",\"width\":800,\"height\":800},{\"@type\":\"BreadcrumbList\",\"@id\":\"https:\/\/www.elementvape.de\/en\/produkt\/runtz-runtz-packwoods-x-vape-pen-e-zigarettenkartusche-wiederaufladbarer-akku\/#breadcrumb\",\"itemListElement\":[{\"@type\":\"ListItem\",\"position\":1,\"name\":\"Home\",\"item\":\"https:\/\/www.elementvape.de\/\"},{\"@type\":\"ListItem\",\"position\":2,\"name\":\"Shop\",\"item\":\"https:\/\/www.elementvape.de\/shop\/\"},{\"@type\":\"ListItem\",\"position\":3,\"name\":\"Runtz Runtz Packwoods X Vape Pen E-Zigarettenkartusche, wiederaufladbarer Akku\"}]},{\"@type\":\"WebSite\",\"@id\":\"https:\/\/www.elementvape.de\/#website\",\"url\":\"https:\/\/www.elementvape.de\/\",\"name\":\"ElementVape.de\",\"description\":\"\",\"publisher\":{\"@id\":\"https:\/\/www.elementvape.de\/#organization\"},\"potentialAction\":[{\"@type\":\"SearchAction\",\"target\":{\"@type\":\"EntryPoint\",\"urlTemplate\":\"https:\/\/www.elementvape.de\/?s={search_term_string}\"},\"query-input\":\"required name=search_term_string\"}],\"inLanguage\":\"fi\"},{\"@type\":\"Organization\",\"@id\":\"https:\/\/www.elementvape.de\/#organization\",\"name\":\"ElementVape.DE\",\"url\":\"https:\/\/www.elementvape.de\/\",\"logo\":{\"@type\":\"ImageObject\",\"inLanguage\":\"fi\",\"@id\":\"https:\/\/www.elementvape.de\/#\/schema\/logo\/image\/\",\"url\":\"https:\/\/www.elementvape.de\/wp-content\/uploads\/2024\/09\/cropped-1elementvape-3.png\",\"contentUrl\":\"https:\/\/www.elementvape.de\/wp-content\/uploads\/2024\/09\/cropped-1elementvape-3.png\",\"width\":285,\"height\":228,\"caption\":\"ElementVape.DE\"},\"image\":{\"@id\":\"https:\/\/www.elementvape.de\/#\/schema\/logo\/image\/\"}}]}<\/script>\n<!-- \/ Yoast SEO plugin. -->","yoast_head_json":{"title":"Runtz Runtz Packwoods X Vape Pen E-Zigarettenkartusche, wiederaufladbarer Akku | ElementVape.de","description":"Wir bieten Runtz Runtz Packwoods X Vape Pen E-Zigarettenkartusche, wiederaufladbarer Akku , Elementvape.de akzeptieren Gro\u00df-und Einzelhandel Bestellungen.","robots":{"index":"index","follow":"follow","max-snippet":"max-snippet:-1","max-image-preview":"max-image-preview:large","max-video-preview":"max-video-preview:-1"},"canonical":"https:\/\/www.elementvape.de\/fi\/produkt\/runtz-runtz-packwoods-x-vape-pen-e-zigarettenkartusche-wiederaufladbarer-akku\/","og_locale":"fi_FI","og_type":"article","og_title":"Runtz Runtz Packwoods X Vape Pen E-Zigarettenkartusche, wiederaufladbarer Akku | ElementVape.de","og_description":"Wir bieten Runtz Runtz Packwoods X Vape Pen E-Zigarettenkartusche, wiederaufladbarer Akku , Elementvape.de akzeptieren Gro\u00df-und Einzelhandel Bestellungen.","og_url":"https:\/\/www.elementvape.de\/fi\/produkt\/runtz-runtz-packwoods-x-vape-pen-e-zigarettenkartusche-wiederaufladbarer-akku\/","og_site_name":"ElementVape.de","article_modified_time":"2024-12-12T06:36:56+00:00","og_image":[{"width":800,"height":800,"url":"https:\/\/ae01.alicdn.com\/kf\/S6ee4406ae17d426fb1aa675c9c3cc052S\/Runtz-runty-pack-woods-x-vape-pen-e-zigaretten-pod-1-0-ml-380mah-wiederauf-ladbarer.jpg","type":"image\/jpeg"}],"twitter_card":"summary_large_image","twitter_misc":{"Est. reading time":"4 minuuttia"},"schema":{"@context":"https:\/\/schema.org","@graph":[{"@type":"WebPage","@id":"https:\/\/www.elementvape.de\/en\/produkt\/runtz-runtz-packwoods-x-vape-pen-e-zigarettenkartusche-wiederaufladbarer-akku\/","url":"https:\/\/www.elementvape.de\/en\/produkt\/runtz-runtz-packwoods-x-vape-pen-e-zigarettenkartusche-wiederaufladbarer-akku\/","name":"Runtz Runtz Packwoods X Vape Pen E-Zigarettenkartusche, wiederaufladbarer Akku | ElementVape.de","isPartOf":{"@id":"https:\/\/www.elementvape.de\/#website"},"primaryImageOfPage":{"@id":"https:\/\/www.elementvape.de\/en\/produkt\/runtz-runtz-packwoods-x-vape-pen-e-zigarettenkartusche-wiederaufladbarer-akku\/#primaryimage"},"image":{"@id":"https:\/\/www.elementvape.de\/en\/produkt\/runtz-runtz-packwoods-x-vape-pen-e-zigarettenkartusche-wiederaufladbarer-akku\/#primaryimage"},"thumbnailUrl":"https:\/\/ae01.alicdn.com\/kf\/S6ee4406ae17d426fb1aa675c9c3cc052S\/Runtz-runty-pack-woods-x-vape-pen-e-zigaretten-pod-1-0-ml-380mah-wiederauf-ladbarer.jpg","datePublished":"2024-04-20T06:37:54+00:00","dateModified":"2024-12-12T06:36:56+00:00","description":"Wir bieten Runtz Runtz Packwoods X Vape Pen E-Zigarettenkartusche, wiederaufladbarer Akku , Elementvape.de akzeptieren Gro\u00df-und Einzelhandel Bestellungen.","breadcrumb":{"@id":"https:\/\/www.elementvape.de\/en\/produkt\/runtz-runtz-packwoods-x-vape-pen-e-zigarettenkartusche-wiederaufladbarer-akku\/#breadcrumb"},"inLanguage":"fi","potentialAction":[{"@type":"ReadAction","target":["https:\/\/www.elementvape.de\/en\/produkt\/runtz-runtz-packwoods-x-vape-pen-e-zigarettenkartusche-wiederaufladbarer-akku\/"]}]},{"@type":"ImageObject","inLanguage":"fi","@id":"https:\/\/www.elementvape.de\/en\/produkt\/runtz-runtz-packwoods-x-vape-pen-e-zigarettenkartusche-wiederaufladbarer-akku\/#primaryimage","url":"https:\/\/ae01.alicdn.com\/kf\/S6ee4406ae17d426fb1aa675c9c3cc052S\/Runtz-runty-pack-woods-x-vape-pen-e-zigaretten-pod-1-0-ml-380mah-wiederauf-ladbarer.jpg","contentUrl":"https:\/\/ae01.alicdn.com\/kf\/S6ee4406ae17d426fb1aa675c9c3cc052S\/Runtz-runty-pack-woods-x-vape-pen-e-zigaretten-pod-1-0-ml-380mah-wiederauf-ladbarer.jpg","width":800,"height":800},{"@type":"BreadcrumbList","@id":"https:\/\/www.elementvape.de\/en\/produkt\/runtz-runtz-packwoods-x-vape-pen-e-zigarettenkartusche-wiederaufladbarer-akku\/#breadcrumb","itemListElement":[{"@type":"ListItem","position":1,"name":"Home","item":"https:\/\/www.elementvape.de\/"},{"@type":"ListItem","position":2,"name":"Shop","item":"https:\/\/www.elementvape.de\/shop\/"},{"@type":"ListItem","position":3,"name":"Runtz Runtz Packwoods X Vape Pen E-Zigarettenkartusche, wiederaufladbarer Akku"}]},{"@type":"WebSite","@id":"https:\/\/www.elementvape.de\/#website","url":"https:\/\/www.elementvape.de\/","name":"ElementVape.de","description":"","publisher":{"@id":"https:\/\/www.elementvape.de\/#organization"},"potentialAction":[{"@type":"SearchAction","target":{"@type":"EntryPoint","urlTemplate":"https:\/\/www.elementvape.de\/?s={search_term_string}"},"query-input":"required name=search_term_string"}],"inLanguage":"fi"},{"@type":"Organization","@id":"https:\/\/www.elementvape.de\/#organization","name":"ElementVape.DE","url":"https:\/\/www.elementvape.de\/","logo":{"@type":"ImageObject","inLanguage":"fi","@id":"https:\/\/www.elementvape.de\/#\/schema\/logo\/image\/","url":"https:\/\/www.elementvape.de\/wp-content\/uploads\/2024\/09\/cropped-1elementvape-3.png","contentUrl":"https:\/\/www.elementvape.de\/wp-content\/uploads\/2024\/09\/cropped-1elementvape-3.png","width":285,"height":228,"caption":"ElementVape.DE"},"image":{"@id":"https:\/\/www.elementvape.de\/#\/schema\/logo\/image\/"}}]}},"_links":{"self":[{"href":"https:\/\/www.elementvape.de\/fi\/wp-json\/wp\/v2\/product\/7332"}],"collection":[{"href":"https:\/\/www.elementvape.de\/fi\/wp-json\/wp\/v2\/product"}],"about":[{"href":"https:\/\/www.elementvape.de\/fi\/wp-json\/wp\/v2\/types\/product"}],"wp:featuredmedia":[{"embeddable":true,"href":"https:\/\/www.elementvape.de\/fi\/wp-json\/wp\/v2\/media\/7333"}],"wp:attachment":[{"href":"https:\/\/www.elementvape.de\/fi\/wp-json\/wp\/v2\/media?parent=7332"}],"wp:term":[{"taxonomy":"product_cat","embeddable":true,"href":"https:\/\/www.elementvape.de\/fi\/wp-json\/wp\/v2\/product_cat?post=7332"},{"taxonomy":"product_tag","embeddable":true,"href":"https:\/\/www.elementvape.de\/fi\/wp-json\/wp\/v2\/product_tag?post=7332"}],"curies":[{"name":"wp","href":"https:\/\/api.w.org\/{rel}","templated":true}]}}