{"id":7120,"date":"2024-04-20T06:24:09","date_gmt":"2024-04-20T06:24:09","guid":{"rendered":"https:\/\/www.elementvape.de\/?post_type=product&#038;p=7120"},"modified":"2024-12-12T06:37:12","modified_gmt":"2024-12-12T06:37:12","slug":"runtz-runty-x-litty-vape-pens-starter-kit-wiederauf-ladbare","status":"publish","type":"product","link":"https:\/\/www.elementvape.de\/fi\/produkt\/runtz-runty-x-litty-vape-pens-starter-kit-wiederauf-ladbare\/","title":{"rendered":"Runtz runty x litty vape kyn\u00e4t aloituspaketti uudelleenladattava"},"content":{"rendered":"<p>&nbsp;<\/p>\n<div class=\"product-specs-list-container\">\n<ul class=\"product-specs-list util-clearfix\">\n<li class=\"product-prop line-limit-length\"><span class=\"property-title\">Ulkon\u00e4k\u00f6:\u00a0<\/span><span class=\"property-desc line-limit-length\">Laatikkomuoto<\/span><\/li>\n<li class=\"product-prop line-limit-length\"><span class=\"property-title\">Yhteensopiva akku:\u00a0<\/span><span class=\"property-desc line-limit-length\">18350<\/span><\/li>\n<li class=\"product-prop line-limit-length\"><span class=\"property-title\">Tarkkailutoiminto tupakointim\u00e4\u00e4r\u00e4lle:\u00a0<\/span><span class=\"property-desc line-limit-length\">Ei<\/span><\/li>\n<li class=\"product-prop line-limit-length\"><span class=\"property-title\">Siliconkotelon tapauksessa\u00a0<\/span><span class=\"property-desc line-limit-length\">Ei<\/span><\/li>\n<li class=\"product-prop line-limit-length\"><span class=\"property-title\">L\u00e4mp\u00f6tilans\u00e4\u00e4t\u00f6:\u00a0<\/span><span class=\"property-desc line-limit-length\">Ei<\/span><\/li>\n<li class=\"product-prop line-limit-length\"><span class=\"property-title\">Sis\u00e4\u00e4nrakennettu tai ulkoinen akku:\u00a0<\/span><span class=\"property-desc line-limit-length\">Sis\u00e4\u00e4nrakennettu<\/span><\/li>\n<li class=\"product-prop line-limit-length\"><span class=\"property-title\">Oikosulkuvaimennustoiminto:\u00a0<\/span><span class=\"property-desc line-limit-length\">Ja<\/span><\/li>\n<li class=\"product-prop line-limit-length\"><span class=\"property-title\">Ylikuumenemissuoja-toiminto:\u00a0<\/span><span class=\"property-desc line-limit-length\">Ja<\/span><\/li>\n<li class=\"product-prop line-limit-length\"><span class=\"property-title\">Alhaisen j\u00e4nnitteen h\u00e4lytysominaisuus:\u00a0<\/span><span class=\"property-desc line-limit-length\">Ei<\/span><\/li>\n<li class=\"product-prop line-limit-length\"><span class=\"property-title\">Sumutin tunnistus toiminto:\u00a0<\/span><span class=\"property-desc line-limit-length\">Ei<\/span><\/li>\n<li class=\"product-prop line-limit-length\"><span class=\"property-title\">TCR-asetustila:\u00a0<\/span><span class=\"property-desc line-limit-length\">Ei<\/span><\/li>\n<li class=\"product-prop line-limit-length\"><span class=\"property-title\">Nominakapasiteetti:\u00a0<\/span><span class=\"property-desc line-limit-length\">&lt;700 mAh<\/span><\/li>\n<li class=\"product-prop line-limit-length\"><span class=\"property-title\">Materiaali:\u00a0<\/span><span class=\"property-desc line-limit-length\">Muovi<\/span><\/li>\n<li class=\"product-prop line-limit-length\"><span class=\"property-title\">Yhteensopiva malli:\u00a0<\/span><span class=\"property-desc line-limit-length\">Paksu \u00f6ljy<\/span><\/li>\n<li class=\"product-prop line-limit-length\"><span class=\"property-title\">Mallinumero:\u00a0<\/span><span class=\"property-desc line-limit-length\">Runtz Runty X Litty kertak\u00e4ytt\u00f6inen vape<\/span><\/li>\n<li class=\"product-prop line-limit-length\"><span class=\"property-title\">Usb-laturi:\u00a0<\/span><span class=\"property-desc line-limit-length\">Ja<\/span><\/li>\n<li class=\"product-prop line-limit-length\"><span class=\"property-title\">Firmware-p\u00e4ivitys:\u00a0<\/span><span class=\"property-desc line-limit-length\">Ei<\/span><\/li>\n<li class=\"product-prop line-limit-length\"><span class=\"property-title\">N\u00e4ytt\u00f6:\u00a0<\/span><span class=\"property-desc line-limit-length\">Ei<\/span><\/li>\n<li class=\"product-prop line-limit-length\"><span class=\"property-title\">Tyyppi:\u00a0<\/span><span class=\"property-desc line-limit-length\">kertak\u00e4ytt\u00f6inen<\/span><\/li>\n<li class=\"product-prop line-limit-length\"><span class=\"property-title\">Tavaramerkki:\u00a0<\/span><span class=\"property-desc line-limit-length\">SUB TWO<\/span><\/li>\n<li class=\"product-prop line-limit-length\"><span class=\"property-title\">Alkuper\u00e4:\u00a0<\/span><span class=\"property-desc line-limit-length\">FI (Alkuper\u00e4)<\/span><\/li>\n<li class=\"product-prop line-limit-length\"><span class=\"property-title\">Kapselin kapasiteetti:\u00a0<\/span><span class=\"property-desc line-limit-length\">1 ml<\/span><\/li>\n<li class=\"product-prop line-limit-length\"><span class=\"property-title\">Akku:\u00a0<\/span><span class=\"property-desc line-limit-length\">280 mAh<\/span><\/li>\n<li class=\"product-prop line-limit-length\"><span class=\"property-title\">Kela:\u00a0<\/span><span class=\"property-desc line-limit-length\">Keraaminen<\/span><\/li>\n<\/ul>\n<\/div>\n<div class=\"detailmodule_html\">\n<div class=\"detail-desc-decorate-richtext\">\n<div style=\"margin: 10px auto 0px auto; max-width: 100%;\">\n<div><\/div>\n<\/div>\n<div style=\"text-align: center;\" align=\"center\"><span id=\"tl_1\" style=\"font-size: 22px;\">Runtz runty x litty vape kyn\u00e4t aloituspakkaus uudelleenladattava 280mAh akku e-savukkeet tyhj\u00e4t 1ml paksuille \u00f6ljylaitteille kapselit<\/span><\/div>\n<div><span style=\"font-size: 18px;\"><span style=\"font-size: 18px;\">Artikkelin kuvaus<br \/>\nKapasiteetti 1. osat: 1,0 ml<br \/>\n2. Akku kapasiteetti: 280mAh<br \/>\n3. paketti: v\u00e4rit arvalla<\/span><\/span>Artikkelin n\u00e4ytt\u00f6<\/p>\n<p><img decoding=\"async\" loading=\"lazy\" src=\"https:\/\/ae01.alicdn.com\/kf\/S6454b59bb908405db9aa661fefb51ad7g.jpg?width=800&amp;height=800&amp;hash=1600\" \/><br \/>\n<img decoding=\"async\" loading=\"lazy\" src=\"https:\/\/ae01.alicdn.com\/kf\/S33f3f17f44e24a04a39c7d20fc288ba2i.jpg?width=800&amp;height=800&amp;hash=1600\" \/><br \/>\n<img decoding=\"async\" loading=\"lazy\" src=\"https:\/\/ae01.alicdn.com\/kf\/Se8b627ae032a436cae03b5c645590a85v.jpg?width=800&amp;height=800&amp;hash=1600\" \/><br \/>\n<img decoding=\"async\" loading=\"lazy\" src=\"https:\/\/ae01.alicdn.com\/kf\/S1170daac7f664bf78a79b6a6ab0225c9D.jpg?width=800&amp;height=800&amp;hash=1600\" \/><br \/>\n<img decoding=\"async\" loading=\"lazy\" src=\"https:\/\/ae01.alicdn.com\/kf\/S1385621642184dcda03a9755d377d87c8.jpg?width=800&amp;height=800&amp;hash=1600\" \/><br \/>\n<img decoding=\"async\" loading=\"lazy\" src=\"https:\/\/ae01.alicdn.com\/kf\/S4590bfcd3c85432f8f224285d81c901fO.jpg?width=800&amp;height=800&amp;hash=1600\" \/><br \/>\n<img decoding=\"async\" loading=\"lazy\" src=\"https:\/\/ae01.alicdn.com\/kf\/S897cd9c9c2514b7c8c1110bb215c705dz.jpg?width=800&amp;height=800&amp;hash=1600\" \/><br \/>\n<img decoding=\"async\" loading=\"lazy\" src=\"https:\/\/ae01.alicdn.com\/kf\/Sb61c8950e8d84c93ad8788ea4971d762b.jpg?width=800&amp;height=800&amp;hash=1600\" \/><br \/>\n<img decoding=\"async\" loading=\"lazy\" src=\"https:\/\/ae01.alicdn.com\/kf\/Sbe22b2a9c31b43a0b55e75e3a316564f5.jpg?width=800&amp;height=800&amp;hash=1600\" \/><\/div>\n<\/div>\n<\/div>","protected":false},"excerpt":{"rendered":"<p>&nbsp; Aussehen:\u00a0Box Form Kompatibler Akku:\u00a018350 \u00dcberwachung Funktion Von Rauchen Anzahl:\u00a0Nein Silikon Fall:\u00a0Nein Temperaturregelung:\u00a0Nein Eingebaute Oder Externe Batterie:\u00a0Eingebaute Kurzschlussschutz Funktion:\u00a0Ja \u00dcberhitzungsschutz-funktion:\u00a0Ja Niederspannungsalarmfunktion:\u00a0Nein Zerst\u00e4uber Identifikation Funktion:\u00a0Nein TCR Einstellung Modi:\u00a0Nein Nominale Kapazit\u00e4t:\u00a0&lt;700 mAh Material:\u00a0Plastik Compatible Model:\u00a0Thick oil Modellnummer:\u00a0Runtz Runty X Litty Disposable Vape Usb-ladeger\u00e4t:\u00a0Ja Firmware-upgrade:\u00a0Nein Display:\u00a0Nein Art:\u00a0disposable Markenname:\u00a0SUB TWO Ursprung:\u00a0CN (Herkunft) Pod Capacity:\u00a01ml Battery:\u00a0280mah Coil:\u00a0Ceramic Runtz runty x [&hellip;]<\/p>","protected":false},"featured_media":7121,"template":"","meta":{"inline_featured_image":false},"product_cat":[752,756,739,743,76,79,81],"product_tag":[],"tiered_pricing_type":"fixed","tiered_pricing_fixed_rules":[],"tiered_pricing_percentage_rules":[],"tiered_pricing_minimum":1,"_administrator_tiered_pricing_type":"fixed","_administrator_tiered_pricing_fixed_rules":[],"_editor_tiered_pricing_type":"fixed","_editor_tiered_pricing_fixed_rules":[],"_author_tiered_pricing_type":"fixed","_author_tiered_pricing_fixed_rules":[],"_contributor_tiered_pricing_type":"fixed","_contributor_tiered_pricing_fixed_rules":[],"_subscriber_tiered_pricing_type":"fixed","_subscriber_tiered_pricing_fixed_rules":[],"_customer_tiered_pricing_type":"fixed","_customer_tiered_pricing_fixed_rules":[],"_shop_manager_tiered_pricing_type":"fixed","_shop_manager_tiered_pricing_fixed_rules":[],"_wpseo_manager_tiered_pricing_type":"fixed","_wpseo_manager_tiered_pricing_fixed_rules":[],"_wpseo_editor_tiered_pricing_type":"fixed","_wpseo_editor_tiered_pricing_fixed_rules":[],"_wholesale_customer_tiered_pricing_type":"fixed","_wholesale_customer_tiered_pricing_fixed_rules":[],"_marketer_tiered_pricing_type":"fixed","_marketer_tiered_pricing_fixed_rules":[],"_sales_manager_tiered_pricing_type":"fixed","_sales_manager_tiered_pricing_fixed_rules":[],"_sales_rep_tiered_pricing_type":"fixed","_sales_rep_tiered_pricing_fixed_rules":[],"yoast_head":"<!-- This site is optimized with the Yoast SEO plugin v23.3 - https:\/\/yoast.com\/wordpress\/plugins\/seo\/ -->\n<title>Runtz runty x litty vape pens starter kit wiederauf ladbare | ElementVape.de<\/title>\n<meta name=\"description\" content=\"Wir bieten Runtz runty x litty vape pens starter kit wiederauf ladbare , Elementvape.de akzeptieren Gro\u00df-und Einzelhandel Bestellungen.\" \/>\n<meta name=\"robots\" content=\"index, follow, max-snippet:-1, max-image-preview:large, max-video-preview:-1\" \/>\n<link rel=\"canonical\" href=\"https:\/\/www.elementvape.de\/fi\/produkt\/runtz-runty-x-litty-vape-pens-starter-kit-wiederauf-ladbare\/\" \/>\n<meta property=\"og:locale\" content=\"fi_FI\" \/>\n<meta property=\"og:type\" content=\"article\" \/>\n<meta property=\"og:title\" content=\"Runtz runty x litty vape pens starter kit wiederauf ladbare | ElementVape.de\" \/>\n<meta property=\"og:description\" content=\"Wir bieten Runtz runty x litty vape pens starter kit wiederauf ladbare , Elementvape.de akzeptieren Gro\u00df-und Einzelhandel Bestellungen.\" \/>\n<meta property=\"og:url\" content=\"https:\/\/www.elementvape.de\/fi\/produkt\/runtz-runty-x-litty-vape-pens-starter-kit-wiederauf-ladbare\/\" \/>\n<meta property=\"og:site_name\" content=\"ElementVape.de\" \/>\n<meta property=\"article:modified_time\" content=\"2024-12-12T06:37:12+00:00\" \/>\n<meta property=\"og:image\" content=\"https:\/\/ae01.alicdn.com\/kf\/S9efd10326af24ed1a37f8f6366905e14C\/Runtz-runty-x-litty-vape-pens-starter-kit-wiederauf-ladbare-280mah-batterie-e-zigaretten-leere-kapseln.jpg\" \/>\n\t<meta property=\"og:image:width\" content=\"800\" \/>\n\t<meta property=\"og:image:height\" content=\"800\" \/>\n\t<meta property=\"og:image:type\" content=\"image\/jpeg\" \/>\n<meta name=\"twitter:card\" content=\"summary_large_image\" \/>\n<meta name=\"twitter:label1\" content=\"Est. reading time\" \/>\n\t<meta name=\"twitter:data1\" content=\"3 minuuttia\" \/>\n<script type=\"application\/ld+json\" class=\"yoast-schema-graph\">{\"@context\":\"https:\/\/schema.org\",\"@graph\":[{\"@type\":\"WebPage\",\"@id\":\"https:\/\/www.elementvape.de\/produkt\/runtz-runty-x-litty-vape-pens-starter-kit-wiederauf-ladbare\/\",\"url\":\"https:\/\/www.elementvape.de\/produkt\/runtz-runty-x-litty-vape-pens-starter-kit-wiederauf-ladbare\/\",\"name\":\"Runtz runty x litty vape pens starter kit wiederauf ladbare | ElementVape.de\",\"isPartOf\":{\"@id\":\"https:\/\/www.elementvape.de\/#website\"},\"primaryImageOfPage\":{\"@id\":\"https:\/\/www.elementvape.de\/produkt\/runtz-runty-x-litty-vape-pens-starter-kit-wiederauf-ladbare\/#primaryimage\"},\"image\":{\"@id\":\"https:\/\/www.elementvape.de\/produkt\/runtz-runty-x-litty-vape-pens-starter-kit-wiederauf-ladbare\/#primaryimage\"},\"thumbnailUrl\":\"https:\/\/ae01.alicdn.com\/kf\/S9efd10326af24ed1a37f8f6366905e14C\/Runtz-runty-x-litty-vape-pens-starter-kit-wiederauf-ladbare-280mah-batterie-e-zigaretten-leere-kapseln.jpg\",\"datePublished\":\"2024-04-20T06:24:09+00:00\",\"dateModified\":\"2024-12-12T06:37:12+00:00\",\"description\":\"Wir bieten Runtz runty x litty vape pens starter kit wiederauf ladbare , Elementvape.de akzeptieren Gro\u00df-und Einzelhandel Bestellungen.\",\"breadcrumb\":{\"@id\":\"https:\/\/www.elementvape.de\/produkt\/runtz-runty-x-litty-vape-pens-starter-kit-wiederauf-ladbare\/#breadcrumb\"},\"inLanguage\":\"fi\",\"potentialAction\":[{\"@type\":\"ReadAction\",\"target\":[\"https:\/\/www.elementvape.de\/produkt\/runtz-runty-x-litty-vape-pens-starter-kit-wiederauf-ladbare\/\"]}]},{\"@type\":\"ImageObject\",\"inLanguage\":\"fi\",\"@id\":\"https:\/\/www.elementvape.de\/produkt\/runtz-runty-x-litty-vape-pens-starter-kit-wiederauf-ladbare\/#primaryimage\",\"url\":\"https:\/\/ae01.alicdn.com\/kf\/S9efd10326af24ed1a37f8f6366905e14C\/Runtz-runty-x-litty-vape-pens-starter-kit-wiederauf-ladbare-280mah-batterie-e-zigaretten-leere-kapseln.jpg\",\"contentUrl\":\"https:\/\/ae01.alicdn.com\/kf\/S9efd10326af24ed1a37f8f6366905e14C\/Runtz-runty-x-litty-vape-pens-starter-kit-wiederauf-ladbare-280mah-batterie-e-zigaretten-leere-kapseln.jpg\",\"width\":800,\"height\":800},{\"@type\":\"BreadcrumbList\",\"@id\":\"https:\/\/www.elementvape.de\/produkt\/runtz-runty-x-litty-vape-pens-starter-kit-wiederauf-ladbare\/#breadcrumb\",\"itemListElement\":[{\"@type\":\"ListItem\",\"position\":1,\"name\":\"Home\",\"item\":\"https:\/\/www.elementvape.de\/\"},{\"@type\":\"ListItem\",\"position\":2,\"name\":\"Shop\",\"item\":\"https:\/\/www.elementvape.de\/shop\/\"},{\"@type\":\"ListItem\",\"position\":3,\"name\":\"Runtz runty x litty vape pens starter kit wiederauf ladbare\"}]},{\"@type\":\"WebSite\",\"@id\":\"https:\/\/www.elementvape.de\/#website\",\"url\":\"https:\/\/www.elementvape.de\/\",\"name\":\"ElementVape.de\",\"description\":\"\",\"publisher\":{\"@id\":\"https:\/\/www.elementvape.de\/#organization\"},\"potentialAction\":[{\"@type\":\"SearchAction\",\"target\":{\"@type\":\"EntryPoint\",\"urlTemplate\":\"https:\/\/www.elementvape.de\/?s={search_term_string}\"},\"query-input\":\"required name=search_term_string\"}],\"inLanguage\":\"fi\"},{\"@type\":\"Organization\",\"@id\":\"https:\/\/www.elementvape.de\/#organization\",\"name\":\"ElementVape.DE\",\"url\":\"https:\/\/www.elementvape.de\/\",\"logo\":{\"@type\":\"ImageObject\",\"inLanguage\":\"fi\",\"@id\":\"https:\/\/www.elementvape.de\/#\/schema\/logo\/image\/\",\"url\":\"https:\/\/www.elementvape.de\/wp-content\/uploads\/2024\/09\/cropped-1elementvape-3.png\",\"contentUrl\":\"https:\/\/www.elementvape.de\/wp-content\/uploads\/2024\/09\/cropped-1elementvape-3.png\",\"width\":285,\"height\":228,\"caption\":\"ElementVape.DE\"},\"image\":{\"@id\":\"https:\/\/www.elementvape.de\/#\/schema\/logo\/image\/\"}}]}<\/script>\n<!-- \/ Yoast SEO plugin. -->","yoast_head_json":{"title":"Runtz runty x litty vape pens starter kit wiederauf ladbare | ElementVape.de","description":"Wir bieten Runtz runty x litty vape pens starter kit wiederauf ladbare , Elementvape.de akzeptieren Gro\u00df-und Einzelhandel Bestellungen.","robots":{"index":"index","follow":"follow","max-snippet":"max-snippet:-1","max-image-preview":"max-image-preview:large","max-video-preview":"max-video-preview:-1"},"canonical":"https:\/\/www.elementvape.de\/fi\/produkt\/runtz-runty-x-litty-vape-pens-starter-kit-wiederauf-ladbare\/","og_locale":"fi_FI","og_type":"article","og_title":"Runtz runty x litty vape pens starter kit wiederauf ladbare | ElementVape.de","og_description":"Wir bieten Runtz runty x litty vape pens starter kit wiederauf ladbare , Elementvape.de akzeptieren Gro\u00df-und Einzelhandel Bestellungen.","og_url":"https:\/\/www.elementvape.de\/fi\/produkt\/runtz-runty-x-litty-vape-pens-starter-kit-wiederauf-ladbare\/","og_site_name":"ElementVape.de","article_modified_time":"2024-12-12T06:37:12+00:00","og_image":[{"width":800,"height":800,"url":"https:\/\/ae01.alicdn.com\/kf\/S9efd10326af24ed1a37f8f6366905e14C\/Runtz-runty-x-litty-vape-pens-starter-kit-wiederauf-ladbare-280mah-batterie-e-zigaretten-leere-kapseln.jpg","type":"image\/jpeg"}],"twitter_card":"summary_large_image","twitter_misc":{"Est. reading time":"3 minuuttia"},"schema":{"@context":"https:\/\/schema.org","@graph":[{"@type":"WebPage","@id":"https:\/\/www.elementvape.de\/produkt\/runtz-runty-x-litty-vape-pens-starter-kit-wiederauf-ladbare\/","url":"https:\/\/www.elementvape.de\/produkt\/runtz-runty-x-litty-vape-pens-starter-kit-wiederauf-ladbare\/","name":"Runtz runty x litty vape pens starter kit wiederauf ladbare | ElementVape.de","isPartOf":{"@id":"https:\/\/www.elementvape.de\/#website"},"primaryImageOfPage":{"@id":"https:\/\/www.elementvape.de\/produkt\/runtz-runty-x-litty-vape-pens-starter-kit-wiederauf-ladbare\/#primaryimage"},"image":{"@id":"https:\/\/www.elementvape.de\/produkt\/runtz-runty-x-litty-vape-pens-starter-kit-wiederauf-ladbare\/#primaryimage"},"thumbnailUrl":"https:\/\/ae01.alicdn.com\/kf\/S9efd10326af24ed1a37f8f6366905e14C\/Runtz-runty-x-litty-vape-pens-starter-kit-wiederauf-ladbare-280mah-batterie-e-zigaretten-leere-kapseln.jpg","datePublished":"2024-04-20T06:24:09+00:00","dateModified":"2024-12-12T06:37:12+00:00","description":"Wir bieten Runtz runty x litty vape pens starter kit wiederauf ladbare , Elementvape.de akzeptieren Gro\u00df-und Einzelhandel Bestellungen.","breadcrumb":{"@id":"https:\/\/www.elementvape.de\/produkt\/runtz-runty-x-litty-vape-pens-starter-kit-wiederauf-ladbare\/#breadcrumb"},"inLanguage":"fi","potentialAction":[{"@type":"ReadAction","target":["https:\/\/www.elementvape.de\/produkt\/runtz-runty-x-litty-vape-pens-starter-kit-wiederauf-ladbare\/"]}]},{"@type":"ImageObject","inLanguage":"fi","@id":"https:\/\/www.elementvape.de\/produkt\/runtz-runty-x-litty-vape-pens-starter-kit-wiederauf-ladbare\/#primaryimage","url":"https:\/\/ae01.alicdn.com\/kf\/S9efd10326af24ed1a37f8f6366905e14C\/Runtz-runty-x-litty-vape-pens-starter-kit-wiederauf-ladbare-280mah-batterie-e-zigaretten-leere-kapseln.jpg","contentUrl":"https:\/\/ae01.alicdn.com\/kf\/S9efd10326af24ed1a37f8f6366905e14C\/Runtz-runty-x-litty-vape-pens-starter-kit-wiederauf-ladbare-280mah-batterie-e-zigaretten-leere-kapseln.jpg","width":800,"height":800},{"@type":"BreadcrumbList","@id":"https:\/\/www.elementvape.de\/produkt\/runtz-runty-x-litty-vape-pens-starter-kit-wiederauf-ladbare\/#breadcrumb","itemListElement":[{"@type":"ListItem","position":1,"name":"Home","item":"https:\/\/www.elementvape.de\/"},{"@type":"ListItem","position":2,"name":"Shop","item":"https:\/\/www.elementvape.de\/shop\/"},{"@type":"ListItem","position":3,"name":"Runtz runty x litty vape pens starter kit wiederauf ladbare"}]},{"@type":"WebSite","@id":"https:\/\/www.elementvape.de\/#website","url":"https:\/\/www.elementvape.de\/","name":"ElementVape.de","description":"","publisher":{"@id":"https:\/\/www.elementvape.de\/#organization"},"potentialAction":[{"@type":"SearchAction","target":{"@type":"EntryPoint","urlTemplate":"https:\/\/www.elementvape.de\/?s={search_term_string}"},"query-input":"required name=search_term_string"}],"inLanguage":"fi"},{"@type":"Organization","@id":"https:\/\/www.elementvape.de\/#organization","name":"ElementVape.DE","url":"https:\/\/www.elementvape.de\/","logo":{"@type":"ImageObject","inLanguage":"fi","@id":"https:\/\/www.elementvape.de\/#\/schema\/logo\/image\/","url":"https:\/\/www.elementvape.de\/wp-content\/uploads\/2024\/09\/cropped-1elementvape-3.png","contentUrl":"https:\/\/www.elementvape.de\/wp-content\/uploads\/2024\/09\/cropped-1elementvape-3.png","width":285,"height":228,"caption":"ElementVape.DE"},"image":{"@id":"https:\/\/www.elementvape.de\/#\/schema\/logo\/image\/"}}]}},"_links":{"self":[{"href":"https:\/\/www.elementvape.de\/fi\/wp-json\/wp\/v2\/product\/7120"}],"collection":[{"href":"https:\/\/www.elementvape.de\/fi\/wp-json\/wp\/v2\/product"}],"about":[{"href":"https:\/\/www.elementvape.de\/fi\/wp-json\/wp\/v2\/types\/product"}],"wp:featuredmedia":[{"embeddable":true,"href":"https:\/\/www.elementvape.de\/fi\/wp-json\/wp\/v2\/media\/7121"}],"wp:attachment":[{"href":"https:\/\/www.elementvape.de\/fi\/wp-json\/wp\/v2\/media?parent=7120"}],"wp:term":[{"taxonomy":"product_cat","embeddable":true,"href":"https:\/\/www.elementvape.de\/fi\/wp-json\/wp\/v2\/product_cat?post=7120"},{"taxonomy":"product_tag","embeddable":true,"href":"https:\/\/www.elementvape.de\/fi\/wp-json\/wp\/v2\/product_tag?post=7120"}],"curies":[{"name":"wp","href":"https:\/\/api.w.org\/{rel}","templated":true}]}}