{"id":7048,"date":"2024-04-20T06:15:12","date_gmt":"2024-04-20T06:15:12","guid":{"rendered":"https:\/\/www.elementvape.de\/?post_type=product&#038;p=7048"},"modified":"2024-12-12T06:37:18","modified_gmt":"2024-12-12T06:37:18","slug":"kingtons-blk-kuss-kit-e-zigarette-kraeuter-vape-stift","status":"publish","type":"product","link":"https:\/\/www.elementvape.de\/fi\/produkt\/kingtons-blk-kuss-kit-e-zigarette-kraeuter-vape-stift\/","title":{"rendered":"Kingtons BLK Kuss Kit S\u00e4hk\u00f6savuke yrttivape kyn\u00e4"},"content":{"rendered":"<p>&nbsp;<\/p>\n<div class=\"product-specs-list-container\">\n<ul class=\"product-specs-list util-clearfix\">\n<li class=\"product-prop line-limit-length\"><span class=\"property-title\">Ulkon\u00e4k\u00f6:\u00a0<\/span><span class=\"property-desc line-limit-length\">Putkimainen muoto<\/span><\/li>\n<li class=\"product-prop line-limit-length\"><span class=\"property-title\">Yhteensopiva akku:\u00a0<\/span><span class=\"property-desc line-limit-length\">Ei<\/span><\/li>\n<li class=\"product-prop line-limit-length\"><span class=\"property-title\">Tarkkailutoiminto tupakointim\u00e4\u00e4r\u00e4lle:\u00a0<\/span><span class=\"property-desc line-limit-length\">Ei<\/span><\/li>\n<li class=\"product-prop line-limit-length\"><span class=\"property-title\">Siliconkotelon tapauksessa\u00a0<\/span><span class=\"property-desc line-limit-length\">Ei<\/span><\/li>\n<li class=\"product-prop line-limit-length\"><span class=\"property-title\">L\u00e4mp\u00f6tilans\u00e4\u00e4t\u00f6:\u00a0<\/span><span class=\"property-desc line-limit-length\">Ja<\/span><\/li>\n<li class=\"product-prop line-limit-length\"><span class=\"property-title\">Sis\u00e4\u00e4nrakennettu tai ulkoinen akku:\u00a0<\/span><span class=\"property-desc line-limit-length\">Sis\u00e4\u00e4nrakennettu<\/span><\/li>\n<li class=\"product-prop line-limit-length\"><span class=\"property-title\">Oikosulkuvaimennustoiminto:\u00a0<\/span><span class=\"property-desc line-limit-length\">Ja<\/span><\/li>\n<li class=\"product-prop line-limit-length\"><span class=\"property-title\">Ylikuumenemissuoja-toiminto:\u00a0<\/span><span class=\"property-desc line-limit-length\">Ja<\/span><\/li>\n<li class=\"product-prop line-limit-length\"><span class=\"property-title\">Alhaisen j\u00e4nnitteen h\u00e4lytysominaisuus:\u00a0<\/span><span class=\"property-desc line-limit-length\">Ja<\/span><\/li>\n<li class=\"product-prop line-limit-length\"><span class=\"property-title\">Sumutin tunnistus toiminto:\u00a0<\/span><span class=\"property-desc line-limit-length\">Ja<\/span><\/li>\n<li class=\"product-prop line-limit-length\"><span class=\"property-title\">TCR-asetustila:\u00a0<\/span><span class=\"property-desc line-limit-length\">Ei<\/span><\/li>\n<li class=\"product-prop line-limit-length\"><span class=\"property-title\">Nominakapasiteetti:\u00a0<\/span><span class=\"property-desc line-limit-length\">Ei<\/span><\/li>\n<li class=\"product-prop line-limit-length\"><span class=\"property-title\">Materiaali:\u00a0<\/span><span class=\"property-desc line-limit-length\">Metalli<\/span><\/li>\n<li class=\"product-prop line-limit-length\"><span class=\"property-title\">Yhteensopiva malli:\u00a0<\/span><span class=\"property-desc line-limit-length\">Kuiva yrttivape<\/span><\/li>\n<li class=\"product-prop line-limit-length\"><span class=\"property-title\">Mallinumero:\u00a0<\/span><span class=\"property-desc line-limit-length\">Kingtons BLK Kiss Kit<\/span><\/li>\n<li class=\"product-prop line-limit-length\"><span class=\"property-title\">Usb-laturi:\u00a0<\/span><span class=\"property-desc line-limit-length\">Ja<\/span><\/li>\n<li class=\"product-prop line-limit-length\"><span class=\"property-title\">Firmware-p\u00e4ivitys:\u00a0<\/span><span class=\"property-desc line-limit-length\">Ja<\/span><\/li>\n<li class=\"product-prop line-limit-length\"><span class=\"property-title\">N\u00e4ytt\u00f6:\u00a0<\/span><span class=\"property-desc line-limit-length\">Ja<\/span><\/li>\n<li class=\"product-prop line-limit-length\"><span class=\"property-title\">Tyyppi:\u00a0<\/span><span class=\"property-desc line-limit-length\">Akulla<\/span><\/li>\n<li class=\"product-prop line-limit-length\"><span class=\"property-title\">Tavaramerkki:\u00a0<\/span><span class=\"property-desc line-limit-length\">Kingtons<\/span><\/li>\n<li class=\"product-prop line-limit-length\"><span class=\"property-title\">Alkuper\u00e4:\u00a0<\/span><span class=\"property-desc line-limit-length\">FI (Alkuper\u00e4)<\/span><\/li>\n<\/ul>\n<\/div>\n<div class=\"detailmodule_html\">\n<div class=\"detail-desc-decorate-richtext\">\n<div class=\"detailmodule_text\">\n<p class=\"detail-desc-decorate-title\" style=\"font-family: OpenSans; font-size: 20px; font-weight: 900; line-height: 28px; margin-bottom: 12px;\">Alkuper\u00e4inen Kingtons BLK Kuss Kit 1600mAh akku 1,2 ml uuni Keramiikka OLED S\u00e4hk\u00f6tupakka Yrtti Vape kyn\u00e4 Kuivien yrttien h\u00f6yrystin<\/p>\n<p class=\"detail-desc-decorate-content\" style=\"font-family: OpenSans; font-size: 14px; font-weight: 300; line-height: 20px; margin-bottom: 12px;\">BLK Kuss h\u00f6yrystin on kuuluisa kuivien yrttien h\u00f6yrystimen\u00e4, joka tulee kompaktin kokoisena ja ergonomisella muotoilulla. Se koostuu 1,2 ml uunista ja 1600mAh sis\u00e4\u00e4nrakennetusta akusta. L\u00e4pin\u00e4kyv\u00e4n lasisen ilmanohjauksen avulla se tarjoaa puhtaan ja tiiviin h\u00f6yryn. Lis\u00e4ksi siin\u00e4 on helposti irrotettava ja puhdistettava suutinpeite. Lis\u00e4ksi se k\u00e4ytt\u00e4\u00e4 suljin-tyylist\u00e4 muotoilua l\u00e4mm\u00f6njohtuvuuden edist\u00e4miseksi ja Type-C-latausporttia. Mit\u00e4 enemm\u00e4n, se on varustettu OLED-n\u00e4yt\u00f6ll\u00e4, joka n\u00e4ytt\u00e4\u00e4 l\u00e4mp\u00f6tilan, ajastimen laskennan ja tehon tason.<\/p>\n<\/div>\n<div class=\"detailmodule_text\">\n<p class=\"detail-desc-decorate-title\" style=\"font-family: OpenSans; font-size: 20px; font-weight: 900; line-height: 28px; margin-bottom: 12px;\">M\u00e4\u00e4ritykset:<\/p>\n<p class=\"detail-desc-decorate-content\" style=\"font-family: OpenSans; font-size: 14px; font-weight: 300; line-height: 20px; margin-bottom: 12px;\">Merkki: Kingtons<br \/>\nTuotenimi: BLK Kuss h\u00f6yrystin<br \/>\nRunko: Muovi<br \/>\nKoko: 126x 29,2 x25mm<br \/>\nUuni: 1,2 ml<br \/>\nAkku kapasiteetti: 1600mAh<br \/>\nL\u00e4mmitys: Keramiikka<br \/>\nvastus: 0,6 ohm<br \/>\nL\u00e4mp\u00f6tila: 320 \u00b0F ~ 446 \u00b0F<br \/>\nV\u00e4ri: Musta<\/p>\n<\/div>\n<div class=\"detailmodule_text\">\n<p class=\"detail-desc-decorate-title\" style=\"font-family: OpenSans; font-size: 20px; font-weight: 900; line-height: 28px; margin-bottom: 12px;\">Yksityiskohdat:<\/p>\n<p class=\"detail-desc-decorate-content\" style=\"font-family: OpenSans; font-size: 14px; font-weight: 300; line-height: 20px; margin-bottom: 12px;\">1. 1,2 ml uuni ja 1600mAh sis\u00e4inen akku<br \/>\n2. L\u00e4pin\u00e4kyv\u00e4 lasinen ilmanohjaus, puhdas ja tiivis h\u00f6yry<br \/>\n3. Helposti irrotettava suutinpeite helpottaa puhdistusta<br \/>\n4. S\u00e4hk\u00f6kytkimen stilisuunnittelu edist\u00e4\u00e4 l\u00e4mm\u00f6npoistumista Typ-c latausportti<br \/>\n5. OLED-n\u00e4ytt\u00f6 n\u00e4ytt\u00e4\u00e4 l\u00e4mp\u00f6tilan, ajastimen laskurin ja virran tason<\/p>\n<\/div>\n<div class=\"detailmodule_text\">\n<p class=\"detail-desc-decorate-title\" style=\"font-family: OpenSans; font-size: 20px; font-weight: 900; line-height: 28px; margin-bottom: 12px;\">Paket sis\u00e4lt\u00e4\u00e4:<\/p>\n<p class=\"detail-desc-decorate-content\" style=\"font-family: OpenSans; font-size: 14px; font-weight: 300; line-height: 20px; margin-bottom: 12px;\">1 x BLK Kuss h\u00f6yrystin<br \/>\n1 x lasiputki<br \/>\n1 x sivellin<br \/>\n1 x pinsetit<br \/>\n1 x pakkausty\u00f6kalu<br \/>\n2 x varapuhdistusn\u00e4yt\u00f6n suodatin<br \/>\n1 x USB-laturi<br \/>\n1 x K\u00e4ytt\u00e4j\u00e4n k\u00e4sikirja<\/p>\n<\/div>\n<div class=\"detailmodule_image\"><img decoding=\"async\" loading=\"lazy\" class=\"detail-desc-decorate-image\" src=\"https:\/\/ae01.alicdn.com\/kf\/Hdcc5433563974ba6a2b845ee11dad5425.jpg\" \/><img decoding=\"async\" loading=\"lazy\" class=\"detail-desc-decorate-image\" src=\"https:\/\/ae01.alicdn.com\/kf\/H0a00728797574d43b06110320d5fbaf0t.jpg\" \/><img decoding=\"async\" loading=\"lazy\" class=\"detail-desc-decorate-image\" src=\"https:\/\/ae01.alicdn.com\/kf\/Hf77aac58391c4356b880bd6488315d4f1.jpg\" \/><img decoding=\"async\" loading=\"lazy\" class=\"detail-desc-decorate-image\" src=\"https:\/\/ae01.alicdn.com\/kf\/H17ccd3e56a424bae91e482242fd8eeb1s.jpg\" \/><img decoding=\"async\" loading=\"lazy\" class=\"detail-desc-decorate-image\" src=\"https:\/\/ae01.alicdn.com\/kf\/H829b3b0680034acb9c2a314eb534ad98i.jpg\" \/><img decoding=\"async\" loading=\"lazy\" class=\"detail-desc-decorate-image\" src=\"https:\/\/ae01.alicdn.com\/kf\/H3c87a07ddcb942129f8e817b89af38eeb.jpg\" \/><\/div>\n<p>&nbsp;<\/p>\n<\/div>\n<\/div>","protected":false},"excerpt":{"rendered":"<p>&nbsp; Aussehen:\u00a0Zylindrische Form Kompatibler Akku:\u00a0Kein \u00dcberwachung Funktion Von Rauchen Anzahl:\u00a0Nein Silikon Fall:\u00a0Nein Temperaturregelung:\u00a0Ja Eingebaute Oder Externe Batterie:\u00a0Eingebaute Kurzschlussschutz Funktion:\u00a0Ja \u00dcberhitzungsschutz-funktion:\u00a0Ja Niederspannungsalarmfunktion:\u00a0Ja Zerst\u00e4uber Identifikation Funktion:\u00a0Ja TCR Einstellung Modi:\u00a0Nein Nominale Kapazit\u00e4t:\u00a0Kein Material:\u00a0Metall Compatible Model:\u00a0Dry Herb Vaporizer Modellnummer:\u00a0Kingtons BLK Kiss Kit Usb-ladeger\u00e4t:\u00a0Ja Firmware-upgrade:\u00a0Ja Display:\u00a0Ja Art:\u00a0Mit Batterie Markenname:\u00a0Kingtons Ursprung:\u00a0CN (Herkunft) Original Kingtons BLK Kuss Kit 1600mAh Batterie 1,2 ml [&hellip;]<\/p>","protected":false},"featured_media":7049,"template":"","meta":{"inline_featured_image":false},"product_cat":[752,756,739,743,76,79,81],"product_tag":[],"tiered_pricing_type":"fixed","tiered_pricing_fixed_rules":[],"tiered_pricing_percentage_rules":[],"tiered_pricing_minimum":1,"_administrator_tiered_pricing_type":"fixed","_administrator_tiered_pricing_fixed_rules":[],"_editor_tiered_pricing_type":"fixed","_editor_tiered_pricing_fixed_rules":[],"_author_tiered_pricing_type":"fixed","_author_tiered_pricing_fixed_rules":[],"_contributor_tiered_pricing_type":"fixed","_contributor_tiered_pricing_fixed_rules":[],"_subscriber_tiered_pricing_type":"fixed","_subscriber_tiered_pricing_fixed_rules":[],"_customer_tiered_pricing_type":"fixed","_customer_tiered_pricing_fixed_rules":[],"_shop_manager_tiered_pricing_type":"fixed","_shop_manager_tiered_pricing_fixed_rules":[],"_wpseo_manager_tiered_pricing_type":"fixed","_wpseo_manager_tiered_pricing_fixed_rules":[],"_wpseo_editor_tiered_pricing_type":"fixed","_wpseo_editor_tiered_pricing_fixed_rules":[],"_wholesale_customer_tiered_pricing_type":"fixed","_wholesale_customer_tiered_pricing_fixed_rules":[],"_marketer_tiered_pricing_type":"fixed","_marketer_tiered_pricing_fixed_rules":[],"_sales_manager_tiered_pricing_type":"fixed","_sales_manager_tiered_pricing_fixed_rules":[],"_sales_rep_tiered_pricing_type":"fixed","_sales_rep_tiered_pricing_fixed_rules":[],"yoast_head":"<!-- This site is optimized with the Yoast SEO plugin v23.3 - https:\/\/yoast.com\/wordpress\/plugins\/seo\/ -->\n<title>Kingtons BLK Kuss Kit E-Zigarette Kr\u00e4uter Vape Stift | ElementVape.de<\/title>\n<meta name=\"description\" content=\"Wir bieten Kingtons BLK Kuss Kit E-Zigarette Kr\u00e4uter Vape Stift , Elementvape.de akzeptieren Gro\u00df-und Einzelhandel Bestellungen.\" \/>\n<meta name=\"robots\" content=\"index, follow, max-snippet:-1, max-image-preview:large, max-video-preview:-1\" \/>\n<link rel=\"canonical\" href=\"https:\/\/www.elementvape.de\/fi\/produkt\/kingtons-blk-kuss-kit-e-zigarette-kraeuter-vape-stift\/\" \/>\n<meta property=\"og:locale\" content=\"fi_FI\" \/>\n<meta property=\"og:type\" content=\"article\" \/>\n<meta property=\"og:title\" content=\"Kingtons BLK Kuss Kit E-Zigarette Kr\u00e4uter Vape Stift | ElementVape.de\" \/>\n<meta property=\"og:description\" content=\"Wir bieten Kingtons BLK Kuss Kit E-Zigarette Kr\u00e4uter Vape Stift , Elementvape.de akzeptieren Gro\u00df-und Einzelhandel Bestellungen.\" \/>\n<meta property=\"og:url\" content=\"https:\/\/www.elementvape.de\/fi\/produkt\/kingtons-blk-kuss-kit-e-zigarette-kraeuter-vape-stift\/\" \/>\n<meta property=\"og:site_name\" content=\"ElementVape.de\" \/>\n<meta property=\"article:modified_time\" content=\"2024-12-12T06:37:18+00:00\" \/>\n<meta property=\"og:image\" content=\"https:\/\/ae01.alicdn.com\/kf\/Hbb375bf3d27c40d7974f4a732f3eb15bP\/Original-Kingtons-BLK-Kuss-Kit-1600mAh-Batterie-1-2-ml-Ofen-Keramik-OLED-Elektronische-Zigarette-Kr.png\" \/>\n\t<meta property=\"og:image:width\" content=\"800\" \/>\n\t<meta property=\"og:image:height\" content=\"800\" \/>\n\t<meta property=\"og:image:type\" content=\"image\/png\" \/>\n<meta name=\"twitter:card\" content=\"summary_large_image\" \/>\n<meta name=\"twitter:label1\" content=\"Est. reading time\" \/>\n\t<meta name=\"twitter:data1\" content=\"3 minuuttia\" \/>\n<script type=\"application\/ld+json\" class=\"yoast-schema-graph\">{\"@context\":\"https:\/\/schema.org\",\"@graph\":[{\"@type\":\"WebPage\",\"@id\":\"https:\/\/www.elementvape.de\/sv\/produkt\/kingtons-blk-kuss-kit-e-zigarette-kraeuter-vape-stift\/\",\"url\":\"https:\/\/www.elementvape.de\/sv\/produkt\/kingtons-blk-kuss-kit-e-zigarette-kraeuter-vape-stift\/\",\"name\":\"Kingtons BLK Kuss Kit E-Zigarette Kr\u00e4uter Vape Stift | ElementVape.de\",\"isPartOf\":{\"@id\":\"https:\/\/www.elementvape.de\/#website\"},\"primaryImageOfPage\":{\"@id\":\"https:\/\/www.elementvape.de\/sv\/produkt\/kingtons-blk-kuss-kit-e-zigarette-kraeuter-vape-stift\/#primaryimage\"},\"image\":{\"@id\":\"https:\/\/www.elementvape.de\/sv\/produkt\/kingtons-blk-kuss-kit-e-zigarette-kraeuter-vape-stift\/#primaryimage\"},\"thumbnailUrl\":\"https:\/\/ae01.alicdn.com\/kf\/Hbb375bf3d27c40d7974f4a732f3eb15bP\/Original-Kingtons-BLK-Kuss-Kit-1600mAh-Batterie-1-2-ml-Ofen-Keramik-OLED-Elektronische-Zigarette-Kr.png\",\"datePublished\":\"2024-04-20T06:15:12+00:00\",\"dateModified\":\"2024-12-12T06:37:18+00:00\",\"description\":\"Wir bieten Kingtons BLK Kuss Kit E-Zigarette Kr\u00e4uter Vape Stift , Elementvape.de akzeptieren Gro\u00df-und Einzelhandel Bestellungen.\",\"breadcrumb\":{\"@id\":\"https:\/\/www.elementvape.de\/sv\/produkt\/kingtons-blk-kuss-kit-e-zigarette-kraeuter-vape-stift\/#breadcrumb\"},\"inLanguage\":\"fi\",\"potentialAction\":[{\"@type\":\"ReadAction\",\"target\":[\"https:\/\/www.elementvape.de\/sv\/produkt\/kingtons-blk-kuss-kit-e-zigarette-kraeuter-vape-stift\/\"]}]},{\"@type\":\"ImageObject\",\"inLanguage\":\"fi\",\"@id\":\"https:\/\/www.elementvape.de\/sv\/produkt\/kingtons-blk-kuss-kit-e-zigarette-kraeuter-vape-stift\/#primaryimage\",\"url\":\"https:\/\/ae01.alicdn.com\/kf\/Hbb375bf3d27c40d7974f4a732f3eb15bP\/Original-Kingtons-BLK-Kuss-Kit-1600mAh-Batterie-1-2-ml-Ofen-Keramik-OLED-Elektronische-Zigarette-Kr.png\",\"contentUrl\":\"https:\/\/ae01.alicdn.com\/kf\/Hbb375bf3d27c40d7974f4a732f3eb15bP\/Original-Kingtons-BLK-Kuss-Kit-1600mAh-Batterie-1-2-ml-Ofen-Keramik-OLED-Elektronische-Zigarette-Kr.png\",\"width\":800,\"height\":800},{\"@type\":\"BreadcrumbList\",\"@id\":\"https:\/\/www.elementvape.de\/sv\/produkt\/kingtons-blk-kuss-kit-e-zigarette-kraeuter-vape-stift\/#breadcrumb\",\"itemListElement\":[{\"@type\":\"ListItem\",\"position\":1,\"name\":\"Home\",\"item\":\"https:\/\/www.elementvape.de\/\"},{\"@type\":\"ListItem\",\"position\":2,\"name\":\"Shop\",\"item\":\"https:\/\/www.elementvape.de\/shop\/\"},{\"@type\":\"ListItem\",\"position\":3,\"name\":\"Kingtons BLK Kuss Kit E-Zigarette Kr\u00e4uter Vape Stift\"}]},{\"@type\":\"WebSite\",\"@id\":\"https:\/\/www.elementvape.de\/#website\",\"url\":\"https:\/\/www.elementvape.de\/\",\"name\":\"ElementVape.de\",\"description\":\"\",\"publisher\":{\"@id\":\"https:\/\/www.elementvape.de\/#organization\"},\"potentialAction\":[{\"@type\":\"SearchAction\",\"target\":{\"@type\":\"EntryPoint\",\"urlTemplate\":\"https:\/\/www.elementvape.de\/?s={search_term_string}\"},\"query-input\":\"required name=search_term_string\"}],\"inLanguage\":\"fi\"},{\"@type\":\"Organization\",\"@id\":\"https:\/\/www.elementvape.de\/#organization\",\"name\":\"ElementVape.DE\",\"url\":\"https:\/\/www.elementvape.de\/\",\"logo\":{\"@type\":\"ImageObject\",\"inLanguage\":\"fi\",\"@id\":\"https:\/\/www.elementvape.de\/#\/schema\/logo\/image\/\",\"url\":\"https:\/\/www.elementvape.de\/wp-content\/uploads\/2024\/09\/cropped-1elementvape-3.png\",\"contentUrl\":\"https:\/\/www.elementvape.de\/wp-content\/uploads\/2024\/09\/cropped-1elementvape-3.png\",\"width\":285,\"height\":228,\"caption\":\"ElementVape.DE\"},\"image\":{\"@id\":\"https:\/\/www.elementvape.de\/#\/schema\/logo\/image\/\"}}]}<\/script>\n<!-- \/ Yoast SEO plugin. -->","yoast_head_json":{"title":"Kingtons BLK Kuss Kit E-Zigarette Kr\u00e4uter Vape Stift | ElementVape.de","description":"Wir bieten Kingtons BLK Kuss Kit E-Zigarette Kr\u00e4uter Vape Stift , Elementvape.de akzeptieren Gro\u00df-und Einzelhandel Bestellungen.","robots":{"index":"index","follow":"follow","max-snippet":"max-snippet:-1","max-image-preview":"max-image-preview:large","max-video-preview":"max-video-preview:-1"},"canonical":"https:\/\/www.elementvape.de\/fi\/produkt\/kingtons-blk-kuss-kit-e-zigarette-kraeuter-vape-stift\/","og_locale":"fi_FI","og_type":"article","og_title":"Kingtons BLK Kuss Kit E-Zigarette Kr\u00e4uter Vape Stift | ElementVape.de","og_description":"Wir bieten Kingtons BLK Kuss Kit E-Zigarette Kr\u00e4uter Vape Stift , Elementvape.de akzeptieren Gro\u00df-und Einzelhandel Bestellungen.","og_url":"https:\/\/www.elementvape.de\/fi\/produkt\/kingtons-blk-kuss-kit-e-zigarette-kraeuter-vape-stift\/","og_site_name":"ElementVape.de","article_modified_time":"2024-12-12T06:37:18+00:00","og_image":[{"width":800,"height":800,"url":"https:\/\/ae01.alicdn.com\/kf\/Hbb375bf3d27c40d7974f4a732f3eb15bP\/Original-Kingtons-BLK-Kuss-Kit-1600mAh-Batterie-1-2-ml-Ofen-Keramik-OLED-Elektronische-Zigarette-Kr.png","type":"image\/png"}],"twitter_card":"summary_large_image","twitter_misc":{"Est. reading time":"3 minuuttia"},"schema":{"@context":"https:\/\/schema.org","@graph":[{"@type":"WebPage","@id":"https:\/\/www.elementvape.de\/sv\/produkt\/kingtons-blk-kuss-kit-e-zigarette-kraeuter-vape-stift\/","url":"https:\/\/www.elementvape.de\/sv\/produkt\/kingtons-blk-kuss-kit-e-zigarette-kraeuter-vape-stift\/","name":"Kingtons BLK Kuss Kit E-Zigarette Kr\u00e4uter Vape Stift | ElementVape.de","isPartOf":{"@id":"https:\/\/www.elementvape.de\/#website"},"primaryImageOfPage":{"@id":"https:\/\/www.elementvape.de\/sv\/produkt\/kingtons-blk-kuss-kit-e-zigarette-kraeuter-vape-stift\/#primaryimage"},"image":{"@id":"https:\/\/www.elementvape.de\/sv\/produkt\/kingtons-blk-kuss-kit-e-zigarette-kraeuter-vape-stift\/#primaryimage"},"thumbnailUrl":"https:\/\/ae01.alicdn.com\/kf\/Hbb375bf3d27c40d7974f4a732f3eb15bP\/Original-Kingtons-BLK-Kuss-Kit-1600mAh-Batterie-1-2-ml-Ofen-Keramik-OLED-Elektronische-Zigarette-Kr.png","datePublished":"2024-04-20T06:15:12+00:00","dateModified":"2024-12-12T06:37:18+00:00","description":"Wir bieten Kingtons BLK Kuss Kit E-Zigarette Kr\u00e4uter Vape Stift , Elementvape.de akzeptieren Gro\u00df-und Einzelhandel Bestellungen.","breadcrumb":{"@id":"https:\/\/www.elementvape.de\/sv\/produkt\/kingtons-blk-kuss-kit-e-zigarette-kraeuter-vape-stift\/#breadcrumb"},"inLanguage":"fi","potentialAction":[{"@type":"ReadAction","target":["https:\/\/www.elementvape.de\/sv\/produkt\/kingtons-blk-kuss-kit-e-zigarette-kraeuter-vape-stift\/"]}]},{"@type":"ImageObject","inLanguage":"fi","@id":"https:\/\/www.elementvape.de\/sv\/produkt\/kingtons-blk-kuss-kit-e-zigarette-kraeuter-vape-stift\/#primaryimage","url":"https:\/\/ae01.alicdn.com\/kf\/Hbb375bf3d27c40d7974f4a732f3eb15bP\/Original-Kingtons-BLK-Kuss-Kit-1600mAh-Batterie-1-2-ml-Ofen-Keramik-OLED-Elektronische-Zigarette-Kr.png","contentUrl":"https:\/\/ae01.alicdn.com\/kf\/Hbb375bf3d27c40d7974f4a732f3eb15bP\/Original-Kingtons-BLK-Kuss-Kit-1600mAh-Batterie-1-2-ml-Ofen-Keramik-OLED-Elektronische-Zigarette-Kr.png","width":800,"height":800},{"@type":"BreadcrumbList","@id":"https:\/\/www.elementvape.de\/sv\/produkt\/kingtons-blk-kuss-kit-e-zigarette-kraeuter-vape-stift\/#breadcrumb","itemListElement":[{"@type":"ListItem","position":1,"name":"Home","item":"https:\/\/www.elementvape.de\/"},{"@type":"ListItem","position":2,"name":"Shop","item":"https:\/\/www.elementvape.de\/shop\/"},{"@type":"ListItem","position":3,"name":"Kingtons BLK Kuss Kit E-Zigarette Kr\u00e4uter Vape Stift"}]},{"@type":"WebSite","@id":"https:\/\/www.elementvape.de\/#website","url":"https:\/\/www.elementvape.de\/","name":"ElementVape.de","description":"","publisher":{"@id":"https:\/\/www.elementvape.de\/#organization"},"potentialAction":[{"@type":"SearchAction","target":{"@type":"EntryPoint","urlTemplate":"https:\/\/www.elementvape.de\/?s={search_term_string}"},"query-input":"required name=search_term_string"}],"inLanguage":"fi"},{"@type":"Organization","@id":"https:\/\/www.elementvape.de\/#organization","name":"ElementVape.DE","url":"https:\/\/www.elementvape.de\/","logo":{"@type":"ImageObject","inLanguage":"fi","@id":"https:\/\/www.elementvape.de\/#\/schema\/logo\/image\/","url":"https:\/\/www.elementvape.de\/wp-content\/uploads\/2024\/09\/cropped-1elementvape-3.png","contentUrl":"https:\/\/www.elementvape.de\/wp-content\/uploads\/2024\/09\/cropped-1elementvape-3.png","width":285,"height":228,"caption":"ElementVape.DE"},"image":{"@id":"https:\/\/www.elementvape.de\/#\/schema\/logo\/image\/"}}]}},"_links":{"self":[{"href":"https:\/\/www.elementvape.de\/fi\/wp-json\/wp\/v2\/product\/7048"}],"collection":[{"href":"https:\/\/www.elementvape.de\/fi\/wp-json\/wp\/v2\/product"}],"about":[{"href":"https:\/\/www.elementvape.de\/fi\/wp-json\/wp\/v2\/types\/product"}],"wp:featuredmedia":[{"embeddable":true,"href":"https:\/\/www.elementvape.de\/fi\/wp-json\/wp\/v2\/media\/7049"}],"wp:attachment":[{"href":"https:\/\/www.elementvape.de\/fi\/wp-json\/wp\/v2\/media?parent=7048"}],"wp:term":[{"taxonomy":"product_cat","embeddable":true,"href":"https:\/\/www.elementvape.de\/fi\/wp-json\/wp\/v2\/product_cat?post=7048"},{"taxonomy":"product_tag","embeddable":true,"href":"https:\/\/www.elementvape.de\/fi\/wp-json\/wp\/v2\/product_tag?post=7048"}],"curies":[{"name":"wp","href":"https:\/\/api.w.org\/{rel}","templated":true}]}}