{"id":6874,"date":"2024-04-20T05:39:13","date_gmt":"2024-04-20T05:39:13","guid":{"rendered":"https:\/\/www.elementvape.de\/?post_type=product&#038;p=6874"},"modified":"2024-12-12T06:37:30","modified_gmt":"2024-12-12T06:37:30","slug":"uwell-caliburn-a3-pod-kit-elektronische-zigarette-vapor-izer","status":"publish","type":"product","link":"https:\/\/www.elementvape.de\/fi\/produkt\/uwell-caliburn-a3-pod-kit-elektronische-zigarette-vapor-izer\/","title":{"rendered":"Uwell Caliburn A3 Pod Kit s\u00e4hk\u00f6inen savukepatruuna h\u00f6yrystin"},"content":{"rendered":"<p>&nbsp;<\/p>\n<div class=\"product-specs-list-container\">\n<ul class=\"product-specs-list util-clearfix\">\n<li class=\"product-prop line-limit-length\"><span class=\"property-title\">Ulkon\u00e4k\u00f6:\u00a0<\/span><span class=\"property-desc line-limit-length\">Laatikkomuoto<\/span><\/li>\n<li class=\"product-prop line-limit-length\"><span class=\"property-title\">Yhteensopiva akku:\u00a0<\/span><span class=\"property-desc line-limit-length\">Ei<\/span><\/li>\n<li class=\"product-prop line-limit-length\"><span class=\"property-title\">Tarkkailutoiminto tupakointim\u00e4\u00e4r\u00e4lle:\u00a0<\/span><span class=\"property-desc line-limit-length\">Ei<\/span><\/li>\n<li class=\"product-prop line-limit-length\"><span class=\"property-title\">Siliconkotelon tapauksessa\u00a0<\/span><span class=\"property-desc line-limit-length\">Ei<\/span><\/li>\n<li class=\"product-prop line-limit-length\"><span class=\"property-title\">L\u00e4mp\u00f6tilans\u00e4\u00e4t\u00f6:\u00a0<\/span><span class=\"property-desc line-limit-length\">Ei<\/span><\/li>\n<li class=\"product-prop line-limit-length\"><span class=\"property-title\">Sis\u00e4\u00e4nrakennettu tai ulkoinen akku:\u00a0<\/span><span class=\"property-desc line-limit-length\">Sis\u00e4\u00e4nrakennettu<\/span><\/li>\n<li class=\"product-prop line-limit-length\"><span class=\"property-title\">Oikosulkuvaimennustoiminto:\u00a0<\/span><span class=\"property-desc line-limit-length\">Ja<\/span><\/li>\n<li class=\"product-prop line-limit-length\"><span class=\"property-title\">Ylikuumenemissuoja-toiminto:\u00a0<\/span><span class=\"property-desc line-limit-length\">Ja<\/span><\/li>\n<li class=\"product-prop line-limit-length\"><span class=\"property-title\">Alhaisen j\u00e4nnitteen h\u00e4lytysominaisuus:\u00a0<\/span><span class=\"property-desc line-limit-length\">Ja<\/span><\/li>\n<li class=\"product-prop line-limit-length\"><span class=\"property-title\">Sumutin tunnistus toiminto:\u00a0<\/span><span class=\"property-desc line-limit-length\">Ja<\/span><\/li>\n<li class=\"product-prop line-limit-length\"><span class=\"property-title\">TCR-asetustila:\u00a0<\/span><span class=\"property-desc line-limit-length\">Ei<\/span><\/li>\n<li class=\"product-prop line-limit-length\"><span class=\"property-title\">Nominakapasiteetti:\u00a0<\/span><span class=\"property-desc line-limit-length\">&lt;700 mAh<\/span><\/li>\n<li class=\"product-prop line-limit-length\"><span class=\"property-title\">Materiaali:\u00a0<\/span><span class=\"property-desc line-limit-length\">Metalli<\/span><\/li>\n<li class=\"product-prop line-limit-length\"><span class=\"property-title\">Yhteensopiva malli:\u00a0<\/span><span class=\"property-desc line-limit-length\">S\u00e4hk\u00f6tupakka Vape Pen<\/span><\/li>\n<li class=\"product-prop line-limit-length\"><span class=\"property-title\">Mallinumero:\u00a0<\/span><span class=\"property-desc line-limit-length\">Uwell Caliburn A3 Pod Kit<\/span><\/li>\n<li class=\"product-prop line-limit-length\"><span class=\"property-title\">Usb-laturi:\u00a0<\/span><span class=\"property-desc line-limit-length\">Ja<\/span><\/li>\n<li class=\"product-prop line-limit-length\"><span class=\"property-title\">Firmware-p\u00e4ivitys:\u00a0<\/span><span class=\"property-desc line-limit-length\">Ei<\/span><\/li>\n<li class=\"product-prop line-limit-length\"><span class=\"property-title\">N\u00e4ytt\u00f6:\u00a0<\/span><span class=\"property-desc line-limit-length\">Ei<\/span><\/li>\n<li class=\"product-prop line-limit-length\"><span class=\"property-title\">Tyyppi:\u00a0<\/span><span class=\"property-desc line-limit-length\">Akulla<\/span><\/li>\n<li class=\"product-prop line-limit-length\"><span class=\"property-title\">Tavaramerkki:\u00a0<\/span><span class=\"property-desc line-limit-length\">L\u00e4mp\u00f6tilans\u00e4\u00e4t\u00f6: Ei<\/span><\/li>\n<li class=\"product-prop line-limit-length\"><span class=\"property-title\">Alkuper\u00e4:\u00a0<\/span><span class=\"property-desc line-limit-length\">FI (Alkuper\u00e4)<\/span><\/li>\n<li class=\"product-prop line-limit-length\"><span class=\"property-title\">Akku:\u00a0<\/span><span class=\"property-desc line-limit-length\">Sis\u00e4\u00e4nrakennettu tai ulkoinen akku: Sis\u00e4\u00e4nrakennettu<\/span><\/li>\n<\/ul>\n<\/div>\n<div class=\"detailmodule_html\">\n<div class=\"detail-desc-decorate-richtext\">\n<div class=\"detailmodule_text\">\n<p id=\"tl_1\" class=\"detail-desc-decorate-title\" style=\"font-family: OpenSans; font-size: 20px; font-weight: 900; line-height: 28px; margin-bottom: 12px;\">Alkuper\u00e4inen Uwell Caliburn A3 Pod Kit 520mAh akku, 13W h\u00f6yrystin, 2ml patrone Fecral Meshed 1,0 Ohm kela, elektroninen savukkeet, h\u00f6yrystin<\/p>\n<\/div>\n<div class=\"detailmodule_text\">\n<p id=\"tl_2\" class=\"detail-desc-decorate-title\" style=\"font-family: OpenSans; font-size: 20px; font-weight: 900; line-height: 28px; margin-bottom: 12px;\">Johdanto<\/p>\n<p id=\"tl_3\" class=\"detail-desc-decorate-content\" style=\"font-family: OpenSans; font-size: 14px; font-weight: 300; line-height: 20px; margin-bottom: 12px;\">Caliburn A3 -setti\u00e4 k\u00e4ytt\u00e4\u00e4 sis\u00e4\u00e4nrakennettu 520mAh akku, joka tuottaa enint\u00e4\u00e4n 13W ja lataa nopeasti 15 minuutissa. Se voi automaattisesti tunnistaa sytytyskanavan ilman aktivoinnin ja painikkeen v\u00e4lill\u00e4, jotta h\u00f6yryn tuotantoa voidaan hallita tarkasti. Siin\u00e4 on my\u00f6s turvallinen painikkeen lukitusominaisuus ja alhaalla piilossa oleva interaktiivinen valosuunnittelu. Lis\u00e4ksi siin\u00e4 on 1,0 \u03a9 Caliburn A3 -podi, 2ml kapasiteetti, helppo yl\u00e4- t\u00e4ytt\u00f6 ja suuri tarkasteluikkuna.<\/p>\n<\/div>\n<div class=\"detailmodule_text\">\n<p id=\"tl_4\" class=\"detail-desc-decorate-title\" style=\"font-family: OpenSans; font-size: 20px; font-weight: 900; line-height: 28px; margin-bottom: 12px;\">Parametrit:<\/p>\n<p id=\"tl_5\" class=\"detail-desc-decorate-content\" style=\"font-family: OpenSans; font-size: 14px; font-weight: 300; line-height: 20px; margin-bottom: 12px;\">Merkki: uwell<br \/>\nTuotenimi: caliburn a3 pod -j\u00e4rjestelm\u00e4paketti<br \/>\nMateriaali: alumiiniseos, PCTG<br \/>\nAkku kapasiteetti: sis\u00e4\u00e4nrakennettu 520mAh akku<br \/>\nL\u00e4ht\u00f6teho: enint\u00e4\u00e4n 13W<br \/>\nKapasiteetti: 2ml<br \/>\nT\u00e4ytt\u00f6: yl\u00e4puolen t\u00e4ytt\u00f6<br \/>\nPodi-ominaisuus: Fecral Meshed 1,0 \u03a9 Caliburn A3 uudelleen t\u00e4ytett\u00e4v\u00e4 pod<br \/>\nTuotteen koko: 109,8*21,3*11,7mm<br \/>\nLaatikon koko: 458*315*345mm (100 kappaletta, 12,17 kg)<br \/>\nV\u00e4ri: musta, harmaa, hopea, punainen, vihre\u00e4, sininen<\/p>\n<\/div>\n<div class=\"detailmodule_text\">\n<p id=\"tl_6\" class=\"detail-desc-decorate-title\" style=\"font-family: OpenSans; font-size: 20px; font-weight: 900; line-height: 28px; margin-bottom: 12px;\">Yksityiskohdat:<\/p>\n<p id=\"tl_7\" class=\"detail-desc-decorate-content\" style=\"font-family: OpenSans; font-size: 14px; font-weight: 300; line-height: 20px; margin-bottom: 12px;\">1. sis\u00e4\u00e4nrakennettu 520mah akku<br \/>\n2. 15 minuutin nopea lataus<br \/>\n3. Kapasiteetti 2ml, helppo yl\u00e4-t\u00e4ytt\u00f6<br \/>\n4. Suuri tarkasteluikkuna<br \/>\n5. Pro-Focs maku s\u00e4\u00e4dett\u00e4vyysteknologia<br \/>\n6. hyv\u00e4ksyy 1,0\u03a9 caliburn a3 uudelleen t\u00e4ytett\u00e4v\u00e4n podin<br \/>\n7. 2 mahdollisuutta automaattiseen sytytyksen tunnistamiseen<br \/>\n8. suunniteltu turvallisella painikkeen lukitusfunktiolla<br \/>\n9. alapuolella piilotettu ja interaktiivinen valosuunnittelu<br \/>\n10. kiinte\u00e4 magneettinen pod-yhteys<\/p>\n<\/div>\n<div class=\"detailmodule_text\">\n<p id=\"tl_8\" class=\"detail-desc-decorate-title\" style=\"font-family: OpenSans; font-size: 20px; font-weight: 900; line-height: 28px; margin-bottom: 12px;\">Paketin sis\u00e4lt\u00f6<\/p>\n<p id=\"tl_9\" class=\"detail-desc-decorate-content\" style=\"font-family: OpenSans; font-size: 14px; font-weight: 300; line-height: 20px; margin-bottom: 12px;\">1 * uwell caliburn a3 laite<br \/>\n1 * meshed 1.0\u03a9 caliburn a3 t\u00e4ytett\u00e4v\u00e4 pod (asennettu valmiiksi)<br \/>\n1 * meshed 1.0\u03a9 caliburn a3 t\u00e4ytett\u00e4v\u00e4 pod (varapod)<br \/>\n1 * K\u00e4ytt\u00f6ohje<\/p>\n<\/div>\n<div class=\"detailmodule_image\"><img decoding=\"async\" loading=\"lazy\" class=\"detail-desc-decorate-image\" src=\"https:\/\/ae01.alicdn.com\/kf\/Sd730ab1241b64857bf3a2f0a33d28e37c.jpg\" \/><br \/>\n<img decoding=\"async\" loading=\"lazy\" class=\"detail-desc-decorate-image\" src=\"https:\/\/ae01.alicdn.com\/kf\/See311619dcbd47fe8ff1e066ce98aed0q.jpg\" \/><br \/>\n<img decoding=\"async\" loading=\"lazy\" class=\"detail-desc-decorate-image\" src=\"https:\/\/ae01.alicdn.com\/kf\/Sb0ee7b586e3a4d8193eae6b35bde9e762.jpg\" \/><br \/>\n<img decoding=\"async\" loading=\"lazy\" class=\"detail-desc-decorate-image\" src=\"https:\/\/ae01.alicdn.com\/kf\/Sae61d24fc76e423cac2bb3ff369ca425X.jpg\" \/><br \/>\n<img decoding=\"async\" loading=\"lazy\" class=\"detail-desc-decorate-image\" src=\"https:\/\/ae01.alicdn.com\/kf\/Se3b719633d254a8d83a690767a850732B.jpg\" \/><br \/>\n<img decoding=\"async\" loading=\"lazy\" class=\"detail-desc-decorate-image\" src=\"https:\/\/ae01.alicdn.com\/kf\/S537efb93079e4254acbff54757241219j.jpg\" \/><br \/>\n<img decoding=\"async\" loading=\"lazy\" class=\"detail-desc-decorate-image\" src=\"https:\/\/ae01.alicdn.com\/kf\/S1106ab35bd2f499fb7f929e660957ac7Y.jpg\" \/><br \/>\n<img decoding=\"async\" loading=\"lazy\" class=\"detail-desc-decorate-image\" src=\"https:\/\/ae01.alicdn.com\/kf\/S322ec6ceb4774ae395aaa1afd0a35f00b.jpg\" \/><br \/>\n<img decoding=\"async\" loading=\"lazy\" class=\"detail-desc-decorate-image\" src=\"https:\/\/ae01.alicdn.com\/kf\/S0e916c33c1864225a25a98e800fb6b0fV.jpg\" \/><\/div>\n<p>&nbsp;<\/p>\n<\/div>\n<\/div>","protected":false},"excerpt":{"rendered":"<p>&nbsp; Aussehen:\u00a0Box Form Kompatibler Akku:\u00a0Kein \u00dcberwachung Funktion Von Rauchen Anzahl:\u00a0Nein Silikon Fall:\u00a0Nein Temperaturregelung:\u00a0Nein Eingebaute Oder Externe Batterie:\u00a0Eingebaute Kurzschlussschutz Funktion:\u00a0Ja \u00dcberhitzungsschutz-funktion:\u00a0Ja Niederspannungsalarmfunktion:\u00a0Ja Zerst\u00e4uber Identifikation Funktion:\u00a0Ja TCR Einstellung Modi:\u00a0Nein Nominale Kapazit\u00e4t:\u00a0&lt;700 mAh Material:\u00a0Metall Compatible Model:\u00a0Electronic Cigarette Vape Pen Modellnummer:\u00a0Uwell Caliburn A3 Pod Kit Usb-ladeger\u00e4t:\u00a0Ja Firmware-upgrade:\u00a0Nein Display:\u00a0Nein Art:\u00a0Mit Batterie Markenname:\u00a0UWELL Ursprung:\u00a0CN (Herkunft) Battery:\u00a0520mah Original Uwell Caliburn A3 Pod [&hellip;]<\/p>","protected":false},"featured_media":6875,"template":"","meta":{"inline_featured_image":false},"product_cat":[752,756,739,743,76,79,81],"product_tag":[],"tiered_pricing_type":"fixed","tiered_pricing_fixed_rules":[],"tiered_pricing_percentage_rules":[],"tiered_pricing_minimum":1,"_administrator_tiered_pricing_type":"fixed","_administrator_tiered_pricing_fixed_rules":[],"_editor_tiered_pricing_type":"fixed","_editor_tiered_pricing_fixed_rules":[],"_author_tiered_pricing_type":"fixed","_author_tiered_pricing_fixed_rules":[],"_contributor_tiered_pricing_type":"fixed","_contributor_tiered_pricing_fixed_rules":[],"_subscriber_tiered_pricing_type":"fixed","_subscriber_tiered_pricing_fixed_rules":[],"_customer_tiered_pricing_type":"fixed","_customer_tiered_pricing_fixed_rules":[],"_shop_manager_tiered_pricing_type":"fixed","_shop_manager_tiered_pricing_fixed_rules":[],"_wpseo_manager_tiered_pricing_type":"fixed","_wpseo_manager_tiered_pricing_fixed_rules":[],"_wpseo_editor_tiered_pricing_type":"fixed","_wpseo_editor_tiered_pricing_fixed_rules":[],"_wholesale_customer_tiered_pricing_type":"fixed","_wholesale_customer_tiered_pricing_fixed_rules":[],"_marketer_tiered_pricing_type":"fixed","_marketer_tiered_pricing_fixed_rules":[],"_sales_manager_tiered_pricing_type":"fixed","_sales_manager_tiered_pricing_fixed_rules":[],"_sales_rep_tiered_pricing_type":"fixed","_sales_rep_tiered_pricing_fixed_rules":[],"yoast_head":"<!-- This site is optimized with the Yoast SEO plugin v23.3 - https:\/\/yoast.com\/wordpress\/plugins\/seo\/ -->\n<title>Uwell Caliburn A3 Pod Kit elektronische Zigarette Vapor izer | ElementVape.de<\/title>\n<meta name=\"description\" content=\"Wir bieten Uwell Caliburn A3 Pod Kit elektronische Zigarette Vapor izer , Elementvape.de akzeptieren Gro\u00df-und Einzelhandel Bestellungen.\" \/>\n<meta name=\"robots\" content=\"index, follow, max-snippet:-1, max-image-preview:large, max-video-preview:-1\" \/>\n<link rel=\"canonical\" href=\"https:\/\/www.elementvape.de\/fi\/produkt\/uwell-caliburn-a3-pod-kit-elektronische-zigarette-vapor-izer\/\" \/>\n<meta property=\"og:locale\" content=\"fi_FI\" \/>\n<meta property=\"og:type\" content=\"article\" \/>\n<meta property=\"og:title\" content=\"Uwell Caliburn A3 Pod Kit elektronische Zigarette Vapor izer | ElementVape.de\" \/>\n<meta property=\"og:description\" content=\"Wir bieten Uwell Caliburn A3 Pod Kit elektronische Zigarette Vapor izer , Elementvape.de akzeptieren Gro\u00df-und Einzelhandel Bestellungen.\" \/>\n<meta property=\"og:url\" content=\"https:\/\/www.elementvape.de\/fi\/produkt\/uwell-caliburn-a3-pod-kit-elektronische-zigarette-vapor-izer\/\" \/>\n<meta property=\"og:site_name\" content=\"ElementVape.de\" \/>\n<meta property=\"article:modified_time\" content=\"2024-12-12T06:37:30+00:00\" \/>\n<meta property=\"og:image\" content=\"https:\/\/ae01.alicdn.com\/kf\/Sc7285a48e2464195a86e9ed55b56a4f9j\/Original-Uwell-Caliburn-A3-Pod-Kit-520mAh-Batterie-13W-Vape-2ml-Patrone-mit-Mesh-1-0.jpg\" \/>\n\t<meta property=\"og:image:width\" content=\"800\" \/>\n\t<meta property=\"og:image:height\" content=\"800\" \/>\n\t<meta property=\"og:image:type\" content=\"image\/jpeg\" \/>\n<meta name=\"twitter:card\" content=\"summary_large_image\" \/>\n<meta name=\"twitter:label1\" content=\"Est. reading time\" \/>\n\t<meta name=\"twitter:data1\" content=\"4 minuuttia\" \/>\n<script type=\"application\/ld+json\" class=\"yoast-schema-graph\">{\"@context\":\"https:\/\/schema.org\",\"@graph\":[{\"@type\":\"WebPage\",\"@id\":\"https:\/\/www.elementvape.de\/produkt\/uwell-caliburn-a3-pod-kit-elektronische-zigarette-vapor-izer\/\",\"url\":\"https:\/\/www.elementvape.de\/produkt\/uwell-caliburn-a3-pod-kit-elektronische-zigarette-vapor-izer\/\",\"name\":\"Uwell Caliburn A3 Pod Kit elektronische Zigarette Vapor izer | ElementVape.de\",\"isPartOf\":{\"@id\":\"https:\/\/www.elementvape.de\/#website\"},\"primaryImageOfPage\":{\"@id\":\"https:\/\/www.elementvape.de\/produkt\/uwell-caliburn-a3-pod-kit-elektronische-zigarette-vapor-izer\/#primaryimage\"},\"image\":{\"@id\":\"https:\/\/www.elementvape.de\/produkt\/uwell-caliburn-a3-pod-kit-elektronische-zigarette-vapor-izer\/#primaryimage\"},\"thumbnailUrl\":\"https:\/\/ae01.alicdn.com\/kf\/Sc7285a48e2464195a86e9ed55b56a4f9j\/Original-Uwell-Caliburn-A3-Pod-Kit-520mAh-Batterie-13W-Vape-2ml-Patrone-mit-Mesh-1-0.jpg\",\"datePublished\":\"2024-04-20T05:39:13+00:00\",\"dateModified\":\"2024-12-12T06:37:30+00:00\",\"description\":\"Wir bieten Uwell Caliburn A3 Pod Kit elektronische Zigarette Vapor izer , Elementvape.de akzeptieren Gro\u00df-und Einzelhandel Bestellungen.\",\"breadcrumb\":{\"@id\":\"https:\/\/www.elementvape.de\/produkt\/uwell-caliburn-a3-pod-kit-elektronische-zigarette-vapor-izer\/#breadcrumb\"},\"inLanguage\":\"fi\",\"potentialAction\":[{\"@type\":\"ReadAction\",\"target\":[\"https:\/\/www.elementvape.de\/produkt\/uwell-caliburn-a3-pod-kit-elektronische-zigarette-vapor-izer\/\"]}]},{\"@type\":\"ImageObject\",\"inLanguage\":\"fi\",\"@id\":\"https:\/\/www.elementvape.de\/produkt\/uwell-caliburn-a3-pod-kit-elektronische-zigarette-vapor-izer\/#primaryimage\",\"url\":\"https:\/\/ae01.alicdn.com\/kf\/Sc7285a48e2464195a86e9ed55b56a4f9j\/Original-Uwell-Caliburn-A3-Pod-Kit-520mAh-Batterie-13W-Vape-2ml-Patrone-mit-Mesh-1-0.jpg\",\"contentUrl\":\"https:\/\/ae01.alicdn.com\/kf\/Sc7285a48e2464195a86e9ed55b56a4f9j\/Original-Uwell-Caliburn-A3-Pod-Kit-520mAh-Batterie-13W-Vape-2ml-Patrone-mit-Mesh-1-0.jpg\",\"width\":800,\"height\":800},{\"@type\":\"BreadcrumbList\",\"@id\":\"https:\/\/www.elementvape.de\/produkt\/uwell-caliburn-a3-pod-kit-elektronische-zigarette-vapor-izer\/#breadcrumb\",\"itemListElement\":[{\"@type\":\"ListItem\",\"position\":1,\"name\":\"Home\",\"item\":\"https:\/\/www.elementvape.de\/\"},{\"@type\":\"ListItem\",\"position\":2,\"name\":\"Shop\",\"item\":\"https:\/\/www.elementvape.de\/shop\/\"},{\"@type\":\"ListItem\",\"position\":3,\"name\":\"Uwell Caliburn A3 Pod Kit elektronische Zigarette Vapor izer\"}]},{\"@type\":\"WebSite\",\"@id\":\"https:\/\/www.elementvape.de\/#website\",\"url\":\"https:\/\/www.elementvape.de\/\",\"name\":\"ElementVape.de\",\"description\":\"\",\"publisher\":{\"@id\":\"https:\/\/www.elementvape.de\/#organization\"},\"potentialAction\":[{\"@type\":\"SearchAction\",\"target\":{\"@type\":\"EntryPoint\",\"urlTemplate\":\"https:\/\/www.elementvape.de\/?s={search_term_string}\"},\"query-input\":\"required name=search_term_string\"}],\"inLanguage\":\"fi\"},{\"@type\":\"Organization\",\"@id\":\"https:\/\/www.elementvape.de\/#organization\",\"name\":\"ElementVape.DE\",\"url\":\"https:\/\/www.elementvape.de\/\",\"logo\":{\"@type\":\"ImageObject\",\"inLanguage\":\"fi\",\"@id\":\"https:\/\/www.elementvape.de\/#\/schema\/logo\/image\/\",\"url\":\"https:\/\/www.elementvape.de\/wp-content\/uploads\/2024\/09\/cropped-1elementvape-3.png\",\"contentUrl\":\"https:\/\/www.elementvape.de\/wp-content\/uploads\/2024\/09\/cropped-1elementvape-3.png\",\"width\":285,\"height\":228,\"caption\":\"ElementVape.DE\"},\"image\":{\"@id\":\"https:\/\/www.elementvape.de\/#\/schema\/logo\/image\/\"}}]}<\/script>\n<!-- \/ Yoast SEO plugin. -->","yoast_head_json":{"title":"Uwell Caliburn A3 Pod Kit elektronische Zigarette Vapor izer | ElementVape.de","description":"Wir bieten Uwell Caliburn A3 Pod Kit elektronische Zigarette Vapor izer , Elementvape.de akzeptieren Gro\u00df-und Einzelhandel Bestellungen.","robots":{"index":"index","follow":"follow","max-snippet":"max-snippet:-1","max-image-preview":"max-image-preview:large","max-video-preview":"max-video-preview:-1"},"canonical":"https:\/\/www.elementvape.de\/fi\/produkt\/uwell-caliburn-a3-pod-kit-elektronische-zigarette-vapor-izer\/","og_locale":"fi_FI","og_type":"article","og_title":"Uwell Caliburn A3 Pod Kit elektronische Zigarette Vapor izer | ElementVape.de","og_description":"Wir bieten Uwell Caliburn A3 Pod Kit elektronische Zigarette Vapor izer , Elementvape.de akzeptieren Gro\u00df-und Einzelhandel Bestellungen.","og_url":"https:\/\/www.elementvape.de\/fi\/produkt\/uwell-caliburn-a3-pod-kit-elektronische-zigarette-vapor-izer\/","og_site_name":"ElementVape.de","article_modified_time":"2024-12-12T06:37:30+00:00","og_image":[{"width":800,"height":800,"url":"https:\/\/ae01.alicdn.com\/kf\/Sc7285a48e2464195a86e9ed55b56a4f9j\/Original-Uwell-Caliburn-A3-Pod-Kit-520mAh-Batterie-13W-Vape-2ml-Patrone-mit-Mesh-1-0.jpg","type":"image\/jpeg"}],"twitter_card":"summary_large_image","twitter_misc":{"Est. reading time":"4 minuuttia"},"schema":{"@context":"https:\/\/schema.org","@graph":[{"@type":"WebPage","@id":"https:\/\/www.elementvape.de\/produkt\/uwell-caliburn-a3-pod-kit-elektronische-zigarette-vapor-izer\/","url":"https:\/\/www.elementvape.de\/produkt\/uwell-caliburn-a3-pod-kit-elektronische-zigarette-vapor-izer\/","name":"Uwell Caliburn A3 Pod Kit elektronische Zigarette Vapor izer | ElementVape.de","isPartOf":{"@id":"https:\/\/www.elementvape.de\/#website"},"primaryImageOfPage":{"@id":"https:\/\/www.elementvape.de\/produkt\/uwell-caliburn-a3-pod-kit-elektronische-zigarette-vapor-izer\/#primaryimage"},"image":{"@id":"https:\/\/www.elementvape.de\/produkt\/uwell-caliburn-a3-pod-kit-elektronische-zigarette-vapor-izer\/#primaryimage"},"thumbnailUrl":"https:\/\/ae01.alicdn.com\/kf\/Sc7285a48e2464195a86e9ed55b56a4f9j\/Original-Uwell-Caliburn-A3-Pod-Kit-520mAh-Batterie-13W-Vape-2ml-Patrone-mit-Mesh-1-0.jpg","datePublished":"2024-04-20T05:39:13+00:00","dateModified":"2024-12-12T06:37:30+00:00","description":"Wir bieten Uwell Caliburn A3 Pod Kit elektronische Zigarette Vapor izer , Elementvape.de akzeptieren Gro\u00df-und Einzelhandel Bestellungen.","breadcrumb":{"@id":"https:\/\/www.elementvape.de\/produkt\/uwell-caliburn-a3-pod-kit-elektronische-zigarette-vapor-izer\/#breadcrumb"},"inLanguage":"fi","potentialAction":[{"@type":"ReadAction","target":["https:\/\/www.elementvape.de\/produkt\/uwell-caliburn-a3-pod-kit-elektronische-zigarette-vapor-izer\/"]}]},{"@type":"ImageObject","inLanguage":"fi","@id":"https:\/\/www.elementvape.de\/produkt\/uwell-caliburn-a3-pod-kit-elektronische-zigarette-vapor-izer\/#primaryimage","url":"https:\/\/ae01.alicdn.com\/kf\/Sc7285a48e2464195a86e9ed55b56a4f9j\/Original-Uwell-Caliburn-A3-Pod-Kit-520mAh-Batterie-13W-Vape-2ml-Patrone-mit-Mesh-1-0.jpg","contentUrl":"https:\/\/ae01.alicdn.com\/kf\/Sc7285a48e2464195a86e9ed55b56a4f9j\/Original-Uwell-Caliburn-A3-Pod-Kit-520mAh-Batterie-13W-Vape-2ml-Patrone-mit-Mesh-1-0.jpg","width":800,"height":800},{"@type":"BreadcrumbList","@id":"https:\/\/www.elementvape.de\/produkt\/uwell-caliburn-a3-pod-kit-elektronische-zigarette-vapor-izer\/#breadcrumb","itemListElement":[{"@type":"ListItem","position":1,"name":"Home","item":"https:\/\/www.elementvape.de\/"},{"@type":"ListItem","position":2,"name":"Shop","item":"https:\/\/www.elementvape.de\/shop\/"},{"@type":"ListItem","position":3,"name":"Uwell Caliburn A3 Pod Kit elektronische Zigarette Vapor izer"}]},{"@type":"WebSite","@id":"https:\/\/www.elementvape.de\/#website","url":"https:\/\/www.elementvape.de\/","name":"ElementVape.de","description":"","publisher":{"@id":"https:\/\/www.elementvape.de\/#organization"},"potentialAction":[{"@type":"SearchAction","target":{"@type":"EntryPoint","urlTemplate":"https:\/\/www.elementvape.de\/?s={search_term_string}"},"query-input":"required name=search_term_string"}],"inLanguage":"fi"},{"@type":"Organization","@id":"https:\/\/www.elementvape.de\/#organization","name":"ElementVape.DE","url":"https:\/\/www.elementvape.de\/","logo":{"@type":"ImageObject","inLanguage":"fi","@id":"https:\/\/www.elementvape.de\/#\/schema\/logo\/image\/","url":"https:\/\/www.elementvape.de\/wp-content\/uploads\/2024\/09\/cropped-1elementvape-3.png","contentUrl":"https:\/\/www.elementvape.de\/wp-content\/uploads\/2024\/09\/cropped-1elementvape-3.png","width":285,"height":228,"caption":"ElementVape.DE"},"image":{"@id":"https:\/\/www.elementvape.de\/#\/schema\/logo\/image\/"}}]}},"_links":{"self":[{"href":"https:\/\/www.elementvape.de\/fi\/wp-json\/wp\/v2\/product\/6874"}],"collection":[{"href":"https:\/\/www.elementvape.de\/fi\/wp-json\/wp\/v2\/product"}],"about":[{"href":"https:\/\/www.elementvape.de\/fi\/wp-json\/wp\/v2\/types\/product"}],"wp:featuredmedia":[{"embeddable":true,"href":"https:\/\/www.elementvape.de\/fi\/wp-json\/wp\/v2\/media\/6875"}],"wp:attachment":[{"href":"https:\/\/www.elementvape.de\/fi\/wp-json\/wp\/v2\/media?parent=6874"}],"wp:term":[{"taxonomy":"product_cat","embeddable":true,"href":"https:\/\/www.elementvape.de\/fi\/wp-json\/wp\/v2\/product_cat?post=6874"},{"taxonomy":"product_tag","embeddable":true,"href":"https:\/\/www.elementvape.de\/fi\/wp-json\/wp\/v2\/product_tag?post=6874"}],"curies":[{"name":"wp","href":"https:\/\/api.w.org\/{rel}","templated":true}]}}