{"id":6820,"date":"2024-04-20T03:43:26","date_gmt":"2024-04-20T03:43:26","guid":{"rendered":"https:\/\/www.elementvape.de\/?post_type=product&#038;p=6820"},"modified":"2024-12-12T06:37:36","modified_gmt":"2024-12-12T06:37:36","slug":"anix-blade-konzentrat-wachs-vape-pen-650mah-starter-kit","status":"publish","type":"product","link":"https:\/\/www.elementvape.de\/fi\/produkt\/anix-blade-konzentrat-wachs-vape-pen-650mah-starter-kit\/","title":{"rendered":"Anix Blade Konzentraatiovaha Vape Pen 650mAh Aloituspaketti"},"content":{"rendered":"<p>&nbsp;<\/p>\n<div class=\"product-specs-list-container\">\n<ul class=\"product-specs-list util-clearfix\">\n<li class=\"product-prop line-limit-length\"><span class=\"property-title\">Ulkon\u00e4k\u00f6:\u00a0<\/span><span class=\"property-desc line-limit-length\">Putkimainen muoto<\/span><\/li>\n<li class=\"product-prop line-limit-length\"><span class=\"property-title\">Yhteensopiva akku:\u00a0<\/span><span class=\"property-desc line-limit-length\">18350<\/span><\/li>\n<li class=\"product-prop line-limit-length\"><span class=\"property-title\">Tarkkailutoiminto tupakointim\u00e4\u00e4r\u00e4lle:\u00a0<\/span><span class=\"property-desc line-limit-length\">Ei<\/span><\/li>\n<li class=\"product-prop line-limit-length\"><span class=\"property-title\">Siliconkotelon tapauksessa\u00a0<\/span><span class=\"property-desc line-limit-length\">Ei<\/span><\/li>\n<li class=\"product-prop line-limit-length\"><span class=\"property-title\">L\u00e4mp\u00f6tilans\u00e4\u00e4t\u00f6:\u00a0<\/span><span class=\"property-desc line-limit-length\">Ei<\/span><\/li>\n<li class=\"product-prop line-limit-length\"><span class=\"property-title\">Sis\u00e4\u00e4nrakennettu tai ulkoinen akku:\u00a0<\/span><span class=\"property-desc line-limit-length\">Sis\u00e4\u00e4nrakennettu<\/span><\/li>\n<li class=\"product-prop line-limit-length\"><span class=\"property-title\">Oikosulkuvaimennustoiminto:\u00a0<\/span><span class=\"property-desc line-limit-length\">Ja<\/span><\/li>\n<li class=\"product-prop line-limit-length\"><span class=\"property-title\">Ylikuumenemissuoja-toiminto:\u00a0<\/span><span class=\"property-desc line-limit-length\">Ja<\/span><\/li>\n<li class=\"product-prop line-limit-length\"><span class=\"property-title\">Alhaisen j\u00e4nnitteen h\u00e4lytysominaisuus:\u00a0<\/span><span class=\"property-desc line-limit-length\">Ei<\/span><\/li>\n<li class=\"product-prop line-limit-length\"><span class=\"property-title\">Sumutin tunnistus toiminto:\u00a0<\/span><span class=\"property-desc line-limit-length\">Ei<\/span><\/li>\n<li class=\"product-prop line-limit-length\"><span class=\"property-title\">TCR-asetustila:\u00a0<\/span><span class=\"property-desc line-limit-length\">Ei<\/span><\/li>\n<li class=\"product-prop line-limit-length\"><span class=\"property-title\">Nominakapasiteetti:\u00a0<\/span><span class=\"property-desc line-limit-length\">&lt;700 mAh<\/span><\/li>\n<li class=\"product-prop line-limit-length\"><span class=\"property-title\">Materiaali:\u00a0<\/span><span class=\"property-desc line-limit-length\">Metalli<\/span><\/li>\n<li class=\"product-prop line-limit-length\"><span class=\"property-title\">Yhteensopiva malli:\u00a0<\/span><span class=\"property-desc line-limit-length\">vaha<\/span><\/li>\n<li class=\"product-prop line-limit-length\"><span class=\"property-title\">Mallinumero:\u00a0<\/span><span class=\"property-desc line-limit-length\">ANIX BLADE Konzentraatti Vaha Vape Pen<\/span><\/li>\n<li class=\"product-prop line-limit-length\"><span class=\"property-title\">Usb-laturi:\u00a0<\/span><span class=\"property-desc line-limit-length\">Ja<\/span><\/li>\n<li class=\"product-prop line-limit-length\"><span class=\"property-title\">Firmware-p\u00e4ivitys:\u00a0<\/span><span class=\"property-desc line-limit-length\">Ei<\/span><\/li>\n<li class=\"product-prop line-limit-length\"><span class=\"property-title\">N\u00e4ytt\u00f6:\u00a0<\/span><span class=\"property-desc line-limit-length\">Ei<\/span><\/li>\n<li class=\"product-prop line-limit-length\"><span class=\"property-title\">Tyyppi:\u00a0<\/span><span class=\"property-desc line-limit-length\">Akulla<\/span><\/li>\n<li class=\"product-prop line-limit-length\"><span class=\"property-title\">Tavaramerkki:\u00a0<\/span><span class=\"property-desc line-limit-length\">SUB TWO<\/span><\/li>\n<li class=\"product-prop line-limit-length\"><span class=\"property-title\">Alkuper\u00e4:\u00a0<\/span><span class=\"property-desc line-limit-length\">FI (Alkuper\u00e4)<\/span><\/li>\n<li class=\"product-prop line-limit-length\"><span class=\"property-title\">v\u00e4ri:\u00a0<\/span><span class=\"property-desc line-limit-length\">musta\/valkoinen<\/span><\/li>\n<li class=\"product-prop line-limit-length\"><span class=\"property-title\">k\u00e4ytt\u00f6\u00f6n:\u00a0<\/span><span class=\"property-desc line-limit-length\">vaha h\u00f6yrystin<\/span><\/li>\n<\/ul>\n<\/div>\n<div class=\"detailmodule_html\">\n<div class=\"detail-desc-decorate-richtext\">\n<div style=\", roboto, arial, helvetica, sans-serif, simsun;font-size: 14px; font-weight: 400; letter-spacing: normal; text-align: center; margin: 0px; padding: 0px;\" align=\"center\"><span id=\"tl_1\" style=\"font-size: 22px;\">Anix Blade Konzentraatti Vaha Vape Pen 650mAh uudelleenladattava akku H\u00f6yrystin aloituspaketti Keramiikkakammio valkoinen Coilless H\u00f6yrystin Ecig<\/span><\/div>\n<div style=\", roboto, arial, helvetica, sans-serif, simsun;font-size: 14px; font-weight: 400; letter-spacing: normal; margin: 0px; padding: 0px;\"><\/div>\n<div style=\", roboto, arial, helvetica, sans-serif, simsun;font-size: 14px; font-weight: 400; letter-spacing: normal; text-align: start; margin: 0px; padding: 0px;\" align=\"start\"><span style=\"font-size: 16px;\"><span style=\"font-size: 16px;\">M\u00e4\u00e4ritykset:<br \/>\nL\u00e4mmitysmenetelm\u00e4: Keramiikkalevyl\u00e4mmitys, ei johtoa eik\u00e4 kelaa<br \/>\nMateriaali: Metalli<br \/>\nSuukappaleen liit\u00e4nt\u00e4: Ruuvityyppi<br \/>\nAkun kapasiteetti: 650mAh<br \/>\nL\u00e4ht\u00f6j\u00e4nnite: 5V\/1A<br \/>\nL\u00e4mp\u00f6tilans\u00e4\u00e4t\u00f6: matala, keskitaso, korkea<br \/>\nLataus: micro-USB 5V, rajoitettu 0,5A<br \/>\nLatausaika: noin 1 tunti<br \/>\nLataussykli: yli 300 kertaa<br \/>\nVaroitus: punainen valo vilkkuu alij\u00e4nnitteest\u00e4, oikosulku<br \/>\nSy\u00f6tt\u00f6j\u00e4nnite\/virta: 5v\/1a<br \/>\nL\u00e4ht\u00f6teho: 30w-40w<\/span><\/span>Paino: 50g<br \/>\nV\u00e4ri: musta valkoinen Paketti: 1 * ter\u00e4<br \/>\n1 * USB-laturi<br \/>\n1 * paristo<br \/>\n1 * blister-pakkauslaatikko<\/p>\n<p><img decoding=\"async\" loading=\"lazy\" style=\"border: 0px; margin: 0px; padding: 0px; max-width: 100%; width: 800px;\" src=\"https:\/\/ae01.alicdn.com\/kf\/Sc107004ee4e9490e9768bbc84e320e462.jpg?width=800&amp;height=800&amp;hash=1600\" width=\"800px\" \/><br \/>\n<img decoding=\"async\" loading=\"lazy\" style=\"border: 0px; margin: 0px; padding: 0px; max-width: 100%; width: 800px;\" src=\"https:\/\/ae01.alicdn.com\/kf\/Sde1bfbb82cc8424b84186cb7e7147303c.jpg?width=1800&amp;height=1800&amp;hash=3600\" width=\"800px\" \/><br \/>\n<img decoding=\"async\" loading=\"lazy\" style=\"border: 0px; margin: 0px; padding: 0px; max-width: 100%; width: 800px;\" src=\"https:\/\/ae01.alicdn.com\/kf\/S216965c42af14baab4f8373879b8f3d96.jpg?width=800&amp;height=800&amp;hash=1600\" width=\"800px\" \/><br \/>\n<img decoding=\"async\" loading=\"lazy\" style=\"border: 0px; margin: 0px; padding: 0px; max-width: 100%; width: 800px;\" src=\"https:\/\/ae01.alicdn.com\/kf\/S46ccfae6bae24dd28fa9db662488278aZ.jpg?width=800&amp;height=800&amp;hash=1600\" width=\"800px\" \/><br \/>\n<img decoding=\"async\" loading=\"lazy\" style=\"border: 0px; margin: 0px; padding: 0px; max-width: 100%; width: 800px;\" src=\"https:\/\/ae01.alicdn.com\/kf\/S75b445af34e147938ff99cbe6dc3c5c7z.jpg?width=800&amp;height=800&amp;hash=1600\" width=\"800px\" \/><br \/>\n<img decoding=\"async\" loading=\"lazy\" style=\"border: 0px; margin: 0px; padding: 0px; max-width: 100%; width: 800px;\" src=\"https:\/\/ae01.alicdn.com\/kf\/Sa19f22d7557d47c0b57644d742c4af78T.jpg?width=800&amp;height=800&amp;hash=1600\" width=\"800px\" \/><br \/>\n<img decoding=\"async\" loading=\"lazy\" style=\"border: 0px; margin: 0px; padding: 0px; max-width: 100%; width: 800px;\" src=\"https:\/\/ae01.alicdn.com\/kf\/S8eecf07abad749b08f6b614a85fb2f13W.jpg?width=800&amp;height=800&amp;hash=1600\" width=\"800px\" \/><br \/>\n<img decoding=\"async\" loading=\"lazy\" style=\"border: 0px; margin: 0px; padding: 0px; max-width: 100%; width: 800px;\" src=\"https:\/\/ae01.alicdn.com\/kf\/S90c9d455500948879a0ddde992446960O.jpg?width=800&amp;height=800&amp;hash=1600\" width=\"800px\" \/><br \/>\n<img decoding=\"async\" loading=\"lazy\" style=\"border: 0px; margin: 0px; padding: 0px; max-width: 100%; width: 800px;\" src=\"https:\/\/ae01.alicdn.com\/kf\/S877b2e9d951b42809260168f766604778.jpg?width=800&amp;height=800&amp;hash=1600\" width=\"800px\" \/><br \/>\n<img decoding=\"async\" loading=\"lazy\" style=\"border: 0px; margin: 0px; padding: 0px; max-width: 100%; width: 800px;\" src=\"https:\/\/ae01.alicdn.com\/kf\/Sd686f4febfe445258f2d1f21a9107772N.jpg?width=800&amp;height=800&amp;hash=1600\" width=\"800px\" \/><\/p>\n<\/div>\n<p>&nbsp;<\/p>\n<\/div>\n<\/div>","protected":false},"excerpt":{"rendered":"<p>&nbsp; Aussehen:\u00a0Zylindrische Form Kompatibler Akku:\u00a018350 \u00dcberwachung Funktion Von Rauchen Anzahl:\u00a0Nein Silikon Fall:\u00a0Nein Temperaturregelung:\u00a0Nein Eingebaute Oder Externe Batterie:\u00a0Eingebaute Kurzschlussschutz Funktion:\u00a0Ja \u00dcberhitzungsschutz-funktion:\u00a0Ja Niederspannungsalarmfunktion:\u00a0Nein Zerst\u00e4uber Identifikation Funktion:\u00a0Nein TCR Einstellung Modi:\u00a0Nein Nominale Kapazit\u00e4t:\u00a0&lt;700 mAh Material:\u00a0Metall Compatible Model:\u00a0wax Modellnummer:\u00a0ANIX BLADE Concentrate Wax Vape Pen Usb-ladeger\u00e4t:\u00a0Ja Firmware-upgrade:\u00a0Nein Display:\u00a0Nein Art:\u00a0Mit Batterie Markenname:\u00a0SUB TWO Ursprung:\u00a0CN (Herkunft) color:\u00a0black\/white use for:\u00a0wax vaporizer Anix Blade Konzentrat [&hellip;]<\/p>","protected":false},"featured_media":6821,"template":"","meta":{"inline_featured_image":false},"product_cat":[752,756,739,743,76,79,81],"product_tag":[],"tiered_pricing_type":"fixed","tiered_pricing_fixed_rules":[],"tiered_pricing_percentage_rules":[],"tiered_pricing_minimum":1,"_administrator_tiered_pricing_type":"fixed","_administrator_tiered_pricing_fixed_rules":[],"_editor_tiered_pricing_type":"fixed","_editor_tiered_pricing_fixed_rules":[],"_author_tiered_pricing_type":"fixed","_author_tiered_pricing_fixed_rules":[],"_contributor_tiered_pricing_type":"fixed","_contributor_tiered_pricing_fixed_rules":[],"_subscriber_tiered_pricing_type":"fixed","_subscriber_tiered_pricing_fixed_rules":[],"_customer_tiered_pricing_type":"fixed","_customer_tiered_pricing_fixed_rules":[],"_shop_manager_tiered_pricing_type":"fixed","_shop_manager_tiered_pricing_fixed_rules":[],"_wpseo_manager_tiered_pricing_type":"fixed","_wpseo_manager_tiered_pricing_fixed_rules":[],"_wpseo_editor_tiered_pricing_type":"fixed","_wpseo_editor_tiered_pricing_fixed_rules":[],"_wholesale_customer_tiered_pricing_type":"fixed","_wholesale_customer_tiered_pricing_fixed_rules":[],"_marketer_tiered_pricing_type":"fixed","_marketer_tiered_pricing_fixed_rules":[],"_sales_manager_tiered_pricing_type":"fixed","_sales_manager_tiered_pricing_fixed_rules":[],"_sales_rep_tiered_pricing_type":"fixed","_sales_rep_tiered_pricing_fixed_rules":[],"yoast_head":"<!-- This site is optimized with the Yoast SEO plugin v23.3 - https:\/\/yoast.com\/wordpress\/plugins\/seo\/ -->\n<title>Anix Blade Konzentrat Wachs Vape Pen 650mah Starter Kit | ElementVape.de<\/title>\n<meta name=\"description\" content=\"Wir bieten Anix Blade Konzentrat Wachs Vape Pen 650mah Starter Kit , Elementvape.de akzeptieren Gro\u00df-und Einzelhandel Bestellungen.\" \/>\n<meta name=\"robots\" content=\"index, follow, max-snippet:-1, max-image-preview:large, max-video-preview:-1\" \/>\n<link rel=\"canonical\" href=\"https:\/\/www.elementvape.de\/fi\/produkt\/anix-blade-konzentrat-wachs-vape-pen-650mah-starter-kit\/\" \/>\n<meta property=\"og:locale\" content=\"fi_FI\" \/>\n<meta property=\"og:type\" content=\"article\" \/>\n<meta property=\"og:title\" content=\"Anix Blade Konzentrat Wachs Vape Pen 650mah Starter Kit | ElementVape.de\" \/>\n<meta property=\"og:description\" content=\"Wir bieten Anix Blade Konzentrat Wachs Vape Pen 650mah Starter Kit , Elementvape.de akzeptieren Gro\u00df-und Einzelhandel Bestellungen.\" \/>\n<meta property=\"og:url\" content=\"https:\/\/www.elementvape.de\/fi\/produkt\/anix-blade-konzentrat-wachs-vape-pen-650mah-starter-kit\/\" \/>\n<meta property=\"og:site_name\" content=\"ElementVape.de\" \/>\n<meta property=\"article:modified_time\" content=\"2024-12-12T06:37:36+00:00\" \/>\n<meta property=\"og:image\" content=\"https:\/\/ae01.alicdn.com\/kf\/S1fb8e5c2a0c646e9b25e438f3154419bp\/Anix-Blade-Konzentrat-Wachs-Vape-Pen-650mah-wiederauf-ladbare-Batterie-Vapor-izer-Starter-Kit-Keramik-kammer.jpg\" \/>\n\t<meta property=\"og:image:width\" content=\"800\" \/>\n\t<meta property=\"og:image:height\" content=\"800\" \/>\n\t<meta property=\"og:image:type\" content=\"image\/jpeg\" \/>\n<meta name=\"twitter:card\" content=\"summary_large_image\" \/>\n<meta name=\"twitter:label1\" content=\"Est. reading time\" \/>\n\t<meta name=\"twitter:data1\" content=\"4 minuuttia\" \/>\n<script type=\"application\/ld+json\" class=\"yoast-schema-graph\">{\"@context\":\"https:\/\/schema.org\",\"@graph\":[{\"@type\":\"WebPage\",\"@id\":\"https:\/\/www.elementvape.de\/produkt\/anix-blade-konzentrat-wachs-vape-pen-650mah-starter-kit\/\",\"url\":\"https:\/\/www.elementvape.de\/produkt\/anix-blade-konzentrat-wachs-vape-pen-650mah-starter-kit\/\",\"name\":\"Anix Blade Konzentrat Wachs Vape Pen 650mah Starter Kit | ElementVape.de\",\"isPartOf\":{\"@id\":\"https:\/\/www.elementvape.de\/#website\"},\"primaryImageOfPage\":{\"@id\":\"https:\/\/www.elementvape.de\/produkt\/anix-blade-konzentrat-wachs-vape-pen-650mah-starter-kit\/#primaryimage\"},\"image\":{\"@id\":\"https:\/\/www.elementvape.de\/produkt\/anix-blade-konzentrat-wachs-vape-pen-650mah-starter-kit\/#primaryimage\"},\"thumbnailUrl\":\"https:\/\/ae01.alicdn.com\/kf\/S1fb8e5c2a0c646e9b25e438f3154419bp\/Anix-Blade-Konzentrat-Wachs-Vape-Pen-650mah-wiederauf-ladbare-Batterie-Vapor-izer-Starter-Kit-Keramik-kammer.jpg\",\"datePublished\":\"2024-04-20T03:43:26+00:00\",\"dateModified\":\"2024-12-12T06:37:36+00:00\",\"description\":\"Wir bieten Anix Blade Konzentrat Wachs Vape Pen 650mah Starter Kit , Elementvape.de akzeptieren Gro\u00df-und Einzelhandel Bestellungen.\",\"breadcrumb\":{\"@id\":\"https:\/\/www.elementvape.de\/produkt\/anix-blade-konzentrat-wachs-vape-pen-650mah-starter-kit\/#breadcrumb\"},\"inLanguage\":\"fi\",\"potentialAction\":[{\"@type\":\"ReadAction\",\"target\":[\"https:\/\/www.elementvape.de\/produkt\/anix-blade-konzentrat-wachs-vape-pen-650mah-starter-kit\/\"]}]},{\"@type\":\"ImageObject\",\"inLanguage\":\"fi\",\"@id\":\"https:\/\/www.elementvape.de\/produkt\/anix-blade-konzentrat-wachs-vape-pen-650mah-starter-kit\/#primaryimage\",\"url\":\"https:\/\/ae01.alicdn.com\/kf\/S1fb8e5c2a0c646e9b25e438f3154419bp\/Anix-Blade-Konzentrat-Wachs-Vape-Pen-650mah-wiederauf-ladbare-Batterie-Vapor-izer-Starter-Kit-Keramik-kammer.jpg\",\"contentUrl\":\"https:\/\/ae01.alicdn.com\/kf\/S1fb8e5c2a0c646e9b25e438f3154419bp\/Anix-Blade-Konzentrat-Wachs-Vape-Pen-650mah-wiederauf-ladbare-Batterie-Vapor-izer-Starter-Kit-Keramik-kammer.jpg\",\"width\":800,\"height\":800},{\"@type\":\"BreadcrumbList\",\"@id\":\"https:\/\/www.elementvape.de\/produkt\/anix-blade-konzentrat-wachs-vape-pen-650mah-starter-kit\/#breadcrumb\",\"itemListElement\":[{\"@type\":\"ListItem\",\"position\":1,\"name\":\"Home\",\"item\":\"https:\/\/www.elementvape.de\/\"},{\"@type\":\"ListItem\",\"position\":2,\"name\":\"Shop\",\"item\":\"https:\/\/www.elementvape.de\/shop\/\"},{\"@type\":\"ListItem\",\"position\":3,\"name\":\"Anix Blade Konzentrat Wachs Vape Pen 650mah Starter Kit\"}]},{\"@type\":\"WebSite\",\"@id\":\"https:\/\/www.elementvape.de\/#website\",\"url\":\"https:\/\/www.elementvape.de\/\",\"name\":\"ElementVape.de\",\"description\":\"\",\"publisher\":{\"@id\":\"https:\/\/www.elementvape.de\/#organization\"},\"potentialAction\":[{\"@type\":\"SearchAction\",\"target\":{\"@type\":\"EntryPoint\",\"urlTemplate\":\"https:\/\/www.elementvape.de\/?s={search_term_string}\"},\"query-input\":\"required name=search_term_string\"}],\"inLanguage\":\"fi\"},{\"@type\":\"Organization\",\"@id\":\"https:\/\/www.elementvape.de\/#organization\",\"name\":\"ElementVape.DE\",\"url\":\"https:\/\/www.elementvape.de\/\",\"logo\":{\"@type\":\"ImageObject\",\"inLanguage\":\"fi\",\"@id\":\"https:\/\/www.elementvape.de\/#\/schema\/logo\/image\/\",\"url\":\"https:\/\/www.elementvape.de\/wp-content\/uploads\/2024\/09\/cropped-1elementvape-3.png\",\"contentUrl\":\"https:\/\/www.elementvape.de\/wp-content\/uploads\/2024\/09\/cropped-1elementvape-3.png\",\"width\":285,\"height\":228,\"caption\":\"ElementVape.DE\"},\"image\":{\"@id\":\"https:\/\/www.elementvape.de\/#\/schema\/logo\/image\/\"}}]}<\/script>\n<!-- \/ Yoast SEO plugin. -->","yoast_head_json":{"title":"Anix Blade Konzentrat Wachs Vape Pen 650mah Starter Kit | ElementVape.de","description":"Wir bieten Anix Blade Konzentrat Wachs Vape Pen 650mah Starter Kit , Elementvape.de akzeptieren Gro\u00df-und Einzelhandel Bestellungen.","robots":{"index":"index","follow":"follow","max-snippet":"max-snippet:-1","max-image-preview":"max-image-preview:large","max-video-preview":"max-video-preview:-1"},"canonical":"https:\/\/www.elementvape.de\/fi\/produkt\/anix-blade-konzentrat-wachs-vape-pen-650mah-starter-kit\/","og_locale":"fi_FI","og_type":"article","og_title":"Anix Blade Konzentrat Wachs Vape Pen 650mah Starter Kit | ElementVape.de","og_description":"Wir bieten Anix Blade Konzentrat Wachs Vape Pen 650mah Starter Kit , Elementvape.de akzeptieren Gro\u00df-und Einzelhandel Bestellungen.","og_url":"https:\/\/www.elementvape.de\/fi\/produkt\/anix-blade-konzentrat-wachs-vape-pen-650mah-starter-kit\/","og_site_name":"ElementVape.de","article_modified_time":"2024-12-12T06:37:36+00:00","og_image":[{"width":800,"height":800,"url":"https:\/\/ae01.alicdn.com\/kf\/S1fb8e5c2a0c646e9b25e438f3154419bp\/Anix-Blade-Konzentrat-Wachs-Vape-Pen-650mah-wiederauf-ladbare-Batterie-Vapor-izer-Starter-Kit-Keramik-kammer.jpg","type":"image\/jpeg"}],"twitter_card":"summary_large_image","twitter_misc":{"Est. reading time":"4 minuuttia"},"schema":{"@context":"https:\/\/schema.org","@graph":[{"@type":"WebPage","@id":"https:\/\/www.elementvape.de\/produkt\/anix-blade-konzentrat-wachs-vape-pen-650mah-starter-kit\/","url":"https:\/\/www.elementvape.de\/produkt\/anix-blade-konzentrat-wachs-vape-pen-650mah-starter-kit\/","name":"Anix Blade Konzentrat Wachs Vape Pen 650mah Starter Kit | ElementVape.de","isPartOf":{"@id":"https:\/\/www.elementvape.de\/#website"},"primaryImageOfPage":{"@id":"https:\/\/www.elementvape.de\/produkt\/anix-blade-konzentrat-wachs-vape-pen-650mah-starter-kit\/#primaryimage"},"image":{"@id":"https:\/\/www.elementvape.de\/produkt\/anix-blade-konzentrat-wachs-vape-pen-650mah-starter-kit\/#primaryimage"},"thumbnailUrl":"https:\/\/ae01.alicdn.com\/kf\/S1fb8e5c2a0c646e9b25e438f3154419bp\/Anix-Blade-Konzentrat-Wachs-Vape-Pen-650mah-wiederauf-ladbare-Batterie-Vapor-izer-Starter-Kit-Keramik-kammer.jpg","datePublished":"2024-04-20T03:43:26+00:00","dateModified":"2024-12-12T06:37:36+00:00","description":"Wir bieten Anix Blade Konzentrat Wachs Vape Pen 650mah Starter Kit , Elementvape.de akzeptieren Gro\u00df-und Einzelhandel Bestellungen.","breadcrumb":{"@id":"https:\/\/www.elementvape.de\/produkt\/anix-blade-konzentrat-wachs-vape-pen-650mah-starter-kit\/#breadcrumb"},"inLanguage":"fi","potentialAction":[{"@type":"ReadAction","target":["https:\/\/www.elementvape.de\/produkt\/anix-blade-konzentrat-wachs-vape-pen-650mah-starter-kit\/"]}]},{"@type":"ImageObject","inLanguage":"fi","@id":"https:\/\/www.elementvape.de\/produkt\/anix-blade-konzentrat-wachs-vape-pen-650mah-starter-kit\/#primaryimage","url":"https:\/\/ae01.alicdn.com\/kf\/S1fb8e5c2a0c646e9b25e438f3154419bp\/Anix-Blade-Konzentrat-Wachs-Vape-Pen-650mah-wiederauf-ladbare-Batterie-Vapor-izer-Starter-Kit-Keramik-kammer.jpg","contentUrl":"https:\/\/ae01.alicdn.com\/kf\/S1fb8e5c2a0c646e9b25e438f3154419bp\/Anix-Blade-Konzentrat-Wachs-Vape-Pen-650mah-wiederauf-ladbare-Batterie-Vapor-izer-Starter-Kit-Keramik-kammer.jpg","width":800,"height":800},{"@type":"BreadcrumbList","@id":"https:\/\/www.elementvape.de\/produkt\/anix-blade-konzentrat-wachs-vape-pen-650mah-starter-kit\/#breadcrumb","itemListElement":[{"@type":"ListItem","position":1,"name":"Home","item":"https:\/\/www.elementvape.de\/"},{"@type":"ListItem","position":2,"name":"Shop","item":"https:\/\/www.elementvape.de\/shop\/"},{"@type":"ListItem","position":3,"name":"Anix Blade Konzentrat Wachs Vape Pen 650mah Starter Kit"}]},{"@type":"WebSite","@id":"https:\/\/www.elementvape.de\/#website","url":"https:\/\/www.elementvape.de\/","name":"ElementVape.de","description":"","publisher":{"@id":"https:\/\/www.elementvape.de\/#organization"},"potentialAction":[{"@type":"SearchAction","target":{"@type":"EntryPoint","urlTemplate":"https:\/\/www.elementvape.de\/?s={search_term_string}"},"query-input":"required name=search_term_string"}],"inLanguage":"fi"},{"@type":"Organization","@id":"https:\/\/www.elementvape.de\/#organization","name":"ElementVape.DE","url":"https:\/\/www.elementvape.de\/","logo":{"@type":"ImageObject","inLanguage":"fi","@id":"https:\/\/www.elementvape.de\/#\/schema\/logo\/image\/","url":"https:\/\/www.elementvape.de\/wp-content\/uploads\/2024\/09\/cropped-1elementvape-3.png","contentUrl":"https:\/\/www.elementvape.de\/wp-content\/uploads\/2024\/09\/cropped-1elementvape-3.png","width":285,"height":228,"caption":"ElementVape.DE"},"image":{"@id":"https:\/\/www.elementvape.de\/#\/schema\/logo\/image\/"}}]}},"_links":{"self":[{"href":"https:\/\/www.elementvape.de\/fi\/wp-json\/wp\/v2\/product\/6820"}],"collection":[{"href":"https:\/\/www.elementvape.de\/fi\/wp-json\/wp\/v2\/product"}],"about":[{"href":"https:\/\/www.elementvape.de\/fi\/wp-json\/wp\/v2\/types\/product"}],"wp:featuredmedia":[{"embeddable":true,"href":"https:\/\/www.elementvape.de\/fi\/wp-json\/wp\/v2\/media\/6821"}],"wp:attachment":[{"href":"https:\/\/www.elementvape.de\/fi\/wp-json\/wp\/v2\/media?parent=6820"}],"wp:term":[{"taxonomy":"product_cat","embeddable":true,"href":"https:\/\/www.elementvape.de\/fi\/wp-json\/wp\/v2\/product_cat?post=6820"},{"taxonomy":"product_tag","embeddable":true,"href":"https:\/\/www.elementvape.de\/fi\/wp-json\/wp\/v2\/product_tag?post=6820"}],"curies":[{"name":"wp","href":"https:\/\/api.w.org\/{rel}","templated":true}]}}