{"id":16279,"date":"2025-04-17T09:03:58","date_gmt":"2025-04-17T09:03:58","guid":{"rendered":"https:\/\/www.elementvape.de\/?post_type=product&#038;p=16279"},"modified":"2026-01-23T06:43:01","modified_gmt":"2026-01-23T06:43:01","slug":"bang-tornado-40000-blueberry-raspberry-frische-blaubeere-trifft-auf-saftige-himbeere","status":"publish","type":"product","link":"https:\/\/www.elementvape.de\/fi\/produkt\/bang-tornado-40000-blueberry-raspberry-frische-blaubeere-trifft-auf-saftige-himbeere\/","title":{"rendered":"Bang Tornado 40000 Mustikka-Mansikka Raikas mustikka kohtaa mehukkaan vadelman"},"content":{"rendered":"<h2 data-start=\"0\" data-end=\"83\">Bang Tornado 40000 Blueberry Raspberry \u2013 Hedelm\u00e4inen nautinto, joka kest\u00e4\u00e4 pidemp\u00e4\u00e4n<\/h2>\n<p class=\"\" data-start=\"85\" data-end=\"646\">E-savukkeiden maailma on kehittynyt nopeasti viime vuosina. Merkit tarjoavat yh\u00e4 innovatiivisempia ja makuel\u00e4myksellisempi\u00e4 tuotteita, jotka tarjoavat tupakoijille ei vain intensiivisen savukokemuksen, vaan my\u00f6s poikkeuksellisia makuja. Bang Tornado 40000 Blueberry Raspberry on t\u00e4ydellinen esimerkki t\u00e4llaisesta tuotteesta. Sen ainutlaatuisen yhdistelm\u00e4n\u00e4 makeit\u00e4 mustikoita ja mehukkaita vadelmia t\u00e4m\u00e4 s\u00e4hk\u00f6savuke tarjoaa makuel\u00e4myksen, joka hemmottelee aisteja ja inspiroi tupakoijaa uudelleen ja uudelleen.<\/p>\n<h3 class=\"\" data-start=\"648\" data-end=\"712\">Hedelm\u00e4inen makupommi \u2013 Mustikka kohtaa vadelman<\/h3>\n<p class=\"\" data-start=\"714\" data-end=\"1420\">Ensimm\u00e4inen asia, jonka tupakoijat huomaavat Bang Tornado 40000 Blueberry Raspberry -laitteessa, on uskomattoman raikas ja hedelm\u00e4inen maku. Mustikoiden ja vadelmien yhdistelm\u00e4 ei ole vain virkist\u00e4v\u00e4, vaan my\u00f6s t\u00e4ydellisen tasapainoinen. Mustikat antavat tupakointikokemukselle makean, hieman kirpe\u00e4n s\u00e4vyn, kun taas vadelmat luonnollisella makeudellaan ja hedelm\u00e4isyydell\u00e4\u00e4n lis\u00e4\u00e4 makujen syvyytt\u00e4. T\u00e4m\u00e4 yhdistelm\u00e4 on erityisen houkutteleva tupakoijille, jotka etsiv\u00e4t raikasta mutta t\u00e4ytel\u00e4ist\u00e4 makua. Jokainen veto tuntuu kuin seisovansa hedelm\u00e4tarhassa ja napsisi kypsi\u00e4 marjoja suoraan pensaasta.<\/p>\n<h3 class=\"\" data-start=\"1422\" data-end=\"1468\">40000 vetoa pitk\u00e4kestoiseen nautintoon<\/h3>\n<p class=\"\" data-start=\"1470\" data-end=\"2084\">Yksi Bang Tornado 40000 Blueberry Raspberry -laitteen merkitt\u00e4vimmist\u00e4 ominaisuuksista on 40 000 vedon kesto, mik\u00e4 tekee siit\u00e4 ihanteellisen valinnan paljon k\u00e4ytt\u00e4v\u00e4lle. 40 ml:n e-liquidi-kapasiteetin ansiosta t\u00e4m\u00e4 laite on suunniteltu erityisesti tupakoijille, jotka eiv\u00e4t halua t\u00e4ytt\u00e4\u00e4 sit\u00e4 jatkuvasti. Suuri vetojen m\u00e4\u00e4r\u00e4 varmistaa, ett\u00e4 laitetta voi k\u00e4ytt\u00e4\u00e4 pitk\u00e4\u00e4n ilman, ett\u00e4 maku tai h\u00f6yryn tuotanto heikkenee. T\u00e4m\u00e4 tarkoittaa tupakoijalle, ett\u00e4 h\u00e4nen ei tarvitse huolehtia t\u00e4ytt\u00e4misest\u00e4 niin usein, vaan h\u00e4n voi nauttia t\u00e4ytel\u00e4isest\u00e4 h\u00f6yryst\u00e4 ja mausta.<\/p>\n<p class=\"\" data-start=\"2086\" data-end=\"2441\">Pitk\u00e4 k\u00e4ytt\u00f6ik\u00e4 40 000 vedolla ei ole vain suuri mukavuus, vaan my\u00f6s kustannustehokas ratkaisu tupakoijille, jotka etsiv\u00e4t kest\u00e4v\u00e4\u00e4 tuotetta. He eiv\u00e4t tarvitse jatkuvasti uusia e-liquidej\u00e4 tai laitteita, sill\u00e4 Bang Tornado 40000 Blueberry Raspberry tarjoaa riitt\u00e4v\u00e4sti h\u00f6yry\u00e4 ja makua pitk\u00e4\u00e4n.<\/p>\n<h3 class=\"\" data-start=\"2443\" data-end=\"2496\">Tehokas akku vakioh\u00f6yryyn<\/h3>\n<p class=\"\" data-start=\"2498\" data-end=\"3048\">Bang Tornado 40000 Blueberry Raspberry on varustettu 850mAh akulla, joka takaa jatkuvan korkean suorituskyvyn. T\u00e4m\u00e4 akku mahdollistaa laitteen tarjoavan t\u00e4yden tehon viimeiseen vetoon asti. Olitpa suosinut intensiivist\u00e4 h\u00f6yry\u00e4 tai mietoa makua \u2013 laite tarjoaa tasaisen ja voimakkaan h\u00f6yrykokemuksen. Lis\u00e4ksi Type-C-liit\u00e4nt\u00e4 mahdollistaa nopean latauksen, joten voit saada laitteesi nopeasti k\u00e4ytt\u00f6valmiiksi ilman pitk\u00e4\u00e4 latausaikaa.<\/p>\n<h3 class=\"\" data-start=\"3050\" data-end=\"3091\">Henkil\u00f6kohtaisesti s\u00e4\u00e4dett\u00e4v\u00e4 teho<\/h3>\n<p class=\"\" data-start=\"3093\" data-end=\"3606\">Bang Tornado 40000 Blueberry Raspberry tarjoaa my\u00f6s s\u00e4\u00e4dett\u00e4v\u00e4n tehon, jonka avulla tupakoijat voivat s\u00e4\u00e4t\u00e4\u00e4 h\u00f6yryn intensiteetti\u00e4 omien mieltymystens\u00e4 mukaan. Olitpa suosinut voimakasta h\u00f6yry\u00e4 tai miedompaa vetoa, laite on helposti s\u00e4\u00e4dett\u00e4viss\u00e4, jotta voit saavuttaa t\u00e4ydellisen tupakointikokemuksen. T\u00e4m\u00e4 joustavuus tekee laitteesta ihanteellisen sek\u00e4 aloittelijoille ett\u00e4 kokeneille tupakoijille, jotka haluavat r\u00e4\u00e4t\u00e4l\u00f6id\u00e4 tupakointikokemuksensa.<\/p>\n<h3 class=\"\" data-start=\"3608\" data-end=\"3646\">Tyylik\u00e4s ja kompakti muotoilu<\/h3>\n<p class=\"\" data-start=\"3648\" data-end=\"4156\">Vaikka laite tarjoaa vaikuttavia suorituskykyominaisuuksia ja suuren kapasiteetin, Bang Tornado 40000 Blueberry Raspberry pysyy kompaktina ja helposti k\u00e4sitelt\u00e4v\u00e4n\u00e4. Tyylik\u00e4s muotoilu ei ole vain k\u00e4yt\u00e4nn\u00f6llinen, vaan my\u00f6s esteettisesti miellytt\u00e4v\u00e4. E-savuke istuu hyvin k\u00e4teen ja on helppo kuljettaa esimerkiksi taskussa, repussa tai k\u00e4silaukussa. Moderni muotoilu tekee siit\u00e4 paitsi k\u00e4yt\u00e4nn\u00f6llisen my\u00f6s tyylikk\u00e4\u00e4n lis\u00e4varusteen, joka sopii jokaiseen ymp\u00e4rist\u00f6\u00f6n.<\/p>\n<h3 class=\"\" data-start=\"4158\" data-end=\"4223\">T\u00e4ydellinen kumppani hedelm\u00e4isille tupakointikokemuksille<\/h3>\n<p class=\"\" data-start=\"4225\" data-end=\"4946\">Bang Tornado 40000 Blueberry Raspberry on t\u00e4ydellinen valinta tupakoijille, jotka etsiv\u00e4t pitk\u00e4kestoista, hedelm\u00e4ist\u00e4 makuel\u00e4myst\u00e4. Raikkaan yhdistelm\u00e4n\u00e4 mustikoita ja vadelmia, 40 000 vetoa ja tehokas akku tekev\u00e4t t\u00e4st\u00e4 tuotteesta ensiluokkaisen tupakointikokemuksen, joka kest\u00e4\u00e4 koko p\u00e4iv\u00e4n. Olitpa kokenut tupakoija tai aloittelija, Bang Tornado 40000 Blueberry Raspberry vakuuttaa herkullisella maullaan ja erinomaisella suorituskyvyll\u00e4\u00e4n. Se on tuote, joka asettaa uusia standardeja sek\u00e4 maun ett\u00e4 kest\u00e4vyyden osalta ja tekee tupakoinnista todellisen nautinnon.<\/p>","protected":false},"excerpt":{"rendered":"<p>Bang Tornado 40000 Blueberry Raspberry \u2013 Ein Fruchtiger Genuss, Der L\u00e4nger H\u00e4lt Die Welt der E-Zigaretten hat sich in den letzten Jahren rasant weiterentwickelt. Marken bieten immer innovativere und geschmacklich aufregendere Produkte an, die den Dampfern nicht nur ein intensives Dampferlebnis, sondern auch au\u00dfergew\u00f6hnliche Aromen bieten. Der Bang Tornado 40000 Blueberry Raspberry ist ein perfektes [&hellip;]<\/p>","protected":false},"featured_media":16257,"template":"","meta":{"inline_featured_image":false},"product_cat":[78],"product_tag":[777],"tiered_pricing_type":"fixed","tiered_pricing_fixed_rules":[],"tiered_pricing_percentage_rules":[],"tiered_pricing_minimum":1,"_administrator_tiered_pricing_type":"fixed","_administrator_tiered_pricing_fixed_rules":[],"_editor_tiered_pricing_type":"fixed","_editor_tiered_pricing_fixed_rules":[],"_author_tiered_pricing_type":"fixed","_author_tiered_pricing_fixed_rules":[],"_contributor_tiered_pricing_type":"fixed","_contributor_tiered_pricing_fixed_rules":[],"_subscriber_tiered_pricing_type":"fixed","_subscriber_tiered_pricing_fixed_rules":[],"_customer_tiered_pricing_type":"fixed","_customer_tiered_pricing_fixed_rules":[],"_shop_manager_tiered_pricing_type":"fixed","_shop_manager_tiered_pricing_fixed_rules":[],"_wpseo_manager_tiered_pricing_type":"fixed","_wpseo_manager_tiered_pricing_fixed_rules":[],"_wpseo_editor_tiered_pricing_type":"fixed","_wpseo_editor_tiered_pricing_fixed_rules":[],"_wholesale_customer_tiered_pricing_type":"fixed","_wholesale_customer_tiered_pricing_fixed_rules":[],"_marketer_tiered_pricing_type":"fixed","_marketer_tiered_pricing_fixed_rules":[],"_sales_manager_tiered_pricing_type":"fixed","_sales_manager_tiered_pricing_fixed_rules":[],"_sales_rep_tiered_pricing_type":"fixed","_sales_rep_tiered_pricing_fixed_rules":[],"yoast_head":"<!-- This site is optimized with the Yoast SEO plugin v23.3 - https:\/\/yoast.com\/wordpress\/plugins\/seo\/ -->\n<title>Bang Tornado 40000 Blueberry Raspberry Frische Blaubeere trifft auf saftige Himbeere | ElementVape.de<\/title>\n<meta name=\"description\" content=\"Bang Tornado 40000 Blueberry Raspberry \u2013 Eine erfrischende Mischung aus s\u00fc\u00dfen Blaubeeren und saftigen Himbeeren, 40.000 Z\u00fcge f\u00fcr langanhaltenden Genuss\" \/>\n<meta name=\"robots\" content=\"index, follow, max-snippet:-1, max-image-preview:large, max-video-preview:-1\" \/>\n<link rel=\"canonical\" href=\"https:\/\/www.elementvape.de\/fi\/produkt\/bang-tornado-40000-blueberry-raspberry-frische-blaubeere-trifft-auf-saftige-himbeere\/\" \/>\n<meta property=\"og:locale\" content=\"fi_FI\" \/>\n<meta property=\"og:type\" content=\"article\" \/>\n<meta property=\"og:title\" content=\"Bang Tornado 40000 Blueberry Raspberry Frische Blaubeere trifft auf saftige Himbeere | ElementVape.de\" \/>\n<meta property=\"og:description\" content=\"Bang Tornado 40000 Blueberry Raspberry \u2013 Eine erfrischende Mischung aus s\u00fc\u00dfen Blaubeeren und saftigen Himbeeren, 40.000 Z\u00fcge f\u00fcr langanhaltenden Genuss\" \/>\n<meta property=\"og:url\" content=\"https:\/\/www.elementvape.de\/fi\/produkt\/bang-tornado-40000-blueberry-raspberry-frische-blaubeere-trifft-auf-saftige-himbeere\/\" \/>\n<meta property=\"og:site_name\" content=\"ElementVape.de\" \/>\n<meta property=\"article:modified_time\" content=\"2026-01-23T06:43:01+00:00\" \/>\n<meta property=\"og:image\" content=\"https:\/\/www.elementvape.de\/wp-content\/uploads\/2025\/04\/40k-blueberry-raspberry.png\" \/>\n\t<meta property=\"og:image:width\" content=\"600\" \/>\n\t<meta property=\"og:image:height\" content=\"562\" \/>\n\t<meta property=\"og:image:type\" content=\"image\/png\" \/>\n<meta name=\"twitter:card\" content=\"summary_large_image\" \/>\n<meta name=\"twitter:label1\" content=\"Est. reading time\" \/>\n\t<meta name=\"twitter:data1\" content=\"4 minuuttia\" \/>\n<script type=\"application\/ld+json\" class=\"yoast-schema-graph\">{\"@context\":\"https:\/\/schema.org\",\"@graph\":[{\"@type\":\"WebPage\",\"@id\":\"https:\/\/www.elementvape.de\/produkt\/bang-tornado-40000-blueberry-raspberry-frische-blaubeere-trifft-auf-saftige-himbeere\/\",\"url\":\"https:\/\/www.elementvape.de\/produkt\/bang-tornado-40000-blueberry-raspberry-frische-blaubeere-trifft-auf-saftige-himbeere\/\",\"name\":\"Bang Tornado 40000 Blueberry Raspberry Frische Blaubeere trifft auf saftige Himbeere | ElementVape.de\",\"isPartOf\":{\"@id\":\"https:\/\/www.elementvape.de\/#website\"},\"primaryImageOfPage\":{\"@id\":\"https:\/\/www.elementvape.de\/produkt\/bang-tornado-40000-blueberry-raspberry-frische-blaubeere-trifft-auf-saftige-himbeere\/#primaryimage\"},\"image\":{\"@id\":\"https:\/\/www.elementvape.de\/produkt\/bang-tornado-40000-blueberry-raspberry-frische-blaubeere-trifft-auf-saftige-himbeere\/#primaryimage\"},\"thumbnailUrl\":\"https:\/\/www.elementvape.de\/wp-content\/uploads\/2025\/04\/40k-blueberry-raspberry.png\",\"datePublished\":\"2025-04-17T09:03:58+00:00\",\"dateModified\":\"2026-01-23T06:43:01+00:00\",\"description\":\"Bang Tornado 40000 Blueberry Raspberry \u2013 Eine erfrischende Mischung aus s\u00fc\u00dfen Blaubeeren und saftigen Himbeeren, 40.000 Z\u00fcge f\u00fcr langanhaltenden Genuss\",\"breadcrumb\":{\"@id\":\"https:\/\/www.elementvape.de\/produkt\/bang-tornado-40000-blueberry-raspberry-frische-blaubeere-trifft-auf-saftige-himbeere\/#breadcrumb\"},\"inLanguage\":\"fi\",\"potentialAction\":[{\"@type\":\"ReadAction\",\"target\":[\"https:\/\/www.elementvape.de\/produkt\/bang-tornado-40000-blueberry-raspberry-frische-blaubeere-trifft-auf-saftige-himbeere\/\"]}]},{\"@type\":\"ImageObject\",\"inLanguage\":\"fi\",\"@id\":\"https:\/\/www.elementvape.de\/produkt\/bang-tornado-40000-blueberry-raspberry-frische-blaubeere-trifft-auf-saftige-himbeere\/#primaryimage\",\"url\":\"https:\/\/www.elementvape.de\/wp-content\/uploads\/2025\/04\/40k-blueberry-raspberry.png\",\"contentUrl\":\"https:\/\/www.elementvape.de\/wp-content\/uploads\/2025\/04\/40k-blueberry-raspberry.png\",\"width\":600,\"height\":562},{\"@type\":\"BreadcrumbList\",\"@id\":\"https:\/\/www.elementvape.de\/produkt\/bang-tornado-40000-blueberry-raspberry-frische-blaubeere-trifft-auf-saftige-himbeere\/#breadcrumb\",\"itemListElement\":[{\"@type\":\"ListItem\",\"position\":1,\"name\":\"Home\",\"item\":\"https:\/\/www.elementvape.de\/\"},{\"@type\":\"ListItem\",\"position\":2,\"name\":\"Shop\",\"item\":\"https:\/\/www.elementvape.de\/shop\/\"},{\"@type\":\"ListItem\",\"position\":3,\"name\":\"Bang Tornado 40000 Blueberry Raspberry Frische Blaubeere trifft auf saftige Himbeere\"}]},{\"@type\":\"WebSite\",\"@id\":\"https:\/\/www.elementvape.de\/#website\",\"url\":\"https:\/\/www.elementvape.de\/\",\"name\":\"ElementVape.de\",\"description\":\"\",\"publisher\":{\"@id\":\"https:\/\/www.elementvape.de\/#organization\"},\"potentialAction\":[{\"@type\":\"SearchAction\",\"target\":{\"@type\":\"EntryPoint\",\"urlTemplate\":\"https:\/\/www.elementvape.de\/?s={search_term_string}\"},\"query-input\":\"required name=search_term_string\"}],\"inLanguage\":\"fi\"},{\"@type\":\"Organization\",\"@id\":\"https:\/\/www.elementvape.de\/#organization\",\"name\":\"ElementVape.DE\",\"url\":\"https:\/\/www.elementvape.de\/\",\"logo\":{\"@type\":\"ImageObject\",\"inLanguage\":\"fi\",\"@id\":\"https:\/\/www.elementvape.de\/#\/schema\/logo\/image\/\",\"url\":\"https:\/\/www.elementvape.de\/wp-content\/uploads\/2024\/09\/cropped-1elementvape-3.png\",\"contentUrl\":\"https:\/\/www.elementvape.de\/wp-content\/uploads\/2024\/09\/cropped-1elementvape-3.png\",\"width\":285,\"height\":228,\"caption\":\"ElementVape.DE\"},\"image\":{\"@id\":\"https:\/\/www.elementvape.de\/#\/schema\/logo\/image\/\"}}]}<\/script>\n<!-- \/ Yoast SEO plugin. -->","yoast_head_json":{"title":"Bang Tornado 40000 Blueberry Raspberry Frische Blaubeere trifft auf saftige Himbeere | ElementVape.de","description":"Bang Tornado 40000 Blueberry Raspberry \u2013 Eine erfrischende Mischung aus s\u00fc\u00dfen Blaubeeren und saftigen Himbeeren, 40.000 Z\u00fcge f\u00fcr langanhaltenden Genuss","robots":{"index":"index","follow":"follow","max-snippet":"max-snippet:-1","max-image-preview":"max-image-preview:large","max-video-preview":"max-video-preview:-1"},"canonical":"https:\/\/www.elementvape.de\/fi\/produkt\/bang-tornado-40000-blueberry-raspberry-frische-blaubeere-trifft-auf-saftige-himbeere\/","og_locale":"fi_FI","og_type":"article","og_title":"Bang Tornado 40000 Blueberry Raspberry Frische Blaubeere trifft auf saftige Himbeere | ElementVape.de","og_description":"Bang Tornado 40000 Blueberry Raspberry \u2013 Eine erfrischende Mischung aus s\u00fc\u00dfen Blaubeeren und saftigen Himbeeren, 40.000 Z\u00fcge f\u00fcr langanhaltenden Genuss","og_url":"https:\/\/www.elementvape.de\/fi\/produkt\/bang-tornado-40000-blueberry-raspberry-frische-blaubeere-trifft-auf-saftige-himbeere\/","og_site_name":"ElementVape.de","article_modified_time":"2026-01-23T06:43:01+00:00","og_image":[{"width":600,"height":562,"url":"https:\/\/www.elementvape.de\/wp-content\/uploads\/2025\/04\/40k-blueberry-raspberry.png","type":"image\/png"}],"twitter_card":"summary_large_image","twitter_misc":{"Est. reading time":"4 minuuttia"},"schema":{"@context":"https:\/\/schema.org","@graph":[{"@type":"WebPage","@id":"https:\/\/www.elementvape.de\/produkt\/bang-tornado-40000-blueberry-raspberry-frische-blaubeere-trifft-auf-saftige-himbeere\/","url":"https:\/\/www.elementvape.de\/produkt\/bang-tornado-40000-blueberry-raspberry-frische-blaubeere-trifft-auf-saftige-himbeere\/","name":"Bang Tornado 40000 Blueberry Raspberry Frische Blaubeere trifft auf saftige Himbeere | ElementVape.de","isPartOf":{"@id":"https:\/\/www.elementvape.de\/#website"},"primaryImageOfPage":{"@id":"https:\/\/www.elementvape.de\/produkt\/bang-tornado-40000-blueberry-raspberry-frische-blaubeere-trifft-auf-saftige-himbeere\/#primaryimage"},"image":{"@id":"https:\/\/www.elementvape.de\/produkt\/bang-tornado-40000-blueberry-raspberry-frische-blaubeere-trifft-auf-saftige-himbeere\/#primaryimage"},"thumbnailUrl":"https:\/\/www.elementvape.de\/wp-content\/uploads\/2025\/04\/40k-blueberry-raspberry.png","datePublished":"2025-04-17T09:03:58+00:00","dateModified":"2026-01-23T06:43:01+00:00","description":"Bang Tornado 40000 Blueberry Raspberry \u2013 Eine erfrischende Mischung aus s\u00fc\u00dfen Blaubeeren und saftigen Himbeeren, 40.000 Z\u00fcge f\u00fcr langanhaltenden Genuss","breadcrumb":{"@id":"https:\/\/www.elementvape.de\/produkt\/bang-tornado-40000-blueberry-raspberry-frische-blaubeere-trifft-auf-saftige-himbeere\/#breadcrumb"},"inLanguage":"fi","potentialAction":[{"@type":"ReadAction","target":["https:\/\/www.elementvape.de\/produkt\/bang-tornado-40000-blueberry-raspberry-frische-blaubeere-trifft-auf-saftige-himbeere\/"]}]},{"@type":"ImageObject","inLanguage":"fi","@id":"https:\/\/www.elementvape.de\/produkt\/bang-tornado-40000-blueberry-raspberry-frische-blaubeere-trifft-auf-saftige-himbeere\/#primaryimage","url":"https:\/\/www.elementvape.de\/wp-content\/uploads\/2025\/04\/40k-blueberry-raspberry.png","contentUrl":"https:\/\/www.elementvape.de\/wp-content\/uploads\/2025\/04\/40k-blueberry-raspberry.png","width":600,"height":562},{"@type":"BreadcrumbList","@id":"https:\/\/www.elementvape.de\/produkt\/bang-tornado-40000-blueberry-raspberry-frische-blaubeere-trifft-auf-saftige-himbeere\/#breadcrumb","itemListElement":[{"@type":"ListItem","position":1,"name":"Home","item":"https:\/\/www.elementvape.de\/"},{"@type":"ListItem","position":2,"name":"Shop","item":"https:\/\/www.elementvape.de\/shop\/"},{"@type":"ListItem","position":3,"name":"Bang Tornado 40000 Blueberry Raspberry Frische Blaubeere trifft auf saftige Himbeere"}]},{"@type":"WebSite","@id":"https:\/\/www.elementvape.de\/#website","url":"https:\/\/www.elementvape.de\/","name":"ElementVape.de","description":"","publisher":{"@id":"https:\/\/www.elementvape.de\/#organization"},"potentialAction":[{"@type":"SearchAction","target":{"@type":"EntryPoint","urlTemplate":"https:\/\/www.elementvape.de\/?s={search_term_string}"},"query-input":"required name=search_term_string"}],"inLanguage":"fi"},{"@type":"Organization","@id":"https:\/\/www.elementvape.de\/#organization","name":"ElementVape.DE","url":"https:\/\/www.elementvape.de\/","logo":{"@type":"ImageObject","inLanguage":"fi","@id":"https:\/\/www.elementvape.de\/#\/schema\/logo\/image\/","url":"https:\/\/www.elementvape.de\/wp-content\/uploads\/2024\/09\/cropped-1elementvape-3.png","contentUrl":"https:\/\/www.elementvape.de\/wp-content\/uploads\/2024\/09\/cropped-1elementvape-3.png","width":285,"height":228,"caption":"ElementVape.DE"},"image":{"@id":"https:\/\/www.elementvape.de\/#\/schema\/logo\/image\/"}}]}},"_links":{"self":[{"href":"https:\/\/www.elementvape.de\/fi\/wp-json\/wp\/v2\/product\/16279"}],"collection":[{"href":"https:\/\/www.elementvape.de\/fi\/wp-json\/wp\/v2\/product"}],"about":[{"href":"https:\/\/www.elementvape.de\/fi\/wp-json\/wp\/v2\/types\/product"}],"wp:featuredmedia":[{"embeddable":true,"href":"https:\/\/www.elementvape.de\/fi\/wp-json\/wp\/v2\/media\/16257"}],"wp:attachment":[{"href":"https:\/\/www.elementvape.de\/fi\/wp-json\/wp\/v2\/media?parent=16279"}],"wp:term":[{"taxonomy":"product_cat","embeddable":true,"href":"https:\/\/www.elementvape.de\/fi\/wp-json\/wp\/v2\/product_cat?post=16279"},{"taxonomy":"product_tag","embeddable":true,"href":"https:\/\/www.elementvape.de\/fi\/wp-json\/wp\/v2\/product_tag?post=16279"}],"curies":[{"name":"wp","href":"https:\/\/api.w.org\/{rel}","templated":true}]}}