{"id":16242,"date":"2025-04-17T06:59:33","date_gmt":"2025-04-17T06:59:33","guid":{"rendered":"https:\/\/www.elementvape.de\/?post_type=product&#038;p=16242"},"modified":"2025-04-17T09:36:03","modified_gmt":"2025-04-17T09:36:03","slug":"bang-50000-zuege-intensiver-fruchtgenuss-mit-strawberry-mango-bubble-gum-aroma","status":"publish","type":"product","link":"https:\/\/www.elementvape.de\/fi\/produkt\/bang-50000-zuege-intensiver-fruchtgenuss-mit-strawberry-mango-bubble-gum-aroma\/","title":{"rendered":"Bang 50000 Z\u00fcge Intensiivinen hedelm\u00e4inen nautinto Strawberry Mango Bubble Gum -aromilla"},"content":{"rendered":"<h2 data-start=\"112\" data-end=\"208\">Bang 50000 Henk\u00e4isy\u00e4 Hedelm\u00e4inen makuel\u00e4mys Strawberry Mango &amp; Watermelon Bubble Gum<\/h2>\n<p class=\"\" data-start=\"210\" data-end=\"563\">Bang 50000 Henk\u00e4isy\u00e4 kertak\u00e4ytt\u00f6inen s\u00e4hk\u00f6tupakka tarjoaa poikkeuksellisen h\u00f6yrykokemuksen, joka yhdist\u00e4\u00e4 intensiivisen maun, modernin teknologian ja maksimaalisen kest\u00e4vyyden. Vaaralliset maut Strawberry Mango ja Watermelon Bubble Gum lupaavat puhdasta nautintoa jokaisella vedolla \u2013 hedelm\u00e4inen, makea, virkist\u00e4v\u00e4 ja ehdottomasti vastustamaton.<\/p>\n<h3 class=\"\" data-start=\"565\" data-end=\"594\">Maku, joka inspiroi<\/h3>\n<p class=\"\" data-start=\"596\" data-end=\"947\">Mansikan ja mangon yhdistelm\u00e4 tuo trooppista raikkautta ja aurinkoista makeutta t\u00e4ydellisess\u00e4 tasapainossa. Watermelon Bubble Gumin maku puolestaan muistuttaa huolettomia kes\u00e4p\u00e4ivi\u00e4, mehukkaasta vesimelonista ja tyypillisest\u00e4 purukumamausta \u2013 makea, kevyesti leikkis\u00e4 nautinto nuorekkaalle yleis\u00f6lle.<\/p>\n<p class=\"\" data-start=\"949\" data-end=\"1194\">T\u00e4m\u00e4 makujen monimuotoisuus takaa unohtumattoman makuel\u00e4myksen, joka ilahduttaa sek\u00e4 hedelmien yst\u00e4vi\u00e4 ett\u00e4 makeiden makujen faneja. Jokainen veto on intensiivinen, tasainen ja selke\u00e4 profiililtaan \u2013 korkealaatuisen mesh-kierteen teknologian ansiosta.<\/p>\n<h3 class=\"\" data-start=\"1201\" data-end=\"1235\">Tekniset tiedot tiivistettyn\u00e4:<\/h3>\n<ul data-start=\"1237\" data-end=\"1840\">\n<li class=\"\" data-start=\"1237\" data-end=\"1269\">\n<p class=\"\" data-start=\"1239\" data-end=\"1269\">Malli: Bang 50000 Henk\u00e4isy\u00e4<\/p>\n<\/li>\n<li class=\"\" data-start=\"1270\" data-end=\"1332\">\n<p class=\"\" data-start=\"1272\" data-end=\"1332\">Henk\u00e4isyj\u00e4: Enint\u00e4\u00e4n 50 000 henk\u00e4isy\u00e4 \u2013 eritt\u00e4in pitk\u00e4 h\u00f6yrytys<\/p>\n<\/li>\n<li class=\"\" data-start=\"1333\" data-end=\"1397\">\n<p class=\"\" data-start=\"1335\" data-end=\"1397\">Nestem\u00e4\u00e4r\u00e4: 50 ml \u2013 eritt\u00e4in suuri t\u00e4ytt\u00f6m\u00e4\u00e4r\u00e4<\/p>\n<\/li>\n<li class=\"\" data-start=\"1398\" data-end=\"1450\">\n<p class=\"\" data-start=\"1400\" data-end=\"1450\">Akun kapasiteetti: 850 mAh, uudelleenladattava<\/p>\n<\/li>\n<li class=\"\" data-start=\"1451\" data-end=\"1534\">\n<p class=\"\" data-start=\"1453\" data-end=\"1534\">Kierteen tyyppi: Mesh-kierre \u2013 tasainen h\u00f6yrystys ja t\u00e4ysi maku<\/p>\n<\/li>\n<li class=\"\" data-start=\"1535\" data-end=\"1611\">\n<p class=\"\" data-start=\"1537\" data-end=\"1611\">Latausliit\u00e4nt\u00e4: USB Type-C \u2013 nopea ja moderni latausmahdollisuus<\/p>\n<\/li>\n<li class=\"\" data-start=\"1612\" data-end=\"1677\">\n<p class=\"\" data-start=\"1614\" data-end=\"1677\">Nikotiinivaihtoehdot: 0 %, 2 %, 3 %, 5 % \u2013 valittavissa yksil\u00f6llisesti<\/p>\n<\/li>\n<li class=\"\" data-start=\"1678\" data-end=\"1774\">\n<p class=\"\" data-start=\"1680\" data-end=\"1774\">Ainesosat: Kasvipohjainen glyseriini (VG), Propyleeniglykol (PG), luonnolliset ja keinotekoiset maut<\/p>\n<\/li>\n<li class=\"\" data-start=\"1775\" data-end=\"1840\">\n<p class=\"\" data-start=\"1777\" data-end=\"1840\">Pakkaus: 10 kappaletta n\u00e4yt\u00f6sluettelossa, 200 kappaletta laatikossa<\/p>\n<\/li>\n<\/ul>\n<h3 class=\"\" data-start=\"1847\" data-end=\"1887\">Maksimaalinen teho, minimaalinen vaiva<\/h3>\n<p class=\"\" data-start=\"1889\" data-end=\"2241\">Bang 50000 tarjoaa ei vain intensiivisen maun, vaan my\u00f6s tinkim\u00e4tt\u00f6m\u00e4n suorituskyvyn. Tehokas 850 mAh akku takaa pitk\u00e4n k\u00e4yt\u00f6n yhdell\u00e4 latauksella, ja Type-C-liit\u00e4nt\u00e4 mahdollistaa nopean ja k\u00e4tev\u00e4n uudelleenlatauksen. N\u00e4in laitteesi pysyy aina k\u00e4ytt\u00f6valmiina \u2013 ihanteellinen arkeen, matkalle tai pitkille retkille.<\/p>\n<p class=\"\" data-start=\"2243\" data-end=\"2490\">Edistynyt mesh-kierteen teknologia takaa tasaisen l\u00e4mm\u00f6n jakautumisen, jolloin nestett\u00e4 h\u00f6yrystyy optimaalisesti ja maku p\u00e4\u00e4see esiin intensiivisesti. Ei raapimista, ei heikkenemist\u00e4 \u2013 vain puhdasta nautintoa viimeiseen vetoon asti.<\/p>\n<h3 class=\"\" data-start=\"2497\" data-end=\"2530\">Sopii kaikille h\u00f6yrytt\u00e4jille<\/h3>\n<p class=\"\" data-start=\"2532\" data-end=\"2793\">Olitpa aloittelija tai kokenut h\u00f6yrytt\u00e4j\u00e4 \u2013 Bang 50000 on helppok\u00e4ytt\u00f6inen ja tarjoaa erilaisia nikotiinipitoisuuksia, joten se sopii kaikille. Valitse itse, haluatko t\u00e4ysin luopua nikotiinista vai nauttia perinteisest\u00e4 kurkku\u00e4\u00e4nen vaikutuksesta.<\/p>\n<p class=\"\" data-start=\"2795\" data-end=\"3062\">50 ml E-liquidi\u00e4 sis\u00e4lt\u00e4v\u00e4n valtavan kapasiteetin ja vaikuttavan 50 000 vedon ansiosta sinun ei tarvitse huolehtia usein t\u00e4ytt\u00e4misest\u00e4 tai vaihtamisesta. Bang 50000 on t\u00e4ydellinen ratkaisu kaikille, jotka etsiv\u00e4t vapautta ja mukavuutta h\u00f6yryst\u00e4misess\u00e4.<\/p>\n<p class=\"\" data-start=\"3080\" data-end=\"3401\">Bang 50000 vedot Strawberry Mango \/ Watermelon Bubble Gum ei ole pelkk\u00e4 kertak\u00e4ytt\u00f6inen s\u00e4hk\u00f6tupakka \u2013 se on todellinen ilmentym\u00e4 nautinnosta, laadusta ja innovaatioista. Poikkeuksellisten makujen, voimakkaan suorituskyvyn ja huomattavan k\u00e4ytt\u00f6i\u00e4n ansiosta se erottuu selv\u00e4sti massasta.<\/p>\n<p class=\"\" data-start=\"3403\" data-end=\"3506\">Koe uusi ulottuvuus h\u00f6yryst\u00e4misess\u00e4 \u2013 Bang 50000 kanssa. Kerran maistettu, ei koskaan unohdu.<\/p>","protected":false},"excerpt":{"rendered":"<p>Bang 50000 Z\u00fcge Fruchtige Geschmacksexplosion mit Strawberry Mango &amp; Watermelon Bubble Gum Mit der Bang 50000 Z\u00fcge Einweg-E-Zigarette erwartet Sie ein au\u00dfergew\u00f6hnliches Dampferlebnis, das intensiven Geschmack, moderne Technik und maximale Langlebigkeit vereint. Die verf\u00fchrerischen Aromen von Strawberry Mango und Watermelon Bubble Gum versprechen puren Genuss bei jedem Zug \u2013 fruchtig, s\u00fc\u00df, erfrischend und absolut unwiderstehlich. [&hellip;]<\/p>","protected":false},"featured_media":16226,"template":"","meta":{"inline_featured_image":false},"product_cat":[776],"product_tag":[778],"tiered_pricing_type":"fixed","tiered_pricing_fixed_rules":[],"tiered_pricing_percentage_rules":[],"tiered_pricing_minimum":1,"_administrator_tiered_pricing_type":"fixed","_administrator_tiered_pricing_fixed_rules":[],"_editor_tiered_pricing_type":"fixed","_editor_tiered_pricing_fixed_rules":[],"_author_tiered_pricing_type":"fixed","_author_tiered_pricing_fixed_rules":[],"_contributor_tiered_pricing_type":"fixed","_contributor_tiered_pricing_fixed_rules":[],"_subscriber_tiered_pricing_type":"fixed","_subscriber_tiered_pricing_fixed_rules":[],"_customer_tiered_pricing_type":"fixed","_customer_tiered_pricing_fixed_rules":[],"_shop_manager_tiered_pricing_type":"fixed","_shop_manager_tiered_pricing_fixed_rules":[],"_wpseo_manager_tiered_pricing_type":"fixed","_wpseo_manager_tiered_pricing_fixed_rules":[],"_wpseo_editor_tiered_pricing_type":"fixed","_wpseo_editor_tiered_pricing_fixed_rules":[],"_wholesale_customer_tiered_pricing_type":"fixed","_wholesale_customer_tiered_pricing_fixed_rules":[],"_marketer_tiered_pricing_type":"fixed","_marketer_tiered_pricing_fixed_rules":[],"_sales_manager_tiered_pricing_type":"fixed","_sales_manager_tiered_pricing_fixed_rules":[],"_sales_rep_tiered_pricing_type":"fixed","_sales_rep_tiered_pricing_fixed_rules":[],"yoast_head":"<!-- This site is optimized with the Yoast SEO plugin v23.3 - https:\/\/yoast.com\/wordpress\/plugins\/seo\/ -->\n<title>Bang 50000 Z\u00fcge Intensiver Fruchtgenuss mit Strawberry Mango Bubble Gum Aroma | ElementVape.de<\/title>\n<meta name=\"description\" content=\"Genie\u00dfe bis zu 50000 Z\u00fcge mit s\u00fc\u00df-fruchtigem Strawberry Mango Watermelon Bubble Gum Geschmack \u2013 intensiver Dampfgenuss garantiert.\" \/>\n<meta name=\"robots\" content=\"index, follow, max-snippet:-1, max-image-preview:large, max-video-preview:-1\" \/>\n<link rel=\"canonical\" href=\"https:\/\/www.elementvape.de\/fi\/produkt\/bang-50000-zuege-intensiver-fruchtgenuss-mit-strawberry-mango-bubble-gum-aroma\/\" \/>\n<meta property=\"og:locale\" content=\"fi_FI\" \/>\n<meta property=\"og:type\" content=\"article\" \/>\n<meta property=\"og:title\" content=\"Bang 50000 Z\u00fcge Intensiver Fruchtgenuss mit Strawberry Mango Bubble Gum Aroma | ElementVape.de\" \/>\n<meta property=\"og:description\" content=\"Genie\u00dfe bis zu 50000 Z\u00fcge mit s\u00fc\u00df-fruchtigem Strawberry Mango Watermelon Bubble Gum Geschmack \u2013 intensiver Dampfgenuss garantiert.\" \/>\n<meta property=\"og:url\" content=\"https:\/\/www.elementvape.de\/fi\/produkt\/bang-50000-zuege-intensiver-fruchtgenuss-mit-strawberry-mango-bubble-gum-aroma\/\" \/>\n<meta property=\"og:site_name\" content=\"ElementVape.de\" \/>\n<meta property=\"article:modified_time\" content=\"2025-04-17T09:36:03+00:00\" \/>\n<meta property=\"og:image\" content=\"https:\/\/www.elementvape.de\/wp-content\/uploads\/2025\/04\/Bang-King-50000-Puffs-Strawberry-Mango-WatermelonBubbleGum.jpg\" \/>\n\t<meta property=\"og:image:width\" content=\"1000\" \/>\n\t<meta property=\"og:image:height\" content=\"963\" \/>\n\t<meta property=\"og:image:type\" content=\"image\/jpeg\" \/>\n<meta name=\"twitter:card\" content=\"summary_large_image\" \/>\n<meta name=\"twitter:label1\" content=\"Est. reading time\" \/>\n\t<meta name=\"twitter:data1\" content=\"3 minuuttia\" \/>\n<script type=\"application\/ld+json\" class=\"yoast-schema-graph\">{\"@context\":\"https:\/\/schema.org\",\"@graph\":[{\"@type\":\"WebPage\",\"@id\":\"https:\/\/www.elementvape.de\/en\/produkt\/bang-50000-zuege-intensiver-fruchtgenuss-mit-strawberry-mango-bubble-gum-aroma\/\",\"url\":\"https:\/\/www.elementvape.de\/en\/produkt\/bang-50000-zuege-intensiver-fruchtgenuss-mit-strawberry-mango-bubble-gum-aroma\/\",\"name\":\"Bang 50000 Z\u00fcge Intensiver Fruchtgenuss mit Strawberry Mango Bubble Gum Aroma | ElementVape.de\",\"isPartOf\":{\"@id\":\"https:\/\/www.elementvape.de\/#website\"},\"primaryImageOfPage\":{\"@id\":\"https:\/\/www.elementvape.de\/en\/produkt\/bang-50000-zuege-intensiver-fruchtgenuss-mit-strawberry-mango-bubble-gum-aroma\/#primaryimage\"},\"image\":{\"@id\":\"https:\/\/www.elementvape.de\/en\/produkt\/bang-50000-zuege-intensiver-fruchtgenuss-mit-strawberry-mango-bubble-gum-aroma\/#primaryimage\"},\"thumbnailUrl\":\"https:\/\/www.elementvape.de\/wp-content\/uploads\/2025\/04\/Bang-King-50000-Puffs-Strawberry-Mango-WatermelonBubbleGum.jpg\",\"datePublished\":\"2025-04-17T06:59:33+00:00\",\"dateModified\":\"2025-04-17T09:36:03+00:00\",\"description\":\"Genie\u00dfe bis zu 50000 Z\u00fcge mit s\u00fc\u00df-fruchtigem Strawberry Mango Watermelon Bubble Gum Geschmack \u2013 intensiver Dampfgenuss garantiert.\",\"breadcrumb\":{\"@id\":\"https:\/\/www.elementvape.de\/en\/produkt\/bang-50000-zuege-intensiver-fruchtgenuss-mit-strawberry-mango-bubble-gum-aroma\/#breadcrumb\"},\"inLanguage\":\"fi\",\"potentialAction\":[{\"@type\":\"ReadAction\",\"target\":[\"https:\/\/www.elementvape.de\/en\/produkt\/bang-50000-zuege-intensiver-fruchtgenuss-mit-strawberry-mango-bubble-gum-aroma\/\"]}]},{\"@type\":\"ImageObject\",\"inLanguage\":\"fi\",\"@id\":\"https:\/\/www.elementvape.de\/en\/produkt\/bang-50000-zuege-intensiver-fruchtgenuss-mit-strawberry-mango-bubble-gum-aroma\/#primaryimage\",\"url\":\"https:\/\/www.elementvape.de\/wp-content\/uploads\/2025\/04\/Bang-King-50000-Puffs-Strawberry-Mango-WatermelonBubbleGum.jpg\",\"contentUrl\":\"https:\/\/www.elementvape.de\/wp-content\/uploads\/2025\/04\/Bang-King-50000-Puffs-Strawberry-Mango-WatermelonBubbleGum.jpg\",\"width\":1000,\"height\":963},{\"@type\":\"BreadcrumbList\",\"@id\":\"https:\/\/www.elementvape.de\/en\/produkt\/bang-50000-zuege-intensiver-fruchtgenuss-mit-strawberry-mango-bubble-gum-aroma\/#breadcrumb\",\"itemListElement\":[{\"@type\":\"ListItem\",\"position\":1,\"name\":\"Home\",\"item\":\"https:\/\/www.elementvape.de\/\"},{\"@type\":\"ListItem\",\"position\":2,\"name\":\"Shop\",\"item\":\"https:\/\/www.elementvape.de\/shop\/\"},{\"@type\":\"ListItem\",\"position\":3,\"name\":\"Bang 50000 Z\u00fcge Intensiver Fruchtgenuss mit Strawberry Mango Bubble Gum Aroma\"}]},{\"@type\":\"WebSite\",\"@id\":\"https:\/\/www.elementvape.de\/#website\",\"url\":\"https:\/\/www.elementvape.de\/\",\"name\":\"ElementVape.de\",\"description\":\"\",\"publisher\":{\"@id\":\"https:\/\/www.elementvape.de\/#organization\"},\"potentialAction\":[{\"@type\":\"SearchAction\",\"target\":{\"@type\":\"EntryPoint\",\"urlTemplate\":\"https:\/\/www.elementvape.de\/?s={search_term_string}\"},\"query-input\":\"required name=search_term_string\"}],\"inLanguage\":\"fi\"},{\"@type\":\"Organization\",\"@id\":\"https:\/\/www.elementvape.de\/#organization\",\"name\":\"ElementVape.DE\",\"url\":\"https:\/\/www.elementvape.de\/\",\"logo\":{\"@type\":\"ImageObject\",\"inLanguage\":\"fi\",\"@id\":\"https:\/\/www.elementvape.de\/#\/schema\/logo\/image\/\",\"url\":\"https:\/\/www.elementvape.de\/wp-content\/uploads\/2024\/09\/cropped-1elementvape-3.png\",\"contentUrl\":\"https:\/\/www.elementvape.de\/wp-content\/uploads\/2024\/09\/cropped-1elementvape-3.png\",\"width\":285,\"height\":228,\"caption\":\"ElementVape.DE\"},\"image\":{\"@id\":\"https:\/\/www.elementvape.de\/#\/schema\/logo\/image\/\"}}]}<\/script>\n<!-- \/ Yoast SEO plugin. -->","yoast_head_json":{"title":"Bang 50000 Z\u00fcge Intensiver Fruchtgenuss mit Strawberry Mango Bubble Gum Aroma | ElementVape.de","description":"Genie\u00dfe bis zu 50000 Z\u00fcge mit s\u00fc\u00df-fruchtigem Strawberry Mango Watermelon Bubble Gum Geschmack \u2013 intensiver Dampfgenuss garantiert.","robots":{"index":"index","follow":"follow","max-snippet":"max-snippet:-1","max-image-preview":"max-image-preview:large","max-video-preview":"max-video-preview:-1"},"canonical":"https:\/\/www.elementvape.de\/fi\/produkt\/bang-50000-zuege-intensiver-fruchtgenuss-mit-strawberry-mango-bubble-gum-aroma\/","og_locale":"fi_FI","og_type":"article","og_title":"Bang 50000 Z\u00fcge Intensiver Fruchtgenuss mit Strawberry Mango Bubble Gum Aroma | ElementVape.de","og_description":"Genie\u00dfe bis zu 50000 Z\u00fcge mit s\u00fc\u00df-fruchtigem Strawberry Mango Watermelon Bubble Gum Geschmack \u2013 intensiver Dampfgenuss garantiert.","og_url":"https:\/\/www.elementvape.de\/fi\/produkt\/bang-50000-zuege-intensiver-fruchtgenuss-mit-strawberry-mango-bubble-gum-aroma\/","og_site_name":"ElementVape.de","article_modified_time":"2025-04-17T09:36:03+00:00","og_image":[{"width":1000,"height":963,"url":"https:\/\/www.elementvape.de\/wp-content\/uploads\/2025\/04\/Bang-King-50000-Puffs-Strawberry-Mango-WatermelonBubbleGum.jpg","type":"image\/jpeg"}],"twitter_card":"summary_large_image","twitter_misc":{"Est. reading time":"3 minuuttia"},"schema":{"@context":"https:\/\/schema.org","@graph":[{"@type":"WebPage","@id":"https:\/\/www.elementvape.de\/en\/produkt\/bang-50000-zuege-intensiver-fruchtgenuss-mit-strawberry-mango-bubble-gum-aroma\/","url":"https:\/\/www.elementvape.de\/en\/produkt\/bang-50000-zuege-intensiver-fruchtgenuss-mit-strawberry-mango-bubble-gum-aroma\/","name":"Bang 50000 Z\u00fcge Intensiver Fruchtgenuss mit Strawberry Mango Bubble Gum Aroma | ElementVape.de","isPartOf":{"@id":"https:\/\/www.elementvape.de\/#website"},"primaryImageOfPage":{"@id":"https:\/\/www.elementvape.de\/en\/produkt\/bang-50000-zuege-intensiver-fruchtgenuss-mit-strawberry-mango-bubble-gum-aroma\/#primaryimage"},"image":{"@id":"https:\/\/www.elementvape.de\/en\/produkt\/bang-50000-zuege-intensiver-fruchtgenuss-mit-strawberry-mango-bubble-gum-aroma\/#primaryimage"},"thumbnailUrl":"https:\/\/www.elementvape.de\/wp-content\/uploads\/2025\/04\/Bang-King-50000-Puffs-Strawberry-Mango-WatermelonBubbleGum.jpg","datePublished":"2025-04-17T06:59:33+00:00","dateModified":"2025-04-17T09:36:03+00:00","description":"Genie\u00dfe bis zu 50000 Z\u00fcge mit s\u00fc\u00df-fruchtigem Strawberry Mango Watermelon Bubble Gum Geschmack \u2013 intensiver Dampfgenuss garantiert.","breadcrumb":{"@id":"https:\/\/www.elementvape.de\/en\/produkt\/bang-50000-zuege-intensiver-fruchtgenuss-mit-strawberry-mango-bubble-gum-aroma\/#breadcrumb"},"inLanguage":"fi","potentialAction":[{"@type":"ReadAction","target":["https:\/\/www.elementvape.de\/en\/produkt\/bang-50000-zuege-intensiver-fruchtgenuss-mit-strawberry-mango-bubble-gum-aroma\/"]}]},{"@type":"ImageObject","inLanguage":"fi","@id":"https:\/\/www.elementvape.de\/en\/produkt\/bang-50000-zuege-intensiver-fruchtgenuss-mit-strawberry-mango-bubble-gum-aroma\/#primaryimage","url":"https:\/\/www.elementvape.de\/wp-content\/uploads\/2025\/04\/Bang-King-50000-Puffs-Strawberry-Mango-WatermelonBubbleGum.jpg","contentUrl":"https:\/\/www.elementvape.de\/wp-content\/uploads\/2025\/04\/Bang-King-50000-Puffs-Strawberry-Mango-WatermelonBubbleGum.jpg","width":1000,"height":963},{"@type":"BreadcrumbList","@id":"https:\/\/www.elementvape.de\/en\/produkt\/bang-50000-zuege-intensiver-fruchtgenuss-mit-strawberry-mango-bubble-gum-aroma\/#breadcrumb","itemListElement":[{"@type":"ListItem","position":1,"name":"Home","item":"https:\/\/www.elementvape.de\/"},{"@type":"ListItem","position":2,"name":"Shop","item":"https:\/\/www.elementvape.de\/shop\/"},{"@type":"ListItem","position":3,"name":"Bang 50000 Z\u00fcge Intensiver Fruchtgenuss mit Strawberry Mango Bubble Gum Aroma"}]},{"@type":"WebSite","@id":"https:\/\/www.elementvape.de\/#website","url":"https:\/\/www.elementvape.de\/","name":"ElementVape.de","description":"","publisher":{"@id":"https:\/\/www.elementvape.de\/#organization"},"potentialAction":[{"@type":"SearchAction","target":{"@type":"EntryPoint","urlTemplate":"https:\/\/www.elementvape.de\/?s={search_term_string}"},"query-input":"required name=search_term_string"}],"inLanguage":"fi"},{"@type":"Organization","@id":"https:\/\/www.elementvape.de\/#organization","name":"ElementVape.DE","url":"https:\/\/www.elementvape.de\/","logo":{"@type":"ImageObject","inLanguage":"fi","@id":"https:\/\/www.elementvape.de\/#\/schema\/logo\/image\/","url":"https:\/\/www.elementvape.de\/wp-content\/uploads\/2024\/09\/cropped-1elementvape-3.png","contentUrl":"https:\/\/www.elementvape.de\/wp-content\/uploads\/2024\/09\/cropped-1elementvape-3.png","width":285,"height":228,"caption":"ElementVape.DE"},"image":{"@id":"https:\/\/www.elementvape.de\/#\/schema\/logo\/image\/"}}]}},"_links":{"self":[{"href":"https:\/\/www.elementvape.de\/fi\/wp-json\/wp\/v2\/product\/16242"}],"collection":[{"href":"https:\/\/www.elementvape.de\/fi\/wp-json\/wp\/v2\/product"}],"about":[{"href":"https:\/\/www.elementvape.de\/fi\/wp-json\/wp\/v2\/types\/product"}],"wp:featuredmedia":[{"embeddable":true,"href":"https:\/\/www.elementvape.de\/fi\/wp-json\/wp\/v2\/media\/16226"}],"wp:attachment":[{"href":"https:\/\/www.elementvape.de\/fi\/wp-json\/wp\/v2\/media?parent=16242"}],"wp:term":[{"taxonomy":"product_cat","embeddable":true,"href":"https:\/\/www.elementvape.de\/fi\/wp-json\/wp\/v2\/product_cat?post=16242"},{"taxonomy":"product_tag","embeddable":true,"href":"https:\/\/www.elementvape.de\/fi\/wp-json\/wp\/v2\/product_tag?post=16242"}],"curies":[{"name":"wp","href":"https:\/\/api.w.org\/{rel}","templated":true}]}}