{"id":15396,"date":"2024-11-26T06:22:35","date_gmt":"2024-11-26T06:22:35","guid":{"rendered":"https:\/\/www.elementvape.de\/?post_type=product&#038;p=15396"},"modified":"2024-11-26T07:33:14","modified_gmt":"2024-11-26T07:33:14","slug":"bang-king-25000-puffs-mit-grossbildschirm-blueberry-mint-fuer-den-erfrischenden-vape","status":"publish","type":"product","link":"https:\/\/www.elementvape.de\/fi\/produkt\/bang-king-25000-puffs-mit-grossbildschirm-blueberry-mint-fuer-den-erfrischenden-vape\/","title":{"rendered":"BANG KING 25000 Puffs Suurn\u00e4ytt\u00f6 Blueberry Mint -raikastava vape"},"content":{"rendered":"<h2>BANG KING 25000 Henk\u00e4yst\u00e4 Suurikokoisella N\u00e4yt\u00f6ll\u00e4 Mustikka Minttu \u2013 Virkist\u00e4v\u00e4 Vape tien p\u00e4\u00e4lle<\/h2>\n<p>BANG KING 25000 Henk\u00e4yst\u00e4 E-savuke mustikka mintun makuisena on todellinen kohokohta e-savukkeiden maailmassa ja tarjoaa intensiivisen, virkist\u00e4v\u00e4n h\u00f6yryttelykokemuksen. Uskomattomalla 25 000 henk\u00e4yksen kapasiteetilla, 30 ml:n e-nestekapasiteetilla ja modernilla suurikokoisella n\u00e4yt\u00f6ll\u00e4 t\u00e4m\u00e4 laite yhdist\u00e4\u00e4 poikkeuksellisen suorituskyvyn makuun, joka on sek\u00e4 hedelm\u00e4inen ett\u00e4 viilent\u00e4v\u00e4 \u2013 t\u00e4ydellinen kaikille, jotka etsiv\u00e4t virkist\u00e4v\u00e4\u00e4 potkua.<\/p>\n<p>Mustikka Minttu -maku yhdist\u00e4\u00e4 mustikoiden makean, mehukkaan tuoreuden mintun viilent\u00e4v\u00e4\u00e4n vaikutukseen ja tarjoaa virkist\u00e4v\u00e4n h\u00f6yryttelykokemuksen, joka voi seurata sinua koko p\u00e4iv\u00e4n. Halusitpa sitten k\u00e4ytt\u00e4\u00e4 sit\u00e4 virkist\u00e4v\u00e4n\u00e4 nautintona tien p\u00e4\u00e4ll\u00e4 tai p\u00e4ivitt\u00e4isen\u00e4 vape-vaihtoehtona, BANG KING 25000 Henk\u00e4yst\u00e4 E-savuke on t\u00e4ydellinen kumppani h\u00f6yryttelij\u00f6ille, jotka etsiv\u00e4t pitk\u00e4\u00e4 k\u00e4ytt\u00f6ik\u00e4\u00e4 ja virkist\u00e4v\u00e4\u00e4 makur\u00e4j\u00e4hdyst\u00e4.<\/p>\n<p>T\u00e4st\u00e4 artikkelista saat tiet\u00e4\u00e4 kaiken, mit\u00e4 sinun tarvitsee tiet\u00e4\u00e4 BANG KING 25000 Henk\u00e4yst\u00e4 Suurikokoisella N\u00e4yt\u00f6ll\u00e4 Mustikka Minttu E-savukkeesta \u2013 teknisist\u00e4 ominaisuuksista t\u00e4m\u00e4n laitteen ainutlaatuisiin etuihin.<\/p>\n<h3>BANG KING 25000 Henk\u00e4yst\u00e4 E-savukkeen tekniset tiedot \u2013 Mustikka Minttu<\/h3>\n<table>\n<thead>\n<tr>\n<th>Parametrit<\/th>\n<th>Yksityiskohdat<\/th>\n<\/tr>\n<\/thead>\n<tbody>\n<tr>\n<td>Puhallukset (vedot)<\/td>\n<td>25.000<\/td>\n<\/tr>\n<tr>\n<td>E-liquidin kapasiteetti<\/td>\n<td>30 ml<\/td>\n<\/tr>\n<tr>\n<td>vastus (Resistance)<\/td>\n<td>1,0 ohm<\/td>\n<\/tr>\n<tr>\n<td>Latausliit\u00e4nt\u00e4 (Charging Port)<\/td>\n<td>Type-C<\/td>\n<\/tr>\n<tr>\n<td>Akkukapasiteetti (Battery Capacity)<\/td>\n<td>650mAh<\/td>\n<\/tr>\n<tr>\n<td>Maku (Flavor)<\/td>\n<td>Mustikka Minttu<\/td>\n<\/tr>\n<tr>\n<td>Kohderyhm\u00e4<\/td>\n<td>H\u00f6yryttelij\u00e4t, jotka pit\u00e4v\u00e4t hedelm\u00e4isist\u00e4 ja viilent\u00e4vist\u00e4 aromeista<\/td>\n<\/tr>\n<tr>\n<td>Latausaika<\/td>\n<td>Nopea lataus Type-C:n kautta<\/td>\n<\/tr>\n<tr>\n<td>Koko (mitat)<\/td>\n<td>Kompakti ja helppo kuljettaa<\/td>\n<\/tr>\n<tr>\n<td>K\u00e4ytetty teknologia<\/td>\n<td>Mesh-k\u00e4\u00e4mi tasaisen h\u00f6yryn ja maun takaamiseksi<\/td>\n<\/tr>\n<tr>\n<td>Lis\u00e4toiminnot<\/td>\n<td>Suuri n\u00e4ytt\u00f6 puff-m\u00e4\u00e4r\u00e4n ja akun tilan n\u00e4ytt\u00e4miseen<\/td>\n<\/tr>\n<\/tbody>\n<\/table>\n<h3>Miksi BANG KING 25000 Henk\u00e4yst\u00e4 E-savuke \u2013 Mustikka Minttu on paras valinta<\/h3>\n<ol>\n<li>25 000 puffsia pitk\u00e4kestoiseen nautintoon<br \/>\nBANG KING 25000 Henk\u00e4yst\u00e4 E-savuke on todellinen voimanpes\u00e4, jonka henk\u00e4yskapasiteetti on 25 000, joten voit k\u00e4ytt\u00e4\u00e4 t\u00e4t\u00e4 laitetta pitk\u00e4n aikaa ilman, ett\u00e4 sinun tarvitsee huolehtia usein toistuvasta t\u00e4ytt\u00e4misest\u00e4 tai lataamisesta. T\u00e4m\u00e4 suuri henk\u00e4ysten m\u00e4\u00e4r\u00e4 takaa pitk\u00e4kestoisen h\u00f6yryttelykokemuksen, joka ei j\u00e4t\u00e4 mit\u00e4\u00e4n toivomisen varaa.<\/li>\n<li>30 ml E-nestekapasiteetti pidemp\u00e4\u00e4n nautintoon<br \/>\nAnteliaan 30 ml:n e-nestekapasiteetin ansiosta voit nauttia mustikka mintun tuoreista aromeista pitk\u00e4n aikaa ilman jatkuvaa t\u00e4ytt\u00e4mist\u00e4. T\u00e4m\u00e4n suuren kapasiteetin ansiosta voit keskitty\u00e4 h\u00f6yryttelyyn ilman usein toistuvan t\u00e4ytt\u00e4misen vaivaa.<\/li>\n<li>Mustikka Minttu -maku takaa tuoreen nautinnon<br \/>\nMustikka Minttu -maku tarjoaa t\u00e4ydellisen yhdistelm\u00e4n makeita, mehukkaita mustikoita ja virkist\u00e4v\u00e4\u00e4 minttua. Mustikoiden makeaa hedelm\u00e4isyytt\u00e4 t\u00e4ydent\u00e4\u00e4 mintun viilent\u00e4v\u00e4 vaikutus, mik\u00e4 takaa virkist\u00e4v\u00e4n ja elvytt\u00e4v\u00e4n h\u00f6yryttelykokemuksen. T\u00e4m\u00e4 hedelm\u00e4n ja tuoreuden tasapaino tekee mustikka mintun mausta ihanteellisen vapen jokaiseen tilanteeseen.<\/li>\n<li>1.0 Ohmin Mesh-Coil parantaa makua<br \/>\n1.0 Ohmin Mesh-Coil varmistaa e-nesteen tasaisen h\u00f6yrystymisen ja tuottaa intensiivisen ja vakaan maun. Mesh-Coilit tarjoavat perinteisiin k\u00e4\u00e4meihin verrattuna suuremman pinta-alan, mik\u00e4 johtaa parempaan maun toistoon ja tasaisempaan h\u00f6yryntuotantoon. T\u00e4m\u00e4 takaa korkealaatuisen h\u00f6yryttelykokemuksen jokaisella henk\u00e4yksell\u00e4.<\/li>\n<li>Nopea lataus Type-C-liit\u00e4nn\u00e4ll\u00e4<br \/>\nType-C-latausliit\u00e4nt\u00e4 mahdollistaa 650 mAh:n akun nopean ja tehokkaan latauksen. Type-C-liit\u00e4nn\u00e4n avulla voit ladata e-savukkeesi hetkess\u00e4, joten viet\u00e4t v\u00e4hemm\u00e4n aikaa odottamiseen ja enemm\u00e4n aikaa h\u00f6yryttelyyn.<\/li>\n<li>650 mAh:n akku takaa luotettavan suorituskyvyn<br \/>\n650 mAh:n akku tuottaa tarpeeksi virtaa 25 000 henk\u00e4ykseen ja varmistaa, ett\u00e4 saat luotettavan suorituskyvyn my\u00f6s pitk\u00e4aikaisessa k\u00e4yt\u00f6ss\u00e4. T\u00e4m\u00e4 kapasiteetti takaa, ett\u00e4 e-savuke tuottaa jatkuvasti hyvi\u00e4 tuloksia viimeiseen henk\u00e4ykseen asti.<\/li>\n<li>Suurikokoinen n\u00e4ytt\u00f6 helpottaa hallintaa<br \/>\nSuurikokoinen n\u00e4ytt\u00f6 n\u00e4ytt\u00e4\u00e4 sinulle aina, kuinka monta henk\u00e4yst\u00e4 on viel\u00e4 k\u00e4ytett\u00e4viss\u00e4 ja mik\u00e4 on akun tila. T\u00e4m\u00e4 tekee h\u00f6yryttelyst\u00e4 entist\u00e4 mukavampaa ja k\u00e4ytt\u00e4j\u00e4yst\u00e4v\u00e4llisemp\u00e4\u00e4, koska tied\u00e4t tarkalleen, milloin on aika ladata tai t\u00e4ytt\u00e4\u00e4 laite uudelleen.<\/li>\n<\/ol>\n<h3>Yhteenveto BANG KING 25000 Puffs E-savukeppi \u2013 Blueberry Mint<\/h3>\n<p>H\u00f6yrystimen p\u00e4\u00e4ss\u00e4 oleva <strong><a href=\"https:\/\/www.elementvape.de\/fi\/c\/bang-king-25000-puffs\/\">BANG KING 25000 Puhallusta<\/a><\/strong> Blueberry Mint-makuinen E-savukeppi on yksi markkinoiden parhaista, joka vakuuttaa sek\u00e4 suorituskyvyll\u00e4\u00e4n ett\u00e4 virkist\u00e4v\u00e4ll\u00e4 maullaan. 25 000 puffsin kapasiteetilla, runsaan 30 ml e-liquidi-kapasiteetin, innovatiivisella 1.0 Ohm Mesh-Coililla ja 650 mAh akulla t\u00e4m\u00e4 laite tarjoaa kest\u00e4v\u00e4n, intensiivisen ja k\u00e4tev\u00e4n h\u00f6yryst\u00e4miskokemuksen.<\/p>\n<p>Blueberry Mint -maku tarjoaa virkist\u00e4v\u00e4n ja hedelm\u00e4isen vape-matkan, joka yhdist\u00e4\u00e4 makeat marjat ja viilent\u00e4v\u00e4n mintun. Nopea lataus Type-C-liit\u00e4nn\u00e4ll\u00e4 ja suuri n\u00e4ytt\u00f6, joka n\u00e4ytt\u00e4\u00e4 kaikki t\u00e4rke\u00e4t tiedot, tekev\u00e4t h\u00f6yryst\u00e4misest\u00e4 viel\u00e4kin k\u00e4yt\u00e4nn\u00f6llisemp\u00e4\u00e4 ja k\u00e4ytt\u00e4j\u00e4yst\u00e4v\u00e4llisemp\u00e4\u00e4. BANG KING 25000 Puffs E-savukeppi on ihanteellinen valinta h\u00f6yrystajille, jotka etsiv\u00e4t pitk\u00e4\u00e4 k\u00e4ytt\u00f6aikaa, erinomaista suorituskyky\u00e4 ja virkist\u00e4v\u00e4\u00e4, hedelm\u00e4ist\u00e4 makua.<\/p>\n<p>Kanssa BANG KING 25000 Puffs <strong><a href=\"https:\/\/www.elementvape.de\/fi\/\">S\u00e4hk\u00f6tupakka<\/a><\/strong> \u2013 Blueberry Mint voit kokea katkeamattoman h\u00f6yryst\u00e4miskokemuksen, joka pysyy virkist\u00e4v\u00e4n\u00e4 hedelm\u00e4isen Blueberry-Mint -maun ansiosta milloin tahansa. Olipa kyseess\u00e4 p\u00e4ivitt\u00e4inen k\u00e4ytt\u00f6 tai erityinen nautintol\u00e4hde matkalla \u2013 t\u00e4m\u00e4 e-savukeppi on must-have jokaiselle h\u00f6yryst\u00e4j\u00e4lle, joka rakastaa virkist\u00e4v\u00e4\u00e4 kicki\u00e4.<\/p>","protected":false},"excerpt":{"rendered":"<p>BANG KING 25000 Puffs mit Gro\u00dfbildschirm Blueberry Mint \u2013 Der erfrischende Vape f\u00fcr unterwegs Die BANG KING 25000 Puffs E-Zigarette mit Blueberry Mint-Geschmack ist ein wahres Highlight in der Welt der E-Zigaretten und bietet ein intensives, erfrischendes Dampferlebnis. Mit einer unglaublichen Puff-Kapazit\u00e4t von 25.000, einer 30 ml E-Liquid-Kapazit\u00e4t und einem modernen Gro\u00dfbildschirm kombiniert dieses Ger\u00e4t [&hellip;]<\/p>","protected":false},"featured_media":15415,"template":"","meta":{"inline_featured_image":false},"product_cat":[767,741,733,747],"product_tag":[710,768],"tiered_pricing_type":"fixed","tiered_pricing_fixed_rules":{"60":"10.08","110":"8.96","200":"7.84"},"tiered_pricing_percentage_rules":[],"tiered_pricing_minimum":1,"_administrator_tiered_pricing_type":"fixed","_administrator_tiered_pricing_fixed_rules":[],"_editor_tiered_pricing_type":"fixed","_editor_tiered_pricing_fixed_rules":[],"_author_tiered_pricing_type":"fixed","_author_tiered_pricing_fixed_rules":[],"_contributor_tiered_pricing_type":"fixed","_contributor_tiered_pricing_fixed_rules":[],"_subscriber_tiered_pricing_type":"fixed","_subscriber_tiered_pricing_fixed_rules":[],"_customer_tiered_pricing_type":"fixed","_customer_tiered_pricing_fixed_rules":[],"_shop_manager_tiered_pricing_type":"fixed","_shop_manager_tiered_pricing_fixed_rules":[],"_wpseo_manager_tiered_pricing_type":"fixed","_wpseo_manager_tiered_pricing_fixed_rules":[],"_wpseo_editor_tiered_pricing_type":"fixed","_wpseo_editor_tiered_pricing_fixed_rules":[],"_wholesale_customer_tiered_pricing_type":"fixed","_wholesale_customer_tiered_pricing_fixed_rules":[],"_marketer_tiered_pricing_type":"fixed","_marketer_tiered_pricing_fixed_rules":[],"_sales_manager_tiered_pricing_type":"fixed","_sales_manager_tiered_pricing_fixed_rules":[],"_sales_rep_tiered_pricing_type":"fixed","_sales_rep_tiered_pricing_fixed_rules":[],"yoast_head":"<!-- This site is optimized with the Yoast SEO plugin v23.3 - https:\/\/yoast.com\/wordpress\/plugins\/seo\/ -->\n<title>BANG KING 25000 Puffs mit Gro\u00dfbildschirm Blueberry Mint f\u00fcr den erfrischenden Vape | ElementVape.de<\/title>\n<meta name=\"description\" content=\"Wir bieten BANG KING 25000 Puffs mit Gro\u00dfbildschirm Blueberry Mint f\u00fcr den erfrischenden Vape , Elementvape.de akzeptieren Gro\u00df-und Einzelhandel Bestellungen.\" \/>\n<meta name=\"robots\" content=\"index, follow, max-snippet:-1, max-image-preview:large, max-video-preview:-1\" \/>\n<link rel=\"canonical\" href=\"https:\/\/www.elementvape.de\/fi\/produkt\/bang-king-25000-puffs-mit-grossbildschirm-blueberry-mint-fuer-den-erfrischenden-vape\/\" \/>\n<meta property=\"og:locale\" content=\"fi_FI\" \/>\n<meta property=\"og:type\" content=\"article\" \/>\n<meta property=\"og:title\" content=\"BANG KING 25000 Puffs mit Gro\u00dfbildschirm Blueberry Mint f\u00fcr den erfrischenden Vape | ElementVape.de\" \/>\n<meta property=\"og:description\" content=\"Wir bieten BANG KING 25000 Puffs mit Gro\u00dfbildschirm Blueberry Mint f\u00fcr den erfrischenden Vape , Elementvape.de akzeptieren Gro\u00df-und Einzelhandel Bestellungen.\" \/>\n<meta property=\"og:url\" content=\"https:\/\/www.elementvape.de\/fi\/produkt\/bang-king-25000-puffs-mit-grossbildschirm-blueberry-mint-fuer-den-erfrischenden-vape\/\" \/>\n<meta property=\"og:site_name\" content=\"ElementVape.de\" \/>\n<meta property=\"article:modified_time\" content=\"2024-11-26T07:33:14+00:00\" \/>\n<meta property=\"og:image\" content=\"https:\/\/www.elementvape.de\/wp-content\/uploads\/2024\/11\/blueberry-mint.jpg\" \/>\n\t<meta property=\"og:image:width\" content=\"1000\" \/>\n\t<meta property=\"og:image:height\" content=\"1000\" \/>\n\t<meta property=\"og:image:type\" content=\"image\/jpeg\" \/>\n<meta name=\"twitter:card\" content=\"summary_large_image\" \/>\n<meta name=\"twitter:label1\" content=\"Est. reading time\" \/>\n\t<meta name=\"twitter:data1\" content=\"5 minuuttia\" \/>\n<script type=\"application\/ld+json\" class=\"yoast-schema-graph\">{\"@context\":\"https:\/\/schema.org\",\"@graph\":[{\"@type\":\"WebPage\",\"@id\":\"https:\/\/www.elementvape.de\/fi\/produkt\/bang-king-25000-puffs-mit-grossbildschirm-blueberry-mint-fuer-den-erfrischenden-vape\/\",\"url\":\"https:\/\/www.elementvape.de\/fi\/produkt\/bang-king-25000-puffs-mit-grossbildschirm-blueberry-mint-fuer-den-erfrischenden-vape\/\",\"name\":\"BANG KING 25000 Puffs mit Gro\u00dfbildschirm Blueberry Mint f\u00fcr den erfrischenden Vape | ElementVape.de\",\"isPartOf\":{\"@id\":\"https:\/\/www.elementvape.de\/#website\"},\"primaryImageOfPage\":{\"@id\":\"https:\/\/www.elementvape.de\/fi\/produkt\/bang-king-25000-puffs-mit-grossbildschirm-blueberry-mint-fuer-den-erfrischenden-vape\/#primaryimage\"},\"image\":{\"@id\":\"https:\/\/www.elementvape.de\/fi\/produkt\/bang-king-25000-puffs-mit-grossbildschirm-blueberry-mint-fuer-den-erfrischenden-vape\/#primaryimage\"},\"thumbnailUrl\":\"https:\/\/www.elementvape.de\/wp-content\/uploads\/2024\/11\/blueberry-mint.jpg\",\"datePublished\":\"2024-11-26T06:22:35+00:00\",\"dateModified\":\"2024-11-26T07:33:14+00:00\",\"description\":\"Wir bieten BANG KING 25000 Puffs mit Gro\u00dfbildschirm Blueberry Mint f\u00fcr den erfrischenden Vape , Elementvape.de akzeptieren Gro\u00df-und Einzelhandel Bestellungen.\",\"breadcrumb\":{\"@id\":\"https:\/\/www.elementvape.de\/fi\/produkt\/bang-king-25000-puffs-mit-grossbildschirm-blueberry-mint-fuer-den-erfrischenden-vape\/#breadcrumb\"},\"inLanguage\":\"fi\",\"potentialAction\":[{\"@type\":\"ReadAction\",\"target\":[\"https:\/\/www.elementvape.de\/fi\/produkt\/bang-king-25000-puffs-mit-grossbildschirm-blueberry-mint-fuer-den-erfrischenden-vape\/\"]}]},{\"@type\":\"ImageObject\",\"inLanguage\":\"fi\",\"@id\":\"https:\/\/www.elementvape.de\/fi\/produkt\/bang-king-25000-puffs-mit-grossbildschirm-blueberry-mint-fuer-den-erfrischenden-vape\/#primaryimage\",\"url\":\"https:\/\/www.elementvape.de\/wp-content\/uploads\/2024\/11\/blueberry-mint.jpg\",\"contentUrl\":\"https:\/\/www.elementvape.de\/wp-content\/uploads\/2024\/11\/blueberry-mint.jpg\",\"width\":1000,\"height\":1000,\"caption\":\"blueberry mint BANG KING 25000 PUFFS LARGE SCREEN B25\"},{\"@type\":\"BreadcrumbList\",\"@id\":\"https:\/\/www.elementvape.de\/fi\/produkt\/bang-king-25000-puffs-mit-grossbildschirm-blueberry-mint-fuer-den-erfrischenden-vape\/#breadcrumb\",\"itemListElement\":[{\"@type\":\"ListItem\",\"position\":1,\"name\":\"Home\",\"item\":\"https:\/\/www.elementvape.de\/\"},{\"@type\":\"ListItem\",\"position\":2,\"name\":\"Shop\",\"item\":\"https:\/\/www.elementvape.de\/shop\/\"},{\"@type\":\"ListItem\",\"position\":3,\"name\":\"BANG KING 25000 Puffs mit Gro\u00dfbildschirm Blueberry Mint f\u00fcr den erfrischenden Vape\"}]},{\"@type\":\"WebSite\",\"@id\":\"https:\/\/www.elementvape.de\/#website\",\"url\":\"https:\/\/www.elementvape.de\/\",\"name\":\"ElementVape.de\",\"description\":\"\",\"publisher\":{\"@id\":\"https:\/\/www.elementvape.de\/#organization\"},\"potentialAction\":[{\"@type\":\"SearchAction\",\"target\":{\"@type\":\"EntryPoint\",\"urlTemplate\":\"https:\/\/www.elementvape.de\/?s={search_term_string}\"},\"query-input\":\"required name=search_term_string\"}],\"inLanguage\":\"fi\"},{\"@type\":\"Organization\",\"@id\":\"https:\/\/www.elementvape.de\/#organization\",\"name\":\"ElementVape.DE\",\"url\":\"https:\/\/www.elementvape.de\/\",\"logo\":{\"@type\":\"ImageObject\",\"inLanguage\":\"fi\",\"@id\":\"https:\/\/www.elementvape.de\/#\/schema\/logo\/image\/\",\"url\":\"https:\/\/www.elementvape.de\/wp-content\/uploads\/2024\/09\/cropped-1elementvape-3.png\",\"contentUrl\":\"https:\/\/www.elementvape.de\/wp-content\/uploads\/2024\/09\/cropped-1elementvape-3.png\",\"width\":285,\"height\":228,\"caption\":\"ElementVape.DE\"},\"image\":{\"@id\":\"https:\/\/www.elementvape.de\/#\/schema\/logo\/image\/\"}}]}<\/script>\n<!-- \/ Yoast SEO plugin. -->","yoast_head_json":{"title":"BANG KING 25000 Puffs mit Gro\u00dfbildschirm Blueberry Mint f\u00fcr den erfrischenden Vape | ElementVape.de","description":"Wir bieten BANG KING 25000 Puffs mit Gro\u00dfbildschirm Blueberry Mint f\u00fcr den erfrischenden Vape , Elementvape.de akzeptieren Gro\u00df-und Einzelhandel Bestellungen.","robots":{"index":"index","follow":"follow","max-snippet":"max-snippet:-1","max-image-preview":"max-image-preview:large","max-video-preview":"max-video-preview:-1"},"canonical":"https:\/\/www.elementvape.de\/fi\/produkt\/bang-king-25000-puffs-mit-grossbildschirm-blueberry-mint-fuer-den-erfrischenden-vape\/","og_locale":"fi_FI","og_type":"article","og_title":"BANG KING 25000 Puffs mit Gro\u00dfbildschirm Blueberry Mint f\u00fcr den erfrischenden Vape | ElementVape.de","og_description":"Wir bieten BANG KING 25000 Puffs mit Gro\u00dfbildschirm Blueberry Mint f\u00fcr den erfrischenden Vape , Elementvape.de akzeptieren Gro\u00df-und Einzelhandel Bestellungen.","og_url":"https:\/\/www.elementvape.de\/fi\/produkt\/bang-king-25000-puffs-mit-grossbildschirm-blueberry-mint-fuer-den-erfrischenden-vape\/","og_site_name":"ElementVape.de","article_modified_time":"2024-11-26T07:33:14+00:00","og_image":[{"width":1000,"height":1000,"url":"https:\/\/www.elementvape.de\/wp-content\/uploads\/2024\/11\/blueberry-mint.jpg","type":"image\/jpeg"}],"twitter_card":"summary_large_image","twitter_misc":{"Est. reading time":"5 minuuttia"},"schema":{"@context":"https:\/\/schema.org","@graph":[{"@type":"WebPage","@id":"https:\/\/www.elementvape.de\/fi\/produkt\/bang-king-25000-puffs-mit-grossbildschirm-blueberry-mint-fuer-den-erfrischenden-vape\/","url":"https:\/\/www.elementvape.de\/fi\/produkt\/bang-king-25000-puffs-mit-grossbildschirm-blueberry-mint-fuer-den-erfrischenden-vape\/","name":"BANG KING 25000 Puffs mit Gro\u00dfbildschirm Blueberry Mint f\u00fcr den erfrischenden Vape | ElementVape.de","isPartOf":{"@id":"https:\/\/www.elementvape.de\/#website"},"primaryImageOfPage":{"@id":"https:\/\/www.elementvape.de\/fi\/produkt\/bang-king-25000-puffs-mit-grossbildschirm-blueberry-mint-fuer-den-erfrischenden-vape\/#primaryimage"},"image":{"@id":"https:\/\/www.elementvape.de\/fi\/produkt\/bang-king-25000-puffs-mit-grossbildschirm-blueberry-mint-fuer-den-erfrischenden-vape\/#primaryimage"},"thumbnailUrl":"https:\/\/www.elementvape.de\/wp-content\/uploads\/2024\/11\/blueberry-mint.jpg","datePublished":"2024-11-26T06:22:35+00:00","dateModified":"2024-11-26T07:33:14+00:00","description":"Wir bieten BANG KING 25000 Puffs mit Gro\u00dfbildschirm Blueberry Mint f\u00fcr den erfrischenden Vape , Elementvape.de akzeptieren Gro\u00df-und Einzelhandel Bestellungen.","breadcrumb":{"@id":"https:\/\/www.elementvape.de\/fi\/produkt\/bang-king-25000-puffs-mit-grossbildschirm-blueberry-mint-fuer-den-erfrischenden-vape\/#breadcrumb"},"inLanguage":"fi","potentialAction":[{"@type":"ReadAction","target":["https:\/\/www.elementvape.de\/fi\/produkt\/bang-king-25000-puffs-mit-grossbildschirm-blueberry-mint-fuer-den-erfrischenden-vape\/"]}]},{"@type":"ImageObject","inLanguage":"fi","@id":"https:\/\/www.elementvape.de\/fi\/produkt\/bang-king-25000-puffs-mit-grossbildschirm-blueberry-mint-fuer-den-erfrischenden-vape\/#primaryimage","url":"https:\/\/www.elementvape.de\/wp-content\/uploads\/2024\/11\/blueberry-mint.jpg","contentUrl":"https:\/\/www.elementvape.de\/wp-content\/uploads\/2024\/11\/blueberry-mint.jpg","width":1000,"height":1000,"caption":"blueberry mint BANG KING 25000 PUFFS LARGE SCREEN B25"},{"@type":"BreadcrumbList","@id":"https:\/\/www.elementvape.de\/fi\/produkt\/bang-king-25000-puffs-mit-grossbildschirm-blueberry-mint-fuer-den-erfrischenden-vape\/#breadcrumb","itemListElement":[{"@type":"ListItem","position":1,"name":"Home","item":"https:\/\/www.elementvape.de\/"},{"@type":"ListItem","position":2,"name":"Shop","item":"https:\/\/www.elementvape.de\/shop\/"},{"@type":"ListItem","position":3,"name":"BANG KING 25000 Puffs mit Gro\u00dfbildschirm Blueberry Mint f\u00fcr den erfrischenden Vape"}]},{"@type":"WebSite","@id":"https:\/\/www.elementvape.de\/#website","url":"https:\/\/www.elementvape.de\/","name":"ElementVape.de","description":"","publisher":{"@id":"https:\/\/www.elementvape.de\/#organization"},"potentialAction":[{"@type":"SearchAction","target":{"@type":"EntryPoint","urlTemplate":"https:\/\/www.elementvape.de\/?s={search_term_string}"},"query-input":"required name=search_term_string"}],"inLanguage":"fi"},{"@type":"Organization","@id":"https:\/\/www.elementvape.de\/#organization","name":"ElementVape.DE","url":"https:\/\/www.elementvape.de\/","logo":{"@type":"ImageObject","inLanguage":"fi","@id":"https:\/\/www.elementvape.de\/#\/schema\/logo\/image\/","url":"https:\/\/www.elementvape.de\/wp-content\/uploads\/2024\/09\/cropped-1elementvape-3.png","contentUrl":"https:\/\/www.elementvape.de\/wp-content\/uploads\/2024\/09\/cropped-1elementvape-3.png","width":285,"height":228,"caption":"ElementVape.DE"},"image":{"@id":"https:\/\/www.elementvape.de\/#\/schema\/logo\/image\/"}}]}},"_links":{"self":[{"href":"https:\/\/www.elementvape.de\/fi\/wp-json\/wp\/v2\/product\/15396"}],"collection":[{"href":"https:\/\/www.elementvape.de\/fi\/wp-json\/wp\/v2\/product"}],"about":[{"href":"https:\/\/www.elementvape.de\/fi\/wp-json\/wp\/v2\/types\/product"}],"wp:featuredmedia":[{"embeddable":true,"href":"https:\/\/www.elementvape.de\/fi\/wp-json\/wp\/v2\/media\/15415"}],"wp:attachment":[{"href":"https:\/\/www.elementvape.de\/fi\/wp-json\/wp\/v2\/media?parent=15396"}],"wp:term":[{"taxonomy":"product_cat","embeddable":true,"href":"https:\/\/www.elementvape.de\/fi\/wp-json\/wp\/v2\/product_cat?post=15396"},{"taxonomy":"product_tag","embeddable":true,"href":"https:\/\/www.elementvape.de\/fi\/wp-json\/wp\/v2\/product_tag?post=15396"}],"curies":[{"name":"wp","href":"https:\/\/api.w.org\/{rel}","templated":true}]}}