{"id":15394,"date":"2024-11-26T06:22:33","date_gmt":"2024-11-26T06:22:33","guid":{"rendered":"https:\/\/www.elementvape.de\/?post_type=product&#038;p=15394"},"modified":"2024-11-26T07:33:02","modified_gmt":"2024-11-26T07:33:02","slug":"bang-king-25000-puffs-grossbildschirm-b25-e-zigarette-erfrischender-blueberry-raspberry-geschmack","status":"publish","type":"product","link":"https:\/\/www.elementvape.de\/fi\/produkt\/bang-king-25000-puffs-grossbildschirm-b25-e-zigarette-erfrischender-blueberry-raspberry-geschmack\/","title":{"rendered":"BANG KING 25000 Puffs Suurn\u00e4ytt\u00f6 B25 E-savuke Raikas Mustikka-Mansikka-maku"},"content":{"rendered":"<h2>BANG KING 25000 Puffs Suurikokoinen n\u00e4ytt\u00f6 B25 E-savuke \u2013 Virkist\u00e4v\u00e4 mustikka-vadelma maku<\/h2>\n<p>H\u00f6yrystimen p\u00e4\u00e4ss\u00e4 oleva <strong><a href=\"https:\/\/www.elementvape.de\/fi\/c\/bang-king-25000-puffs\/\">BANG KING 25000 Puffs E-savuke<\/a><\/strong> mustikka-vadelma-maulla on t\u00e4ydellinen valinta h\u00f6yrytt\u00e4jille, jotka etsiv\u00e4t pitk\u00e4\u00e4 kestoa ja intensiivist\u00e4, virkist\u00e4v\u00e4\u00e4 makua. Poikkeuksellisen 25000 puffin kapasiteetin, 30 ml:n e-nestekapasiteetin ja modernin suuren n\u00e4yt\u00f6n ansiosta t\u00e4m\u00e4 laite yhdist\u00e4\u00e4 vaikuttavan suorituskyvyn hedelm\u00e4iseen makuel\u00e4mykseen, joka kest\u00e4\u00e4 koko p\u00e4iv\u00e4n.<\/p>\n<p>Makeiden, kypsien mustikoiden ja kirpeiden vadelmien sekoitus luo harmonisen makuyhdistelm\u00e4n, joka on sek\u00e4 hedelm\u00e4inen ett\u00e4 virkist\u00e4v\u00e4. Halusitpa sitten h\u00f6yrytt\u00e4\u00e4 koko p\u00e4iv\u00e4n tai vain nauttia satunnaisesta tauosta \u2013 mustikka-vadelma-maku on nautinto, joka elvytt\u00e4\u00e4 aistejasi ja tarjoaa samalla pitk\u00e4kestoisen h\u00f6yrytyksen.<\/p>\n<p>T\u00e4st\u00e4 artikkelista saat tiet\u00e4\u00e4 kaiken, mit\u00e4 sinun tarvitsee tiet\u00e4\u00e4 BANG KING 25000 Puffs Suurikokoinen n\u00e4ytt\u00f6 B25 -laitteesta <strong><a href=\"https:\/\/www.elementvape.de\/fi\/\">S\u00e4hk\u00f6tupakka<\/a><\/strong> mustikka-vadelma-maulla \u2013 varusteista t\u00e4m\u00e4n tuotteen ainutlaatuisiin etuihin.<\/p>\n<h3>BANG KING 25000 Puffs E-savukkeen tekniset tiedot \u2013 Mustikka-vadelma<\/h3>\n<table>\n<thead>\n<tr>\n<th>Parametrit<\/th>\n<th>Yksityiskohdat<\/th>\n<\/tr>\n<\/thead>\n<tbody>\n<tr>\n<td>Puhallukset (vedot)<\/td>\n<td>25.000<\/td>\n<\/tr>\n<tr>\n<td>E-liquidin kapasiteetti<\/td>\n<td>30 ml<\/td>\n<\/tr>\n<tr>\n<td>vastus (Resistance)<\/td>\n<td>1,0 ohm<\/td>\n<\/tr>\n<tr>\n<td>Latausliit\u00e4nt\u00e4 (Charging Port)<\/td>\n<td>Type-C<\/td>\n<\/tr>\n<tr>\n<td>Akkukapasiteetti (Battery Capacity)<\/td>\n<td>650mAh<\/td>\n<\/tr>\n<tr>\n<td>Maku (Flavor)<\/td>\n<td>Mustikka-vadelma<\/td>\n<\/tr>\n<tr>\n<td>Kohderyhm\u00e4<\/td>\n<td>H\u00f6yrytt\u00e4jille, jotka pit\u00e4v\u00e4t hedelm\u00e4isist\u00e4, virkist\u00e4vist\u00e4 aromeista<\/td>\n<\/tr>\n<tr>\n<td>Latausaika<\/td>\n<td>Nopea lataus Type-C:n kautta<\/td>\n<\/tr>\n<tr>\n<td>Koko (mitat)<\/td>\n<td>Kompakti ja helppo kuljettaa<\/td>\n<\/tr>\n<tr>\n<td>K\u00e4ytetty teknologia<\/td>\n<td>Mesh-kela tasaisen h\u00f6yryn ja intensiivisen maun saavuttamiseksi<\/td>\n<\/tr>\n<tr>\n<td>Lis\u00e4toiminnot<\/td>\n<td>Suuri n\u00e4ytt\u00f6 puff-m\u00e4\u00e4r\u00e4n ja akun tilan n\u00e4ytt\u00e4miseen<\/td>\n<\/tr>\n<\/tbody>\n<\/table>\n<h3>Miksi BANG KING 25000 Puffs E-savuke \u2013 Mustikka-vadelma on paras valinta<\/h3>\n<ol>\n<li>25 000 puffia pitk\u00e4kestoiseen h\u00f6yrytykseen<br \/>\nBANG KING 25000 Puffs E-savuke tarjoaa 25 000 puffilla h\u00e4mm\u00e4stytt\u00e4v\u00e4n suuren puffikapasiteetin. T\u00e4m\u00e4 pitk\u00e4 k\u00e4ytt\u00f6ik\u00e4 tarkoittaa, ett\u00e4 sinun ei tarvitse huolehtia laitteen jatkuvasta t\u00e4ytt\u00e4misest\u00e4 tai lataamisesta \u2013 ihanteellinen kaikille, jotka etsiv\u00e4t pitk\u00e4kestoista h\u00f6yrytyskokemusta.<\/li>\n<li>30 ml E-liquidi-kapasiteetti kest\u00e4v\u00e4\u00e4n h\u00f6yryst\u00e4miseen<br \/>\n30 ml:n e-nestekapasiteetin ansiosta voit nauttia mustikka-vadelman raikkaasta ja hedelm\u00e4isest\u00e4 makuel\u00e4myksest\u00e4 pitk\u00e4n aikaa ilman, ett\u00e4 sinun tarvitsee t\u00e4ytt\u00e4\u00e4 sit\u00e4 usein. T\u00e4m\u00e4 runsas kapasiteetti varmistaa, ett\u00e4 voit hy\u00f6dynt\u00e4\u00e4 e-savukkeen koko k\u00e4ytt\u00f6i\u00e4n t\u00e4ysim\u00e4\u00e4r\u00e4isesti.<\/li>\n<li>Mustikka-vadelma-maku hedelm\u00e4iseen nautintoon<br \/>\nMustikka-vadelma-maku tarjoaa t\u00e4ydellisen tasapainon mustikoiden makeuden ja vadelmien kirpe\u00e4n raikkauden v\u00e4lill\u00e4. N\u00e4iden kahden hedelm\u00e4isen aromin yhdistelm\u00e4 luo eloisan ja virkist\u00e4v\u00e4n maun, joka tekee jokaisesta henk\u00e4yksest\u00e4 nautinnon. Nautitpa siit\u00e4 rentouttavissa hetkiss\u00e4 tai arjen kumppanina \u2013 t\u00e4m\u00e4 maku on todellinen nautinto.<\/li>\n<li>1.0 Ohm Mesh-kela tasaisen h\u00f6yryn ja intensiivisen maun saavuttamiseksi<br \/>\n1,0 ohmin mesh-coil varmistaa e-nesteen tehokkaan ja tasaisen h\u00f6yrystymisen. Mesh-coileilla on suurempi pinta-ala verrattuna perinteisiin coileihin, mik\u00e4 johtaa parempaan h\u00f6yryntuotantoon ja intensiivisemp\u00e4\u00e4n makukokemukseen. T\u00e4ll\u00e4 tekniikalla saat tasaisia tuloksia jokaisella henk\u00e4yksell\u00e4.<\/li>\n<li>Nopea lataus Type-C-liit\u00e4nn\u00e4ll\u00e4<br \/>\nType-C-latausliit\u00e4nt\u00e4 mahdollistaa 650 mAh:n akun nopean ja yksinkertaisen lataamisen. Modernin Type-C-lataustekniikan ansiosta sinun tarvitsee k\u00e4ytt\u00e4\u00e4 v\u00e4hemm\u00e4n aikaa lataamiseen ja voit keskitty\u00e4 enemm\u00e4n h\u00f6yrytt\u00e4miseen.<\/li>\n<li>650 mAh:n akku vakaaseen suorituskykyyn<br \/>\n650 mAh:n akku antaa laitteelle riitt\u00e4v\u00e4sti virtaa 25 000 puffin saavuttamiseksi ilman, ett\u00e4 suorituskyky heikkenee k\u00e4yt\u00f6n aikana. T\u00e4m\u00e4 luotettava akku varmistaa, ett\u00e4 voit k\u00e4ytt\u00e4\u00e4 laitetta pitk\u00e4n aikaa ilman, ett\u00e4 sinun tarvitsee huolehtia nopeasta akun tyhjenemisest\u00e4.<\/li>\n<li>Suuri n\u00e4ytt\u00f6 k\u00e4ytt\u00e4j\u00e4yst\u00e4v\u00e4lliseen n\u00e4ytt\u00f6\u00f6n<br \/>\nSuuri n\u00e4ytt\u00f6 n\u00e4ytt\u00e4\u00e4 kaikki t\u00e4rke\u00e4t tiedot, kuten j\u00e4ljell\u00e4 olevan puffien m\u00e4\u00e4r\u00e4n ja nykyisen akun tilan. T\u00e4m\u00e4 k\u00e4yt\u00e4nn\u00f6llinen toiminto varmistaa, ett\u00e4 pysyt aina ajan tasalla ja tied\u00e4t, milloin on aika ladata tai t\u00e4ytt\u00e4\u00e4 laite.<\/li>\n<\/ol>\n<h3>Yhteenveto BANG KING 25000 Puffs E-savuke \u2013 Mustikka-vadelma<\/h3>\n<p>BANG KING 25000 Puffs E-savuke, jossa on Blueberry Raspberry -maku, on t\u00e4ydellinen valinta h\u00f6yrytt\u00e4jille, jotka etsiv\u00e4t intensiivist\u00e4 ja pitk\u00e4kestoista nautintoa. 25 000 puffs-kapasiteetin ja runsaan 30 ml e-liquidi-kapasiteetin ansiosta sinun ei tarvitse huolehtia jatkuvasta t\u00e4ytt\u00e4misest\u00e4 tai lataamisesta. 1.0 Ohm Mesh-Coil takaa tasaisen h\u00f6yryn ja intensiivisen maun, kun taas 650 mAh akku varmistaa, ett\u00e4 laite toimii pitk\u00e4\u00e4n ja luotettavasti.<\/p>\n<p>Blueberry Raspberry -maku on onnistunut yhdistelm\u00e4 mustikoiden makeutta ja vadelmien raikkautta \u2013 t\u00e4ydellinen hedelm\u00e4inen nautinto koko p\u00e4iv\u00e4ksi. Type-C-liit\u00e4nn\u00e4n avulla nopeaan lataukseen ja suuren n\u00e4yt\u00f6n avulla, joka n\u00e4ytt\u00e4\u00e4 puff-m\u00e4\u00e4r\u00e4n ja akun tilan, t\u00e4m\u00e4 laite on sek\u00e4 toiminnallinen ett\u00e4 k\u00e4ytt\u00e4j\u00e4yst\u00e4v\u00e4llinen.<\/p>\n<p>Jos etsit e-savuketta, joka vakuuttaa sek\u00e4 maun ett\u00e4 suorituskyvyn, BANG KING 25000 Puffs E-savuke \u2013 Blueberry Raspberry on ihanteellinen valinta sinulle.<\/p>\n<p>Kokeileessasi BANG KING 25000 Puffs E-savuketta \u2013 Blueberry Raspberry, saat paitsi erinomaisen maun my\u00f6s loistavan suorituskyvyn ja k\u00e4ytt\u00e4j\u00e4yst\u00e4v\u00e4llisen k\u00e4yt\u00f6n, jotka tarjoavat virkist\u00e4v\u00e4n ja pitk\u00e4kestoisen h\u00f6yrykokemuksen.<\/p>","protected":false},"excerpt":{"rendered":"<p>BANG KING 25000 Puffs Gro\u00dfbildschirm B25 E-Zigarette\u00a0 Erfrischender Blueberry Raspberry Geschmack Die BANG KING 25000 Puffs E-Zigarette mit Blueberry Raspberry-Geschmack ist die perfekte Wahl f\u00fcr Dampfer, die eine lange Haltbarkeit und einen intensiven, erfrischenden Geschmack suchen. Mit einer au\u00dfergew\u00f6hnlichen Puff-Kapazit\u00e4t von 25000, einer 30 ml E-Liquid-Kapazit\u00e4t, und einem modernen Gro\u00dfbildschirm kombiniert dieses Ger\u00e4t beeindruckende Leistung [&hellip;]<\/p>","protected":false},"featured_media":15414,"template":"","meta":{"inline_featured_image":false},"product_cat":[767,747,753,754],"product_tag":[710,768],"tiered_pricing_type":"fixed","tiered_pricing_fixed_rules":{"60":"10.08","110":"8.96","200":"7.84"},"tiered_pricing_percentage_rules":[],"tiered_pricing_minimum":1,"_administrator_tiered_pricing_type":"fixed","_administrator_tiered_pricing_fixed_rules":[],"_editor_tiered_pricing_type":"fixed","_editor_tiered_pricing_fixed_rules":[],"_author_tiered_pricing_type":"fixed","_author_tiered_pricing_fixed_rules":[],"_contributor_tiered_pricing_type":"fixed","_contributor_tiered_pricing_fixed_rules":[],"_subscriber_tiered_pricing_type":"fixed","_subscriber_tiered_pricing_fixed_rules":[],"_customer_tiered_pricing_type":"fixed","_customer_tiered_pricing_fixed_rules":[],"_shop_manager_tiered_pricing_type":"fixed","_shop_manager_tiered_pricing_fixed_rules":[],"_wpseo_manager_tiered_pricing_type":"fixed","_wpseo_manager_tiered_pricing_fixed_rules":[],"_wpseo_editor_tiered_pricing_type":"fixed","_wpseo_editor_tiered_pricing_fixed_rules":[],"_wholesale_customer_tiered_pricing_type":"fixed","_wholesale_customer_tiered_pricing_fixed_rules":[],"_marketer_tiered_pricing_type":"fixed","_marketer_tiered_pricing_fixed_rules":[],"_sales_manager_tiered_pricing_type":"fixed","_sales_manager_tiered_pricing_fixed_rules":[],"_sales_rep_tiered_pricing_type":"fixed","_sales_rep_tiered_pricing_fixed_rules":[],"yoast_head":"<!-- This site is optimized with the Yoast SEO plugin v23.3 - https:\/\/yoast.com\/wordpress\/plugins\/seo\/ -->\n<title>BANG KING 25000 Puffs Gro\u00dfbildschirm B25 E-Zigarette Erfrischender Blueberry Raspberry Geschmack | ElementVape.de<\/title>\n<meta name=\"description\" content=\"Wir bieten BANG KING 25000 Puffs Gro\u00dfbildschirm B25 E-Zigarette Erfrischender Blueberry Raspberry Geschmack , Elementvape.de akzeptieren Gro\u00df-und Einzelhandel Bestellungen.\" \/>\n<meta name=\"robots\" content=\"index, follow, max-snippet:-1, max-image-preview:large, max-video-preview:-1\" \/>\n<link rel=\"canonical\" href=\"https:\/\/www.elementvape.de\/fi\/produkt\/bang-king-25000-puffs-grossbildschirm-b25-e-zigarette-erfrischender-blueberry-raspberry-geschmack\/\" \/>\n<meta property=\"og:locale\" content=\"fi_FI\" \/>\n<meta property=\"og:type\" content=\"article\" \/>\n<meta property=\"og:title\" content=\"BANG KING 25000 Puffs Gro\u00dfbildschirm B25 E-Zigarette Erfrischender Blueberry Raspberry Geschmack | ElementVape.de\" \/>\n<meta property=\"og:description\" content=\"Wir bieten BANG KING 25000 Puffs Gro\u00dfbildschirm B25 E-Zigarette Erfrischender Blueberry Raspberry Geschmack , Elementvape.de akzeptieren Gro\u00df-und Einzelhandel Bestellungen.\" \/>\n<meta property=\"og:url\" content=\"https:\/\/www.elementvape.de\/fi\/produkt\/bang-king-25000-puffs-grossbildschirm-b25-e-zigarette-erfrischender-blueberry-raspberry-geschmack\/\" \/>\n<meta property=\"og:site_name\" content=\"ElementVape.de\" \/>\n<meta property=\"article:modified_time\" content=\"2024-11-26T07:33:02+00:00\" \/>\n<meta property=\"og:image\" content=\"https:\/\/www.elementvape.de\/wp-content\/uploads\/2024\/11\/blueberry-raspberry-1.jpg\" \/>\n\t<meta property=\"og:image:width\" content=\"1000\" \/>\n\t<meta property=\"og:image:height\" content=\"1000\" \/>\n\t<meta property=\"og:image:type\" content=\"image\/jpeg\" \/>\n<meta name=\"twitter:card\" content=\"summary_large_image\" \/>\n<meta name=\"twitter:label1\" content=\"Est. reading time\" \/>\n\t<meta name=\"twitter:data1\" content=\"5 minuuttia\" \/>\n<script type=\"application\/ld+json\" class=\"yoast-schema-graph\">{\"@context\":\"https:\/\/schema.org\",\"@graph\":[{\"@type\":\"WebPage\",\"@id\":\"https:\/\/www.elementvape.de\/en\/produkt\/bang-king-25000-puffs-grossbildschirm-b25-e-zigarette-erfrischender-blueberry-raspberry-geschmack\/\",\"url\":\"https:\/\/www.elementvape.de\/en\/produkt\/bang-king-25000-puffs-grossbildschirm-b25-e-zigarette-erfrischender-blueberry-raspberry-geschmack\/\",\"name\":\"BANG KING 25000 Puffs Gro\u00dfbildschirm B25 E-Zigarette Erfrischender Blueberry Raspberry Geschmack | ElementVape.de\",\"isPartOf\":{\"@id\":\"https:\/\/www.elementvape.de\/#website\"},\"primaryImageOfPage\":{\"@id\":\"https:\/\/www.elementvape.de\/en\/produkt\/bang-king-25000-puffs-grossbildschirm-b25-e-zigarette-erfrischender-blueberry-raspberry-geschmack\/#primaryimage\"},\"image\":{\"@id\":\"https:\/\/www.elementvape.de\/en\/produkt\/bang-king-25000-puffs-grossbildschirm-b25-e-zigarette-erfrischender-blueberry-raspberry-geschmack\/#primaryimage\"},\"thumbnailUrl\":\"https:\/\/www.elementvape.de\/wp-content\/uploads\/2024\/11\/blueberry-raspberry-1.jpg\",\"datePublished\":\"2024-11-26T06:22:33+00:00\",\"dateModified\":\"2024-11-26T07:33:02+00:00\",\"description\":\"Wir bieten BANG KING 25000 Puffs Gro\u00dfbildschirm B25 E-Zigarette Erfrischender Blueberry Raspberry Geschmack , Elementvape.de akzeptieren Gro\u00df-und Einzelhandel Bestellungen.\",\"breadcrumb\":{\"@id\":\"https:\/\/www.elementvape.de\/en\/produkt\/bang-king-25000-puffs-grossbildschirm-b25-e-zigarette-erfrischender-blueberry-raspberry-geschmack\/#breadcrumb\"},\"inLanguage\":\"fi\",\"potentialAction\":[{\"@type\":\"ReadAction\",\"target\":[\"https:\/\/www.elementvape.de\/en\/produkt\/bang-king-25000-puffs-grossbildschirm-b25-e-zigarette-erfrischender-blueberry-raspberry-geschmack\/\"]}]},{\"@type\":\"ImageObject\",\"inLanguage\":\"fi\",\"@id\":\"https:\/\/www.elementvape.de\/en\/produkt\/bang-king-25000-puffs-grossbildschirm-b25-e-zigarette-erfrischender-blueberry-raspberry-geschmack\/#primaryimage\",\"url\":\"https:\/\/www.elementvape.de\/wp-content\/uploads\/2024\/11\/blueberry-raspberry-1.jpg\",\"contentUrl\":\"https:\/\/www.elementvape.de\/wp-content\/uploads\/2024\/11\/blueberry-raspberry-1.jpg\",\"width\":1000,\"height\":1000,\"caption\":\"blueberry raspberry BANG KING 25000 PUFFS LARGE SCREEN B25\"},{\"@type\":\"BreadcrumbList\",\"@id\":\"https:\/\/www.elementvape.de\/en\/produkt\/bang-king-25000-puffs-grossbildschirm-b25-e-zigarette-erfrischender-blueberry-raspberry-geschmack\/#breadcrumb\",\"itemListElement\":[{\"@type\":\"ListItem\",\"position\":1,\"name\":\"Home\",\"item\":\"https:\/\/www.elementvape.de\/\"},{\"@type\":\"ListItem\",\"position\":2,\"name\":\"Shop\",\"item\":\"https:\/\/www.elementvape.de\/shop\/\"},{\"@type\":\"ListItem\",\"position\":3,\"name\":\"BANG KING 25000 Puffs Gro\u00dfbildschirm B25 E-Zigarette Erfrischender Blueberry Raspberry Geschmack\"}]},{\"@type\":\"WebSite\",\"@id\":\"https:\/\/www.elementvape.de\/#website\",\"url\":\"https:\/\/www.elementvape.de\/\",\"name\":\"ElementVape.de\",\"description\":\"\",\"publisher\":{\"@id\":\"https:\/\/www.elementvape.de\/#organization\"},\"potentialAction\":[{\"@type\":\"SearchAction\",\"target\":{\"@type\":\"EntryPoint\",\"urlTemplate\":\"https:\/\/www.elementvape.de\/?s={search_term_string}\"},\"query-input\":\"required name=search_term_string\"}],\"inLanguage\":\"fi\"},{\"@type\":\"Organization\",\"@id\":\"https:\/\/www.elementvape.de\/#organization\",\"name\":\"ElementVape.DE\",\"url\":\"https:\/\/www.elementvape.de\/\",\"logo\":{\"@type\":\"ImageObject\",\"inLanguage\":\"fi\",\"@id\":\"https:\/\/www.elementvape.de\/#\/schema\/logo\/image\/\",\"url\":\"https:\/\/www.elementvape.de\/wp-content\/uploads\/2024\/09\/cropped-1elementvape-3.png\",\"contentUrl\":\"https:\/\/www.elementvape.de\/wp-content\/uploads\/2024\/09\/cropped-1elementvape-3.png\",\"width\":285,\"height\":228,\"caption\":\"ElementVape.DE\"},\"image\":{\"@id\":\"https:\/\/www.elementvape.de\/#\/schema\/logo\/image\/\"}}]}<\/script>\n<!-- \/ Yoast SEO plugin. -->","yoast_head_json":{"title":"BANG KING 25000 Puffs Gro\u00dfbildschirm B25 E-Zigarette Erfrischender Blueberry Raspberry Geschmack | ElementVape.de","description":"Wir bieten BANG KING 25000 Puffs Gro\u00dfbildschirm B25 E-Zigarette Erfrischender Blueberry Raspberry Geschmack , Elementvape.de akzeptieren Gro\u00df-und Einzelhandel Bestellungen.","robots":{"index":"index","follow":"follow","max-snippet":"max-snippet:-1","max-image-preview":"max-image-preview:large","max-video-preview":"max-video-preview:-1"},"canonical":"https:\/\/www.elementvape.de\/fi\/produkt\/bang-king-25000-puffs-grossbildschirm-b25-e-zigarette-erfrischender-blueberry-raspberry-geschmack\/","og_locale":"fi_FI","og_type":"article","og_title":"BANG KING 25000 Puffs Gro\u00dfbildschirm B25 E-Zigarette Erfrischender Blueberry Raspberry Geschmack | ElementVape.de","og_description":"Wir bieten BANG KING 25000 Puffs Gro\u00dfbildschirm B25 E-Zigarette Erfrischender Blueberry Raspberry Geschmack , Elementvape.de akzeptieren Gro\u00df-und Einzelhandel Bestellungen.","og_url":"https:\/\/www.elementvape.de\/fi\/produkt\/bang-king-25000-puffs-grossbildschirm-b25-e-zigarette-erfrischender-blueberry-raspberry-geschmack\/","og_site_name":"ElementVape.de","article_modified_time":"2024-11-26T07:33:02+00:00","og_image":[{"width":1000,"height":1000,"url":"https:\/\/www.elementvape.de\/wp-content\/uploads\/2024\/11\/blueberry-raspberry-1.jpg","type":"image\/jpeg"}],"twitter_card":"summary_large_image","twitter_misc":{"Est. reading time":"5 minuuttia"},"schema":{"@context":"https:\/\/schema.org","@graph":[{"@type":"WebPage","@id":"https:\/\/www.elementvape.de\/en\/produkt\/bang-king-25000-puffs-grossbildschirm-b25-e-zigarette-erfrischender-blueberry-raspberry-geschmack\/","url":"https:\/\/www.elementvape.de\/en\/produkt\/bang-king-25000-puffs-grossbildschirm-b25-e-zigarette-erfrischender-blueberry-raspberry-geschmack\/","name":"BANG KING 25000 Puffs Gro\u00dfbildschirm B25 E-Zigarette Erfrischender Blueberry Raspberry Geschmack | ElementVape.de","isPartOf":{"@id":"https:\/\/www.elementvape.de\/#website"},"primaryImageOfPage":{"@id":"https:\/\/www.elementvape.de\/en\/produkt\/bang-king-25000-puffs-grossbildschirm-b25-e-zigarette-erfrischender-blueberry-raspberry-geschmack\/#primaryimage"},"image":{"@id":"https:\/\/www.elementvape.de\/en\/produkt\/bang-king-25000-puffs-grossbildschirm-b25-e-zigarette-erfrischender-blueberry-raspberry-geschmack\/#primaryimage"},"thumbnailUrl":"https:\/\/www.elementvape.de\/wp-content\/uploads\/2024\/11\/blueberry-raspberry-1.jpg","datePublished":"2024-11-26T06:22:33+00:00","dateModified":"2024-11-26T07:33:02+00:00","description":"Wir bieten BANG KING 25000 Puffs Gro\u00dfbildschirm B25 E-Zigarette Erfrischender Blueberry Raspberry Geschmack , Elementvape.de akzeptieren Gro\u00df-und Einzelhandel Bestellungen.","breadcrumb":{"@id":"https:\/\/www.elementvape.de\/en\/produkt\/bang-king-25000-puffs-grossbildschirm-b25-e-zigarette-erfrischender-blueberry-raspberry-geschmack\/#breadcrumb"},"inLanguage":"fi","potentialAction":[{"@type":"ReadAction","target":["https:\/\/www.elementvape.de\/en\/produkt\/bang-king-25000-puffs-grossbildschirm-b25-e-zigarette-erfrischender-blueberry-raspberry-geschmack\/"]}]},{"@type":"ImageObject","inLanguage":"fi","@id":"https:\/\/www.elementvape.de\/en\/produkt\/bang-king-25000-puffs-grossbildschirm-b25-e-zigarette-erfrischender-blueberry-raspberry-geschmack\/#primaryimage","url":"https:\/\/www.elementvape.de\/wp-content\/uploads\/2024\/11\/blueberry-raspberry-1.jpg","contentUrl":"https:\/\/www.elementvape.de\/wp-content\/uploads\/2024\/11\/blueberry-raspberry-1.jpg","width":1000,"height":1000,"caption":"blueberry raspberry BANG KING 25000 PUFFS LARGE SCREEN B25"},{"@type":"BreadcrumbList","@id":"https:\/\/www.elementvape.de\/en\/produkt\/bang-king-25000-puffs-grossbildschirm-b25-e-zigarette-erfrischender-blueberry-raspberry-geschmack\/#breadcrumb","itemListElement":[{"@type":"ListItem","position":1,"name":"Home","item":"https:\/\/www.elementvape.de\/"},{"@type":"ListItem","position":2,"name":"Shop","item":"https:\/\/www.elementvape.de\/shop\/"},{"@type":"ListItem","position":3,"name":"BANG KING 25000 Puffs Gro\u00dfbildschirm B25 E-Zigarette Erfrischender Blueberry Raspberry Geschmack"}]},{"@type":"WebSite","@id":"https:\/\/www.elementvape.de\/#website","url":"https:\/\/www.elementvape.de\/","name":"ElementVape.de","description":"","publisher":{"@id":"https:\/\/www.elementvape.de\/#organization"},"potentialAction":[{"@type":"SearchAction","target":{"@type":"EntryPoint","urlTemplate":"https:\/\/www.elementvape.de\/?s={search_term_string}"},"query-input":"required name=search_term_string"}],"inLanguage":"fi"},{"@type":"Organization","@id":"https:\/\/www.elementvape.de\/#organization","name":"ElementVape.DE","url":"https:\/\/www.elementvape.de\/","logo":{"@type":"ImageObject","inLanguage":"fi","@id":"https:\/\/www.elementvape.de\/#\/schema\/logo\/image\/","url":"https:\/\/www.elementvape.de\/wp-content\/uploads\/2024\/09\/cropped-1elementvape-3.png","contentUrl":"https:\/\/www.elementvape.de\/wp-content\/uploads\/2024\/09\/cropped-1elementvape-3.png","width":285,"height":228,"caption":"ElementVape.DE"},"image":{"@id":"https:\/\/www.elementvape.de\/#\/schema\/logo\/image\/"}}]}},"_links":{"self":[{"href":"https:\/\/www.elementvape.de\/fi\/wp-json\/wp\/v2\/product\/15394"}],"collection":[{"href":"https:\/\/www.elementvape.de\/fi\/wp-json\/wp\/v2\/product"}],"about":[{"href":"https:\/\/www.elementvape.de\/fi\/wp-json\/wp\/v2\/types\/product"}],"wp:featuredmedia":[{"embeddable":true,"href":"https:\/\/www.elementvape.de\/fi\/wp-json\/wp\/v2\/media\/15414"}],"wp:attachment":[{"href":"https:\/\/www.elementvape.de\/fi\/wp-json\/wp\/v2\/media?parent=15394"}],"wp:term":[{"taxonomy":"product_cat","embeddable":true,"href":"https:\/\/www.elementvape.de\/fi\/wp-json\/wp\/v2\/product_cat?post=15394"},{"taxonomy":"product_tag","embeddable":true,"href":"https:\/\/www.elementvape.de\/fi\/wp-json\/wp\/v2\/product_tag?post=15394"}],"curies":[{"name":"wp","href":"https:\/\/api.w.org\/{rel}","templated":true}]}}