{"id":14631,"date":"2024-09-24T09:01:12","date_gmt":"2024-09-24T09:01:12","guid":{"rendered":"https:\/\/www.elementvape.de\/?post_type=product&#038;p=14631"},"modified":"2024-10-09T07:16:31","modified_gmt":"2024-10-09T07:16:31","slug":"geniessen-sie-die-unwiderstehliche-mischung-aus-verschiedenen-beeren-mit-der-bang-blaze-20000-puffs-mixed-berries-einweg-e-zigarette","status":"publish","type":"product","link":"https:\/\/www.elementvape.de\/fi\/produkt\/geniessen-sie-die-unwiderstehliche-mischung-aus-verschiedenen-beeren-mit-der-bang-blaze-20000-puffs-mixed-berries-einweg-e-zigarette\/","title":{"rendered":"Nauti vastustamattomasta yhdistelm\u00e4st\u00e4 eri marjoja BANG BLAZE 20000 PUFFS MIXED BERRIES kertak\u00e4ytt\u00f6isess\u00e4 e-savukkeessa"},"content":{"rendered":"<p>Sukella vastustamattomaan karhujen maailmaan BANG BLAZE 20000 PUFFS MIXED BERRIES -tuotteella <strong><a href=\"https:\/\/www.elementvape.de\/fi\/c\/einweg-zigarette\/\" target=\"_blank\" rel=\"noopener\">kertak\u00e4ytt\u00f6inen s\u00e4hk\u00f6tupakka<\/a><\/strong>\u00a0T\u00e4m\u00e4 hieno s\u00e4hk\u00f6savuke tarjoaa sinulle vastustamattoman sekoituksen erilaisia marjoja, jotka tekev\u00e4t jokaisesta henk\u00e4yksest\u00e4 hedelm\u00e4isen kokemuksen. Ihanteellinen h\u00f6yrytt\u00e4jille, jotka rakastavat marjojen makeutta ja raikkautta, t\u00e4m\u00e4 tuote on t\u00e4ydellinen jokap\u00e4iv\u00e4iseen nautintoon.<\/p>\n<h3>Tuotekuvaus<\/h3>\n<p>BANG BLAZE 20000 PUFFS MIXED BERRIES ei ole vain tavallinen kertak\u00e4ytt\u00f6inen s\u00e4hk\u00f6savuke; se on juhlaa aisteille. T\u00e4ss\u00e4 ovat erinomaiset ominaisuudet, jotka tekev\u00e4t t\u00e4st\u00e4 tuotteesta erityisen:<\/p>\n<p>20 000 henk\u00e4yksell\u00e4 BANG BLAZE tarjoaa huomattavan pitk\u00e4ik\u00e4isyyden, joten sinun ei tarvitse huolehtia usein tapahtuvasta t\u00e4ytt\u00e4misest\u00e4 tai vaihtamisesta.<\/p>\n<h4>Monipuoliset marjanuotit<\/h4>\n<p>MIXED BERRIES -maku yhdist\u00e4\u00e4 harmonisen sekoituksen erilaisia marjoja \u2013 mehukkaista mansikoista makeisiin vadelmiin ja tuoreisiin mustikoihin. Jokainen henk\u00e4ys avaa n\u00e4iden herkullisten hedelmien makeat ja hieman happamat nuotit tarjoten vertaansa vailla olevan makuel\u00e4myksen.<\/p>\n<h4>Virkist\u00e4v\u00e4 viileys<\/h4>\n<p>BANG BLAZE MIXED BERRIES on suunniteltu tarjoamaan virkist\u00e4v\u00e4n h\u00f6yrykokemuksen. Viile\u00e4t nuotit varmistavat, ett\u00e4 jokainen henk\u00e4ys on miellytt\u00e4v\u00e4 ja virkist\u00e4v\u00e4, ihanteellinen kaikille, jotka etsiv\u00e4t virkist\u00e4v\u00e4\u00e4 h\u00f6yryel\u00e4myst\u00e4.<\/p>\n<p>BANG BLAZE on varustettu 1000 mAh:n ladattavalla akulla, joka tarjoaa luotettavan suorituskyvyn. Type-C-latausportti mahdollistaa nopean ja k\u00e4tev\u00e4n latauksen, joten olet aina valmis h\u00f6yry\u00e4m\u00e4\u00e4n.<\/p>\n<p>26 ml:n E-neste kapasiteetilla sinulla on riitt\u00e4v\u00e4sti varastoa moniin rentouttaviin h\u00f6yryhetkiin. T\u00e4m\u00e4 runsas t\u00e4ytt\u00f6m\u00e4\u00e4r\u00e4 minimoi jatkuvan t\u00e4yt\u00f6n tarpeen.<\/p>\n<h4>Monipuolisia nikotiinipitoisuuksia<\/h4>\n<p>BANG BLAZE on saatavana eri nikotiinivahvuuksilla: 2%, 3% ja 5%. N\u00e4in voit mukauttaa h\u00f6yrykokemuksesi omien mieltymystesi mukaan ja hallita nikotiinin saantia.<\/p>\n<p>Kaksinkertainen mesh-kela, 1,0\u03a9, takaa tasaisen h\u00f6yrystymisen ja intensiivisen makujen esiinmarssin. T\u00e4m\u00e4 teknologia varmistaa, ett\u00e4 aromit tulevat parhaalla mahdollisella tavalla esiin.<\/p>\n<p>Vain 85 g painoinen BANG BLAZE on kevyt ja kannettava. Sen ohut muotoilu tekee siit\u00e4 ihanteellisen p\u00e4ivitt\u00e4iseen k\u00e4ytt\u00f6\u00f6n ja helpottaa sen kantamista taskussa tai repussa.<\/p>\n<p>Sis\u00e4\u00e4nrakennettu n\u00e4yt\u00f6n\u00e4ytt\u00f6 ilmoittaa sinulle akun tilasta ja j\u00e4ljell\u00e4 olevista vedoista. N\u00e4in tied\u00e4t aina, milloin on aika ladata s\u00e4hk\u00f6inen tupakkatuote tai ostaa uusi.<\/p>\n<p>BANG BLAZE 20000 PUFFS MIXED BERRIES -tuotteen makuel\u00e4mys on todellinen nautinto. Eri marjojen yhdistelm\u00e4 luo harmonisen ja tasapainoisen makuprofiilin, joka tekee jokaisesta henk\u00e4yksest\u00e4 nautinnon. Hedelm\u00e4iset nuotit ovat voimakkaita, ja viile\u00e4 raikkaus t\u00e4ydent\u00e4\u00e4 kokemuksen t\u00e4ydellisesti.<\/p>\n<h3>BANG BLAZE:n edut<\/h3>\n<p>BANG BLAZE on heti k\u00e4ytt\u00f6valmis eik\u00e4 vaadi monimutkaista asennusta. Ved\u00e4 vain ja nauti \u2013 ihanteellinen kaikille, jotka etsiv\u00e4t mutkatonta h\u00f6yrykokemusta. Ladattavan akun ja suuren henk\u00e4ysm\u00e4\u00e4r\u00e4n ansiosta BANG BLAZE on ymp\u00e4rist\u00f6yst\u00e4v\u00e4llinen valinta verrattuna perinteisiin kertak\u00e4ytt\u00f6tuotteisiin. Eri nikotiinivahvuuksien ansiosta voit mukauttaa h\u00f6yrykokemuksesi yksil\u00f6llisesti ja omien tarpeidesi mukaan.<\/p>\n<h3>Kohderyhm\u00e4<\/h3>\n<p>BANG BLAZE 20000 PUFFS MIXED BERRIES on suunnattu:<\/p>\n<ul>\n<li>Hedelm\u00e4faneille: Ihanteellinen kaikille, jotka etsiv\u00e4t hedelm\u00e4isi\u00e4 ja virkist\u00e4vi\u00e4 h\u00f6yryst\u00e4miskokemuksia.<\/li>\n<li>Vape-harrastajille: Innovatiivinen teknologia ja herkulliset aromit houkuttelevat kokeneita h\u00f6yrystelij\u00f6it\u00e4.<\/li>\n<li>Terveystietoisille kuluttajille: Vaihtoehtojen tarjoaminen nikotiinipitoisuuksien v\u00e4lill\u00e4 mahdollistaa paremman hallinnan nikotiininkulutuksessa.<\/li>\n<\/ul>\n<h3>Markkinointistrategia<\/h3>\n<p>BANG BLAZE 20000 PUFFS MIXED BERRIES -tuotteen onnistuneeseen markkinointiin tulisi k\u00e4ytt\u00e4\u00e4 seuraavia kanavia:<\/p>\n<p>Sosiaalinen media: Luovaa sis\u00e4lt\u00f6\u00e4 alustoilla, kuten Instagram ja TikTok, jotka korostavat makuel\u00e4myst\u00e4 ja k\u00e4ytt\u00e4j\u00e4yst\u00e4v\u00e4llisyytt\u00e4. Vaikuttajamarkkinointi: Yhteisty\u00f6 vaikuttajien kanssa <strong><a href=\"https:\/\/www.elementvape.de\/fi\/\" target=\"_blank\" rel=\"noopener\">Harrastajille <\/a><\/strong>Yhteis\u00f6 aitoja arvosteluja ja kattavuuden lis\u00e4\u00e4mist\u00e4 varten. Verkkomainonta: Kohdennetut mainoskampanjat asiaankuuluvilla verkkosivustoilla ja sovelluksissa, joita kohderyhm\u00e4 k\u00e4ytt\u00e4\u00e4.<\/p>\n<p>BANG BLAZE 20000 PUFFS MIXED BERRIES kertak\u00e4ytt\u00f6inen s\u00e4hk\u00f6savuke tarjoaa vertaansa vailla olevan h\u00f6yrykokemuksen herkullisella sekoituksella erilaisia marjoja. Vaikuttavan suorituskyvyn, k\u00e4ytt\u00e4j\u00e4yst\u00e4v\u00e4llisen k\u00e4sittelyn ja voimakkaiden aromien ansiosta se on ihanteellinen valinta kaikille, jotka haluavat nauttia h\u00f6yry\u00e4misest\u00e4 t\u00e4ysin siemauksin. Kokeile BANG BLAZE -tuotetta ja anna t\u00e4m\u00e4n hedelm\u00e4isen sensaation innostaa sinua!<\/p>","protected":false},"excerpt":{"rendered":"<p>Tauchen Sie ein in die verlockende Welt der B\u00e4ren mit der BANG BLAZE 20000 PUFFS MIXED BERRIES Einweg-E-Zigarette\u00a0Diese exquisite E-Zigarette bietet Ihnen die unwiderstehliche Mischung aus verschiedenen Beeren, die jeden Zug zu einem fruchtigen Erlebnis macht. Ideal f\u00fcr Dampfer, die die S\u00fc\u00dfe und Frische von Beeren lieben, ist dieses Produkt perfekt f\u00fcr den t\u00e4glichen Genuss. [&hellip;]<\/p>","protected":false},"featured_media":14616,"template":"","meta":{"inline_featured_image":false},"product_cat":[15,762,739,743,744,755,738,751],"product_tag":[710,725],"tiered_pricing_type":"fixed","tiered_pricing_fixed_rules":{"60":"6.83","110":"6.07","200":"5.31"},"tiered_pricing_percentage_rules":[],"tiered_pricing_minimum":1,"_administrator_tiered_pricing_type":"fixed","_administrator_tiered_pricing_fixed_rules":[],"_editor_tiered_pricing_type":"fixed","_editor_tiered_pricing_fixed_rules":[],"_author_tiered_pricing_type":"fixed","_author_tiered_pricing_fixed_rules":[],"_contributor_tiered_pricing_type":"fixed","_contributor_tiered_pricing_fixed_rules":[],"_subscriber_tiered_pricing_type":"fixed","_subscriber_tiered_pricing_fixed_rules":[],"_customer_tiered_pricing_type":"fixed","_customer_tiered_pricing_fixed_rules":[],"_shop_manager_tiered_pricing_type":"fixed","_shop_manager_tiered_pricing_fixed_rules":[],"_wpseo_manager_tiered_pricing_type":"fixed","_wpseo_manager_tiered_pricing_fixed_rules":[],"_wpseo_editor_tiered_pricing_type":"fixed","_wpseo_editor_tiered_pricing_fixed_rules":[],"_wholesale_customer_tiered_pricing_type":"fixed","_wholesale_customer_tiered_pricing_fixed_rules":[],"_marketer_tiered_pricing_type":"fixed","_marketer_tiered_pricing_fixed_rules":[],"_sales_manager_tiered_pricing_type":"fixed","_sales_manager_tiered_pricing_fixed_rules":[],"_sales_rep_tiered_pricing_type":"fixed","_sales_rep_tiered_pricing_fixed_rules":[],"yoast_head":"<!-- This site is optimized with the Yoast SEO plugin v23.3 - https:\/\/yoast.com\/wordpress\/plugins\/seo\/ -->\n<title>Genie\u00dfen Sie die unwiderstehliche Mischung aus verschiedenen Beeren mit der BANG BLAZE 20000 PUFFS MIXED BERRIES Einweg-E-Zigarette | ElementVape.de<\/title>\n<meta name=\"description\" content=\"Wir bieten Genie\u00dfen Sie die unwiderstehliche Mischung aus verschiedenen Beeren mit der BANG BLAZE 20000 PUFFS MIXED BERRIES Einweg-E-Zigarette , Elementvape.de akzeptieren Gro\u00df-und Einzelhandel Bestellungen.\" \/>\n<meta name=\"robots\" content=\"index, follow, max-snippet:-1, max-image-preview:large, max-video-preview:-1\" \/>\n<link rel=\"canonical\" href=\"https:\/\/www.elementvape.de\/fi\/produkt\/geniessen-sie-die-unwiderstehliche-mischung-aus-verschiedenen-beeren-mit-der-bang-blaze-20000-puffs-mixed-berries-einweg-e-zigarette\/\" \/>\n<meta property=\"og:locale\" content=\"fi_FI\" \/>\n<meta property=\"og:type\" content=\"article\" \/>\n<meta property=\"og:title\" content=\"Genie\u00dfen Sie die unwiderstehliche Mischung aus verschiedenen Beeren mit der BANG BLAZE 20000 PUFFS MIXED BERRIES Einweg-E-Zigarette | ElementVape.de\" \/>\n<meta property=\"og:description\" content=\"Wir bieten Genie\u00dfen Sie die unwiderstehliche Mischung aus verschiedenen Beeren mit der BANG BLAZE 20000 PUFFS MIXED BERRIES Einweg-E-Zigarette , Elementvape.de akzeptieren Gro\u00df-und Einzelhandel Bestellungen.\" \/>\n<meta property=\"og:url\" content=\"https:\/\/www.elementvape.de\/fi\/produkt\/geniessen-sie-die-unwiderstehliche-mischung-aus-verschiedenen-beeren-mit-der-bang-blaze-20000-puffs-mixed-berries-einweg-e-zigarette\/\" \/>\n<meta property=\"og:site_name\" content=\"ElementVape.de\" \/>\n<meta property=\"article:modified_time\" content=\"2024-10-09T07:16:31+00:00\" \/>\n<meta property=\"og:image\" content=\"https:\/\/www.elementvape.de\/wp-content\/uploads\/2024\/09\/MIXED-BERRIES.png\" \/>\n\t<meta property=\"og:image:width\" content=\"2000\" \/>\n\t<meta property=\"og:image:height\" content=\"1343\" \/>\n\t<meta property=\"og:image:type\" content=\"image\/png\" \/>\n<meta name=\"twitter:card\" content=\"summary_large_image\" \/>\n<meta name=\"twitter:label1\" content=\"Est. reading time\" \/>\n\t<meta name=\"twitter:data1\" content=\"4 minuuttia\" \/>\n<script type=\"application\/ld+json\" class=\"yoast-schema-graph\">{\"@context\":\"https:\/\/schema.org\",\"@graph\":[{\"@type\":\"WebPage\",\"@id\":\"https:\/\/www.elementvape.de\/ro\/produkt\/geniessen-sie-die-unwiderstehliche-mischung-aus-verschiedenen-beeren-mit-der-bang-blaze-20000-puffs-mixed-berries-einweg-e-zigarette\/\",\"url\":\"https:\/\/www.elementvape.de\/ro\/produkt\/geniessen-sie-die-unwiderstehliche-mischung-aus-verschiedenen-beeren-mit-der-bang-blaze-20000-puffs-mixed-berries-einweg-e-zigarette\/\",\"name\":\"Genie\u00dfen Sie die unwiderstehliche Mischung aus verschiedenen Beeren mit der BANG BLAZE 20000 PUFFS MIXED BERRIES Einweg-E-Zigarette | ElementVape.de\",\"isPartOf\":{\"@id\":\"https:\/\/www.elementvape.de\/#website\"},\"primaryImageOfPage\":{\"@id\":\"https:\/\/www.elementvape.de\/ro\/produkt\/geniessen-sie-die-unwiderstehliche-mischung-aus-verschiedenen-beeren-mit-der-bang-blaze-20000-puffs-mixed-berries-einweg-e-zigarette\/#primaryimage\"},\"image\":{\"@id\":\"https:\/\/www.elementvape.de\/ro\/produkt\/geniessen-sie-die-unwiderstehliche-mischung-aus-verschiedenen-beeren-mit-der-bang-blaze-20000-puffs-mixed-berries-einweg-e-zigarette\/#primaryimage\"},\"thumbnailUrl\":\"https:\/\/www.elementvape.de\/wp-content\/uploads\/2024\/09\/MIXED-BERRIES.png\",\"datePublished\":\"2024-09-24T09:01:12+00:00\",\"dateModified\":\"2024-10-09T07:16:31+00:00\",\"description\":\"Wir bieten Genie\u00dfen Sie die unwiderstehliche Mischung aus verschiedenen Beeren mit der BANG BLAZE 20000 PUFFS MIXED BERRIES Einweg-E-Zigarette , Elementvape.de akzeptieren Gro\u00df-und Einzelhandel Bestellungen.\",\"breadcrumb\":{\"@id\":\"https:\/\/www.elementvape.de\/ro\/produkt\/geniessen-sie-die-unwiderstehliche-mischung-aus-verschiedenen-beeren-mit-der-bang-blaze-20000-puffs-mixed-berries-einweg-e-zigarette\/#breadcrumb\"},\"inLanguage\":\"fi\",\"potentialAction\":[{\"@type\":\"ReadAction\",\"target\":[\"https:\/\/www.elementvape.de\/ro\/produkt\/geniessen-sie-die-unwiderstehliche-mischung-aus-verschiedenen-beeren-mit-der-bang-blaze-20000-puffs-mixed-berries-einweg-e-zigarette\/\"]}]},{\"@type\":\"ImageObject\",\"inLanguage\":\"fi\",\"@id\":\"https:\/\/www.elementvape.de\/ro\/produkt\/geniessen-sie-die-unwiderstehliche-mischung-aus-verschiedenen-beeren-mit-der-bang-blaze-20000-puffs-mixed-berries-einweg-e-zigarette\/#primaryimage\",\"url\":\"https:\/\/www.elementvape.de\/wp-content\/uploads\/2024\/09\/MIXED-BERRIES.png\",\"contentUrl\":\"https:\/\/www.elementvape.de\/wp-content\/uploads\/2024\/09\/MIXED-BERRIES.png\",\"width\":2000,\"height\":1343,\"caption\":\"MIXED BERRIES\"},{\"@type\":\"BreadcrumbList\",\"@id\":\"https:\/\/www.elementvape.de\/ro\/produkt\/geniessen-sie-die-unwiderstehliche-mischung-aus-verschiedenen-beeren-mit-der-bang-blaze-20000-puffs-mixed-berries-einweg-e-zigarette\/#breadcrumb\",\"itemListElement\":[{\"@type\":\"ListItem\",\"position\":1,\"name\":\"Home\",\"item\":\"https:\/\/www.elementvape.de\/\"},{\"@type\":\"ListItem\",\"position\":2,\"name\":\"Shop\",\"item\":\"https:\/\/www.elementvape.de\/shop\/\"},{\"@type\":\"ListItem\",\"position\":3,\"name\":\"Genie\u00dfen Sie die unwiderstehliche Mischung aus verschiedenen Beeren mit der BANG BLAZE 20000 PUFFS MIXED BERRIES Einweg-E-Zigarette\"}]},{\"@type\":\"WebSite\",\"@id\":\"https:\/\/www.elementvape.de\/#website\",\"url\":\"https:\/\/www.elementvape.de\/\",\"name\":\"ElementVape.de\",\"description\":\"\",\"publisher\":{\"@id\":\"https:\/\/www.elementvape.de\/#organization\"},\"potentialAction\":[{\"@type\":\"SearchAction\",\"target\":{\"@type\":\"EntryPoint\",\"urlTemplate\":\"https:\/\/www.elementvape.de\/?s={search_term_string}\"},\"query-input\":\"required name=search_term_string\"}],\"inLanguage\":\"fi\"},{\"@type\":\"Organization\",\"@id\":\"https:\/\/www.elementvape.de\/#organization\",\"name\":\"ElementVape.DE\",\"url\":\"https:\/\/www.elementvape.de\/\",\"logo\":{\"@type\":\"ImageObject\",\"inLanguage\":\"fi\",\"@id\":\"https:\/\/www.elementvape.de\/#\/schema\/logo\/image\/\",\"url\":\"https:\/\/www.elementvape.de\/wp-content\/uploads\/2024\/09\/cropped-1elementvape-3.png\",\"contentUrl\":\"https:\/\/www.elementvape.de\/wp-content\/uploads\/2024\/09\/cropped-1elementvape-3.png\",\"width\":285,\"height\":228,\"caption\":\"ElementVape.DE\"},\"image\":{\"@id\":\"https:\/\/www.elementvape.de\/#\/schema\/logo\/image\/\"}}]}<\/script>\n<!-- \/ Yoast SEO plugin. -->","yoast_head_json":{"title":"Genie\u00dfen Sie die unwiderstehliche Mischung aus verschiedenen Beeren mit der BANG BLAZE 20000 PUFFS MIXED BERRIES Einweg-E-Zigarette | ElementVape.de","description":"Wir bieten Genie\u00dfen Sie die unwiderstehliche Mischung aus verschiedenen Beeren mit der BANG BLAZE 20000 PUFFS MIXED BERRIES Einweg-E-Zigarette , Elementvape.de akzeptieren Gro\u00df-und Einzelhandel Bestellungen.","robots":{"index":"index","follow":"follow","max-snippet":"max-snippet:-1","max-image-preview":"max-image-preview:large","max-video-preview":"max-video-preview:-1"},"canonical":"https:\/\/www.elementvape.de\/fi\/produkt\/geniessen-sie-die-unwiderstehliche-mischung-aus-verschiedenen-beeren-mit-der-bang-blaze-20000-puffs-mixed-berries-einweg-e-zigarette\/","og_locale":"fi_FI","og_type":"article","og_title":"Genie\u00dfen Sie die unwiderstehliche Mischung aus verschiedenen Beeren mit der BANG BLAZE 20000 PUFFS MIXED BERRIES Einweg-E-Zigarette | ElementVape.de","og_description":"Wir bieten Genie\u00dfen Sie die unwiderstehliche Mischung aus verschiedenen Beeren mit der BANG BLAZE 20000 PUFFS MIXED BERRIES Einweg-E-Zigarette , Elementvape.de akzeptieren Gro\u00df-und Einzelhandel Bestellungen.","og_url":"https:\/\/www.elementvape.de\/fi\/produkt\/geniessen-sie-die-unwiderstehliche-mischung-aus-verschiedenen-beeren-mit-der-bang-blaze-20000-puffs-mixed-berries-einweg-e-zigarette\/","og_site_name":"ElementVape.de","article_modified_time":"2024-10-09T07:16:31+00:00","og_image":[{"width":2000,"height":1343,"url":"https:\/\/www.elementvape.de\/wp-content\/uploads\/2024\/09\/MIXED-BERRIES.png","type":"image\/png"}],"twitter_card":"summary_large_image","twitter_misc":{"Est. reading time":"4 minuuttia"},"schema":{"@context":"https:\/\/schema.org","@graph":[{"@type":"WebPage","@id":"https:\/\/www.elementvape.de\/ro\/produkt\/geniessen-sie-die-unwiderstehliche-mischung-aus-verschiedenen-beeren-mit-der-bang-blaze-20000-puffs-mixed-berries-einweg-e-zigarette\/","url":"https:\/\/www.elementvape.de\/ro\/produkt\/geniessen-sie-die-unwiderstehliche-mischung-aus-verschiedenen-beeren-mit-der-bang-blaze-20000-puffs-mixed-berries-einweg-e-zigarette\/","name":"Genie\u00dfen Sie die unwiderstehliche Mischung aus verschiedenen Beeren mit der BANG BLAZE 20000 PUFFS MIXED BERRIES Einweg-E-Zigarette | ElementVape.de","isPartOf":{"@id":"https:\/\/www.elementvape.de\/#website"},"primaryImageOfPage":{"@id":"https:\/\/www.elementvape.de\/ro\/produkt\/geniessen-sie-die-unwiderstehliche-mischung-aus-verschiedenen-beeren-mit-der-bang-blaze-20000-puffs-mixed-berries-einweg-e-zigarette\/#primaryimage"},"image":{"@id":"https:\/\/www.elementvape.de\/ro\/produkt\/geniessen-sie-die-unwiderstehliche-mischung-aus-verschiedenen-beeren-mit-der-bang-blaze-20000-puffs-mixed-berries-einweg-e-zigarette\/#primaryimage"},"thumbnailUrl":"https:\/\/www.elementvape.de\/wp-content\/uploads\/2024\/09\/MIXED-BERRIES.png","datePublished":"2024-09-24T09:01:12+00:00","dateModified":"2024-10-09T07:16:31+00:00","description":"Wir bieten Genie\u00dfen Sie die unwiderstehliche Mischung aus verschiedenen Beeren mit der BANG BLAZE 20000 PUFFS MIXED BERRIES Einweg-E-Zigarette , Elementvape.de akzeptieren Gro\u00df-und Einzelhandel Bestellungen.","breadcrumb":{"@id":"https:\/\/www.elementvape.de\/ro\/produkt\/geniessen-sie-die-unwiderstehliche-mischung-aus-verschiedenen-beeren-mit-der-bang-blaze-20000-puffs-mixed-berries-einweg-e-zigarette\/#breadcrumb"},"inLanguage":"fi","potentialAction":[{"@type":"ReadAction","target":["https:\/\/www.elementvape.de\/ro\/produkt\/geniessen-sie-die-unwiderstehliche-mischung-aus-verschiedenen-beeren-mit-der-bang-blaze-20000-puffs-mixed-berries-einweg-e-zigarette\/"]}]},{"@type":"ImageObject","inLanguage":"fi","@id":"https:\/\/www.elementvape.de\/ro\/produkt\/geniessen-sie-die-unwiderstehliche-mischung-aus-verschiedenen-beeren-mit-der-bang-blaze-20000-puffs-mixed-berries-einweg-e-zigarette\/#primaryimage","url":"https:\/\/www.elementvape.de\/wp-content\/uploads\/2024\/09\/MIXED-BERRIES.png","contentUrl":"https:\/\/www.elementvape.de\/wp-content\/uploads\/2024\/09\/MIXED-BERRIES.png","width":2000,"height":1343,"caption":"MIXED BERRIES"},{"@type":"BreadcrumbList","@id":"https:\/\/www.elementvape.de\/ro\/produkt\/geniessen-sie-die-unwiderstehliche-mischung-aus-verschiedenen-beeren-mit-der-bang-blaze-20000-puffs-mixed-berries-einweg-e-zigarette\/#breadcrumb","itemListElement":[{"@type":"ListItem","position":1,"name":"Home","item":"https:\/\/www.elementvape.de\/"},{"@type":"ListItem","position":2,"name":"Shop","item":"https:\/\/www.elementvape.de\/shop\/"},{"@type":"ListItem","position":3,"name":"Genie\u00dfen Sie die unwiderstehliche Mischung aus verschiedenen Beeren mit der BANG BLAZE 20000 PUFFS MIXED BERRIES Einweg-E-Zigarette"}]},{"@type":"WebSite","@id":"https:\/\/www.elementvape.de\/#website","url":"https:\/\/www.elementvape.de\/","name":"ElementVape.de","description":"","publisher":{"@id":"https:\/\/www.elementvape.de\/#organization"},"potentialAction":[{"@type":"SearchAction","target":{"@type":"EntryPoint","urlTemplate":"https:\/\/www.elementvape.de\/?s={search_term_string}"},"query-input":"required name=search_term_string"}],"inLanguage":"fi"},{"@type":"Organization","@id":"https:\/\/www.elementvape.de\/#organization","name":"ElementVape.DE","url":"https:\/\/www.elementvape.de\/","logo":{"@type":"ImageObject","inLanguage":"fi","@id":"https:\/\/www.elementvape.de\/#\/schema\/logo\/image\/","url":"https:\/\/www.elementvape.de\/wp-content\/uploads\/2024\/09\/cropped-1elementvape-3.png","contentUrl":"https:\/\/www.elementvape.de\/wp-content\/uploads\/2024\/09\/cropped-1elementvape-3.png","width":285,"height":228,"caption":"ElementVape.DE"},"image":{"@id":"https:\/\/www.elementvape.de\/#\/schema\/logo\/image\/"}}]}},"_links":{"self":[{"href":"https:\/\/www.elementvape.de\/fi\/wp-json\/wp\/v2\/product\/14631"}],"collection":[{"href":"https:\/\/www.elementvape.de\/fi\/wp-json\/wp\/v2\/product"}],"about":[{"href":"https:\/\/www.elementvape.de\/fi\/wp-json\/wp\/v2\/types\/product"}],"wp:featuredmedia":[{"embeddable":true,"href":"https:\/\/www.elementvape.de\/fi\/wp-json\/wp\/v2\/media\/14616"}],"wp:attachment":[{"href":"https:\/\/www.elementvape.de\/fi\/wp-json\/wp\/v2\/media?parent=14631"}],"wp:term":[{"taxonomy":"product_cat","embeddable":true,"href":"https:\/\/www.elementvape.de\/fi\/wp-json\/wp\/v2\/product_cat?post=14631"},{"taxonomy":"product_tag","embeddable":true,"href":"https:\/\/www.elementvape.de\/fi\/wp-json\/wp\/v2\/product_tag?post=14631"}],"curies":[{"name":"wp","href":"https:\/\/api.w.org\/{rel}","templated":true}]}}