{"id":14598,"date":"2024-09-24T03:15:20","date_gmt":"2024-09-24T03:15:20","guid":{"rendered":"https:\/\/www.elementvape.de\/?post_type=product&#038;p=14598"},"modified":"2024-10-10T01:53:17","modified_gmt":"2024-10-10T01:53:17","slug":"strawberry-lychee-bang-tn12000-puffs-bietet-12000-genussvolle-zuege-mit-einer-verlockenden-mischung-aus-erdbeeren-und-exotischem-litschi-aroma","status":"publish","type":"product","link":"https:\/\/www.elementvape.de\/fi\/produkt\/strawberry-lychee-bang-tn12000-puffs-bietet-12000-genussvolle-zuege-mit-einer-verlockenden-mischung-aus-erdbeeren-und-exotischem-litschi-aroma\/","title":{"rendered":"STRAWBERRY LYCHEE BANG TN12000 PUFFS tarjoaa 12000 nautinnollista vetoa houkuttelevasta yhdistelm\u00e4st\u00e4 mansikkaa ja eksoottista litschi\u00e4"},"content":{"rendered":"<h2>Johdanto STRAWBERRY LYCHEE BANG TN12000 PUFFS-tuotteeseen<\/h2>\n<p>STRABERRYLITCHI BANG TN12000 PUFFS on kertak\u00e4ytt\u00f6inen s\u00e4hk\u00f6tupakka, joka tarjoaa 12 000 nautinnollista vetoa eksoottisella makuel\u00e4myksell\u00e4. Yhdistelm\u00e4 makeista, mehukkaista mansikoista ja tunnistettavasta litchi-aromista luo ainutlaatuisen, hedelm\u00e4isen h\u00f6yrykokemuksen, joka on sek\u00e4 virkist\u00e4v\u00e4 ett\u00e4 viettelev\u00e4. T\u00e4m\u00e4 sekoitus yhdist\u00e4\u00e4 kaksi t\u00e4ydellisesti harmonisoivaa makua ja takaa pitk\u00e4kestoisen makuel\u00e4myksen. H\u00f6yryt, jotka etsiv\u00e4t perinteisten hedelmien ja eksoottisten makujen yhdistelm\u00e4\u00e4, pit\u00e4v\u00e4t t\u00e4t\u00e4 s\u00e4hk\u00f6tupakkaa t\u00e4ydellisen\u00e4 valintana.<\/p>\n<p>Laite tarjoaa paitsi intensiivisen makuel\u00e4myksen my\u00f6s helppok\u00e4ytt\u00f6isyyden. Yksitt\u00e4isk\u00e4ytt\u00f6iseksi suunniteltu STRAWBERRY LYCHEE BANG TN12000 PUFFS on erityisen k\u00e4tev\u00e4 p\u00e4ivitt\u00e4isess\u00e4 k\u00e4yt\u00f6ss\u00e4, koska t\u00e4ytt\u00f6\u00e4 tai monimutkaista asennusta ei tarvita. Huikean 12 000 vedon m\u00e4\u00e4r\u00e4n ansiosta t\u00e4m\u00e4 laite on erityisen kest\u00e4v\u00e4, mik\u00e4 tekee siit\u00e4 ihanteellisen k\u00e4ytt\u00e4jille, jotka etsiv\u00e4t vaivatonta ja samalla korkealaatuista vape-el\u00e4myst\u00e4.<\/p>\n<h3>Tekniset tiedot ja suorituskyky<\/h3>\n<p>STRABERRYLIMEKSI BANG TN12000 PUFFS vakuuttaa teknisill\u00e4 ominaisuuksillaan, jotka takaavat erinomaisen suorituskyvyn. E-liquidi-kapasiteetti on 22ml ja kest\u00e4v\u00e4 650mAh-akku on suunniteltu pitk\u00e4kestoiseen k\u00e4ytt\u00f6\u00f6n. Akku on uudelleenladattava ja sit\u00e4 voidaan ladata nopeasti Type-C-latausliit\u00e4nn\u00e4n avulla, mik\u00e4 pident\u00e4\u00e4 k\u00e4ytt\u00f6aikaa ja v\u00e4hent\u00e4\u00e4 odotusaikaa. N\u00e4in laite tarjoaa t\u00e4ydellisen tasapainon suorituskyvyn ja k\u00e4ytt\u00f6mukavuuden v\u00e4lill\u00e4.<\/p>\n<p>1.0 Ohmin Mesh-kela on toinen tekninen kohokohta, joka varmistaa tasaisen nesteen h\u00f6yrystymisen. Mesh-tekniikka takaa ei ainoastaan intensiivisen makukokemuksen, vaan my\u00f6s tasaisen ja vakaan h\u00f6yryn tuotannon. T\u00e4m\u00e4 tekniikka on erityisen tehokas ja mahdollistaa mansikan ja lit\u0161in makujen optimaalisen esiin tuomisen. Lis\u00e4ksi suuri vetojen m\u00e4\u00e4r\u00e4 varmistaa, ett\u00e4 k\u00e4ytt\u00e4j\u00e4t voivat nauttia laitteesta pitk\u00e4n aikaa ilman, ett\u00e4 laadusta tarvitsee tinki\u00e4.<\/p>\n<h3>Makuprofiili ja monimuotoisuus<\/h3>\n<p>STRABERRYLITSI BANG TN12000 PUFFS:n makuprofi on t\u00e4ydellinen tasapaino makeiden mansikoiden ja eksoottisen litkhin v\u00e4lill\u00e4. Mansikka tuo intensiivisen, luonnollisen makeuden, jota t\u00e4ydent\u00e4\u00e4 litkin eksoottinen ja kukkainen aromi. T\u00e4m\u00e4 yhdistelm\u00e4 tarjoaa virkist\u00e4v\u00e4n ja t\u00e4ytel\u00e4isen makuel\u00e4myksen, joka tarjoaa jokaisella vedolla sek\u00e4 hedelm\u00e4ist\u00e4 raikkautta ett\u00e4 trooppisia s\u00e4vyj\u00e4.<\/p>\n<p>Valikoima 2%:n ja 5%:n suolanikotiinipitoisuuksia tarjoaa STRAWBERRY LYCHEE BANG TN12000 PUFFS jokaiselle k\u00e4ytt\u00e4j\u00e4lle sopivan h\u00f6yrykokemuksen. Nikotiinittomalla vaihtoehdolla on tarkoitus houkutella vaperit, jotka painottavat makua, kun taas korkeammat nikotiinipitoisuudet on suunnattu niille, jotka etsiv\u00e4t voimakkaampaa nikotiinikokemusta. T\u00e4m\u00e4 joustavuus tekee laitteesta ihanteellisen laajalle k\u00e4ytt\u00e4j\u00e4kunnalle, aloittelevista kokeneisiin. <strong><a href=\"https:\/\/www.elementvape.de\/fi\/\" target=\"_blank\" rel=\"noopener\">h\u00f6yrytt\u00e4jien keskuudessa<\/a><\/strong>, jotka etsiv\u00e4t t\u00e4ydellist\u00e4 tasapainoa maun ja nikotiinivaikutuksen v\u00e4lill\u00e4.<\/p>\n<h3>Design ja k\u00e4ytt\u00e4j\u00e4yst\u00e4v\u00e4llisyys<\/h3>\n<p>STRABERRYLIME\u00c4 LYCHEE BANG TN12000 PUFFS -laitteen muotoilu hurmaa yksinkertaisella eleganssillaan ja k\u00e4ytt\u00e4j\u00e4yst\u00e4v\u00e4llisyydell\u00e4\u00e4n. Laite on valmistettu kest\u00e4v\u00e4st\u00e4 polykarbonaatista (PC), mik\u00e4 tekee siit\u00e4 pitk\u00e4ik\u00e4isen ja kevyen. Se on kompakti ja kannettava, joten se mahtuu k\u00e4tev\u00e4sti taskuun ja on siksi t\u00e4ydellinen k\u00e4ytett\u00e4v\u00e4ksi matkalla. LED-v\u00e4rin\u00e4ytt\u00f6 lis\u00e4\u00e4 visuaalista vieh\u00e4tt\u00e4vyytt\u00e4 ja antaa samalla t\u00e4rkeit\u00e4 tietoja akun tilasta ja laitteen k\u00e4ytt\u00f6kunnosta.<\/p>\n<p>Pakkauksessa on 10 kappaletta per laatikko, mik\u00e4 tekee tuotteesta ihanteellisen v\u00e4hitt\u00e4ismyyntiin sek\u00e4 henkil\u00f6kohtaiseen k\u00e4ytt\u00f6\u00f6n. Laatikko suojaa s\u00e4hk\u00f6tupakat vaurioilta ja varmistaa, ett\u00e4 ne saapuvat turvallisesti k\u00e4ytt\u00e4j\u00e4lle. Lis\u00e4ksi jokaisessa pakkauksessa on valmistusp\u00e4iv\u00e4m\u00e4\u00e4r\u00e4 (MFD), mik\u00e4 tarjoaa asiakkaille lis\u00e4turvaa ja l\u00e4pin\u00e4kyvyytt\u00e4. T\u00e4m\u00e4 on toinen ominaisuus, joka korostaa t\u00e4m\u00e4n tuotteen laatua ja luotettavuutta.<\/p>\n<h3>Akku- ja lataustoiminto<\/h3>\n<p>STRABERRYLIME\u00c4 LYCHEE BANG TN 12000 PUFFS on uudelleenladettava 650mAh-akku, mik\u00e4 tekee laitteesta kest\u00e4v\u00e4n valinnan kertak\u00e4ytt\u00f6isten s\u00e4hk\u00f6tupakkien joukossa. Type-C-latausliit\u00e4nn\u00e4n ansiosta akku voidaan ladata nopeasti ja tehokkaasti, mik\u00e4 maksimoi k\u00e4ytt\u00f6ajan ja lis\u00e4\u00e4 k\u00e4ytt\u00f6mukavuutta. T\u00e4m\u00e4 ominaisuus on erityisen k\u00e4tev\u00e4 k\u00e4ytt\u00e4jille, jotka liikkuvat paljon eiv\u00e4tk\u00e4 halua odottaa pitk\u00e4\u00e4n laitteen latautumista.<\/p>\n<p>Yhdistelm\u00e4 tehokkaasta akusta ja suuresta E-liquidi-kapasiteetista varmistaa, ett\u00e4 laite tarjoaa tasaisen korkeaa suorituskyky\u00e4 my\u00f6s intensiivisess\u00e4 k\u00e4yt\u00f6ss\u00e4. Akku on suunniteltu hy\u00f6dynt\u00e4m\u00e4\u00e4n 22ml E-liquidi\u00e4 optimaalisesti ja takaamaan tasainen h\u00f6yryn tuotanto. Lis\u00e4ksi LED-n\u00e4ytt\u00f6 n\u00e4ytt\u00e4\u00e4 akun tilan, joten k\u00e4ytt\u00e4j\u00e4t tiet\u00e4v\u00e4t aina milloin laite tarvitsee latausta, mik\u00e4 tekee h\u00f6yryst\u00e4miskokemuksesta viel\u00e4 vaivattomampaa.<\/p>\n<h3>Kohdeyleis\u00f6 ja k\u00e4ytt\u00f6kokemus<\/h3>\n<p>STRABERRYLICHEE BANG TN12000 PUFFS on suunnattu h\u00f6yrytt\u00e4jille, jotka etsiv\u00e4t eksoottista ja samalla intensiivist\u00e4 makuel\u00e4myst\u00e4. Mit\u00e4 <strong><a href=\"https:\/\/www.elementvape.de\/fi\/p-tag\/groesser-oder-gleich-12000-zuege\/\" target=\"_blank\" rel=\"noopener\">12000 vetoon<\/a><\/strong> ja korkealaatuinen mesh-kela tekee laitteesta ihanteellisen vaperille, jotka arvostavat pitk\u00e4kestoista ja tasaisesti korkeaa suorituskyky\u00e4. Mansikan ja lit\u0161in yhdistelm\u00e4 tarjoaa ainutlaatuisen makuel\u00e4myksen, joka houkuttelee sek\u00e4 aloittelijoita ett\u00e4 kokeneita h\u00f6yrytt\u00e4ji\u00e4. Erityisesti k\u00e4ytt\u00e4j\u00e4t, jotka suosivat tasapainoa makeuden ja eksoottisten makujen v\u00e4lill\u00e4, tulevat olemaan t\u00e4st\u00e4 tuotteesta innoissaan.<\/p>\n<p>Yksinkertainen k\u00e4ytt\u00f6 tekee laitteesta houkuttelevan laajalle kohderyhm\u00e4lle. S\u00e4\u00e4d\u00f6t tai huoltovaatimukset eiv\u00e4t ole monimutkaisia, mik\u00e4 tekee siit\u00e4 helposti k\u00e4ytett\u00e4v\u00e4n aloittelijoillekin. Nikotiinipitoisuuksien valikoiman ansiosta k\u00e4ytt\u00e4j\u00e4t voivat r\u00e4\u00e4t\u00e4l\u00f6id\u00e4 vaping-kokemuksensa omien tarpeidensa mukaan, mik\u00e4 tekee STRAWBERRY LYCHEE BANG TN12000 PUFFS -kertak\u00e4ytt\u00f6iset E-savukkeet monipuoliseksi ja suosituiksi valinnaksi.<\/p>\n<p>STRABERRYLIME\u00c4 LYCHEE BANG TN12000 PUFFS tarjoaa t\u00e4ydellisen yhdistelm\u00e4n makeita ja eksoottisia makuja, jotka nostavat h\u00f6yrystyskokemuksen uudelle tasolle. 12 000 puffsilla, 22 ml e-liquidi-kapasiteetilla ja uudelleenladattavalla 650mAh-akulla t\u00e4m\u00e4 laite on sek\u00e4 kest\u00e4v\u00e4 ett\u00e4 tehokas. Mesh-kierteen teknologia takaa tasaisen h\u00f6yrystymisen ja intensiivisen makukokemuksen, kun taas suolapohjaisen nikotiinin vahvuuksien valikoima mahdollistaa yksil\u00f6llisen s\u00e4\u00e4t\u00e4misen. Kompakti muotoilu ja helppok\u00e4ytt\u00f6isyys tekev\u00e4t STRAWBERRY LYCHEE BANG TN12000 PUFFS:sta ihanteellisen valinnan h\u00f6yrystajille, jotka etsiv\u00e4t korkealaatuista, eksoottista h\u00f6yrystyskokemusta.<\/p>","protected":false},"excerpt":{"rendered":"<p>Einf\u00fchrung in die STRAWBERRY LYCHEE BANG TN12000 PUFFS Die STRAWBERRY LYCHEE BANG TN12000 PUFFS ist eine Einweg-E-Zigarette, die 12.000 genussvolle Z\u00fcge mit einem exotischen Geschmackserlebnis bietet. Die Kombination aus s\u00fc\u00dfen, saftigen Erdbeeren und dem unverwechselbaren Aroma von Litschi schafft ein einzigartiges, fruchtiges Dampferlebnis, das sowohl erfrischend als auch verf\u00fchrerisch ist. Diese Mischung vereint zwei Aromen, [&hellip;]<\/p>","protected":false},"featured_media":14592,"template":"","meta":{"inline_featured_image":false},"product_cat":[15,728,739,743,744,755,738,751],"product_tag":[710,673],"tiered_pricing_type":"fixed","tiered_pricing_fixed_rules":{"60":"6.58","110":"5.85","200":"5.12"},"tiered_pricing_percentage_rules":[],"tiered_pricing_minimum":1,"_administrator_tiered_pricing_type":"fixed","_administrator_tiered_pricing_fixed_rules":[],"_editor_tiered_pricing_type":"fixed","_editor_tiered_pricing_fixed_rules":[],"_author_tiered_pricing_type":"fixed","_author_tiered_pricing_fixed_rules":[],"_contributor_tiered_pricing_type":"fixed","_contributor_tiered_pricing_fixed_rules":[],"_subscriber_tiered_pricing_type":"fixed","_subscriber_tiered_pricing_fixed_rules":[],"_customer_tiered_pricing_type":"fixed","_customer_tiered_pricing_fixed_rules":[],"_shop_manager_tiered_pricing_type":"fixed","_shop_manager_tiered_pricing_fixed_rules":[],"_wpseo_manager_tiered_pricing_type":"fixed","_wpseo_manager_tiered_pricing_fixed_rules":[],"_wpseo_editor_tiered_pricing_type":"fixed","_wpseo_editor_tiered_pricing_fixed_rules":[],"_wholesale_customer_tiered_pricing_type":"fixed","_wholesale_customer_tiered_pricing_fixed_rules":[],"_marketer_tiered_pricing_type":"fixed","_marketer_tiered_pricing_fixed_rules":[],"_sales_manager_tiered_pricing_type":"fixed","_sales_manager_tiered_pricing_fixed_rules":[],"_sales_rep_tiered_pricing_type":"fixed","_sales_rep_tiered_pricing_fixed_rules":[],"yoast_head":"<!-- This site is optimized with the Yoast SEO plugin v23.3 - https:\/\/yoast.com\/wordpress\/plugins\/seo\/ -->\n<title>STRAWBERRY LYCHEE BANG TN12000 PUFFS bietet 12000 genussvolle Z\u00fcge mit einer verlockenden Mischung aus Erdbeeren und exotischem Litschi Aroma | ElementVape.de<\/title>\n<meta name=\"description\" content=\"Wir bieten STRAWBERRY LYCHEE BANG TN12000 PUFFS bietet 12000 genussvolle Z\u00fcge mit einer verlockenden Mischung aus Erdbeeren und exotischem Litschi Aroma , Elementvape.de akzeptieren Gro\u00df-und Einzelhandel Bestellungen.\" \/>\n<meta name=\"robots\" content=\"index, follow, max-snippet:-1, max-image-preview:large, max-video-preview:-1\" \/>\n<link rel=\"canonical\" href=\"https:\/\/www.elementvape.de\/fi\/produkt\/strawberry-lychee-bang-tn12000-puffs-bietet-12000-genussvolle-zuege-mit-einer-verlockenden-mischung-aus-erdbeeren-und-exotischem-litschi-aroma\/\" \/>\n<meta property=\"og:locale\" content=\"fi_FI\" \/>\n<meta property=\"og:type\" content=\"article\" \/>\n<meta property=\"og:title\" content=\"STRAWBERRY LYCHEE BANG TN12000 PUFFS bietet 12000 genussvolle Z\u00fcge mit einer verlockenden Mischung aus Erdbeeren und exotischem Litschi Aroma | ElementVape.de\" \/>\n<meta property=\"og:description\" content=\"Wir bieten STRAWBERRY LYCHEE BANG TN12000 PUFFS bietet 12000 genussvolle Z\u00fcge mit einer verlockenden Mischung aus Erdbeeren und exotischem Litschi Aroma , Elementvape.de akzeptieren Gro\u00df-und Einzelhandel Bestellungen.\" \/>\n<meta property=\"og:url\" content=\"https:\/\/www.elementvape.de\/fi\/produkt\/strawberry-lychee-bang-tn12000-puffs-bietet-12000-genussvolle-zuege-mit-einer-verlockenden-mischung-aus-erdbeeren-und-exotischem-litschi-aroma\/\" \/>\n<meta property=\"og:site_name\" content=\"ElementVape.de\" \/>\n<meta property=\"article:modified_time\" content=\"2024-10-10T01:53:17+00:00\" \/>\n<meta property=\"og:image\" content=\"https:\/\/www.elementvape.de\/wp-content\/uploads\/2024\/09\/Strawberry-Lychee-3-scaled.jpg\" \/>\n\t<meta property=\"og:image:width\" content=\"2560\" \/>\n\t<meta property=\"og:image:height\" content=\"1898\" \/>\n\t<meta property=\"og:image:type\" content=\"image\/jpeg\" \/>\n<meta name=\"twitter:card\" content=\"summary_large_image\" \/>\n<meta name=\"twitter:label1\" content=\"Est. reading time\" \/>\n\t<meta name=\"twitter:data1\" content=\"6 minuuttia\" \/>\n<script type=\"application\/ld+json\" class=\"yoast-schema-graph\">{\"@context\":\"https:\/\/schema.org\",\"@graph\":[{\"@type\":\"WebPage\",\"@id\":\"https:\/\/www.elementvape.de\/it\/produkt\/strawberry-lychee-bang-tn12000-puffs-bietet-12000-genussvolle-zuege-mit-einer-verlockenden-mischung-aus-erdbeeren-und-exotischem-litschi-aroma\/\",\"url\":\"https:\/\/www.elementvape.de\/it\/produkt\/strawberry-lychee-bang-tn12000-puffs-bietet-12000-genussvolle-zuege-mit-einer-verlockenden-mischung-aus-erdbeeren-und-exotischem-litschi-aroma\/\",\"name\":\"STRAWBERRY LYCHEE BANG TN12000 PUFFS bietet 12000 genussvolle Z\u00fcge mit einer verlockenden Mischung aus Erdbeeren und exotischem Litschi Aroma | ElementVape.de\",\"isPartOf\":{\"@id\":\"https:\/\/www.elementvape.de\/#website\"},\"primaryImageOfPage\":{\"@id\":\"https:\/\/www.elementvape.de\/it\/produkt\/strawberry-lychee-bang-tn12000-puffs-bietet-12000-genussvolle-zuege-mit-einer-verlockenden-mischung-aus-erdbeeren-und-exotischem-litschi-aroma\/#primaryimage\"},\"image\":{\"@id\":\"https:\/\/www.elementvape.de\/it\/produkt\/strawberry-lychee-bang-tn12000-puffs-bietet-12000-genussvolle-zuege-mit-einer-verlockenden-mischung-aus-erdbeeren-und-exotischem-litschi-aroma\/#primaryimage\"},\"thumbnailUrl\":\"https:\/\/www.elementvape.de\/wp-content\/uploads\/2024\/09\/Strawberry-Lychee-3-scaled.jpg\",\"datePublished\":\"2024-09-24T03:15:20+00:00\",\"dateModified\":\"2024-10-10T01:53:17+00:00\",\"description\":\"Wir bieten STRAWBERRY LYCHEE BANG TN12000 PUFFS bietet 12000 genussvolle Z\u00fcge mit einer verlockenden Mischung aus Erdbeeren und exotischem Litschi Aroma , Elementvape.de akzeptieren Gro\u00df-und Einzelhandel Bestellungen.\",\"breadcrumb\":{\"@id\":\"https:\/\/www.elementvape.de\/it\/produkt\/strawberry-lychee-bang-tn12000-puffs-bietet-12000-genussvolle-zuege-mit-einer-verlockenden-mischung-aus-erdbeeren-und-exotischem-litschi-aroma\/#breadcrumb\"},\"inLanguage\":\"fi\",\"potentialAction\":[{\"@type\":\"ReadAction\",\"target\":[\"https:\/\/www.elementvape.de\/it\/produkt\/strawberry-lychee-bang-tn12000-puffs-bietet-12000-genussvolle-zuege-mit-einer-verlockenden-mischung-aus-erdbeeren-und-exotischem-litschi-aroma\/\"]}]},{\"@type\":\"ImageObject\",\"inLanguage\":\"fi\",\"@id\":\"https:\/\/www.elementvape.de\/it\/produkt\/strawberry-lychee-bang-tn12000-puffs-bietet-12000-genussvolle-zuege-mit-einer-verlockenden-mischung-aus-erdbeeren-und-exotischem-litschi-aroma\/#primaryimage\",\"url\":\"https:\/\/www.elementvape.de\/wp-content\/uploads\/2024\/09\/Strawberry-Lychee-3-scaled.jpg\",\"contentUrl\":\"https:\/\/www.elementvape.de\/wp-content\/uploads\/2024\/09\/Strawberry-Lychee-3-scaled.jpg\",\"width\":2560,\"height\":1898,\"caption\":\"Strawberry Lychee\"},{\"@type\":\"BreadcrumbList\",\"@id\":\"https:\/\/www.elementvape.de\/it\/produkt\/strawberry-lychee-bang-tn12000-puffs-bietet-12000-genussvolle-zuege-mit-einer-verlockenden-mischung-aus-erdbeeren-und-exotischem-litschi-aroma\/#breadcrumb\",\"itemListElement\":[{\"@type\":\"ListItem\",\"position\":1,\"name\":\"Home\",\"item\":\"https:\/\/www.elementvape.de\/\"},{\"@type\":\"ListItem\",\"position\":2,\"name\":\"Shop\",\"item\":\"https:\/\/www.elementvape.de\/shop\/\"},{\"@type\":\"ListItem\",\"position\":3,\"name\":\"STRAWBERRY LYCHEE BANG TN12000 PUFFS bietet 12000 genussvolle Z\u00fcge mit einer verlockenden Mischung aus Erdbeeren und exotischem Litschi Aroma\"}]},{\"@type\":\"WebSite\",\"@id\":\"https:\/\/www.elementvape.de\/#website\",\"url\":\"https:\/\/www.elementvape.de\/\",\"name\":\"ElementVape.de\",\"description\":\"\",\"publisher\":{\"@id\":\"https:\/\/www.elementvape.de\/#organization\"},\"potentialAction\":[{\"@type\":\"SearchAction\",\"target\":{\"@type\":\"EntryPoint\",\"urlTemplate\":\"https:\/\/www.elementvape.de\/?s={search_term_string}\"},\"query-input\":\"required name=search_term_string\"}],\"inLanguage\":\"fi\"},{\"@type\":\"Organization\",\"@id\":\"https:\/\/www.elementvape.de\/#organization\",\"name\":\"ElementVape.DE\",\"url\":\"https:\/\/www.elementvape.de\/\",\"logo\":{\"@type\":\"ImageObject\",\"inLanguage\":\"fi\",\"@id\":\"https:\/\/www.elementvape.de\/#\/schema\/logo\/image\/\",\"url\":\"https:\/\/www.elementvape.de\/wp-content\/uploads\/2024\/09\/cropped-1elementvape-3.png\",\"contentUrl\":\"https:\/\/www.elementvape.de\/wp-content\/uploads\/2024\/09\/cropped-1elementvape-3.png\",\"width\":285,\"height\":228,\"caption\":\"ElementVape.DE\"},\"image\":{\"@id\":\"https:\/\/www.elementvape.de\/#\/schema\/logo\/image\/\"}}]}<\/script>\n<!-- \/ Yoast SEO plugin. -->","yoast_head_json":{"title":"STRAWBERRY LYCHEE BANG TN12000 PUFFS bietet 12000 genussvolle Z\u00fcge mit einer verlockenden Mischung aus Erdbeeren und exotischem Litschi Aroma | ElementVape.de","description":"Wir bieten STRAWBERRY LYCHEE BANG TN12000 PUFFS bietet 12000 genussvolle Z\u00fcge mit einer verlockenden Mischung aus Erdbeeren und exotischem Litschi Aroma , Elementvape.de akzeptieren Gro\u00df-und Einzelhandel Bestellungen.","robots":{"index":"index","follow":"follow","max-snippet":"max-snippet:-1","max-image-preview":"max-image-preview:large","max-video-preview":"max-video-preview:-1"},"canonical":"https:\/\/www.elementvape.de\/fi\/produkt\/strawberry-lychee-bang-tn12000-puffs-bietet-12000-genussvolle-zuege-mit-einer-verlockenden-mischung-aus-erdbeeren-und-exotischem-litschi-aroma\/","og_locale":"fi_FI","og_type":"article","og_title":"STRAWBERRY LYCHEE BANG TN12000 PUFFS bietet 12000 genussvolle Z\u00fcge mit einer verlockenden Mischung aus Erdbeeren und exotischem Litschi Aroma | ElementVape.de","og_description":"Wir bieten STRAWBERRY LYCHEE BANG TN12000 PUFFS bietet 12000 genussvolle Z\u00fcge mit einer verlockenden Mischung aus Erdbeeren und exotischem Litschi Aroma , Elementvape.de akzeptieren Gro\u00df-und Einzelhandel Bestellungen.","og_url":"https:\/\/www.elementvape.de\/fi\/produkt\/strawberry-lychee-bang-tn12000-puffs-bietet-12000-genussvolle-zuege-mit-einer-verlockenden-mischung-aus-erdbeeren-und-exotischem-litschi-aroma\/","og_site_name":"ElementVape.de","article_modified_time":"2024-10-10T01:53:17+00:00","og_image":[{"width":2560,"height":1898,"url":"https:\/\/www.elementvape.de\/wp-content\/uploads\/2024\/09\/Strawberry-Lychee-3-scaled.jpg","type":"image\/jpeg"}],"twitter_card":"summary_large_image","twitter_misc":{"Est. reading time":"6 minuuttia"},"schema":{"@context":"https:\/\/schema.org","@graph":[{"@type":"WebPage","@id":"https:\/\/www.elementvape.de\/it\/produkt\/strawberry-lychee-bang-tn12000-puffs-bietet-12000-genussvolle-zuege-mit-einer-verlockenden-mischung-aus-erdbeeren-und-exotischem-litschi-aroma\/","url":"https:\/\/www.elementvape.de\/it\/produkt\/strawberry-lychee-bang-tn12000-puffs-bietet-12000-genussvolle-zuege-mit-einer-verlockenden-mischung-aus-erdbeeren-und-exotischem-litschi-aroma\/","name":"STRAWBERRY LYCHEE BANG TN12000 PUFFS bietet 12000 genussvolle Z\u00fcge mit einer verlockenden Mischung aus Erdbeeren und exotischem Litschi Aroma | ElementVape.de","isPartOf":{"@id":"https:\/\/www.elementvape.de\/#website"},"primaryImageOfPage":{"@id":"https:\/\/www.elementvape.de\/it\/produkt\/strawberry-lychee-bang-tn12000-puffs-bietet-12000-genussvolle-zuege-mit-einer-verlockenden-mischung-aus-erdbeeren-und-exotischem-litschi-aroma\/#primaryimage"},"image":{"@id":"https:\/\/www.elementvape.de\/it\/produkt\/strawberry-lychee-bang-tn12000-puffs-bietet-12000-genussvolle-zuege-mit-einer-verlockenden-mischung-aus-erdbeeren-und-exotischem-litschi-aroma\/#primaryimage"},"thumbnailUrl":"https:\/\/www.elementvape.de\/wp-content\/uploads\/2024\/09\/Strawberry-Lychee-3-scaled.jpg","datePublished":"2024-09-24T03:15:20+00:00","dateModified":"2024-10-10T01:53:17+00:00","description":"Wir bieten STRAWBERRY LYCHEE BANG TN12000 PUFFS bietet 12000 genussvolle Z\u00fcge mit einer verlockenden Mischung aus Erdbeeren und exotischem Litschi Aroma , Elementvape.de akzeptieren Gro\u00df-und Einzelhandel Bestellungen.","breadcrumb":{"@id":"https:\/\/www.elementvape.de\/it\/produkt\/strawberry-lychee-bang-tn12000-puffs-bietet-12000-genussvolle-zuege-mit-einer-verlockenden-mischung-aus-erdbeeren-und-exotischem-litschi-aroma\/#breadcrumb"},"inLanguage":"fi","potentialAction":[{"@type":"ReadAction","target":["https:\/\/www.elementvape.de\/it\/produkt\/strawberry-lychee-bang-tn12000-puffs-bietet-12000-genussvolle-zuege-mit-einer-verlockenden-mischung-aus-erdbeeren-und-exotischem-litschi-aroma\/"]}]},{"@type":"ImageObject","inLanguage":"fi","@id":"https:\/\/www.elementvape.de\/it\/produkt\/strawberry-lychee-bang-tn12000-puffs-bietet-12000-genussvolle-zuege-mit-einer-verlockenden-mischung-aus-erdbeeren-und-exotischem-litschi-aroma\/#primaryimage","url":"https:\/\/www.elementvape.de\/wp-content\/uploads\/2024\/09\/Strawberry-Lychee-3-scaled.jpg","contentUrl":"https:\/\/www.elementvape.de\/wp-content\/uploads\/2024\/09\/Strawberry-Lychee-3-scaled.jpg","width":2560,"height":1898,"caption":"Strawberry Lychee"},{"@type":"BreadcrumbList","@id":"https:\/\/www.elementvape.de\/it\/produkt\/strawberry-lychee-bang-tn12000-puffs-bietet-12000-genussvolle-zuege-mit-einer-verlockenden-mischung-aus-erdbeeren-und-exotischem-litschi-aroma\/#breadcrumb","itemListElement":[{"@type":"ListItem","position":1,"name":"Home","item":"https:\/\/www.elementvape.de\/"},{"@type":"ListItem","position":2,"name":"Shop","item":"https:\/\/www.elementvape.de\/shop\/"},{"@type":"ListItem","position":3,"name":"STRAWBERRY LYCHEE BANG TN12000 PUFFS bietet 12000 genussvolle Z\u00fcge mit einer verlockenden Mischung aus Erdbeeren und exotischem Litschi Aroma"}]},{"@type":"WebSite","@id":"https:\/\/www.elementvape.de\/#website","url":"https:\/\/www.elementvape.de\/","name":"ElementVape.de","description":"","publisher":{"@id":"https:\/\/www.elementvape.de\/#organization"},"potentialAction":[{"@type":"SearchAction","target":{"@type":"EntryPoint","urlTemplate":"https:\/\/www.elementvape.de\/?s={search_term_string}"},"query-input":"required name=search_term_string"}],"inLanguage":"fi"},{"@type":"Organization","@id":"https:\/\/www.elementvape.de\/#organization","name":"ElementVape.DE","url":"https:\/\/www.elementvape.de\/","logo":{"@type":"ImageObject","inLanguage":"fi","@id":"https:\/\/www.elementvape.de\/#\/schema\/logo\/image\/","url":"https:\/\/www.elementvape.de\/wp-content\/uploads\/2024\/09\/cropped-1elementvape-3.png","contentUrl":"https:\/\/www.elementvape.de\/wp-content\/uploads\/2024\/09\/cropped-1elementvape-3.png","width":285,"height":228,"caption":"ElementVape.DE"},"image":{"@id":"https:\/\/www.elementvape.de\/#\/schema\/logo\/image\/"}}]}},"_links":{"self":[{"href":"https:\/\/www.elementvape.de\/fi\/wp-json\/wp\/v2\/product\/14598"}],"collection":[{"href":"https:\/\/www.elementvape.de\/fi\/wp-json\/wp\/v2\/product"}],"about":[{"href":"https:\/\/www.elementvape.de\/fi\/wp-json\/wp\/v2\/types\/product"}],"wp:featuredmedia":[{"embeddable":true,"href":"https:\/\/www.elementvape.de\/fi\/wp-json\/wp\/v2\/media\/14592"}],"wp:attachment":[{"href":"https:\/\/www.elementvape.de\/fi\/wp-json\/wp\/v2\/media?parent=14598"}],"wp:term":[{"taxonomy":"product_cat","embeddable":true,"href":"https:\/\/www.elementvape.de\/fi\/wp-json\/wp\/v2\/product_cat?post=14598"},{"taxonomy":"product_tag","embeddable":true,"href":"https:\/\/www.elementvape.de\/fi\/wp-json\/wp\/v2\/product_tag?post=14598"}],"curies":[{"name":"wp","href":"https:\/\/api.w.org\/{rel}","templated":true}]}}