{"id":14571,"date":"2024-09-23T07:08:12","date_gmt":"2024-09-23T07:08:12","guid":{"rendered":"https:\/\/www.elementvape.de\/?post_type=product&#038;p=14571"},"modified":"2024-10-10T02:19:33","modified_gmt":"2024-10-10T02:19:33","slug":"royal-grape-bang-15000-puffs-ist-eine-wahre-hommage-an-die-koenigliche-frucht-geniessen-sie-das-volle-aroma-in-jedem-zug","status":"publish","type":"product","link":"https:\/\/www.elementvape.de\/fi\/produkt\/royal-grape-bang-15000-puffs-ist-eine-wahre-hommage-an-die-koenigliche-frucht-geniessen-sie-das-volle-aroma-in-jedem-zug\/","title":{"rendered":"Royal Grape Bang 15000 Puffs on todellinen kunnianosoitus kuninkaalliselle hedelm\u00e4lle, nauti t\u00e4ytel\u00e4isest\u00e4 aromista jokaisella vedolla"},"content":{"rendered":"<h2>Royal Grape Bang 15000 Puffs Yksi kunnianosoitus kuninkaalliselle hedelm\u00e4lle<\/h2>\n<p>Vaping on viime vuosina kasvattanut suosiotaan yh\u00e4 enemm\u00e4n, ja h\u00f6yrystysyhteis\u00f6n maailma kehittyy jatkuvasti. Monille vaperille maku on ratkaiseva tekij\u00e4 laitteiden valinnassa. Ja kun kyse on makuel\u00e4myksist\u00e4, Royal Grape Bang 15000 Puffs Rechargeable Disposable <strong><a href=\"https:\/\/www.elementvape.de\/fi\/c\/pod\/\" target=\"_blank\" rel=\"noopener\">Pod<\/a><\/strong> tarjoaa paljon. T\u00e4m\u00e4 tuote yhdist\u00e4\u00e4 hedelm\u00e4iset maut edistykselliseen teknologiaan ja tarjoaa h\u00f6yrystajille kuninkaallisen kokemuksen kaikilta osin.<\/p>\n<h3>Makuinen matka viinimarjojen maailmaan<\/h3>\n<p>Viinimarjat, erityisesti kyps\u00e4ss\u00e4 ja t\u00e4ytel\u00e4isess\u00e4 muodossaan, ovat jotain ylev\u00e4\u00e4 ja majesteettista. Ei ole sattumaa, ett\u00e4 niit\u00e4 kutsutaan \u201dkuninkaalliseksi hedelm\u00e4ksi\u201d. Vuosisatojen ajan ne ovat olleet vaurauden ja ylellisyyden symboli ja yhdistet\u00e4\u00e4n usein hienostuneisiin viineihin ja herkullisiin j\u00e4lkiruokiin. Royal Grape Bang 15000 Puffs tarttuu juuri n\u00e4ihin assosiaatioihin ja tarjoaa maun, joka kunnioittaa t\u00e4t\u00e4 perinnett\u00e4.<\/p>\n<h4>Aitous makuel\u00e4myksess\u00e4<\/h4>\n<p>Royal Grape Bangin h\u00f6yryst\u00e4misess\u00e4 k\u00e4y heti ilmi, ett\u00e4 kyseess\u00e4 on premium-tuote. Maku on aito ja<\/p>\n<p><img loading=\"lazy\" decoding=\"async\" class=\"wp-image-14537 alignright\" src=\"https:\/\/www.elementvape.de\/wp-content\/uploads\/2024\/09\/mmexport1705987082905-300x250.jpg\" alt=\"\" width=\"504\" height=\"420\" srcset=\"https:\/\/www.elementvape.de\/wp-content\/uploads\/2024\/09\/mmexport1705987082905-300x250.jpg 300w, https:\/\/www.elementvape.de\/wp-content\/uploads\/2024\/09\/mmexport1705987082905-1024x853.jpg 1024w, https:\/\/www.elementvape.de\/wp-content\/uploads\/2024\/09\/mmexport1705987082905-768x640.jpg 768w, https:\/\/www.elementvape.de\/wp-content\/uploads\/2024\/09\/mmexport1705987082905-600x500.jpg 600w, https:\/\/www.elementvape.de\/wp-content\/uploads\/2024\/09\/mmexport1705987082905.jpg 1296w\" sizes=\"(max-width: 504px) 100vw, 504px\" \/><\/p>\n<p>muistuttaa vastajotettuja, mehukkaita viinimarjoja. T\u00e4m\u00e4 luonnollinen ja intensiivinen maku erottuu selv\u00e4sti keinotekoisesti maistuvista vaihtoehdoista, joita l\u00f6ytyy usein vaping-maailmasta.<\/p>\n<p>Sokerin ja raikkauden tasapaino on erinomainen, joten se <strong><a href=\"https:\/\/www.elementvape.de\/fi\/\" target=\"_blank\" rel=\"noopener\">h\u00f6yryst\u00e4misest\u00e4<\/a><\/strong> ei ole vain herkullinen, vaan my\u00f6s virkist\u00e4v\u00e4.<\/p>\n<p>Maut avautuvat uudelleen jokaisella vedolla ja luovat ainutlaatuisen sekoituksen hedelm\u00e4isyytt\u00e4 ja syvyytt\u00e4. Viinimarjan luonnollinen makeus t\u00e4ydentyy hienoilla, karvailla s\u00e4vyill\u00e4, jotka viimeistelev\u00e4t h\u00f6yrystyskokemuksen ja tekev\u00e4t tuotteesta suosikin hedelm\u00e4isten makujen yst\u00e4ville.<\/p>\n<p>Viinimarja ei ole uusi maku maailmassa. Se on vakiinnuttanut paikkansa hedelm\u00e4isten vaping-makujen joukossa, mutta Royal Grape Bang <strong><a href=\"https:\/\/www.elementvape.de\/fi\/p-tag\/groesser-oder-gleich-15000-zuege\/\" target=\"_blank\" rel=\"noopener\">15000 Puffs<\/a><\/strong> ylitt\u00e4\u00e4 t\u00e4m\u00e4n. K\u00e4ytettyjen makujen laatu heijastaa huolellisuutta, jolla t\u00e4m\u00e4 tuote on kehitetty. Kyseess\u00e4 ei ole vain toinen viinimarjainen vape \u2013 se on kunnianosoitus viinimarjalle makuel\u00e4myksen jalokiven\u00e4.<\/p>\n<p>Viinimarjamaut ovat aina olleet suosittuja, koska ne ovat monipuolisia ja tarjoavat sek\u00e4 makeita ett\u00e4 raikkaita elementtej\u00e4. Royal Grape Bang asettaa kuitenkin uudet standardit hy\u00f6dynt\u00e4m\u00e4ll\u00e4 t\u00e4m\u00e4n aromin koko potentiaalin ja nostamalla sen uudelle tasolle. T\u00e4m\u00e4 pod tuo makuun kyps\u00e4n viinimarjan intensiivisen\u00e4 ja pitk\u00e4kestoisena, mutta ei keinotekoisena.<\/p>\n<h3>Tekniset ominaisuudet: vaikuttava suorituskyky<\/h3>\n<p>Maku yksin ei kuitenkaan riit\u00e4 luomaan korkealaatuista vape-tuotetta. My\u00f6s tekniikka on t\u00e4rke\u00e4\u00e4, ja t\u00e4ss\u00e4 Royal Grape Bang 15000 Puffs tekee vaikutuksen kaikilta osin.<\/p>\n<ul>\n<li>Malli: Bang 15000 Puffs Ladattava kertak\u00e4ytt\u00f6inen pod<\/li>\n<li>E-liquidi-kapasiteetti: 23 ml<\/li>\n<li>N-pitoisuus: 2 % ja 5 %<\/li>\n<li>Akku: 650 mAh, uudelleenladattava<\/li>\n<li>Puff-m\u00e4\u00e4r\u00e4: jopa 15 000 vetoa<\/li>\n<li>Latausliit\u00e4nt\u00e4: Type-C<\/li>\n<li>vastus: 1,1 Ohm<\/li>\n<\/ul>\n<p>N\u00e4m\u00e4 ominaisuudet osoittavat, ett\u00e4 kyseess\u00e4 on kest\u00e4v\u00e4 ja k\u00e4ytt\u00e4j\u00e4yst\u00e4v\u00e4llinen tuote. Enint\u00e4\u00e4n 15000 puffsin m\u00e4\u00e4r\u00e4 tarjoaa Royal Grape Bangille markkinoiden tehokkaimpia laitteita. T\u00e4m\u00e4 tarkoittaa, ett\u00e4 k\u00e4ytt\u00e4j\u00e4 voi nauttia t\u00e4ysist\u00e4 makuel\u00e4myksist\u00e4 pidemm\u00e4n aikaa ilman huolta siit\u00e4, ett\u00e4 pod tyhjenee liian nopeasti.<\/p>\n<h4>Nestem\u00e4\u00e4r\u00e4 ja N-sis\u00e4lt\u00f6<\/h4>\n<p>23 ml nestem\u00e4\u00e4r\u00e4ll\u00e4 Royal Grape Bang tarjoaa vaikuttavan m\u00e4\u00e4r\u00e4n nestett\u00e4, joka riitt\u00e4\u00e4 moniksi tunneiksi h\u00f6yrystyst\u00e4. N-sis\u00e4lt\u00f6 2% ja 5% tekev\u00e4t tuotteesta joustavan ja houkuttelevan laajalle kohderyhm\u00e4lle. K\u00e4ytt\u00e4j\u00e4t voivat valita sopivan N-sis\u00e4ll\u00f6n mieltymystens\u00e4 ja tapojensa mukaan, mik\u00e4 on t\u00e4rke\u00e4\u00e4 sek\u00e4 aloittelijoille ett\u00e4 kokeneille <strong><a href=\"https:\/\/www.elementvape.de\/fi\/\" target=\"_blank\" rel=\"noopener\">Harrastajille<\/a><\/strong>, jotka tuntevat N-sis\u00e4lt\u00f6ns\u00e4 tarkasti.<\/p>\n<p>Uudelleenladattava akku, jonka kapasiteetti on 650 mAh, varmistaa, ett\u00e4 Royal Grape Bang kest\u00e4\u00e4 pitk\u00e4\u00e4n intensiivisest\u00e4 k\u00e4yt\u00f6st\u00e4 huolimatta. Uudelleenladattavan akun etu on ilmeinen: sinun ei tarvitse ostaa uusia pordeja, kun akku on tyhj\u00e4, vaan voit yksinkertaisesti k\u00e4ytt\u00e4\u00e4 Type-C-liit\u00e4nt\u00e4\u00e4 laitteen nopeaan ja vaivattomaan lataamiseen.<\/p>\n<p>Type-C-liit\u00e4nt\u00e4 tarjoaa nopeamman ja tehokkaamman latausajan verrattuna vanhempiin Micro-USB-liit\u00e4nt\u00f6ihin, mik\u00e4 on erityisen k\u00e4tev\u00e4\u00e4, kun k\u00e4yt\u00e4t laitetta liikkeell\u00e4. Latausaika on selv\u00e4sti lyhentynyt, joten joudut viett\u00e4m\u00e4\u00e4n v\u00e4hemm\u00e4n aikaa ilman laitetta ja voit nauttia kuninkaallisesta viiniryp\u00e4leen aromista nopeammin.<\/p>\n<h4>vastus ja mesh-kela<\/h4>\n<p>Vastuksella 1,1 ohmia ja mesh-kelalla Royal Grape Bang tarjoaa tasaisen ja vakaan h\u00f6yryn tuotannon. Mesh-kelat tunnetaan siit\u00e4, ett\u00e4 ne tarjoavat suuremman pinnan e-liquidin h\u00f6yryst\u00e4miseen, mik\u00e4 johtaa intensiivisemp\u00e4\u00e4n ja tasaisempaan makuun. T\u00e4m\u00e4 on erityisen t\u00e4rke\u00e4\u00e4 hedelm\u00e4isten aromien, kuten viiniryp\u00e4leen, kohdalla, koska ne hy\u00f6tyv\u00e4t usein korkeammasta l\u00e4mp\u00f6tilasta saadakseen t\u00e4yden makuprofiilin esiin.<\/p>\n<p>Royal Grape Bang 15000 Puffs tekninen ylivoima ei olisi paljon mit\u00e4\u00e4n, jos se ei johtaisi erinomaisiin k\u00e4ytt\u00e4j\u00e4kokemuksiin. Onneksi t\u00e4m\u00e4 tuote ei ainoastaan paperilla n\u00e4yt\u00e4 vahvalta, vaan tarjoaa my\u00f6s k\u00e4yt\u00e4nn\u00f6ss\u00e4 ensiluokkaisen h\u00f6yryst\u00e4miskokemuksen.<\/p>\n<p>Royal Grape Bangin ergonominen muotoilu varmistaa, ett\u00e4 laite istuu hyvin k\u00e4teen ja on helppo k\u00e4ytt\u00e4\u00e4. Ohut ja kompakti muoto tekee siit\u00e4 ihanteellisen kuljettaa, joten voit ottaa sen helposti mukaan taskuun. Olitpa liikkeell\u00e4 tai rentoutumassa kotona \u2013 Royal Grape Bang on aina uskollinen kumppani, joka tarjoaa kuninkaallisen nautinnon.<\/p>\n<h4>Pitk\u00e4kestoinen maku<\/h4>\n<p>Toinen t\u00e4m\u00e4n tuotteen kohokohta on makun vakaus koko podin k\u00e4ytt\u00f6i\u00e4n ajan. Monet vaperit ovat kokeneet, ett\u00e4 muiden tuotteiden maku heikkenee ajan my\u00f6t\u00e4. T\u00e4m\u00e4 ei ole tapaus Royal Grape Bangin kanssa. Korkealaatuisen mesh-kelan ja optimaalisen e-liquidin kapasiteetin ansiosta maku pysyy intensiivisen\u00e4 ja tasaisena ensimm\u00e4isest\u00e4 viimeiseen inhalointiin asti.<\/p>\n<p>Makuun lis\u00e4ksi h\u00f6yryn m\u00e4\u00e4r\u00e4 on t\u00e4rke\u00e4 tekij\u00e4 vapingiss\u00e4. Royal Grape Bang tarjoaa edistyksellisen tekniikkansa ansiosta vaikuttavan h\u00f6yryntuoton. Jokainen veto tuottaa suuren m\u00e4\u00e4r\u00e4n tiivist\u00e4, aromikasta h\u00f6yry\u00e4, mik\u00e4 tekee kokemuksesta viel\u00e4 intensiivisemm\u00e4n.<\/p>\n<h3>Kenelle Royal Grape Bang 15000 Puffs sopii?<\/h3>\n<p>Royal Grape Bang 15000 Puffs on suunnattu laajalle kohdeyleis\u00f6lle, aloittelevista kokeneisiin h\u00f6yrystelij\u00f6ihin. Se sopii erityisesti niille, jotka suosivat intensiivist\u00e4, hedelm\u00e4ist\u00e4 makua ja etsiv\u00e4t pitk\u00e4kestoist\u00e4 vaping-kokemusta.<\/p>\n<p>T\u00e4m\u00e4 pod on ihanteellinen hedelm\u00e4isten ja makeiden aromien yst\u00e4ville, erityisesti viiniryp\u00e4leist\u00e4. Maku on syv\u00e4 ja rikas, mutta ei keinotekoinen. Kyseess\u00e4 on erinomainen valinta vaperille, jotka arvostavat kypsi\u00e4 hedelmi\u00e4, ja tarjoaa makuel\u00e4myksen, joka inspiroi sek\u00e4 aloittelevia ett\u00e4 kokeneita h\u00f6yrystelij\u00f6it\u00e4.<\/p>\n<p>Vaikka Royal Grape Bang on suunniteltu p\u00e4ivitt\u00e4iseen k\u00e4ytt\u00f6\u00f6n, se tarjoaa my\u00f6s erityistilaisuuksissa ylellisen vaping-kokemuksen. Sen pitk\u00e4 k\u00e4ytt\u00f6ik\u00e4 ja intensiivinen maku mahdollistavat nauttimisen niin arjessa kuin juhlap\u00e4ivin\u00e4kin.<\/p>\n<h3>Tuote, joka ansaitsee nimen \u201eRoyal\u201c<\/h3>\n<p>Royal Grape Bang 15000 Puffs on paljon enemm\u00e4n kuin vain toinen kertak\u00e4ytt\u00f6inen pod. Se on todellinen vaping-teknologian mestariteos, joka tarjoaa vertaansa vailla olevan makuel\u00e4myksen. Alkaen autenttisesta viiniryp\u00e4leen aromin toistosta aina edistykselliseen tekniikkaan \u2013 t\u00e4m\u00e4 tuote asettaa uusia standardeja vaping-maailmassa.<\/p>\n<p>Kaikille, jotka etsiv\u00e4t tuotetta, joka vakuuttaa sek\u00e4 maun ett\u00e4 teknologian osalta, Royal Grape Bang 15000 Puffs on erinomainen valinta. Olitpa aloittelija tai kokenut h\u00f6yrystelij\u00e4, t\u00e4m\u00e4 tuote tarjoaa sinulle kuninkaallisen nautinnon kaikilta osin.<\/p>","protected":false},"excerpt":{"rendered":"<p>Royal Grape Bang 15000 Puffs Eine Hommage an die k\u00f6nigliche Frucht Vaping hat in den letzten Jahren immer mehr an Popularit\u00e4t gewonnen und die Welt der Dampfergemeinde entwickelt sich stetig weiter. F\u00fcr viele Vaper spielt der Geschmack eine entscheidende Rolle bei der Wahl ihrer Ger\u00e4te. Und wenn es um Geschmackserlebnisse geht, hat die Royal Grape [&hellip;]<\/p>","protected":false},"featured_media":14548,"template":"","meta":{"inline_featured_image":false},"product_cat":[15,769,739,743,744,755,738,751],"product_tag":[710,674],"tiered_pricing_type":"fixed","tiered_pricing_fixed_rules":{"60":"6.58","110":"5.85","200":"5.12"},"tiered_pricing_percentage_rules":[],"tiered_pricing_minimum":1,"_administrator_tiered_pricing_type":"fixed","_administrator_tiered_pricing_fixed_rules":[],"_editor_tiered_pricing_type":"fixed","_editor_tiered_pricing_fixed_rules":[],"_author_tiered_pricing_type":"fixed","_author_tiered_pricing_fixed_rules":[],"_contributor_tiered_pricing_type":"fixed","_contributor_tiered_pricing_fixed_rules":[],"_subscriber_tiered_pricing_type":"fixed","_subscriber_tiered_pricing_fixed_rules":[],"_customer_tiered_pricing_type":"fixed","_customer_tiered_pricing_fixed_rules":[],"_shop_manager_tiered_pricing_type":"fixed","_shop_manager_tiered_pricing_fixed_rules":[],"_wpseo_manager_tiered_pricing_type":"fixed","_wpseo_manager_tiered_pricing_fixed_rules":[],"_wpseo_editor_tiered_pricing_type":"fixed","_wpseo_editor_tiered_pricing_fixed_rules":[],"_wholesale_customer_tiered_pricing_type":"fixed","_wholesale_customer_tiered_pricing_fixed_rules":[],"_marketer_tiered_pricing_type":"fixed","_marketer_tiered_pricing_fixed_rules":[],"_sales_manager_tiered_pricing_type":"fixed","_sales_manager_tiered_pricing_fixed_rules":[],"_sales_rep_tiered_pricing_type":"fixed","_sales_rep_tiered_pricing_fixed_rules":[],"yoast_head":"<!-- This site is optimized with the Yoast SEO plugin v23.3 - https:\/\/yoast.com\/wordpress\/plugins\/seo\/ -->\n<title>Royal Grape Bang 15000 Puffs ist eine wahre Hommage an die k\u00f6nigliche Frucht genie\u00dfen Sie das volle Aroma in jedem Zug | ElementVape.de<\/title>\n<meta name=\"description\" content=\"Wir bieten Royal Grape Bang 15000 Puffs ist eine wahre Hommage an die k\u00f6nigliche Frucht genie\u00dfen Sie das volle Aroma in jedem Zug , Elementvape.de akzeptieren Gro\u00df-und Einzelhandel Bestellungen.\" \/>\n<meta name=\"robots\" content=\"index, follow, max-snippet:-1, max-image-preview:large, max-video-preview:-1\" \/>\n<link rel=\"canonical\" href=\"https:\/\/www.elementvape.de\/fi\/produkt\/royal-grape-bang-15000-puffs-ist-eine-wahre-hommage-an-die-koenigliche-frucht-geniessen-sie-das-volle-aroma-in-jedem-zug\/\" \/>\n<meta property=\"og:locale\" content=\"fi_FI\" \/>\n<meta property=\"og:type\" content=\"article\" \/>\n<meta property=\"og:title\" content=\"Royal Grape Bang 15000 Puffs ist eine wahre Hommage an die k\u00f6nigliche Frucht genie\u00dfen Sie das volle Aroma in jedem Zug | ElementVape.de\" \/>\n<meta property=\"og:description\" content=\"Wir bieten Royal Grape Bang 15000 Puffs ist eine wahre Hommage an die k\u00f6nigliche Frucht genie\u00dfen Sie das volle Aroma in jedem Zug , Elementvape.de akzeptieren Gro\u00df-und Einzelhandel Bestellungen.\" \/>\n<meta property=\"og:url\" content=\"https:\/\/www.elementvape.de\/fi\/produkt\/royal-grape-bang-15000-puffs-ist-eine-wahre-hommage-an-die-koenigliche-frucht-geniessen-sie-das-volle-aroma-in-jedem-zug\/\" \/>\n<meta property=\"og:site_name\" content=\"ElementVape.de\" \/>\n<meta property=\"article:modified_time\" content=\"2024-10-10T02:19:33+00:00\" \/>\n<meta property=\"og:image\" content=\"https:\/\/www.elementvape.de\/wp-content\/uploads\/2024\/09\/Royal-Grape.jpg\" \/>\n\t<meta property=\"og:image:width\" content=\"1681\" \/>\n\t<meta property=\"og:image:height\" content=\"1020\" \/>\n\t<meta property=\"og:image:type\" content=\"image\/jpeg\" \/>\n<meta name=\"twitter:card\" content=\"summary_large_image\" \/>\n<meta name=\"twitter:label1\" content=\"Est. reading time\" \/>\n\t<meta name=\"twitter:data1\" content=\"8 minuuttia\" \/>\n<script type=\"application\/ld+json\" class=\"yoast-schema-graph\">{\"@context\":\"https:\/\/schema.org\",\"@graph\":[{\"@type\":\"WebPage\",\"@id\":\"https:\/\/www.elementvape.de\/el\/produkt\/royal-grape-bang-15000-puffs-ist-eine-wahre-hommage-an-die-koenigliche-frucht-geniessen-sie-das-volle-aroma-in-jedem-zug\/\",\"url\":\"https:\/\/www.elementvape.de\/el\/produkt\/royal-grape-bang-15000-puffs-ist-eine-wahre-hommage-an-die-koenigliche-frucht-geniessen-sie-das-volle-aroma-in-jedem-zug\/\",\"name\":\"Royal Grape Bang 15000 Puffs ist eine wahre Hommage an die k\u00f6nigliche Frucht genie\u00dfen Sie das volle Aroma in jedem Zug | ElementVape.de\",\"isPartOf\":{\"@id\":\"https:\/\/www.elementvape.de\/#website\"},\"primaryImageOfPage\":{\"@id\":\"https:\/\/www.elementvape.de\/el\/produkt\/royal-grape-bang-15000-puffs-ist-eine-wahre-hommage-an-die-koenigliche-frucht-geniessen-sie-das-volle-aroma-in-jedem-zug\/#primaryimage\"},\"image\":{\"@id\":\"https:\/\/www.elementvape.de\/el\/produkt\/royal-grape-bang-15000-puffs-ist-eine-wahre-hommage-an-die-koenigliche-frucht-geniessen-sie-das-volle-aroma-in-jedem-zug\/#primaryimage\"},\"thumbnailUrl\":\"https:\/\/www.elementvape.de\/wp-content\/uploads\/2024\/09\/Royal-Grape.jpg\",\"datePublished\":\"2024-09-23T07:08:12+00:00\",\"dateModified\":\"2024-10-10T02:19:33+00:00\",\"description\":\"Wir bieten Royal Grape Bang 15000 Puffs ist eine wahre Hommage an die k\u00f6nigliche Frucht genie\u00dfen Sie das volle Aroma in jedem Zug , Elementvape.de akzeptieren Gro\u00df-und Einzelhandel Bestellungen.\",\"breadcrumb\":{\"@id\":\"https:\/\/www.elementvape.de\/el\/produkt\/royal-grape-bang-15000-puffs-ist-eine-wahre-hommage-an-die-koenigliche-frucht-geniessen-sie-das-volle-aroma-in-jedem-zug\/#breadcrumb\"},\"inLanguage\":\"fi\",\"potentialAction\":[{\"@type\":\"ReadAction\",\"target\":[\"https:\/\/www.elementvape.de\/el\/produkt\/royal-grape-bang-15000-puffs-ist-eine-wahre-hommage-an-die-koenigliche-frucht-geniessen-sie-das-volle-aroma-in-jedem-zug\/\"]}]},{\"@type\":\"ImageObject\",\"inLanguage\":\"fi\",\"@id\":\"https:\/\/www.elementvape.de\/el\/produkt\/royal-grape-bang-15000-puffs-ist-eine-wahre-hommage-an-die-koenigliche-frucht-geniessen-sie-das-volle-aroma-in-jedem-zug\/#primaryimage\",\"url\":\"https:\/\/www.elementvape.de\/wp-content\/uploads\/2024\/09\/Royal-Grape.jpg\",\"contentUrl\":\"https:\/\/www.elementvape.de\/wp-content\/uploads\/2024\/09\/Royal-Grape.jpg\",\"width\":1681,\"height\":1020,\"caption\":\"Royal Grape\"},{\"@type\":\"BreadcrumbList\",\"@id\":\"https:\/\/www.elementvape.de\/el\/produkt\/royal-grape-bang-15000-puffs-ist-eine-wahre-hommage-an-die-koenigliche-frucht-geniessen-sie-das-volle-aroma-in-jedem-zug\/#breadcrumb\",\"itemListElement\":[{\"@type\":\"ListItem\",\"position\":1,\"name\":\"Home\",\"item\":\"https:\/\/www.elementvape.de\/\"},{\"@type\":\"ListItem\",\"position\":2,\"name\":\"Shop\",\"item\":\"https:\/\/www.elementvape.de\/shop\/\"},{\"@type\":\"ListItem\",\"position\":3,\"name\":\"Royal Grape Bang 15000 Puffs ist eine wahre Hommage an die k\u00f6nigliche Frucht genie\u00dfen Sie das volle Aroma in jedem Zug\"}]},{\"@type\":\"WebSite\",\"@id\":\"https:\/\/www.elementvape.de\/#website\",\"url\":\"https:\/\/www.elementvape.de\/\",\"name\":\"ElementVape.de\",\"description\":\"\",\"publisher\":{\"@id\":\"https:\/\/www.elementvape.de\/#organization\"},\"potentialAction\":[{\"@type\":\"SearchAction\",\"target\":{\"@type\":\"EntryPoint\",\"urlTemplate\":\"https:\/\/www.elementvape.de\/?s={search_term_string}\"},\"query-input\":\"required name=search_term_string\"}],\"inLanguage\":\"fi\"},{\"@type\":\"Organization\",\"@id\":\"https:\/\/www.elementvape.de\/#organization\",\"name\":\"ElementVape.DE\",\"url\":\"https:\/\/www.elementvape.de\/\",\"logo\":{\"@type\":\"ImageObject\",\"inLanguage\":\"fi\",\"@id\":\"https:\/\/www.elementvape.de\/#\/schema\/logo\/image\/\",\"url\":\"https:\/\/www.elementvape.de\/wp-content\/uploads\/2024\/09\/cropped-1elementvape-3.png\",\"contentUrl\":\"https:\/\/www.elementvape.de\/wp-content\/uploads\/2024\/09\/cropped-1elementvape-3.png\",\"width\":285,\"height\":228,\"caption\":\"ElementVape.DE\"},\"image\":{\"@id\":\"https:\/\/www.elementvape.de\/#\/schema\/logo\/image\/\"}}]}<\/script>\n<!-- \/ Yoast SEO plugin. -->","yoast_head_json":{"title":"Royal Grape Bang 15000 Puffs ist eine wahre Hommage an die k\u00f6nigliche Frucht genie\u00dfen Sie das volle Aroma in jedem Zug | ElementVape.de","description":"Wir bieten Royal Grape Bang 15000 Puffs ist eine wahre Hommage an die k\u00f6nigliche Frucht genie\u00dfen Sie das volle Aroma in jedem Zug , Elementvape.de akzeptieren Gro\u00df-und Einzelhandel Bestellungen.","robots":{"index":"index","follow":"follow","max-snippet":"max-snippet:-1","max-image-preview":"max-image-preview:large","max-video-preview":"max-video-preview:-1"},"canonical":"https:\/\/www.elementvape.de\/fi\/produkt\/royal-grape-bang-15000-puffs-ist-eine-wahre-hommage-an-die-koenigliche-frucht-geniessen-sie-das-volle-aroma-in-jedem-zug\/","og_locale":"fi_FI","og_type":"article","og_title":"Royal Grape Bang 15000 Puffs ist eine wahre Hommage an die k\u00f6nigliche Frucht genie\u00dfen Sie das volle Aroma in jedem Zug | ElementVape.de","og_description":"Wir bieten Royal Grape Bang 15000 Puffs ist eine wahre Hommage an die k\u00f6nigliche Frucht genie\u00dfen Sie das volle Aroma in jedem Zug , Elementvape.de akzeptieren Gro\u00df-und Einzelhandel Bestellungen.","og_url":"https:\/\/www.elementvape.de\/fi\/produkt\/royal-grape-bang-15000-puffs-ist-eine-wahre-hommage-an-die-koenigliche-frucht-geniessen-sie-das-volle-aroma-in-jedem-zug\/","og_site_name":"ElementVape.de","article_modified_time":"2024-10-10T02:19:33+00:00","og_image":[{"width":1681,"height":1020,"url":"https:\/\/www.elementvape.de\/wp-content\/uploads\/2024\/09\/Royal-Grape.jpg","type":"image\/jpeg"}],"twitter_card":"summary_large_image","twitter_misc":{"Est. reading time":"8 minuuttia"},"schema":{"@context":"https:\/\/schema.org","@graph":[{"@type":"WebPage","@id":"https:\/\/www.elementvape.de\/el\/produkt\/royal-grape-bang-15000-puffs-ist-eine-wahre-hommage-an-die-koenigliche-frucht-geniessen-sie-das-volle-aroma-in-jedem-zug\/","url":"https:\/\/www.elementvape.de\/el\/produkt\/royal-grape-bang-15000-puffs-ist-eine-wahre-hommage-an-die-koenigliche-frucht-geniessen-sie-das-volle-aroma-in-jedem-zug\/","name":"Royal Grape Bang 15000 Puffs ist eine wahre Hommage an die k\u00f6nigliche Frucht genie\u00dfen Sie das volle Aroma in jedem Zug | ElementVape.de","isPartOf":{"@id":"https:\/\/www.elementvape.de\/#website"},"primaryImageOfPage":{"@id":"https:\/\/www.elementvape.de\/el\/produkt\/royal-grape-bang-15000-puffs-ist-eine-wahre-hommage-an-die-koenigliche-frucht-geniessen-sie-das-volle-aroma-in-jedem-zug\/#primaryimage"},"image":{"@id":"https:\/\/www.elementvape.de\/el\/produkt\/royal-grape-bang-15000-puffs-ist-eine-wahre-hommage-an-die-koenigliche-frucht-geniessen-sie-das-volle-aroma-in-jedem-zug\/#primaryimage"},"thumbnailUrl":"https:\/\/www.elementvape.de\/wp-content\/uploads\/2024\/09\/Royal-Grape.jpg","datePublished":"2024-09-23T07:08:12+00:00","dateModified":"2024-10-10T02:19:33+00:00","description":"Wir bieten Royal Grape Bang 15000 Puffs ist eine wahre Hommage an die k\u00f6nigliche Frucht genie\u00dfen Sie das volle Aroma in jedem Zug , Elementvape.de akzeptieren Gro\u00df-und Einzelhandel Bestellungen.","breadcrumb":{"@id":"https:\/\/www.elementvape.de\/el\/produkt\/royal-grape-bang-15000-puffs-ist-eine-wahre-hommage-an-die-koenigliche-frucht-geniessen-sie-das-volle-aroma-in-jedem-zug\/#breadcrumb"},"inLanguage":"fi","potentialAction":[{"@type":"ReadAction","target":["https:\/\/www.elementvape.de\/el\/produkt\/royal-grape-bang-15000-puffs-ist-eine-wahre-hommage-an-die-koenigliche-frucht-geniessen-sie-das-volle-aroma-in-jedem-zug\/"]}]},{"@type":"ImageObject","inLanguage":"fi","@id":"https:\/\/www.elementvape.de\/el\/produkt\/royal-grape-bang-15000-puffs-ist-eine-wahre-hommage-an-die-koenigliche-frucht-geniessen-sie-das-volle-aroma-in-jedem-zug\/#primaryimage","url":"https:\/\/www.elementvape.de\/wp-content\/uploads\/2024\/09\/Royal-Grape.jpg","contentUrl":"https:\/\/www.elementvape.de\/wp-content\/uploads\/2024\/09\/Royal-Grape.jpg","width":1681,"height":1020,"caption":"Royal Grape"},{"@type":"BreadcrumbList","@id":"https:\/\/www.elementvape.de\/el\/produkt\/royal-grape-bang-15000-puffs-ist-eine-wahre-hommage-an-die-koenigliche-frucht-geniessen-sie-das-volle-aroma-in-jedem-zug\/#breadcrumb","itemListElement":[{"@type":"ListItem","position":1,"name":"Home","item":"https:\/\/www.elementvape.de\/"},{"@type":"ListItem","position":2,"name":"Shop","item":"https:\/\/www.elementvape.de\/shop\/"},{"@type":"ListItem","position":3,"name":"Royal Grape Bang 15000 Puffs ist eine wahre Hommage an die k\u00f6nigliche Frucht genie\u00dfen Sie das volle Aroma in jedem Zug"}]},{"@type":"WebSite","@id":"https:\/\/www.elementvape.de\/#website","url":"https:\/\/www.elementvape.de\/","name":"ElementVape.de","description":"","publisher":{"@id":"https:\/\/www.elementvape.de\/#organization"},"potentialAction":[{"@type":"SearchAction","target":{"@type":"EntryPoint","urlTemplate":"https:\/\/www.elementvape.de\/?s={search_term_string}"},"query-input":"required name=search_term_string"}],"inLanguage":"fi"},{"@type":"Organization","@id":"https:\/\/www.elementvape.de\/#organization","name":"ElementVape.DE","url":"https:\/\/www.elementvape.de\/","logo":{"@type":"ImageObject","inLanguage":"fi","@id":"https:\/\/www.elementvape.de\/#\/schema\/logo\/image\/","url":"https:\/\/www.elementvape.de\/wp-content\/uploads\/2024\/09\/cropped-1elementvape-3.png","contentUrl":"https:\/\/www.elementvape.de\/wp-content\/uploads\/2024\/09\/cropped-1elementvape-3.png","width":285,"height":228,"caption":"ElementVape.DE"},"image":{"@id":"https:\/\/www.elementvape.de\/#\/schema\/logo\/image\/"}}]}},"_links":{"self":[{"href":"https:\/\/www.elementvape.de\/fi\/wp-json\/wp\/v2\/product\/14571"}],"collection":[{"href":"https:\/\/www.elementvape.de\/fi\/wp-json\/wp\/v2\/product"}],"about":[{"href":"https:\/\/www.elementvape.de\/fi\/wp-json\/wp\/v2\/types\/product"}],"wp:featuredmedia":[{"embeddable":true,"href":"https:\/\/www.elementvape.de\/fi\/wp-json\/wp\/v2\/media\/14548"}],"wp:attachment":[{"href":"https:\/\/www.elementvape.de\/fi\/wp-json\/wp\/v2\/media?parent=14571"}],"wp:term":[{"taxonomy":"product_cat","embeddable":true,"href":"https:\/\/www.elementvape.de\/fi\/wp-json\/wp\/v2\/product_cat?post=14571"},{"taxonomy":"product_tag","embeddable":true,"href":"https:\/\/www.elementvape.de\/fi\/wp-json\/wp\/v2\/product_tag?post=14571"}],"curies":[{"name":"wp","href":"https:\/\/api.w.org\/{rel}","templated":true}]}}