{"id":14521,"date":"2024-09-23T02:51:43","date_gmt":"2024-09-23T02:51:43","guid":{"rendered":"https:\/\/www.elementvape.de\/?post_type=product&#038;p=14521"},"modified":"2024-10-10T02:57:01","modified_gmt":"2024-10-10T02:57:01","slug":"geniessen-sie-20000-zuege-voller-erfrischung-und-energie-mit-der-bang-tick-tock-energy-drink-fuer-ein-unvergleichliches-dampferlebnis-das-begeistert","status":"publish","type":"product","link":"https:\/\/www.elementvape.de\/fi\/produkt\/geniessen-sie-20000-zuege-voller-erfrischung-und-energie-mit-der-bang-tick-tock-energy-drink-fuer-ein-unvergleichliches-dampferlebnis-das-begeistert\/","title":{"rendered":"Nauti 20000 vet\u00e4isy\u00e4 raikastusta ja energiaa BANG Tick Tock Energy Drinkill\u00e4 unohtumattoman h\u00f6yrykokemuksen saavuttamiseksi, joka inspiroi"},"content":{"rendered":"<h2>BANG Tick Tock 20000 Puffs Energiajuoma: Virkistyst\u00e4 ja energiaa yhdess\u00e4<\/h2>\n<p>Nykyp\u00e4iv\u00e4n nopeatempoisessa maailmassa on t\u00e4rke\u00e4mp\u00e4\u00e4 kuin koskaan nauttia energiasta ja virkistyksest\u00e4 k\u00e4tev\u00e4sti ja miellytt\u00e4v\u00e4sti. BANG Tick Tock 20000 Puffs Energiajuoma tuo juuri t\u00e4m\u00e4n markkinoille. T\u00e4m\u00e4n innovatiivisen vape-ratkaisun avulla voit nauttia klassisen energiajuoman kuplivasta raikkaudesta ilman, ett\u00e4 sinun tarvitsee luopua h\u00f6yrytyksen eduista. T\u00e4ss\u00e4 artikkelissa sukellamme syv\u00e4lle t\u00e4m\u00e4n tuotteen yksityiskohtiin, sen ainutlaatuisesta mausta teknisiin ominaisuuksiin sek\u00e4 etuihin ja k\u00e4ytt\u00f6kokemukseen.<\/p>\n<h2>Energian maku: Makujen r\u00e4j\u00e4hdys<\/h2>\n<p>Makuprofiili<\/p>\n<p>BANG Tick Tock Energiajuoma tarjoaa erottuvan makuprofiilin, joka muistuttaa suosittua energiajuomaa. Joka kerta kun otat henk\u00e4yksen, sinut vastaanottaa kupliva, makea vivahde, jota seuraa miellytt\u00e4v\u00e4, virkist\u00e4v\u00e4 j\u00e4lkimaku. T\u00e4m\u00e4 yhdistelm\u00e4 varmistaa, ett\u00e4 maku ei ole vain houkutteleva, vaan my\u00f6s virkist\u00e4v\u00e4 \u2013 t\u00e4ydellinen kaikille, jotka tarvitsevat ylim\u00e4\u00e4r\u00e4ist\u00e4 energiaa.<\/p>\n<p>Virkist\u00e4v\u00e4\u00e4 makeutta<\/p>\n<p>Energiajuoman makeat aromit antavat sinulle tunteen raikkaudesta ja eloisuudesta. T\u00e4m\u00e4 makeus ei ole ylivoimainen, vaan tasapainoinen, joten voit nauttia selke\u00e4st\u00e4 ja miellytt\u00e4v\u00e4st\u00e4 mausta jokaisella henk\u00e4yksell\u00e4.<\/p>\n<p>Hieman happamia vivahteita<\/p>\n<p>Makeuden lis\u00e4ksi energiajuoman hieman happamat vivahteet tuovat makuun mielenkiintoisen ulottuvuuden. T\u00e4m\u00e4 monimutkaisuus varmistaa, ett\u00e4 h\u00f6yrytt\u00e4minen ei koskaan ole tyls\u00e4\u00e4 ja tarjoaa aina uusia makuel\u00e4myksi\u00e4.<\/p>\n<p>Makuseikkailu<\/p>\n<p>BANG Tick Tock Energiajuoman h\u00f6yrytt\u00e4minen on enemm\u00e4n kuin pelkk\u00e4 nautinto \u2013 se on el\u00e4mys. Jokaisella henk\u00e4yksell\u00e4 matkustat makuseikkailun l\u00e4pi, joka on sek\u00e4 virkist\u00e4v\u00e4 ett\u00e4 tyydytt\u00e4v\u00e4. Ihanteellinen taukoihin toimistossa, opiskeluun tai vain rentoutumiseen kotona.<\/p>\n<h2>Teknist\u00e4 hienostuneisuutta: BANG Tick Tockin edut<\/h2>\n<p>Korkea Puff-kapasiteetti<\/p>\n<p>Vaikuttavalla 20 000 henk\u00e4yksen kapasiteetilla BANG Tick Tock on yksi markkinoiden pitk\u00e4ik\u00e4isimmist\u00e4 h\u00f6yrytuotteista. T\u00e4m\u00e4 suuri henk\u00e4ysten m\u00e4\u00e4r\u00e4 tarkoittaa, ett\u00e4 sinun ei tarvitse jatkuvasti etsi\u00e4 uusia laitteita tai t\u00e4ytt\u00f6pakkauksia. Riippumatta siit\u00e4, oletko paljon liikkeell\u00e4 vai haluatko vain nauttia rennosta h\u00f6yrykokemuksesta kotona, BANG Tick Tock varmistaa, ett\u00e4 olet aina hyvin varustettu.<\/p>\n<p>Kest\u00e4v\u00e4 nautinto<\/p>\n<p>Suuri henk\u00e4yskapasiteetti varmistaa, ett\u00e4 jokainen k\u00e4ytt\u00e4j\u00e4 voi nauttia t\u00e4st\u00e4 tuotteesta pitk\u00e4\u00e4n. Voit olla varma, ett\u00e4 sinun ei tarvitse etsi\u00e4 uutta patruunaa h\u00f6yrytysistunnon puoliv\u00e4liss\u00e4.<\/p>\n<h3>Joustavuutta nikotiinipitoisuudessa<\/h3>\n<p>Toinen BANG Tick Tockin erinomainen ominaisuus on mahdollisuus valita eri nikotiinipitoisuuksista. Voit valita 2 % ja 5 % nikotiinipitoisuuden v\u00e4lill\u00e4. T\u00e4m\u00e4 joustavuus on erityisen t\u00e4rke\u00e4\u00e4, koska eri k\u00e4ytt\u00e4jill\u00e4 on erilaisia mieltymyksi\u00e4. Olitpa vasta aloittamassa <strong><a href=\"https:\/\/www.elementvape.de\/fi\/\" target=\"_blank\" rel=\"noopener\">h\u00f6yryst\u00e4misest\u00e4<\/a><\/strong> tai olet kokenut h\u00f6yrytt\u00e4j\u00e4, nikotiinivahvuuden valinta mahdollistaa h\u00f6yrykokemuksesi optimaalisen mukauttamisen.<\/p>\n<h3>K\u00e4ytt\u00e4j\u00e4yst\u00e4v\u00e4llinen muotoilu<\/h3>\n<p>BANG Tick Tockin muotoilu ei ole vain houkutteleva, vaan my\u00f6s eritt\u00e4in toimiva. Tehokkaalla 650 mAh:n akulla olet hyvin varustautunut pitkiin h\u00f6yrytysistuntoihin. C-tyypin latausliit\u00e4nt\u00e4 varmistaa, ett\u00e4 lataaminen on nopeaa ja helppoa. Laitteesi on taas k\u00e4ytt\u00f6valmis muutamassa minuutissa.<\/p>\n<h4>Kompakti ja kannettava<\/h4>\n<p>BANG Tick Tockin kompakti koko tekee siit\u00e4 ihanteellisen jokap\u00e4iv\u00e4iseen k\u00e4ytt\u00f6\u00f6n. Se mahtuu helposti mihin tahansa taskuun tai reppuun, joten voit ottaa sen mukaasi minne tahansa \u2013 olipa kyseess\u00e4 urheilu, toimisto tai matka. T\u00e4m\u00e4 siirrett\u00e4vyys on suuri etu kaikille, jotka ovat paljon liikkeell\u00e4.<\/p>\n<h2>Kest\u00e4vyys ja tehokkuus<\/h2>\n<p>Resurssien s\u00e4\u00e4st\u00e4minen<\/p>\n<p>Nyky\u00e4\u00e4n kest\u00e4vyys on t\u00e4rke\u00e4mp\u00e4\u00e4 kuin koskaan. BANG Tick Tock Energy Drink v\u00e4hent\u00e4\u00e4 j\u00e4tteen m\u00e4\u00e4r\u00e4\u00e4, koska sen suuri puff-kapasiteetti tarkoittaa, ett\u00e4 tarvitset harvemmin uusia laitteita tai t\u00e4yteaineita. T\u00e4m\u00e4 v\u00e4hent\u00e4\u00e4 kokonaiskulutusta ja vaikuttaa my\u00f6nteisesti ymp\u00e4rist\u00f6\u00f6n.<\/p>\n<p>Tehokas k\u00e4ytt\u00f6<\/p>\n<p>Nikotiinisuolan ja edistyksellisen h\u00f6yrystysteknologian avulla BANG Tick Tock varmistaa, ett\u00e4 jokainen veto hy\u00f6dynnet\u00e4\u00e4n optimaalisesti. Voit olla varma, ett\u00e4 nautit t\u00e4ytel\u00e4isest\u00e4 aromista ja nikotiinipitoisuudesta ilman, ett\u00e4 kulutus nopeutuu.<\/p>\n<h2>Vero- ja tullivapaa suora toimitus EU-alueelle<\/h2>\n<p>Toinen etu BANG Tick Tock -energiajuoman ostamisessa <strong><a href=\"https:\/\/www.elementvape.de\/fi\/p-tag\/groesser-oder-gleich-20000-zuege\/\" target=\"_blank\" rel=\"noopener\">20000 Huuhtelua<\/a><\/strong> on verovapaa toimitus useimpiin EU-maihin. T\u00e4m\u00e4 tarkoittaa, ett\u00e4 sinun ei tarvitse huolehtia lis\u00e4kustannuksista tai monimutkaisista tullim\u00e4\u00e4r\u00e4yksist\u00e4. Tilauksesi toimitetaan suoraan osoitteeseesi ilman viiveit\u00e4.<\/p>\n<h3>Nopea ja vaivaton toimitus<\/h3>\n<p>Suoran toimituksen ansiosta v\u00e4ltyt usein pitkilt\u00e4 v\u00e4livarastoprosesseilta kolmansissa maissa. BANG Tick Tock Energy Drink saapuu nopeasti ja luotettavasti, joten voit nauttia virkist\u00e4v\u00e4st\u00e4 mausta mahdollisimman pian.<\/p>\n<h2>T\u00e4ydellinen jokaiselle tilaisuudelle<\/h2>\n<p>BANG Tick Tock 20000 Puffs Energy Drink on ihanteellinen valinta joka tilanteeseen. Olitpa sitten t\u00f6iss\u00e4, opiskelemassa tai rentoutumassa \u2013 t\u00e4m\u00e4 vape tarjoaa t\u00e4ydellisen virkistyksen. Se ei ole vain loistava valinta kes\u00e4ksi, vaan sopii koko vuodelle.<\/p>\n<p>T\u00e4ydellinen matkakumppani<\/p>\n<p>Kompakti koko ja suuri puff-kapasiteetti tekev\u00e4t BANG Tick Tockista ihanteellisen matkakumppanin kaikille, jotka ovat paljon liikkeell\u00e4. Olitpa sitten matkalla t\u00f6ihin tai suunnittelemassa retke\u00e4, t\u00e4m\u00e4 tuote mahtuu helposti laukkuusi ja on aina k\u00e4den ulottuvilla, kun tarvitset virkistyst\u00e4.<\/p>\n<p>H\u00f6yrystys el\u00e4m\u00e4ntapana<\/p>\n<p>H\u00f6yryst\u00e4misest\u00e4 on viime vuosina tullut el\u00e4m\u00e4ntapa. BANG Tick Tock 20000 Puffs Energy Drink sopii t\u00e4ydellisesti t\u00e4h\u00e4n el\u00e4m\u00e4ntapaan. Se ei ole vain tuote, vaan my\u00f6s kokemus, joka v\u00e4litt\u00e4\u00e4 nautintoa ja el\u00e4m\u00e4niloa.<\/p>\n<p>H\u00f6yryst\u00e4misen sosiaaliset aspektit<\/p>\n<p>H\u00f6yrystys on usein sosiaalinen aktiviteetti. Olitpa sitten yst\u00e4vien kanssa tai tapahtumassa \u2013 BANG Tick Tock varmistaa, ett\u00e4 olet aina hyvin varustautunut samankaltaisten kanssa. Virkist\u00e4v\u00e4 maku on ihanteellinen seurapiireihin ja tarjoaa keskustelunaiheita samalla kun nautit h\u00f6yryst\u00e4misest\u00e4.<\/p>\n<h2>Jokaisen h\u00f6yryst\u00e4v\u00e4n must-have<\/h2>\n<p>Yhteenvetona voidaan todeta, ett\u00e4 BANG Tick Tock 20000 Puffs Energy Drink on erinomainen tuote, jota ei tulisi puuttua h\u00f6yrystyskokemuksesta. Sen ainutlaatuinen maku, suuri puff-kapasiteetti, eri nikotiinipitoisuudet ja k\u00e4ytt\u00e4j\u00e4yst\u00e4v\u00e4llinen muotoilu tekev\u00e4t siit\u00e4 t\u00e4ydellisen kumppanin kaikille, jotka etsiv\u00e4t virkist\u00e4v\u00e4\u00e4 h\u00f6yrystyskokemusta.<\/p>\n<p>Nauti jokaisesta vedosta ja anna BANG Tick Tockin laadun ja maun hurmata sinut. Valmistaudu sukeltamaan virkistyksen ja energian maailmaan ja koe, kuinka h\u00f6yrystys muuttuu vertaansa vailla olevaksi nautinnoksi.<\/p>\n<p>Kokeile BANG Tick Tock 20000 Puffs Energy Drinkia ja anna itsesi ihastua sen virkist\u00e4v\u00e4\u00e4n makuun!<\/p>","protected":false},"excerpt":{"rendered":"<p>BANG Tick Tock 20000 Puffs Energy Drink: Erfrischung und Energie in einem In der heutigen schnelllebigen Welt ist es wichtiger denn je, Energie und Erfrischung auf bequeme und angenehme Weise zu genie\u00dfen. Die BANG Tick Tock 20000 Puffs Energy Drink bringt genau das auf den Markt. Mit dieser innovativen Vape-L\u00f6sung k\u00f6nnen Sie die spritzige Frische [&hellip;]<\/p>","protected":false},"featured_media":14508,"template":"","meta":{"inline_featured_image":false},"product_cat":[15,762,739,743,744,755,738,751],"product_tag":[710,725],"tiered_pricing_type":"fixed","tiered_pricing_fixed_rules":{"60":"9.4","110":"8.35","200":"7.31"},"tiered_pricing_percentage_rules":[],"tiered_pricing_minimum":1,"_administrator_tiered_pricing_type":"fixed","_administrator_tiered_pricing_fixed_rules":[],"_editor_tiered_pricing_type":"fixed","_editor_tiered_pricing_fixed_rules":[],"_author_tiered_pricing_type":"fixed","_author_tiered_pricing_fixed_rules":[],"_contributor_tiered_pricing_type":"fixed","_contributor_tiered_pricing_fixed_rules":[],"_subscriber_tiered_pricing_type":"fixed","_subscriber_tiered_pricing_fixed_rules":[],"_customer_tiered_pricing_type":"fixed","_customer_tiered_pricing_fixed_rules":[],"_shop_manager_tiered_pricing_type":"fixed","_shop_manager_tiered_pricing_fixed_rules":[],"_wpseo_manager_tiered_pricing_type":"fixed","_wpseo_manager_tiered_pricing_fixed_rules":[],"_wpseo_editor_tiered_pricing_type":"fixed","_wpseo_editor_tiered_pricing_fixed_rules":[],"_wholesale_customer_tiered_pricing_type":"fixed","_wholesale_customer_tiered_pricing_fixed_rules":[],"_marketer_tiered_pricing_type":"fixed","_marketer_tiered_pricing_fixed_rules":[],"_sales_manager_tiered_pricing_type":"fixed","_sales_manager_tiered_pricing_fixed_rules":[],"_sales_rep_tiered_pricing_type":"fixed","_sales_rep_tiered_pricing_fixed_rules":[],"yoast_head":"<!-- This site is optimized with the Yoast SEO plugin v23.3 - https:\/\/yoast.com\/wordpress\/plugins\/seo\/ -->\n<title>Genie\u00dfen Sie 20000 Z\u00fcge voller Erfrischung und Energie mit der BANG Tick Tock Energy Drink f\u00fcr ein unvergleichliches Dampferlebnis das begeistert | ElementVape.de<\/title>\n<meta name=\"description\" content=\"Wir bieten Genie\u00dfen Sie 20000 Z\u00fcge voller Erfrischung und Energie mit der BANG Tick Tock Energy Drink f\u00fcr ein unvergleichliches Dampferlebnis das begeistert , Elementvape.de akzeptieren Gro\u00df-und Einzelhandel Bestellungen.\" \/>\n<meta name=\"robots\" content=\"index, follow, max-snippet:-1, max-image-preview:large, max-video-preview:-1\" \/>\n<link rel=\"canonical\" href=\"https:\/\/www.elementvape.de\/fi\/produkt\/geniessen-sie-20000-zuege-voller-erfrischung-und-energie-mit-der-bang-tick-tock-energy-drink-fuer-ein-unvergleichliches-dampferlebnis-das-begeistert\/\" \/>\n<meta property=\"og:locale\" content=\"fi_FI\" \/>\n<meta property=\"og:type\" content=\"article\" \/>\n<meta property=\"og:title\" content=\"Genie\u00dfen Sie 20000 Z\u00fcge voller Erfrischung und Energie mit der BANG Tick Tock Energy Drink f\u00fcr ein unvergleichliches Dampferlebnis das begeistert | ElementVape.de\" \/>\n<meta property=\"og:description\" content=\"Wir bieten Genie\u00dfen Sie 20000 Z\u00fcge voller Erfrischung und Energie mit der BANG Tick Tock Energy Drink f\u00fcr ein unvergleichliches Dampferlebnis das begeistert , Elementvape.de akzeptieren Gro\u00df-und Einzelhandel Bestellungen.\" \/>\n<meta property=\"og:url\" content=\"https:\/\/www.elementvape.de\/fi\/produkt\/geniessen-sie-20000-zuege-voller-erfrischung-und-energie-mit-der-bang-tick-tock-energy-drink-fuer-ein-unvergleichliches-dampferlebnis-das-begeistert\/\" \/>\n<meta property=\"og:site_name\" content=\"ElementVape.de\" \/>\n<meta property=\"article:modified_time\" content=\"2024-10-10T02:57:01+00:00\" \/>\n<meta property=\"og:image\" content=\"https:\/\/www.elementvape.de\/wp-content\/uploads\/2024\/09\/Energy-Drink-1-scaled.jpg\" \/>\n\t<meta property=\"og:image:width\" content=\"2560\" \/>\n\t<meta property=\"og:image:height\" content=\"1536\" \/>\n\t<meta property=\"og:image:type\" content=\"image\/jpeg\" \/>\n<meta name=\"twitter:card\" content=\"summary_large_image\" \/>\n<meta name=\"twitter:label1\" content=\"Est. reading time\" \/>\n\t<meta name=\"twitter:data1\" content=\"7 minuuttia\" \/>\n<script type=\"application\/ld+json\" class=\"yoast-schema-graph\">{\"@context\":\"https:\/\/schema.org\",\"@graph\":[{\"@type\":\"WebPage\",\"@id\":\"https:\/\/www.elementvape.de\/fi\/produkt\/geniessen-sie-20000-zuege-voller-erfrischung-und-energie-mit-der-bang-tick-tock-energy-drink-fuer-ein-unvergleichliches-dampferlebnis-das-begeistert\/\",\"url\":\"https:\/\/www.elementvape.de\/fi\/produkt\/geniessen-sie-20000-zuege-voller-erfrischung-und-energie-mit-der-bang-tick-tock-energy-drink-fuer-ein-unvergleichliches-dampferlebnis-das-begeistert\/\",\"name\":\"Genie\u00dfen Sie 20000 Z\u00fcge voller Erfrischung und Energie mit der BANG Tick Tock Energy Drink f\u00fcr ein unvergleichliches Dampferlebnis das begeistert | ElementVape.de\",\"isPartOf\":{\"@id\":\"https:\/\/www.elementvape.de\/#website\"},\"primaryImageOfPage\":{\"@id\":\"https:\/\/www.elementvape.de\/fi\/produkt\/geniessen-sie-20000-zuege-voller-erfrischung-und-energie-mit-der-bang-tick-tock-energy-drink-fuer-ein-unvergleichliches-dampferlebnis-das-begeistert\/#primaryimage\"},\"image\":{\"@id\":\"https:\/\/www.elementvape.de\/fi\/produkt\/geniessen-sie-20000-zuege-voller-erfrischung-und-energie-mit-der-bang-tick-tock-energy-drink-fuer-ein-unvergleichliches-dampferlebnis-das-begeistert\/#primaryimage\"},\"thumbnailUrl\":\"https:\/\/www.elementvape.de\/wp-content\/uploads\/2024\/09\/Energy-Drink-1-scaled.jpg\",\"datePublished\":\"2024-09-23T02:51:43+00:00\",\"dateModified\":\"2024-10-10T02:57:01+00:00\",\"description\":\"Wir bieten Genie\u00dfen Sie 20000 Z\u00fcge voller Erfrischung und Energie mit der BANG Tick Tock Energy Drink f\u00fcr ein unvergleichliches Dampferlebnis das begeistert , Elementvape.de akzeptieren Gro\u00df-und Einzelhandel Bestellungen.\",\"breadcrumb\":{\"@id\":\"https:\/\/www.elementvape.de\/fi\/produkt\/geniessen-sie-20000-zuege-voller-erfrischung-und-energie-mit-der-bang-tick-tock-energy-drink-fuer-ein-unvergleichliches-dampferlebnis-das-begeistert\/#breadcrumb\"},\"inLanguage\":\"fi\",\"potentialAction\":[{\"@type\":\"ReadAction\",\"target\":[\"https:\/\/www.elementvape.de\/fi\/produkt\/geniessen-sie-20000-zuege-voller-erfrischung-und-energie-mit-der-bang-tick-tock-energy-drink-fuer-ein-unvergleichliches-dampferlebnis-das-begeistert\/\"]}]},{\"@type\":\"ImageObject\",\"inLanguage\":\"fi\",\"@id\":\"https:\/\/www.elementvape.de\/fi\/produkt\/geniessen-sie-20000-zuege-voller-erfrischung-und-energie-mit-der-bang-tick-tock-energy-drink-fuer-ein-unvergleichliches-dampferlebnis-das-begeistert\/#primaryimage\",\"url\":\"https:\/\/www.elementvape.de\/wp-content\/uploads\/2024\/09\/Energy-Drink-1-scaled.jpg\",\"contentUrl\":\"https:\/\/www.elementvape.de\/wp-content\/uploads\/2024\/09\/Energy-Drink-1-scaled.jpg\",\"width\":2560,\"height\":1536,\"caption\":\"Energy Drink\"},{\"@type\":\"BreadcrumbList\",\"@id\":\"https:\/\/www.elementvape.de\/fi\/produkt\/geniessen-sie-20000-zuege-voller-erfrischung-und-energie-mit-der-bang-tick-tock-energy-drink-fuer-ein-unvergleichliches-dampferlebnis-das-begeistert\/#breadcrumb\",\"itemListElement\":[{\"@type\":\"ListItem\",\"position\":1,\"name\":\"Home\",\"item\":\"https:\/\/www.elementvape.de\/\"},{\"@type\":\"ListItem\",\"position\":2,\"name\":\"Shop\",\"item\":\"https:\/\/www.elementvape.de\/shop\/\"},{\"@type\":\"ListItem\",\"position\":3,\"name\":\"Genie\u00dfen Sie 20000 Z\u00fcge voller Erfrischung und Energie mit der BANG Tick Tock Energy Drink f\u00fcr ein unvergleichliches Dampferlebnis das begeistert\"}]},{\"@type\":\"WebSite\",\"@id\":\"https:\/\/www.elementvape.de\/#website\",\"url\":\"https:\/\/www.elementvape.de\/\",\"name\":\"ElementVape.de\",\"description\":\"\",\"publisher\":{\"@id\":\"https:\/\/www.elementvape.de\/#organization\"},\"potentialAction\":[{\"@type\":\"SearchAction\",\"target\":{\"@type\":\"EntryPoint\",\"urlTemplate\":\"https:\/\/www.elementvape.de\/?s={search_term_string}\"},\"query-input\":\"required name=search_term_string\"}],\"inLanguage\":\"fi\"},{\"@type\":\"Organization\",\"@id\":\"https:\/\/www.elementvape.de\/#organization\",\"name\":\"ElementVape.DE\",\"url\":\"https:\/\/www.elementvape.de\/\",\"logo\":{\"@type\":\"ImageObject\",\"inLanguage\":\"fi\",\"@id\":\"https:\/\/www.elementvape.de\/#\/schema\/logo\/image\/\",\"url\":\"https:\/\/www.elementvape.de\/wp-content\/uploads\/2024\/09\/cropped-1elementvape-3.png\",\"contentUrl\":\"https:\/\/www.elementvape.de\/wp-content\/uploads\/2024\/09\/cropped-1elementvape-3.png\",\"width\":285,\"height\":228,\"caption\":\"ElementVape.DE\"},\"image\":{\"@id\":\"https:\/\/www.elementvape.de\/#\/schema\/logo\/image\/\"}}]}<\/script>\n<!-- \/ Yoast SEO plugin. -->","yoast_head_json":{"title":"Genie\u00dfen Sie 20000 Z\u00fcge voller Erfrischung und Energie mit der BANG Tick Tock Energy Drink f\u00fcr ein unvergleichliches Dampferlebnis das begeistert | ElementVape.de","description":"Wir bieten Genie\u00dfen Sie 20000 Z\u00fcge voller Erfrischung und Energie mit der BANG Tick Tock Energy Drink f\u00fcr ein unvergleichliches Dampferlebnis das begeistert , Elementvape.de akzeptieren Gro\u00df-und Einzelhandel Bestellungen.","robots":{"index":"index","follow":"follow","max-snippet":"max-snippet:-1","max-image-preview":"max-image-preview:large","max-video-preview":"max-video-preview:-1"},"canonical":"https:\/\/www.elementvape.de\/fi\/produkt\/geniessen-sie-20000-zuege-voller-erfrischung-und-energie-mit-der-bang-tick-tock-energy-drink-fuer-ein-unvergleichliches-dampferlebnis-das-begeistert\/","og_locale":"fi_FI","og_type":"article","og_title":"Genie\u00dfen Sie 20000 Z\u00fcge voller Erfrischung und Energie mit der BANG Tick Tock Energy Drink f\u00fcr ein unvergleichliches Dampferlebnis das begeistert | ElementVape.de","og_description":"Wir bieten Genie\u00dfen Sie 20000 Z\u00fcge voller Erfrischung und Energie mit der BANG Tick Tock Energy Drink f\u00fcr ein unvergleichliches Dampferlebnis das begeistert , Elementvape.de akzeptieren Gro\u00df-und Einzelhandel Bestellungen.","og_url":"https:\/\/www.elementvape.de\/fi\/produkt\/geniessen-sie-20000-zuege-voller-erfrischung-und-energie-mit-der-bang-tick-tock-energy-drink-fuer-ein-unvergleichliches-dampferlebnis-das-begeistert\/","og_site_name":"ElementVape.de","article_modified_time":"2024-10-10T02:57:01+00:00","og_image":[{"width":2560,"height":1536,"url":"https:\/\/www.elementvape.de\/wp-content\/uploads\/2024\/09\/Energy-Drink-1-scaled.jpg","type":"image\/jpeg"}],"twitter_card":"summary_large_image","twitter_misc":{"Est. reading time":"7 minuuttia"},"schema":{"@context":"https:\/\/schema.org","@graph":[{"@type":"WebPage","@id":"https:\/\/www.elementvape.de\/fi\/produkt\/geniessen-sie-20000-zuege-voller-erfrischung-und-energie-mit-der-bang-tick-tock-energy-drink-fuer-ein-unvergleichliches-dampferlebnis-das-begeistert\/","url":"https:\/\/www.elementvape.de\/fi\/produkt\/geniessen-sie-20000-zuege-voller-erfrischung-und-energie-mit-der-bang-tick-tock-energy-drink-fuer-ein-unvergleichliches-dampferlebnis-das-begeistert\/","name":"Genie\u00dfen Sie 20000 Z\u00fcge voller Erfrischung und Energie mit der BANG Tick Tock Energy Drink f\u00fcr ein unvergleichliches Dampferlebnis das begeistert | ElementVape.de","isPartOf":{"@id":"https:\/\/www.elementvape.de\/#website"},"primaryImageOfPage":{"@id":"https:\/\/www.elementvape.de\/fi\/produkt\/geniessen-sie-20000-zuege-voller-erfrischung-und-energie-mit-der-bang-tick-tock-energy-drink-fuer-ein-unvergleichliches-dampferlebnis-das-begeistert\/#primaryimage"},"image":{"@id":"https:\/\/www.elementvape.de\/fi\/produkt\/geniessen-sie-20000-zuege-voller-erfrischung-und-energie-mit-der-bang-tick-tock-energy-drink-fuer-ein-unvergleichliches-dampferlebnis-das-begeistert\/#primaryimage"},"thumbnailUrl":"https:\/\/www.elementvape.de\/wp-content\/uploads\/2024\/09\/Energy-Drink-1-scaled.jpg","datePublished":"2024-09-23T02:51:43+00:00","dateModified":"2024-10-10T02:57:01+00:00","description":"Wir bieten Genie\u00dfen Sie 20000 Z\u00fcge voller Erfrischung und Energie mit der BANG Tick Tock Energy Drink f\u00fcr ein unvergleichliches Dampferlebnis das begeistert , Elementvape.de akzeptieren Gro\u00df-und Einzelhandel Bestellungen.","breadcrumb":{"@id":"https:\/\/www.elementvape.de\/fi\/produkt\/geniessen-sie-20000-zuege-voller-erfrischung-und-energie-mit-der-bang-tick-tock-energy-drink-fuer-ein-unvergleichliches-dampferlebnis-das-begeistert\/#breadcrumb"},"inLanguage":"fi","potentialAction":[{"@type":"ReadAction","target":["https:\/\/www.elementvape.de\/fi\/produkt\/geniessen-sie-20000-zuege-voller-erfrischung-und-energie-mit-der-bang-tick-tock-energy-drink-fuer-ein-unvergleichliches-dampferlebnis-das-begeistert\/"]}]},{"@type":"ImageObject","inLanguage":"fi","@id":"https:\/\/www.elementvape.de\/fi\/produkt\/geniessen-sie-20000-zuege-voller-erfrischung-und-energie-mit-der-bang-tick-tock-energy-drink-fuer-ein-unvergleichliches-dampferlebnis-das-begeistert\/#primaryimage","url":"https:\/\/www.elementvape.de\/wp-content\/uploads\/2024\/09\/Energy-Drink-1-scaled.jpg","contentUrl":"https:\/\/www.elementvape.de\/wp-content\/uploads\/2024\/09\/Energy-Drink-1-scaled.jpg","width":2560,"height":1536,"caption":"Energy Drink"},{"@type":"BreadcrumbList","@id":"https:\/\/www.elementvape.de\/fi\/produkt\/geniessen-sie-20000-zuege-voller-erfrischung-und-energie-mit-der-bang-tick-tock-energy-drink-fuer-ein-unvergleichliches-dampferlebnis-das-begeistert\/#breadcrumb","itemListElement":[{"@type":"ListItem","position":1,"name":"Home","item":"https:\/\/www.elementvape.de\/"},{"@type":"ListItem","position":2,"name":"Shop","item":"https:\/\/www.elementvape.de\/shop\/"},{"@type":"ListItem","position":3,"name":"Genie\u00dfen Sie 20000 Z\u00fcge voller Erfrischung und Energie mit der BANG Tick Tock Energy Drink f\u00fcr ein unvergleichliches Dampferlebnis das begeistert"}]},{"@type":"WebSite","@id":"https:\/\/www.elementvape.de\/#website","url":"https:\/\/www.elementvape.de\/","name":"ElementVape.de","description":"","publisher":{"@id":"https:\/\/www.elementvape.de\/#organization"},"potentialAction":[{"@type":"SearchAction","target":{"@type":"EntryPoint","urlTemplate":"https:\/\/www.elementvape.de\/?s={search_term_string}"},"query-input":"required name=search_term_string"}],"inLanguage":"fi"},{"@type":"Organization","@id":"https:\/\/www.elementvape.de\/#organization","name":"ElementVape.DE","url":"https:\/\/www.elementvape.de\/","logo":{"@type":"ImageObject","inLanguage":"fi","@id":"https:\/\/www.elementvape.de\/#\/schema\/logo\/image\/","url":"https:\/\/www.elementvape.de\/wp-content\/uploads\/2024\/09\/cropped-1elementvape-3.png","contentUrl":"https:\/\/www.elementvape.de\/wp-content\/uploads\/2024\/09\/cropped-1elementvape-3.png","width":285,"height":228,"caption":"ElementVape.DE"},"image":{"@id":"https:\/\/www.elementvape.de\/#\/schema\/logo\/image\/"}}]}},"_links":{"self":[{"href":"https:\/\/www.elementvape.de\/fi\/wp-json\/wp\/v2\/product\/14521"}],"collection":[{"href":"https:\/\/www.elementvape.de\/fi\/wp-json\/wp\/v2\/product"}],"about":[{"href":"https:\/\/www.elementvape.de\/fi\/wp-json\/wp\/v2\/types\/product"}],"wp:featuredmedia":[{"embeddable":true,"href":"https:\/\/www.elementvape.de\/fi\/wp-json\/wp\/v2\/media\/14508"}],"wp:attachment":[{"href":"https:\/\/www.elementvape.de\/fi\/wp-json\/wp\/v2\/media?parent=14521"}],"wp:term":[{"taxonomy":"product_cat","embeddable":true,"href":"https:\/\/www.elementvape.de\/fi\/wp-json\/wp\/v2\/product_cat?post=14521"},{"taxonomy":"product_tag","embeddable":true,"href":"https:\/\/www.elementvape.de\/fi\/wp-json\/wp\/v2\/product_tag?post=14521"}],"curies":[{"name":"wp","href":"https:\/\/api.w.org\/{rel}","templated":true}]}}