{"id":14382,"date":"2024-09-18T06:48:45","date_gmt":"2024-09-18T06:48:45","guid":{"rendered":"https:\/\/www.elementvape.de\/?post_type=product&#038;p=14382"},"modified":"2024-10-11T03:46:46","modified_gmt":"2024-10-11T03:46:46","slug":"die-bang-20000puff-einweg-e-zigarette-mit-blueberry-ice-bietet-ihnen-maximalen-dampfgenuss-und-eisig-fruchtigen-geschmack-perfekt-fuer-unterwegs","status":"publish","type":"product","link":"https:\/\/www.elementvape.de\/fi\/produkt\/die-bang-20000puff-einweg-e-zigarette-mit-blueberry-ice-bietet-ihnen-maximalen-dampfgenuss-und-eisig-fruchtigen-geschmack-perfekt-fuer-unterwegs\/","title":{"rendered":"Bang 20000Puff kertak\u00e4ytt\u00f6inen e-savuke BLUEBERRY ICE tarjoaa maksimaalisen h\u00f6yrynautinnon ja j\u00e4isen hedelm\u00e4isen maun, t\u00e4ydellinen matkalle mukaan"},"content":{"rendered":"<p>Luodaksesi 2000 sanan artikkelin voimme tarkastella aihetta yksityiskohtaisemmin selitt\u00e4m\u00e4ll\u00e4 erilaisia n\u00e4k\u00f6kulmia Bang 20000Puff Dual Mesh kertak\u00e4ytt\u00f6isen E-savukkeen osalta. N\u00e4ihin kuuluvat esimerkiksi kattava kuvaus muotoilusta, tekniikasta, h\u00f6yrykokemuksesta, kertak\u00e4ytt\u00f6isten E-savukkeiden eduista sek\u00e4 syv\u00e4llisempi selitys toiminnoista, jotka liittyv\u00e4t erityiseen k\u00e4ytt\u00f6\u00f6n ja kohdeyleis\u00f6\u00f6n. Jaan artikkelin nyt osiin ja kehittelen yksityiskohtia vaiheittain.<\/p>\n<h2><strong>Bang 20000Puff Dual Mesh BLUEBERRY ICE: Maksimaalinen suorituskyky huippuluokan h\u00f6yrykokemukseen<\/strong><\/h2>\n<p>Bang 20000Puff kertak\u00e4ytt\u00f6inen E-savuke in makuvaihtoehdossa BLUEBERRY ICE tarjoaa t\u00e4ydellisen symbioosin toiminnallisuuden ja nautinnon v\u00e4lill\u00e4. Huikean jopa 20 000 puffsin kapasiteetin ja tehokkaan kaksoismesh-kierukkaj\u00e4rjestelm\u00e4n ansiosta t\u00e4m\u00e4 laite tarjoaa sek\u00e4 makuel\u00e4myksen ett\u00e4 teknisen suorituskyvyn huippuluokkaa. Seuraavassa artikkelissa k\u00e4sittelemme yksityiskohtaisesti t\u00e4m\u00e4n innovatiivisen tuotteen ominaisuuksia, teknologiaa ja k\u00e4ytt\u00e4j\u00e4kokemusta.<\/p>\n<h3>Mik\u00e4 tekee Bang 20000Puffista ainutlaatuisen?<\/h3>\n<p>E-savukkeiden teollisuus on kehittynyt nopeasti viime vuosina, ja kertak\u00e4ytt\u00f6laitteet kuten Bang 20000Puff ovat t\u00e4m\u00e4n innovaation k\u00e4rjess\u00e4. Kertak\u00e4ytt\u00f6iset e-savukkeet tarjoavat k\u00e4tev\u00e4n, k\u00e4ytt\u00e4j\u00e4yst\u00e4v\u00e4llisen ratkaisun kaikille, jotka haluavat h\u00f6yrytt\u00e4\u00e4 ilman monimutkaisia asetuksia ja tarvikkeita. Bang 20000Puff erottuu t\u00e4ss\u00e4 markkinasegmentiss\u00e4 yhdist\u00e4m\u00e4ll\u00e4 poikkeuksellisen suorituskyvyn, pitk\u00e4n k\u00e4yt\u00f6n ja erinomaisen maun kompaktissa laitteessa.<\/p>\n<p>Bang 20000Puff:n puff-rajalla, joka on jopa 20000 vetoa, on selv\u00e4sti enemm\u00e4n kuin keskim\u00e4\u00e4r\u00e4iset kertak\u00e4ytt\u00f6iset s\u00e4hk\u00f6savukkeet ja varmistaa, ett\u00e4 k\u00e4ytt\u00e4j\u00e4t voivat hy\u00f6dynt\u00e4\u00e4 laitetta pitk\u00e4\u00e4n ennen kuin se on vaihdettava. T\u00e4m\u00e4 s\u00e4\u00e4st\u00e4\u00e4 rahaa ja minimoi jatkuvan laitteiden uusimisen vaivan.<\/p>\n<h3>Design ja ergonomia<\/h3>\n<p>T\u00e4rke\u00e4 osa jokaisessa s\u00e4hk\u00f6tupakassa on muotoilu, eik\u00e4 Bang 20000Puff pet\u00e4 t\u00e4ss\u00e4 suhteessa. Kompaktin kokoisena 28 x 56 x 130 mm ja painoltaan vain 90 g t\u00e4m\u00e4 laite on tarpeeksi kevyt k\u00e4dess\u00e4 pidett\u00e4v\u00e4ksi mukavasti, ja tarpeeksi pieni mahtuakseen helposti taskuun tai laukkuun.<\/p>\n<p>Laitteen minimalistinen ja tyylik\u00e4s muotoilu vetoaa laajaan kohderyhm\u00e4\u00e4n. Tasainen pinta ja py\u00f6ristetyt reunat varmistavat, ett\u00e4 se tuntuu miellytt\u00e4v\u00e4lt\u00e4 k\u00e4dess\u00e4 ja on helppo k\u00e4ytt\u00e4\u00e4, jopa k\u00e4ytt\u00e4jille, joilla on v\u00e4h\u00e4n kokemusta<strong><a href=\"https:\/\/www.elementvape.de\/fi\/\" target=\"_blank\" rel=\"noopener\"> s\u00e4hk\u00f6tupakoihin<\/a><\/strong> Laitteen aktivointi on helppoa eik\u00e4 vaadi monimutkaisia asetuksia, mik\u00e4 tekee siit\u00e4 erityisen houkuttelevan aloittelijoille.<\/p>\n<p>Toinen k\u00e4yt\u00e4nn\u00f6llinen suunnitteluominaisuus on LED-n\u00e4ytt\u00f6. T\u00e4m\u00e4 n\u00e4ytt\u00f6 kertoo k\u00e4ytt\u00e4j\u00e4lle akun varaustason ja antaa visuaalista palautetta k\u00e4yt\u00f6n aikana, joten laitteen lataustason seuraaminen on helppoa. T\u00e4m\u00e4 v\u00e4hent\u00e4\u00e4 riski\u00e4, ett\u00e4 laite loppuu \u00e4killisesti, kun sit\u00e4 eniten tarvitset.<\/p>\n<h3>Verkko-ker\u00e4: teknologia intensiivisen maun saavuttamiseksi<\/h3>\n<p>Yksi Bang 20000Puffin merkitt\u00e4vimmist\u00e4 teknisist\u00e4 ominaisuuksista on kaksoisverkkoputkitekniikka. Putki on vastuksiltaan 1,1 ohmia, mik\u00e4 yhdistettyn\u00e4 verkkosuunnitteluun tarjoaa suuremman pinta-alan ja siten tasaisemman h\u00f6yryn l\u00e4mmityksen. T\u00e4m\u00e4 johtaa parannettuun makuel\u00e4mykseen ja tihe\u00e4\u00e4n h\u00f6yryyn, joka on houkutteleva sek\u00e4 uusille k\u00e4ytt\u00e4jille ett\u00e4 kokeneille h\u00f6yrytt\u00e4jille.<\/p>\n<p>Mesh-keloja tulee yh\u00e4 suositummiksi, koska ne mahdollistavat tasaisemman nesteen l\u00e4mmityksen verrattuna perinteisiin keloihin. Tuloksena on paitsi intensiivisempi maku my\u00f6s pidempi kelojen k\u00e4ytt\u00f6ik\u00e4, koska ne ovat v\u00e4hemm\u00e4n alttiita kuumille pisteille ja ep\u00e4tasaiseen kulumiseen. Bang 20000Puff -laitteessa Dual-Mesh-tekniikka varmistaa optimaalisen h\u00f6yryn tuotannon ja tasaisen maun, joka pysyy yht\u00e4 voimakkaana ensimm\u00e4isest\u00e4 viimeiseen vetoon asti.<\/p>\n<h3>E-liquidin kapasiteetti ja nikotiinipitoisuus<\/h3>\n<p>28 ml E-liquidi-kapasiteetilla Bang 20000Puff asettaa uusia standardeja alalla <strong><a href=\"https:\/\/www.elementvape.de\/fi\/c\/einweg-zigarette\/\" target=\"_blank\" rel=\"noopener\">kertak\u00e4ytt\u00f6isist\u00e4 E-savukkeista<\/a><\/strong>T\u00e4m\u00e4 runsas t\u00e4ytt\u00f6m\u00e4\u00e4r\u00e4 varmistaa, ett\u00e4 laite on koko k\u00e4ytt\u00f6ik\u00e4ns\u00e4 ajan riitt\u00e4v\u00e4n nesteen saatavilla mahdollistamaan koko 20 000 vedon ajan, ilman ett\u00e4 sit\u00e4 tarvitsee t\u00e4ytt\u00e4\u00e4 uudelleen. T\u00e4m\u00e4 kapasiteetti on erityisen hy\u00f6dyllinen h\u00f6yryst\u00e4jille, jotka k\u00e4ytt\u00e4v\u00e4t laitteitaan usein eiv\u00e4tk\u00e4 halua ostaa jatkuvasti uusia s\u00e4hk\u00f6tupakoita.<\/p>\n<p>Bang 20000Puff on saatavana kahdessa nikotiinipitoisuudessa: 2 % ja 5 %. T\u00e4m\u00e4 valikoima mahdollistaa k\u00e4ytt\u00e4jien valita mieltymyksens\u00e4 sen mukaan, haluavatko he voimakkaamman vai miedomman nikotiinip\u00e4iss\u00e4\u00e4n. 2%-vaihtoehto sopii erinomaisesti satunnaisille h\u00f6yryst\u00e4jille tai niille, jotka haluavat v\u00e4hent\u00e4\u00e4 nikotiinin kulutustaan, kun taas 5%-vaihtoehto tarjoaa voimakkaan iskun kokeneemmille k\u00e4ytt\u00e4jille.<\/p>\n<p>Nikotiinisuolat, joita t\u00e4ss\u00e4 laitteessa k\u00e4ytet\u00e4\u00e4n, tunnetaan siit\u00e4, ett\u00e4 ne yhdist\u00e4v\u00e4t pehme\u00e4n vedon nopeaan nikotiinipitoisuuteen. Nikotiinisuolat ovat yh\u00e4 suositumpia, koska ne ovat v\u00e4hemm\u00e4n savuisia kuin vapaat basenit ja tarjoavat tyydytt\u00e4v\u00e4mm\u00e4n kokemuksen niille, jotka ovat \u00e4skett\u00e4in siirtyneet tupakasta h\u00f6yryst\u00e4miseen.<\/p>\n<h3>Akku ja lataustoiminto<\/h3>\n<p>Yksi Bang 20000Puffin ratkaisevista ominaisuuksista on uudelleenladettava 650-mAh akku. Vaikka monet kertak\u00e4ytt\u00f6iset s\u00e4hk\u00f6tupakat tarjoavat vain rajallisen akun keston ja ne on h\u00e4vitett\u00e4v\u00e4 tyhj\u00e4n\u00e4, Bang 20000Puff perustuu uudelleenladattavuuteen. T\u00e4m\u00e4 varmistaa, ett\u00e4 k\u00e4ytt\u00e4j\u00e4t voivat hy\u00f6dynt\u00e4\u00e4 koko 20 000 pureskelua ilman, ett\u00e4 laitetta tarvitsee ennenaikaisesti h\u00e4vitt\u00e4\u00e4, mik\u00e4 on samalla kustannustehokkaampaa ja ymp\u00e4rist\u00f6yst\u00e4v\u00e4llisemp\u00e4\u00e4.<\/p>\n<p>Type-C-latausliit\u00e4nt\u00e4 mahdollistaa laitteen nopean ja tehokkaan lataamisen. Type-C:st\u00e4 tulee yh\u00e4 enemm\u00e4n standardi monille mobiililaitteille, ja sen etuna on, ett\u00e4 se nopeuttaa latausta merkitt\u00e4v\u00e4sti verrattuna vanhempiin liit\u00e4nt\u00f6ihin. K\u00e4ytt\u00e4j\u00e4t voivat ladata laitetta y\u00f6n yli tai ty\u00f6skentelyn aikana ja k\u00e4ytt\u00e4\u00e4 sit\u00e4 uudelleen hetkess\u00e4.<\/p>\n<p>Kertak\u00e4ytt\u00f6laitteiden uudelleenladattavuuden teema on t\u00e4rke\u00e4 askel kohti kest\u00e4v\u00e4mp\u00e4\u00e4 E-savukkeiden k\u00e4ytt\u00f6\u00e4. Se v\u00e4hent\u00e4\u00e4 j\u00e4tteen m\u00e4\u00e4r\u00e4\u00e4, joka syntyy laitteiden usein heitt\u00e4misest\u00e4 pois, ja on samalla k\u00e4yt\u00e4nn\u00f6llinen ratkaisu k\u00e4ytt\u00e4jille, jotka haluavat k\u00e4ytt\u00e4\u00e4 E-savuketta pidemm\u00e4n aikaa.<\/p>\n<h3>Makuprofiili: BLUEBERRY ICE<\/h3>\n<p>Yksi Bang 20000Puffin kohokohdista on makuprofiili BLUEBERRY ICE. T\u00e4m\u00e4 maku yhdist\u00e4\u00e4 mehukkaiden mustikoiden luonnollisen makeuden ja hapokkuuden raikkaaseen, j\u00e4iseen s\u00e4vyyn. Tuloksena on viilent\u00e4v\u00e4, hedelm\u00e4inen nautinto, joka sopii erinomaisesti kuumiin p\u00e4iviin tai virkist\u00e4v\u00e4n vedon nauttimiseen.<\/p>\n<p>Hedelm\u00e4n ja raikkauden yhdistelm\u00e4 on kehittynyt yhdeksi suosituimmista makuprofiileista E-savukkeiden markkinoilla. BLUEBERRY ICE on t\u00e4ydellinen niille, jotka etsiv\u00e4t selke\u00e4\u00e4, makeaa makua, joka ei ole liian hallitseva, mutta lis\u00e4\u00e4 silti raikkaan elementin. \u201cIce\u201d-efekti tarjoaa lempe\u00e4n mutta havaittavan viileyden uloshengityksess\u00e4, mik\u00e4 viimeistelee h\u00f6yryst\u00e4miskokemuksen ja j\u00e4tt\u00e4\u00e4 pitk\u00e4kestoisen, miellytt\u00e4v\u00e4n j\u00e4lkimaun.<\/p>\n<h3>Kohderyhm\u00e4 ja k\u00e4ytt\u00f6tarkoitukset<\/h3>\n<p>Bang 20000Puff on suunnattu laajalle k\u00e4ytt\u00e4j\u00e4kunnalle, aloittelevista kokeneisiin h\u00f6yrystelij\u00f6ihin. Helppok\u00e4ytt\u00f6isyytens\u00e4 ja k\u00e4ytt\u00e4j\u00e4yst\u00e4v\u00e4llisen muotoilunsa ansiosta se on erityisen houkutteleva henkil\u00f6ille, jotka vasta aloittavat h\u00f6yryst\u00e4misen tai etsiv\u00e4t vaivattomia ratkaisuja. Kertak\u00e4ytt\u00f6iset E-savukkeet kuten Bang 20000Puff ovat my\u00f6s erinomainen valinta satunnaisille h\u00f6yrystelij\u00f6ille, jotka eiv\u00e4t halua ostaa kalliita laitteita tai tarvikkeita.<\/p>\n<p>Lis\u00e4ksi laite on t\u00e4ydellinen matkak\u00e4ytt\u00f6\u00f6n. Olipa kyseess\u00e4 matka, retki tai arkip\u00e4iv\u00e4 \u2013 Bang 20000Puff on kompakti, kevyt ja tarjoaa pitk\u00e4n k\u00e4ytt\u00f6ajan ilman, ett\u00e4 tarvitsee huolehtia t\u00e4yt\u00f6ist\u00e4 tai laajasta huollosta. Uudelleenladattava akku ja suuri E-liquidi-kapasiteetti tekev\u00e4t siit\u00e4 k\u00e4yt\u00e4nn\u00f6llisen valinnan kaikille, jotka etsiv\u00e4t luotettavaa E-savuketta, joka on aina k\u00e4ytt\u00f6valmis.<\/p>\n<p>T\u00e4m\u00e4 kattava artikkeli ei ainoastaan korosta Bang 20000Puffin etuja, vaan tarjoaa my\u00f6s syv\u00e4llisi\u00e4 n\u00e4kemyksi\u00e4 teknologiasta ja nautinnosta, jotka tekev\u00e4t t\u00e4st\u00e4 tuotteesta erityisen.<\/p>","protected":false},"excerpt":{"rendered":"<p>Um einen 2000-W\u00f6rter-Artikel zu erstellen, k\u00f6nnen wir das Thema detaillierter betrachten, indem wir verschiedene Aspekte der Bang 20000Puff Dual Mesh Einweg-E-Zigarette erl\u00e4utern. Dazu geh\u00f6ren zum Beispiel eine umfassende Beschreibung des Designs, der Technik, der Dampferfahrung, der Vorteile von Einweg-E-Zigaretten sowie eine tiefergehende Erkl\u00e4rung der Funktionen, die den spezifischen Gebrauch und die Zielgruppe betreffen. Ich werde [&hellip;]<\/p>","protected":false},"featured_media":14383,"template":"","meta":{"inline_featured_image":false},"product_cat":[15,762,78,750,737,736,749,752,756],"product_tag":[710,725],"tiered_pricing_type":"fixed","tiered_pricing_fixed_rules":{"60":"8.03","110":"7.14","200":"6.24"},"tiered_pricing_percentage_rules":[],"tiered_pricing_minimum":1,"_administrator_tiered_pricing_type":"fixed","_administrator_tiered_pricing_fixed_rules":[],"_editor_tiered_pricing_type":"fixed","_editor_tiered_pricing_fixed_rules":[],"_author_tiered_pricing_type":"fixed","_author_tiered_pricing_fixed_rules":[],"_contributor_tiered_pricing_type":"fixed","_contributor_tiered_pricing_fixed_rules":[],"_subscriber_tiered_pricing_type":"fixed","_subscriber_tiered_pricing_fixed_rules":[],"_customer_tiered_pricing_type":"fixed","_customer_tiered_pricing_fixed_rules":[],"_shop_manager_tiered_pricing_type":"fixed","_shop_manager_tiered_pricing_fixed_rules":[],"_wpseo_manager_tiered_pricing_type":"fixed","_wpseo_manager_tiered_pricing_fixed_rules":[],"_wpseo_editor_tiered_pricing_type":"fixed","_wpseo_editor_tiered_pricing_fixed_rules":[],"_wholesale_customer_tiered_pricing_type":"fixed","_wholesale_customer_tiered_pricing_fixed_rules":[],"_marketer_tiered_pricing_type":"fixed","_marketer_tiered_pricing_fixed_rules":[],"_sales_manager_tiered_pricing_type":"fixed","_sales_manager_tiered_pricing_fixed_rules":[],"_sales_rep_tiered_pricing_type":"fixed","_sales_rep_tiered_pricing_fixed_rules":[],"yoast_head":"<!-- This site is optimized with the Yoast SEO plugin v23.3 - https:\/\/yoast.com\/wordpress\/plugins\/seo\/ -->\n<title>Die Bang 20000Puff Einweg-E-Zigarette mit BLUEBERRY ICE bietet Ihnen maximalen Dampfgenuss und eisig fruchtigen Geschmack perfekt f\u00fcr unterwegs | ElementVape.de<\/title>\n<meta name=\"description\" content=\"Wir bieten Die Bang 20000Puff Einweg-E-Zigarette mit BLUEBERRY ICE bietet Ihnen maximalen Dampfgenuss und eisig fruchtigen Geschmack perfekt f\u00fcr unterwegs , Elementvape.de akzeptieren Gro\u00df-und Einzelhandel Bestellungen.\" \/>\n<meta name=\"robots\" content=\"index, follow, max-snippet:-1, max-image-preview:large, max-video-preview:-1\" \/>\n<link rel=\"canonical\" href=\"https:\/\/www.elementvape.de\/fi\/produkt\/die-bang-20000puff-einweg-e-zigarette-mit-blueberry-ice-bietet-ihnen-maximalen-dampfgenuss-und-eisig-fruchtigen-geschmack-perfekt-fuer-unterwegs\/\" \/>\n<meta property=\"og:locale\" content=\"fi_FI\" \/>\n<meta property=\"og:type\" content=\"article\" \/>\n<meta property=\"og:title\" content=\"Die Bang 20000Puff Einweg-E-Zigarette mit BLUEBERRY ICE bietet Ihnen maximalen Dampfgenuss und eisig fruchtigen Geschmack perfekt f\u00fcr unterwegs | ElementVape.de\" \/>\n<meta property=\"og:description\" content=\"Wir bieten Die Bang 20000Puff Einweg-E-Zigarette mit BLUEBERRY ICE bietet Ihnen maximalen Dampfgenuss und eisig fruchtigen Geschmack perfekt f\u00fcr unterwegs , Elementvape.de akzeptieren Gro\u00df-und Einzelhandel Bestellungen.\" \/>\n<meta property=\"og:url\" content=\"https:\/\/www.elementvape.de\/fi\/produkt\/die-bang-20000puff-einweg-e-zigarette-mit-blueberry-ice-bietet-ihnen-maximalen-dampfgenuss-und-eisig-fruchtigen-geschmack-perfekt-fuer-unterwegs\/\" \/>\n<meta property=\"og:site_name\" content=\"ElementVape.de\" \/>\n<meta property=\"article:modified_time\" content=\"2024-10-11T03:46:46+00:00\" \/>\n<meta property=\"og:image\" content=\"https:\/\/www.elementvape.de\/wp-content\/uploads\/2024\/09\/BLUEBERRY-ICE-2.jpg\" \/>\n\t<meta property=\"og:image:width\" content=\"1655\" \/>\n\t<meta property=\"og:image:height\" content=\"1025\" \/>\n\t<meta property=\"og:image:type\" content=\"image\/jpeg\" \/>\n<meta name=\"twitter:card\" content=\"summary_large_image\" \/>\n<meta name=\"twitter:label1\" content=\"Est. reading time\" \/>\n\t<meta name=\"twitter:data1\" content=\"7 minuuttia\" \/>\n<script type=\"application\/ld+json\" class=\"yoast-schema-graph\">{\"@context\":\"https:\/\/schema.org\",\"@graph\":[{\"@type\":\"WebPage\",\"@id\":\"https:\/\/www.elementvape.de\/pt\/produkt\/die-bang-20000puff-einweg-e-zigarette-mit-blueberry-ice-bietet-ihnen-maximalen-dampfgenuss-und-eisig-fruchtigen-geschmack-perfekt-fuer-unterwegs\/\",\"url\":\"https:\/\/www.elementvape.de\/pt\/produkt\/die-bang-20000puff-einweg-e-zigarette-mit-blueberry-ice-bietet-ihnen-maximalen-dampfgenuss-und-eisig-fruchtigen-geschmack-perfekt-fuer-unterwegs\/\",\"name\":\"Die Bang 20000Puff Einweg-E-Zigarette mit BLUEBERRY ICE bietet Ihnen maximalen Dampfgenuss und eisig fruchtigen Geschmack perfekt f\u00fcr unterwegs | ElementVape.de\",\"isPartOf\":{\"@id\":\"https:\/\/www.elementvape.de\/#website\"},\"primaryImageOfPage\":{\"@id\":\"https:\/\/www.elementvape.de\/pt\/produkt\/die-bang-20000puff-einweg-e-zigarette-mit-blueberry-ice-bietet-ihnen-maximalen-dampfgenuss-und-eisig-fruchtigen-geschmack-perfekt-fuer-unterwegs\/#primaryimage\"},\"image\":{\"@id\":\"https:\/\/www.elementvape.de\/pt\/produkt\/die-bang-20000puff-einweg-e-zigarette-mit-blueberry-ice-bietet-ihnen-maximalen-dampfgenuss-und-eisig-fruchtigen-geschmack-perfekt-fuer-unterwegs\/#primaryimage\"},\"thumbnailUrl\":\"https:\/\/www.elementvape.de\/wp-content\/uploads\/2024\/09\/BLUEBERRY-ICE-2.jpg\",\"datePublished\":\"2024-09-18T06:48:45+00:00\",\"dateModified\":\"2024-10-11T03:46:46+00:00\",\"description\":\"Wir bieten Die Bang 20000Puff Einweg-E-Zigarette mit BLUEBERRY ICE bietet Ihnen maximalen Dampfgenuss und eisig fruchtigen Geschmack perfekt f\u00fcr unterwegs , Elementvape.de akzeptieren Gro\u00df-und Einzelhandel Bestellungen.\",\"breadcrumb\":{\"@id\":\"https:\/\/www.elementvape.de\/pt\/produkt\/die-bang-20000puff-einweg-e-zigarette-mit-blueberry-ice-bietet-ihnen-maximalen-dampfgenuss-und-eisig-fruchtigen-geschmack-perfekt-fuer-unterwegs\/#breadcrumb\"},\"inLanguage\":\"fi\",\"potentialAction\":[{\"@type\":\"ReadAction\",\"target\":[\"https:\/\/www.elementvape.de\/pt\/produkt\/die-bang-20000puff-einweg-e-zigarette-mit-blueberry-ice-bietet-ihnen-maximalen-dampfgenuss-und-eisig-fruchtigen-geschmack-perfekt-fuer-unterwegs\/\"]}]},{\"@type\":\"ImageObject\",\"inLanguage\":\"fi\",\"@id\":\"https:\/\/www.elementvape.de\/pt\/produkt\/die-bang-20000puff-einweg-e-zigarette-mit-blueberry-ice-bietet-ihnen-maximalen-dampfgenuss-und-eisig-fruchtigen-geschmack-perfekt-fuer-unterwegs\/#primaryimage\",\"url\":\"https:\/\/www.elementvape.de\/wp-content\/uploads\/2024\/09\/BLUEBERRY-ICE-2.jpg\",\"contentUrl\":\"https:\/\/www.elementvape.de\/wp-content\/uploads\/2024\/09\/BLUEBERRY-ICE-2.jpg\",\"width\":1655,\"height\":1025,\"caption\":\"BLUEBERRY ICE\"},{\"@type\":\"BreadcrumbList\",\"@id\":\"https:\/\/www.elementvape.de\/pt\/produkt\/die-bang-20000puff-einweg-e-zigarette-mit-blueberry-ice-bietet-ihnen-maximalen-dampfgenuss-und-eisig-fruchtigen-geschmack-perfekt-fuer-unterwegs\/#breadcrumb\",\"itemListElement\":[{\"@type\":\"ListItem\",\"position\":1,\"name\":\"Home\",\"item\":\"https:\/\/www.elementvape.de\/\"},{\"@type\":\"ListItem\",\"position\":2,\"name\":\"Shop\",\"item\":\"https:\/\/www.elementvape.de\/shop\/\"},{\"@type\":\"ListItem\",\"position\":3,\"name\":\"Die Bang 20000Puff Einweg-E-Zigarette mit BLUEBERRY ICE bietet Ihnen maximalen Dampfgenuss und eisig fruchtigen Geschmack perfekt f\u00fcr unterwegs\"}]},{\"@type\":\"WebSite\",\"@id\":\"https:\/\/www.elementvape.de\/#website\",\"url\":\"https:\/\/www.elementvape.de\/\",\"name\":\"ElementVape.de\",\"description\":\"\",\"publisher\":{\"@id\":\"https:\/\/www.elementvape.de\/#organization\"},\"potentialAction\":[{\"@type\":\"SearchAction\",\"target\":{\"@type\":\"EntryPoint\",\"urlTemplate\":\"https:\/\/www.elementvape.de\/?s={search_term_string}\"},\"query-input\":\"required name=search_term_string\"}],\"inLanguage\":\"fi\"},{\"@type\":\"Organization\",\"@id\":\"https:\/\/www.elementvape.de\/#organization\",\"name\":\"ElementVape.DE\",\"url\":\"https:\/\/www.elementvape.de\/\",\"logo\":{\"@type\":\"ImageObject\",\"inLanguage\":\"fi\",\"@id\":\"https:\/\/www.elementvape.de\/#\/schema\/logo\/image\/\",\"url\":\"https:\/\/www.elementvape.de\/wp-content\/uploads\/2024\/09\/cropped-1elementvape-3.png\",\"contentUrl\":\"https:\/\/www.elementvape.de\/wp-content\/uploads\/2024\/09\/cropped-1elementvape-3.png\",\"width\":285,\"height\":228,\"caption\":\"ElementVape.DE\"},\"image\":{\"@id\":\"https:\/\/www.elementvape.de\/#\/schema\/logo\/image\/\"}}]}<\/script>\n<!-- \/ Yoast SEO plugin. -->","yoast_head_json":{"title":"Die Bang 20000Puff Einweg-E-Zigarette mit BLUEBERRY ICE bietet Ihnen maximalen Dampfgenuss und eisig fruchtigen Geschmack perfekt f\u00fcr unterwegs | ElementVape.de","description":"Wir bieten Die Bang 20000Puff Einweg-E-Zigarette mit BLUEBERRY ICE bietet Ihnen maximalen Dampfgenuss und eisig fruchtigen Geschmack perfekt f\u00fcr unterwegs , Elementvape.de akzeptieren Gro\u00df-und Einzelhandel Bestellungen.","robots":{"index":"index","follow":"follow","max-snippet":"max-snippet:-1","max-image-preview":"max-image-preview:large","max-video-preview":"max-video-preview:-1"},"canonical":"https:\/\/www.elementvape.de\/fi\/produkt\/die-bang-20000puff-einweg-e-zigarette-mit-blueberry-ice-bietet-ihnen-maximalen-dampfgenuss-und-eisig-fruchtigen-geschmack-perfekt-fuer-unterwegs\/","og_locale":"fi_FI","og_type":"article","og_title":"Die Bang 20000Puff Einweg-E-Zigarette mit BLUEBERRY ICE bietet Ihnen maximalen Dampfgenuss und eisig fruchtigen Geschmack perfekt f\u00fcr unterwegs | ElementVape.de","og_description":"Wir bieten Die Bang 20000Puff Einweg-E-Zigarette mit BLUEBERRY ICE bietet Ihnen maximalen Dampfgenuss und eisig fruchtigen Geschmack perfekt f\u00fcr unterwegs , Elementvape.de akzeptieren Gro\u00df-und Einzelhandel Bestellungen.","og_url":"https:\/\/www.elementvape.de\/fi\/produkt\/die-bang-20000puff-einweg-e-zigarette-mit-blueberry-ice-bietet-ihnen-maximalen-dampfgenuss-und-eisig-fruchtigen-geschmack-perfekt-fuer-unterwegs\/","og_site_name":"ElementVape.de","article_modified_time":"2024-10-11T03:46:46+00:00","og_image":[{"width":1655,"height":1025,"url":"https:\/\/www.elementvape.de\/wp-content\/uploads\/2024\/09\/BLUEBERRY-ICE-2.jpg","type":"image\/jpeg"}],"twitter_card":"summary_large_image","twitter_misc":{"Est. reading time":"7 minuuttia"},"schema":{"@context":"https:\/\/schema.org","@graph":[{"@type":"WebPage","@id":"https:\/\/www.elementvape.de\/pt\/produkt\/die-bang-20000puff-einweg-e-zigarette-mit-blueberry-ice-bietet-ihnen-maximalen-dampfgenuss-und-eisig-fruchtigen-geschmack-perfekt-fuer-unterwegs\/","url":"https:\/\/www.elementvape.de\/pt\/produkt\/die-bang-20000puff-einweg-e-zigarette-mit-blueberry-ice-bietet-ihnen-maximalen-dampfgenuss-und-eisig-fruchtigen-geschmack-perfekt-fuer-unterwegs\/","name":"Die Bang 20000Puff Einweg-E-Zigarette mit BLUEBERRY ICE bietet Ihnen maximalen Dampfgenuss und eisig fruchtigen Geschmack perfekt f\u00fcr unterwegs | ElementVape.de","isPartOf":{"@id":"https:\/\/www.elementvape.de\/#website"},"primaryImageOfPage":{"@id":"https:\/\/www.elementvape.de\/pt\/produkt\/die-bang-20000puff-einweg-e-zigarette-mit-blueberry-ice-bietet-ihnen-maximalen-dampfgenuss-und-eisig-fruchtigen-geschmack-perfekt-fuer-unterwegs\/#primaryimage"},"image":{"@id":"https:\/\/www.elementvape.de\/pt\/produkt\/die-bang-20000puff-einweg-e-zigarette-mit-blueberry-ice-bietet-ihnen-maximalen-dampfgenuss-und-eisig-fruchtigen-geschmack-perfekt-fuer-unterwegs\/#primaryimage"},"thumbnailUrl":"https:\/\/www.elementvape.de\/wp-content\/uploads\/2024\/09\/BLUEBERRY-ICE-2.jpg","datePublished":"2024-09-18T06:48:45+00:00","dateModified":"2024-10-11T03:46:46+00:00","description":"Wir bieten Die Bang 20000Puff Einweg-E-Zigarette mit BLUEBERRY ICE bietet Ihnen maximalen Dampfgenuss und eisig fruchtigen Geschmack perfekt f\u00fcr unterwegs , Elementvape.de akzeptieren Gro\u00df-und Einzelhandel Bestellungen.","breadcrumb":{"@id":"https:\/\/www.elementvape.de\/pt\/produkt\/die-bang-20000puff-einweg-e-zigarette-mit-blueberry-ice-bietet-ihnen-maximalen-dampfgenuss-und-eisig-fruchtigen-geschmack-perfekt-fuer-unterwegs\/#breadcrumb"},"inLanguage":"fi","potentialAction":[{"@type":"ReadAction","target":["https:\/\/www.elementvape.de\/pt\/produkt\/die-bang-20000puff-einweg-e-zigarette-mit-blueberry-ice-bietet-ihnen-maximalen-dampfgenuss-und-eisig-fruchtigen-geschmack-perfekt-fuer-unterwegs\/"]}]},{"@type":"ImageObject","inLanguage":"fi","@id":"https:\/\/www.elementvape.de\/pt\/produkt\/die-bang-20000puff-einweg-e-zigarette-mit-blueberry-ice-bietet-ihnen-maximalen-dampfgenuss-und-eisig-fruchtigen-geschmack-perfekt-fuer-unterwegs\/#primaryimage","url":"https:\/\/www.elementvape.de\/wp-content\/uploads\/2024\/09\/BLUEBERRY-ICE-2.jpg","contentUrl":"https:\/\/www.elementvape.de\/wp-content\/uploads\/2024\/09\/BLUEBERRY-ICE-2.jpg","width":1655,"height":1025,"caption":"BLUEBERRY ICE"},{"@type":"BreadcrumbList","@id":"https:\/\/www.elementvape.de\/pt\/produkt\/die-bang-20000puff-einweg-e-zigarette-mit-blueberry-ice-bietet-ihnen-maximalen-dampfgenuss-und-eisig-fruchtigen-geschmack-perfekt-fuer-unterwegs\/#breadcrumb","itemListElement":[{"@type":"ListItem","position":1,"name":"Home","item":"https:\/\/www.elementvape.de\/"},{"@type":"ListItem","position":2,"name":"Shop","item":"https:\/\/www.elementvape.de\/shop\/"},{"@type":"ListItem","position":3,"name":"Die Bang 20000Puff Einweg-E-Zigarette mit BLUEBERRY ICE bietet Ihnen maximalen Dampfgenuss und eisig fruchtigen Geschmack perfekt f\u00fcr unterwegs"}]},{"@type":"WebSite","@id":"https:\/\/www.elementvape.de\/#website","url":"https:\/\/www.elementvape.de\/","name":"ElementVape.de","description":"","publisher":{"@id":"https:\/\/www.elementvape.de\/#organization"},"potentialAction":[{"@type":"SearchAction","target":{"@type":"EntryPoint","urlTemplate":"https:\/\/www.elementvape.de\/?s={search_term_string}"},"query-input":"required name=search_term_string"}],"inLanguage":"fi"},{"@type":"Organization","@id":"https:\/\/www.elementvape.de\/#organization","name":"ElementVape.DE","url":"https:\/\/www.elementvape.de\/","logo":{"@type":"ImageObject","inLanguage":"fi","@id":"https:\/\/www.elementvape.de\/#\/schema\/logo\/image\/","url":"https:\/\/www.elementvape.de\/wp-content\/uploads\/2024\/09\/cropped-1elementvape-3.png","contentUrl":"https:\/\/www.elementvape.de\/wp-content\/uploads\/2024\/09\/cropped-1elementvape-3.png","width":285,"height":228,"caption":"ElementVape.DE"},"image":{"@id":"https:\/\/www.elementvape.de\/#\/schema\/logo\/image\/"}}]}},"_links":{"self":[{"href":"https:\/\/www.elementvape.de\/fi\/wp-json\/wp\/v2\/product\/14382"}],"collection":[{"href":"https:\/\/www.elementvape.de\/fi\/wp-json\/wp\/v2\/product"}],"about":[{"href":"https:\/\/www.elementvape.de\/fi\/wp-json\/wp\/v2\/types\/product"}],"wp:featuredmedia":[{"embeddable":true,"href":"https:\/\/www.elementvape.de\/fi\/wp-json\/wp\/v2\/media\/14383"}],"wp:attachment":[{"href":"https:\/\/www.elementvape.de\/fi\/wp-json\/wp\/v2\/media?parent=14382"}],"wp:term":[{"taxonomy":"product_cat","embeddable":true,"href":"https:\/\/www.elementvape.de\/fi\/wp-json\/wp\/v2\/product_cat?post=14382"},{"taxonomy":"product_tag","embeddable":true,"href":"https:\/\/www.elementvape.de\/fi\/wp-json\/wp\/v2\/product_tag?post=14382"}],"curies":[{"name":"wp","href":"https:\/\/api.w.org\/{rel}","templated":true}]}}