{"id":14367,"date":"2024-09-17T07:50:05","date_gmt":"2024-09-17T07:50:05","guid":{"rendered":"https:\/\/www.elementvape.de\/?post_type=product&#038;p=14367"},"modified":"2024-10-09T08:19:02","modified_gmt":"2024-10-09T08:19:02","slug":"fruchtige-blaubeere-trifft-auf-eisige-kuehle-die-bang-36000-puffs-einweg-e-zigarette-mit-mesh-coil-fuer-ein-unvergessliches-blueberry-ice-erlebnis","status":"publish","type":"product","link":"https:\/\/www.elementvape.de\/fi\/produkt\/fruchtige-blaubeere-trifft-auf-eisige-kuehle-die-bang-36000-puffs-einweg-e-zigarette-mit-mesh-coil-fuer-ein-unvergessliches-blueberry-ice-erlebnis\/","title":{"rendered":"Hedelm\u00e4inen mustikka kohtaa j\u00e4isen viileyden Bang 36000 Huilua kertak\u00e4ytt\u00f6inen E-savu mesh-kierukalla unohtumattomaan Blueberry Ice -kokemukseen"},"content":{"rendered":"<p>Koe t\u00e4ydellinen sekoitus hedelm\u00e4ist\u00e4 makeutta ja virkist\u00e4v\u00e4\u00e4 viileytt\u00e4 Bang 36000 Puffs kertak\u00e4ytt\u00f6isell\u00e4 s\u00e4hk\u00f6tupakalla. Blueberry Ice -aromi yhdist\u00e4\u00e4 mehukkaan kypsien mustikkaiden makeuden j\u00e4iseen viileysvaikutukseen, joka tekee jokaisesta vedosta virkist\u00e4v\u00e4n kokemuksen. Edistyksellisen Mesh Coil -teknologian ansiosta t\u00e4m\u00e4 laite takaa ei vain intensiivisen maun, vaan my\u00f6s poikkeuksellisen h\u00f6yrynlaadun.<\/p>\n<h3>Blueberry Ice: hedelm\u00e4isen makeuden ja j\u00e4isen raikkauden fuusio<\/h3>\n<p>Blueberry Ice -aromi tarjoaa ainutlaatuisen yhdistelm\u00e4n:<\/p>\n<ul>\n<li>Mehukkaan mustikan: Kypsien mustikoiden luonnolliset makeusnuotit tarjoavat makuel\u00e4myksen, joka hemmottelee makuhermojasi. Hedelm\u00e4inen makeus on t\u00e4ytel\u00e4inen ja miellytt\u00e4v\u00e4.<\/li>\n<li>J\u00e4inen viileys: Viilent\u00e4v\u00e4 vaikutus lis\u00e4\u00e4 raikkauden tuntua, mik\u00e4 antaa makealle mustikkamaulle lis\u00e4isen raikkauden. T\u00e4m\u00e4 j\u00e4inen komponentti viimeistelee aromin t\u00e4ydellisesti ja tekee jokaisesta vedosta virkist\u00e4v\u00e4n kokemuksen.<\/li>\n<\/ul>\n<p>T\u00e4m\u00e4 harmoninen sekoitus hedelm\u00e4ist\u00e4 makeutta ja j\u00e4ist\u00e4 raikkautta tarjoaa tasapainoisen makuyhdistelm\u00e4n, joka on virkist\u00e4v\u00e4 sek\u00e4 kuumina p\u00e4ivin\u00e4 ett\u00e4 muulloinkin vuoden aikana.<\/p>\n<p>36000 vedon kapasiteetilla Bang <strong><a href=\"https:\/\/www.elementvape.de\/fi\/c\/einweg-zigarette\/\" target=\"_blank\" rel=\"noopener\">kertak\u00e4ytt\u00f6inen s\u00e4hk\u00f6tupakka<\/a><\/strong> tarjoaa poikkeuksellisen pitk\u00e4kestoisen h\u00f6yrykokemuksen. T\u00e4m\u00e4 vaikuttava vedon m\u00e4\u00e4r\u00e4 varmistaa, ett\u00e4 voit nauttia Blueberry Ice -aromista viikkojen ajan ilman huolta t\u00e4ytt\u00e4misest\u00e4 tai huollosta. Ihanteellinen h\u00f6yrystajille, jotka etsiv\u00e4t luotettavaa ja pitk\u00e4aikaista h\u00f6yrykokemusta.<\/p>\n<h3>Mesh Coil \u2013 Maksimaalinen makuintensiteetti ja suuret h\u00f6yrypilvet<\/h3>\n<p>Mesh Coil -teknologia on Bang 36.000 Puffs -laitteen ydin ja takaa:<\/p>\n<ul>\n<li>Intensiivisen makukokemuksen: Mesh Coilin suurempi l\u00e4mmitysalue mahdollistaa tasaisen ja tehokkaan e-liquidin l\u00e4mmityksen, jolloin Blueberry Ice -aromin hedelm\u00e4iset ja viile\u00e4t nuotit tulevat voimakkaasti esiin.<\/li>\n<li>Nopea l\u00e4mmitys: Tasainen l\u00e4mm\u00f6n jakautuminen varmistaa, ett\u00e4 e-liquidi l\u00e4mpenee tasaisesti, mik\u00e4 johtaa johdonmukaisesti korkeaan makuun.<\/li>\n<li>Tihe\u00e4t h\u00f6yrypilvet: Mesh Coil tuottaa suurempia, tihe\u00e4mpi\u00e4 h\u00f6yrypilvi\u00e4, jotka vahvistavat h\u00f6yrykokemusta visuaalisesti ja tehostavat aromia.<\/li>\n<\/ul>\n<p>Vaikka Bang 36.000 Puffs on suunniteltu pitk\u00e4ik\u00e4iseksi, akun lataaminen voi olla tarpeen. Type-C-latausliit\u00e4nt\u00e4 mahdollistaa nopean ja vaivattoman latauksen, jolloin voit hy\u00f6dynt\u00e4\u00e4 laitteen t\u00e4yden kapasiteetin ilman pitk\u00e4\u00e4 odottelua. T\u00e4m\u00e4 lis\u00e4\u00e4 k\u00e4ytt\u00f6mukavuutta ja takaa katkeamattoman h\u00f6yrykokemuksen.<\/p>\n<h3>Blueberry Ice \u2013 Hedelm\u00e4inen ja j\u00e4inen kohokohta Bang 36000 Puffs kertak\u00e4ytt\u00f6isell\u00e4 s\u00e4hk\u00f6tupakalla<\/h3>\n<p>Bang 36.000 Puffs -kertak\u00e4ytt\u00f6inen s\u00e4hk\u00f6tupakka tarjoaa unohtumattoman h\u00f6yrykokemuksen Blueberry Ice -aromin ansiosta, joka hurmaa yhdist\u00e4m\u00e4ll\u00e4 makeat mustikat ja virkist\u00e4v\u00e4n viileyden. Edistyksellinen Mesh Coil -teknologia varmistaa, ett\u00e4 maku pysyy intensiivisen\u00e4 ja johdonmukaisena, kun taas tihe\u00e4t h\u00f6yrypilvet rikastavat kokemusta visuaalisesti. Vaikuttavalla kapasiteetilla <strong><a href=\"https:\/\/www.elementvape.de\/fi\/p-tag\/vaep-36000-zuege\/\" target=\"_blank\" rel=\"noopener\">36000 vetoa<\/a><\/strong> ja k\u00e4tev\u00e4ll\u00e4 Type-C-latausliit\u00e4nn\u00e4ll\u00e4 t\u00e4m\u00e4 s\u00e4hk\u00f6tupakka on erinomainen valinta kaikille, jotka etsiv\u00e4t intensiivist\u00e4 makua ja korkeaa suorituskyky\u00e4 laitteessa.<\/p>","protected":false},"excerpt":{"rendered":"<p>Erleben Sie den perfekten Mix aus fruchtiger S\u00fc\u00dfe und erfrischender K\u00fchle mit der Bang 36000 Puffs Einweg-E-Zigarette. Das Blueberry Ice-Aroma kombiniert die saftige S\u00fc\u00dfe von reifen Blaubeeren mit einem eisigen K\u00fchleffekt, der jeden Zug zu einem erfrischenden Erlebnis macht. Ausgestattet mit der fortschrittlichen Mesh Coil-Technologie, garantiert dieses Ger\u00e4t nicht nur intensiven Geschmack, sondern auch eine [&hellip;]<\/p>","protected":false},"featured_media":14351,"template":"","meta":{"inline_featured_image":false},"product_cat":[15,760,78,750,737,736,749,752,756],"product_tag":[710,761],"tiered_pricing_type":"fixed","tiered_pricing_fixed_rules":{"60":"9.4","110":"8.35","200":"7.31"},"tiered_pricing_percentage_rules":[],"tiered_pricing_minimum":1,"_administrator_tiered_pricing_type":"fixed","_administrator_tiered_pricing_fixed_rules":[],"_editor_tiered_pricing_type":"fixed","_editor_tiered_pricing_fixed_rules":[],"_author_tiered_pricing_type":"fixed","_author_tiered_pricing_fixed_rules":[],"_contributor_tiered_pricing_type":"fixed","_contributor_tiered_pricing_fixed_rules":[],"_subscriber_tiered_pricing_type":"fixed","_subscriber_tiered_pricing_fixed_rules":[],"_customer_tiered_pricing_type":"fixed","_customer_tiered_pricing_fixed_rules":[],"_shop_manager_tiered_pricing_type":"fixed","_shop_manager_tiered_pricing_fixed_rules":[],"_wpseo_manager_tiered_pricing_type":"fixed","_wpseo_manager_tiered_pricing_fixed_rules":[],"_wpseo_editor_tiered_pricing_type":"fixed","_wpseo_editor_tiered_pricing_fixed_rules":[],"_wholesale_customer_tiered_pricing_type":"fixed","_wholesale_customer_tiered_pricing_fixed_rules":[],"_marketer_tiered_pricing_type":"fixed","_marketer_tiered_pricing_fixed_rules":[],"_sales_manager_tiered_pricing_type":"fixed","_sales_manager_tiered_pricing_fixed_rules":[],"_sales_rep_tiered_pricing_type":"fixed","_sales_rep_tiered_pricing_fixed_rules":[],"yoast_head":"<!-- This site is optimized with the Yoast SEO plugin v23.3 - https:\/\/yoast.com\/wordpress\/plugins\/seo\/ -->\n<title>Fruchtige Blaubeere trifft auf eisige K\u00fchle Die Bang 36000 Puffs Einweg-E-Zigarette mit Mesh Coil f\u00fcr ein unvergessliches Blueberry Ice Erlebnis | ElementVape.de<\/title>\n<meta name=\"description\" content=\"Wir bieten Fruchtige Blaubeere trifft auf eisige K\u00fchle Die Bang 36000 Puffs Einweg-E-Zigarette mit Mesh Coil f\u00fcr ein unvergessliches Blueberry Ice Erlebnis , Elementvape.de akzeptieren Gro\u00df-und Einzelhandel Bestellungen.\" \/>\n<meta name=\"robots\" content=\"index, follow, max-snippet:-1, max-image-preview:large, max-video-preview:-1\" \/>\n<link rel=\"canonical\" href=\"https:\/\/www.elementvape.de\/fi\/produkt\/fruchtige-blaubeere-trifft-auf-eisige-kuehle-die-bang-36000-puffs-einweg-e-zigarette-mit-mesh-coil-fuer-ein-unvergessliches-blueberry-ice-erlebnis\/\" \/>\n<meta property=\"og:locale\" content=\"fi_FI\" \/>\n<meta property=\"og:type\" content=\"article\" \/>\n<meta property=\"og:title\" content=\"Fruchtige Blaubeere trifft auf eisige K\u00fchle Die Bang 36000 Puffs Einweg-E-Zigarette mit Mesh Coil f\u00fcr ein unvergessliches Blueberry Ice Erlebnis | ElementVape.de\" \/>\n<meta property=\"og:description\" content=\"Wir bieten Fruchtige Blaubeere trifft auf eisige K\u00fchle Die Bang 36000 Puffs Einweg-E-Zigarette mit Mesh Coil f\u00fcr ein unvergessliches Blueberry Ice Erlebnis , Elementvape.de akzeptieren Gro\u00df-und Einzelhandel Bestellungen.\" \/>\n<meta property=\"og:url\" content=\"https:\/\/www.elementvape.de\/fi\/produkt\/fruchtige-blaubeere-trifft-auf-eisige-kuehle-die-bang-36000-puffs-einweg-e-zigarette-mit-mesh-coil-fuer-ein-unvergessliches-blueberry-ice-erlebnis\/\" \/>\n<meta property=\"og:site_name\" content=\"ElementVape.de\" \/>\n<meta property=\"article:modified_time\" content=\"2024-10-09T08:19:02+00:00\" \/>\n<meta property=\"og:image\" content=\"https:\/\/www.elementvape.de\/wp-content\/uploads\/2024\/09\/BLUEBERRY-ICE-1-scaled.jpg\" \/>\n\t<meta property=\"og:image:width\" content=\"2560\" \/>\n\t<meta property=\"og:image:height\" content=\"2249\" \/>\n\t<meta property=\"og:image:type\" content=\"image\/jpeg\" \/>\n<meta name=\"twitter:card\" content=\"summary_large_image\" \/>\n<meta name=\"twitter:label1\" content=\"Est. reading time\" \/>\n\t<meta name=\"twitter:data1\" content=\"3 minuuttia\" \/>\n<script type=\"application\/ld+json\" class=\"yoast-schema-graph\">{\"@context\":\"https:\/\/schema.org\",\"@graph\":[{\"@type\":\"WebPage\",\"@id\":\"https:\/\/www.elementvape.de\/pt\/produkt\/fruchtige-blaubeere-trifft-auf-eisige-kuehle-die-bang-36000-puffs-einweg-e-zigarette-mit-mesh-coil-fuer-ein-unvergessliches-blueberry-ice-erlebnis\/\",\"url\":\"https:\/\/www.elementvape.de\/pt\/produkt\/fruchtige-blaubeere-trifft-auf-eisige-kuehle-die-bang-36000-puffs-einweg-e-zigarette-mit-mesh-coil-fuer-ein-unvergessliches-blueberry-ice-erlebnis\/\",\"name\":\"Fruchtige Blaubeere trifft auf eisige K\u00fchle Die Bang 36000 Puffs Einweg-E-Zigarette mit Mesh Coil f\u00fcr ein unvergessliches Blueberry Ice Erlebnis | ElementVape.de\",\"isPartOf\":{\"@id\":\"https:\/\/www.elementvape.de\/#website\"},\"primaryImageOfPage\":{\"@id\":\"https:\/\/www.elementvape.de\/pt\/produkt\/fruchtige-blaubeere-trifft-auf-eisige-kuehle-die-bang-36000-puffs-einweg-e-zigarette-mit-mesh-coil-fuer-ein-unvergessliches-blueberry-ice-erlebnis\/#primaryimage\"},\"image\":{\"@id\":\"https:\/\/www.elementvape.de\/pt\/produkt\/fruchtige-blaubeere-trifft-auf-eisige-kuehle-die-bang-36000-puffs-einweg-e-zigarette-mit-mesh-coil-fuer-ein-unvergessliches-blueberry-ice-erlebnis\/#primaryimage\"},\"thumbnailUrl\":\"https:\/\/www.elementvape.de\/wp-content\/uploads\/2024\/09\/BLUEBERRY-ICE-1-scaled.jpg\",\"datePublished\":\"2024-09-17T07:50:05+00:00\",\"dateModified\":\"2024-10-09T08:19:02+00:00\",\"description\":\"Wir bieten Fruchtige Blaubeere trifft auf eisige K\u00fchle Die Bang 36000 Puffs Einweg-E-Zigarette mit Mesh Coil f\u00fcr ein unvergessliches Blueberry Ice Erlebnis , Elementvape.de akzeptieren Gro\u00df-und Einzelhandel Bestellungen.\",\"breadcrumb\":{\"@id\":\"https:\/\/www.elementvape.de\/pt\/produkt\/fruchtige-blaubeere-trifft-auf-eisige-kuehle-die-bang-36000-puffs-einweg-e-zigarette-mit-mesh-coil-fuer-ein-unvergessliches-blueberry-ice-erlebnis\/#breadcrumb\"},\"inLanguage\":\"fi\",\"potentialAction\":[{\"@type\":\"ReadAction\",\"target\":[\"https:\/\/www.elementvape.de\/pt\/produkt\/fruchtige-blaubeere-trifft-auf-eisige-kuehle-die-bang-36000-puffs-einweg-e-zigarette-mit-mesh-coil-fuer-ein-unvergessliches-blueberry-ice-erlebnis\/\"]}]},{\"@type\":\"ImageObject\",\"inLanguage\":\"fi\",\"@id\":\"https:\/\/www.elementvape.de\/pt\/produkt\/fruchtige-blaubeere-trifft-auf-eisige-kuehle-die-bang-36000-puffs-einweg-e-zigarette-mit-mesh-coil-fuer-ein-unvergessliches-blueberry-ice-erlebnis\/#primaryimage\",\"url\":\"https:\/\/www.elementvape.de\/wp-content\/uploads\/2024\/09\/BLUEBERRY-ICE-1-scaled.jpg\",\"contentUrl\":\"https:\/\/www.elementvape.de\/wp-content\/uploads\/2024\/09\/BLUEBERRY-ICE-1-scaled.jpg\",\"width\":2560,\"height\":2249,\"caption\":\"BLUEBERRY ICE\"},{\"@type\":\"BreadcrumbList\",\"@id\":\"https:\/\/www.elementvape.de\/pt\/produkt\/fruchtige-blaubeere-trifft-auf-eisige-kuehle-die-bang-36000-puffs-einweg-e-zigarette-mit-mesh-coil-fuer-ein-unvergessliches-blueberry-ice-erlebnis\/#breadcrumb\",\"itemListElement\":[{\"@type\":\"ListItem\",\"position\":1,\"name\":\"Home\",\"item\":\"https:\/\/www.elementvape.de\/\"},{\"@type\":\"ListItem\",\"position\":2,\"name\":\"Shop\",\"item\":\"https:\/\/www.elementvape.de\/shop\/\"},{\"@type\":\"ListItem\",\"position\":3,\"name\":\"Fruchtige Blaubeere trifft auf eisige K\u00fchle Die Bang 36000 Puffs Einweg-E-Zigarette mit Mesh Coil f\u00fcr ein unvergessliches Blueberry Ice Erlebnis\"}]},{\"@type\":\"WebSite\",\"@id\":\"https:\/\/www.elementvape.de\/#website\",\"url\":\"https:\/\/www.elementvape.de\/\",\"name\":\"ElementVape.de\",\"description\":\"\",\"publisher\":{\"@id\":\"https:\/\/www.elementvape.de\/#organization\"},\"potentialAction\":[{\"@type\":\"SearchAction\",\"target\":{\"@type\":\"EntryPoint\",\"urlTemplate\":\"https:\/\/www.elementvape.de\/?s={search_term_string}\"},\"query-input\":\"required name=search_term_string\"}],\"inLanguage\":\"fi\"},{\"@type\":\"Organization\",\"@id\":\"https:\/\/www.elementvape.de\/#organization\",\"name\":\"ElementVape.DE\",\"url\":\"https:\/\/www.elementvape.de\/\",\"logo\":{\"@type\":\"ImageObject\",\"inLanguage\":\"fi\",\"@id\":\"https:\/\/www.elementvape.de\/#\/schema\/logo\/image\/\",\"url\":\"https:\/\/www.elementvape.de\/wp-content\/uploads\/2024\/09\/cropped-1elementvape-3.png\",\"contentUrl\":\"https:\/\/www.elementvape.de\/wp-content\/uploads\/2024\/09\/cropped-1elementvape-3.png\",\"width\":285,\"height\":228,\"caption\":\"ElementVape.DE\"},\"image\":{\"@id\":\"https:\/\/www.elementvape.de\/#\/schema\/logo\/image\/\"}}]}<\/script>\n<!-- \/ Yoast SEO plugin. -->","yoast_head_json":{"title":"Fruchtige Blaubeere trifft auf eisige K\u00fchle Die Bang 36000 Puffs Einweg-E-Zigarette mit Mesh Coil f\u00fcr ein unvergessliches Blueberry Ice Erlebnis | ElementVape.de","description":"Wir bieten Fruchtige Blaubeere trifft auf eisige K\u00fchle Die Bang 36000 Puffs Einweg-E-Zigarette mit Mesh Coil f\u00fcr ein unvergessliches Blueberry Ice Erlebnis , Elementvape.de akzeptieren Gro\u00df-und Einzelhandel Bestellungen.","robots":{"index":"index","follow":"follow","max-snippet":"max-snippet:-1","max-image-preview":"max-image-preview:large","max-video-preview":"max-video-preview:-1"},"canonical":"https:\/\/www.elementvape.de\/fi\/produkt\/fruchtige-blaubeere-trifft-auf-eisige-kuehle-die-bang-36000-puffs-einweg-e-zigarette-mit-mesh-coil-fuer-ein-unvergessliches-blueberry-ice-erlebnis\/","og_locale":"fi_FI","og_type":"article","og_title":"Fruchtige Blaubeere trifft auf eisige K\u00fchle Die Bang 36000 Puffs Einweg-E-Zigarette mit Mesh Coil f\u00fcr ein unvergessliches Blueberry Ice Erlebnis | ElementVape.de","og_description":"Wir bieten Fruchtige Blaubeere trifft auf eisige K\u00fchle Die Bang 36000 Puffs Einweg-E-Zigarette mit Mesh Coil f\u00fcr ein unvergessliches Blueberry Ice Erlebnis , Elementvape.de akzeptieren Gro\u00df-und Einzelhandel Bestellungen.","og_url":"https:\/\/www.elementvape.de\/fi\/produkt\/fruchtige-blaubeere-trifft-auf-eisige-kuehle-die-bang-36000-puffs-einweg-e-zigarette-mit-mesh-coil-fuer-ein-unvergessliches-blueberry-ice-erlebnis\/","og_site_name":"ElementVape.de","article_modified_time":"2024-10-09T08:19:02+00:00","og_image":[{"width":2560,"height":2249,"url":"https:\/\/www.elementvape.de\/wp-content\/uploads\/2024\/09\/BLUEBERRY-ICE-1-scaled.jpg","type":"image\/jpeg"}],"twitter_card":"summary_large_image","twitter_misc":{"Est. reading time":"3 minuuttia"},"schema":{"@context":"https:\/\/schema.org","@graph":[{"@type":"WebPage","@id":"https:\/\/www.elementvape.de\/pt\/produkt\/fruchtige-blaubeere-trifft-auf-eisige-kuehle-die-bang-36000-puffs-einweg-e-zigarette-mit-mesh-coil-fuer-ein-unvergessliches-blueberry-ice-erlebnis\/","url":"https:\/\/www.elementvape.de\/pt\/produkt\/fruchtige-blaubeere-trifft-auf-eisige-kuehle-die-bang-36000-puffs-einweg-e-zigarette-mit-mesh-coil-fuer-ein-unvergessliches-blueberry-ice-erlebnis\/","name":"Fruchtige Blaubeere trifft auf eisige K\u00fchle Die Bang 36000 Puffs Einweg-E-Zigarette mit Mesh Coil f\u00fcr ein unvergessliches Blueberry Ice Erlebnis | ElementVape.de","isPartOf":{"@id":"https:\/\/www.elementvape.de\/#website"},"primaryImageOfPage":{"@id":"https:\/\/www.elementvape.de\/pt\/produkt\/fruchtige-blaubeere-trifft-auf-eisige-kuehle-die-bang-36000-puffs-einweg-e-zigarette-mit-mesh-coil-fuer-ein-unvergessliches-blueberry-ice-erlebnis\/#primaryimage"},"image":{"@id":"https:\/\/www.elementvape.de\/pt\/produkt\/fruchtige-blaubeere-trifft-auf-eisige-kuehle-die-bang-36000-puffs-einweg-e-zigarette-mit-mesh-coil-fuer-ein-unvergessliches-blueberry-ice-erlebnis\/#primaryimage"},"thumbnailUrl":"https:\/\/www.elementvape.de\/wp-content\/uploads\/2024\/09\/BLUEBERRY-ICE-1-scaled.jpg","datePublished":"2024-09-17T07:50:05+00:00","dateModified":"2024-10-09T08:19:02+00:00","description":"Wir bieten Fruchtige Blaubeere trifft auf eisige K\u00fchle Die Bang 36000 Puffs Einweg-E-Zigarette mit Mesh Coil f\u00fcr ein unvergessliches Blueberry Ice Erlebnis , Elementvape.de akzeptieren Gro\u00df-und Einzelhandel Bestellungen.","breadcrumb":{"@id":"https:\/\/www.elementvape.de\/pt\/produkt\/fruchtige-blaubeere-trifft-auf-eisige-kuehle-die-bang-36000-puffs-einweg-e-zigarette-mit-mesh-coil-fuer-ein-unvergessliches-blueberry-ice-erlebnis\/#breadcrumb"},"inLanguage":"fi","potentialAction":[{"@type":"ReadAction","target":["https:\/\/www.elementvape.de\/pt\/produkt\/fruchtige-blaubeere-trifft-auf-eisige-kuehle-die-bang-36000-puffs-einweg-e-zigarette-mit-mesh-coil-fuer-ein-unvergessliches-blueberry-ice-erlebnis\/"]}]},{"@type":"ImageObject","inLanguage":"fi","@id":"https:\/\/www.elementvape.de\/pt\/produkt\/fruchtige-blaubeere-trifft-auf-eisige-kuehle-die-bang-36000-puffs-einweg-e-zigarette-mit-mesh-coil-fuer-ein-unvergessliches-blueberry-ice-erlebnis\/#primaryimage","url":"https:\/\/www.elementvape.de\/wp-content\/uploads\/2024\/09\/BLUEBERRY-ICE-1-scaled.jpg","contentUrl":"https:\/\/www.elementvape.de\/wp-content\/uploads\/2024\/09\/BLUEBERRY-ICE-1-scaled.jpg","width":2560,"height":2249,"caption":"BLUEBERRY ICE"},{"@type":"BreadcrumbList","@id":"https:\/\/www.elementvape.de\/pt\/produkt\/fruchtige-blaubeere-trifft-auf-eisige-kuehle-die-bang-36000-puffs-einweg-e-zigarette-mit-mesh-coil-fuer-ein-unvergessliches-blueberry-ice-erlebnis\/#breadcrumb","itemListElement":[{"@type":"ListItem","position":1,"name":"Home","item":"https:\/\/www.elementvape.de\/"},{"@type":"ListItem","position":2,"name":"Shop","item":"https:\/\/www.elementvape.de\/shop\/"},{"@type":"ListItem","position":3,"name":"Fruchtige Blaubeere trifft auf eisige K\u00fchle Die Bang 36000 Puffs Einweg-E-Zigarette mit Mesh Coil f\u00fcr ein unvergessliches Blueberry Ice Erlebnis"}]},{"@type":"WebSite","@id":"https:\/\/www.elementvape.de\/#website","url":"https:\/\/www.elementvape.de\/","name":"ElementVape.de","description":"","publisher":{"@id":"https:\/\/www.elementvape.de\/#organization"},"potentialAction":[{"@type":"SearchAction","target":{"@type":"EntryPoint","urlTemplate":"https:\/\/www.elementvape.de\/?s={search_term_string}"},"query-input":"required name=search_term_string"}],"inLanguage":"fi"},{"@type":"Organization","@id":"https:\/\/www.elementvape.de\/#organization","name":"ElementVape.DE","url":"https:\/\/www.elementvape.de\/","logo":{"@type":"ImageObject","inLanguage":"fi","@id":"https:\/\/www.elementvape.de\/#\/schema\/logo\/image\/","url":"https:\/\/www.elementvape.de\/wp-content\/uploads\/2024\/09\/cropped-1elementvape-3.png","contentUrl":"https:\/\/www.elementvape.de\/wp-content\/uploads\/2024\/09\/cropped-1elementvape-3.png","width":285,"height":228,"caption":"ElementVape.DE"},"image":{"@id":"https:\/\/www.elementvape.de\/#\/schema\/logo\/image\/"}}]}},"_links":{"self":[{"href":"https:\/\/www.elementvape.de\/fi\/wp-json\/wp\/v2\/product\/14367"}],"collection":[{"href":"https:\/\/www.elementvape.de\/fi\/wp-json\/wp\/v2\/product"}],"about":[{"href":"https:\/\/www.elementvape.de\/fi\/wp-json\/wp\/v2\/types\/product"}],"wp:featuredmedia":[{"embeddable":true,"href":"https:\/\/www.elementvape.de\/fi\/wp-json\/wp\/v2\/media\/14351"}],"wp:attachment":[{"href":"https:\/\/www.elementvape.de\/fi\/wp-json\/wp\/v2\/media?parent=14367"}],"wp:term":[{"taxonomy":"product_cat","embeddable":true,"href":"https:\/\/www.elementvape.de\/fi\/wp-json\/wp\/v2\/product_cat?post=14367"},{"taxonomy":"product_tag","embeddable":true,"href":"https:\/\/www.elementvape.de\/fi\/wp-json\/wp\/v2\/product_tag?post=14367"}],"curies":[{"name":"wp","href":"https:\/\/api.w.org\/{rel}","templated":true}]}}