{"id":14362,"date":"2024-09-17T06:26:56","date_gmt":"2024-09-17T06:26:56","guid":{"rendered":"https:\/\/www.elementvape.de\/?post_type=product&#038;p=14362"},"modified":"2024-10-09T08:13:31","modified_gmt":"2024-10-09T08:13:31","slug":"eiskalter-minzgeschmack-in-jeder-zug-die-bang-einweg-e-zigarette-mit-36000-puffs-und-mesh-coil-fuer-den-ultimativen-frischekick","status":"publish","type":"product","link":"https:\/\/www.elementvape.de\/fi\/produkt\/eiskalter-minzgeschmack-in-jeder-zug-die-bang-einweg-e-zigarette-mit-36000-puffs-und-mesh-coil-fuer-den-ultimativen-frischekick\/","title":{"rendered":"J\u00e4isen mintun maku jokaisessa vedossa Bang kertak\u00e4ytt\u00f6inen E-savuke 36000 Puffs ja Mesh Coil tarjoaa viimeisen raikkauden kokemuksen"},"content":{"rendered":"<h2>J\u00e4isen mintun maku jokaisessa vedossa Bang kertak\u00e4ytt\u00f6inen E-savuke 36000 Puffs ja Mesh Coil tarjoaa viimeisen raikkauden kokemuksen<\/h2>\n<p>Erilaisista virkist\u00e4vist\u00e4, viileist\u00e4 makuel\u00e4myksist\u00e4 pit\u00e4ville Bang kertak\u00e4ytt\u00f6inen E-savuke, jossa on 36000 puffs ja makuvaihtoehto J\u00e4\u00e4kylm\u00e4 Minttu, on ihanteellinen valinta. T\u00e4m\u00e4 <strong><a href=\"https:\/\/www.elementvape.de\/fi\/\" target=\"_blank\" rel=\"noopener\">S\u00e4hk\u00f6tupakka<\/a><\/strong> yhdist\u00e4\u00e4 huipputeknologian intensiivisen virkist\u00e4v\u00e4\u00e4n makuel\u00e4mykseen, joka jokaisella vedolla j\u00e4tt\u00e4\u00e4 miellytt\u00e4v\u00e4n viile\u00e4n tunteen. Olipa kyseess\u00e4 kuumat kes\u00e4p\u00e4iv\u00e4t tai yksinkertaisesti aistien virvoittaminen \u2013 mintun maku tarjoaa pysyv\u00e4n raikkauden, joka vakuuttaa jokaisen h\u00f6yrystelij\u00e4n.<\/p>\n<h3>J\u00e4\u00e4kylm\u00e4 Minttu, puhdasta raikkautta jokaisella vedolla<\/h3>\n<p>T\u00e4m\u00e4n E-savukkeen p\u00e4\u00e4paino on kirkkaassa, j\u00e4isess\u00e4 mintun maussa, joka tarjoaa intensiivisen, viile\u00e4n raikkauden. Minttu on ollut suosittu maku h\u00f6yrystelyn maailmassa kautta aikojen, koska se virkist\u00e4\u00e4 aisteja ja raikastaa hengityst\u00e4. Bangin J\u00e4\u00e4kylm\u00e4 Minttu -kertak\u00e4ytt\u00f6inen E-savuke on t\u00e4ydellisesti tasapainotettu, jotta se:<\/p>\n<ul>\n<li>Raikastaa ja viilent\u00e4\u00e4: Jokainen veto tarjoaa lempe\u00e4n, mutta tehokkaan kylmyyden, joka kest\u00e4\u00e4 pitk\u00e4\u00e4n.<\/li>\n<li>Pit\u00e4\u00e4 maun kirkkaana ja puhtaana: Ilman, ett\u00e4 se olisi yliampuva, minttu varmistaa miellytt\u00e4v\u00e4n viile\u00e4n j\u00e4lkimaun, joka hell\u00e4sti ymp\u00e4r\u00f6i makunystyr\u00f6it\u00e4.<\/li>\n<li>T\u00e4ydellinen p\u00e4ivitt\u00e4iseen k\u00e4ytt\u00f6\u00f6n: Ei v\u00e4li\u00e4, onko kyseess\u00e4 aamu, p\u00e4iv\u00e4 tai ilta \u2013 mintun maku pysyy raikkaana ja miellytt\u00e4v\u00e4n\u00e4.<\/li>\n<\/ul>\n<h3>36000 puffs eritt\u00e4in pitk\u00e4kestoiseen k\u00e4ytt\u00f6\u00f6n<\/h3>\n<p>Bang 36 000 puffs -kertak\u00e4ytt\u00f6inen E-savuke on suunniteltu tarjoamaan erityisen pitk\u00e4 k\u00e4ytt\u00f6ik\u00e4. Kapasiteetin ollessa jopa 36 000 vetoa, t\u00e4m\u00e4 E-savuke kest\u00e4\u00e4 eritt\u00e4in pitk\u00e4\u00e4n ja varmistaa, ett\u00e4 mintun raikkaus voi nauttia viikkojen ajan ilman t\u00e4ytt\u00f6\u00e4 tai latausta. T\u00e4m\u00e4 tekee siit\u00e4 ihanteellisen matkalle tai kaikille, jotka etsiv\u00e4t pysyv\u00e4\u00e4 ratkaisua ilman jatkuvaa huoltoa.<\/p>\n<h3>Mesh-kela, intensiivisempi maku ja maksimaalinen raikkaus<\/h3>\n<p>Mik\u00e4 tekee t\u00e4st\u00e4 E-savukkeesta erityisen, on innovatiivinen Mesh-kela-teknologia. Mesh-kelat tarjoavat suuremman l\u00e4mmitysalueen kuin perinteiset kelat, mik\u00e4 johtaa intensiivisemp\u00e4\u00e4n makuun ja tasaisempaan h\u00f6yryn tuotantoon. T\u00e4m\u00e4 tarkoittaa:<\/p>\n<ul>\n<li>Nopeampi l\u00e4mmitys: Mesh-kela mahdollistaa E-liquidin nopean ja tehokkaan l\u00e4mmitt\u00e4misen, jolloin voit nauttia intensiivisest\u00e4 mintun mausta heti aktivoinnin j\u00e4lkeen.<\/li>\n<li>Tasainen h\u00f6yry: L\u00e4mm\u00f6n tasainen jakautuminen varmistaa, ett\u00e4 jokainen veto on johdonmukainen ilman, ett\u00e4 maku tai raikkaus k\u00e4rsii.<\/li>\n<li>Enemm\u00e4n h\u00f6yry\u00e4: Intensiivisen makunautinnon lis\u00e4ksi Mesh-kela tuottaa tiheit\u00e4 h\u00f6yrypilvi\u00e4, jotka vahvistavat h\u00f6yrystelykokemusta.<\/li>\n<\/ul>\n<p>Impressiona huomioiden kapasiteetistaan ja miellytt\u00e4v\u00e4st\u00e4 maustaan, Bang 36 000 puffs -kertak\u00e4ytt\u00f6inen E-savuke on varustettu my\u00f6s Type-C-latausliit\u00e4nn\u00e4ll\u00e4. T\u00e4m\u00e4 varmistaa, ett\u00e4 laite voidaan ladata nopeasti ja k\u00e4tev\u00e4sti aina tarvittaessa. Uudelleenladattava akku mahdollistaa t\u00e4yden E-liquidi-kapasiteetin hy\u00f6dynt\u00e4misen ilman huolta akun nopeasta tyhjenemisest\u00e4.<\/p>\n<p>Bang <strong><a href=\"https:\/\/www.elementvape.de\/fi\/c\/einweg-zigarette\/\" target=\"_blank\" rel=\"noopener\">kertak\u00e4ytt\u00f6inen s\u00e4hk\u00f6tupakka<\/a><\/strong> j\u00e4\u00e4kylm\u00e4ll\u00e4 mintulla tarjoaa t\u00e4ydellisen yhdistelm\u00e4n intensiivisest\u00e4 mintun mausta, pitk\u00e4kestoisesta suorituskyvyst\u00e4 ja modernista teknologiasta. Mesh-kela-teknologian ansiosta voit kokea t\u00e4ytel\u00e4isen, j\u00e4isen kylm\u00e4n mintun maun jokaisella vedolla, jota seuraavat tihe\u00e4t h\u00f6yrypilvet ja pitk\u00e4kestoinen raikkaus. Huikea 36 000 vetoa -kapasiteetti takaa, ett\u00e4 t\u00e4m\u00e4 laite kest\u00e4\u00e4 eritt\u00e4in pitk\u00e4\u00e4n, ja Type-C-latausliit\u00e4nt\u00e4 tekee lataamisesta helppoa. Jos etsit E-savuketta, joka tarjoaa maksimaalisen virkistyksen ja k\u00e4ytt\u00e4j\u00e4yst\u00e4v\u00e4llisyyden, t\u00e4m\u00e4 on t\u00e4ydellinen valinta sinulle.<\/p>","protected":false},"excerpt":{"rendered":"<p>Eiskalter Minzgeschmack in jeder Zug Die Bang Einweg-E-Zigarette mit 36000 Puffs und Mesh Coil f\u00fcr den ultimativen Frischekick F\u00fcr Liebhaber von erfrischenden, k\u00fchlen Aromen ist die Bang Einweg-E-Zigarette mit 36000 Puffs in der Geschmacksrichtung Eiskalte Minze die ideale Wahl. Diese E-Zigarette kombiniert modernste Technologie mit einem intensiv erfrischenden Geschmackserlebnis, das bei jedem Zug einen angenehmen [&hellip;]<\/p>","protected":false},"featured_media":14356,"template":"","meta":{"inline_featured_image":false},"product_cat":[15,760,78,750,737,736,749,752,756],"product_tag":[710,761],"tiered_pricing_type":"fixed","tiered_pricing_fixed_rules":{"60":"9.4","110":"8.35","200":"7.31"},"tiered_pricing_percentage_rules":[],"tiered_pricing_minimum":1,"_administrator_tiered_pricing_type":"fixed","_administrator_tiered_pricing_fixed_rules":[],"_editor_tiered_pricing_type":"fixed","_editor_tiered_pricing_fixed_rules":[],"_author_tiered_pricing_type":"fixed","_author_tiered_pricing_fixed_rules":[],"_contributor_tiered_pricing_type":"fixed","_contributor_tiered_pricing_fixed_rules":[],"_subscriber_tiered_pricing_type":"fixed","_subscriber_tiered_pricing_fixed_rules":[],"_customer_tiered_pricing_type":"fixed","_customer_tiered_pricing_fixed_rules":[],"_shop_manager_tiered_pricing_type":"fixed","_shop_manager_tiered_pricing_fixed_rules":[],"_wpseo_manager_tiered_pricing_type":"fixed","_wpseo_manager_tiered_pricing_fixed_rules":[],"_wpseo_editor_tiered_pricing_type":"fixed","_wpseo_editor_tiered_pricing_fixed_rules":[],"_wholesale_customer_tiered_pricing_type":"fixed","_wholesale_customer_tiered_pricing_fixed_rules":[],"_marketer_tiered_pricing_type":"fixed","_marketer_tiered_pricing_fixed_rules":[],"_sales_manager_tiered_pricing_type":"fixed","_sales_manager_tiered_pricing_fixed_rules":[],"_sales_rep_tiered_pricing_type":"fixed","_sales_rep_tiered_pricing_fixed_rules":[],"yoast_head":"<!-- This site is optimized with the Yoast SEO plugin v23.3 - https:\/\/yoast.com\/wordpress\/plugins\/seo\/ -->\n<title>Eiskalter Minzgeschmack in jeder Zug Die Bang Einweg-E-Zigarette mit 36000 Puffs und Mesh Coil f\u00fcr den ultimativen Frischekick | ElementVape.de<\/title>\n<meta name=\"description\" content=\"Wir bieten Eiskalter Minzgeschmack in jeder Zug Die Bang Einweg-E-Zigarette mit 36000 Puffs und Mesh Coil f\u00fcr den ultimativen Frischekick , Elementvape.de akzeptieren Gro\u00df-und Einzelhandel Bestellungen.\" \/>\n<meta name=\"robots\" content=\"index, follow, max-snippet:-1, max-image-preview:large, max-video-preview:-1\" \/>\n<link rel=\"canonical\" href=\"https:\/\/www.elementvape.de\/fi\/produkt\/eiskalter-minzgeschmack-in-jeder-zug-die-bang-einweg-e-zigarette-mit-36000-puffs-und-mesh-coil-fuer-den-ultimativen-frischekick\/\" \/>\n<meta property=\"og:locale\" content=\"fi_FI\" \/>\n<meta property=\"og:type\" content=\"article\" \/>\n<meta property=\"og:title\" content=\"Eiskalter Minzgeschmack in jeder Zug Die Bang Einweg-E-Zigarette mit 36000 Puffs und Mesh Coil f\u00fcr den ultimativen Frischekick | ElementVape.de\" \/>\n<meta property=\"og:description\" content=\"Wir bieten Eiskalter Minzgeschmack in jeder Zug Die Bang Einweg-E-Zigarette mit 36000 Puffs und Mesh Coil f\u00fcr den ultimativen Frischekick , Elementvape.de akzeptieren Gro\u00df-und Einzelhandel Bestellungen.\" \/>\n<meta property=\"og:url\" content=\"https:\/\/www.elementvape.de\/fi\/produkt\/eiskalter-minzgeschmack-in-jeder-zug-die-bang-einweg-e-zigarette-mit-36000-puffs-und-mesh-coil-fuer-den-ultimativen-frischekick\/\" \/>\n<meta property=\"og:site_name\" content=\"ElementVape.de\" \/>\n<meta property=\"article:modified_time\" content=\"2024-10-09T08:13:31+00:00\" \/>\n<meta property=\"og:image\" content=\"https:\/\/www.elementvape.de\/wp-content\/uploads\/2024\/09\/MINT-ICE-1-scaled.jpg\" \/>\n\t<meta property=\"og:image:width\" content=\"2560\" \/>\n\t<meta property=\"og:image:height\" content=\"2249\" \/>\n\t<meta property=\"og:image:type\" content=\"image\/jpeg\" \/>\n<meta name=\"twitter:card\" content=\"summary_large_image\" \/>\n<meta name=\"twitter:label1\" content=\"Est. reading time\" \/>\n\t<meta name=\"twitter:data1\" content=\"4 minuuttia\" \/>\n<script type=\"application\/ld+json\" class=\"yoast-schema-graph\">{\"@context\":\"https:\/\/schema.org\",\"@graph\":[{\"@type\":\"WebPage\",\"@id\":\"https:\/\/www.elementvape.de\/pl\/produkt\/eiskalter-minzgeschmack-in-jeder-zug-die-bang-einweg-e-zigarette-mit-36000-puffs-und-mesh-coil-fuer-den-ultimativen-frischekick\/\",\"url\":\"https:\/\/www.elementvape.de\/pl\/produkt\/eiskalter-minzgeschmack-in-jeder-zug-die-bang-einweg-e-zigarette-mit-36000-puffs-und-mesh-coil-fuer-den-ultimativen-frischekick\/\",\"name\":\"Eiskalter Minzgeschmack in jeder Zug Die Bang Einweg-E-Zigarette mit 36000 Puffs und Mesh Coil f\u00fcr den ultimativen Frischekick | ElementVape.de\",\"isPartOf\":{\"@id\":\"https:\/\/www.elementvape.de\/#website\"},\"primaryImageOfPage\":{\"@id\":\"https:\/\/www.elementvape.de\/pl\/produkt\/eiskalter-minzgeschmack-in-jeder-zug-die-bang-einweg-e-zigarette-mit-36000-puffs-und-mesh-coil-fuer-den-ultimativen-frischekick\/#primaryimage\"},\"image\":{\"@id\":\"https:\/\/www.elementvape.de\/pl\/produkt\/eiskalter-minzgeschmack-in-jeder-zug-die-bang-einweg-e-zigarette-mit-36000-puffs-und-mesh-coil-fuer-den-ultimativen-frischekick\/#primaryimage\"},\"thumbnailUrl\":\"https:\/\/www.elementvape.de\/wp-content\/uploads\/2024\/09\/MINT-ICE-1-scaled.jpg\",\"datePublished\":\"2024-09-17T06:26:56+00:00\",\"dateModified\":\"2024-10-09T08:13:31+00:00\",\"description\":\"Wir bieten Eiskalter Minzgeschmack in jeder Zug Die Bang Einweg-E-Zigarette mit 36000 Puffs und Mesh Coil f\u00fcr den ultimativen Frischekick , Elementvape.de akzeptieren Gro\u00df-und Einzelhandel Bestellungen.\",\"breadcrumb\":{\"@id\":\"https:\/\/www.elementvape.de\/pl\/produkt\/eiskalter-minzgeschmack-in-jeder-zug-die-bang-einweg-e-zigarette-mit-36000-puffs-und-mesh-coil-fuer-den-ultimativen-frischekick\/#breadcrumb\"},\"inLanguage\":\"fi\",\"potentialAction\":[{\"@type\":\"ReadAction\",\"target\":[\"https:\/\/www.elementvape.de\/pl\/produkt\/eiskalter-minzgeschmack-in-jeder-zug-die-bang-einweg-e-zigarette-mit-36000-puffs-und-mesh-coil-fuer-den-ultimativen-frischekick\/\"]}]},{\"@type\":\"ImageObject\",\"inLanguage\":\"fi\",\"@id\":\"https:\/\/www.elementvape.de\/pl\/produkt\/eiskalter-minzgeschmack-in-jeder-zug-die-bang-einweg-e-zigarette-mit-36000-puffs-und-mesh-coil-fuer-den-ultimativen-frischekick\/#primaryimage\",\"url\":\"https:\/\/www.elementvape.de\/wp-content\/uploads\/2024\/09\/MINT-ICE-1-scaled.jpg\",\"contentUrl\":\"https:\/\/www.elementvape.de\/wp-content\/uploads\/2024\/09\/MINT-ICE-1-scaled.jpg\",\"width\":2560,\"height\":2249,\"caption\":\"MINT ICE\"},{\"@type\":\"BreadcrumbList\",\"@id\":\"https:\/\/www.elementvape.de\/pl\/produkt\/eiskalter-minzgeschmack-in-jeder-zug-die-bang-einweg-e-zigarette-mit-36000-puffs-und-mesh-coil-fuer-den-ultimativen-frischekick\/#breadcrumb\",\"itemListElement\":[{\"@type\":\"ListItem\",\"position\":1,\"name\":\"Home\",\"item\":\"https:\/\/www.elementvape.de\/\"},{\"@type\":\"ListItem\",\"position\":2,\"name\":\"Shop\",\"item\":\"https:\/\/www.elementvape.de\/shop\/\"},{\"@type\":\"ListItem\",\"position\":3,\"name\":\"Eiskalter Minzgeschmack in jeder Zug Die Bang Einweg-E-Zigarette mit 36000 Puffs und Mesh Coil f\u00fcr den ultimativen Frischekick\"}]},{\"@type\":\"WebSite\",\"@id\":\"https:\/\/www.elementvape.de\/#website\",\"url\":\"https:\/\/www.elementvape.de\/\",\"name\":\"ElementVape.de\",\"description\":\"\",\"publisher\":{\"@id\":\"https:\/\/www.elementvape.de\/#organization\"},\"potentialAction\":[{\"@type\":\"SearchAction\",\"target\":{\"@type\":\"EntryPoint\",\"urlTemplate\":\"https:\/\/www.elementvape.de\/?s={search_term_string}\"},\"query-input\":\"required name=search_term_string\"}],\"inLanguage\":\"fi\"},{\"@type\":\"Organization\",\"@id\":\"https:\/\/www.elementvape.de\/#organization\",\"name\":\"ElementVape.DE\",\"url\":\"https:\/\/www.elementvape.de\/\",\"logo\":{\"@type\":\"ImageObject\",\"inLanguage\":\"fi\",\"@id\":\"https:\/\/www.elementvape.de\/#\/schema\/logo\/image\/\",\"url\":\"https:\/\/www.elementvape.de\/wp-content\/uploads\/2024\/09\/cropped-1elementvape-3.png\",\"contentUrl\":\"https:\/\/www.elementvape.de\/wp-content\/uploads\/2024\/09\/cropped-1elementvape-3.png\",\"width\":285,\"height\":228,\"caption\":\"ElementVape.DE\"},\"image\":{\"@id\":\"https:\/\/www.elementvape.de\/#\/schema\/logo\/image\/\"}}]}<\/script>\n<!-- \/ Yoast SEO plugin. -->","yoast_head_json":{"title":"Eiskalter Minzgeschmack in jeder Zug Die Bang Einweg-E-Zigarette mit 36000 Puffs und Mesh Coil f\u00fcr den ultimativen Frischekick | ElementVape.de","description":"Wir bieten Eiskalter Minzgeschmack in jeder Zug Die Bang Einweg-E-Zigarette mit 36000 Puffs und Mesh Coil f\u00fcr den ultimativen Frischekick , Elementvape.de akzeptieren Gro\u00df-und Einzelhandel Bestellungen.","robots":{"index":"index","follow":"follow","max-snippet":"max-snippet:-1","max-image-preview":"max-image-preview:large","max-video-preview":"max-video-preview:-1"},"canonical":"https:\/\/www.elementvape.de\/fi\/produkt\/eiskalter-minzgeschmack-in-jeder-zug-die-bang-einweg-e-zigarette-mit-36000-puffs-und-mesh-coil-fuer-den-ultimativen-frischekick\/","og_locale":"fi_FI","og_type":"article","og_title":"Eiskalter Minzgeschmack in jeder Zug Die Bang Einweg-E-Zigarette mit 36000 Puffs und Mesh Coil f\u00fcr den ultimativen Frischekick | ElementVape.de","og_description":"Wir bieten Eiskalter Minzgeschmack in jeder Zug Die Bang Einweg-E-Zigarette mit 36000 Puffs und Mesh Coil f\u00fcr den ultimativen Frischekick , Elementvape.de akzeptieren Gro\u00df-und Einzelhandel Bestellungen.","og_url":"https:\/\/www.elementvape.de\/fi\/produkt\/eiskalter-minzgeschmack-in-jeder-zug-die-bang-einweg-e-zigarette-mit-36000-puffs-und-mesh-coil-fuer-den-ultimativen-frischekick\/","og_site_name":"ElementVape.de","article_modified_time":"2024-10-09T08:13:31+00:00","og_image":[{"width":2560,"height":2249,"url":"https:\/\/www.elementvape.de\/wp-content\/uploads\/2024\/09\/MINT-ICE-1-scaled.jpg","type":"image\/jpeg"}],"twitter_card":"summary_large_image","twitter_misc":{"Est. reading time":"4 minuuttia"},"schema":{"@context":"https:\/\/schema.org","@graph":[{"@type":"WebPage","@id":"https:\/\/www.elementvape.de\/pl\/produkt\/eiskalter-minzgeschmack-in-jeder-zug-die-bang-einweg-e-zigarette-mit-36000-puffs-und-mesh-coil-fuer-den-ultimativen-frischekick\/","url":"https:\/\/www.elementvape.de\/pl\/produkt\/eiskalter-minzgeschmack-in-jeder-zug-die-bang-einweg-e-zigarette-mit-36000-puffs-und-mesh-coil-fuer-den-ultimativen-frischekick\/","name":"Eiskalter Minzgeschmack in jeder Zug Die Bang Einweg-E-Zigarette mit 36000 Puffs und Mesh Coil f\u00fcr den ultimativen Frischekick | ElementVape.de","isPartOf":{"@id":"https:\/\/www.elementvape.de\/#website"},"primaryImageOfPage":{"@id":"https:\/\/www.elementvape.de\/pl\/produkt\/eiskalter-minzgeschmack-in-jeder-zug-die-bang-einweg-e-zigarette-mit-36000-puffs-und-mesh-coil-fuer-den-ultimativen-frischekick\/#primaryimage"},"image":{"@id":"https:\/\/www.elementvape.de\/pl\/produkt\/eiskalter-minzgeschmack-in-jeder-zug-die-bang-einweg-e-zigarette-mit-36000-puffs-und-mesh-coil-fuer-den-ultimativen-frischekick\/#primaryimage"},"thumbnailUrl":"https:\/\/www.elementvape.de\/wp-content\/uploads\/2024\/09\/MINT-ICE-1-scaled.jpg","datePublished":"2024-09-17T06:26:56+00:00","dateModified":"2024-10-09T08:13:31+00:00","description":"Wir bieten Eiskalter Minzgeschmack in jeder Zug Die Bang Einweg-E-Zigarette mit 36000 Puffs und Mesh Coil f\u00fcr den ultimativen Frischekick , Elementvape.de akzeptieren Gro\u00df-und Einzelhandel Bestellungen.","breadcrumb":{"@id":"https:\/\/www.elementvape.de\/pl\/produkt\/eiskalter-minzgeschmack-in-jeder-zug-die-bang-einweg-e-zigarette-mit-36000-puffs-und-mesh-coil-fuer-den-ultimativen-frischekick\/#breadcrumb"},"inLanguage":"fi","potentialAction":[{"@type":"ReadAction","target":["https:\/\/www.elementvape.de\/pl\/produkt\/eiskalter-minzgeschmack-in-jeder-zug-die-bang-einweg-e-zigarette-mit-36000-puffs-und-mesh-coil-fuer-den-ultimativen-frischekick\/"]}]},{"@type":"ImageObject","inLanguage":"fi","@id":"https:\/\/www.elementvape.de\/pl\/produkt\/eiskalter-minzgeschmack-in-jeder-zug-die-bang-einweg-e-zigarette-mit-36000-puffs-und-mesh-coil-fuer-den-ultimativen-frischekick\/#primaryimage","url":"https:\/\/www.elementvape.de\/wp-content\/uploads\/2024\/09\/MINT-ICE-1-scaled.jpg","contentUrl":"https:\/\/www.elementvape.de\/wp-content\/uploads\/2024\/09\/MINT-ICE-1-scaled.jpg","width":2560,"height":2249,"caption":"MINT ICE"},{"@type":"BreadcrumbList","@id":"https:\/\/www.elementvape.de\/pl\/produkt\/eiskalter-minzgeschmack-in-jeder-zug-die-bang-einweg-e-zigarette-mit-36000-puffs-und-mesh-coil-fuer-den-ultimativen-frischekick\/#breadcrumb","itemListElement":[{"@type":"ListItem","position":1,"name":"Home","item":"https:\/\/www.elementvape.de\/"},{"@type":"ListItem","position":2,"name":"Shop","item":"https:\/\/www.elementvape.de\/shop\/"},{"@type":"ListItem","position":3,"name":"Eiskalter Minzgeschmack in jeder Zug Die Bang Einweg-E-Zigarette mit 36000 Puffs und Mesh Coil f\u00fcr den ultimativen Frischekick"}]},{"@type":"WebSite","@id":"https:\/\/www.elementvape.de\/#website","url":"https:\/\/www.elementvape.de\/","name":"ElementVape.de","description":"","publisher":{"@id":"https:\/\/www.elementvape.de\/#organization"},"potentialAction":[{"@type":"SearchAction","target":{"@type":"EntryPoint","urlTemplate":"https:\/\/www.elementvape.de\/?s={search_term_string}"},"query-input":"required name=search_term_string"}],"inLanguage":"fi"},{"@type":"Organization","@id":"https:\/\/www.elementvape.de\/#organization","name":"ElementVape.DE","url":"https:\/\/www.elementvape.de\/","logo":{"@type":"ImageObject","inLanguage":"fi","@id":"https:\/\/www.elementvape.de\/#\/schema\/logo\/image\/","url":"https:\/\/www.elementvape.de\/wp-content\/uploads\/2024\/09\/cropped-1elementvape-3.png","contentUrl":"https:\/\/www.elementvape.de\/wp-content\/uploads\/2024\/09\/cropped-1elementvape-3.png","width":285,"height":228,"caption":"ElementVape.DE"},"image":{"@id":"https:\/\/www.elementvape.de\/#\/schema\/logo\/image\/"}}]}},"_links":{"self":[{"href":"https:\/\/www.elementvape.de\/fi\/wp-json\/wp\/v2\/product\/14362"}],"collection":[{"href":"https:\/\/www.elementvape.de\/fi\/wp-json\/wp\/v2\/product"}],"about":[{"href":"https:\/\/www.elementvape.de\/fi\/wp-json\/wp\/v2\/types\/product"}],"wp:featuredmedia":[{"embeddable":true,"href":"https:\/\/www.elementvape.de\/fi\/wp-json\/wp\/v2\/media\/14356"}],"wp:attachment":[{"href":"https:\/\/www.elementvape.de\/fi\/wp-json\/wp\/v2\/media?parent=14362"}],"wp:term":[{"taxonomy":"product_cat","embeddable":true,"href":"https:\/\/www.elementvape.de\/fi\/wp-json\/wp\/v2\/product_cat?post=14362"},{"taxonomy":"product_tag","embeddable":true,"href":"https:\/\/www.elementvape.de\/fi\/wp-json\/wp\/v2\/product_tag?post=14362"}],"curies":[{"name":"wp","href":"https:\/\/api.w.org\/{rel}","templated":true}]}}