{"id":14349,"date":"2024-09-17T05:50:28","date_gmt":"2024-09-17T05:50:28","guid":{"rendered":"https:\/\/www.elementvape.de\/?post_type=product&#038;p=14349"},"modified":"2024-10-09T08:15:45","modified_gmt":"2024-10-09T08:15:45","slug":"erleben-sie-den-tropischen-genuss-von-pfirsich-mango-und-wassermelone-mit-der-bang-36-000-puffs-einweg-e-zigarette-und-mesh-coil","status":"publish","type":"product","link":"https:\/\/www.elementvape.de\/fi\/produkt\/erleben-sie-den-tropischen-genuss-von-pfirsich-mango-und-wassermelone-mit-der-bang-36-000-puffs-einweg-e-zigarette-und-mesh-coil\/","title":{"rendered":"Koe trooppinen nautinto persikka-mango ja vesimeloni Bang 36 000 Puffs kertak\u00e4ytt\u00f6isess\u00e4 s\u00e4hk\u00f6tupakassa ja Mesh-kierukassa"},"content":{"rendered":"<h2>Koe trooppinen nautinto persikka mango ja vesimeloni Bang 36000 Puffs kertak\u00e4ytt\u00f6inen s\u00e4hk\u00f6tupakka ja mesh-kela<\/h2>\n<p>Dynaamisessa s\u00e4hk\u00f6tupakkamaailmassa eksoottiset maut ja edistykselliset teknologiat ovat ratkaisevia tarjotakseen intensiivisen ja miellytt\u00e4v\u00e4n h\u00f6yrystyskokemuksen. Bang 36000 Puffs kertak\u00e4ytt\u00f6isell\u00e4 s\u00e4hk\u00f6tupakalla, joka on varustettu mesh-kelalla, h\u00f6yrystys vie uudelle tasolle. Trooppiset persikka mango ja vesimeloni maut viev\u00e4t makunystyr\u00e4si paratiisiin ja tarjoavat pitk\u00e4kestoist\u00e4 nautintoa \u2013 vedosta vedon.<\/p>\n<h3>Trooppinen makujen r\u00e4j\u00e4hdys: persikka mango ja vesimeloni<\/h3>\n<p>T\u00e4m\u00e4n tuotteen ydin on ep\u00e4ilem\u00e4tt\u00e4 maku. Bang 36000 Puffs <strong><a href=\"https:\/\/www.elementvape.de\/fi\/c\/einweg-zigarette\/\" target=\"_blank\" rel=\"noopener\">kertak\u00e4ytt\u00f6inen s\u00e4hk\u00f6tupakka<\/a><\/strong> yhdist\u00e4\u00e4 mehukkaat maut kyps\u00e4st\u00e4 mangosta ja persikasta raikkaan vesimelonin makeuden kanssa. T\u00e4m\u00e4 trooppisten hedelmien kolmikko ei ole vain virkist\u00e4v\u00e4, vaan my\u00f6s t\u00e4ydellisesti tasapainotettu tarjotakseen jokaisessa vedossa vertaansa vailla olevan tuoreuden.<\/p>\n<ul>\n<li>Persikka Mango: Makea, hieman karvas persikka sulautuu harmonisesti trooppisen mangon makeuden kanssa ja luo t\u00e4ytel\u00e4isen, hedelm\u00e4isen maun.<\/li>\n<li>Vesimeloni: Vesimeloni lis\u00e4\u00e4 pirte\u00e4n, virkist\u00e4v\u00e4n s\u00e4vyn, joka viimeistelee makuel\u00e4myksen ja on erityisen suosittu kes\u00e4ll\u00e4.<\/li>\n<\/ul>\n<h3>36 000 puffs \u2013 Maksimaalinen kesto jatkuvaan nautintoon<\/h3>\n<p>Yksi Bang 36000:n suurimmista vahvuuksista on sen valtava kapasiteetti, jopa 36 000 vedon. T\u00e4m\u00e4 kesto tarkoittaa, ett\u00e4 voit nauttia siit\u00e4 viikkojen ajan ilman huolta siit\u00e4, ett\u00e4 laitteesi tyhjenee ennenaikaisesti. Olitpa sitten ahkera h\u00f6yrystelij\u00e4 tai k\u00e4yt\u00e4t laitetta vain satunnaisesti \u2013 Bang 36000 tarjoaa poikkeuksellisen suorituskyvyn, joka riitt\u00e4\u00e4 moniin h\u00f6yrystyshetkiin.<\/p>\n<h3>Mesh Coil \u2013 Intensiivinen maku ja tihe\u00e4t h\u00f6yrypilvet<\/h3>\n<p>Mesh-kelan k\u00e4ytt\u00f6 on toinen t\u00e4m\u00e4n kertak\u00e4ytt\u00f6isen s\u00e4hk\u00f6tupakan kohokohdista. Mesh-kelat tunnetaan siit\u00e4, ett\u00e4 ne l\u00e4mmitt\u00e4v\u00e4t h\u00f6yry\u00e4 tehokkaasti ja tasaisesti, mik\u00e4 johtaa intensiivisemp\u00e4\u00e4n makuun ja suurempiin h\u00f6yrypilviin. Bang 36000:n kanssa hy\u00f6dyt:<\/p>\n<ul>\n<li>Nopeammasta l\u00e4mmityksest\u00e4: Mesh-kela-teknologia varmistaa nopeamman ja tasaisemman l\u00e4mm\u00f6n jakautumisen.<\/li>\n<li>Parannetusta makunautinnosta: Maut pysyv\u00e4t aidoina ja t\u00e4ytel\u00e4isin\u00e4 \u2013 ensimm\u00e4isest\u00e4 viimeiseen puffsiin.<\/li>\n<li>Suuremmista h\u00f6yrypilvist\u00e4: Parannetun l\u00e4mmitysalueen ansiosta syntyy tiheit\u00e4, volyymiltaan runsaita h\u00f6yrypilvi\u00e4, jotka tekev\u00e4t h\u00f6yrystyskokemuksesta viel\u00e4 intensiivisemm\u00e4n.<\/li>\n<\/ul>\n<h3>Trooppinen eksoottisuus kohtaa edistyksellisen teknologian<\/h3>\n<p>Bang 36000 Puffs kertak\u00e4ytt\u00f6inen s\u00e4hk\u00f6tupakka persikka mango ja vesimeloni mauilla on enemm\u00e4n kuin vain s\u00e4hk\u00f6tupakka \u2013 se on kutsu trooppisiin makumaailmoihin, yhdistettyn\u00e4 viimeisimp\u00e4\u00e4n teknologiaan intensiivisen ja pitk\u00e4kestoisen h\u00f6yrystyskokemuksen saavuttamiseksi. Olitpa aloittelija tai kokenut <strong><a href=\"https:\/\/www.elementvape.de\/fi\/\" target=\"_blank\" rel=\"noopener\">Harrastajille<\/a><\/strong> \u2013 t\u00e4m\u00e4n laitteen avulla saat t\u00e4ydellisen yhdistelm\u00e4n suorituskyky\u00e4, makua ja k\u00e4ytt\u00e4j\u00e4yst\u00e4v\u00e4llisyytt\u00e4.<\/p>","protected":false},"excerpt":{"rendered":"<p>Erleben Sie den tropischen Genuss von Pfirsich Mango und Wassermelone mit der Bang 36000 Puffs Einweg-E-Zigarette und Mesh Coil In der dynamischen Welt der E-Zigarett en sind exotische Aromen und fortschrittliche Technologien entscheidend, um ein intensives und angenehmes Dampferlebnis zu bieten. Mit der Bang 36000 Puffs Einweg-E-Zigarette, die mit einer Mesh Coil ausgestattet ist, wird [&hellip;]<\/p>","protected":false},"featured_media":14350,"template":"","meta":{"inline_featured_image":false},"product_cat":[15,760,78,750,737,736,749,752,756],"product_tag":[710,761],"tiered_pricing_type":"fixed","tiered_pricing_fixed_rules":{"60":"9.4","110":"8.35","200":"7.31"},"tiered_pricing_percentage_rules":[],"tiered_pricing_minimum":1,"_administrator_tiered_pricing_type":"fixed","_administrator_tiered_pricing_fixed_rules":[],"_editor_tiered_pricing_type":"fixed","_editor_tiered_pricing_fixed_rules":[],"_author_tiered_pricing_type":"fixed","_author_tiered_pricing_fixed_rules":[],"_contributor_tiered_pricing_type":"fixed","_contributor_tiered_pricing_fixed_rules":[],"_subscriber_tiered_pricing_type":"fixed","_subscriber_tiered_pricing_fixed_rules":[],"_customer_tiered_pricing_type":"fixed","_customer_tiered_pricing_fixed_rules":[],"_shop_manager_tiered_pricing_type":"fixed","_shop_manager_tiered_pricing_fixed_rules":[],"_wpseo_manager_tiered_pricing_type":"fixed","_wpseo_manager_tiered_pricing_fixed_rules":[],"_wpseo_editor_tiered_pricing_type":"fixed","_wpseo_editor_tiered_pricing_fixed_rules":[],"_wholesale_customer_tiered_pricing_type":"fixed","_wholesale_customer_tiered_pricing_fixed_rules":[],"_marketer_tiered_pricing_type":"fixed","_marketer_tiered_pricing_fixed_rules":[],"_sales_manager_tiered_pricing_type":"fixed","_sales_manager_tiered_pricing_fixed_rules":[],"_sales_rep_tiered_pricing_type":"fixed","_sales_rep_tiered_pricing_fixed_rules":[],"yoast_head":"<!-- This site is optimized with the Yoast SEO plugin v23.3 - https:\/\/yoast.com\/wordpress\/plugins\/seo\/ -->\n<title>Erleben Sie den tropischen Genuss von Pfirsich Mango und Wassermelone mit der Bang 36.000 Puffs Einweg-E-Zigarette und Mesh Coil | ElementVape.de<\/title>\n<meta name=\"description\" content=\"Wir bieten Erleben Sie den tropischen Genuss von Pfirsich Mango und Wassermelone mit der Bang 36.000 Puffs Einweg-E-Zigarette und Mesh Coil , Elementvape.de akzeptieren Gro\u00df-und Einzelhandel Bestellungen.\" \/>\n<meta name=\"robots\" content=\"index, follow, max-snippet:-1, max-image-preview:large, max-video-preview:-1\" \/>\n<link rel=\"canonical\" href=\"https:\/\/www.elementvape.de\/fi\/produkt\/erleben-sie-den-tropischen-genuss-von-pfirsich-mango-und-wassermelone-mit-der-bang-36-000-puffs-einweg-e-zigarette-und-mesh-coil\/\" \/>\n<meta property=\"og:locale\" content=\"fi_FI\" \/>\n<meta property=\"og:type\" content=\"article\" \/>\n<meta property=\"og:title\" content=\"Erleben Sie den tropischen Genuss von Pfirsich Mango und Wassermelone mit der Bang 36.000 Puffs Einweg-E-Zigarette und Mesh Coil | ElementVape.de\" \/>\n<meta property=\"og:description\" content=\"Wir bieten Erleben Sie den tropischen Genuss von Pfirsich Mango und Wassermelone mit der Bang 36.000 Puffs Einweg-E-Zigarette und Mesh Coil , Elementvape.de akzeptieren Gro\u00df-und Einzelhandel Bestellungen.\" \/>\n<meta property=\"og:url\" content=\"https:\/\/www.elementvape.de\/fi\/produkt\/erleben-sie-den-tropischen-genuss-von-pfirsich-mango-und-wassermelone-mit-der-bang-36-000-puffs-einweg-e-zigarette-und-mesh-coil\/\" \/>\n<meta property=\"og:site_name\" content=\"ElementVape.de\" \/>\n<meta property=\"article:modified_time\" content=\"2024-10-09T08:15:45+00:00\" \/>\n<meta property=\"og:image\" content=\"https:\/\/www.elementvape.de\/wp-content\/uploads\/2024\/09\/PEACH-MANGO-WATERNTEION-scaled.jpg\" \/>\n\t<meta property=\"og:image:width\" content=\"2560\" \/>\n\t<meta property=\"og:image:height\" content=\"2249\" \/>\n\t<meta property=\"og:image:type\" content=\"image\/jpeg\" \/>\n<meta name=\"twitter:card\" content=\"summary_large_image\" \/>\n<meta name=\"twitter:label1\" content=\"Est. reading time\" \/>\n\t<meta name=\"twitter:data1\" content=\"3 minuuttia\" \/>\n<script type=\"application\/ld+json\" class=\"yoast-schema-graph\">{\"@context\":\"https:\/\/schema.org\",\"@graph\":[{\"@type\":\"WebPage\",\"@id\":\"https:\/\/www.elementvape.de\/pl\/produkt\/erleben-sie-den-tropischen-genuss-von-pfirsich-mango-und-wassermelone-mit-der-bang-36-000-puffs-einweg-e-zigarette-und-mesh-coil\/\",\"url\":\"https:\/\/www.elementvape.de\/pl\/produkt\/erleben-sie-den-tropischen-genuss-von-pfirsich-mango-und-wassermelone-mit-der-bang-36-000-puffs-einweg-e-zigarette-und-mesh-coil\/\",\"name\":\"Erleben Sie den tropischen Genuss von Pfirsich Mango und Wassermelone mit der Bang 36.000 Puffs Einweg-E-Zigarette und Mesh Coil | ElementVape.de\",\"isPartOf\":{\"@id\":\"https:\/\/www.elementvape.de\/#website\"},\"primaryImageOfPage\":{\"@id\":\"https:\/\/www.elementvape.de\/pl\/produkt\/erleben-sie-den-tropischen-genuss-von-pfirsich-mango-und-wassermelone-mit-der-bang-36-000-puffs-einweg-e-zigarette-und-mesh-coil\/#primaryimage\"},\"image\":{\"@id\":\"https:\/\/www.elementvape.de\/pl\/produkt\/erleben-sie-den-tropischen-genuss-von-pfirsich-mango-und-wassermelone-mit-der-bang-36-000-puffs-einweg-e-zigarette-und-mesh-coil\/#primaryimage\"},\"thumbnailUrl\":\"https:\/\/www.elementvape.de\/wp-content\/uploads\/2024\/09\/PEACH-MANGO-WATERNTEION-scaled.jpg\",\"datePublished\":\"2024-09-17T05:50:28+00:00\",\"dateModified\":\"2024-10-09T08:15:45+00:00\",\"description\":\"Wir bieten Erleben Sie den tropischen Genuss von Pfirsich Mango und Wassermelone mit der Bang 36.000 Puffs Einweg-E-Zigarette und Mesh Coil , Elementvape.de akzeptieren Gro\u00df-und Einzelhandel Bestellungen.\",\"breadcrumb\":{\"@id\":\"https:\/\/www.elementvape.de\/pl\/produkt\/erleben-sie-den-tropischen-genuss-von-pfirsich-mango-und-wassermelone-mit-der-bang-36-000-puffs-einweg-e-zigarette-und-mesh-coil\/#breadcrumb\"},\"inLanguage\":\"fi\",\"potentialAction\":[{\"@type\":\"ReadAction\",\"target\":[\"https:\/\/www.elementvape.de\/pl\/produkt\/erleben-sie-den-tropischen-genuss-von-pfirsich-mango-und-wassermelone-mit-der-bang-36-000-puffs-einweg-e-zigarette-und-mesh-coil\/\"]}]},{\"@type\":\"ImageObject\",\"inLanguage\":\"fi\",\"@id\":\"https:\/\/www.elementvape.de\/pl\/produkt\/erleben-sie-den-tropischen-genuss-von-pfirsich-mango-und-wassermelone-mit-der-bang-36-000-puffs-einweg-e-zigarette-und-mesh-coil\/#primaryimage\",\"url\":\"https:\/\/www.elementvape.de\/wp-content\/uploads\/2024\/09\/PEACH-MANGO-WATERNTEION-scaled.jpg\",\"contentUrl\":\"https:\/\/www.elementvape.de\/wp-content\/uploads\/2024\/09\/PEACH-MANGO-WATERNTEION-scaled.jpg\",\"width\":2560,\"height\":2249,\"caption\":\"PEACH MANGO WATERNTEION\"},{\"@type\":\"BreadcrumbList\",\"@id\":\"https:\/\/www.elementvape.de\/pl\/produkt\/erleben-sie-den-tropischen-genuss-von-pfirsich-mango-und-wassermelone-mit-der-bang-36-000-puffs-einweg-e-zigarette-und-mesh-coil\/#breadcrumb\",\"itemListElement\":[{\"@type\":\"ListItem\",\"position\":1,\"name\":\"Home\",\"item\":\"https:\/\/www.elementvape.de\/\"},{\"@type\":\"ListItem\",\"position\":2,\"name\":\"Shop\",\"item\":\"https:\/\/www.elementvape.de\/shop\/\"},{\"@type\":\"ListItem\",\"position\":3,\"name\":\"Erleben Sie den tropischen Genuss von Pfirsich Mango und Wassermelone mit der Bang 36.000 Puffs Einweg-E-Zigarette und Mesh Coil\"}]},{\"@type\":\"WebSite\",\"@id\":\"https:\/\/www.elementvape.de\/#website\",\"url\":\"https:\/\/www.elementvape.de\/\",\"name\":\"ElementVape.de\",\"description\":\"\",\"publisher\":{\"@id\":\"https:\/\/www.elementvape.de\/#organization\"},\"potentialAction\":[{\"@type\":\"SearchAction\",\"target\":{\"@type\":\"EntryPoint\",\"urlTemplate\":\"https:\/\/www.elementvape.de\/?s={search_term_string}\"},\"query-input\":\"required name=search_term_string\"}],\"inLanguage\":\"fi\"},{\"@type\":\"Organization\",\"@id\":\"https:\/\/www.elementvape.de\/#organization\",\"name\":\"ElementVape.DE\",\"url\":\"https:\/\/www.elementvape.de\/\",\"logo\":{\"@type\":\"ImageObject\",\"inLanguage\":\"fi\",\"@id\":\"https:\/\/www.elementvape.de\/#\/schema\/logo\/image\/\",\"url\":\"https:\/\/www.elementvape.de\/wp-content\/uploads\/2024\/09\/cropped-1elementvape-3.png\",\"contentUrl\":\"https:\/\/www.elementvape.de\/wp-content\/uploads\/2024\/09\/cropped-1elementvape-3.png\",\"width\":285,\"height\":228,\"caption\":\"ElementVape.DE\"},\"image\":{\"@id\":\"https:\/\/www.elementvape.de\/#\/schema\/logo\/image\/\"}}]}<\/script>\n<!-- \/ Yoast SEO plugin. -->","yoast_head_json":{"title":"Erleben Sie den tropischen Genuss von Pfirsich Mango und Wassermelone mit der Bang 36.000 Puffs Einweg-E-Zigarette und Mesh Coil | ElementVape.de","description":"Wir bieten Erleben Sie den tropischen Genuss von Pfirsich Mango und Wassermelone mit der Bang 36.000 Puffs Einweg-E-Zigarette und Mesh Coil , Elementvape.de akzeptieren Gro\u00df-und Einzelhandel Bestellungen.","robots":{"index":"index","follow":"follow","max-snippet":"max-snippet:-1","max-image-preview":"max-image-preview:large","max-video-preview":"max-video-preview:-1"},"canonical":"https:\/\/www.elementvape.de\/fi\/produkt\/erleben-sie-den-tropischen-genuss-von-pfirsich-mango-und-wassermelone-mit-der-bang-36-000-puffs-einweg-e-zigarette-und-mesh-coil\/","og_locale":"fi_FI","og_type":"article","og_title":"Erleben Sie den tropischen Genuss von Pfirsich Mango und Wassermelone mit der Bang 36.000 Puffs Einweg-E-Zigarette und Mesh Coil | ElementVape.de","og_description":"Wir bieten Erleben Sie den tropischen Genuss von Pfirsich Mango und Wassermelone mit der Bang 36.000 Puffs Einweg-E-Zigarette und Mesh Coil , Elementvape.de akzeptieren Gro\u00df-und Einzelhandel Bestellungen.","og_url":"https:\/\/www.elementvape.de\/fi\/produkt\/erleben-sie-den-tropischen-genuss-von-pfirsich-mango-und-wassermelone-mit-der-bang-36-000-puffs-einweg-e-zigarette-und-mesh-coil\/","og_site_name":"ElementVape.de","article_modified_time":"2024-10-09T08:15:45+00:00","og_image":[{"width":2560,"height":2249,"url":"https:\/\/www.elementvape.de\/wp-content\/uploads\/2024\/09\/PEACH-MANGO-WATERNTEION-scaled.jpg","type":"image\/jpeg"}],"twitter_card":"summary_large_image","twitter_misc":{"Est. reading time":"3 minuuttia"},"schema":{"@context":"https:\/\/schema.org","@graph":[{"@type":"WebPage","@id":"https:\/\/www.elementvape.de\/pl\/produkt\/erleben-sie-den-tropischen-genuss-von-pfirsich-mango-und-wassermelone-mit-der-bang-36-000-puffs-einweg-e-zigarette-und-mesh-coil\/","url":"https:\/\/www.elementvape.de\/pl\/produkt\/erleben-sie-den-tropischen-genuss-von-pfirsich-mango-und-wassermelone-mit-der-bang-36-000-puffs-einweg-e-zigarette-und-mesh-coil\/","name":"Erleben Sie den tropischen Genuss von Pfirsich Mango und Wassermelone mit der Bang 36.000 Puffs Einweg-E-Zigarette und Mesh Coil | ElementVape.de","isPartOf":{"@id":"https:\/\/www.elementvape.de\/#website"},"primaryImageOfPage":{"@id":"https:\/\/www.elementvape.de\/pl\/produkt\/erleben-sie-den-tropischen-genuss-von-pfirsich-mango-und-wassermelone-mit-der-bang-36-000-puffs-einweg-e-zigarette-und-mesh-coil\/#primaryimage"},"image":{"@id":"https:\/\/www.elementvape.de\/pl\/produkt\/erleben-sie-den-tropischen-genuss-von-pfirsich-mango-und-wassermelone-mit-der-bang-36-000-puffs-einweg-e-zigarette-und-mesh-coil\/#primaryimage"},"thumbnailUrl":"https:\/\/www.elementvape.de\/wp-content\/uploads\/2024\/09\/PEACH-MANGO-WATERNTEION-scaled.jpg","datePublished":"2024-09-17T05:50:28+00:00","dateModified":"2024-10-09T08:15:45+00:00","description":"Wir bieten Erleben Sie den tropischen Genuss von Pfirsich Mango und Wassermelone mit der Bang 36.000 Puffs Einweg-E-Zigarette und Mesh Coil , Elementvape.de akzeptieren Gro\u00df-und Einzelhandel Bestellungen.","breadcrumb":{"@id":"https:\/\/www.elementvape.de\/pl\/produkt\/erleben-sie-den-tropischen-genuss-von-pfirsich-mango-und-wassermelone-mit-der-bang-36-000-puffs-einweg-e-zigarette-und-mesh-coil\/#breadcrumb"},"inLanguage":"fi","potentialAction":[{"@type":"ReadAction","target":["https:\/\/www.elementvape.de\/pl\/produkt\/erleben-sie-den-tropischen-genuss-von-pfirsich-mango-und-wassermelone-mit-der-bang-36-000-puffs-einweg-e-zigarette-und-mesh-coil\/"]}]},{"@type":"ImageObject","inLanguage":"fi","@id":"https:\/\/www.elementvape.de\/pl\/produkt\/erleben-sie-den-tropischen-genuss-von-pfirsich-mango-und-wassermelone-mit-der-bang-36-000-puffs-einweg-e-zigarette-und-mesh-coil\/#primaryimage","url":"https:\/\/www.elementvape.de\/wp-content\/uploads\/2024\/09\/PEACH-MANGO-WATERNTEION-scaled.jpg","contentUrl":"https:\/\/www.elementvape.de\/wp-content\/uploads\/2024\/09\/PEACH-MANGO-WATERNTEION-scaled.jpg","width":2560,"height":2249,"caption":"PEACH MANGO WATERNTEION"},{"@type":"BreadcrumbList","@id":"https:\/\/www.elementvape.de\/pl\/produkt\/erleben-sie-den-tropischen-genuss-von-pfirsich-mango-und-wassermelone-mit-der-bang-36-000-puffs-einweg-e-zigarette-und-mesh-coil\/#breadcrumb","itemListElement":[{"@type":"ListItem","position":1,"name":"Home","item":"https:\/\/www.elementvape.de\/"},{"@type":"ListItem","position":2,"name":"Shop","item":"https:\/\/www.elementvape.de\/shop\/"},{"@type":"ListItem","position":3,"name":"Erleben Sie den tropischen Genuss von Pfirsich Mango und Wassermelone mit der Bang 36.000 Puffs Einweg-E-Zigarette und Mesh Coil"}]},{"@type":"WebSite","@id":"https:\/\/www.elementvape.de\/#website","url":"https:\/\/www.elementvape.de\/","name":"ElementVape.de","description":"","publisher":{"@id":"https:\/\/www.elementvape.de\/#organization"},"potentialAction":[{"@type":"SearchAction","target":{"@type":"EntryPoint","urlTemplate":"https:\/\/www.elementvape.de\/?s={search_term_string}"},"query-input":"required name=search_term_string"}],"inLanguage":"fi"},{"@type":"Organization","@id":"https:\/\/www.elementvape.de\/#organization","name":"ElementVape.DE","url":"https:\/\/www.elementvape.de\/","logo":{"@type":"ImageObject","inLanguage":"fi","@id":"https:\/\/www.elementvape.de\/#\/schema\/logo\/image\/","url":"https:\/\/www.elementvape.de\/wp-content\/uploads\/2024\/09\/cropped-1elementvape-3.png","contentUrl":"https:\/\/www.elementvape.de\/wp-content\/uploads\/2024\/09\/cropped-1elementvape-3.png","width":285,"height":228,"caption":"ElementVape.DE"},"image":{"@id":"https:\/\/www.elementvape.de\/#\/schema\/logo\/image\/"}}]}},"_links":{"self":[{"href":"https:\/\/www.elementvape.de\/fi\/wp-json\/wp\/v2\/product\/14349"}],"collection":[{"href":"https:\/\/www.elementvape.de\/fi\/wp-json\/wp\/v2\/product"}],"about":[{"href":"https:\/\/www.elementvape.de\/fi\/wp-json\/wp\/v2\/types\/product"}],"wp:featuredmedia":[{"embeddable":true,"href":"https:\/\/www.elementvape.de\/fi\/wp-json\/wp\/v2\/media\/14350"}],"wp:attachment":[{"href":"https:\/\/www.elementvape.de\/fi\/wp-json\/wp\/v2\/media?parent=14349"}],"wp:term":[{"taxonomy":"product_cat","embeddable":true,"href":"https:\/\/www.elementvape.de\/fi\/wp-json\/wp\/v2\/product_cat?post=14349"},{"taxonomy":"product_tag","embeddable":true,"href":"https:\/\/www.elementvape.de\/fi\/wp-json\/wp\/v2\/product_tag?post=14349"}],"curies":[{"name":"wp","href":"https:\/\/api.w.org\/{rel}","templated":true}]}}