{"id":14343,"date":"2024-09-14T09:24:49","date_gmt":"2024-09-14T09:24:49","guid":{"rendered":"https:\/\/www.elementvape.de\/?post_type=product&#038;p=14343"},"modified":"2024-10-31T03:07:49","modified_gmt":"2024-10-31T03:07:49","slug":"bang-king-farbe-30000-puffs-einweg-geniess-den-perfekten-mix-aus-suessem-strawberry-und-watermelon-und-erfrischendem-grape-ice-in-jedem-zug","status":"publish","type":"product","link":"https:\/\/www.elementvape.de\/fi\/produkt\/bang-king-farbe-30000-puffs-einweg-geniess-den-perfekten-mix-aus-suessem-strawberry-und-watermelon-und-erfrischendem-grape-ice-in-jedem-zug\/","title":{"rendered":"Bang KING V\u00e4ri 30000 Puffs kertak\u00e4ytt\u00f6inen nauti t\u00e4ydellisest\u00e4 sekoituksesta makeaa Strawberrya ja Watermelonia sek\u00e4 virkist\u00e4v\u00e4\u00e4 Grape Icea jokaisessa vedossa"},"content":{"rendered":"<div class=\"flex-shrink-0 flex flex-col relative items-end\">\n<div>\n<div class=\"pt-0\">\n<div class=\"gizmo-bot-avatar flex h-8 w-8 items-center justify-center overflow-hidden rounded-full\">\n<h2 class=\"relative p-1 rounded-sm flex items-center justify-center bg-token-main-surface-primary text-token-text-primary h-8 w-8\">Bang KING Color 30000 Puffs kertak\u00e4ytt\u00f6inen s\u00e4hk\u00f6tupakka: nauti t\u00e4ydellisest\u00e4 sekoituksesta makeaa mansikkaa ja vesimelonia sek\u00e4 raikasta viiniryp\u00e4le-ice\u00e4 jokaisella vedolla<\/h2>\n<div><\/div>\n<\/div>\n<\/div>\n<\/div>\n<\/div>\n<div class=\"group\/conversation-turn relative flex w-full min-w-0 flex-col agent-turn\">\n<div class=\"flex-col gap-1 md:gap-3\">\n<div class=\"flex max-w-full flex-col flex-grow\">\n<div class=\"min-h-[20px] text-message flex w-full flex-col items-end gap-2 whitespace-normal break-words [.text-message+&amp;]:mt-5\" dir=\"auto\" data-message-author-role=\"assistant\" data-message-id=\"3650005e-9f74-4a72-ae21-5ecb0c28bb61\">\n<div class=\"flex w-full flex-col gap-1 empty:hidden first:pt-[3px]\">\n<div class=\"markdown prose w-full break-words dark:prose-invert light\">\n<p>Bang KING Color 30000 Puffs kertak\u00e4ytt\u00f6inen s\u00e4hk\u00f6tupakka yhdist\u00e4\u00e4 kaksi herkullista makua ainutlaatuiseksi h\u00f6yrykokemukseksi. Sen vaikuttava 30000 puffs kapasiteetti tarjoaa ei vain pitk\u00e4n k\u00e4ytt\u00f6ajan, vaan my\u00f6s intensiivisen maun. Yhdistelm\u00e4 makeasta mansikasta ja vesimelonista sek\u00e4 raikkaasta viiniryp\u00e4le-iceest\u00e4 takaa monipuolisen ja virkist\u00e4v\u00e4n h\u00f6yrykokemuksen, joka varmasti miellytt\u00e4\u00e4 sinua.<\/p>\n<ul>\n<li>Makea mansikka ja vesimeloni: T\u00e4m\u00e4 sekoitus tuo yhteen kypsien mansikoiden tunnistettavan makeuden ja mehukkaan vesimelonin raikkauden. Tuloksena on harmoninen aromi, joka on sek\u00e4 makea ett\u00e4 virkist\u00e4v\u00e4 \u2013 ihanteellinen miellytt\u00e4v\u00e4\u00e4n h\u00f6yrykokemukseen koko p\u00e4iv\u00e4n ajan.<\/li>\n<li>Raikas viiniryp\u00e4le-ice: J\u00e4\u00e4n kylm\u00e4 raikkaus kohtaa kypsien viiniryp\u00e4leiden t\u00e4ytel\u00e4isen maun. T\u00e4m\u00e4 aromi tarjoaa intensiivisen, mutta ei ylikuormittavan viilauksen, joka t\u00e4ydent\u00e4\u00e4 hedelm\u00e4isen makuel\u00e4myksen t\u00e4ydellisesti. Ihanteellinen kaikille, jotka etsiv\u00e4t viile\u00e4\u00e4 virkistyst\u00e4 hedelm\u00e4isell\u00e4 twistill\u00e4.<\/li>\n<\/ul>\n<p>Bang KING Color <strong><a href=\"https:\/\/www.elementvape.de\/fi\/p-tag\/vaep-30000-zuege\/\" target=\"_blank\" rel=\"noopener\">30000 imaisua<\/a><\/strong> Kertak\u00e4ytt\u00f6inen s\u00e4hk\u00f6tupakka erottuu edistyksellisell\u00e4 teknologiallaan. 1.0 Ohmin mesh-kierukka takaa tasaiset ja intensiiviset h\u00f6yrypilvet, jotka s\u00e4ilytt\u00e4v\u00e4t maun alusta loppuun. Suuri 36 ml e-liquidd\u00e4ytt\u00f6 ja tehokas 550 mAh akku tarjoavat pitk\u00e4n ja luotettavan k\u00e4yt\u00f6n.<\/p>\n<ul>\n<li>Puffit: 30000 vetoa \u2013 pitk\u00e4kestoinen h\u00f6yrykokemus<\/li>\n<li>Mesh-kierre: 1.0 Ohm tasaisen l\u00e4mmityksen ja intensiivisen maun takaamiseksi<\/li>\n<li>Nikotiinivaihtoehdot: 2% ja 5%, kattavat erilaiset mieltymykset<\/li>\n<li>Type-C-latausliit\u00e4nt\u00e4: Nopea ja k\u00e4tev\u00e4 lataus<\/li>\n<li>LED-digitaalin\u00e4ytt\u00f6: Selke\u00e4 n\u00e4ytt\u00f6 akun tilasta ja makuvaihtoehdoista<\/li>\n<\/ul>\n<h3>K\u00e4ytt\u00e4j\u00e4yst\u00e4v\u00e4llisyys ja joustavuus<\/h3>\n<p>Bang KING Colorin avulla voit helposti vaihtaa kahden makuvaihtoehdon v\u00e4lill\u00e4, makeasta mansikasta ja vesimelonista raikkaaseen viiniryp\u00e4le-iceen. T\u00e4m\u00e4 joustavuus mahdollistaa makujen s\u00e4\u00e4t\u00e4misen mielialan tai vuorokaudenajan mukaan, tarjoten aina monipuolisen h\u00f6yrykokemuksen.<\/p>\n<h3>Kest\u00e4vyys ja ymp\u00e4rist\u00f6yst\u00e4v\u00e4llisyys<\/h3>\n<p>Vaikuttavan 30000 puffin kapasiteetin ansiosta Bang KING Color tarjoaa yhden pisimmist\u00e4 k\u00e4ytt\u00f6ajoista <strong><a href=\"https:\/\/www.elementvape.de\/fi\/c\/einweg-zigarette\/\" target=\"_blank\" rel=\"noopener\">kertak\u00e4ytt\u00f6isist\u00e4 E-savukkeista<\/a><\/strong>. Ladattava 550 mAh akku takaa luotettavan suorituskyvyn ja v\u00e4hent\u00e4\u00e4 j\u00e4tett\u00e4 verrattuna perinteisiin kertak\u00e4ytt\u00f6isiin laitteisiin. T\u00e4m\u00e4 tekee Bang KING Colorista ymp\u00e4rist\u00f6yst\u00e4v\u00e4llisemm\u00e4n ja taloudellisemman valinnan.<\/p>\n<p>Bang KING Color 30000 Puffs kertak\u00e4ytt\u00f6inen s\u00e4hk\u00f6tupakka on t\u00e4ydellinen valinta kaikille, jotka etsiv\u00e4t intensiivist\u00e4 ja monipuolista h\u00f6yrykokemusta. Makean mansikan ja vesimelonin sek\u00e4 raikkaan viiniryp\u00e4le-iceen makujen avulla voit nauttia hedelm\u00e4isest\u00e4 ja raikkaasta yhdistelm\u00e4st\u00e4, joka tekee jokaisesta vedosta nautinnon. Sen suuri kapasiteetti, edistynyt teknologia ja k\u00e4ytt\u00e4j\u00e4yst\u00e4v\u00e4llisyys tekev\u00e4t Bang KING Colorista erinomaisen tuotteen kertak\u00e4ytt\u00f6isten s\u00e4hk\u00f6tupakkamarkkinoilla.<\/p>\n<\/div>\n<\/div>\n<\/div>\n<\/div>\n<\/div>\n<\/div>","protected":false},"excerpt":{"rendered":"<p>Bang KING Color 30000 Puffs Einweg-E-Zigarette: Genie\u00df den perfekten Mix aus s\u00fc\u00dfem Strawberry und Watermelon und erfrischendem Grape Ice in jedem Zug Die Bang KING Color 30000 Puffs Einweg-E-Zigarette vereint zwei k\u00f6stliche Geschmacksrichtungen zu einem au\u00dfergew\u00f6hnlichen Dampferlebnis. Mit ihrer beeindruckenden Kapazit\u00e4t von 30000 Puffs bietet sie nicht nur lange Nutzungsdauer, sondern auch einen intensiven Geschmack. [&hellip;]<\/p>","protected":false},"featured_media":14344,"template":"","meta":{"inline_featured_image":false},"product_cat":[15,758,772,750,737,736,749,752,756],"product_tag":[710,757],"tiered_pricing_type":"fixed","tiered_pricing_fixed_rules":{"60":"8.54","110":"7.59","200":"6.64"},"tiered_pricing_percentage_rules":[],"tiered_pricing_minimum":1,"_administrator_tiered_pricing_type":"fixed","_administrator_tiered_pricing_fixed_rules":[],"_editor_tiered_pricing_type":"fixed","_editor_tiered_pricing_fixed_rules":[],"_author_tiered_pricing_type":"fixed","_author_tiered_pricing_fixed_rules":[],"_contributor_tiered_pricing_type":"fixed","_contributor_tiered_pricing_fixed_rules":[],"_subscriber_tiered_pricing_type":"fixed","_subscriber_tiered_pricing_fixed_rules":[],"_customer_tiered_pricing_type":"fixed","_customer_tiered_pricing_fixed_rules":[],"_shop_manager_tiered_pricing_type":"fixed","_shop_manager_tiered_pricing_fixed_rules":[],"_wpseo_manager_tiered_pricing_type":"fixed","_wpseo_manager_tiered_pricing_fixed_rules":[],"_wpseo_editor_tiered_pricing_type":"fixed","_wpseo_editor_tiered_pricing_fixed_rules":[],"_wholesale_customer_tiered_pricing_type":"fixed","_wholesale_customer_tiered_pricing_fixed_rules":[],"_marketer_tiered_pricing_type":"fixed","_marketer_tiered_pricing_fixed_rules":[],"_sales_manager_tiered_pricing_type":"fixed","_sales_manager_tiered_pricing_fixed_rules":[],"_sales_rep_tiered_pricing_type":"fixed","_sales_rep_tiered_pricing_fixed_rules":[],"yoast_head":"<!-- This site is optimized with the Yoast SEO plugin v23.3 - https:\/\/yoast.com\/wordpress\/plugins\/seo\/ -->\n<title>Bang KING Farbe 30000 Puffs Einweg Genie\u00df den perfekten Mix aus s\u00fc\u00dfem Strawberry und Watermelon und erfrischendem Grape Ice in jedem Zug | ElementVape.de<\/title>\n<meta name=\"description\" content=\"Wir bieten Bang KING Farbe 30000 Puffs Einweg Genie\u00df den perfekten Mix aus s\u00fc\u00dfem Strawberry und Watermelon und erfrischendem Grape Ice in jedem Zug , Elementvape.de akzeptieren Gro\u00df-und Einzelhandel Bestellungen.\" \/>\n<meta name=\"robots\" content=\"index, follow, max-snippet:-1, max-image-preview:large, max-video-preview:-1\" \/>\n<link rel=\"canonical\" href=\"https:\/\/www.elementvape.de\/fi\/produkt\/bang-king-farbe-30000-puffs-einweg-geniess-den-perfekten-mix-aus-suessem-strawberry-und-watermelon-und-erfrischendem-grape-ice-in-jedem-zug\/\" \/>\n<meta property=\"og:locale\" content=\"fi_FI\" \/>\n<meta property=\"og:type\" content=\"article\" \/>\n<meta property=\"og:title\" content=\"Bang KING Farbe 30000 Puffs Einweg Genie\u00df den perfekten Mix aus s\u00fc\u00dfem Strawberry und Watermelon und erfrischendem Grape Ice in jedem Zug | ElementVape.de\" \/>\n<meta property=\"og:description\" content=\"Wir bieten Bang KING Farbe 30000 Puffs Einweg Genie\u00df den perfekten Mix aus s\u00fc\u00dfem Strawberry und Watermelon und erfrischendem Grape Ice in jedem Zug , Elementvape.de akzeptieren Gro\u00df-und Einzelhandel Bestellungen.\" \/>\n<meta property=\"og:url\" content=\"https:\/\/www.elementvape.de\/fi\/produkt\/bang-king-farbe-30000-puffs-einweg-geniess-den-perfekten-mix-aus-suessem-strawberry-und-watermelon-und-erfrischendem-grape-ice-in-jedem-zug\/\" \/>\n<meta property=\"og:site_name\" content=\"ElementVape.de\" \/>\n<meta property=\"article:modified_time\" content=\"2024-10-31T03:07:49+00:00\" \/>\n<meta property=\"og:image\" content=\"https:\/\/www.elementvape.de\/wp-content\/uploads\/2024\/09\/STRAWBERRY-AND-WATERMELON-Und-GRAPE-ICE.png\" \/>\n\t<meta property=\"og:image:width\" content=\"4000\" \/>\n\t<meta property=\"og:image:height\" content=\"2413\" \/>\n\t<meta property=\"og:image:type\" content=\"image\/png\" \/>\n<meta name=\"twitter:card\" content=\"summary_large_image\" \/>\n<meta name=\"twitter:label1\" content=\"Est. reading time\" \/>\n\t<meta name=\"twitter:data1\" content=\"3 minuuttia\" \/>\n<script type=\"application\/ld+json\" class=\"yoast-schema-graph\">{\"@context\":\"https:\/\/schema.org\",\"@graph\":[{\"@type\":\"WebPage\",\"@id\":\"https:\/\/www.elementvape.de\/produkt\/bang-king-farbe-30000-puffs-einweg-geniess-den-perfekten-mix-aus-suessem-strawberry-und-watermelon-und-erfrischendem-grape-ice-in-jedem-zug\/\",\"url\":\"https:\/\/www.elementvape.de\/produkt\/bang-king-farbe-30000-puffs-einweg-geniess-den-perfekten-mix-aus-suessem-strawberry-und-watermelon-und-erfrischendem-grape-ice-in-jedem-zug\/\",\"name\":\"Bang KING Farbe 30000 Puffs Einweg Genie\u00df den perfekten Mix aus s\u00fc\u00dfem Strawberry und Watermelon und erfrischendem Grape Ice in jedem Zug | ElementVape.de\",\"isPartOf\":{\"@id\":\"https:\/\/www.elementvape.de\/#website\"},\"primaryImageOfPage\":{\"@id\":\"https:\/\/www.elementvape.de\/produkt\/bang-king-farbe-30000-puffs-einweg-geniess-den-perfekten-mix-aus-suessem-strawberry-und-watermelon-und-erfrischendem-grape-ice-in-jedem-zug\/#primaryimage\"},\"image\":{\"@id\":\"https:\/\/www.elementvape.de\/produkt\/bang-king-farbe-30000-puffs-einweg-geniess-den-perfekten-mix-aus-suessem-strawberry-und-watermelon-und-erfrischendem-grape-ice-in-jedem-zug\/#primaryimage\"},\"thumbnailUrl\":\"https:\/\/www.elementvape.de\/wp-content\/uploads\/2024\/09\/STRAWBERRY-AND-WATERMELON-Und-GRAPE-ICE.png\",\"datePublished\":\"2024-09-14T09:24:49+00:00\",\"dateModified\":\"2024-10-31T03:07:49+00:00\",\"description\":\"Wir bieten Bang KING Farbe 30000 Puffs Einweg Genie\u00df den perfekten Mix aus s\u00fc\u00dfem Strawberry und Watermelon und erfrischendem Grape Ice in jedem Zug , Elementvape.de akzeptieren Gro\u00df-und Einzelhandel Bestellungen.\",\"breadcrumb\":{\"@id\":\"https:\/\/www.elementvape.de\/produkt\/bang-king-farbe-30000-puffs-einweg-geniess-den-perfekten-mix-aus-suessem-strawberry-und-watermelon-und-erfrischendem-grape-ice-in-jedem-zug\/#breadcrumb\"},\"inLanguage\":\"fi\",\"potentialAction\":[{\"@type\":\"ReadAction\",\"target\":[\"https:\/\/www.elementvape.de\/produkt\/bang-king-farbe-30000-puffs-einweg-geniess-den-perfekten-mix-aus-suessem-strawberry-und-watermelon-und-erfrischendem-grape-ice-in-jedem-zug\/\"]}]},{\"@type\":\"ImageObject\",\"inLanguage\":\"fi\",\"@id\":\"https:\/\/www.elementvape.de\/produkt\/bang-king-farbe-30000-puffs-einweg-geniess-den-perfekten-mix-aus-suessem-strawberry-und-watermelon-und-erfrischendem-grape-ice-in-jedem-zug\/#primaryimage\",\"url\":\"https:\/\/www.elementvape.de\/wp-content\/uploads\/2024\/09\/STRAWBERRY-AND-WATERMELON-Und-GRAPE-ICE.png\",\"contentUrl\":\"https:\/\/www.elementvape.de\/wp-content\/uploads\/2024\/09\/STRAWBERRY-AND-WATERMELON-Und-GRAPE-ICE.png\",\"width\":4000,\"height\":2413,\"caption\":\"STRAWBERRY AND WATERMELON Und GRAPE ICE\"},{\"@type\":\"BreadcrumbList\",\"@id\":\"https:\/\/www.elementvape.de\/produkt\/bang-king-farbe-30000-puffs-einweg-geniess-den-perfekten-mix-aus-suessem-strawberry-und-watermelon-und-erfrischendem-grape-ice-in-jedem-zug\/#breadcrumb\",\"itemListElement\":[{\"@type\":\"ListItem\",\"position\":1,\"name\":\"Home\",\"item\":\"https:\/\/www.elementvape.de\/\"},{\"@type\":\"ListItem\",\"position\":2,\"name\":\"Shop\",\"item\":\"https:\/\/www.elementvape.de\/shop\/\"},{\"@type\":\"ListItem\",\"position\":3,\"name\":\"Bang KING Farbe 30000 Puffs Einweg Genie\u00df den perfekten Mix aus s\u00fc\u00dfem Strawberry und Watermelon und erfrischendem Grape Ice in jedem Zug\"}]},{\"@type\":\"WebSite\",\"@id\":\"https:\/\/www.elementvape.de\/#website\",\"url\":\"https:\/\/www.elementvape.de\/\",\"name\":\"ElementVape.de\",\"description\":\"\",\"publisher\":{\"@id\":\"https:\/\/www.elementvape.de\/#organization\"},\"potentialAction\":[{\"@type\":\"SearchAction\",\"target\":{\"@type\":\"EntryPoint\",\"urlTemplate\":\"https:\/\/www.elementvape.de\/?s={search_term_string}\"},\"query-input\":\"required name=search_term_string\"}],\"inLanguage\":\"fi\"},{\"@type\":\"Organization\",\"@id\":\"https:\/\/www.elementvape.de\/#organization\",\"name\":\"ElementVape.DE\",\"url\":\"https:\/\/www.elementvape.de\/\",\"logo\":{\"@type\":\"ImageObject\",\"inLanguage\":\"fi\",\"@id\":\"https:\/\/www.elementvape.de\/#\/schema\/logo\/image\/\",\"url\":\"https:\/\/www.elementvape.de\/wp-content\/uploads\/2024\/09\/cropped-1elementvape-3.png\",\"contentUrl\":\"https:\/\/www.elementvape.de\/wp-content\/uploads\/2024\/09\/cropped-1elementvape-3.png\",\"width\":285,\"height\":228,\"caption\":\"ElementVape.DE\"},\"image\":{\"@id\":\"https:\/\/www.elementvape.de\/#\/schema\/logo\/image\/\"}}]}<\/script>\n<!-- \/ Yoast SEO plugin. -->","yoast_head_json":{"title":"Bang KING Farbe 30000 Puffs Einweg Genie\u00df den perfekten Mix aus s\u00fc\u00dfem Strawberry und Watermelon und erfrischendem Grape Ice in jedem Zug | ElementVape.de","description":"Wir bieten Bang KING Farbe 30000 Puffs Einweg Genie\u00df den perfekten Mix aus s\u00fc\u00dfem Strawberry und Watermelon und erfrischendem Grape Ice in jedem Zug , Elementvape.de akzeptieren Gro\u00df-und Einzelhandel Bestellungen.","robots":{"index":"index","follow":"follow","max-snippet":"max-snippet:-1","max-image-preview":"max-image-preview:large","max-video-preview":"max-video-preview:-1"},"canonical":"https:\/\/www.elementvape.de\/fi\/produkt\/bang-king-farbe-30000-puffs-einweg-geniess-den-perfekten-mix-aus-suessem-strawberry-und-watermelon-und-erfrischendem-grape-ice-in-jedem-zug\/","og_locale":"fi_FI","og_type":"article","og_title":"Bang KING Farbe 30000 Puffs Einweg Genie\u00df den perfekten Mix aus s\u00fc\u00dfem Strawberry und Watermelon und erfrischendem Grape Ice in jedem Zug | ElementVape.de","og_description":"Wir bieten Bang KING Farbe 30000 Puffs Einweg Genie\u00df den perfekten Mix aus s\u00fc\u00dfem Strawberry und Watermelon und erfrischendem Grape Ice in jedem Zug , Elementvape.de akzeptieren Gro\u00df-und Einzelhandel Bestellungen.","og_url":"https:\/\/www.elementvape.de\/fi\/produkt\/bang-king-farbe-30000-puffs-einweg-geniess-den-perfekten-mix-aus-suessem-strawberry-und-watermelon-und-erfrischendem-grape-ice-in-jedem-zug\/","og_site_name":"ElementVape.de","article_modified_time":"2024-10-31T03:07:49+00:00","og_image":[{"width":4000,"height":2413,"url":"https:\/\/www.elementvape.de\/wp-content\/uploads\/2024\/09\/STRAWBERRY-AND-WATERMELON-Und-GRAPE-ICE.png","type":"image\/png"}],"twitter_card":"summary_large_image","twitter_misc":{"Est. reading time":"3 minuuttia"},"schema":{"@context":"https:\/\/schema.org","@graph":[{"@type":"WebPage","@id":"https:\/\/www.elementvape.de\/produkt\/bang-king-farbe-30000-puffs-einweg-geniess-den-perfekten-mix-aus-suessem-strawberry-und-watermelon-und-erfrischendem-grape-ice-in-jedem-zug\/","url":"https:\/\/www.elementvape.de\/produkt\/bang-king-farbe-30000-puffs-einweg-geniess-den-perfekten-mix-aus-suessem-strawberry-und-watermelon-und-erfrischendem-grape-ice-in-jedem-zug\/","name":"Bang KING Farbe 30000 Puffs Einweg Genie\u00df den perfekten Mix aus s\u00fc\u00dfem Strawberry und Watermelon und erfrischendem Grape Ice in jedem Zug | ElementVape.de","isPartOf":{"@id":"https:\/\/www.elementvape.de\/#website"},"primaryImageOfPage":{"@id":"https:\/\/www.elementvape.de\/produkt\/bang-king-farbe-30000-puffs-einweg-geniess-den-perfekten-mix-aus-suessem-strawberry-und-watermelon-und-erfrischendem-grape-ice-in-jedem-zug\/#primaryimage"},"image":{"@id":"https:\/\/www.elementvape.de\/produkt\/bang-king-farbe-30000-puffs-einweg-geniess-den-perfekten-mix-aus-suessem-strawberry-und-watermelon-und-erfrischendem-grape-ice-in-jedem-zug\/#primaryimage"},"thumbnailUrl":"https:\/\/www.elementvape.de\/wp-content\/uploads\/2024\/09\/STRAWBERRY-AND-WATERMELON-Und-GRAPE-ICE.png","datePublished":"2024-09-14T09:24:49+00:00","dateModified":"2024-10-31T03:07:49+00:00","description":"Wir bieten Bang KING Farbe 30000 Puffs Einweg Genie\u00df den perfekten Mix aus s\u00fc\u00dfem Strawberry und Watermelon und erfrischendem Grape Ice in jedem Zug , Elementvape.de akzeptieren Gro\u00df-und Einzelhandel Bestellungen.","breadcrumb":{"@id":"https:\/\/www.elementvape.de\/produkt\/bang-king-farbe-30000-puffs-einweg-geniess-den-perfekten-mix-aus-suessem-strawberry-und-watermelon-und-erfrischendem-grape-ice-in-jedem-zug\/#breadcrumb"},"inLanguage":"fi","potentialAction":[{"@type":"ReadAction","target":["https:\/\/www.elementvape.de\/produkt\/bang-king-farbe-30000-puffs-einweg-geniess-den-perfekten-mix-aus-suessem-strawberry-und-watermelon-und-erfrischendem-grape-ice-in-jedem-zug\/"]}]},{"@type":"ImageObject","inLanguage":"fi","@id":"https:\/\/www.elementvape.de\/produkt\/bang-king-farbe-30000-puffs-einweg-geniess-den-perfekten-mix-aus-suessem-strawberry-und-watermelon-und-erfrischendem-grape-ice-in-jedem-zug\/#primaryimage","url":"https:\/\/www.elementvape.de\/wp-content\/uploads\/2024\/09\/STRAWBERRY-AND-WATERMELON-Und-GRAPE-ICE.png","contentUrl":"https:\/\/www.elementvape.de\/wp-content\/uploads\/2024\/09\/STRAWBERRY-AND-WATERMELON-Und-GRAPE-ICE.png","width":4000,"height":2413,"caption":"STRAWBERRY AND WATERMELON Und GRAPE ICE"},{"@type":"BreadcrumbList","@id":"https:\/\/www.elementvape.de\/produkt\/bang-king-farbe-30000-puffs-einweg-geniess-den-perfekten-mix-aus-suessem-strawberry-und-watermelon-und-erfrischendem-grape-ice-in-jedem-zug\/#breadcrumb","itemListElement":[{"@type":"ListItem","position":1,"name":"Home","item":"https:\/\/www.elementvape.de\/"},{"@type":"ListItem","position":2,"name":"Shop","item":"https:\/\/www.elementvape.de\/shop\/"},{"@type":"ListItem","position":3,"name":"Bang KING Farbe 30000 Puffs Einweg Genie\u00df den perfekten Mix aus s\u00fc\u00dfem Strawberry und Watermelon und erfrischendem Grape Ice in jedem Zug"}]},{"@type":"WebSite","@id":"https:\/\/www.elementvape.de\/#website","url":"https:\/\/www.elementvape.de\/","name":"ElementVape.de","description":"","publisher":{"@id":"https:\/\/www.elementvape.de\/#organization"},"potentialAction":[{"@type":"SearchAction","target":{"@type":"EntryPoint","urlTemplate":"https:\/\/www.elementvape.de\/?s={search_term_string}"},"query-input":"required name=search_term_string"}],"inLanguage":"fi"},{"@type":"Organization","@id":"https:\/\/www.elementvape.de\/#organization","name":"ElementVape.DE","url":"https:\/\/www.elementvape.de\/","logo":{"@type":"ImageObject","inLanguage":"fi","@id":"https:\/\/www.elementvape.de\/#\/schema\/logo\/image\/","url":"https:\/\/www.elementvape.de\/wp-content\/uploads\/2024\/09\/cropped-1elementvape-3.png","contentUrl":"https:\/\/www.elementvape.de\/wp-content\/uploads\/2024\/09\/cropped-1elementvape-3.png","width":285,"height":228,"caption":"ElementVape.DE"},"image":{"@id":"https:\/\/www.elementvape.de\/#\/schema\/logo\/image\/"}}]}},"_links":{"self":[{"href":"https:\/\/www.elementvape.de\/fi\/wp-json\/wp\/v2\/product\/14343"}],"collection":[{"href":"https:\/\/www.elementvape.de\/fi\/wp-json\/wp\/v2\/product"}],"about":[{"href":"https:\/\/www.elementvape.de\/fi\/wp-json\/wp\/v2\/types\/product"}],"wp:featuredmedia":[{"embeddable":true,"href":"https:\/\/www.elementvape.de\/fi\/wp-json\/wp\/v2\/media\/14344"}],"wp:attachment":[{"href":"https:\/\/www.elementvape.de\/fi\/wp-json\/wp\/v2\/media?parent=14343"}],"wp:term":[{"taxonomy":"product_cat","embeddable":true,"href":"https:\/\/www.elementvape.de\/fi\/wp-json\/wp\/v2\/product_cat?post=14343"},{"taxonomy":"product_tag","embeddable":true,"href":"https:\/\/www.elementvape.de\/fi\/wp-json\/wp\/v2\/product_tag?post=14343"}],"curies":[{"name":"wp","href":"https:\/\/api.w.org\/{rel}","templated":true}]}}