{"id":14336,"date":"2024-09-14T09:04:03","date_gmt":"2024-09-14T09:04:03","guid":{"rendered":"https:\/\/www.elementvape.de\/?post_type=product&#038;p=14336"},"modified":"2024-10-31T03:07:50","modified_gmt":"2024-10-31T03:07:50","slug":"bang-king-farbe-30000-puffs-einweg-die-perfekte-mischung-aus-kuehlem-watermelon-ice-und-tropischem-strawberry-mango-fuer-intensiven-genuss-einweg-e-zigaretten","status":"publish","type":"product","link":"https:\/\/www.elementvape.de\/fi\/produkt\/bang-king-farbe-30000-puffs-einweg-die-perfekte-mischung-aus-kuehlem-watermelon-ice-und-tropischem-strawberry-mango-fuer-intensiven-genuss-einweg-e-zigaretten\/","title":{"rendered":"Bang KING V\u00e4ri 30000 Puffs kertak\u00e4ytt\u00f6inen t\u00e4ydellinen sekoitus viile\u00e4st\u00e4 Watermelon Ice -ja tropillisesta Strawberry Mango -mausta intensiiviseen nautintoon KERTAK\u00c4YTT\u00d6INEN E-S\u00c4HK\u00d6TUPAKKA"},"content":{"rendered":"<div class=\"flex-shrink-0 flex flex-col relative items-end\">\n<div>\n<div class=\"pt-0\">\n<div class=\"gizmo-bot-avatar flex h-8 w-8 items-center justify-center overflow-hidden rounded-full\">\n<h2 class=\"relative p-1 rounded-sm flex items-center justify-center bg-token-main-surface-primary text-token-text-primary h-8 w-8\">Bang KING Color 30000 Puffs kertak\u00e4ytt\u00f6inen s\u00e4hk\u00f6tupakka T\u00e4ydellinen yhdistelm\u00e4 raikkaasta Vesimeloni J\u00e4\u00e4st\u00e4 ja trooppisesta Mansikka Mango -makuel\u00e4myksest\u00e4 intensiiviseen nautintoon<\/h2>\n<div><\/div>\n<\/div>\n<\/div>\n<\/div>\n<\/div>\n<div class=\"group\/conversation-turn relative flex w-full min-w-0 flex-col agent-turn\">\n<div class=\"flex-col gap-1 md:gap-3\">\n<div class=\"flex max-w-full flex-col flex-grow\">\n<div class=\"min-h-[20px] text-message flex w-full flex-col items-end gap-2 whitespace-normal break-words [.text-message+&amp;]:mt-5\" dir=\"auto\" data-message-author-role=\"assistant\" data-message-id=\"fd251c71-2f91-49ef-8f5b-4fd600071c00\">\n<div class=\"flex w-full flex-col gap-1 empty:hidden first:pt-[3px]\">\n<div class=\"markdown prose w-full break-words dark:prose-invert light\">\n<p>Bang KING Color 30000 Puffs <strong><a href=\"https:\/\/www.elementvape.de\/fi\/c\/einweg-zigarette\/\" target=\"_blank\" rel=\"noopener\">kertak\u00e4ytt\u00f6inen s\u00e4hk\u00f6tupakka<\/a><\/strong> tarjoaa vertaansa vailla olevan h\u00f6yryst\u00e4miskokemuksen kahdella poikkeuksellisella makuvaihtoehdolla: raikkaasta Vesimeloni J\u00e4\u00e4st\u00e4 ja trooppisesta Mansikka Mango -makuel\u00e4myksest\u00e4. T\u00e4m\u00e4 edistynyt laite yhdist\u00e4\u00e4 pitk\u00e4n k\u00e4ytt\u00f6i\u00e4n, innovatiivisen teknologian ja intensiivisen makuel\u00e4myksen, joka vieh\u00e4tt\u00e4\u00e4 sek\u00e4 hedelm\u00e4makujen yst\u00e4vi\u00e4 ett\u00e4 viilennyst\u00e4 kaipaavia.<\/p>\n<h3>1. Verrattomat makuvaihtoehdot<\/h3>\n<ul>\n<li>Vesimeloni J\u00e4\u00e4: Raikas nautinto, joka yhdist\u00e4\u00e4 kypsien vesimelonien mehukkuuden ja viile\u00e4n mentholin vivahteen. T\u00e4m\u00e4 maku on ihanteellinen kaikille, jotka etsiv\u00e4t virkist\u00e4v\u00e4\u00e4 piristyst\u00e4 ja haluavat nauttia viilentyv\u00e4st\u00e4 tauosta kuumina p\u00e4ivin\u00e4. T\u00e4ydellinen tasapaino hedelm\u00e4isen makeuden ja j\u00e4isen raikkauden v\u00e4lill\u00e4 tekee Vesimeloni J\u00e4\u00e4st\u00e4 todellisen kohokohdan.<\/li>\n<li>Mansikka Mango: Trooppinen fuusio makeista mansikoista ja mehukkaasta mangosta. T\u00e4m\u00e4 aromi tarjoaa intensiivisen hedelm\u00e4isen nautinnon, joka vie heti lomatunnelmiin. Mansikka Mango on ihanteellinen valinta h\u00f6yrystimille, jotka rakastavat eksoottista makuel\u00e4myst\u00e4 ja kaipaavat ripauksen kes\u00e4\u00e4.<\/li>\n<\/ul>\n<h3>2. Teknologinen huippuosaaminen ja korkea suorituskyky<\/h3>\n<p>Bang KING Color 30000 Puffs kertak\u00e4ytt\u00f6inen s\u00e4hk\u00f6tupakka ei ainoastaan yll\u00e4t\u00e4 mauillaan, vaan my\u00f6s teknisell\u00e4 varustelullaan. Edistyksellisen 1.0 Ohmin mesh-kierteen ansiosta laite tuottaa tasaisia ja maukkaita h\u00f6yrypilvi\u00e4 jokaisella vedolla. Suuri 36 ml e-liquidityn kapasiteetti ja tehokas 550 mAh akku takaavat, ett\u00e4 voit nauttia pitk\u00e4\u00e4n ilman keskeytyksi\u00e4.<\/p>\n<h4>Tekniset tiedot:<\/h4>\n<ul>\n<li>Puffit: 30000 vetoa \u2013 erityisen pitk\u00e4 k\u00e4ytt\u00f6ik\u00e4 varten<\/li>\n<li>Mesh-kierukka: 1.0 Ohm optimaalisen makuel\u00e4myksen ja tiheiden h\u00f6yrypilvien saavuttamiseksi<\/li>\n<li>Nikotiinivaihtoehdot: 2% ja 5%, jotka t\u00e4ytt\u00e4v\u00e4t erilaiset tarpeet ja mieltymykset<\/li>\n<li>Type-C-latausliit\u00e4nt\u00e4: Nopea ja k\u00e4tev\u00e4 lataus minimaalisten k\u00e4ytt\u00f6katkojen varmistamiseksi<\/li>\n<li>LED-digitaali n\u00e4ytt\u00f6: N\u00e4ytt\u00e4\u00e4 selke\u00e4sti akun tilan ja makuvaihtoehdon<\/li>\n<\/ul>\n<h3>3. Monipuolisuus ja k\u00e4ytt\u00e4j\u00e4yst\u00e4v\u00e4llisyys<\/h3>\n<p>Dual-Flavor-teknologian ansiosta voit helposti vaihtaa Vesimeloni J\u00e4\u00e4n ja Mansikka Mango -makujen v\u00e4lill\u00e4 mieltymystesi mukaan. Olitpa sitten kaipaa viilent\u00e4v\u00e4\u00e4 virkistyst\u00e4 tai trooppista nautintoa \u2013 t\u00e4m\u00e4n kertak\u00e4ytt\u00f6laitteen avulla pysyt joustavana. K\u00e4ytt\u00e4j\u00e4yst\u00e4v\u00e4llisyytt\u00e4 lis\u00e4\u00e4v\u00e4t helppok\u00e4ytt\u00f6isyys ja miellytt\u00e4v\u00e4 k\u00e4sitelt\u00e4vyys.<\/p>\n<h3>4. Kest\u00e4vyys ja pitk\u00e4ik\u00e4isyys<\/h3>\n<p>30000 vedolla Bang KING Color kuuluu markkinoiden kest\u00e4vimpien kertak\u00e4ytt\u00f6isten s\u00e4hk\u00f6tupakoiden joukkoon. 550 mAh akku on uudelleenladattava ja tarjoaa luotettavaa suorituskyky\u00e4 pitk\u00e4\u00e4n. T\u00e4m\u00e4 tekee Bang KING Colorista kustannustehokkaan ja kest\u00e4v\u00e4mm\u00e4n vaihtoehdon verrattuna perinteisiin kertak\u00e4ytt\u00f6isiin laitteisiin.<\/p>\n<p>Bang KING Color 30000 Puffs kertak\u00e4ytt\u00f6inen s\u00e4hk\u00f6tupakka on ihanteellinen valinta kaikille, jotka rakastavat sek\u00e4 intensiivisi\u00e4 hedelm\u00e4makuja ett\u00e4 viilent\u00e4v\u00e4\u00e4 virkistyst\u00e4. Vesimeloni J\u00e4\u00e4n ja Mansikka Mango -makujen avulla koet t\u00e4ydellisen yhdistelm\u00e4n kes\u00e4isest\u00e4 raikkaudesta ja trooppisesta nautinnosta. Edistyksellisen teknologian, suuren kapasiteetin ja k\u00e4ytt\u00e4j\u00e4yst\u00e4v\u00e4llisyyden ansiosta Bang KING Color tarjoaa ensiluokkaisen h\u00f6yryst\u00e4miskokemuksen, joka ei j\u00e4t\u00e4 toivomuksia.<\/p>\n<\/div>\n<\/div>\n<\/div>\n<\/div>\n<\/div>\n<\/div>","protected":false},"excerpt":{"rendered":"<p>Bang KING Color 30000 Puffs Einweg-E-Zigarette Die perfekte Mischung aus k\u00fchlem Watermelon Ice und tropischem Strawberry Mango f\u00fcr intensiven Genuss Die Bang KING Color 30000 Puffs Einweg-E-Zigarette bietet ein unvergleichliches Dampferlebnis mit zwei au\u00dfergew\u00f6hnlichen Geschmacksrichtungen: k\u00fchlem Watermelon Ice und tropischem Strawberry Mango. Dieses fortschrittliche Ger\u00e4t vereint lange Lebensdauer, innovative Technologie und ein intensives Geschmackserlebnis, das [&hellip;]<\/p>","protected":false},"featured_media":14338,"template":"","meta":{"inline_featured_image":false},"product_cat":[15,758,772,750,737,736,749,752,756],"product_tag":[710,757],"tiered_pricing_type":"fixed","tiered_pricing_fixed_rules":{"60":"8.54","110":"7.59","200":"6.64"},"tiered_pricing_percentage_rules":[],"tiered_pricing_minimum":1,"_administrator_tiered_pricing_type":"fixed","_administrator_tiered_pricing_fixed_rules":[],"_editor_tiered_pricing_type":"fixed","_editor_tiered_pricing_fixed_rules":[],"_author_tiered_pricing_type":"fixed","_author_tiered_pricing_fixed_rules":[],"_contributor_tiered_pricing_type":"fixed","_contributor_tiered_pricing_fixed_rules":[],"_subscriber_tiered_pricing_type":"fixed","_subscriber_tiered_pricing_fixed_rules":[],"_customer_tiered_pricing_type":"fixed","_customer_tiered_pricing_fixed_rules":[],"_shop_manager_tiered_pricing_type":"fixed","_shop_manager_tiered_pricing_fixed_rules":[],"_wpseo_manager_tiered_pricing_type":"fixed","_wpseo_manager_tiered_pricing_fixed_rules":[],"_wpseo_editor_tiered_pricing_type":"fixed","_wpseo_editor_tiered_pricing_fixed_rules":[],"_wholesale_customer_tiered_pricing_type":"fixed","_wholesale_customer_tiered_pricing_fixed_rules":[],"_marketer_tiered_pricing_type":"fixed","_marketer_tiered_pricing_fixed_rules":[],"_sales_manager_tiered_pricing_type":"fixed","_sales_manager_tiered_pricing_fixed_rules":[],"_sales_rep_tiered_pricing_type":"fixed","_sales_rep_tiered_pricing_fixed_rules":[],"yoast_head":"<!-- This site is optimized with the Yoast SEO plugin v23.3 - https:\/\/yoast.com\/wordpress\/plugins\/seo\/ -->\n<title>Bang KING Farbe 30000 Puffs Einweg Die perfekte Mischung aus k\u00fchlem Watermelon Ice und tropischem Strawberry Mango f\u00fcr intensiven Genuss EINWEG E-ZIGARETTEN | ElementVape.de<\/title>\n<meta name=\"description\" content=\"Wir bieten Bang KING Farbe 30000 Puffs Einweg Die perfekte Mischung aus k\u00fchlem Watermelon Ice und tropischem Strawberry Mango f\u00fcr intensiven Genuss EINWEG E-ZIGARETTEN , Elementvape.de akzeptieren Gro\u00df-und Einzelhandel Bestellungen.\" \/>\n<meta name=\"robots\" content=\"index, follow, max-snippet:-1, max-image-preview:large, max-video-preview:-1\" \/>\n<link rel=\"canonical\" href=\"https:\/\/www.elementvape.de\/fi\/produkt\/bang-king-farbe-30000-puffs-einweg-die-perfekte-mischung-aus-kuehlem-watermelon-ice-und-tropischem-strawberry-mango-fuer-intensiven-genuss-einweg-e-zigaretten\/\" \/>\n<meta property=\"og:locale\" content=\"fi_FI\" \/>\n<meta property=\"og:type\" content=\"article\" \/>\n<meta property=\"og:title\" content=\"Bang KING Farbe 30000 Puffs Einweg Die perfekte Mischung aus k\u00fchlem Watermelon Ice und tropischem Strawberry Mango f\u00fcr intensiven Genuss EINWEG E-ZIGARETTEN | ElementVape.de\" \/>\n<meta property=\"og:description\" content=\"Wir bieten Bang KING Farbe 30000 Puffs Einweg Die perfekte Mischung aus k\u00fchlem Watermelon Ice und tropischem Strawberry Mango f\u00fcr intensiven Genuss EINWEG E-ZIGARETTEN , Elementvape.de akzeptieren Gro\u00df-und Einzelhandel Bestellungen.\" \/>\n<meta property=\"og:url\" content=\"https:\/\/www.elementvape.de\/fi\/produkt\/bang-king-farbe-30000-puffs-einweg-die-perfekte-mischung-aus-kuehlem-watermelon-ice-und-tropischem-strawberry-mango-fuer-intensiven-genuss-einweg-e-zigaretten\/\" \/>\n<meta property=\"og:site_name\" content=\"ElementVape.de\" \/>\n<meta property=\"article:modified_time\" content=\"2024-10-31T03:07:50+00:00\" \/>\n<meta property=\"og:image\" content=\"https:\/\/www.elementvape.de\/wp-content\/uploads\/2024\/09\/WATERMELON-ICE-Und-STRAWBERRY-AND-MANGO-1024x618.png\" \/>\n\t<meta property=\"og:image:width\" content=\"1024\" \/>\n\t<meta property=\"og:image:height\" content=\"618\" \/>\n\t<meta property=\"og:image:type\" content=\"image\/png\" \/>\n<meta name=\"twitter:card\" content=\"summary_large_image\" \/>\n<meta name=\"twitter:label1\" content=\"Est. reading time\" \/>\n\t<meta name=\"twitter:data1\" content=\"3 minuuttia\" \/>\n<script type=\"application\/ld+json\" class=\"yoast-schema-graph\">{\"@context\":\"https:\/\/schema.org\",\"@graph\":[{\"@type\":\"WebPage\",\"@id\":\"https:\/\/www.elementvape.de\/produkt\/bang-king-farbe-30000-puffs-einweg-die-perfekte-mischung-aus-kuehlem-watermelon-ice-und-tropischem-strawberry-mango-fuer-intensiven-genuss-einweg-e-zigaretten\/\",\"url\":\"https:\/\/www.elementvape.de\/produkt\/bang-king-farbe-30000-puffs-einweg-die-perfekte-mischung-aus-kuehlem-watermelon-ice-und-tropischem-strawberry-mango-fuer-intensiven-genuss-einweg-e-zigaretten\/\",\"name\":\"Bang KING Farbe 30000 Puffs Einweg Die perfekte Mischung aus k\u00fchlem Watermelon Ice und tropischem Strawberry Mango f\u00fcr intensiven Genuss EINWEG E-ZIGARETTEN | ElementVape.de\",\"isPartOf\":{\"@id\":\"https:\/\/www.elementvape.de\/#website\"},\"primaryImageOfPage\":{\"@id\":\"https:\/\/www.elementvape.de\/produkt\/bang-king-farbe-30000-puffs-einweg-die-perfekte-mischung-aus-kuehlem-watermelon-ice-und-tropischem-strawberry-mango-fuer-intensiven-genuss-einweg-e-zigaretten\/#primaryimage\"},\"image\":{\"@id\":\"https:\/\/www.elementvape.de\/produkt\/bang-king-farbe-30000-puffs-einweg-die-perfekte-mischung-aus-kuehlem-watermelon-ice-und-tropischem-strawberry-mango-fuer-intensiven-genuss-einweg-e-zigaretten\/#primaryimage\"},\"thumbnailUrl\":\"https:\/\/www.elementvape.de\/wp-content\/uploads\/2024\/09\/WATERMELON-ICE-Und-STRAWBERRY-AND-MANGO.png\",\"datePublished\":\"2024-09-14T09:04:03+00:00\",\"dateModified\":\"2024-10-31T03:07:50+00:00\",\"description\":\"Wir bieten Bang KING Farbe 30000 Puffs Einweg Die perfekte Mischung aus k\u00fchlem Watermelon Ice und tropischem Strawberry Mango f\u00fcr intensiven Genuss EINWEG E-ZIGARETTEN , Elementvape.de akzeptieren Gro\u00df-und Einzelhandel Bestellungen.\",\"breadcrumb\":{\"@id\":\"https:\/\/www.elementvape.de\/produkt\/bang-king-farbe-30000-puffs-einweg-die-perfekte-mischung-aus-kuehlem-watermelon-ice-und-tropischem-strawberry-mango-fuer-intensiven-genuss-einweg-e-zigaretten\/#breadcrumb\"},\"inLanguage\":\"fi\",\"potentialAction\":[{\"@type\":\"ReadAction\",\"target\":[\"https:\/\/www.elementvape.de\/produkt\/bang-king-farbe-30000-puffs-einweg-die-perfekte-mischung-aus-kuehlem-watermelon-ice-und-tropischem-strawberry-mango-fuer-intensiven-genuss-einweg-e-zigaretten\/\"]}]},{\"@type\":\"ImageObject\",\"inLanguage\":\"fi\",\"@id\":\"https:\/\/www.elementvape.de\/produkt\/bang-king-farbe-30000-puffs-einweg-die-perfekte-mischung-aus-kuehlem-watermelon-ice-und-tropischem-strawberry-mango-fuer-intensiven-genuss-einweg-e-zigaretten\/#primaryimage\",\"url\":\"https:\/\/www.elementvape.de\/wp-content\/uploads\/2024\/09\/WATERMELON-ICE-Und-STRAWBERRY-AND-MANGO.png\",\"contentUrl\":\"https:\/\/www.elementvape.de\/wp-content\/uploads\/2024\/09\/WATERMELON-ICE-Und-STRAWBERRY-AND-MANGO.png\",\"width\":4000,\"height\":2413,\"caption\":\"WATERMELON ICE Und STRAWBERRY AND MANGO\"},{\"@type\":\"BreadcrumbList\",\"@id\":\"https:\/\/www.elementvape.de\/produkt\/bang-king-farbe-30000-puffs-einweg-die-perfekte-mischung-aus-kuehlem-watermelon-ice-und-tropischem-strawberry-mango-fuer-intensiven-genuss-einweg-e-zigaretten\/#breadcrumb\",\"itemListElement\":[{\"@type\":\"ListItem\",\"position\":1,\"name\":\"Home\",\"item\":\"https:\/\/www.elementvape.de\/\"},{\"@type\":\"ListItem\",\"position\":2,\"name\":\"Shop\",\"item\":\"https:\/\/www.elementvape.de\/shop\/\"},{\"@type\":\"ListItem\",\"position\":3,\"name\":\"Bang KING Farbe 30000 Puffs Einweg Die perfekte Mischung aus k\u00fchlem Watermelon Ice und tropischem Strawberry Mango f\u00fcr intensiven Genuss EINWEG E-ZIGARETTEN\"}]},{\"@type\":\"WebSite\",\"@id\":\"https:\/\/www.elementvape.de\/#website\",\"url\":\"https:\/\/www.elementvape.de\/\",\"name\":\"ElementVape.de\",\"description\":\"\",\"publisher\":{\"@id\":\"https:\/\/www.elementvape.de\/#organization\"},\"potentialAction\":[{\"@type\":\"SearchAction\",\"target\":{\"@type\":\"EntryPoint\",\"urlTemplate\":\"https:\/\/www.elementvape.de\/?s={search_term_string}\"},\"query-input\":\"required name=search_term_string\"}],\"inLanguage\":\"fi\"},{\"@type\":\"Organization\",\"@id\":\"https:\/\/www.elementvape.de\/#organization\",\"name\":\"ElementVape.DE\",\"url\":\"https:\/\/www.elementvape.de\/\",\"logo\":{\"@type\":\"ImageObject\",\"inLanguage\":\"fi\",\"@id\":\"https:\/\/www.elementvape.de\/#\/schema\/logo\/image\/\",\"url\":\"https:\/\/www.elementvape.de\/wp-content\/uploads\/2024\/09\/cropped-1elementvape-3.png\",\"contentUrl\":\"https:\/\/www.elementvape.de\/wp-content\/uploads\/2024\/09\/cropped-1elementvape-3.png\",\"width\":285,\"height\":228,\"caption\":\"ElementVape.DE\"},\"image\":{\"@id\":\"https:\/\/www.elementvape.de\/#\/schema\/logo\/image\/\"}}]}<\/script>\n<!-- \/ Yoast SEO plugin. -->","yoast_head_json":{"title":"Bang KING Farbe 30000 Puffs Einweg Die perfekte Mischung aus k\u00fchlem Watermelon Ice und tropischem Strawberry Mango f\u00fcr intensiven Genuss EINWEG E-ZIGARETTEN | ElementVape.de","description":"Wir bieten Bang KING Farbe 30000 Puffs Einweg Die perfekte Mischung aus k\u00fchlem Watermelon Ice und tropischem Strawberry Mango f\u00fcr intensiven Genuss EINWEG E-ZIGARETTEN , Elementvape.de akzeptieren Gro\u00df-und Einzelhandel Bestellungen.","robots":{"index":"index","follow":"follow","max-snippet":"max-snippet:-1","max-image-preview":"max-image-preview:large","max-video-preview":"max-video-preview:-1"},"canonical":"https:\/\/www.elementvape.de\/fi\/produkt\/bang-king-farbe-30000-puffs-einweg-die-perfekte-mischung-aus-kuehlem-watermelon-ice-und-tropischem-strawberry-mango-fuer-intensiven-genuss-einweg-e-zigaretten\/","og_locale":"fi_FI","og_type":"article","og_title":"Bang KING Farbe 30000 Puffs Einweg Die perfekte Mischung aus k\u00fchlem Watermelon Ice und tropischem Strawberry Mango f\u00fcr intensiven Genuss EINWEG E-ZIGARETTEN | ElementVape.de","og_description":"Wir bieten Bang KING Farbe 30000 Puffs Einweg Die perfekte Mischung aus k\u00fchlem Watermelon Ice und tropischem Strawberry Mango f\u00fcr intensiven Genuss EINWEG E-ZIGARETTEN , Elementvape.de akzeptieren Gro\u00df-und Einzelhandel Bestellungen.","og_url":"https:\/\/www.elementvape.de\/fi\/produkt\/bang-king-farbe-30000-puffs-einweg-die-perfekte-mischung-aus-kuehlem-watermelon-ice-und-tropischem-strawberry-mango-fuer-intensiven-genuss-einweg-e-zigaretten\/","og_site_name":"ElementVape.de","article_modified_time":"2024-10-31T03:07:50+00:00","og_image":[{"width":1024,"height":618,"url":"https:\/\/www.elementvape.de\/wp-content\/uploads\/2024\/09\/WATERMELON-ICE-Und-STRAWBERRY-AND-MANGO-1024x618.png","type":"image\/png"}],"twitter_card":"summary_large_image","twitter_misc":{"Est. reading time":"3 minuuttia"},"schema":{"@context":"https:\/\/schema.org","@graph":[{"@type":"WebPage","@id":"https:\/\/www.elementvape.de\/produkt\/bang-king-farbe-30000-puffs-einweg-die-perfekte-mischung-aus-kuehlem-watermelon-ice-und-tropischem-strawberry-mango-fuer-intensiven-genuss-einweg-e-zigaretten\/","url":"https:\/\/www.elementvape.de\/produkt\/bang-king-farbe-30000-puffs-einweg-die-perfekte-mischung-aus-kuehlem-watermelon-ice-und-tropischem-strawberry-mango-fuer-intensiven-genuss-einweg-e-zigaretten\/","name":"Bang KING Farbe 30000 Puffs Einweg Die perfekte Mischung aus k\u00fchlem Watermelon Ice und tropischem Strawberry Mango f\u00fcr intensiven Genuss EINWEG E-ZIGARETTEN | ElementVape.de","isPartOf":{"@id":"https:\/\/www.elementvape.de\/#website"},"primaryImageOfPage":{"@id":"https:\/\/www.elementvape.de\/produkt\/bang-king-farbe-30000-puffs-einweg-die-perfekte-mischung-aus-kuehlem-watermelon-ice-und-tropischem-strawberry-mango-fuer-intensiven-genuss-einweg-e-zigaretten\/#primaryimage"},"image":{"@id":"https:\/\/www.elementvape.de\/produkt\/bang-king-farbe-30000-puffs-einweg-die-perfekte-mischung-aus-kuehlem-watermelon-ice-und-tropischem-strawberry-mango-fuer-intensiven-genuss-einweg-e-zigaretten\/#primaryimage"},"thumbnailUrl":"https:\/\/www.elementvape.de\/wp-content\/uploads\/2024\/09\/WATERMELON-ICE-Und-STRAWBERRY-AND-MANGO.png","datePublished":"2024-09-14T09:04:03+00:00","dateModified":"2024-10-31T03:07:50+00:00","description":"Wir bieten Bang KING Farbe 30000 Puffs Einweg Die perfekte Mischung aus k\u00fchlem Watermelon Ice und tropischem Strawberry Mango f\u00fcr intensiven Genuss EINWEG E-ZIGARETTEN , Elementvape.de akzeptieren Gro\u00df-und Einzelhandel Bestellungen.","breadcrumb":{"@id":"https:\/\/www.elementvape.de\/produkt\/bang-king-farbe-30000-puffs-einweg-die-perfekte-mischung-aus-kuehlem-watermelon-ice-und-tropischem-strawberry-mango-fuer-intensiven-genuss-einweg-e-zigaretten\/#breadcrumb"},"inLanguage":"fi","potentialAction":[{"@type":"ReadAction","target":["https:\/\/www.elementvape.de\/produkt\/bang-king-farbe-30000-puffs-einweg-die-perfekte-mischung-aus-kuehlem-watermelon-ice-und-tropischem-strawberry-mango-fuer-intensiven-genuss-einweg-e-zigaretten\/"]}]},{"@type":"ImageObject","inLanguage":"fi","@id":"https:\/\/www.elementvape.de\/produkt\/bang-king-farbe-30000-puffs-einweg-die-perfekte-mischung-aus-kuehlem-watermelon-ice-und-tropischem-strawberry-mango-fuer-intensiven-genuss-einweg-e-zigaretten\/#primaryimage","url":"https:\/\/www.elementvape.de\/wp-content\/uploads\/2024\/09\/WATERMELON-ICE-Und-STRAWBERRY-AND-MANGO.png","contentUrl":"https:\/\/www.elementvape.de\/wp-content\/uploads\/2024\/09\/WATERMELON-ICE-Und-STRAWBERRY-AND-MANGO.png","width":4000,"height":2413,"caption":"WATERMELON ICE Und STRAWBERRY AND MANGO"},{"@type":"BreadcrumbList","@id":"https:\/\/www.elementvape.de\/produkt\/bang-king-farbe-30000-puffs-einweg-die-perfekte-mischung-aus-kuehlem-watermelon-ice-und-tropischem-strawberry-mango-fuer-intensiven-genuss-einweg-e-zigaretten\/#breadcrumb","itemListElement":[{"@type":"ListItem","position":1,"name":"Home","item":"https:\/\/www.elementvape.de\/"},{"@type":"ListItem","position":2,"name":"Shop","item":"https:\/\/www.elementvape.de\/shop\/"},{"@type":"ListItem","position":3,"name":"Bang KING Farbe 30000 Puffs Einweg Die perfekte Mischung aus k\u00fchlem Watermelon Ice und tropischem Strawberry Mango f\u00fcr intensiven Genuss EINWEG E-ZIGARETTEN"}]},{"@type":"WebSite","@id":"https:\/\/www.elementvape.de\/#website","url":"https:\/\/www.elementvape.de\/","name":"ElementVape.de","description":"","publisher":{"@id":"https:\/\/www.elementvape.de\/#organization"},"potentialAction":[{"@type":"SearchAction","target":{"@type":"EntryPoint","urlTemplate":"https:\/\/www.elementvape.de\/?s={search_term_string}"},"query-input":"required name=search_term_string"}],"inLanguage":"fi"},{"@type":"Organization","@id":"https:\/\/www.elementvape.de\/#organization","name":"ElementVape.DE","url":"https:\/\/www.elementvape.de\/","logo":{"@type":"ImageObject","inLanguage":"fi","@id":"https:\/\/www.elementvape.de\/#\/schema\/logo\/image\/","url":"https:\/\/www.elementvape.de\/wp-content\/uploads\/2024\/09\/cropped-1elementvape-3.png","contentUrl":"https:\/\/www.elementvape.de\/wp-content\/uploads\/2024\/09\/cropped-1elementvape-3.png","width":285,"height":228,"caption":"ElementVape.DE"},"image":{"@id":"https:\/\/www.elementvape.de\/#\/schema\/logo\/image\/"}}]}},"_links":{"self":[{"href":"https:\/\/www.elementvape.de\/fi\/wp-json\/wp\/v2\/product\/14336"}],"collection":[{"href":"https:\/\/www.elementvape.de\/fi\/wp-json\/wp\/v2\/product"}],"about":[{"href":"https:\/\/www.elementvape.de\/fi\/wp-json\/wp\/v2\/types\/product"}],"wp:featuredmedia":[{"embeddable":true,"href":"https:\/\/www.elementvape.de\/fi\/wp-json\/wp\/v2\/media\/14338"}],"wp:attachment":[{"href":"https:\/\/www.elementvape.de\/fi\/wp-json\/wp\/v2\/media?parent=14336"}],"wp:term":[{"taxonomy":"product_cat","embeddable":true,"href":"https:\/\/www.elementvape.de\/fi\/wp-json\/wp\/v2\/product_cat?post=14336"},{"taxonomy":"product_tag","embeddable":true,"href":"https:\/\/www.elementvape.de\/fi\/wp-json\/wp\/v2\/product_tag?post=14336"}],"curies":[{"name":"wp","href":"https:\/\/api.w.org\/{rel}","templated":true}]}}